{"id":1753,"date":"2024-06-28T15:55:05","date_gmt":"2024-06-28T13:55:05","guid":{"rendered":"https:\/\/orthopara.store\/?post_type=product&#038;p=1753"},"modified":"2024-11-07T09:39:05","modified_gmt":"2024-11-07T08:39:05","slug":"brosse-a-dent-gencives-sensibles-gum-sensivital-mauve-509","status":"publish","type":"product","link":"https:\/\/orthopara.store\/?product=brosse-a-dent-gencives-sensibles-gum-sensivital-mauve-509","title":{"rendered":"Brosse \u00e0 dent gencives sensibles &#8211; GUM Sensivital &#8211; mauve 509"},"content":{"rendered":"<p>Brosse \u00e0 dent gencives sensibles &#8211; GUM Sensivital &#8211; mauve 509<br \/>\nGUM Brosse \u00e0 Dents SensiVital 509\u00a0 poss\u00e8de des brins ultrafins sp\u00e9cialement con\u00e7us sur 2 niveaux (Brins plus courts 15\/100 \u00e8mes et Brins plus longs effil\u00e9s et coniques 3,5\/100 \u00e8mes \u00e0 l&rsquo;extr\u00e9mit\u00e9) pour une \u00e9limination en douceur de la plaque, un brossage complet et une sensation de dents lisses.<br \/>\nConseils d&rsquo;utilisation :\u00a0<br \/>\nPlacer la brosse \u00e0 dents le long de la gencive de fa\u00e7on \u00e0 former un angle de 45\u00b0. Les brins s&rsquo;ins\u00e9reront dans le sillon gingivo-dentaire et pourront r\u00e9colter la plaque qui s&rsquo;y est form\u00e9e.<br \/>\nBrosser doucement la face externe d&rsquo;un groupe de 2 ou 3 dents en effectuant un mouvement rotatif allant des gencives vers les dents. R\u00e9p\u00e9ter ce mouvement sur le groupe suivant de 2 ou 3 dents et ainsi de suite pour toutes les dents des arcades.<\/p>\n","protected":false},"excerpt":{"rendered":"<p>GUM Sensivital<br \/>\nBrosse \u00e0 dent gencives sensibles\u00a0<br \/>\nManche ergonomique, antid\u00e9rapant avec but\u00e9e de pr\u00e9hension.<br \/>\nParticuli\u00e8rement recommand\u00e9 en cas de gencives sensibles.<br \/>\nTexture ultrasouple.<\/p>\n<p>Couleur : Mauve\u00a0<\/p>\n","protected":false},"featured_media":1778,"comment_status":"open","ping_status":"closed","template":"","meta":[],"pwb-brand":[181],"product_cat":[207],"product_tag":[],"class_list":{"0":"post-1753","1":"product","2":"type-product","3":"status-publish","4":"has-post-thumbnail","6":"pwb-brand-gum","7":"product_cat-brosses-a-dents","8":"post","9":"ws-product--style-1","11":"first","12":"instock","13":"shipping-taxable","14":"purchasable","15":"product-type-simple"},"yoast_head":"<!-- This site is optimized with the Yoast SEO plugin v23.0 - https:\/\/yoast.com\/wordpress\/plugins\/seo\/ -->\n<title>Brosse \u00e0 dent gencives sensibles - GUM Sensivital - mauve 509 - OrthoPara<\/title>\n<meta name=\"robots\" content=\"index, follow, max-snippet:-1, max-image-preview:large, max-video-preview:-1\" \/>\n<link rel=\"canonical\" href=\"https:\/\/orthopara.store\/index.php\/produit\/brosse-a-dent-gencives-sensibles-gum-sensivital-mauve-509\/\" \/>\n<meta property=\"og:locale\" content=\"fr_FR\" \/>\n<meta property=\"og:type\" content=\"article\" \/>\n<meta property=\"og:title\" content=\"Brosse \u00e0 dent gencives sensibles - GUM Sensivital - mauve 509 - OrthoPara\" \/>\n<meta property=\"og:description\" content=\"GUM Sensivital Brosse \u00e0 dent gencives sensibles\u00a0 Manche ergonomique, antid\u00e9rapant avec but\u00e9e de pr\u00e9hension. Particuli\u00e8rement recommand\u00e9 en cas de gencives sensibles. Texture ultrasouple. Couleur : Mauve\u00a0\" \/>\n<meta property=\"og:url\" content=\"https:\/\/orthopara.store\/index.php\/produit\/brosse-a-dent-gencives-sensibles-gum-sensivital-mauve-509\/\" \/>\n<meta property=\"og:site_name\" content=\"OrthoPara\" \/>\n<meta property=\"article:publisher\" content=\"https:\/\/www.facebook.com\/profile.php?id=61561194315651\" \/>\n<meta property=\"article:modified_time\" content=\"2024-11-07T08:39:05+00:00\" \/>\n<meta property=\"og:image\" content=\"https:\/\/orthopara.store\/wp-content\/uploads\/2024\/06\/brosse-a-dent-gencives-sensibles-gum-sensivital-mauve-509.jpg\" \/>\n\t<meta property=\"og:image:width\" content=\"800\" \/>\n\t<meta property=\"og:image:height\" content=\"800\" \/>\n\t<meta property=\"og:image:type\" content=\"image\/jpeg\" \/>\n<meta name=\"twitter:card\" content=\"summary_large_image\" \/>\n<meta name=\"twitter:label1\" content=\"Dur\u00e9e de lecture estim\u00e9e\" \/>\n\t<meta name=\"twitter:data1\" content=\"1 minute\" \/>\n<script type=\"application\/ld+json\" class=\"yoast-schema-graph\">{\"@context\":\"https:\/\/schema.org\",\"@graph\":[{\"@type\":\"WebPage\",\"@id\":\"https:\/\/orthopara.store\/index.php\/produit\/brosse-a-dent-gencives-sensibles-gum-sensivital-mauve-509\/\",\"url\":\"https:\/\/orthopara.store\/index.php\/produit\/brosse-a-dent-gencives-sensibles-gum-sensivital-mauve-509\/\",\"name\":\"Brosse \u00e0 dent gencives sensibles - GUM Sensivital - mauve 509 - OrthoPara\",\"isPartOf\":{\"@id\":\"https:\/\/orthopara.store\/#website\"},\"primaryImageOfPage\":{\"@id\":\"https:\/\/orthopara.store\/index.php\/produit\/brosse-a-dent-gencives-sensibles-gum-sensivital-mauve-509\/#primaryimage\"},\"image\":{\"@id\":\"https:\/\/orthopara.store\/index.php\/produit\/brosse-a-dent-gencives-sensibles-gum-sensivital-mauve-509\/#primaryimage\"},\"thumbnailUrl\":\"https:\/\/orthopara.store\/wp-content\/uploads\/2024\/06\/brosse-a-dent-gencives-sensibles-gum-sensivital-mauve-509.jpg\",\"datePublished\":\"2024-06-28T13:55:05+00:00\",\"dateModified\":\"2024-11-07T08:39:05+00:00\",\"breadcrumb\":{\"@id\":\"https:\/\/orthopara.store\/index.php\/produit\/brosse-a-dent-gencives-sensibles-gum-sensivital-mauve-509\/#breadcrumb\"},\"inLanguage\":\"fr-FR\",\"potentialAction\":[{\"@type\":\"ReadAction\",\"target\":[\"https:\/\/orthopara.store\/index.php\/produit\/brosse-a-dent-gencives-sensibles-gum-sensivital-mauve-509\/\"]}]},{\"@type\":\"ImageObject\",\"inLanguage\":\"fr-FR\",\"@id\":\"https:\/\/orthopara.store\/index.php\/produit\/brosse-a-dent-gencives-sensibles-gum-sensivital-mauve-509\/#primaryimage\",\"url\":\"https:\/\/orthopara.store\/wp-content\/uploads\/2024\/06\/brosse-a-dent-gencives-sensibles-gum-sensivital-mauve-509.jpg\",\"contentUrl\":\"https:\/\/orthopara.store\/wp-content\/uploads\/2024\/06\/brosse-a-dent-gencives-sensibles-gum-sensivital-mauve-509.jpg\",\"width\":800,\"height\":800},{\"@type\":\"BreadcrumbList\",\"@id\":\"https:\/\/orthopara.store\/index.php\/produit\/brosse-a-dent-gencives-sensibles-gum-sensivital-mauve-509\/#breadcrumb\",\"itemListElement\":[{\"@type\":\"ListItem\",\"position\":1,\"name\":\"Accueil\",\"item\":\"https:\/\/orthopara.store\/\"},{\"@type\":\"ListItem\",\"position\":2,\"name\":\"Shop\",\"item\":\"https:\/\/orthopara.store\/?page_id=622\"},{\"@type\":\"ListItem\",\"position\":3,\"name\":\"Brosse \u00e0 dent gencives sensibles &#8211; GUM Sensivital &#8211; mauve 509\"}]},{\"@type\":\"WebSite\",\"@id\":\"https:\/\/orthopara.store\/#website\",\"url\":\"https:\/\/orthopara.store\/\",\"name\":\"OrthoPara\",\"description\":\"Parapharmacie\",\"publisher\":{\"@id\":\"https:\/\/orthopara.store\/#organization\"},\"potentialAction\":[{\"@type\":\"SearchAction\",\"target\":{\"@type\":\"EntryPoint\",\"urlTemplate\":\"https:\/\/orthopara.store\/?s={search_term_string}\"},\"query-input\":\"required name=search_term_string\"}],\"inLanguage\":\"fr-FR\"},{\"@type\":\"Organization\",\"@id\":\"https:\/\/orthopara.store\/#organization\",\"name\":\"OrthoPara\",\"url\":\"https:\/\/orthopara.store\/\",\"logo\":{\"@type\":\"ImageObject\",\"inLanguage\":\"fr-FR\",\"@id\":\"https:\/\/orthopara.store\/#\/schema\/logo\/image\/\",\"url\":\"https:\/\/orthopara.store\/wp-content\/uploads\/2024\/06\/cropped-9ABA8BAD-6256-4719-9315-15C66E64E882.png\",\"contentUrl\":\"https:\/\/orthopara.store\/wp-content\/uploads\/2024\/06\/cropped-9ABA8BAD-6256-4719-9315-15C66E64E882.png\",\"width\":240,\"height\":72,\"caption\":\"OrthoPara\"},\"image\":{\"@id\":\"https:\/\/orthopara.store\/#\/schema\/logo\/image\/\"},\"sameAs\":[\"https:\/\/www.facebook.com\/profile.php?id=61561194315651\",\"https:\/\/www.instagram.com\/orthopara_tunisie\/\"]}]}<\/script>\n<!-- \/ Yoast SEO plugin. -->","yoast_head_json":{"title":"Brosse \u00e0 dent gencives sensibles - GUM Sensivital - mauve 509 - OrthoPara","robots":{"index":"index","follow":"follow","max-snippet":"max-snippet:-1","max-image-preview":"max-image-preview:large","max-video-preview":"max-video-preview:-1"},"canonical":"https:\/\/orthopara.store\/index.php\/produit\/brosse-a-dent-gencives-sensibles-gum-sensivital-mauve-509\/","og_locale":"fr_FR","og_type":"article","og_title":"Brosse \u00e0 dent gencives sensibles - GUM Sensivital - mauve 509 - OrthoPara","og_description":"GUM Sensivital Brosse \u00e0 dent gencives sensibles\u00a0 Manche ergonomique, antid\u00e9rapant avec but\u00e9e de pr\u00e9hension. Particuli\u00e8rement recommand\u00e9 en cas de gencives sensibles. Texture ultrasouple. Couleur : Mauve\u00a0","og_url":"https:\/\/orthopara.store\/index.php\/produit\/brosse-a-dent-gencives-sensibles-gum-sensivital-mauve-509\/","og_site_name":"OrthoPara","article_publisher":"https:\/\/www.facebook.com\/profile.php?id=61561194315651","article_modified_time":"2024-11-07T08:39:05+00:00","og_image":[{"width":800,"height":800,"url":"https:\/\/orthopara.store\/wp-content\/uploads\/2024\/06\/brosse-a-dent-gencives-sensibles-gum-sensivital-mauve-509.jpg","type":"image\/jpeg"}],"twitter_card":"summary_large_image","twitter_misc":{"Dur\u00e9e de lecture estim\u00e9e":"1 minute"},"schema":{"@context":"https:\/\/schema.org","@graph":[{"@type":"WebPage","@id":"https:\/\/orthopara.store\/index.php\/produit\/brosse-a-dent-gencives-sensibles-gum-sensivital-mauve-509\/","url":"https:\/\/orthopara.store\/index.php\/produit\/brosse-a-dent-gencives-sensibles-gum-sensivital-mauve-509\/","name":"Brosse \u00e0 dent gencives sensibles - GUM Sensivital - mauve 509 - OrthoPara","isPartOf":{"@id":"https:\/\/orthopara.store\/#website"},"primaryImageOfPage":{"@id":"https:\/\/orthopara.store\/index.php\/produit\/brosse-a-dent-gencives-sensibles-gum-sensivital-mauve-509\/#primaryimage"},"image":{"@id":"https:\/\/orthopara.store\/index.php\/produit\/brosse-a-dent-gencives-sensibles-gum-sensivital-mauve-509\/#primaryimage"},"thumbnailUrl":"https:\/\/orthopara.store\/wp-content\/uploads\/2024\/06\/brosse-a-dent-gencives-sensibles-gum-sensivital-mauve-509.jpg","datePublished":"2024-06-28T13:55:05+00:00","dateModified":"2024-11-07T08:39:05+00:00","breadcrumb":{"@id":"https:\/\/orthopara.store\/index.php\/produit\/brosse-a-dent-gencives-sensibles-gum-sensivital-mauve-509\/#breadcrumb"},"inLanguage":"fr-FR","potentialAction":[{"@type":"ReadAction","target":["https:\/\/orthopara.store\/index.php\/produit\/brosse-a-dent-gencives-sensibles-gum-sensivital-mauve-509\/"]}]},{"@type":"ImageObject","inLanguage":"fr-FR","@id":"https:\/\/orthopara.store\/index.php\/produit\/brosse-a-dent-gencives-sensibles-gum-sensivital-mauve-509\/#primaryimage","url":"https:\/\/orthopara.store\/wp-content\/uploads\/2024\/06\/brosse-a-dent-gencives-sensibles-gum-sensivital-mauve-509.jpg","contentUrl":"https:\/\/orthopara.store\/wp-content\/uploads\/2024\/06\/brosse-a-dent-gencives-sensibles-gum-sensivital-mauve-509.jpg","width":800,"height":800},{"@type":"BreadcrumbList","@id":"https:\/\/orthopara.store\/index.php\/produit\/brosse-a-dent-gencives-sensibles-gum-sensivital-mauve-509\/#breadcrumb","itemListElement":[{"@type":"ListItem","position":1,"name":"Accueil","item":"https:\/\/orthopara.store\/"},{"@type":"ListItem","position":2,"name":"Shop","item":"https:\/\/orthopara.store\/?page_id=622"},{"@type":"ListItem","position":3,"name":"Brosse \u00e0 dent gencives sensibles &#8211; GUM Sensivital &#8211; mauve 509"}]},{"@type":"WebSite","@id":"https:\/\/orthopara.store\/#website","url":"https:\/\/orthopara.store\/","name":"OrthoPara","description":"Parapharmacie","publisher":{"@id":"https:\/\/orthopara.store\/#organization"},"potentialAction":[{"@type":"SearchAction","target":{"@type":"EntryPoint","urlTemplate":"https:\/\/orthopara.store\/?s={search_term_string}"},"query-input":"required name=search_term_string"}],"inLanguage":"fr-FR"},{"@type":"Organization","@id":"https:\/\/orthopara.store\/#organization","name":"OrthoPara","url":"https:\/\/orthopara.store\/","logo":{"@type":"ImageObject","inLanguage":"fr-FR","@id":"https:\/\/orthopara.store\/#\/schema\/logo\/image\/","url":"https:\/\/orthopara.store\/wp-content\/uploads\/2024\/06\/cropped-9ABA8BAD-6256-4719-9315-15C66E64E882.png","contentUrl":"https:\/\/orthopara.store\/wp-content\/uploads\/2024\/06\/cropped-9ABA8BAD-6256-4719-9315-15C66E64E882.png","width":240,"height":72,"caption":"OrthoPara"},"image":{"@id":"https:\/\/orthopara.store\/#\/schema\/logo\/image\/"},"sameAs":["https:\/\/www.facebook.com\/profile.php?id=61561194315651","https:\/\/www.instagram.com\/orthopara_tunisie\/"]}]}},"jetpack_sharing_enabled":true,"brands":[{"id":181,"name":"GUM","slug":"gum"}],"_links":{"self":[{"href":"https:\/\/orthopara.store\/index.php?rest_route=\/wp\/v2\/product\/1753","targetHints":{"allow":["GET"]}}],"collection":[{"href":"https:\/\/orthopara.store\/index.php?rest_route=\/wp\/v2\/product"}],"about":[{"href":"https:\/\/orthopara.store\/index.php?rest_route=\/wp\/v2\/types\/product"}],"replies":[{"embeddable":true,"href":"https:\/\/orthopara.store\/index.php?rest_route=%2Fwp%2Fv2%2Fcomments&post=1753"}],"wp:featuredmedia":[{"embeddable":true,"href":"https:\/\/orthopara.store\/index.php?rest_route=\/wp\/v2\/media\/1778"}],"wp:attachment":[{"href":"https:\/\/orthopara.store\/index.php?rest_route=%2Fwp%2Fv2%2Fmedia&parent=1753"}],"wp:term":[{"taxonomy":"pwb-brand","embeddable":true,"href":"https:\/\/orthopara.store\/index.php?rest_route=%2Fwp%2Fv2%2Fpwb-brand&post=1753"},{"taxonomy":"product_cat","embeddable":true,"href":"https:\/\/orthopara.store\/index.php?rest_route=%2Fwp%2Fv2%2Fproduct_cat&post=1753"},{"taxonomy":"product_tag","embeddable":true,"href":"https:\/\/orthopara.store\/index.php?rest_route=%2Fwp%2Fv2%2Fproduct_tag&post=1753"}],"curies":[{"name":"wp","href":"https:\/\/api.w.org\/{rel}","templated":true}]}}