{"id":1754,"date":"2024-06-28T15:55:05","date_gmt":"2024-06-28T13:55:05","guid":{"rendered":"https:\/\/orthopara.store\/?post_type=product&#038;p=1754"},"modified":"2024-11-07T09:44:38","modified_gmt":"2024-11-07T08:44:38","slug":"brosse-a-dents-junior-silca-extra-souple-oranger","status":"publish","type":"product","link":"https:\/\/orthopara.store\/?product=brosse-a-dents-junior-silca-extra-souple-oranger","title":{"rendered":"Brosse \u00e0 dents junior &#8211; Silca &#8211; extra souple &#8211; oranger"},"content":{"rendered":"<p>Silca brosse \u00e0 dents extra souple a \u00e9t\u00e9 sp\u00e9cialement adapt\u00e9e aux gencives sensibles de l&rsquo;enfant.<\/p>\n<p>Caract\u00e9ristiques :<br \/>\nT\u00eate petite en caoutchouc pour prot\u00e9ger les dents et les gencives.<br \/>\nFilament \u00e0 pointes arrondies.<br \/>\nManche ergonomique pour faciliter la prise en main de l&rsquo;enfant.<br \/>\nAvec capuchon protecteur.<br \/>\nDesign amusant et color\u00e9 pour encourager l&rsquo;enfant \u00e0 brosser ses dent r\u00e9guli\u00e8rement.<\/p>\n<p>Conseils d\u2019utilisation :<br \/>\nIl est recommand\u00e9 de se brosser les dents deux fois par jour, et de ne pas d\u00e9passer trois brossages. Il est aussi recommand\u00e9 de changer de brosse \u00e0 dents tous les 3 mois.<\/p>\n","protected":false},"excerpt":{"rendered":"<p>Brosse \u00e0 dents pour enfants<br \/>\nManche ergonomique pour faciliter la prise en main de l&rsquo;enfant.<br \/>\nAvec capuchon protecteur<br \/>\nExtra souple<br \/>\nCouleur : oranger<\/p>\n","protected":false},"featured_media":1779,"comment_status":"open","ping_status":"closed","template":"","meta":[],"pwb-brand":[210],"product_cat":[211],"product_tag":[],"class_list":{"0":"post-1754","1":"product","2":"type-product","3":"status-publish","4":"has-post-thumbnail","6":"pwb-brand-silca","7":"product_cat-brosses-a-dents-enfants","8":"post","9":"ws-product--style-1","11":"first","12":"instock","13":"shipping-taxable","14":"purchasable","15":"product-type-simple"},"yoast_head":"<!-- This site is optimized with the Yoast SEO plugin v23.0 - https:\/\/yoast.com\/wordpress\/plugins\/seo\/ -->\n<title>Brosse \u00e0 dents junior - Silca - extra souple - oranger - OrthoPara<\/title>\n<meta name=\"robots\" content=\"index, follow, max-snippet:-1, max-image-preview:large, max-video-preview:-1\" \/>\n<link rel=\"canonical\" href=\"https:\/\/orthopara.store\/index.php\/produit\/brosse-a-dents-junior-silca-extra-souple-oranger\/\" \/>\n<meta property=\"og:locale\" content=\"fr_FR\" \/>\n<meta property=\"og:type\" content=\"article\" \/>\n<meta property=\"og:title\" content=\"Brosse \u00e0 dents junior - Silca - extra souple - oranger - OrthoPara\" \/>\n<meta property=\"og:description\" content=\"Brosse \u00e0 dents pour enfants Manche ergonomique pour faciliter la prise en main de l&#039;enfant. Avec capuchon protecteur Extra souple Couleur : oranger\" \/>\n<meta property=\"og:url\" content=\"https:\/\/orthopara.store\/index.php\/produit\/brosse-a-dents-junior-silca-extra-souple-oranger\/\" \/>\n<meta property=\"og:site_name\" content=\"OrthoPara\" \/>\n<meta property=\"article:publisher\" content=\"https:\/\/www.facebook.com\/profile.php?id=61561194315651\" \/>\n<meta property=\"article:modified_time\" content=\"2024-11-07T08:44:38+00:00\" \/>\n<meta property=\"og:image\" content=\"https:\/\/orthopara.store\/wp-content\/uploads\/2024\/06\/brosse-a-dents-junior-silca-extra-souple-oranger.jpg\" \/>\n\t<meta property=\"og:image:width\" content=\"800\" \/>\n\t<meta property=\"og:image:height\" content=\"800\" \/>\n\t<meta property=\"og:image:type\" content=\"image\/jpeg\" \/>\n<meta name=\"twitter:card\" content=\"summary_large_image\" \/>\n<script type=\"application\/ld+json\" class=\"yoast-schema-graph\">{\"@context\":\"https:\/\/schema.org\",\"@graph\":[{\"@type\":\"WebPage\",\"@id\":\"https:\/\/orthopara.store\/index.php\/produit\/brosse-a-dents-junior-silca-extra-souple-oranger\/\",\"url\":\"https:\/\/orthopara.store\/index.php\/produit\/brosse-a-dents-junior-silca-extra-souple-oranger\/\",\"name\":\"Brosse \u00e0 dents junior - Silca - extra souple - oranger - OrthoPara\",\"isPartOf\":{\"@id\":\"https:\/\/orthopara.store\/#website\"},\"primaryImageOfPage\":{\"@id\":\"https:\/\/orthopara.store\/index.php\/produit\/brosse-a-dents-junior-silca-extra-souple-oranger\/#primaryimage\"},\"image\":{\"@id\":\"https:\/\/orthopara.store\/index.php\/produit\/brosse-a-dents-junior-silca-extra-souple-oranger\/#primaryimage\"},\"thumbnailUrl\":\"https:\/\/orthopara.store\/wp-content\/uploads\/2024\/06\/brosse-a-dents-junior-silca-extra-souple-oranger.jpg\",\"datePublished\":\"2024-06-28T13:55:05+00:00\",\"dateModified\":\"2024-11-07T08:44:38+00:00\",\"breadcrumb\":{\"@id\":\"https:\/\/orthopara.store\/index.php\/produit\/brosse-a-dents-junior-silca-extra-souple-oranger\/#breadcrumb\"},\"inLanguage\":\"fr-FR\",\"potentialAction\":[{\"@type\":\"ReadAction\",\"target\":[\"https:\/\/orthopara.store\/index.php\/produit\/brosse-a-dents-junior-silca-extra-souple-oranger\/\"]}]},{\"@type\":\"ImageObject\",\"inLanguage\":\"fr-FR\",\"@id\":\"https:\/\/orthopara.store\/index.php\/produit\/brosse-a-dents-junior-silca-extra-souple-oranger\/#primaryimage\",\"url\":\"https:\/\/orthopara.store\/wp-content\/uploads\/2024\/06\/brosse-a-dents-junior-silca-extra-souple-oranger.jpg\",\"contentUrl\":\"https:\/\/orthopara.store\/wp-content\/uploads\/2024\/06\/brosse-a-dents-junior-silca-extra-souple-oranger.jpg\",\"width\":800,\"height\":800},{\"@type\":\"BreadcrumbList\",\"@id\":\"https:\/\/orthopara.store\/index.php\/produit\/brosse-a-dents-junior-silca-extra-souple-oranger\/#breadcrumb\",\"itemListElement\":[{\"@type\":\"ListItem\",\"position\":1,\"name\":\"Accueil\",\"item\":\"https:\/\/orthopara.store\/\"},{\"@type\":\"ListItem\",\"position\":2,\"name\":\"Shop\",\"item\":\"https:\/\/orthopara.store\/?page_id=622\"},{\"@type\":\"ListItem\",\"position\":3,\"name\":\"Brosse \u00e0 dents junior &#8211; Silca &#8211; extra souple &#8211; oranger\"}]},{\"@type\":\"WebSite\",\"@id\":\"https:\/\/orthopara.store\/#website\",\"url\":\"https:\/\/orthopara.store\/\",\"name\":\"OrthoPara\",\"description\":\"Parapharmacie\",\"publisher\":{\"@id\":\"https:\/\/orthopara.store\/#organization\"},\"potentialAction\":[{\"@type\":\"SearchAction\",\"target\":{\"@type\":\"EntryPoint\",\"urlTemplate\":\"https:\/\/orthopara.store\/?s={search_term_string}\"},\"query-input\":\"required name=search_term_string\"}],\"inLanguage\":\"fr-FR\"},{\"@type\":\"Organization\",\"@id\":\"https:\/\/orthopara.store\/#organization\",\"name\":\"OrthoPara\",\"url\":\"https:\/\/orthopara.store\/\",\"logo\":{\"@type\":\"ImageObject\",\"inLanguage\":\"fr-FR\",\"@id\":\"https:\/\/orthopara.store\/#\/schema\/logo\/image\/\",\"url\":\"https:\/\/orthopara.store\/wp-content\/uploads\/2024\/06\/cropped-9ABA8BAD-6256-4719-9315-15C66E64E882.png\",\"contentUrl\":\"https:\/\/orthopara.store\/wp-content\/uploads\/2024\/06\/cropped-9ABA8BAD-6256-4719-9315-15C66E64E882.png\",\"width\":240,\"height\":72,\"caption\":\"OrthoPara\"},\"image\":{\"@id\":\"https:\/\/orthopara.store\/#\/schema\/logo\/image\/\"},\"sameAs\":[\"https:\/\/www.facebook.com\/profile.php?id=61561194315651\",\"https:\/\/www.instagram.com\/orthopara_tunisie\/\"]}]}<\/script>\n<!-- \/ Yoast SEO plugin. -->","yoast_head_json":{"title":"Brosse \u00e0 dents junior - Silca - extra souple - oranger - OrthoPara","robots":{"index":"index","follow":"follow","max-snippet":"max-snippet:-1","max-image-preview":"max-image-preview:large","max-video-preview":"max-video-preview:-1"},"canonical":"https:\/\/orthopara.store\/index.php\/produit\/brosse-a-dents-junior-silca-extra-souple-oranger\/","og_locale":"fr_FR","og_type":"article","og_title":"Brosse \u00e0 dents junior - Silca - extra souple - oranger - OrthoPara","og_description":"Brosse \u00e0 dents pour enfants Manche ergonomique pour faciliter la prise en main de l'enfant. Avec capuchon protecteur Extra souple Couleur : oranger","og_url":"https:\/\/orthopara.store\/index.php\/produit\/brosse-a-dents-junior-silca-extra-souple-oranger\/","og_site_name":"OrthoPara","article_publisher":"https:\/\/www.facebook.com\/profile.php?id=61561194315651","article_modified_time":"2024-11-07T08:44:38+00:00","og_image":[{"width":800,"height":800,"url":"https:\/\/orthopara.store\/wp-content\/uploads\/2024\/06\/brosse-a-dents-junior-silca-extra-souple-oranger.jpg","type":"image\/jpeg"}],"twitter_card":"summary_large_image","schema":{"@context":"https:\/\/schema.org","@graph":[{"@type":"WebPage","@id":"https:\/\/orthopara.store\/index.php\/produit\/brosse-a-dents-junior-silca-extra-souple-oranger\/","url":"https:\/\/orthopara.store\/index.php\/produit\/brosse-a-dents-junior-silca-extra-souple-oranger\/","name":"Brosse \u00e0 dents junior - Silca - extra souple - oranger - OrthoPara","isPartOf":{"@id":"https:\/\/orthopara.store\/#website"},"primaryImageOfPage":{"@id":"https:\/\/orthopara.store\/index.php\/produit\/brosse-a-dents-junior-silca-extra-souple-oranger\/#primaryimage"},"image":{"@id":"https:\/\/orthopara.store\/index.php\/produit\/brosse-a-dents-junior-silca-extra-souple-oranger\/#primaryimage"},"thumbnailUrl":"https:\/\/orthopara.store\/wp-content\/uploads\/2024\/06\/brosse-a-dents-junior-silca-extra-souple-oranger.jpg","datePublished":"2024-06-28T13:55:05+00:00","dateModified":"2024-11-07T08:44:38+00:00","breadcrumb":{"@id":"https:\/\/orthopara.store\/index.php\/produit\/brosse-a-dents-junior-silca-extra-souple-oranger\/#breadcrumb"},"inLanguage":"fr-FR","potentialAction":[{"@type":"ReadAction","target":["https:\/\/orthopara.store\/index.php\/produit\/brosse-a-dents-junior-silca-extra-souple-oranger\/"]}]},{"@type":"ImageObject","inLanguage":"fr-FR","@id":"https:\/\/orthopara.store\/index.php\/produit\/brosse-a-dents-junior-silca-extra-souple-oranger\/#primaryimage","url":"https:\/\/orthopara.store\/wp-content\/uploads\/2024\/06\/brosse-a-dents-junior-silca-extra-souple-oranger.jpg","contentUrl":"https:\/\/orthopara.store\/wp-content\/uploads\/2024\/06\/brosse-a-dents-junior-silca-extra-souple-oranger.jpg","width":800,"height":800},{"@type":"BreadcrumbList","@id":"https:\/\/orthopara.store\/index.php\/produit\/brosse-a-dents-junior-silca-extra-souple-oranger\/#breadcrumb","itemListElement":[{"@type":"ListItem","position":1,"name":"Accueil","item":"https:\/\/orthopara.store\/"},{"@type":"ListItem","position":2,"name":"Shop","item":"https:\/\/orthopara.store\/?page_id=622"},{"@type":"ListItem","position":3,"name":"Brosse \u00e0 dents junior &#8211; Silca &#8211; extra souple &#8211; oranger"}]},{"@type":"WebSite","@id":"https:\/\/orthopara.store\/#website","url":"https:\/\/orthopara.store\/","name":"OrthoPara","description":"Parapharmacie","publisher":{"@id":"https:\/\/orthopara.store\/#organization"},"potentialAction":[{"@type":"SearchAction","target":{"@type":"EntryPoint","urlTemplate":"https:\/\/orthopara.store\/?s={search_term_string}"},"query-input":"required name=search_term_string"}],"inLanguage":"fr-FR"},{"@type":"Organization","@id":"https:\/\/orthopara.store\/#organization","name":"OrthoPara","url":"https:\/\/orthopara.store\/","logo":{"@type":"ImageObject","inLanguage":"fr-FR","@id":"https:\/\/orthopara.store\/#\/schema\/logo\/image\/","url":"https:\/\/orthopara.store\/wp-content\/uploads\/2024\/06\/cropped-9ABA8BAD-6256-4719-9315-15C66E64E882.png","contentUrl":"https:\/\/orthopara.store\/wp-content\/uploads\/2024\/06\/cropped-9ABA8BAD-6256-4719-9315-15C66E64E882.png","width":240,"height":72,"caption":"OrthoPara"},"image":{"@id":"https:\/\/orthopara.store\/#\/schema\/logo\/image\/"},"sameAs":["https:\/\/www.facebook.com\/profile.php?id=61561194315651","https:\/\/www.instagram.com\/orthopara_tunisie\/"]}]}},"jetpack_sharing_enabled":true,"brands":[{"id":210,"name":"Silca","slug":"silca"}],"_links":{"self":[{"href":"https:\/\/orthopara.store\/index.php?rest_route=\/wp\/v2\/product\/1754","targetHints":{"allow":["GET"]}}],"collection":[{"href":"https:\/\/orthopara.store\/index.php?rest_route=\/wp\/v2\/product"}],"about":[{"href":"https:\/\/orthopara.store\/index.php?rest_route=\/wp\/v2\/types\/product"}],"replies":[{"embeddable":true,"href":"https:\/\/orthopara.store\/index.php?rest_route=%2Fwp%2Fv2%2Fcomments&post=1754"}],"wp:featuredmedia":[{"embeddable":true,"href":"https:\/\/orthopara.store\/index.php?rest_route=\/wp\/v2\/media\/1779"}],"wp:attachment":[{"href":"https:\/\/orthopara.store\/index.php?rest_route=%2Fwp%2Fv2%2Fmedia&parent=1754"}],"wp:term":[{"taxonomy":"pwb-brand","embeddable":true,"href":"https:\/\/orthopara.store\/index.php?rest_route=%2Fwp%2Fv2%2Fpwb-brand&post=1754"},{"taxonomy":"product_cat","embeddable":true,"href":"https:\/\/orthopara.store\/index.php?rest_route=%2Fwp%2Fv2%2Fproduct_cat&post=1754"},{"taxonomy":"product_tag","embeddable":true,"href":"https:\/\/orthopara.store\/index.php?rest_route=%2Fwp%2Fv2%2Fproduct_tag&post=1754"}],"curies":[{"name":"wp","href":"https:\/\/api.w.org\/{rel}","templated":true}]}}