{"id":1759,"date":"2024-06-28T15:55:06","date_gmt":"2024-06-28T13:55:06","guid":{"rendered":"https:\/\/orthopara.store\/?post_type=product&#038;p=1759"},"modified":"2024-11-07T09:25:27","modified_gmt":"2024-11-07T08:25:27","slug":"beurer-tb-50-brosse-a-dents-electrique","status":"publish","type":"product","link":"https:\/\/orthopara.store\/?product=beurer-tb-50-brosse-a-dents-electrique","title":{"rendered":"Beurer &#8211; TB 50 Brosse \u00e0 dents \u00e9lectrique"},"content":{"rendered":"<p>Caract\u00e9ristiques :<br \/>\nTechnologie de nettoyage oscillante et puls\u00e9e pour l&rsquo;\u00e9limination de la plaque\u00a0<br \/>\n3 programmes de nettoyage individuels\u00a0<br \/>\nminuteur int\u00e9gr\u00e9 de 2 minutes<br \/>\ncapteur de pression int\u00e9gr\u00e9 pour prot\u00e9ger les dents et les gencives\u00a0<br \/>\nbatterie puissante d&rsquo;une autonomie de 45 jours<br \/>\nEcran LED Magic<br \/>\nVoyant LED de charge<br \/>\nCompris : station de charge inductive, c\u00e2ble de charge USB avec adapteur et t\u00eate de brosse \u00e0 dents Clean\u00a0<br \/>\nCompris : \u00e9tui de voyage\u00a0<br \/>\nGarantie : 3 ans<\/p>\n","protected":false},"excerpt":{"rendered":"<p>Le TB 50 de Beurer ne laisse rien \u00e0 d\u00e9sirer. La brosse \u00e0 dents \u00e9lectrique dispose d&rsquo;un capteur de pression int\u00e9gr\u00e9 pour prot\u00e9ger les dents et les gencives. La puissante batterie a une autonomie allant jusqu&rsquo;\u00e0 45 jours. Une bo\u00eete de voyage et de rangement pratique est \u00e9galement incluse dans la livraison. Pour le meilleur confort en d\u00e9placement.<br \/>\nTest\u00e9 cliniquement<\/p>\n","protected":false},"featured_media":1784,"comment_status":"open","ping_status":"closed","template":"","meta":[],"pwb-brand":[93],"product_cat":[212],"product_tag":[],"class_list":{"0":"post-1759","1":"product","2":"type-product","3":"status-publish","4":"has-post-thumbnail","6":"pwb-brand-beurer","7":"product_cat-brosses-a-dents-electriques","8":"post","9":"ws-product--style-1","11":"first","12":"instock","13":"shipping-taxable","14":"purchasable","15":"product-type-simple"},"yoast_head":"<!-- This site is optimized with the Yoast SEO plugin v23.0 - https:\/\/yoast.com\/wordpress\/plugins\/seo\/ -->\n<title>Beurer - TB 50 Brosse \u00e0 dents \u00e9lectrique - OrthoPara<\/title>\n<meta name=\"robots\" content=\"index, follow, max-snippet:-1, max-image-preview:large, max-video-preview:-1\" \/>\n<link rel=\"canonical\" href=\"https:\/\/orthopara.store\/index.php\/produit\/beurer-tb-50-brosse-a-dents-electrique\/\" \/>\n<meta property=\"og:locale\" content=\"fr_FR\" \/>\n<meta property=\"og:type\" content=\"article\" \/>\n<meta property=\"og:title\" content=\"Beurer - TB 50 Brosse \u00e0 dents \u00e9lectrique - OrthoPara\" \/>\n<meta property=\"og:description\" content=\"Le TB 50 de Beurer ne laisse rien \u00e0 d\u00e9sirer. La brosse \u00e0 dents \u00e9lectrique dispose d&#039;un capteur de pression int\u00e9gr\u00e9 pour prot\u00e9ger les dents et les gencives. La puissante batterie a une autonomie allant jusqu&#039;\u00e0 45 jours. Une bo\u00eete de voyage et de rangement pratique est \u00e9galement incluse dans la livraison. Pour le meilleur confort en d\u00e9placement. Test\u00e9 cliniquement\" \/>\n<meta property=\"og:url\" content=\"https:\/\/orthopara.store\/index.php\/produit\/beurer-tb-50-brosse-a-dents-electrique\/\" \/>\n<meta property=\"og:site_name\" content=\"OrthoPara\" \/>\n<meta property=\"article:publisher\" content=\"https:\/\/www.facebook.com\/profile.php?id=61561194315651\" \/>\n<meta property=\"article:modified_time\" content=\"2024-11-07T08:25:27+00:00\" \/>\n<meta property=\"og:image\" content=\"https:\/\/orthopara.store\/wp-content\/uploads\/2024\/06\/beurer-tb-05-brosse-a-dents-electrique-.jpg\" \/>\n\t<meta property=\"og:image:width\" content=\"800\" \/>\n\t<meta property=\"og:image:height\" content=\"800\" \/>\n\t<meta property=\"og:image:type\" content=\"image\/jpeg\" \/>\n<meta name=\"twitter:card\" content=\"summary_large_image\" \/>\n<script type=\"application\/ld+json\" class=\"yoast-schema-graph\">{\"@context\":\"https:\/\/schema.org\",\"@graph\":[{\"@type\":\"WebPage\",\"@id\":\"https:\/\/orthopara.store\/index.php\/produit\/beurer-tb-50-brosse-a-dents-electrique\/\",\"url\":\"https:\/\/orthopara.store\/index.php\/produit\/beurer-tb-50-brosse-a-dents-electrique\/\",\"name\":\"Beurer - TB 50 Brosse \u00e0 dents \u00e9lectrique - OrthoPara\",\"isPartOf\":{\"@id\":\"https:\/\/orthopara.store\/#website\"},\"primaryImageOfPage\":{\"@id\":\"https:\/\/orthopara.store\/index.php\/produit\/beurer-tb-50-brosse-a-dents-electrique\/#primaryimage\"},\"image\":{\"@id\":\"https:\/\/orthopara.store\/index.php\/produit\/beurer-tb-50-brosse-a-dents-electrique\/#primaryimage\"},\"thumbnailUrl\":\"https:\/\/orthopara.store\/wp-content\/uploads\/2024\/06\/beurer-tb-05-brosse-a-dents-electrique-.jpg\",\"datePublished\":\"2024-06-28T13:55:06+00:00\",\"dateModified\":\"2024-11-07T08:25:27+00:00\",\"breadcrumb\":{\"@id\":\"https:\/\/orthopara.store\/index.php\/produit\/beurer-tb-50-brosse-a-dents-electrique\/#breadcrumb\"},\"inLanguage\":\"fr-FR\",\"potentialAction\":[{\"@type\":\"ReadAction\",\"target\":[\"https:\/\/orthopara.store\/index.php\/produit\/beurer-tb-50-brosse-a-dents-electrique\/\"]}]},{\"@type\":\"ImageObject\",\"inLanguage\":\"fr-FR\",\"@id\":\"https:\/\/orthopara.store\/index.php\/produit\/beurer-tb-50-brosse-a-dents-electrique\/#primaryimage\",\"url\":\"https:\/\/orthopara.store\/wp-content\/uploads\/2024\/06\/beurer-tb-05-brosse-a-dents-electrique-.jpg\",\"contentUrl\":\"https:\/\/orthopara.store\/wp-content\/uploads\/2024\/06\/beurer-tb-05-brosse-a-dents-electrique-.jpg\",\"width\":800,\"height\":800},{\"@type\":\"BreadcrumbList\",\"@id\":\"https:\/\/orthopara.store\/index.php\/produit\/beurer-tb-50-brosse-a-dents-electrique\/#breadcrumb\",\"itemListElement\":[{\"@type\":\"ListItem\",\"position\":1,\"name\":\"Accueil\",\"item\":\"https:\/\/orthopara.store\/\"},{\"@type\":\"ListItem\",\"position\":2,\"name\":\"Shop\",\"item\":\"https:\/\/orthopara.store\/?page_id=622\"},{\"@type\":\"ListItem\",\"position\":3,\"name\":\"Beurer &#8211; TB 50 Brosse \u00e0 dents \u00e9lectrique\"}]},{\"@type\":\"WebSite\",\"@id\":\"https:\/\/orthopara.store\/#website\",\"url\":\"https:\/\/orthopara.store\/\",\"name\":\"OrthoPara\",\"description\":\"Parapharmacie\",\"publisher\":{\"@id\":\"https:\/\/orthopara.store\/#organization\"},\"potentialAction\":[{\"@type\":\"SearchAction\",\"target\":{\"@type\":\"EntryPoint\",\"urlTemplate\":\"https:\/\/orthopara.store\/?s={search_term_string}\"},\"query-input\":\"required name=search_term_string\"}],\"inLanguage\":\"fr-FR\"},{\"@type\":\"Organization\",\"@id\":\"https:\/\/orthopara.store\/#organization\",\"name\":\"OrthoPara\",\"url\":\"https:\/\/orthopara.store\/\",\"logo\":{\"@type\":\"ImageObject\",\"inLanguage\":\"fr-FR\",\"@id\":\"https:\/\/orthopara.store\/#\/schema\/logo\/image\/\",\"url\":\"https:\/\/orthopara.store\/wp-content\/uploads\/2024\/06\/cropped-9ABA8BAD-6256-4719-9315-15C66E64E882.png\",\"contentUrl\":\"https:\/\/orthopara.store\/wp-content\/uploads\/2024\/06\/cropped-9ABA8BAD-6256-4719-9315-15C66E64E882.png\",\"width\":240,\"height\":72,\"caption\":\"OrthoPara\"},\"image\":{\"@id\":\"https:\/\/orthopara.store\/#\/schema\/logo\/image\/\"},\"sameAs\":[\"https:\/\/www.facebook.com\/profile.php?id=61561194315651\",\"https:\/\/www.instagram.com\/orthopara_tunisie\/\"]}]}<\/script>\n<!-- \/ Yoast SEO plugin. -->","yoast_head_json":{"title":"Beurer - TB 50 Brosse \u00e0 dents \u00e9lectrique - OrthoPara","robots":{"index":"index","follow":"follow","max-snippet":"max-snippet:-1","max-image-preview":"max-image-preview:large","max-video-preview":"max-video-preview:-1"},"canonical":"https:\/\/orthopara.store\/index.php\/produit\/beurer-tb-50-brosse-a-dents-electrique\/","og_locale":"fr_FR","og_type":"article","og_title":"Beurer - TB 50 Brosse \u00e0 dents \u00e9lectrique - OrthoPara","og_description":"Le TB 50 de Beurer ne laisse rien \u00e0 d\u00e9sirer. La brosse \u00e0 dents \u00e9lectrique dispose d'un capteur de pression int\u00e9gr\u00e9 pour prot\u00e9ger les dents et les gencives. La puissante batterie a une autonomie allant jusqu'\u00e0 45 jours. Une bo\u00eete de voyage et de rangement pratique est \u00e9galement incluse dans la livraison. Pour le meilleur confort en d\u00e9placement. Test\u00e9 cliniquement","og_url":"https:\/\/orthopara.store\/index.php\/produit\/beurer-tb-50-brosse-a-dents-electrique\/","og_site_name":"OrthoPara","article_publisher":"https:\/\/www.facebook.com\/profile.php?id=61561194315651","article_modified_time":"2024-11-07T08:25:27+00:00","og_image":[{"width":800,"height":800,"url":"https:\/\/orthopara.store\/wp-content\/uploads\/2024\/06\/beurer-tb-05-brosse-a-dents-electrique-.jpg","type":"image\/jpeg"}],"twitter_card":"summary_large_image","schema":{"@context":"https:\/\/schema.org","@graph":[{"@type":"WebPage","@id":"https:\/\/orthopara.store\/index.php\/produit\/beurer-tb-50-brosse-a-dents-electrique\/","url":"https:\/\/orthopara.store\/index.php\/produit\/beurer-tb-50-brosse-a-dents-electrique\/","name":"Beurer - TB 50 Brosse \u00e0 dents \u00e9lectrique - OrthoPara","isPartOf":{"@id":"https:\/\/orthopara.store\/#website"},"primaryImageOfPage":{"@id":"https:\/\/orthopara.store\/index.php\/produit\/beurer-tb-50-brosse-a-dents-electrique\/#primaryimage"},"image":{"@id":"https:\/\/orthopara.store\/index.php\/produit\/beurer-tb-50-brosse-a-dents-electrique\/#primaryimage"},"thumbnailUrl":"https:\/\/orthopara.store\/wp-content\/uploads\/2024\/06\/beurer-tb-05-brosse-a-dents-electrique-.jpg","datePublished":"2024-06-28T13:55:06+00:00","dateModified":"2024-11-07T08:25:27+00:00","breadcrumb":{"@id":"https:\/\/orthopara.store\/index.php\/produit\/beurer-tb-50-brosse-a-dents-electrique\/#breadcrumb"},"inLanguage":"fr-FR","potentialAction":[{"@type":"ReadAction","target":["https:\/\/orthopara.store\/index.php\/produit\/beurer-tb-50-brosse-a-dents-electrique\/"]}]},{"@type":"ImageObject","inLanguage":"fr-FR","@id":"https:\/\/orthopara.store\/index.php\/produit\/beurer-tb-50-brosse-a-dents-electrique\/#primaryimage","url":"https:\/\/orthopara.store\/wp-content\/uploads\/2024\/06\/beurer-tb-05-brosse-a-dents-electrique-.jpg","contentUrl":"https:\/\/orthopara.store\/wp-content\/uploads\/2024\/06\/beurer-tb-05-brosse-a-dents-electrique-.jpg","width":800,"height":800},{"@type":"BreadcrumbList","@id":"https:\/\/orthopara.store\/index.php\/produit\/beurer-tb-50-brosse-a-dents-electrique\/#breadcrumb","itemListElement":[{"@type":"ListItem","position":1,"name":"Accueil","item":"https:\/\/orthopara.store\/"},{"@type":"ListItem","position":2,"name":"Shop","item":"https:\/\/orthopara.store\/?page_id=622"},{"@type":"ListItem","position":3,"name":"Beurer &#8211; TB 50 Brosse \u00e0 dents \u00e9lectrique"}]},{"@type":"WebSite","@id":"https:\/\/orthopara.store\/#website","url":"https:\/\/orthopara.store\/","name":"OrthoPara","description":"Parapharmacie","publisher":{"@id":"https:\/\/orthopara.store\/#organization"},"potentialAction":[{"@type":"SearchAction","target":{"@type":"EntryPoint","urlTemplate":"https:\/\/orthopara.store\/?s={search_term_string}"},"query-input":"required name=search_term_string"}],"inLanguage":"fr-FR"},{"@type":"Organization","@id":"https:\/\/orthopara.store\/#organization","name":"OrthoPara","url":"https:\/\/orthopara.store\/","logo":{"@type":"ImageObject","inLanguage":"fr-FR","@id":"https:\/\/orthopara.store\/#\/schema\/logo\/image\/","url":"https:\/\/orthopara.store\/wp-content\/uploads\/2024\/06\/cropped-9ABA8BAD-6256-4719-9315-15C66E64E882.png","contentUrl":"https:\/\/orthopara.store\/wp-content\/uploads\/2024\/06\/cropped-9ABA8BAD-6256-4719-9315-15C66E64E882.png","width":240,"height":72,"caption":"OrthoPara"},"image":{"@id":"https:\/\/orthopara.store\/#\/schema\/logo\/image\/"},"sameAs":["https:\/\/www.facebook.com\/profile.php?id=61561194315651","https:\/\/www.instagram.com\/orthopara_tunisie\/"]}]}},"jetpack_sharing_enabled":true,"brands":[{"id":93,"name":"Beurer","slug":"beurer"}],"_links":{"self":[{"href":"https:\/\/orthopara.store\/index.php?rest_route=\/wp\/v2\/product\/1759","targetHints":{"allow":["GET"]}}],"collection":[{"href":"https:\/\/orthopara.store\/index.php?rest_route=\/wp\/v2\/product"}],"about":[{"href":"https:\/\/orthopara.store\/index.php?rest_route=\/wp\/v2\/types\/product"}],"replies":[{"embeddable":true,"href":"https:\/\/orthopara.store\/index.php?rest_route=%2Fwp%2Fv2%2Fcomments&post=1759"}],"wp:featuredmedia":[{"embeddable":true,"href":"https:\/\/orthopara.store\/index.php?rest_route=\/wp\/v2\/media\/1784"}],"wp:attachment":[{"href":"https:\/\/orthopara.store\/index.php?rest_route=%2Fwp%2Fv2%2Fmedia&parent=1759"}],"wp:term":[{"taxonomy":"pwb-brand","embeddable":true,"href":"https:\/\/orthopara.store\/index.php?rest_route=%2Fwp%2Fv2%2Fpwb-brand&post=1759"},{"taxonomy":"product_cat","embeddable":true,"href":"https:\/\/orthopara.store\/index.php?rest_route=%2Fwp%2Fv2%2Fproduct_cat&post=1759"},{"taxonomy":"product_tag","embeddable":true,"href":"https:\/\/orthopara.store\/index.php?rest_route=%2Fwp%2Fv2%2Fproduct_tag&post=1759"}],"curies":[{"name":"wp","href":"https:\/\/api.w.org\/{rel}","templated":true}]}}