{"id":1761,"date":"2024-06-28T15:55:06","date_gmt":"2024-06-28T13:55:06","guid":{"rendered":"https:\/\/orthopara.store\/?post_type=product&#038;p=1761"},"modified":"2024-11-07T10:06:27","modified_gmt":"2024-11-07T09:06:27","slug":"combine-dentaire-oral-b-pro-2000-hydropulseur-oxyjet","status":"publish","type":"product","link":"https:\/\/orthopara.store\/?product=combine-dentaire-oral-b-pro-2000-hydropulseur-oxyjet","title":{"rendered":"Combin\u00e9 Dentaire &#8211; Oral-B PRO 2000 + Hydropulseur Oxyjet"},"content":{"rendered":"<p>Combin\u00e9 Dentaire : Oral-B PRO 2000 + Hydropulseur Oxyjet<br \/>\nLe combin\u00e9 dentaire Oral-B PRO\u00a02000\u00a0+\u00a0Oxyjet associe l\u2019action de nettoyage en profondeur de la brosse \u00e0 dents Oral-B PRO\u00a02000 \u00e0 l\u2019hydropulseur Oxyjet.<br \/>\nLa brosse \u00e0 dents PRO\u00a02000 de Oral-B vous offre un meilleur nettoyage et \u00e9limine jusqu\u2019\u00e0 100\u00a0% de plaque dentaire en plus qu\u2019une brosse \u00e0 dents manuelle classique.De plus, elle est dot\u00e9e de 2\u00a0modes de nettoyage diff\u00e9rents\u00a0: standard et soin des gencives.<br \/>\nLa brosse \u00e0 dents PRO\u00a02000 de Oral-B \u00e9limine les taches pour vous offrir un sourire plus blanc d\u00e8s le premier jour. \u00a0Gr\u00e2ce \u00e0 sa technologie de microbulles, l\u2019hydropulseur Oxyjet de Oral-B nettoie en profondeur le sillon gingival et lutte contre les bact\u00e9ries nocives. L\u2019hydropulseur Oxyjet de Oral-B est r\u00e9glable, vous pouvez donc simplement r\u00e9gler la pression du jet d\u2019eau sur faible ou intense \u00e0 l\u2019aide du bouton de s\u00e9lection. Pour une action nettoyante sur laquelle vous pouvez compter au quotidien, choisissez donc le combin\u00e9 dentaire Oral-B PRO\u00a02000\u00a0+\u00a0Oxyjet.<\/p>\n<p>Principaux Points<\/p>\n<p>Syst\u00e8me de nettoyage par Oral-B, la marque de brosses \u00e0 dents la plus utilis\u00e9e par les dentistes eux-m\u00eames dans le monde<\/p>\n<p>Aide \u00e0 am\u00e9liorer la sant\u00e9 des gencives gr\u00e2ce \u00e0 un jet d\u2019eau enrichie en microbulles d\u2019air purifi\u00e9<\/p>\n<p>Nettoyage plus efficace gr\u00e2ce \u00e0 la brossette ronde pour \u00e9liminer jusqu\u2019\u00e0 100 % de plaque dentaire en plus qu\u2019une brosse \u00e0 dents manuelle classique<\/p>\n","protected":false},"excerpt":{"rendered":"<p>Oral-B Combin\u00e9 Dentaire\u00a0<br \/>\nOral-B PRO 2000 + Hydropulseur Oxyjet<\/p>\n","protected":false},"featured_media":1786,"comment_status":"open","ping_status":"closed","template":"","meta":[],"pwb-brand":[213],"product_cat":[212],"product_tag":[],"class_list":{"0":"post-1761","1":"product","2":"type-product","3":"status-publish","4":"has-post-thumbnail","6":"pwb-brand-oral-b","7":"product_cat-brosses-a-dents-electriques","8":"post","9":"ws-product--style-1","11":"first","12":"instock","13":"shipping-taxable","14":"purchasable","15":"product-type-simple"},"yoast_head":"<!-- This site is optimized with the Yoast SEO plugin v23.0 - https:\/\/yoast.com\/wordpress\/plugins\/seo\/ -->\n<title>Combin\u00e9 Dentaire - Oral-B PRO 2000 + Hydropulseur Oxyjet - OrthoPara<\/title>\n<meta name=\"robots\" content=\"index, follow, max-snippet:-1, max-image-preview:large, max-video-preview:-1\" \/>\n<link rel=\"canonical\" href=\"https:\/\/orthopara.store\/index.php\/produit\/combine-dentaire-oral-b-pro-2000-hydropulseur-oxyjet\/\" \/>\n<meta property=\"og:locale\" content=\"fr_FR\" \/>\n<meta property=\"og:type\" content=\"article\" \/>\n<meta property=\"og:title\" content=\"Combin\u00e9 Dentaire - Oral-B PRO 2000 + Hydropulseur Oxyjet - OrthoPara\" \/>\n<meta property=\"og:description\" content=\"Oral-B Combin\u00e9 Dentaire\u00a0 Oral-B PRO 2000 + Hydropulseur Oxyjet\" \/>\n<meta property=\"og:url\" content=\"https:\/\/orthopara.store\/index.php\/produit\/combine-dentaire-oral-b-pro-2000-hydropulseur-oxyjet\/\" \/>\n<meta property=\"og:site_name\" content=\"OrthoPara\" \/>\n<meta property=\"article:publisher\" content=\"https:\/\/www.facebook.com\/profile.php?id=61561194315651\" \/>\n<meta property=\"article:modified_time\" content=\"2024-11-07T09:06:27+00:00\" \/>\n<meta property=\"og:image\" content=\"https:\/\/orthopara.store\/wp-content\/uploads\/2024\/06\/combine-dentaire-oral-b-pro-2000-hydropulseur-oxyjet.jpg\" \/>\n\t<meta property=\"og:image:width\" content=\"800\" \/>\n\t<meta property=\"og:image:height\" content=\"800\" \/>\n\t<meta property=\"og:image:type\" content=\"image\/jpeg\" \/>\n<meta name=\"twitter:card\" content=\"summary_large_image\" \/>\n<meta name=\"twitter:label1\" content=\"Dur\u00e9e de lecture estim\u00e9e\" \/>\n\t<meta name=\"twitter:data1\" content=\"1 minute\" \/>\n<script type=\"application\/ld+json\" class=\"yoast-schema-graph\">{\"@context\":\"https:\/\/schema.org\",\"@graph\":[{\"@type\":\"WebPage\",\"@id\":\"https:\/\/orthopara.store\/index.php\/produit\/combine-dentaire-oral-b-pro-2000-hydropulseur-oxyjet\/\",\"url\":\"https:\/\/orthopara.store\/index.php\/produit\/combine-dentaire-oral-b-pro-2000-hydropulseur-oxyjet\/\",\"name\":\"Combin\u00e9 Dentaire - Oral-B PRO 2000 + Hydropulseur Oxyjet - OrthoPara\",\"isPartOf\":{\"@id\":\"https:\/\/orthopara.store\/#website\"},\"primaryImageOfPage\":{\"@id\":\"https:\/\/orthopara.store\/index.php\/produit\/combine-dentaire-oral-b-pro-2000-hydropulseur-oxyjet\/#primaryimage\"},\"image\":{\"@id\":\"https:\/\/orthopara.store\/index.php\/produit\/combine-dentaire-oral-b-pro-2000-hydropulseur-oxyjet\/#primaryimage\"},\"thumbnailUrl\":\"https:\/\/orthopara.store\/wp-content\/uploads\/2024\/06\/combine-dentaire-oral-b-pro-2000-hydropulseur-oxyjet.jpg\",\"datePublished\":\"2024-06-28T13:55:06+00:00\",\"dateModified\":\"2024-11-07T09:06:27+00:00\",\"breadcrumb\":{\"@id\":\"https:\/\/orthopara.store\/index.php\/produit\/combine-dentaire-oral-b-pro-2000-hydropulseur-oxyjet\/#breadcrumb\"},\"inLanguage\":\"fr-FR\",\"potentialAction\":[{\"@type\":\"ReadAction\",\"target\":[\"https:\/\/orthopara.store\/index.php\/produit\/combine-dentaire-oral-b-pro-2000-hydropulseur-oxyjet\/\"]}]},{\"@type\":\"ImageObject\",\"inLanguage\":\"fr-FR\",\"@id\":\"https:\/\/orthopara.store\/index.php\/produit\/combine-dentaire-oral-b-pro-2000-hydropulseur-oxyjet\/#primaryimage\",\"url\":\"https:\/\/orthopara.store\/wp-content\/uploads\/2024\/06\/combine-dentaire-oral-b-pro-2000-hydropulseur-oxyjet.jpg\",\"contentUrl\":\"https:\/\/orthopara.store\/wp-content\/uploads\/2024\/06\/combine-dentaire-oral-b-pro-2000-hydropulseur-oxyjet.jpg\",\"width\":800,\"height\":800},{\"@type\":\"BreadcrumbList\",\"@id\":\"https:\/\/orthopara.store\/index.php\/produit\/combine-dentaire-oral-b-pro-2000-hydropulseur-oxyjet\/#breadcrumb\",\"itemListElement\":[{\"@type\":\"ListItem\",\"position\":1,\"name\":\"Accueil\",\"item\":\"https:\/\/orthopara.store\/\"},{\"@type\":\"ListItem\",\"position\":2,\"name\":\"Shop\",\"item\":\"https:\/\/orthopara.store\/?page_id=622\"},{\"@type\":\"ListItem\",\"position\":3,\"name\":\"Combin\u00e9 Dentaire &#8211; Oral-B PRO 2000 + Hydropulseur Oxyjet\"}]},{\"@type\":\"WebSite\",\"@id\":\"https:\/\/orthopara.store\/#website\",\"url\":\"https:\/\/orthopara.store\/\",\"name\":\"OrthoPara\",\"description\":\"Parapharmacie\",\"publisher\":{\"@id\":\"https:\/\/orthopara.store\/#organization\"},\"potentialAction\":[{\"@type\":\"SearchAction\",\"target\":{\"@type\":\"EntryPoint\",\"urlTemplate\":\"https:\/\/orthopara.store\/?s={search_term_string}\"},\"query-input\":\"required name=search_term_string\"}],\"inLanguage\":\"fr-FR\"},{\"@type\":\"Organization\",\"@id\":\"https:\/\/orthopara.store\/#organization\",\"name\":\"OrthoPara\",\"url\":\"https:\/\/orthopara.store\/\",\"logo\":{\"@type\":\"ImageObject\",\"inLanguage\":\"fr-FR\",\"@id\":\"https:\/\/orthopara.store\/#\/schema\/logo\/image\/\",\"url\":\"https:\/\/orthopara.store\/wp-content\/uploads\/2024\/06\/cropped-9ABA8BAD-6256-4719-9315-15C66E64E882.png\",\"contentUrl\":\"https:\/\/orthopara.store\/wp-content\/uploads\/2024\/06\/cropped-9ABA8BAD-6256-4719-9315-15C66E64E882.png\",\"width\":240,\"height\":72,\"caption\":\"OrthoPara\"},\"image\":{\"@id\":\"https:\/\/orthopara.store\/#\/schema\/logo\/image\/\"},\"sameAs\":[\"https:\/\/www.facebook.com\/profile.php?id=61561194315651\",\"https:\/\/www.instagram.com\/orthopara_tunisie\/\"]}]}<\/script>\n<!-- \/ Yoast SEO plugin. -->","yoast_head_json":{"title":"Combin\u00e9 Dentaire - Oral-B PRO 2000 + Hydropulseur Oxyjet - OrthoPara","robots":{"index":"index","follow":"follow","max-snippet":"max-snippet:-1","max-image-preview":"max-image-preview:large","max-video-preview":"max-video-preview:-1"},"canonical":"https:\/\/orthopara.store\/index.php\/produit\/combine-dentaire-oral-b-pro-2000-hydropulseur-oxyjet\/","og_locale":"fr_FR","og_type":"article","og_title":"Combin\u00e9 Dentaire - Oral-B PRO 2000 + Hydropulseur Oxyjet - OrthoPara","og_description":"Oral-B Combin\u00e9 Dentaire\u00a0 Oral-B PRO 2000 + Hydropulseur Oxyjet","og_url":"https:\/\/orthopara.store\/index.php\/produit\/combine-dentaire-oral-b-pro-2000-hydropulseur-oxyjet\/","og_site_name":"OrthoPara","article_publisher":"https:\/\/www.facebook.com\/profile.php?id=61561194315651","article_modified_time":"2024-11-07T09:06:27+00:00","og_image":[{"width":800,"height":800,"url":"https:\/\/orthopara.store\/wp-content\/uploads\/2024\/06\/combine-dentaire-oral-b-pro-2000-hydropulseur-oxyjet.jpg","type":"image\/jpeg"}],"twitter_card":"summary_large_image","twitter_misc":{"Dur\u00e9e de lecture estim\u00e9e":"1 minute"},"schema":{"@context":"https:\/\/schema.org","@graph":[{"@type":"WebPage","@id":"https:\/\/orthopara.store\/index.php\/produit\/combine-dentaire-oral-b-pro-2000-hydropulseur-oxyjet\/","url":"https:\/\/orthopara.store\/index.php\/produit\/combine-dentaire-oral-b-pro-2000-hydropulseur-oxyjet\/","name":"Combin\u00e9 Dentaire - Oral-B PRO 2000 + Hydropulseur Oxyjet - OrthoPara","isPartOf":{"@id":"https:\/\/orthopara.store\/#website"},"primaryImageOfPage":{"@id":"https:\/\/orthopara.store\/index.php\/produit\/combine-dentaire-oral-b-pro-2000-hydropulseur-oxyjet\/#primaryimage"},"image":{"@id":"https:\/\/orthopara.store\/index.php\/produit\/combine-dentaire-oral-b-pro-2000-hydropulseur-oxyjet\/#primaryimage"},"thumbnailUrl":"https:\/\/orthopara.store\/wp-content\/uploads\/2024\/06\/combine-dentaire-oral-b-pro-2000-hydropulseur-oxyjet.jpg","datePublished":"2024-06-28T13:55:06+00:00","dateModified":"2024-11-07T09:06:27+00:00","breadcrumb":{"@id":"https:\/\/orthopara.store\/index.php\/produit\/combine-dentaire-oral-b-pro-2000-hydropulseur-oxyjet\/#breadcrumb"},"inLanguage":"fr-FR","potentialAction":[{"@type":"ReadAction","target":["https:\/\/orthopara.store\/index.php\/produit\/combine-dentaire-oral-b-pro-2000-hydropulseur-oxyjet\/"]}]},{"@type":"ImageObject","inLanguage":"fr-FR","@id":"https:\/\/orthopara.store\/index.php\/produit\/combine-dentaire-oral-b-pro-2000-hydropulseur-oxyjet\/#primaryimage","url":"https:\/\/orthopara.store\/wp-content\/uploads\/2024\/06\/combine-dentaire-oral-b-pro-2000-hydropulseur-oxyjet.jpg","contentUrl":"https:\/\/orthopara.store\/wp-content\/uploads\/2024\/06\/combine-dentaire-oral-b-pro-2000-hydropulseur-oxyjet.jpg","width":800,"height":800},{"@type":"BreadcrumbList","@id":"https:\/\/orthopara.store\/index.php\/produit\/combine-dentaire-oral-b-pro-2000-hydropulseur-oxyjet\/#breadcrumb","itemListElement":[{"@type":"ListItem","position":1,"name":"Accueil","item":"https:\/\/orthopara.store\/"},{"@type":"ListItem","position":2,"name":"Shop","item":"https:\/\/orthopara.store\/?page_id=622"},{"@type":"ListItem","position":3,"name":"Combin\u00e9 Dentaire &#8211; Oral-B PRO 2000 + Hydropulseur Oxyjet"}]},{"@type":"WebSite","@id":"https:\/\/orthopara.store\/#website","url":"https:\/\/orthopara.store\/","name":"OrthoPara","description":"Parapharmacie","publisher":{"@id":"https:\/\/orthopara.store\/#organization"},"potentialAction":[{"@type":"SearchAction","target":{"@type":"EntryPoint","urlTemplate":"https:\/\/orthopara.store\/?s={search_term_string}"},"query-input":"required name=search_term_string"}],"inLanguage":"fr-FR"},{"@type":"Organization","@id":"https:\/\/orthopara.store\/#organization","name":"OrthoPara","url":"https:\/\/orthopara.store\/","logo":{"@type":"ImageObject","inLanguage":"fr-FR","@id":"https:\/\/orthopara.store\/#\/schema\/logo\/image\/","url":"https:\/\/orthopara.store\/wp-content\/uploads\/2024\/06\/cropped-9ABA8BAD-6256-4719-9315-15C66E64E882.png","contentUrl":"https:\/\/orthopara.store\/wp-content\/uploads\/2024\/06\/cropped-9ABA8BAD-6256-4719-9315-15C66E64E882.png","width":240,"height":72,"caption":"OrthoPara"},"image":{"@id":"https:\/\/orthopara.store\/#\/schema\/logo\/image\/"},"sameAs":["https:\/\/www.facebook.com\/profile.php?id=61561194315651","https:\/\/www.instagram.com\/orthopara_tunisie\/"]}]}},"jetpack_sharing_enabled":true,"brands":[{"id":213,"name":"Oral-B","slug":"oral-b"}],"_links":{"self":[{"href":"https:\/\/orthopara.store\/index.php?rest_route=\/wp\/v2\/product\/1761","targetHints":{"allow":["GET"]}}],"collection":[{"href":"https:\/\/orthopara.store\/index.php?rest_route=\/wp\/v2\/product"}],"about":[{"href":"https:\/\/orthopara.store\/index.php?rest_route=\/wp\/v2\/types\/product"}],"replies":[{"embeddable":true,"href":"https:\/\/orthopara.store\/index.php?rest_route=%2Fwp%2Fv2%2Fcomments&post=1761"}],"wp:featuredmedia":[{"embeddable":true,"href":"https:\/\/orthopara.store\/index.php?rest_route=\/wp\/v2\/media\/1786"}],"wp:attachment":[{"href":"https:\/\/orthopara.store\/index.php?rest_route=%2Fwp%2Fv2%2Fmedia&parent=1761"}],"wp:term":[{"taxonomy":"pwb-brand","embeddable":true,"href":"https:\/\/orthopara.store\/index.php?rest_route=%2Fwp%2Fv2%2Fpwb-brand&post=1761"},{"taxonomy":"product_cat","embeddable":true,"href":"https:\/\/orthopara.store\/index.php?rest_route=%2Fwp%2Fv2%2Fproduct_cat&post=1761"},{"taxonomy":"product_tag","embeddable":true,"href":"https:\/\/orthopara.store\/index.php?rest_route=%2Fwp%2Fv2%2Fproduct_tag&post=1761"}],"curies":[{"name":"wp","href":"https:\/\/api.w.org\/{rel}","templated":true}]}}