{"id":1762,"date":"2024-06-28T15:55:06","date_gmt":"2024-06-28T13:55:06","guid":{"rendered":"https:\/\/orthopara.store\/?post_type=product&#038;p=1762"},"modified":"2024-11-07T09:41:13","modified_gmt":"2024-11-07T08:41:13","slug":"brosse-a-dents-gum-brosse-activital-sonic-4100","status":"publish","type":"product","link":"https:\/\/orthopara.store\/?product=brosse-a-dents-gum-brosse-activital-sonic-4100","title":{"rendered":"Brosse \u00e0 dents &#8211; GUM Brosse Activital Sonic 4100"},"content":{"rendered":"<p>Brosse \u00e0 dents &#8211; GUM Brosse Activital Sonic 4100Choisissez, la brosse \u00e0 dents GUM ActiVital Sonic !Efficacit\u00e9 sup\u00e9rieure scientifiquement prouv\u00e9e. Ses poils effil\u00e9s doux enl\u00e8vent jusqu\u2019\u00e0 50% plus de plaque entre les dents et atteignent plus profond\u00e9ment sous la gencive.Utilisez-le comme vous l\u2019utiliseriez une brosse manuelle tout en profitant de la puissance vibrante suppl\u00e9mentaire pour un nettoyage profond, mais doux.Conception et fonctionnalit\u00e9 : \u00c9l\u00e9gant et \u00e9l\u00e9gant, avec une t\u00eate rempla\u00e7able et des batteries,\u00a0 id\u00e9al pour les voyages et l\u2019utilisation \u00e0 la maison.Avec une batterie et un bouchon de voyage inclus, le\u00a0Sunstar GUM ActiVital Sonic Brosse \u00e0 dents\u00a0est id\u00e9al pour les vacances ou \u00e0 la maison.La batterie AAA rempla\u00e7able et la t\u00eate rempla\u00e7able<\/p>\n","protected":false},"excerpt":{"rendered":"<p>GUM Brosse Activital Sonic 4100Choisissez, la brosse \u00e0 dents\u00a0GUM ActiVital Sonic\u00a0!R\u00e9f\u00e9rence : Soft\u00a0Tranche d&rsquo;\u00e2ge : adultes<\/p>\n","protected":false},"featured_media":1787,"comment_status":"open","ping_status":"closed","template":"","meta":[],"pwb-brand":[181],"product_cat":[212],"product_tag":[],"class_list":{"0":"post-1762","1":"product","2":"type-product","3":"status-publish","4":"has-post-thumbnail","6":"pwb-brand-gum","7":"product_cat-brosses-a-dents-electriques","8":"post","9":"ws-product--style-1","11":"first","12":"instock","13":"shipping-taxable","14":"purchasable","15":"product-type-simple"},"yoast_head":"<!-- This site is optimized with the Yoast SEO plugin v23.0 - https:\/\/yoast.com\/wordpress\/plugins\/seo\/ -->\n<title>Brosse \u00e0 dents - GUM Brosse Activital Sonic 4100 - OrthoPara<\/title>\n<meta name=\"robots\" content=\"index, follow, max-snippet:-1, max-image-preview:large, max-video-preview:-1\" \/>\n<link rel=\"canonical\" href=\"https:\/\/orthopara.store\/index.php\/produit\/brosse-a-dents-gum-brosse-activital-sonic-4100\/\" \/>\n<meta property=\"og:locale\" content=\"fr_FR\" \/>\n<meta property=\"og:type\" content=\"article\" \/>\n<meta property=\"og:title\" content=\"Brosse \u00e0 dents - GUM Brosse Activital Sonic 4100 - OrthoPara\" \/>\n<meta property=\"og:description\" content=\"GUM Brosse Activital Sonic 4100Choisissez, la brosse \u00e0 dents\u00a0GUM ActiVital Sonic\u00a0!R\u00e9f\u00e9rence : Soft\u00a0Tranche d&#039;\u00e2ge : adultes\" \/>\n<meta property=\"og:url\" content=\"https:\/\/orthopara.store\/index.php\/produit\/brosse-a-dents-gum-brosse-activital-sonic-4100\/\" \/>\n<meta property=\"og:site_name\" content=\"OrthoPara\" \/>\n<meta property=\"article:publisher\" content=\"https:\/\/www.facebook.com\/profile.php?id=61561194315651\" \/>\n<meta property=\"article:modified_time\" content=\"2024-11-07T08:41:13+00:00\" \/>\n<meta property=\"og:image\" content=\"https:\/\/orthopara.store\/wp-content\/uploads\/2024\/06\/brosse-a-dents-gum-brosse-activital-sonic-4100.jpg\" \/>\n\t<meta property=\"og:image:width\" content=\"800\" \/>\n\t<meta property=\"og:image:height\" content=\"800\" \/>\n\t<meta property=\"og:image:type\" content=\"image\/jpeg\" \/>\n<meta name=\"twitter:card\" content=\"summary_large_image\" \/>\n<meta name=\"twitter:label1\" content=\"Dur\u00e9e de lecture estim\u00e9e\" \/>\n\t<meta name=\"twitter:data1\" content=\"1 minute\" \/>\n<script type=\"application\/ld+json\" class=\"yoast-schema-graph\">{\"@context\":\"https:\/\/schema.org\",\"@graph\":[{\"@type\":\"WebPage\",\"@id\":\"https:\/\/orthopara.store\/index.php\/produit\/brosse-a-dents-gum-brosse-activital-sonic-4100\/\",\"url\":\"https:\/\/orthopara.store\/index.php\/produit\/brosse-a-dents-gum-brosse-activital-sonic-4100\/\",\"name\":\"Brosse \u00e0 dents - GUM Brosse Activital Sonic 4100 - OrthoPara\",\"isPartOf\":{\"@id\":\"https:\/\/orthopara.store\/#website\"},\"primaryImageOfPage\":{\"@id\":\"https:\/\/orthopara.store\/index.php\/produit\/brosse-a-dents-gum-brosse-activital-sonic-4100\/#primaryimage\"},\"image\":{\"@id\":\"https:\/\/orthopara.store\/index.php\/produit\/brosse-a-dents-gum-brosse-activital-sonic-4100\/#primaryimage\"},\"thumbnailUrl\":\"https:\/\/orthopara.store\/wp-content\/uploads\/2024\/06\/brosse-a-dents-gum-brosse-activital-sonic-4100.jpg\",\"datePublished\":\"2024-06-28T13:55:06+00:00\",\"dateModified\":\"2024-11-07T08:41:13+00:00\",\"breadcrumb\":{\"@id\":\"https:\/\/orthopara.store\/index.php\/produit\/brosse-a-dents-gum-brosse-activital-sonic-4100\/#breadcrumb\"},\"inLanguage\":\"fr-FR\",\"potentialAction\":[{\"@type\":\"ReadAction\",\"target\":[\"https:\/\/orthopara.store\/index.php\/produit\/brosse-a-dents-gum-brosse-activital-sonic-4100\/\"]}]},{\"@type\":\"ImageObject\",\"inLanguage\":\"fr-FR\",\"@id\":\"https:\/\/orthopara.store\/index.php\/produit\/brosse-a-dents-gum-brosse-activital-sonic-4100\/#primaryimage\",\"url\":\"https:\/\/orthopara.store\/wp-content\/uploads\/2024\/06\/brosse-a-dents-gum-brosse-activital-sonic-4100.jpg\",\"contentUrl\":\"https:\/\/orthopara.store\/wp-content\/uploads\/2024\/06\/brosse-a-dents-gum-brosse-activital-sonic-4100.jpg\",\"width\":800,\"height\":800},{\"@type\":\"BreadcrumbList\",\"@id\":\"https:\/\/orthopara.store\/index.php\/produit\/brosse-a-dents-gum-brosse-activital-sonic-4100\/#breadcrumb\",\"itemListElement\":[{\"@type\":\"ListItem\",\"position\":1,\"name\":\"Accueil\",\"item\":\"https:\/\/orthopara.store\/\"},{\"@type\":\"ListItem\",\"position\":2,\"name\":\"Shop\",\"item\":\"https:\/\/orthopara.store\/?page_id=622\"},{\"@type\":\"ListItem\",\"position\":3,\"name\":\"Brosse \u00e0 dents &#8211; GUM Brosse Activital Sonic 4100\"}]},{\"@type\":\"WebSite\",\"@id\":\"https:\/\/orthopara.store\/#website\",\"url\":\"https:\/\/orthopara.store\/\",\"name\":\"OrthoPara\",\"description\":\"Parapharmacie\",\"publisher\":{\"@id\":\"https:\/\/orthopara.store\/#organization\"},\"potentialAction\":[{\"@type\":\"SearchAction\",\"target\":{\"@type\":\"EntryPoint\",\"urlTemplate\":\"https:\/\/orthopara.store\/?s={search_term_string}\"},\"query-input\":\"required name=search_term_string\"}],\"inLanguage\":\"fr-FR\"},{\"@type\":\"Organization\",\"@id\":\"https:\/\/orthopara.store\/#organization\",\"name\":\"OrthoPara\",\"url\":\"https:\/\/orthopara.store\/\",\"logo\":{\"@type\":\"ImageObject\",\"inLanguage\":\"fr-FR\",\"@id\":\"https:\/\/orthopara.store\/#\/schema\/logo\/image\/\",\"url\":\"https:\/\/orthopara.store\/wp-content\/uploads\/2024\/06\/cropped-9ABA8BAD-6256-4719-9315-15C66E64E882.png\",\"contentUrl\":\"https:\/\/orthopara.store\/wp-content\/uploads\/2024\/06\/cropped-9ABA8BAD-6256-4719-9315-15C66E64E882.png\",\"width\":240,\"height\":72,\"caption\":\"OrthoPara\"},\"image\":{\"@id\":\"https:\/\/orthopara.store\/#\/schema\/logo\/image\/\"},\"sameAs\":[\"https:\/\/www.facebook.com\/profile.php?id=61561194315651\",\"https:\/\/www.instagram.com\/orthopara_tunisie\/\"]}]}<\/script>\n<!-- \/ Yoast SEO plugin. -->","yoast_head_json":{"title":"Brosse \u00e0 dents - GUM Brosse Activital Sonic 4100 - OrthoPara","robots":{"index":"index","follow":"follow","max-snippet":"max-snippet:-1","max-image-preview":"max-image-preview:large","max-video-preview":"max-video-preview:-1"},"canonical":"https:\/\/orthopara.store\/index.php\/produit\/brosse-a-dents-gum-brosse-activital-sonic-4100\/","og_locale":"fr_FR","og_type":"article","og_title":"Brosse \u00e0 dents - GUM Brosse Activital Sonic 4100 - OrthoPara","og_description":"GUM Brosse Activital Sonic 4100Choisissez, la brosse \u00e0 dents\u00a0GUM ActiVital Sonic\u00a0!R\u00e9f\u00e9rence : Soft\u00a0Tranche d'\u00e2ge : adultes","og_url":"https:\/\/orthopara.store\/index.php\/produit\/brosse-a-dents-gum-brosse-activital-sonic-4100\/","og_site_name":"OrthoPara","article_publisher":"https:\/\/www.facebook.com\/profile.php?id=61561194315651","article_modified_time":"2024-11-07T08:41:13+00:00","og_image":[{"width":800,"height":800,"url":"https:\/\/orthopara.store\/wp-content\/uploads\/2024\/06\/brosse-a-dents-gum-brosse-activital-sonic-4100.jpg","type":"image\/jpeg"}],"twitter_card":"summary_large_image","twitter_misc":{"Dur\u00e9e de lecture estim\u00e9e":"1 minute"},"schema":{"@context":"https:\/\/schema.org","@graph":[{"@type":"WebPage","@id":"https:\/\/orthopara.store\/index.php\/produit\/brosse-a-dents-gum-brosse-activital-sonic-4100\/","url":"https:\/\/orthopara.store\/index.php\/produit\/brosse-a-dents-gum-brosse-activital-sonic-4100\/","name":"Brosse \u00e0 dents - GUM Brosse Activital Sonic 4100 - OrthoPara","isPartOf":{"@id":"https:\/\/orthopara.store\/#website"},"primaryImageOfPage":{"@id":"https:\/\/orthopara.store\/index.php\/produit\/brosse-a-dents-gum-brosse-activital-sonic-4100\/#primaryimage"},"image":{"@id":"https:\/\/orthopara.store\/index.php\/produit\/brosse-a-dents-gum-brosse-activital-sonic-4100\/#primaryimage"},"thumbnailUrl":"https:\/\/orthopara.store\/wp-content\/uploads\/2024\/06\/brosse-a-dents-gum-brosse-activital-sonic-4100.jpg","datePublished":"2024-06-28T13:55:06+00:00","dateModified":"2024-11-07T08:41:13+00:00","breadcrumb":{"@id":"https:\/\/orthopara.store\/index.php\/produit\/brosse-a-dents-gum-brosse-activital-sonic-4100\/#breadcrumb"},"inLanguage":"fr-FR","potentialAction":[{"@type":"ReadAction","target":["https:\/\/orthopara.store\/index.php\/produit\/brosse-a-dents-gum-brosse-activital-sonic-4100\/"]}]},{"@type":"ImageObject","inLanguage":"fr-FR","@id":"https:\/\/orthopara.store\/index.php\/produit\/brosse-a-dents-gum-brosse-activital-sonic-4100\/#primaryimage","url":"https:\/\/orthopara.store\/wp-content\/uploads\/2024\/06\/brosse-a-dents-gum-brosse-activital-sonic-4100.jpg","contentUrl":"https:\/\/orthopara.store\/wp-content\/uploads\/2024\/06\/brosse-a-dents-gum-brosse-activital-sonic-4100.jpg","width":800,"height":800},{"@type":"BreadcrumbList","@id":"https:\/\/orthopara.store\/index.php\/produit\/brosse-a-dents-gum-brosse-activital-sonic-4100\/#breadcrumb","itemListElement":[{"@type":"ListItem","position":1,"name":"Accueil","item":"https:\/\/orthopara.store\/"},{"@type":"ListItem","position":2,"name":"Shop","item":"https:\/\/orthopara.store\/?page_id=622"},{"@type":"ListItem","position":3,"name":"Brosse \u00e0 dents &#8211; GUM Brosse Activital Sonic 4100"}]},{"@type":"WebSite","@id":"https:\/\/orthopara.store\/#website","url":"https:\/\/orthopara.store\/","name":"OrthoPara","description":"Parapharmacie","publisher":{"@id":"https:\/\/orthopara.store\/#organization"},"potentialAction":[{"@type":"SearchAction","target":{"@type":"EntryPoint","urlTemplate":"https:\/\/orthopara.store\/?s={search_term_string}"},"query-input":"required name=search_term_string"}],"inLanguage":"fr-FR"},{"@type":"Organization","@id":"https:\/\/orthopara.store\/#organization","name":"OrthoPara","url":"https:\/\/orthopara.store\/","logo":{"@type":"ImageObject","inLanguage":"fr-FR","@id":"https:\/\/orthopara.store\/#\/schema\/logo\/image\/","url":"https:\/\/orthopara.store\/wp-content\/uploads\/2024\/06\/cropped-9ABA8BAD-6256-4719-9315-15C66E64E882.png","contentUrl":"https:\/\/orthopara.store\/wp-content\/uploads\/2024\/06\/cropped-9ABA8BAD-6256-4719-9315-15C66E64E882.png","width":240,"height":72,"caption":"OrthoPara"},"image":{"@id":"https:\/\/orthopara.store\/#\/schema\/logo\/image\/"},"sameAs":["https:\/\/www.facebook.com\/profile.php?id=61561194315651","https:\/\/www.instagram.com\/orthopara_tunisie\/"]}]}},"jetpack_sharing_enabled":true,"brands":[{"id":181,"name":"GUM","slug":"gum"}],"_links":{"self":[{"href":"https:\/\/orthopara.store\/index.php?rest_route=\/wp\/v2\/product\/1762","targetHints":{"allow":["GET"]}}],"collection":[{"href":"https:\/\/orthopara.store\/index.php?rest_route=\/wp\/v2\/product"}],"about":[{"href":"https:\/\/orthopara.store\/index.php?rest_route=\/wp\/v2\/types\/product"}],"replies":[{"embeddable":true,"href":"https:\/\/orthopara.store\/index.php?rest_route=%2Fwp%2Fv2%2Fcomments&post=1762"}],"wp:featuredmedia":[{"embeddable":true,"href":"https:\/\/orthopara.store\/index.php?rest_route=\/wp\/v2\/media\/1787"}],"wp:attachment":[{"href":"https:\/\/orthopara.store\/index.php?rest_route=%2Fwp%2Fv2%2Fmedia&parent=1762"}],"wp:term":[{"taxonomy":"pwb-brand","embeddable":true,"href":"https:\/\/orthopara.store\/index.php?rest_route=%2Fwp%2Fv2%2Fpwb-brand&post=1762"},{"taxonomy":"product_cat","embeddable":true,"href":"https:\/\/orthopara.store\/index.php?rest_route=%2Fwp%2Fv2%2Fproduct_cat&post=1762"},{"taxonomy":"product_tag","embeddable":true,"href":"https:\/\/orthopara.store\/index.php?rest_route=%2Fwp%2Fv2%2Fproduct_tag&post=1762"}],"curies":[{"name":"wp","href":"https:\/\/api.w.org\/{rel}","templated":true}]}}