{"id":1763,"date":"2024-06-28T15:55:07","date_gmt":"2024-06-28T13:55:07","guid":{"rendered":"https:\/\/orthopara.store\/?post_type=product&#038;p=1763"},"modified":"2024-11-07T09:45:31","modified_gmt":"2024-11-07T08:45:31","slug":"brosse-a-dents-electrique-oral-b-vitality-150-cross-action","status":"publish","type":"product","link":"https:\/\/orthopara.store\/?product=brosse-a-dents-electrique-oral-b-vitality-150-cross-action","title":{"rendered":"Brosse \u00e0 dents \u00e9lectrique &#8211; Oral-B Vitality 150 Cross Action"},"content":{"rendered":"<p>Brosse \u00e0 dents \u00e9lectrique &#8211; Oral-B Vitality 150 Cross Action<br \/>\nLa brosse \u00e0 dents \u00e9lectrique rechargeable Oral-B Vitality 150 Cross Action offre un nettoyage sup\u00e9rieur cliniquement prouv\u00e9 par rapport \u00e0 une simple brosse \u00e0 dents manuelle, ce qui en fait la brosse \u00e0 dents num\u00e9ro 1 utilis\u00e9e par les dentistes dans le monde entier.Le paquet contient 1 manche de brosse \u00e0 dents et 2 t\u00eates de brosse \u00e0 dents Cross Actionvibre toutes les 30 secondes pour vous alerter de changer la zone de la brosse afin de ne pas vous blesserminuterie int\u00e9gr\u00e9e de 2 minutes pour se brosser les dents selon le temps recommand\u00e9 par les dentistes<br \/>\nSp\u00e9cificit\u00e9s du produit :\u00a0<br \/>\nOral-B &#8211; une marque utilis\u00e9e par les dentistes du monde entier<br \/>\n\u2022 Nettoie plus efficacement que les brosses \u00e0 dents ordinaires<br \/>\n\u2022 Cross Action \u00e9limine jusqu&rsquo;\u00e0 100 % de plaque en plus par rapport \u00e0 une brosse \u00e0 dents ordinaire. T\u00eate Cross Action Les poils CrissCross \u2122 atteignent facilement entre les dents o\u00f9 ils enl\u00e8vent le toit et l&#8217;emp\u00eachent de se d\u00e9poser<br \/>\n\u2022 7600 mouvements rotatifs-oscillants par minute<br \/>\n\u2022 Minuterie pratique : la minuterie d&rsquo;intervalle de 2 minutes signale chaque trimestre que les dents ont \u00e9t\u00e9 bross\u00e9es<\/p>\n","protected":false},"excerpt":{"rendered":"<p>Oral-B Vitality 150 Cross Action<br \/>\nbrosse a dent \u00e9lectrique<br \/>\nLa brosse \u00e0 dents indispensable pour un nettoyage quotidien, \u00e9limine plus de plaque qu&rsquo;une brosse \u00e0 dents manuelle ordinaire, Action de nettoyage 2D, oscille et tourne pour \u00e9liminer la plaque mieux qu&rsquo;une brosse \u00e0 dents manuelle ordinaire.<\/p>\n<p>Contenu : 1 x manche de brosse \u00e0 dents avec chargeur 2 broches, 1 t\u00eate de brosse \u00e0 dents<br \/>\nOral-B, la marque n\u00b01 utilis\u00e9e par les dentistes du monde entier<br \/>\nGarantie limit\u00e9e de 2 ans<br \/>\nCouleur : noir<\/p>\n","protected":false},"featured_media":1788,"comment_status":"open","ping_status":"closed","template":"","meta":[],"pwb-brand":[213],"product_cat":[212],"product_tag":[],"class_list":{"0":"post-1763","1":"product","2":"type-product","3":"status-publish","4":"has-post-thumbnail","6":"pwb-brand-oral-b","7":"product_cat-brosses-a-dents-electriques","8":"post","9":"ws-product--style-1","11":"first","12":"instock","13":"shipping-taxable","14":"purchasable","15":"product-type-simple"},"yoast_head":"<!-- This site is optimized with the Yoast SEO plugin v23.0 - https:\/\/yoast.com\/wordpress\/plugins\/seo\/ -->\n<title>Brosse \u00e0 dents \u00e9lectrique - Oral-B Vitality 150 Cross Action - OrthoPara<\/title>\n<meta name=\"robots\" content=\"index, follow, max-snippet:-1, max-image-preview:large, max-video-preview:-1\" \/>\n<link rel=\"canonical\" href=\"https:\/\/orthopara.store\/index.php\/produit\/brosse-a-dents-electrique-oral-b-vitality-150-cross-action\/\" \/>\n<meta property=\"og:locale\" content=\"fr_FR\" \/>\n<meta property=\"og:type\" content=\"article\" \/>\n<meta property=\"og:title\" content=\"Brosse \u00e0 dents \u00e9lectrique - Oral-B Vitality 150 Cross Action - OrthoPara\" \/>\n<meta property=\"og:description\" content=\"Oral-B Vitality 150 Cross Action brosse a dent \u00e9lectrique La brosse \u00e0 dents indispensable pour un nettoyage quotidien, \u00e9limine plus de plaque qu&#039;une brosse \u00e0 dents manuelle ordinaire, Action de nettoyage 2D, oscille et tourne pour \u00e9liminer la plaque mieux qu&#039;une brosse \u00e0 dents manuelle ordinaire. Contenu : 1 x manche de brosse \u00e0 dents avec chargeur 2 broches, 1 t\u00eate de brosse \u00e0 dents Oral-B, la marque n\u00b01 utilis\u00e9e par les dentistes du monde entier Garantie limit\u00e9e de 2 ans Couleur : noir\" \/>\n<meta property=\"og:url\" content=\"https:\/\/orthopara.store\/index.php\/produit\/brosse-a-dents-electrique-oral-b-vitality-150-cross-action\/\" \/>\n<meta property=\"og:site_name\" content=\"OrthoPara\" \/>\n<meta property=\"article:publisher\" content=\"https:\/\/www.facebook.com\/profile.php?id=61561194315651\" \/>\n<meta property=\"article:modified_time\" content=\"2024-11-07T08:45:31+00:00\" \/>\n<meta property=\"og:image\" content=\"https:\/\/orthopara.store\/wp-content\/uploads\/2024\/06\/brosse-a-dents-electrique-oral-b-vitality.jpg\" \/>\n\t<meta property=\"og:image:width\" content=\"800\" \/>\n\t<meta property=\"og:image:height\" content=\"800\" \/>\n\t<meta property=\"og:image:type\" content=\"image\/jpeg\" \/>\n<meta name=\"twitter:card\" content=\"summary_large_image\" \/>\n<meta name=\"twitter:label1\" content=\"Dur\u00e9e de lecture estim\u00e9e\" \/>\n\t<meta name=\"twitter:data1\" content=\"1 minute\" \/>\n<script type=\"application\/ld+json\" class=\"yoast-schema-graph\">{\"@context\":\"https:\/\/schema.org\",\"@graph\":[{\"@type\":\"WebPage\",\"@id\":\"https:\/\/orthopara.store\/index.php\/produit\/brosse-a-dents-electrique-oral-b-vitality-150-cross-action\/\",\"url\":\"https:\/\/orthopara.store\/index.php\/produit\/brosse-a-dents-electrique-oral-b-vitality-150-cross-action\/\",\"name\":\"Brosse \u00e0 dents \u00e9lectrique - Oral-B Vitality 150 Cross Action - OrthoPara\",\"isPartOf\":{\"@id\":\"https:\/\/orthopara.store\/#website\"},\"primaryImageOfPage\":{\"@id\":\"https:\/\/orthopara.store\/index.php\/produit\/brosse-a-dents-electrique-oral-b-vitality-150-cross-action\/#primaryimage\"},\"image\":{\"@id\":\"https:\/\/orthopara.store\/index.php\/produit\/brosse-a-dents-electrique-oral-b-vitality-150-cross-action\/#primaryimage\"},\"thumbnailUrl\":\"https:\/\/orthopara.store\/wp-content\/uploads\/2024\/06\/brosse-a-dents-electrique-oral-b-vitality.jpg\",\"datePublished\":\"2024-06-28T13:55:07+00:00\",\"dateModified\":\"2024-11-07T08:45:31+00:00\",\"breadcrumb\":{\"@id\":\"https:\/\/orthopara.store\/index.php\/produit\/brosse-a-dents-electrique-oral-b-vitality-150-cross-action\/#breadcrumb\"},\"inLanguage\":\"fr-FR\",\"potentialAction\":[{\"@type\":\"ReadAction\",\"target\":[\"https:\/\/orthopara.store\/index.php\/produit\/brosse-a-dents-electrique-oral-b-vitality-150-cross-action\/\"]}]},{\"@type\":\"ImageObject\",\"inLanguage\":\"fr-FR\",\"@id\":\"https:\/\/orthopara.store\/index.php\/produit\/brosse-a-dents-electrique-oral-b-vitality-150-cross-action\/#primaryimage\",\"url\":\"https:\/\/orthopara.store\/wp-content\/uploads\/2024\/06\/brosse-a-dents-electrique-oral-b-vitality.jpg\",\"contentUrl\":\"https:\/\/orthopara.store\/wp-content\/uploads\/2024\/06\/brosse-a-dents-electrique-oral-b-vitality.jpg\",\"width\":800,\"height\":800},{\"@type\":\"BreadcrumbList\",\"@id\":\"https:\/\/orthopara.store\/index.php\/produit\/brosse-a-dents-electrique-oral-b-vitality-150-cross-action\/#breadcrumb\",\"itemListElement\":[{\"@type\":\"ListItem\",\"position\":1,\"name\":\"Accueil\",\"item\":\"https:\/\/orthopara.store\/\"},{\"@type\":\"ListItem\",\"position\":2,\"name\":\"Shop\",\"item\":\"https:\/\/orthopara.store\/?page_id=622\"},{\"@type\":\"ListItem\",\"position\":3,\"name\":\"Brosse \u00e0 dents \u00e9lectrique &#8211; Oral-B Vitality 150 Cross Action\"}]},{\"@type\":\"WebSite\",\"@id\":\"https:\/\/orthopara.store\/#website\",\"url\":\"https:\/\/orthopara.store\/\",\"name\":\"OrthoPara\",\"description\":\"Parapharmacie\",\"publisher\":{\"@id\":\"https:\/\/orthopara.store\/#organization\"},\"potentialAction\":[{\"@type\":\"SearchAction\",\"target\":{\"@type\":\"EntryPoint\",\"urlTemplate\":\"https:\/\/orthopara.store\/?s={search_term_string}\"},\"query-input\":\"required name=search_term_string\"}],\"inLanguage\":\"fr-FR\"},{\"@type\":\"Organization\",\"@id\":\"https:\/\/orthopara.store\/#organization\",\"name\":\"OrthoPara\",\"url\":\"https:\/\/orthopara.store\/\",\"logo\":{\"@type\":\"ImageObject\",\"inLanguage\":\"fr-FR\",\"@id\":\"https:\/\/orthopara.store\/#\/schema\/logo\/image\/\",\"url\":\"https:\/\/orthopara.store\/wp-content\/uploads\/2024\/06\/cropped-9ABA8BAD-6256-4719-9315-15C66E64E882.png\",\"contentUrl\":\"https:\/\/orthopara.store\/wp-content\/uploads\/2024\/06\/cropped-9ABA8BAD-6256-4719-9315-15C66E64E882.png\",\"width\":240,\"height\":72,\"caption\":\"OrthoPara\"},\"image\":{\"@id\":\"https:\/\/orthopara.store\/#\/schema\/logo\/image\/\"},\"sameAs\":[\"https:\/\/www.facebook.com\/profile.php?id=61561194315651\",\"https:\/\/www.instagram.com\/orthopara_tunisie\/\"]}]}<\/script>\n<!-- \/ Yoast SEO plugin. -->","yoast_head_json":{"title":"Brosse \u00e0 dents \u00e9lectrique - Oral-B Vitality 150 Cross Action - OrthoPara","robots":{"index":"index","follow":"follow","max-snippet":"max-snippet:-1","max-image-preview":"max-image-preview:large","max-video-preview":"max-video-preview:-1"},"canonical":"https:\/\/orthopara.store\/index.php\/produit\/brosse-a-dents-electrique-oral-b-vitality-150-cross-action\/","og_locale":"fr_FR","og_type":"article","og_title":"Brosse \u00e0 dents \u00e9lectrique - Oral-B Vitality 150 Cross Action - OrthoPara","og_description":"Oral-B Vitality 150 Cross Action brosse a dent \u00e9lectrique La brosse \u00e0 dents indispensable pour un nettoyage quotidien, \u00e9limine plus de plaque qu'une brosse \u00e0 dents manuelle ordinaire, Action de nettoyage 2D, oscille et tourne pour \u00e9liminer la plaque mieux qu'une brosse \u00e0 dents manuelle ordinaire. Contenu : 1 x manche de brosse \u00e0 dents avec chargeur 2 broches, 1 t\u00eate de brosse \u00e0 dents Oral-B, la marque n\u00b01 utilis\u00e9e par les dentistes du monde entier Garantie limit\u00e9e de 2 ans Couleur : noir","og_url":"https:\/\/orthopara.store\/index.php\/produit\/brosse-a-dents-electrique-oral-b-vitality-150-cross-action\/","og_site_name":"OrthoPara","article_publisher":"https:\/\/www.facebook.com\/profile.php?id=61561194315651","article_modified_time":"2024-11-07T08:45:31+00:00","og_image":[{"width":800,"height":800,"url":"https:\/\/orthopara.store\/wp-content\/uploads\/2024\/06\/brosse-a-dents-electrique-oral-b-vitality.jpg","type":"image\/jpeg"}],"twitter_card":"summary_large_image","twitter_misc":{"Dur\u00e9e de lecture estim\u00e9e":"1 minute"},"schema":{"@context":"https:\/\/schema.org","@graph":[{"@type":"WebPage","@id":"https:\/\/orthopara.store\/index.php\/produit\/brosse-a-dents-electrique-oral-b-vitality-150-cross-action\/","url":"https:\/\/orthopara.store\/index.php\/produit\/brosse-a-dents-electrique-oral-b-vitality-150-cross-action\/","name":"Brosse \u00e0 dents \u00e9lectrique - Oral-B Vitality 150 Cross Action - OrthoPara","isPartOf":{"@id":"https:\/\/orthopara.store\/#website"},"primaryImageOfPage":{"@id":"https:\/\/orthopara.store\/index.php\/produit\/brosse-a-dents-electrique-oral-b-vitality-150-cross-action\/#primaryimage"},"image":{"@id":"https:\/\/orthopara.store\/index.php\/produit\/brosse-a-dents-electrique-oral-b-vitality-150-cross-action\/#primaryimage"},"thumbnailUrl":"https:\/\/orthopara.store\/wp-content\/uploads\/2024\/06\/brosse-a-dents-electrique-oral-b-vitality.jpg","datePublished":"2024-06-28T13:55:07+00:00","dateModified":"2024-11-07T08:45:31+00:00","breadcrumb":{"@id":"https:\/\/orthopara.store\/index.php\/produit\/brosse-a-dents-electrique-oral-b-vitality-150-cross-action\/#breadcrumb"},"inLanguage":"fr-FR","potentialAction":[{"@type":"ReadAction","target":["https:\/\/orthopara.store\/index.php\/produit\/brosse-a-dents-electrique-oral-b-vitality-150-cross-action\/"]}]},{"@type":"ImageObject","inLanguage":"fr-FR","@id":"https:\/\/orthopara.store\/index.php\/produit\/brosse-a-dents-electrique-oral-b-vitality-150-cross-action\/#primaryimage","url":"https:\/\/orthopara.store\/wp-content\/uploads\/2024\/06\/brosse-a-dents-electrique-oral-b-vitality.jpg","contentUrl":"https:\/\/orthopara.store\/wp-content\/uploads\/2024\/06\/brosse-a-dents-electrique-oral-b-vitality.jpg","width":800,"height":800},{"@type":"BreadcrumbList","@id":"https:\/\/orthopara.store\/index.php\/produit\/brosse-a-dents-electrique-oral-b-vitality-150-cross-action\/#breadcrumb","itemListElement":[{"@type":"ListItem","position":1,"name":"Accueil","item":"https:\/\/orthopara.store\/"},{"@type":"ListItem","position":2,"name":"Shop","item":"https:\/\/orthopara.store\/?page_id=622"},{"@type":"ListItem","position":3,"name":"Brosse \u00e0 dents \u00e9lectrique &#8211; Oral-B Vitality 150 Cross Action"}]},{"@type":"WebSite","@id":"https:\/\/orthopara.store\/#website","url":"https:\/\/orthopara.store\/","name":"OrthoPara","description":"Parapharmacie","publisher":{"@id":"https:\/\/orthopara.store\/#organization"},"potentialAction":[{"@type":"SearchAction","target":{"@type":"EntryPoint","urlTemplate":"https:\/\/orthopara.store\/?s={search_term_string}"},"query-input":"required name=search_term_string"}],"inLanguage":"fr-FR"},{"@type":"Organization","@id":"https:\/\/orthopara.store\/#organization","name":"OrthoPara","url":"https:\/\/orthopara.store\/","logo":{"@type":"ImageObject","inLanguage":"fr-FR","@id":"https:\/\/orthopara.store\/#\/schema\/logo\/image\/","url":"https:\/\/orthopara.store\/wp-content\/uploads\/2024\/06\/cropped-9ABA8BAD-6256-4719-9315-15C66E64E882.png","contentUrl":"https:\/\/orthopara.store\/wp-content\/uploads\/2024\/06\/cropped-9ABA8BAD-6256-4719-9315-15C66E64E882.png","width":240,"height":72,"caption":"OrthoPara"},"image":{"@id":"https:\/\/orthopara.store\/#\/schema\/logo\/image\/"},"sameAs":["https:\/\/www.facebook.com\/profile.php?id=61561194315651","https:\/\/www.instagram.com\/orthopara_tunisie\/"]}]}},"jetpack_sharing_enabled":true,"brands":[{"id":213,"name":"Oral-B","slug":"oral-b"}],"_links":{"self":[{"href":"https:\/\/orthopara.store\/index.php?rest_route=\/wp\/v2\/product\/1763","targetHints":{"allow":["GET"]}}],"collection":[{"href":"https:\/\/orthopara.store\/index.php?rest_route=\/wp\/v2\/product"}],"about":[{"href":"https:\/\/orthopara.store\/index.php?rest_route=\/wp\/v2\/types\/product"}],"replies":[{"embeddable":true,"href":"https:\/\/orthopara.store\/index.php?rest_route=%2Fwp%2Fv2%2Fcomments&post=1763"}],"wp:featuredmedia":[{"embeddable":true,"href":"https:\/\/orthopara.store\/index.php?rest_route=\/wp\/v2\/media\/1788"}],"wp:attachment":[{"href":"https:\/\/orthopara.store\/index.php?rest_route=%2Fwp%2Fv2%2Fmedia&parent=1763"}],"wp:term":[{"taxonomy":"pwb-brand","embeddable":true,"href":"https:\/\/orthopara.store\/index.php?rest_route=%2Fwp%2Fv2%2Fpwb-brand&post=1763"},{"taxonomy":"product_cat","embeddable":true,"href":"https:\/\/orthopara.store\/index.php?rest_route=%2Fwp%2Fv2%2Fproduct_cat&post=1763"},{"taxonomy":"product_tag","embeddable":true,"href":"https:\/\/orthopara.store\/index.php?rest_route=%2Fwp%2Fv2%2Fproduct_tag&post=1763"}],"curies":[{"name":"wp","href":"https:\/\/api.w.org\/{rel}","templated":true}]}}