{"id":1764,"date":"2024-06-28T15:55:07","date_gmt":"2024-06-28T13:55:07","guid":{"rendered":"https:\/\/orthopara.store\/?post_type=product&#038;p=1764"},"modified":"2024-11-07T09:39:43","modified_gmt":"2024-11-07T08:39:43","slug":"brosse-a-dent-electrique-gum-sunstar-powercare-professional-expertise","status":"publish","type":"product","link":"https:\/\/orthopara.store\/?product=brosse-a-dent-electrique-gum-sunstar-powercare-professional-expertise","title":{"rendered":"Brosse \u00e0 dent \u00e9lectrique &#8211; Gum Sunstar PowerCare Professional expertise"},"content":{"rendered":"<p>Gum Sunstar PowerCare Professional expertise<br \/>\nSunstar PowerCare, une brosse \u00e0 dents \u00e9lectrique unique<br \/>\nSp\u00e9cialement d\u00e9velopp\u00e9 pour prendre soin des gencives et des dents, la Brosse \u00e0 dents \u00e9lectrique Gum Sunstar PowerCare est d\u00e9velopp\u00e9e pour nettoyer pr\u00e9cis\u00e9ment entre les dents gr\u00e2ce \u00e0 des poils doux effil\u00e9s.\u00a0 Les dents sont nettoy\u00e9es en profondeur au niveau du sillon gingival, ainsi que dans les zones difficilement accessibles gr\u00e2ce \u00e0 plusieurs particularit\u00e9s :<\/p>\n<p>\u00a0Caract\u00e9ristiques\u00a0:<\/p>\n<p>&#8211;\u00a0\u00a0\u00a0\u00a0\u00a0\u00a0\u00a0T\u00eate de brosse rempla\u00e7able<\/p>\n<p>&#8211;\u00a0\u00a0\u00a0\u00a0\u00a0\u00a0\u00a0Brins doux<\/p>\n<p>&#8211;\u00a0\u00a0\u00a0\u00a0\u00a0\u00a0\u00a0Capteur de pression\u00a0: ce syst\u00e8me permet de prot\u00e9ger les dents des pressions trop importantes.<\/p>\n<p>&#8211;\u00a0\u00a0\u00a0\u00a0\u00a0\u00a0\u00a0Modes de brossage\u00a0: standard et sensitive. Le mode Standard est d\u00e9velopp\u00e9 pour nettoyer quotidiennement la dentition et le mode Sensitive est sp\u00e9cialement con\u00e7u pour un brossage plus doux.<\/p>\n<p>&#8211;\u00a0\u00a0\u00a0\u00a0\u00a0\u00a0\u00a0Timing de brossage de 2 minutes\u00a0: toutes les 30 secondes, le temps est signal\u00e9<\/p>\n<p>Conseil d&rsquo;utilisation<\/p>\n<p>Utiliser la brosse \u00e0 dents\u00a0\u00e9lectrique Sunstar PowerCare quotidiennement \u00e0 raison de deux \u00e0 fois fois par jour.<\/p>\n","protected":false},"excerpt":{"rendered":"<p>Gum Sunstar PowerCare Professional expertise<\/p>\n<p>Passez \u00e0 l&rsquo;\u00e9lectrique avec la brosse \u00e0 dents GUM\u00ae PowerCARE\u2122<\/p>\n<p>Con\u00e7ue par des sp\u00e9cialistes, la\u00a0Brosse \u00e0 dents \u00e9lectrique Gum Sunstar PowerCare\u00a0dispose d\u2019une t\u00eate de brosse unique. D\u00e9velopp\u00e9e avec des poils doux, elle garantit un nettoyage pr\u00e9cis et un brossage d\u00e9licat au niveau des espaces interdentaires.<\/p>\n<p>Point forts :\u00a0<br \/>\nNettoyage en profondeur y compris dans les zones difficiles d&rsquo;acc\u00e8s<br \/>\nNettoyage ultra-doux pour les gencives sensibles et fragilis\u00e9es<\/p>\n","protected":false},"featured_media":1789,"comment_status":"open","ping_status":"closed","template":"","meta":[],"pwb-brand":[181],"product_cat":[212],"product_tag":[],"class_list":{"0":"post-1764","1":"product","2":"type-product","3":"status-publish","4":"has-post-thumbnail","6":"pwb-brand-gum","7":"product_cat-brosses-a-dents-electriques","8":"post","9":"ws-product--style-1","11":"first","12":"instock","13":"shipping-taxable","14":"purchasable","15":"product-type-simple"},"yoast_head":"<!-- This site is optimized with the Yoast SEO plugin v23.0 - https:\/\/yoast.com\/wordpress\/plugins\/seo\/ -->\n<title>Brosse \u00e0 dent \u00e9lectrique - Gum Sunstar PowerCare Professional expertise - OrthoPara<\/title>\n<meta name=\"robots\" content=\"index, follow, max-snippet:-1, max-image-preview:large, max-video-preview:-1\" \/>\n<link rel=\"canonical\" href=\"https:\/\/orthopara.store\/index.php\/produit\/brosse-a-dent-electrique-gum-sunstar-powercare-professional-expertise\/\" \/>\n<meta property=\"og:locale\" content=\"fr_FR\" \/>\n<meta property=\"og:type\" content=\"article\" \/>\n<meta property=\"og:title\" content=\"Brosse \u00e0 dent \u00e9lectrique - Gum Sunstar PowerCare Professional expertise - OrthoPara\" \/>\n<meta property=\"og:description\" content=\"Gum Sunstar PowerCare Professional expertise Passez \u00e0 l&#039;\u00e9lectrique avec la brosse \u00e0 dents GUM\u00ae PowerCARE\u2122 Con\u00e7ue par des sp\u00e9cialistes, la\u00a0Brosse \u00e0 dents \u00e9lectrique Gum Sunstar PowerCare\u00a0dispose d\u2019une t\u00eate de brosse unique. D\u00e9velopp\u00e9e avec des poils doux, elle garantit un nettoyage pr\u00e9cis et un brossage d\u00e9licat au niveau des espaces interdentaires. Point forts :\u00a0 Nettoyage en profondeur y compris dans les zones difficiles d&#039;acc\u00e8s Nettoyage ultra-doux pour les gencives sensibles et fragilis\u00e9es\" \/>\n<meta property=\"og:url\" content=\"https:\/\/orthopara.store\/index.php\/produit\/brosse-a-dent-electrique-gum-sunstar-powercare-professional-expertise\/\" \/>\n<meta property=\"og:site_name\" content=\"OrthoPara\" \/>\n<meta property=\"article:publisher\" content=\"https:\/\/www.facebook.com\/profile.php?id=61561194315651\" \/>\n<meta property=\"article:modified_time\" content=\"2024-11-07T08:39:43+00:00\" \/>\n<meta property=\"og:image\" content=\"https:\/\/orthopara.store\/wp-content\/uploads\/2024\/06\/brosse-a-dent-electrique-gum-sunstar-powercare-professional-expertise.jpg\" \/>\n\t<meta property=\"og:image:width\" content=\"800\" \/>\n\t<meta property=\"og:image:height\" content=\"800\" \/>\n\t<meta property=\"og:image:type\" content=\"image\/jpeg\" \/>\n<meta name=\"twitter:card\" content=\"summary_large_image\" \/>\n<meta name=\"twitter:label1\" content=\"Dur\u00e9e de lecture estim\u00e9e\" \/>\n\t<meta name=\"twitter:data1\" content=\"1 minute\" \/>\n<script type=\"application\/ld+json\" class=\"yoast-schema-graph\">{\"@context\":\"https:\/\/schema.org\",\"@graph\":[{\"@type\":\"WebPage\",\"@id\":\"https:\/\/orthopara.store\/index.php\/produit\/brosse-a-dent-electrique-gum-sunstar-powercare-professional-expertise\/\",\"url\":\"https:\/\/orthopara.store\/index.php\/produit\/brosse-a-dent-electrique-gum-sunstar-powercare-professional-expertise\/\",\"name\":\"Brosse \u00e0 dent \u00e9lectrique - Gum Sunstar PowerCare Professional expertise - OrthoPara\",\"isPartOf\":{\"@id\":\"https:\/\/orthopara.store\/#website\"},\"primaryImageOfPage\":{\"@id\":\"https:\/\/orthopara.store\/index.php\/produit\/brosse-a-dent-electrique-gum-sunstar-powercare-professional-expertise\/#primaryimage\"},\"image\":{\"@id\":\"https:\/\/orthopara.store\/index.php\/produit\/brosse-a-dent-electrique-gum-sunstar-powercare-professional-expertise\/#primaryimage\"},\"thumbnailUrl\":\"https:\/\/orthopara.store\/wp-content\/uploads\/2024\/06\/brosse-a-dent-electrique-gum-sunstar-powercare-professional-expertise.jpg\",\"datePublished\":\"2024-06-28T13:55:07+00:00\",\"dateModified\":\"2024-11-07T08:39:43+00:00\",\"breadcrumb\":{\"@id\":\"https:\/\/orthopara.store\/index.php\/produit\/brosse-a-dent-electrique-gum-sunstar-powercare-professional-expertise\/#breadcrumb\"},\"inLanguage\":\"fr-FR\",\"potentialAction\":[{\"@type\":\"ReadAction\",\"target\":[\"https:\/\/orthopara.store\/index.php\/produit\/brosse-a-dent-electrique-gum-sunstar-powercare-professional-expertise\/\"]}]},{\"@type\":\"ImageObject\",\"inLanguage\":\"fr-FR\",\"@id\":\"https:\/\/orthopara.store\/index.php\/produit\/brosse-a-dent-electrique-gum-sunstar-powercare-professional-expertise\/#primaryimage\",\"url\":\"https:\/\/orthopara.store\/wp-content\/uploads\/2024\/06\/brosse-a-dent-electrique-gum-sunstar-powercare-professional-expertise.jpg\",\"contentUrl\":\"https:\/\/orthopara.store\/wp-content\/uploads\/2024\/06\/brosse-a-dent-electrique-gum-sunstar-powercare-professional-expertise.jpg\",\"width\":800,\"height\":800},{\"@type\":\"BreadcrumbList\",\"@id\":\"https:\/\/orthopara.store\/index.php\/produit\/brosse-a-dent-electrique-gum-sunstar-powercare-professional-expertise\/#breadcrumb\",\"itemListElement\":[{\"@type\":\"ListItem\",\"position\":1,\"name\":\"Accueil\",\"item\":\"https:\/\/orthopara.store\/\"},{\"@type\":\"ListItem\",\"position\":2,\"name\":\"Shop\",\"item\":\"https:\/\/orthopara.store\/?page_id=622\"},{\"@type\":\"ListItem\",\"position\":3,\"name\":\"Brosse \u00e0 dent \u00e9lectrique &#8211; Gum Sunstar PowerCare Professional expertise\"}]},{\"@type\":\"WebSite\",\"@id\":\"https:\/\/orthopara.store\/#website\",\"url\":\"https:\/\/orthopara.store\/\",\"name\":\"OrthoPara\",\"description\":\"Parapharmacie\",\"publisher\":{\"@id\":\"https:\/\/orthopara.store\/#organization\"},\"potentialAction\":[{\"@type\":\"SearchAction\",\"target\":{\"@type\":\"EntryPoint\",\"urlTemplate\":\"https:\/\/orthopara.store\/?s={search_term_string}\"},\"query-input\":\"required name=search_term_string\"}],\"inLanguage\":\"fr-FR\"},{\"@type\":\"Organization\",\"@id\":\"https:\/\/orthopara.store\/#organization\",\"name\":\"OrthoPara\",\"url\":\"https:\/\/orthopara.store\/\",\"logo\":{\"@type\":\"ImageObject\",\"inLanguage\":\"fr-FR\",\"@id\":\"https:\/\/orthopara.store\/#\/schema\/logo\/image\/\",\"url\":\"https:\/\/orthopara.store\/wp-content\/uploads\/2024\/06\/cropped-9ABA8BAD-6256-4719-9315-15C66E64E882.png\",\"contentUrl\":\"https:\/\/orthopara.store\/wp-content\/uploads\/2024\/06\/cropped-9ABA8BAD-6256-4719-9315-15C66E64E882.png\",\"width\":240,\"height\":72,\"caption\":\"OrthoPara\"},\"image\":{\"@id\":\"https:\/\/orthopara.store\/#\/schema\/logo\/image\/\"},\"sameAs\":[\"https:\/\/www.facebook.com\/profile.php?id=61561194315651\",\"https:\/\/www.instagram.com\/orthopara_tunisie\/\"]}]}<\/script>\n<!-- \/ Yoast SEO plugin. -->","yoast_head_json":{"title":"Brosse \u00e0 dent \u00e9lectrique - Gum Sunstar PowerCare Professional expertise - OrthoPara","robots":{"index":"index","follow":"follow","max-snippet":"max-snippet:-1","max-image-preview":"max-image-preview:large","max-video-preview":"max-video-preview:-1"},"canonical":"https:\/\/orthopara.store\/index.php\/produit\/brosse-a-dent-electrique-gum-sunstar-powercare-professional-expertise\/","og_locale":"fr_FR","og_type":"article","og_title":"Brosse \u00e0 dent \u00e9lectrique - Gum Sunstar PowerCare Professional expertise - OrthoPara","og_description":"Gum Sunstar PowerCare Professional expertise Passez \u00e0 l'\u00e9lectrique avec la brosse \u00e0 dents GUM\u00ae PowerCARE\u2122 Con\u00e7ue par des sp\u00e9cialistes, la\u00a0Brosse \u00e0 dents \u00e9lectrique Gum Sunstar PowerCare\u00a0dispose d\u2019une t\u00eate de brosse unique. D\u00e9velopp\u00e9e avec des poils doux, elle garantit un nettoyage pr\u00e9cis et un brossage d\u00e9licat au niveau des espaces interdentaires. Point forts :\u00a0 Nettoyage en profondeur y compris dans les zones difficiles d'acc\u00e8s Nettoyage ultra-doux pour les gencives sensibles et fragilis\u00e9es","og_url":"https:\/\/orthopara.store\/index.php\/produit\/brosse-a-dent-electrique-gum-sunstar-powercare-professional-expertise\/","og_site_name":"OrthoPara","article_publisher":"https:\/\/www.facebook.com\/profile.php?id=61561194315651","article_modified_time":"2024-11-07T08:39:43+00:00","og_image":[{"width":800,"height":800,"url":"https:\/\/orthopara.store\/wp-content\/uploads\/2024\/06\/brosse-a-dent-electrique-gum-sunstar-powercare-professional-expertise.jpg","type":"image\/jpeg"}],"twitter_card":"summary_large_image","twitter_misc":{"Dur\u00e9e de lecture estim\u00e9e":"1 minute"},"schema":{"@context":"https:\/\/schema.org","@graph":[{"@type":"WebPage","@id":"https:\/\/orthopara.store\/index.php\/produit\/brosse-a-dent-electrique-gum-sunstar-powercare-professional-expertise\/","url":"https:\/\/orthopara.store\/index.php\/produit\/brosse-a-dent-electrique-gum-sunstar-powercare-professional-expertise\/","name":"Brosse \u00e0 dent \u00e9lectrique - Gum Sunstar PowerCare Professional expertise - OrthoPara","isPartOf":{"@id":"https:\/\/orthopara.store\/#website"},"primaryImageOfPage":{"@id":"https:\/\/orthopara.store\/index.php\/produit\/brosse-a-dent-electrique-gum-sunstar-powercare-professional-expertise\/#primaryimage"},"image":{"@id":"https:\/\/orthopara.store\/index.php\/produit\/brosse-a-dent-electrique-gum-sunstar-powercare-professional-expertise\/#primaryimage"},"thumbnailUrl":"https:\/\/orthopara.store\/wp-content\/uploads\/2024\/06\/brosse-a-dent-electrique-gum-sunstar-powercare-professional-expertise.jpg","datePublished":"2024-06-28T13:55:07+00:00","dateModified":"2024-11-07T08:39:43+00:00","breadcrumb":{"@id":"https:\/\/orthopara.store\/index.php\/produit\/brosse-a-dent-electrique-gum-sunstar-powercare-professional-expertise\/#breadcrumb"},"inLanguage":"fr-FR","potentialAction":[{"@type":"ReadAction","target":["https:\/\/orthopara.store\/index.php\/produit\/brosse-a-dent-electrique-gum-sunstar-powercare-professional-expertise\/"]}]},{"@type":"ImageObject","inLanguage":"fr-FR","@id":"https:\/\/orthopara.store\/index.php\/produit\/brosse-a-dent-electrique-gum-sunstar-powercare-professional-expertise\/#primaryimage","url":"https:\/\/orthopara.store\/wp-content\/uploads\/2024\/06\/brosse-a-dent-electrique-gum-sunstar-powercare-professional-expertise.jpg","contentUrl":"https:\/\/orthopara.store\/wp-content\/uploads\/2024\/06\/brosse-a-dent-electrique-gum-sunstar-powercare-professional-expertise.jpg","width":800,"height":800},{"@type":"BreadcrumbList","@id":"https:\/\/orthopara.store\/index.php\/produit\/brosse-a-dent-electrique-gum-sunstar-powercare-professional-expertise\/#breadcrumb","itemListElement":[{"@type":"ListItem","position":1,"name":"Accueil","item":"https:\/\/orthopara.store\/"},{"@type":"ListItem","position":2,"name":"Shop","item":"https:\/\/orthopara.store\/?page_id=622"},{"@type":"ListItem","position":3,"name":"Brosse \u00e0 dent \u00e9lectrique &#8211; Gum Sunstar PowerCare Professional expertise"}]},{"@type":"WebSite","@id":"https:\/\/orthopara.store\/#website","url":"https:\/\/orthopara.store\/","name":"OrthoPara","description":"Parapharmacie","publisher":{"@id":"https:\/\/orthopara.store\/#organization"},"potentialAction":[{"@type":"SearchAction","target":{"@type":"EntryPoint","urlTemplate":"https:\/\/orthopara.store\/?s={search_term_string}"},"query-input":"required name=search_term_string"}],"inLanguage":"fr-FR"},{"@type":"Organization","@id":"https:\/\/orthopara.store\/#organization","name":"OrthoPara","url":"https:\/\/orthopara.store\/","logo":{"@type":"ImageObject","inLanguage":"fr-FR","@id":"https:\/\/orthopara.store\/#\/schema\/logo\/image\/","url":"https:\/\/orthopara.store\/wp-content\/uploads\/2024\/06\/cropped-9ABA8BAD-6256-4719-9315-15C66E64E882.png","contentUrl":"https:\/\/orthopara.store\/wp-content\/uploads\/2024\/06\/cropped-9ABA8BAD-6256-4719-9315-15C66E64E882.png","width":240,"height":72,"caption":"OrthoPara"},"image":{"@id":"https:\/\/orthopara.store\/#\/schema\/logo\/image\/"},"sameAs":["https:\/\/www.facebook.com\/profile.php?id=61561194315651","https:\/\/www.instagram.com\/orthopara_tunisie\/"]}]}},"jetpack_sharing_enabled":true,"brands":[{"id":181,"name":"GUM","slug":"gum"}],"_links":{"self":[{"href":"https:\/\/orthopara.store\/index.php?rest_route=\/wp\/v2\/product\/1764","targetHints":{"allow":["GET"]}}],"collection":[{"href":"https:\/\/orthopara.store\/index.php?rest_route=\/wp\/v2\/product"}],"about":[{"href":"https:\/\/orthopara.store\/index.php?rest_route=\/wp\/v2\/types\/product"}],"replies":[{"embeddable":true,"href":"https:\/\/orthopara.store\/index.php?rest_route=%2Fwp%2Fv2%2Fcomments&post=1764"}],"wp:featuredmedia":[{"embeddable":true,"href":"https:\/\/orthopara.store\/index.php?rest_route=\/wp\/v2\/media\/1789"}],"wp:attachment":[{"href":"https:\/\/orthopara.store\/index.php?rest_route=%2Fwp%2Fv2%2Fmedia&parent=1764"}],"wp:term":[{"taxonomy":"pwb-brand","embeddable":true,"href":"https:\/\/orthopara.store\/index.php?rest_route=%2Fwp%2Fv2%2Fpwb-brand&post=1764"},{"taxonomy":"product_cat","embeddable":true,"href":"https:\/\/orthopara.store\/index.php?rest_route=%2Fwp%2Fv2%2Fproduct_cat&post=1764"},{"taxonomy":"product_tag","embeddable":true,"href":"https:\/\/orthopara.store\/index.php?rest_route=%2Fwp%2Fv2%2Fproduct_tag&post=1764"}],"curies":[{"name":"wp","href":"https:\/\/api.w.org\/{rel}","templated":true}]}}