{"id":1765,"date":"2024-06-28T15:55:07","date_gmt":"2024-06-28T13:55:07","guid":{"rendered":"https:\/\/orthopara.store\/?post_type=product&#038;p=1765"},"modified":"2024-11-07T09:45:03","modified_gmt":"2024-11-07T08:45:03","slug":"brosse-a-dents-electrique-oral-b-pro-500-3d-white","status":"publish","type":"product","link":"https:\/\/orthopara.store\/?product=brosse-a-dents-electrique-oral-b-pro-500-3d-white","title":{"rendered":"Brosse \u00e0 dents \u00e9lectrique &#8211; Oral-B Pro 500 3D white"},"content":{"rendered":"<p>Brosse \u00e0 dents \u00e9lectrique &#8211; Oral-B Pro 500 3D white\u00a0<br \/>\nLa brosse \u00e0 dents \u00e9lectrique Pro 1 500 3D White vous aide \u00e0 vous brosser comme votre dentiste vous le sugg\u00e8re pendant 2 minutes, gr\u00e2ce \u00e0 la minuterie professionnelle. Pendant que vous d\u00e9placez simplement la brosse dans votre bouche, la t\u00eate ronde unique de l&rsquo;Oral-B fait tout le reste.<br \/>\n\u00c9limine jusqu&rsquo;\u00e0 100% plus de plaque dentaire qu&rsquo;une brosse \u00e0 dents manuelle ordinaire, pour des gencives plus saines, tout en rendant votre sourire plus blanc d\u00e8s le premier jour, en \u00e9liminant les taches de surface.<br \/>\nPoints importants<br \/>\nLa brosse \u00e0 dents id\u00e9ale pour un nettoyage quotidien complet<br \/>\n\u00c9limine plus de plaque dentaire qu\u2019une brosse \u00e0 dents manuelle classique<br \/>\nSon action de nettoyage\u00a02D associe oscillations et rotations pour \u00e9liminer la plaque dentaire plus efficacement qu\u2019une brosse \u00e0 dents manuelle classique<\/p>\n<p>Oral-B, la marque de brosses \u00e0 dents la plus utilis\u00e9e par les dentistes eux-m\u00eames dans le monde<\/p>\n","protected":false},"excerpt":{"rendered":"<p>Oral-B Pro 1 500 3D white\u00a0\u00a0<br \/>\nBrosse \u00e0 dents \u00e9lectrique<br \/>\nOral-B brosse \u00e0 dents \u00e9lectrique\u00a0rechargeable compos\u00e9e de :<br \/>\nune manche de brosse \u00e0 dents,<br \/>\nune t\u00eate de brosse \u00e0 dents,<br \/>\nune base de chargement,<br \/>\nun chargeur<\/p>\n","protected":false},"featured_media":1790,"comment_status":"open","ping_status":"closed","template":"","meta":[],"pwb-brand":[213],"product_cat":[212],"product_tag":[],"class_list":{"0":"post-1765","1":"product","2":"type-product","3":"status-publish","4":"has-post-thumbnail","6":"pwb-brand-oral-b","7":"product_cat-brosses-a-dents-electriques","8":"post","9":"ws-product--style-1","11":"first","12":"instock","13":"shipping-taxable","14":"purchasable","15":"product-type-simple"},"yoast_head":"<!-- This site is optimized with the Yoast SEO plugin v23.0 - https:\/\/yoast.com\/wordpress\/plugins\/seo\/ -->\n<title>Brosse \u00e0 dents \u00e9lectrique - Oral-B Pro 500 3D white - OrthoPara<\/title>\n<meta name=\"robots\" content=\"index, follow, max-snippet:-1, max-image-preview:large, max-video-preview:-1\" \/>\n<link rel=\"canonical\" href=\"https:\/\/orthopara.store\/index.php\/produit\/brosse-a-dents-electrique-oral-b-pro-500-3d-white\/\" \/>\n<meta property=\"og:locale\" content=\"fr_FR\" \/>\n<meta property=\"og:type\" content=\"article\" \/>\n<meta property=\"og:title\" content=\"Brosse \u00e0 dents \u00e9lectrique - Oral-B Pro 500 3D white - OrthoPara\" \/>\n<meta property=\"og:description\" content=\"Oral-B Pro 1 500 3D white\u00a0\u00a0 Brosse \u00e0 dents \u00e9lectrique Oral-B brosse \u00e0 dents \u00e9lectrique\u00a0rechargeable compos\u00e9e de : une manche de brosse \u00e0 dents, une t\u00eate de brosse \u00e0 dents, une base de chargement, un chargeur\" \/>\n<meta property=\"og:url\" content=\"https:\/\/orthopara.store\/index.php\/produit\/brosse-a-dents-electrique-oral-b-pro-500-3d-white\/\" \/>\n<meta property=\"og:site_name\" content=\"OrthoPara\" \/>\n<meta property=\"article:publisher\" content=\"https:\/\/www.facebook.com\/profile.php?id=61561194315651\" \/>\n<meta property=\"article:modified_time\" content=\"2024-11-07T08:45:03+00:00\" \/>\n<meta property=\"og:image\" content=\"https:\/\/orthopara.store\/wp-content\/uploads\/2024\/06\/brosse-a-dents-electrique-oral-b-pro-500-3d-white-.jpg\" \/>\n\t<meta property=\"og:image:width\" content=\"800\" \/>\n\t<meta property=\"og:image:height\" content=\"800\" \/>\n\t<meta property=\"og:image:type\" content=\"image\/jpeg\" \/>\n<meta name=\"twitter:card\" content=\"summary_large_image\" \/>\n<meta name=\"twitter:label1\" content=\"Dur\u00e9e de lecture estim\u00e9e\" \/>\n\t<meta name=\"twitter:data1\" content=\"1 minute\" \/>\n<script type=\"application\/ld+json\" class=\"yoast-schema-graph\">{\"@context\":\"https:\/\/schema.org\",\"@graph\":[{\"@type\":\"WebPage\",\"@id\":\"https:\/\/orthopara.store\/index.php\/produit\/brosse-a-dents-electrique-oral-b-pro-500-3d-white\/\",\"url\":\"https:\/\/orthopara.store\/index.php\/produit\/brosse-a-dents-electrique-oral-b-pro-500-3d-white\/\",\"name\":\"Brosse \u00e0 dents \u00e9lectrique - Oral-B Pro 500 3D white - OrthoPara\",\"isPartOf\":{\"@id\":\"https:\/\/orthopara.store\/#website\"},\"primaryImageOfPage\":{\"@id\":\"https:\/\/orthopara.store\/index.php\/produit\/brosse-a-dents-electrique-oral-b-pro-500-3d-white\/#primaryimage\"},\"image\":{\"@id\":\"https:\/\/orthopara.store\/index.php\/produit\/brosse-a-dents-electrique-oral-b-pro-500-3d-white\/#primaryimage\"},\"thumbnailUrl\":\"https:\/\/orthopara.store\/wp-content\/uploads\/2024\/06\/brosse-a-dents-electrique-oral-b-pro-500-3d-white-.jpg\",\"datePublished\":\"2024-06-28T13:55:07+00:00\",\"dateModified\":\"2024-11-07T08:45:03+00:00\",\"breadcrumb\":{\"@id\":\"https:\/\/orthopara.store\/index.php\/produit\/brosse-a-dents-electrique-oral-b-pro-500-3d-white\/#breadcrumb\"},\"inLanguage\":\"fr-FR\",\"potentialAction\":[{\"@type\":\"ReadAction\",\"target\":[\"https:\/\/orthopara.store\/index.php\/produit\/brosse-a-dents-electrique-oral-b-pro-500-3d-white\/\"]}]},{\"@type\":\"ImageObject\",\"inLanguage\":\"fr-FR\",\"@id\":\"https:\/\/orthopara.store\/index.php\/produit\/brosse-a-dents-electrique-oral-b-pro-500-3d-white\/#primaryimage\",\"url\":\"https:\/\/orthopara.store\/wp-content\/uploads\/2024\/06\/brosse-a-dents-electrique-oral-b-pro-500-3d-white-.jpg\",\"contentUrl\":\"https:\/\/orthopara.store\/wp-content\/uploads\/2024\/06\/brosse-a-dents-electrique-oral-b-pro-500-3d-white-.jpg\",\"width\":800,\"height\":800},{\"@type\":\"BreadcrumbList\",\"@id\":\"https:\/\/orthopara.store\/index.php\/produit\/brosse-a-dents-electrique-oral-b-pro-500-3d-white\/#breadcrumb\",\"itemListElement\":[{\"@type\":\"ListItem\",\"position\":1,\"name\":\"Accueil\",\"item\":\"https:\/\/orthopara.store\/\"},{\"@type\":\"ListItem\",\"position\":2,\"name\":\"Shop\",\"item\":\"https:\/\/orthopara.store\/?page_id=622\"},{\"@type\":\"ListItem\",\"position\":3,\"name\":\"Brosse \u00e0 dents \u00e9lectrique &#8211; Oral-B Pro 500 3D white\"}]},{\"@type\":\"WebSite\",\"@id\":\"https:\/\/orthopara.store\/#website\",\"url\":\"https:\/\/orthopara.store\/\",\"name\":\"OrthoPara\",\"description\":\"Parapharmacie\",\"publisher\":{\"@id\":\"https:\/\/orthopara.store\/#organization\"},\"potentialAction\":[{\"@type\":\"SearchAction\",\"target\":{\"@type\":\"EntryPoint\",\"urlTemplate\":\"https:\/\/orthopara.store\/?s={search_term_string}\"},\"query-input\":\"required name=search_term_string\"}],\"inLanguage\":\"fr-FR\"},{\"@type\":\"Organization\",\"@id\":\"https:\/\/orthopara.store\/#organization\",\"name\":\"OrthoPara\",\"url\":\"https:\/\/orthopara.store\/\",\"logo\":{\"@type\":\"ImageObject\",\"inLanguage\":\"fr-FR\",\"@id\":\"https:\/\/orthopara.store\/#\/schema\/logo\/image\/\",\"url\":\"https:\/\/orthopara.store\/wp-content\/uploads\/2024\/06\/cropped-9ABA8BAD-6256-4719-9315-15C66E64E882.png\",\"contentUrl\":\"https:\/\/orthopara.store\/wp-content\/uploads\/2024\/06\/cropped-9ABA8BAD-6256-4719-9315-15C66E64E882.png\",\"width\":240,\"height\":72,\"caption\":\"OrthoPara\"},\"image\":{\"@id\":\"https:\/\/orthopara.store\/#\/schema\/logo\/image\/\"},\"sameAs\":[\"https:\/\/www.facebook.com\/profile.php?id=61561194315651\",\"https:\/\/www.instagram.com\/orthopara_tunisie\/\"]}]}<\/script>\n<!-- \/ Yoast SEO plugin. -->","yoast_head_json":{"title":"Brosse \u00e0 dents \u00e9lectrique - Oral-B Pro 500 3D white - OrthoPara","robots":{"index":"index","follow":"follow","max-snippet":"max-snippet:-1","max-image-preview":"max-image-preview:large","max-video-preview":"max-video-preview:-1"},"canonical":"https:\/\/orthopara.store\/index.php\/produit\/brosse-a-dents-electrique-oral-b-pro-500-3d-white\/","og_locale":"fr_FR","og_type":"article","og_title":"Brosse \u00e0 dents \u00e9lectrique - Oral-B Pro 500 3D white - OrthoPara","og_description":"Oral-B Pro 1 500 3D white\u00a0\u00a0 Brosse \u00e0 dents \u00e9lectrique Oral-B brosse \u00e0 dents \u00e9lectrique\u00a0rechargeable compos\u00e9e de : une manche de brosse \u00e0 dents, une t\u00eate de brosse \u00e0 dents, une base de chargement, un chargeur","og_url":"https:\/\/orthopara.store\/index.php\/produit\/brosse-a-dents-electrique-oral-b-pro-500-3d-white\/","og_site_name":"OrthoPara","article_publisher":"https:\/\/www.facebook.com\/profile.php?id=61561194315651","article_modified_time":"2024-11-07T08:45:03+00:00","og_image":[{"width":800,"height":800,"url":"https:\/\/orthopara.store\/wp-content\/uploads\/2024\/06\/brosse-a-dents-electrique-oral-b-pro-500-3d-white-.jpg","type":"image\/jpeg"}],"twitter_card":"summary_large_image","twitter_misc":{"Dur\u00e9e de lecture estim\u00e9e":"1 minute"},"schema":{"@context":"https:\/\/schema.org","@graph":[{"@type":"WebPage","@id":"https:\/\/orthopara.store\/index.php\/produit\/brosse-a-dents-electrique-oral-b-pro-500-3d-white\/","url":"https:\/\/orthopara.store\/index.php\/produit\/brosse-a-dents-electrique-oral-b-pro-500-3d-white\/","name":"Brosse \u00e0 dents \u00e9lectrique - Oral-B Pro 500 3D white - OrthoPara","isPartOf":{"@id":"https:\/\/orthopara.store\/#website"},"primaryImageOfPage":{"@id":"https:\/\/orthopara.store\/index.php\/produit\/brosse-a-dents-electrique-oral-b-pro-500-3d-white\/#primaryimage"},"image":{"@id":"https:\/\/orthopara.store\/index.php\/produit\/brosse-a-dents-electrique-oral-b-pro-500-3d-white\/#primaryimage"},"thumbnailUrl":"https:\/\/orthopara.store\/wp-content\/uploads\/2024\/06\/brosse-a-dents-electrique-oral-b-pro-500-3d-white-.jpg","datePublished":"2024-06-28T13:55:07+00:00","dateModified":"2024-11-07T08:45:03+00:00","breadcrumb":{"@id":"https:\/\/orthopara.store\/index.php\/produit\/brosse-a-dents-electrique-oral-b-pro-500-3d-white\/#breadcrumb"},"inLanguage":"fr-FR","potentialAction":[{"@type":"ReadAction","target":["https:\/\/orthopara.store\/index.php\/produit\/brosse-a-dents-electrique-oral-b-pro-500-3d-white\/"]}]},{"@type":"ImageObject","inLanguage":"fr-FR","@id":"https:\/\/orthopara.store\/index.php\/produit\/brosse-a-dents-electrique-oral-b-pro-500-3d-white\/#primaryimage","url":"https:\/\/orthopara.store\/wp-content\/uploads\/2024\/06\/brosse-a-dents-electrique-oral-b-pro-500-3d-white-.jpg","contentUrl":"https:\/\/orthopara.store\/wp-content\/uploads\/2024\/06\/brosse-a-dents-electrique-oral-b-pro-500-3d-white-.jpg","width":800,"height":800},{"@type":"BreadcrumbList","@id":"https:\/\/orthopara.store\/index.php\/produit\/brosse-a-dents-electrique-oral-b-pro-500-3d-white\/#breadcrumb","itemListElement":[{"@type":"ListItem","position":1,"name":"Accueil","item":"https:\/\/orthopara.store\/"},{"@type":"ListItem","position":2,"name":"Shop","item":"https:\/\/orthopara.store\/?page_id=622"},{"@type":"ListItem","position":3,"name":"Brosse \u00e0 dents \u00e9lectrique &#8211; Oral-B Pro 500 3D white"}]},{"@type":"WebSite","@id":"https:\/\/orthopara.store\/#website","url":"https:\/\/orthopara.store\/","name":"OrthoPara","description":"Parapharmacie","publisher":{"@id":"https:\/\/orthopara.store\/#organization"},"potentialAction":[{"@type":"SearchAction","target":{"@type":"EntryPoint","urlTemplate":"https:\/\/orthopara.store\/?s={search_term_string}"},"query-input":"required name=search_term_string"}],"inLanguage":"fr-FR"},{"@type":"Organization","@id":"https:\/\/orthopara.store\/#organization","name":"OrthoPara","url":"https:\/\/orthopara.store\/","logo":{"@type":"ImageObject","inLanguage":"fr-FR","@id":"https:\/\/orthopara.store\/#\/schema\/logo\/image\/","url":"https:\/\/orthopara.store\/wp-content\/uploads\/2024\/06\/cropped-9ABA8BAD-6256-4719-9315-15C66E64E882.png","contentUrl":"https:\/\/orthopara.store\/wp-content\/uploads\/2024\/06\/cropped-9ABA8BAD-6256-4719-9315-15C66E64E882.png","width":240,"height":72,"caption":"OrthoPara"},"image":{"@id":"https:\/\/orthopara.store\/#\/schema\/logo\/image\/"},"sameAs":["https:\/\/www.facebook.com\/profile.php?id=61561194315651","https:\/\/www.instagram.com\/orthopara_tunisie\/"]}]}},"jetpack_sharing_enabled":true,"brands":[{"id":213,"name":"Oral-B","slug":"oral-b"}],"_links":{"self":[{"href":"https:\/\/orthopara.store\/index.php?rest_route=\/wp\/v2\/product\/1765","targetHints":{"allow":["GET"]}}],"collection":[{"href":"https:\/\/orthopara.store\/index.php?rest_route=\/wp\/v2\/product"}],"about":[{"href":"https:\/\/orthopara.store\/index.php?rest_route=\/wp\/v2\/types\/product"}],"replies":[{"embeddable":true,"href":"https:\/\/orthopara.store\/index.php?rest_route=%2Fwp%2Fv2%2Fcomments&post=1765"}],"wp:featuredmedia":[{"embeddable":true,"href":"https:\/\/orthopara.store\/index.php?rest_route=\/wp\/v2\/media\/1790"}],"wp:attachment":[{"href":"https:\/\/orthopara.store\/index.php?rest_route=%2Fwp%2Fv2%2Fmedia&parent=1765"}],"wp:term":[{"taxonomy":"pwb-brand","embeddable":true,"href":"https:\/\/orthopara.store\/index.php?rest_route=%2Fwp%2Fv2%2Fpwb-brand&post=1765"},{"taxonomy":"product_cat","embeddable":true,"href":"https:\/\/orthopara.store\/index.php?rest_route=%2Fwp%2Fv2%2Fproduct_cat&post=1765"},{"taxonomy":"product_tag","embeddable":true,"href":"https:\/\/orthopara.store\/index.php?rest_route=%2Fwp%2Fv2%2Fproduct_tag&post=1765"}],"curies":[{"name":"wp","href":"https:\/\/api.w.org\/{rel}","templated":true}]}}