{"id":1766,"date":"2024-06-28T15:55:07","date_gmt":"2024-06-28T13:55:07","guid":{"rendered":"https:\/\/orthopara.store\/?post_type=product&#038;p=1766"},"modified":"2024-11-07T09:46:18","modified_gmt":"2024-11-07T08:46:18","slug":"brossettes-cross-action-oral-b-2-eb50-lot-de-2","status":"publish","type":"product","link":"https:\/\/orthopara.store\/?product=brossettes-cross-action-oral-b-2-eb50-lot-de-2","title":{"rendered":"Brossettes Cross Action &#8211; Oral-B 2 EB50 &#8211; Lot de 2"},"content":{"rendered":"<p>Brossettes Cross Action &#8211; Oral-B 2 EB50 &#8211; Lot de 2<br \/>\nOral B EB50 2 brossettes CrossAction Compatible avec tous les manches de brosse \u00e0 dents \u00e9lectrique Oral-B, \u00e0 l\u2019exception d\u2019Oral-B Pulsonic<br \/>\nLe meilleur d\u2019Oral-B pour un nettoyage bucco-dentaire complet (sauf Oral-B iO)<br \/>\nJusqu\u2019\u00e0 100 % d\u2019\u00e9limination de la plaque dentaire en plus et des gencives plus saines, par rapport \u00e0 une brosse \u00e0 dents manuelle classique<br \/>\nGr\u00e2ce \u00e0 la technologie CleanMaximiser, les brins verts deviennent jaunes quand il est temps de changer la brossette brins parfaitement inclin\u00e9s \u00e0 16 degr\u00e9s pour atteindre l\u2019espace interdentaire en profondeur et \u00e9liminer la plaque dentaire<\/p>\n","protected":false},"excerpt":{"rendered":"<p>Oral-B 2 EB50<br \/>\n2 brossettes Cross Action\u00a0<br \/>\nCrossAction est l\u2019une des brossettes haut de gamme propos\u00e9es par Oral-B.<\/p>\n","protected":false},"featured_media":1791,"comment_status":"open","ping_status":"closed","template":"","meta":[],"pwb-brand":[213],"product_cat":[212],"product_tag":[],"class_list":{"0":"post-1766","1":"product","2":"type-product","3":"status-publish","4":"has-post-thumbnail","6":"pwb-brand-oral-b","7":"product_cat-brosses-a-dents-electriques","8":"post","9":"ws-product--style-1","11":"first","12":"instock","13":"shipping-taxable","14":"purchasable","15":"product-type-simple"},"yoast_head":"<!-- This site is optimized with the Yoast SEO plugin v23.0 - https:\/\/yoast.com\/wordpress\/plugins\/seo\/ -->\n<title>Brossettes Cross Action - Oral-B 2 EB50 - Lot de 2 - OrthoPara<\/title>\n<meta name=\"robots\" content=\"index, follow, max-snippet:-1, max-image-preview:large, max-video-preview:-1\" \/>\n<link rel=\"canonical\" href=\"https:\/\/orthopara.store\/index.php\/produit\/brossettes-cross-action-oral-b-2-eb50-lot-de-2\/\" \/>\n<meta property=\"og:locale\" content=\"fr_FR\" \/>\n<meta property=\"og:type\" content=\"article\" \/>\n<meta property=\"og:title\" content=\"Brossettes Cross Action - Oral-B 2 EB50 - Lot de 2 - OrthoPara\" \/>\n<meta property=\"og:description\" content=\"Oral-B 2 EB50 2 brossettes Cross Action\u00a0 CrossAction est l\u2019une des brossettes haut de gamme propos\u00e9es par Oral-B.\" \/>\n<meta property=\"og:url\" content=\"https:\/\/orthopara.store\/index.php\/produit\/brossettes-cross-action-oral-b-2-eb50-lot-de-2\/\" \/>\n<meta property=\"og:site_name\" content=\"OrthoPara\" \/>\n<meta property=\"article:publisher\" content=\"https:\/\/www.facebook.com\/profile.php?id=61561194315651\" \/>\n<meta property=\"article:modified_time\" content=\"2024-11-07T08:46:18+00:00\" \/>\n<meta property=\"og:image\" content=\"https:\/\/orthopara.store\/wp-content\/uploads\/2024\/06\/brossettes-cross-action-oral-b-2-eb50-lot-de-2.jpg\" \/>\n\t<meta property=\"og:image:width\" content=\"800\" \/>\n\t<meta property=\"og:image:height\" content=\"800\" \/>\n\t<meta property=\"og:image:type\" content=\"image\/jpeg\" \/>\n<meta name=\"twitter:card\" content=\"summary_large_image\" \/>\n<script type=\"application\/ld+json\" class=\"yoast-schema-graph\">{\"@context\":\"https:\/\/schema.org\",\"@graph\":[{\"@type\":\"WebPage\",\"@id\":\"https:\/\/orthopara.store\/index.php\/produit\/brossettes-cross-action-oral-b-2-eb50-lot-de-2\/\",\"url\":\"https:\/\/orthopara.store\/index.php\/produit\/brossettes-cross-action-oral-b-2-eb50-lot-de-2\/\",\"name\":\"Brossettes Cross Action - Oral-B 2 EB50 - Lot de 2 - OrthoPara\",\"isPartOf\":{\"@id\":\"https:\/\/orthopara.store\/#website\"},\"primaryImageOfPage\":{\"@id\":\"https:\/\/orthopara.store\/index.php\/produit\/brossettes-cross-action-oral-b-2-eb50-lot-de-2\/#primaryimage\"},\"image\":{\"@id\":\"https:\/\/orthopara.store\/index.php\/produit\/brossettes-cross-action-oral-b-2-eb50-lot-de-2\/#primaryimage\"},\"thumbnailUrl\":\"https:\/\/orthopara.store\/wp-content\/uploads\/2024\/06\/brossettes-cross-action-oral-b-2-eb50-lot-de-2.jpg\",\"datePublished\":\"2024-06-28T13:55:07+00:00\",\"dateModified\":\"2024-11-07T08:46:18+00:00\",\"breadcrumb\":{\"@id\":\"https:\/\/orthopara.store\/index.php\/produit\/brossettes-cross-action-oral-b-2-eb50-lot-de-2\/#breadcrumb\"},\"inLanguage\":\"fr-FR\",\"potentialAction\":[{\"@type\":\"ReadAction\",\"target\":[\"https:\/\/orthopara.store\/index.php\/produit\/brossettes-cross-action-oral-b-2-eb50-lot-de-2\/\"]}]},{\"@type\":\"ImageObject\",\"inLanguage\":\"fr-FR\",\"@id\":\"https:\/\/orthopara.store\/index.php\/produit\/brossettes-cross-action-oral-b-2-eb50-lot-de-2\/#primaryimage\",\"url\":\"https:\/\/orthopara.store\/wp-content\/uploads\/2024\/06\/brossettes-cross-action-oral-b-2-eb50-lot-de-2.jpg\",\"contentUrl\":\"https:\/\/orthopara.store\/wp-content\/uploads\/2024\/06\/brossettes-cross-action-oral-b-2-eb50-lot-de-2.jpg\",\"width\":800,\"height\":800},{\"@type\":\"BreadcrumbList\",\"@id\":\"https:\/\/orthopara.store\/index.php\/produit\/brossettes-cross-action-oral-b-2-eb50-lot-de-2\/#breadcrumb\",\"itemListElement\":[{\"@type\":\"ListItem\",\"position\":1,\"name\":\"Accueil\",\"item\":\"https:\/\/orthopara.store\/\"},{\"@type\":\"ListItem\",\"position\":2,\"name\":\"Shop\",\"item\":\"https:\/\/orthopara.store\/?page_id=622\"},{\"@type\":\"ListItem\",\"position\":3,\"name\":\"Brossettes Cross Action &#8211; Oral-B 2 EB50 &#8211; Lot de 2\"}]},{\"@type\":\"WebSite\",\"@id\":\"https:\/\/orthopara.store\/#website\",\"url\":\"https:\/\/orthopara.store\/\",\"name\":\"OrthoPara\",\"description\":\"Parapharmacie\",\"publisher\":{\"@id\":\"https:\/\/orthopara.store\/#organization\"},\"potentialAction\":[{\"@type\":\"SearchAction\",\"target\":{\"@type\":\"EntryPoint\",\"urlTemplate\":\"https:\/\/orthopara.store\/?s={search_term_string}\"},\"query-input\":\"required name=search_term_string\"}],\"inLanguage\":\"fr-FR\"},{\"@type\":\"Organization\",\"@id\":\"https:\/\/orthopara.store\/#organization\",\"name\":\"OrthoPara\",\"url\":\"https:\/\/orthopara.store\/\",\"logo\":{\"@type\":\"ImageObject\",\"inLanguage\":\"fr-FR\",\"@id\":\"https:\/\/orthopara.store\/#\/schema\/logo\/image\/\",\"url\":\"https:\/\/orthopara.store\/wp-content\/uploads\/2024\/06\/cropped-9ABA8BAD-6256-4719-9315-15C66E64E882.png\",\"contentUrl\":\"https:\/\/orthopara.store\/wp-content\/uploads\/2024\/06\/cropped-9ABA8BAD-6256-4719-9315-15C66E64E882.png\",\"width\":240,\"height\":72,\"caption\":\"OrthoPara\"},\"image\":{\"@id\":\"https:\/\/orthopara.store\/#\/schema\/logo\/image\/\"},\"sameAs\":[\"https:\/\/www.facebook.com\/profile.php?id=61561194315651\",\"https:\/\/www.instagram.com\/orthopara_tunisie\/\"]}]}<\/script>\n<!-- \/ Yoast SEO plugin. -->","yoast_head_json":{"title":"Brossettes Cross Action - Oral-B 2 EB50 - Lot de 2 - OrthoPara","robots":{"index":"index","follow":"follow","max-snippet":"max-snippet:-1","max-image-preview":"max-image-preview:large","max-video-preview":"max-video-preview:-1"},"canonical":"https:\/\/orthopara.store\/index.php\/produit\/brossettes-cross-action-oral-b-2-eb50-lot-de-2\/","og_locale":"fr_FR","og_type":"article","og_title":"Brossettes Cross Action - Oral-B 2 EB50 - Lot de 2 - OrthoPara","og_description":"Oral-B 2 EB50 2 brossettes Cross Action\u00a0 CrossAction est l\u2019une des brossettes haut de gamme propos\u00e9es par Oral-B.","og_url":"https:\/\/orthopara.store\/index.php\/produit\/brossettes-cross-action-oral-b-2-eb50-lot-de-2\/","og_site_name":"OrthoPara","article_publisher":"https:\/\/www.facebook.com\/profile.php?id=61561194315651","article_modified_time":"2024-11-07T08:46:18+00:00","og_image":[{"width":800,"height":800,"url":"https:\/\/orthopara.store\/wp-content\/uploads\/2024\/06\/brossettes-cross-action-oral-b-2-eb50-lot-de-2.jpg","type":"image\/jpeg"}],"twitter_card":"summary_large_image","schema":{"@context":"https:\/\/schema.org","@graph":[{"@type":"WebPage","@id":"https:\/\/orthopara.store\/index.php\/produit\/brossettes-cross-action-oral-b-2-eb50-lot-de-2\/","url":"https:\/\/orthopara.store\/index.php\/produit\/brossettes-cross-action-oral-b-2-eb50-lot-de-2\/","name":"Brossettes Cross Action - Oral-B 2 EB50 - Lot de 2 - OrthoPara","isPartOf":{"@id":"https:\/\/orthopara.store\/#website"},"primaryImageOfPage":{"@id":"https:\/\/orthopara.store\/index.php\/produit\/brossettes-cross-action-oral-b-2-eb50-lot-de-2\/#primaryimage"},"image":{"@id":"https:\/\/orthopara.store\/index.php\/produit\/brossettes-cross-action-oral-b-2-eb50-lot-de-2\/#primaryimage"},"thumbnailUrl":"https:\/\/orthopara.store\/wp-content\/uploads\/2024\/06\/brossettes-cross-action-oral-b-2-eb50-lot-de-2.jpg","datePublished":"2024-06-28T13:55:07+00:00","dateModified":"2024-11-07T08:46:18+00:00","breadcrumb":{"@id":"https:\/\/orthopara.store\/index.php\/produit\/brossettes-cross-action-oral-b-2-eb50-lot-de-2\/#breadcrumb"},"inLanguage":"fr-FR","potentialAction":[{"@type":"ReadAction","target":["https:\/\/orthopara.store\/index.php\/produit\/brossettes-cross-action-oral-b-2-eb50-lot-de-2\/"]}]},{"@type":"ImageObject","inLanguage":"fr-FR","@id":"https:\/\/orthopara.store\/index.php\/produit\/brossettes-cross-action-oral-b-2-eb50-lot-de-2\/#primaryimage","url":"https:\/\/orthopara.store\/wp-content\/uploads\/2024\/06\/brossettes-cross-action-oral-b-2-eb50-lot-de-2.jpg","contentUrl":"https:\/\/orthopara.store\/wp-content\/uploads\/2024\/06\/brossettes-cross-action-oral-b-2-eb50-lot-de-2.jpg","width":800,"height":800},{"@type":"BreadcrumbList","@id":"https:\/\/orthopara.store\/index.php\/produit\/brossettes-cross-action-oral-b-2-eb50-lot-de-2\/#breadcrumb","itemListElement":[{"@type":"ListItem","position":1,"name":"Accueil","item":"https:\/\/orthopara.store\/"},{"@type":"ListItem","position":2,"name":"Shop","item":"https:\/\/orthopara.store\/?page_id=622"},{"@type":"ListItem","position":3,"name":"Brossettes Cross Action &#8211; Oral-B 2 EB50 &#8211; Lot de 2"}]},{"@type":"WebSite","@id":"https:\/\/orthopara.store\/#website","url":"https:\/\/orthopara.store\/","name":"OrthoPara","description":"Parapharmacie","publisher":{"@id":"https:\/\/orthopara.store\/#organization"},"potentialAction":[{"@type":"SearchAction","target":{"@type":"EntryPoint","urlTemplate":"https:\/\/orthopara.store\/?s={search_term_string}"},"query-input":"required name=search_term_string"}],"inLanguage":"fr-FR"},{"@type":"Organization","@id":"https:\/\/orthopara.store\/#organization","name":"OrthoPara","url":"https:\/\/orthopara.store\/","logo":{"@type":"ImageObject","inLanguage":"fr-FR","@id":"https:\/\/orthopara.store\/#\/schema\/logo\/image\/","url":"https:\/\/orthopara.store\/wp-content\/uploads\/2024\/06\/cropped-9ABA8BAD-6256-4719-9315-15C66E64E882.png","contentUrl":"https:\/\/orthopara.store\/wp-content\/uploads\/2024\/06\/cropped-9ABA8BAD-6256-4719-9315-15C66E64E882.png","width":240,"height":72,"caption":"OrthoPara"},"image":{"@id":"https:\/\/orthopara.store\/#\/schema\/logo\/image\/"},"sameAs":["https:\/\/www.facebook.com\/profile.php?id=61561194315651","https:\/\/www.instagram.com\/orthopara_tunisie\/"]}]}},"jetpack_sharing_enabled":true,"brands":[{"id":213,"name":"Oral-B","slug":"oral-b"}],"_links":{"self":[{"href":"https:\/\/orthopara.store\/index.php?rest_route=\/wp\/v2\/product\/1766","targetHints":{"allow":["GET"]}}],"collection":[{"href":"https:\/\/orthopara.store\/index.php?rest_route=\/wp\/v2\/product"}],"about":[{"href":"https:\/\/orthopara.store\/index.php?rest_route=\/wp\/v2\/types\/product"}],"replies":[{"embeddable":true,"href":"https:\/\/orthopara.store\/index.php?rest_route=%2Fwp%2Fv2%2Fcomments&post=1766"}],"wp:featuredmedia":[{"embeddable":true,"href":"https:\/\/orthopara.store\/index.php?rest_route=\/wp\/v2\/media\/1791"}],"wp:attachment":[{"href":"https:\/\/orthopara.store\/index.php?rest_route=%2Fwp%2Fv2%2Fmedia&parent=1766"}],"wp:term":[{"taxonomy":"pwb-brand","embeddable":true,"href":"https:\/\/orthopara.store\/index.php?rest_route=%2Fwp%2Fv2%2Fpwb-brand&post=1766"},{"taxonomy":"product_cat","embeddable":true,"href":"https:\/\/orthopara.store\/index.php?rest_route=%2Fwp%2Fv2%2Fproduct_cat&post=1766"},{"taxonomy":"product_tag","embeddable":true,"href":"https:\/\/orthopara.store\/index.php?rest_route=%2Fwp%2Fv2%2Fproduct_tag&post=1766"}],"curies":[{"name":"wp","href":"https:\/\/api.w.org\/{rel}","templated":true}]}}