{"id":1792,"date":"2024-06-28T15:55:20","date_gmt":"2024-06-28T13:55:20","guid":{"rendered":"https:\/\/orthopara.store\/?post_type=product&#038;p=1792"},"modified":"2024-06-28T15:55:24","modified_gmt":"2024-06-28T13:55:24","slug":"dentifrice-pour-enfants-silca-putzi-50ml","status":"publish","type":"product","link":"https:\/\/orthopara.store\/?product=dentifrice-pour-enfants-silca-putzi-50ml","title":{"rendered":"Dentifrice pour enfants &#8211; Silca Putzi &#8211; 50ml"},"content":{"rendered":"<p>Dentifrice pour enfants &#8211; Silca Putzi &#8211; 50ml<br \/>\nLe probl\u00e8me :<br \/>\nLes enfants devraient \u00eatre initi\u00e9s d\u00e8s leur plus jeune \u00e2ge aux habitudes r\u00e9guli\u00e8res de brossage des dents. Cependant, une quantit\u00e9 relativement importante de dentifrice est quand m\u00eame aval\u00e9e.<br \/>\nLa raison :<br \/>\nLes jeunes enfants ne savent que tr\u00e8s imparfaitement se rincer la bouche.<br \/>\nLa solution :<br \/>\nPutzi s&rsquo;adresse aux d\u00e9butants jusqu&rsquo;\u00e0 l&rsquo;\u00e2ge scolaire. La formule sp\u00e9cialement adapt\u00e9e \u00e0 faible abrasivit\u00e9 contient la teneur en fluorure adapt\u00e9e aux enfants actuellement recommand\u00e9e par les dentistes (1 000 ppm).* La douceur (sans sucre) et la saveur ont \u00e9t\u00e9 choisies pour que les enfants aiment utiliser le dentifrice sans \u00eatre encourag\u00e9s \u00e0 l&rsquo;avaler.<br \/>\n*Depuis septembre 2018, les soci\u00e9t\u00e9s dentaires allemandes recommandent une teneur en fluorure de 1 000 ppm pour les enfants (plus d&rsquo;informations sur : https:\/\/www.dgpzm.de\/neue-kommen-fuer-kinderzahnpasten-mit-fluorid ).<br \/>\nLes soci\u00e9t\u00e9s sp\u00e9cialis\u00e9es allemandes suivent la recommandation de l&rsquo;Acad\u00e9mie europ\u00e9enne de dentisterie p\u00e9diatrique (EAPD) de 2009. En ce qui concerne la recommandation de dosage \u00ab de la taille d&rsquo;un grain de riz \u00bb, elles suivent \u00e9galement les recommandations de l&rsquo;American Dental Association (ADA ).<br \/>\nLes recettes correspondent au cahier des charges de la \u00ab Campagne Tooth-Friendly \u00bb pour les dentifrices pour enfants. Afin de recevoir le label \u00ab Recommand\u00e9 pour le respect des dents \u00bb, une concentration suffisamment \u00e9lev\u00e9e de fluorure biodisponible dans le produit doit \u00eatre d\u00e9montr\u00e9e.<\/p>\n","protected":false},"excerpt":{"rendered":"<p>Silca Putzi<br \/>\nDentifrice pour enfant aux soins dentaires doux, riche en fluorure et en calcium qui r\u00e9siste \u00e0 la carie dentaire, fonctionne pour maintenir la sant\u00e9 des dents et des gencives.<br \/>\nContenance : 50ml<br \/>\nDLC 05\/2025<\/p>\n","protected":false},"featured_media":1821,"comment_status":"open","ping_status":"closed","template":"","meta":[],"pwb-brand":[210],"product_cat":[214],"product_tag":[],"class_list":{"0":"post-1792","1":"product","2":"type-product","3":"status-publish","4":"has-post-thumbnail","6":"pwb-brand-silca","7":"product_cat-dentifrices","8":"post","9":"ws-product--style-1","11":"first","12":"instock","13":"shipping-taxable","14":"purchasable","15":"product-type-simple"},"yoast_head":"<!-- This site is optimized with the Yoast SEO plugin v23.0 - https:\/\/yoast.com\/wordpress\/plugins\/seo\/ -->\n<title>Dentifrice pour enfants - Silca Putzi - 50ml - OrthoPara<\/title>\n<meta name=\"robots\" content=\"index, follow, max-snippet:-1, max-image-preview:large, max-video-preview:-1\" \/>\n<link rel=\"canonical\" href=\"https:\/\/orthopara.store\/index.php\/produit\/dentifrice-pour-enfants-silca-putzi-50ml\/\" \/>\n<meta property=\"og:locale\" content=\"fr_FR\" \/>\n<meta property=\"og:type\" content=\"article\" \/>\n<meta property=\"og:title\" content=\"Dentifrice pour enfants - Silca Putzi - 50ml - OrthoPara\" \/>\n<meta property=\"og:description\" content=\"Silca Putzi Dentifrice pour enfant aux soins dentaires doux, riche en fluorure et en calcium qui r\u00e9siste \u00e0 la carie dentaire, fonctionne pour maintenir la sant\u00e9 des dents et des gencives. Contenance : 50ml DLC 05\/2025\" \/>\n<meta property=\"og:url\" content=\"https:\/\/orthopara.store\/index.php\/produit\/dentifrice-pour-enfants-silca-putzi-50ml\/\" \/>\n<meta property=\"og:site_name\" content=\"OrthoPara\" \/>\n<meta property=\"article:publisher\" content=\"https:\/\/www.facebook.com\/profile.php?id=61561194315651\" \/>\n<meta property=\"article:modified_time\" content=\"2024-06-28T13:55:24+00:00\" \/>\n<meta property=\"og:image\" content=\"https:\/\/orthopara.store\/wp-content\/uploads\/2024\/06\/dentifrice-pour-enfants-silca-putzi-50ml.jpg\" \/>\n\t<meta property=\"og:image:width\" content=\"800\" \/>\n\t<meta property=\"og:image:height\" content=\"800\" \/>\n\t<meta property=\"og:image:type\" content=\"image\/jpeg\" \/>\n<meta name=\"twitter:card\" content=\"summary_large_image\" \/>\n<meta name=\"twitter:label1\" content=\"Dur\u00e9e de lecture estim\u00e9e\" \/>\n\t<meta name=\"twitter:data1\" content=\"1 minute\" \/>\n<script type=\"application\/ld+json\" class=\"yoast-schema-graph\">{\"@context\":\"https:\/\/schema.org\",\"@graph\":[{\"@type\":\"WebPage\",\"@id\":\"https:\/\/orthopara.store\/index.php\/produit\/dentifrice-pour-enfants-silca-putzi-50ml\/\",\"url\":\"https:\/\/orthopara.store\/index.php\/produit\/dentifrice-pour-enfants-silca-putzi-50ml\/\",\"name\":\"Dentifrice pour enfants - Silca Putzi - 50ml - OrthoPara\",\"isPartOf\":{\"@id\":\"https:\/\/orthopara.store\/#website\"},\"primaryImageOfPage\":{\"@id\":\"https:\/\/orthopara.store\/index.php\/produit\/dentifrice-pour-enfants-silca-putzi-50ml\/#primaryimage\"},\"image\":{\"@id\":\"https:\/\/orthopara.store\/index.php\/produit\/dentifrice-pour-enfants-silca-putzi-50ml\/#primaryimage\"},\"thumbnailUrl\":\"https:\/\/orthopara.store\/wp-content\/uploads\/2024\/06\/dentifrice-pour-enfants-silca-putzi-50ml.jpg\",\"datePublished\":\"2024-06-28T13:55:20+00:00\",\"dateModified\":\"2024-06-28T13:55:24+00:00\",\"breadcrumb\":{\"@id\":\"https:\/\/orthopara.store\/index.php\/produit\/dentifrice-pour-enfants-silca-putzi-50ml\/#breadcrumb\"},\"inLanguage\":\"fr-FR\",\"potentialAction\":[{\"@type\":\"ReadAction\",\"target\":[\"https:\/\/orthopara.store\/index.php\/produit\/dentifrice-pour-enfants-silca-putzi-50ml\/\"]}]},{\"@type\":\"ImageObject\",\"inLanguage\":\"fr-FR\",\"@id\":\"https:\/\/orthopara.store\/index.php\/produit\/dentifrice-pour-enfants-silca-putzi-50ml\/#primaryimage\",\"url\":\"https:\/\/orthopara.store\/wp-content\/uploads\/2024\/06\/dentifrice-pour-enfants-silca-putzi-50ml.jpg\",\"contentUrl\":\"https:\/\/orthopara.store\/wp-content\/uploads\/2024\/06\/dentifrice-pour-enfants-silca-putzi-50ml.jpg\",\"width\":800,\"height\":800},{\"@type\":\"BreadcrumbList\",\"@id\":\"https:\/\/orthopara.store\/index.php\/produit\/dentifrice-pour-enfants-silca-putzi-50ml\/#breadcrumb\",\"itemListElement\":[{\"@type\":\"ListItem\",\"position\":1,\"name\":\"Accueil\",\"item\":\"https:\/\/orthopara.store\/\"},{\"@type\":\"ListItem\",\"position\":2,\"name\":\"Shop\",\"item\":\"https:\/\/orthopara.store\/?page_id=622\"},{\"@type\":\"ListItem\",\"position\":3,\"name\":\"Dentifrice pour enfants &#8211; Silca Putzi &#8211; 50ml\"}]},{\"@type\":\"WebSite\",\"@id\":\"https:\/\/orthopara.store\/#website\",\"url\":\"https:\/\/orthopara.store\/\",\"name\":\"OrthoPara\",\"description\":\"Parapharmacie\",\"publisher\":{\"@id\":\"https:\/\/orthopara.store\/#organization\"},\"potentialAction\":[{\"@type\":\"SearchAction\",\"target\":{\"@type\":\"EntryPoint\",\"urlTemplate\":\"https:\/\/orthopara.store\/?s={search_term_string}\"},\"query-input\":\"required name=search_term_string\"}],\"inLanguage\":\"fr-FR\"},{\"@type\":\"Organization\",\"@id\":\"https:\/\/orthopara.store\/#organization\",\"name\":\"OrthoPara\",\"url\":\"https:\/\/orthopara.store\/\",\"logo\":{\"@type\":\"ImageObject\",\"inLanguage\":\"fr-FR\",\"@id\":\"https:\/\/orthopara.store\/#\/schema\/logo\/image\/\",\"url\":\"https:\/\/orthopara.store\/wp-content\/uploads\/2024\/06\/cropped-9ABA8BAD-6256-4719-9315-15C66E64E882.png\",\"contentUrl\":\"https:\/\/orthopara.store\/wp-content\/uploads\/2024\/06\/cropped-9ABA8BAD-6256-4719-9315-15C66E64E882.png\",\"width\":240,\"height\":72,\"caption\":\"OrthoPara\"},\"image\":{\"@id\":\"https:\/\/orthopara.store\/#\/schema\/logo\/image\/\"},\"sameAs\":[\"https:\/\/www.facebook.com\/profile.php?id=61561194315651\",\"https:\/\/www.instagram.com\/orthopara_tunisie\/\"]}]}<\/script>\n<!-- \/ Yoast SEO plugin. -->","yoast_head_json":{"title":"Dentifrice pour enfants - Silca Putzi - 50ml - OrthoPara","robots":{"index":"index","follow":"follow","max-snippet":"max-snippet:-1","max-image-preview":"max-image-preview:large","max-video-preview":"max-video-preview:-1"},"canonical":"https:\/\/orthopara.store\/index.php\/produit\/dentifrice-pour-enfants-silca-putzi-50ml\/","og_locale":"fr_FR","og_type":"article","og_title":"Dentifrice pour enfants - Silca Putzi - 50ml - OrthoPara","og_description":"Silca Putzi Dentifrice pour enfant aux soins dentaires doux, riche en fluorure et en calcium qui r\u00e9siste \u00e0 la carie dentaire, fonctionne pour maintenir la sant\u00e9 des dents et des gencives. Contenance : 50ml DLC 05\/2025","og_url":"https:\/\/orthopara.store\/index.php\/produit\/dentifrice-pour-enfants-silca-putzi-50ml\/","og_site_name":"OrthoPara","article_publisher":"https:\/\/www.facebook.com\/profile.php?id=61561194315651","article_modified_time":"2024-06-28T13:55:24+00:00","og_image":[{"width":800,"height":800,"url":"https:\/\/orthopara.store\/wp-content\/uploads\/2024\/06\/dentifrice-pour-enfants-silca-putzi-50ml.jpg","type":"image\/jpeg"}],"twitter_card":"summary_large_image","twitter_misc":{"Dur\u00e9e de lecture estim\u00e9e":"1 minute"},"schema":{"@context":"https:\/\/schema.org","@graph":[{"@type":"WebPage","@id":"https:\/\/orthopara.store\/index.php\/produit\/dentifrice-pour-enfants-silca-putzi-50ml\/","url":"https:\/\/orthopara.store\/index.php\/produit\/dentifrice-pour-enfants-silca-putzi-50ml\/","name":"Dentifrice pour enfants - Silca Putzi - 50ml - OrthoPara","isPartOf":{"@id":"https:\/\/orthopara.store\/#website"},"primaryImageOfPage":{"@id":"https:\/\/orthopara.store\/index.php\/produit\/dentifrice-pour-enfants-silca-putzi-50ml\/#primaryimage"},"image":{"@id":"https:\/\/orthopara.store\/index.php\/produit\/dentifrice-pour-enfants-silca-putzi-50ml\/#primaryimage"},"thumbnailUrl":"https:\/\/orthopara.store\/wp-content\/uploads\/2024\/06\/dentifrice-pour-enfants-silca-putzi-50ml.jpg","datePublished":"2024-06-28T13:55:20+00:00","dateModified":"2024-06-28T13:55:24+00:00","breadcrumb":{"@id":"https:\/\/orthopara.store\/index.php\/produit\/dentifrice-pour-enfants-silca-putzi-50ml\/#breadcrumb"},"inLanguage":"fr-FR","potentialAction":[{"@type":"ReadAction","target":["https:\/\/orthopara.store\/index.php\/produit\/dentifrice-pour-enfants-silca-putzi-50ml\/"]}]},{"@type":"ImageObject","inLanguage":"fr-FR","@id":"https:\/\/orthopara.store\/index.php\/produit\/dentifrice-pour-enfants-silca-putzi-50ml\/#primaryimage","url":"https:\/\/orthopara.store\/wp-content\/uploads\/2024\/06\/dentifrice-pour-enfants-silca-putzi-50ml.jpg","contentUrl":"https:\/\/orthopara.store\/wp-content\/uploads\/2024\/06\/dentifrice-pour-enfants-silca-putzi-50ml.jpg","width":800,"height":800},{"@type":"BreadcrumbList","@id":"https:\/\/orthopara.store\/index.php\/produit\/dentifrice-pour-enfants-silca-putzi-50ml\/#breadcrumb","itemListElement":[{"@type":"ListItem","position":1,"name":"Accueil","item":"https:\/\/orthopara.store\/"},{"@type":"ListItem","position":2,"name":"Shop","item":"https:\/\/orthopara.store\/?page_id=622"},{"@type":"ListItem","position":3,"name":"Dentifrice pour enfants &#8211; Silca Putzi &#8211; 50ml"}]},{"@type":"WebSite","@id":"https:\/\/orthopara.store\/#website","url":"https:\/\/orthopara.store\/","name":"OrthoPara","description":"Parapharmacie","publisher":{"@id":"https:\/\/orthopara.store\/#organization"},"potentialAction":[{"@type":"SearchAction","target":{"@type":"EntryPoint","urlTemplate":"https:\/\/orthopara.store\/?s={search_term_string}"},"query-input":"required name=search_term_string"}],"inLanguage":"fr-FR"},{"@type":"Organization","@id":"https:\/\/orthopara.store\/#organization","name":"OrthoPara","url":"https:\/\/orthopara.store\/","logo":{"@type":"ImageObject","inLanguage":"fr-FR","@id":"https:\/\/orthopara.store\/#\/schema\/logo\/image\/","url":"https:\/\/orthopara.store\/wp-content\/uploads\/2024\/06\/cropped-9ABA8BAD-6256-4719-9315-15C66E64E882.png","contentUrl":"https:\/\/orthopara.store\/wp-content\/uploads\/2024\/06\/cropped-9ABA8BAD-6256-4719-9315-15C66E64E882.png","width":240,"height":72,"caption":"OrthoPara"},"image":{"@id":"https:\/\/orthopara.store\/#\/schema\/logo\/image\/"},"sameAs":["https:\/\/www.facebook.com\/profile.php?id=61561194315651","https:\/\/www.instagram.com\/orthopara_tunisie\/"]}]}},"jetpack_sharing_enabled":true,"brands":[{"id":210,"name":"Silca","slug":"silca"}],"_links":{"self":[{"href":"https:\/\/orthopara.store\/index.php?rest_route=\/wp\/v2\/product\/1792","targetHints":{"allow":["GET"]}}],"collection":[{"href":"https:\/\/orthopara.store\/index.php?rest_route=\/wp\/v2\/product"}],"about":[{"href":"https:\/\/orthopara.store\/index.php?rest_route=\/wp\/v2\/types\/product"}],"replies":[{"embeddable":true,"href":"https:\/\/orthopara.store\/index.php?rest_route=%2Fwp%2Fv2%2Fcomments&post=1792"}],"wp:featuredmedia":[{"embeddable":true,"href":"https:\/\/orthopara.store\/index.php?rest_route=\/wp\/v2\/media\/1821"}],"wp:attachment":[{"href":"https:\/\/orthopara.store\/index.php?rest_route=%2Fwp%2Fv2%2Fmedia&parent=1792"}],"wp:term":[{"taxonomy":"pwb-brand","embeddable":true,"href":"https:\/\/orthopara.store\/index.php?rest_route=%2Fwp%2Fv2%2Fpwb-brand&post=1792"},{"taxonomy":"product_cat","embeddable":true,"href":"https:\/\/orthopara.store\/index.php?rest_route=%2Fwp%2Fv2%2Fproduct_cat&post=1792"},{"taxonomy":"product_tag","embeddable":true,"href":"https:\/\/orthopara.store\/index.php?rest_route=%2Fwp%2Fv2%2Fproduct_tag&post=1792"}],"curies":[{"name":"wp","href":"https:\/\/api.w.org\/{rel}","templated":true}]}}