{"id":1794,"date":"2024-06-28T15:55:20","date_gmt":"2024-06-28T13:55:20","guid":{"rendered":"https:\/\/orthopara.store\/?post_type=product&#038;p=1794"},"modified":"2024-06-28T15:55:24","modified_gmt":"2024-06-28T13:55:24","slug":"dentifrice-gel-purifiant-au-zinc-tartrex-80ml","status":"publish","type":"product","link":"https:\/\/orthopara.store\/?product=dentifrice-gel-purifiant-au-zinc-tartrex-80ml","title":{"rendered":"Dentifrice gel purifiant au zinc &#8211; Tartrex &#8211; 80ml"},"content":{"rendered":"<p>Dentifrice gel purifiant au zinc &#8211; Tartrex &#8211; 80ml<br \/>\nTartrex Dentifrice Purifiant au Zinc\u00a0<br \/>\nTartrex Dentifrice Purifiant au Zinc combat l&rsquo;accumulation de tartre et de plaque dentaire, ainsi que les maladies des gencives.\u00a0<br \/>\nTartrex Dentifrice Purifiant au Zinc poss\u00e8de \u00e9galement un puissant agent antibact\u00e9rien qui aide \u00e0 garder la bouche fra\u00eeche et propre.<br \/>\nConseils d&rsquo;application :\u00a0<br \/>\nIl est conseill\u00e9 :<br \/>\nPour les adultes : brosser les dents 3 fois par jour.<br \/>\nPour les enfants de moins de 6 ans : utiliser une noisette de dentifrice sous le contr\u00f4le d\u2019un adulte.<br \/>\nBien se rincer la bouche apr\u00e8s chaque brossage.<br \/>\nUsage au quotidien<br \/>\nNe pas avaler<br \/>\nConseils d&rsquo;utilisation :\u00a0<br \/>\nUtiliser Tartrex dentifrice sensibilit\u00e9 aux potassium &#038; fluor &#8211; dents &#038; gencives sensibles avec Tartrex brosse \u00e0 dents ultra-souple et en compl\u00e9ment de Tartrex bain de bouche aux huiles essentielles.<br \/>\nTartrex dentifrice sensibilit\u00e9 aux potassium &#038; fluor &#8211; dents &#038; gencives sensibles convient \u00e0 l\u2019adulte, \u00e0 la femme enceinte et aux enfants<\/p>\n","protected":false},"excerpt":{"rendered":"<p>Tartrex\u00a0<br \/>\nDentifrice gel purifiant au zinc<br \/>\nAction phyto-cosm\u00e9tique : Les huiles essentiels (menthe et romarin ), l&rsquo;extrait d&rsquo;alo\u00e9 vera, naturellement riches en sels min\u00e9raux et en fluor et le zinc permettent un nettoyage et des soins complets des dents et des gencives.<\/p>\n<p>Contenance : 80ml<br \/>\nDLC : 10\/2027<\/p>\n","protected":false},"featured_media":1823,"comment_status":"open","ping_status":"closed","template":"","meta":[],"pwb-brand":[216],"product_cat":[214],"product_tag":[],"class_list":{"0":"post-1794","1":"product","2":"type-product","3":"status-publish","4":"has-post-thumbnail","6":"pwb-brand-tartrex","7":"product_cat-dentifrices","8":"post","9":"ws-product--style-1","11":"first","12":"instock","13":"shipping-taxable","14":"purchasable","15":"product-type-simple"},"yoast_head":"<!-- This site is optimized with the Yoast SEO plugin v23.0 - https:\/\/yoast.com\/wordpress\/plugins\/seo\/ -->\n<title>Dentifrice gel purifiant au zinc - Tartrex - 80ml - OrthoPara<\/title>\n<meta name=\"robots\" content=\"index, follow, max-snippet:-1, max-image-preview:large, max-video-preview:-1\" \/>\n<link rel=\"canonical\" href=\"https:\/\/orthopara.store\/index.php\/produit\/dentifrice-gel-purifiant-au-zinc-tartrex-80ml\/\" \/>\n<meta property=\"og:locale\" content=\"fr_FR\" \/>\n<meta property=\"og:type\" content=\"article\" \/>\n<meta property=\"og:title\" content=\"Dentifrice gel purifiant au zinc - Tartrex - 80ml - OrthoPara\" \/>\n<meta property=\"og:description\" content=\"Tartrex\u00a0 Dentifrice gel purifiant au zinc Action phyto-cosm\u00e9tique : Les huiles essentiels (menthe et romarin ), l&#039;extrait d&#039;alo\u00e9 vera, naturellement riches en sels min\u00e9raux et en fluor et le zinc permettent un nettoyage et des soins complets des dents et des gencives. Contenance : 80ml DLC : 10\/2027\" \/>\n<meta property=\"og:url\" content=\"https:\/\/orthopara.store\/index.php\/produit\/dentifrice-gel-purifiant-au-zinc-tartrex-80ml\/\" \/>\n<meta property=\"og:site_name\" content=\"OrthoPara\" \/>\n<meta property=\"article:publisher\" content=\"https:\/\/www.facebook.com\/profile.php?id=61561194315651\" \/>\n<meta property=\"article:modified_time\" content=\"2024-06-28T13:55:24+00:00\" \/>\n<meta property=\"og:image\" content=\"https:\/\/orthopara.store\/wp-content\/uploads\/2024\/06\/dentifrice-gel-purifiant-au-zinc-tartrex-80ml.jpg\" \/>\n\t<meta property=\"og:image:width\" content=\"800\" \/>\n\t<meta property=\"og:image:height\" content=\"800\" \/>\n\t<meta property=\"og:image:type\" content=\"image\/jpeg\" \/>\n<meta name=\"twitter:card\" content=\"summary_large_image\" \/>\n<meta name=\"twitter:label1\" content=\"Dur\u00e9e de lecture estim\u00e9e\" \/>\n\t<meta name=\"twitter:data1\" content=\"1 minute\" \/>\n<script type=\"application\/ld+json\" class=\"yoast-schema-graph\">{\"@context\":\"https:\/\/schema.org\",\"@graph\":[{\"@type\":\"WebPage\",\"@id\":\"https:\/\/orthopara.store\/index.php\/produit\/dentifrice-gel-purifiant-au-zinc-tartrex-80ml\/\",\"url\":\"https:\/\/orthopara.store\/index.php\/produit\/dentifrice-gel-purifiant-au-zinc-tartrex-80ml\/\",\"name\":\"Dentifrice gel purifiant au zinc - Tartrex - 80ml - OrthoPara\",\"isPartOf\":{\"@id\":\"https:\/\/orthopara.store\/#website\"},\"primaryImageOfPage\":{\"@id\":\"https:\/\/orthopara.store\/index.php\/produit\/dentifrice-gel-purifiant-au-zinc-tartrex-80ml\/#primaryimage\"},\"image\":{\"@id\":\"https:\/\/orthopara.store\/index.php\/produit\/dentifrice-gel-purifiant-au-zinc-tartrex-80ml\/#primaryimage\"},\"thumbnailUrl\":\"https:\/\/orthopara.store\/wp-content\/uploads\/2024\/06\/dentifrice-gel-purifiant-au-zinc-tartrex-80ml.jpg\",\"datePublished\":\"2024-06-28T13:55:20+00:00\",\"dateModified\":\"2024-06-28T13:55:24+00:00\",\"breadcrumb\":{\"@id\":\"https:\/\/orthopara.store\/index.php\/produit\/dentifrice-gel-purifiant-au-zinc-tartrex-80ml\/#breadcrumb\"},\"inLanguage\":\"fr-FR\",\"potentialAction\":[{\"@type\":\"ReadAction\",\"target\":[\"https:\/\/orthopara.store\/index.php\/produit\/dentifrice-gel-purifiant-au-zinc-tartrex-80ml\/\"]}]},{\"@type\":\"ImageObject\",\"inLanguage\":\"fr-FR\",\"@id\":\"https:\/\/orthopara.store\/index.php\/produit\/dentifrice-gel-purifiant-au-zinc-tartrex-80ml\/#primaryimage\",\"url\":\"https:\/\/orthopara.store\/wp-content\/uploads\/2024\/06\/dentifrice-gel-purifiant-au-zinc-tartrex-80ml.jpg\",\"contentUrl\":\"https:\/\/orthopara.store\/wp-content\/uploads\/2024\/06\/dentifrice-gel-purifiant-au-zinc-tartrex-80ml.jpg\",\"width\":800,\"height\":800},{\"@type\":\"BreadcrumbList\",\"@id\":\"https:\/\/orthopara.store\/index.php\/produit\/dentifrice-gel-purifiant-au-zinc-tartrex-80ml\/#breadcrumb\",\"itemListElement\":[{\"@type\":\"ListItem\",\"position\":1,\"name\":\"Accueil\",\"item\":\"https:\/\/orthopara.store\/\"},{\"@type\":\"ListItem\",\"position\":2,\"name\":\"Shop\",\"item\":\"https:\/\/orthopara.store\/?page_id=622\"},{\"@type\":\"ListItem\",\"position\":3,\"name\":\"Dentifrice gel purifiant au zinc &#8211; Tartrex &#8211; 80ml\"}]},{\"@type\":\"WebSite\",\"@id\":\"https:\/\/orthopara.store\/#website\",\"url\":\"https:\/\/orthopara.store\/\",\"name\":\"OrthoPara\",\"description\":\"Parapharmacie\",\"publisher\":{\"@id\":\"https:\/\/orthopara.store\/#organization\"},\"potentialAction\":[{\"@type\":\"SearchAction\",\"target\":{\"@type\":\"EntryPoint\",\"urlTemplate\":\"https:\/\/orthopara.store\/?s={search_term_string}\"},\"query-input\":\"required name=search_term_string\"}],\"inLanguage\":\"fr-FR\"},{\"@type\":\"Organization\",\"@id\":\"https:\/\/orthopara.store\/#organization\",\"name\":\"OrthoPara\",\"url\":\"https:\/\/orthopara.store\/\",\"logo\":{\"@type\":\"ImageObject\",\"inLanguage\":\"fr-FR\",\"@id\":\"https:\/\/orthopara.store\/#\/schema\/logo\/image\/\",\"url\":\"https:\/\/orthopara.store\/wp-content\/uploads\/2024\/06\/cropped-9ABA8BAD-6256-4719-9315-15C66E64E882.png\",\"contentUrl\":\"https:\/\/orthopara.store\/wp-content\/uploads\/2024\/06\/cropped-9ABA8BAD-6256-4719-9315-15C66E64E882.png\",\"width\":240,\"height\":72,\"caption\":\"OrthoPara\"},\"image\":{\"@id\":\"https:\/\/orthopara.store\/#\/schema\/logo\/image\/\"},\"sameAs\":[\"https:\/\/www.facebook.com\/profile.php?id=61561194315651\",\"https:\/\/www.instagram.com\/orthopara_tunisie\/\"]}]}<\/script>\n<!-- \/ Yoast SEO plugin. -->","yoast_head_json":{"title":"Dentifrice gel purifiant au zinc - Tartrex - 80ml - OrthoPara","robots":{"index":"index","follow":"follow","max-snippet":"max-snippet:-1","max-image-preview":"max-image-preview:large","max-video-preview":"max-video-preview:-1"},"canonical":"https:\/\/orthopara.store\/index.php\/produit\/dentifrice-gel-purifiant-au-zinc-tartrex-80ml\/","og_locale":"fr_FR","og_type":"article","og_title":"Dentifrice gel purifiant au zinc - Tartrex - 80ml - OrthoPara","og_description":"Tartrex\u00a0 Dentifrice gel purifiant au zinc Action phyto-cosm\u00e9tique : Les huiles essentiels (menthe et romarin ), l'extrait d'alo\u00e9 vera, naturellement riches en sels min\u00e9raux et en fluor et le zinc permettent un nettoyage et des soins complets des dents et des gencives. Contenance : 80ml DLC : 10\/2027","og_url":"https:\/\/orthopara.store\/index.php\/produit\/dentifrice-gel-purifiant-au-zinc-tartrex-80ml\/","og_site_name":"OrthoPara","article_publisher":"https:\/\/www.facebook.com\/profile.php?id=61561194315651","article_modified_time":"2024-06-28T13:55:24+00:00","og_image":[{"width":800,"height":800,"url":"https:\/\/orthopara.store\/wp-content\/uploads\/2024\/06\/dentifrice-gel-purifiant-au-zinc-tartrex-80ml.jpg","type":"image\/jpeg"}],"twitter_card":"summary_large_image","twitter_misc":{"Dur\u00e9e de lecture estim\u00e9e":"1 minute"},"schema":{"@context":"https:\/\/schema.org","@graph":[{"@type":"WebPage","@id":"https:\/\/orthopara.store\/index.php\/produit\/dentifrice-gel-purifiant-au-zinc-tartrex-80ml\/","url":"https:\/\/orthopara.store\/index.php\/produit\/dentifrice-gel-purifiant-au-zinc-tartrex-80ml\/","name":"Dentifrice gel purifiant au zinc - Tartrex - 80ml - OrthoPara","isPartOf":{"@id":"https:\/\/orthopara.store\/#website"},"primaryImageOfPage":{"@id":"https:\/\/orthopara.store\/index.php\/produit\/dentifrice-gel-purifiant-au-zinc-tartrex-80ml\/#primaryimage"},"image":{"@id":"https:\/\/orthopara.store\/index.php\/produit\/dentifrice-gel-purifiant-au-zinc-tartrex-80ml\/#primaryimage"},"thumbnailUrl":"https:\/\/orthopara.store\/wp-content\/uploads\/2024\/06\/dentifrice-gel-purifiant-au-zinc-tartrex-80ml.jpg","datePublished":"2024-06-28T13:55:20+00:00","dateModified":"2024-06-28T13:55:24+00:00","breadcrumb":{"@id":"https:\/\/orthopara.store\/index.php\/produit\/dentifrice-gel-purifiant-au-zinc-tartrex-80ml\/#breadcrumb"},"inLanguage":"fr-FR","potentialAction":[{"@type":"ReadAction","target":["https:\/\/orthopara.store\/index.php\/produit\/dentifrice-gel-purifiant-au-zinc-tartrex-80ml\/"]}]},{"@type":"ImageObject","inLanguage":"fr-FR","@id":"https:\/\/orthopara.store\/index.php\/produit\/dentifrice-gel-purifiant-au-zinc-tartrex-80ml\/#primaryimage","url":"https:\/\/orthopara.store\/wp-content\/uploads\/2024\/06\/dentifrice-gel-purifiant-au-zinc-tartrex-80ml.jpg","contentUrl":"https:\/\/orthopara.store\/wp-content\/uploads\/2024\/06\/dentifrice-gel-purifiant-au-zinc-tartrex-80ml.jpg","width":800,"height":800},{"@type":"BreadcrumbList","@id":"https:\/\/orthopara.store\/index.php\/produit\/dentifrice-gel-purifiant-au-zinc-tartrex-80ml\/#breadcrumb","itemListElement":[{"@type":"ListItem","position":1,"name":"Accueil","item":"https:\/\/orthopara.store\/"},{"@type":"ListItem","position":2,"name":"Shop","item":"https:\/\/orthopara.store\/?page_id=622"},{"@type":"ListItem","position":3,"name":"Dentifrice gel purifiant au zinc &#8211; Tartrex &#8211; 80ml"}]},{"@type":"WebSite","@id":"https:\/\/orthopara.store\/#website","url":"https:\/\/orthopara.store\/","name":"OrthoPara","description":"Parapharmacie","publisher":{"@id":"https:\/\/orthopara.store\/#organization"},"potentialAction":[{"@type":"SearchAction","target":{"@type":"EntryPoint","urlTemplate":"https:\/\/orthopara.store\/?s={search_term_string}"},"query-input":"required name=search_term_string"}],"inLanguage":"fr-FR"},{"@type":"Organization","@id":"https:\/\/orthopara.store\/#organization","name":"OrthoPara","url":"https:\/\/orthopara.store\/","logo":{"@type":"ImageObject","inLanguage":"fr-FR","@id":"https:\/\/orthopara.store\/#\/schema\/logo\/image\/","url":"https:\/\/orthopara.store\/wp-content\/uploads\/2024\/06\/cropped-9ABA8BAD-6256-4719-9315-15C66E64E882.png","contentUrl":"https:\/\/orthopara.store\/wp-content\/uploads\/2024\/06\/cropped-9ABA8BAD-6256-4719-9315-15C66E64E882.png","width":240,"height":72,"caption":"OrthoPara"},"image":{"@id":"https:\/\/orthopara.store\/#\/schema\/logo\/image\/"},"sameAs":["https:\/\/www.facebook.com\/profile.php?id=61561194315651","https:\/\/www.instagram.com\/orthopara_tunisie\/"]}]}},"jetpack_sharing_enabled":true,"brands":[{"id":216,"name":"Tartrex","slug":"tartrex"}],"_links":{"self":[{"href":"https:\/\/orthopara.store\/index.php?rest_route=\/wp\/v2\/product\/1794","targetHints":{"allow":["GET"]}}],"collection":[{"href":"https:\/\/orthopara.store\/index.php?rest_route=\/wp\/v2\/product"}],"about":[{"href":"https:\/\/orthopara.store\/index.php?rest_route=\/wp\/v2\/types\/product"}],"replies":[{"embeddable":true,"href":"https:\/\/orthopara.store\/index.php?rest_route=%2Fwp%2Fv2%2Fcomments&post=1794"}],"wp:featuredmedia":[{"embeddable":true,"href":"https:\/\/orthopara.store\/index.php?rest_route=\/wp\/v2\/media\/1823"}],"wp:attachment":[{"href":"https:\/\/orthopara.store\/index.php?rest_route=%2Fwp%2Fv2%2Fmedia&parent=1794"}],"wp:term":[{"taxonomy":"pwb-brand","embeddable":true,"href":"https:\/\/orthopara.store\/index.php?rest_route=%2Fwp%2Fv2%2Fpwb-brand&post=1794"},{"taxonomy":"product_cat","embeddable":true,"href":"https:\/\/orthopara.store\/index.php?rest_route=%2Fwp%2Fv2%2Fproduct_cat&post=1794"},{"taxonomy":"product_tag","embeddable":true,"href":"https:\/\/orthopara.store\/index.php?rest_route=%2Fwp%2Fv2%2Fproduct_tag&post=1794"}],"curies":[{"name":"wp","href":"https:\/\/api.w.org\/{rel}","templated":true}]}}