{"id":1795,"date":"2024-06-28T15:55:20","date_gmt":"2024-06-28T13:55:20","guid":{"rendered":"https:\/\/orthopara.store\/?post_type=product&#038;p=1795"},"modified":"2024-06-28T15:55:25","modified_gmt":"2024-06-28T13:55:25","slug":"dentifrice-gel-pour-enfant-tartrex-kids-50ml-2ans","status":"publish","type":"product","link":"https:\/\/orthopara.store\/?product=dentifrice-gel-pour-enfant-tartrex-kids-50ml-2ans","title":{"rendered":"Dentifrice gel pour enfant &#8211; Tartrex Kids &#8211; 50ml &#8211; 2ans+"},"content":{"rendered":"<p>Dentifrice gel pour enfant &#8211; Tartrex Kids &#8211; 50ml &#8211; 2ans+<br \/>\nDentifrice riche aloe vera, au go\u00fbt de fraise naturelle et sans colorant. Il assure un brossage doux, rafra\u00eechit l\u2019haleine et pr\u00e9vient l\u2019apparition des caries.<br \/>\nConseil d\u2019utilisation :<br \/>\nBrosser les dents, 2 fois par jour sous le contr\u00f4le d\u2019un adulte<br \/>\nBien se rincer la bouche apr\u00e8s chaque brossage<br \/>\nComposition :<br \/>\nExtrait d\u2019alo\u00e9 vera, Sels min\u00e9raux, Fluor, Ar\u00f4me, Sans colorant<\/p>\n","protected":false},"excerpt":{"rendered":"<p>Tartrex Kids<br \/>\nDentifrice gel pour enfant\u00a0<br \/>\nAction phyto-cosm\u00e9tique : l\u2019extrait d\u2019aloe vera naturellement riche en fluor permet un nettoyage et des soins particuli\u00e8rement doux aux dents et aux gencives.<\/p>\n<p>Age : 2 ans et plus<br \/>\nContenance : 50ml<br \/>\nDLC : 03\/2027<\/p>\n","protected":false},"featured_media":1824,"comment_status":"open","ping_status":"closed","template":"","meta":[],"pwb-brand":[216],"product_cat":[214],"product_tag":[],"class_list":{"0":"post-1795","1":"product","2":"type-product","3":"status-publish","4":"has-post-thumbnail","6":"pwb-brand-tartrex","7":"product_cat-dentifrices","8":"post","9":"ws-product--style-1","11":"first","12":"instock","13":"shipping-taxable","14":"purchasable","15":"product-type-simple"},"yoast_head":"<!-- This site is optimized with the Yoast SEO plugin v23.0 - https:\/\/yoast.com\/wordpress\/plugins\/seo\/ -->\n<title>Dentifrice gel pour enfant - Tartrex Kids - 50ml - 2ans+ - OrthoPara<\/title>\n<meta name=\"robots\" content=\"index, follow, max-snippet:-1, max-image-preview:large, max-video-preview:-1\" \/>\n<link rel=\"canonical\" href=\"https:\/\/orthopara.store\/index.php\/produit\/dentifrice-gel-pour-enfant-tartrex-kids-50ml-2ans\/\" \/>\n<meta property=\"og:locale\" content=\"fr_FR\" \/>\n<meta property=\"og:type\" content=\"article\" \/>\n<meta property=\"og:title\" content=\"Dentifrice gel pour enfant - Tartrex Kids - 50ml - 2ans+ - OrthoPara\" \/>\n<meta property=\"og:description\" content=\"Tartrex Kids Dentifrice gel pour enfant\u00a0 Action phyto-cosm\u00e9tique : l\u2019extrait d\u2019aloe vera naturellement riche en fluor permet un nettoyage et des soins particuli\u00e8rement doux aux dents et aux gencives. Age : 2 ans et plus Contenance : 50ml DLC : 03\/2027\" \/>\n<meta property=\"og:url\" content=\"https:\/\/orthopara.store\/index.php\/produit\/dentifrice-gel-pour-enfant-tartrex-kids-50ml-2ans\/\" \/>\n<meta property=\"og:site_name\" content=\"OrthoPara\" \/>\n<meta property=\"article:publisher\" content=\"https:\/\/www.facebook.com\/profile.php?id=61561194315651\" \/>\n<meta property=\"article:modified_time\" content=\"2024-06-28T13:55:25+00:00\" \/>\n<meta property=\"og:image\" content=\"https:\/\/orthopara.store\/wp-content\/uploads\/2024\/06\/dentifrice-gel-pour-enfant-tartrex-kids-50ml-2ans.jpg\" \/>\n\t<meta property=\"og:image:width\" content=\"800\" \/>\n\t<meta property=\"og:image:height\" content=\"800\" \/>\n\t<meta property=\"og:image:type\" content=\"image\/jpeg\" \/>\n<meta name=\"twitter:card\" content=\"summary_large_image\" \/>\n<script type=\"application\/ld+json\" class=\"yoast-schema-graph\">{\"@context\":\"https:\/\/schema.org\",\"@graph\":[{\"@type\":\"WebPage\",\"@id\":\"https:\/\/orthopara.store\/index.php\/produit\/dentifrice-gel-pour-enfant-tartrex-kids-50ml-2ans\/\",\"url\":\"https:\/\/orthopara.store\/index.php\/produit\/dentifrice-gel-pour-enfant-tartrex-kids-50ml-2ans\/\",\"name\":\"Dentifrice gel pour enfant - Tartrex Kids - 50ml - 2ans+ - OrthoPara\",\"isPartOf\":{\"@id\":\"https:\/\/orthopara.store\/#website\"},\"primaryImageOfPage\":{\"@id\":\"https:\/\/orthopara.store\/index.php\/produit\/dentifrice-gel-pour-enfant-tartrex-kids-50ml-2ans\/#primaryimage\"},\"image\":{\"@id\":\"https:\/\/orthopara.store\/index.php\/produit\/dentifrice-gel-pour-enfant-tartrex-kids-50ml-2ans\/#primaryimage\"},\"thumbnailUrl\":\"https:\/\/orthopara.store\/wp-content\/uploads\/2024\/06\/dentifrice-gel-pour-enfant-tartrex-kids-50ml-2ans.jpg\",\"datePublished\":\"2024-06-28T13:55:20+00:00\",\"dateModified\":\"2024-06-28T13:55:25+00:00\",\"breadcrumb\":{\"@id\":\"https:\/\/orthopara.store\/index.php\/produit\/dentifrice-gel-pour-enfant-tartrex-kids-50ml-2ans\/#breadcrumb\"},\"inLanguage\":\"fr-FR\",\"potentialAction\":[{\"@type\":\"ReadAction\",\"target\":[\"https:\/\/orthopara.store\/index.php\/produit\/dentifrice-gel-pour-enfant-tartrex-kids-50ml-2ans\/\"]}]},{\"@type\":\"ImageObject\",\"inLanguage\":\"fr-FR\",\"@id\":\"https:\/\/orthopara.store\/index.php\/produit\/dentifrice-gel-pour-enfant-tartrex-kids-50ml-2ans\/#primaryimage\",\"url\":\"https:\/\/orthopara.store\/wp-content\/uploads\/2024\/06\/dentifrice-gel-pour-enfant-tartrex-kids-50ml-2ans.jpg\",\"contentUrl\":\"https:\/\/orthopara.store\/wp-content\/uploads\/2024\/06\/dentifrice-gel-pour-enfant-tartrex-kids-50ml-2ans.jpg\",\"width\":800,\"height\":800},{\"@type\":\"BreadcrumbList\",\"@id\":\"https:\/\/orthopara.store\/index.php\/produit\/dentifrice-gel-pour-enfant-tartrex-kids-50ml-2ans\/#breadcrumb\",\"itemListElement\":[{\"@type\":\"ListItem\",\"position\":1,\"name\":\"Accueil\",\"item\":\"https:\/\/orthopara.store\/\"},{\"@type\":\"ListItem\",\"position\":2,\"name\":\"Shop\",\"item\":\"https:\/\/orthopara.store\/?page_id=622\"},{\"@type\":\"ListItem\",\"position\":3,\"name\":\"Dentifrice gel pour enfant &#8211; Tartrex Kids &#8211; 50ml &#8211; 2ans+\"}]},{\"@type\":\"WebSite\",\"@id\":\"https:\/\/orthopara.store\/#website\",\"url\":\"https:\/\/orthopara.store\/\",\"name\":\"OrthoPara\",\"description\":\"Parapharmacie\",\"publisher\":{\"@id\":\"https:\/\/orthopara.store\/#organization\"},\"potentialAction\":[{\"@type\":\"SearchAction\",\"target\":{\"@type\":\"EntryPoint\",\"urlTemplate\":\"https:\/\/orthopara.store\/?s={search_term_string}\"},\"query-input\":\"required name=search_term_string\"}],\"inLanguage\":\"fr-FR\"},{\"@type\":\"Organization\",\"@id\":\"https:\/\/orthopara.store\/#organization\",\"name\":\"OrthoPara\",\"url\":\"https:\/\/orthopara.store\/\",\"logo\":{\"@type\":\"ImageObject\",\"inLanguage\":\"fr-FR\",\"@id\":\"https:\/\/orthopara.store\/#\/schema\/logo\/image\/\",\"url\":\"https:\/\/orthopara.store\/wp-content\/uploads\/2024\/06\/cropped-9ABA8BAD-6256-4719-9315-15C66E64E882.png\",\"contentUrl\":\"https:\/\/orthopara.store\/wp-content\/uploads\/2024\/06\/cropped-9ABA8BAD-6256-4719-9315-15C66E64E882.png\",\"width\":240,\"height\":72,\"caption\":\"OrthoPara\"},\"image\":{\"@id\":\"https:\/\/orthopara.store\/#\/schema\/logo\/image\/\"},\"sameAs\":[\"https:\/\/www.facebook.com\/profile.php?id=61561194315651\",\"https:\/\/www.instagram.com\/orthopara_tunisie\/\"]}]}<\/script>\n<!-- \/ Yoast SEO plugin. -->","yoast_head_json":{"title":"Dentifrice gel pour enfant - Tartrex Kids - 50ml - 2ans+ - OrthoPara","robots":{"index":"index","follow":"follow","max-snippet":"max-snippet:-1","max-image-preview":"max-image-preview:large","max-video-preview":"max-video-preview:-1"},"canonical":"https:\/\/orthopara.store\/index.php\/produit\/dentifrice-gel-pour-enfant-tartrex-kids-50ml-2ans\/","og_locale":"fr_FR","og_type":"article","og_title":"Dentifrice gel pour enfant - Tartrex Kids - 50ml - 2ans+ - OrthoPara","og_description":"Tartrex Kids Dentifrice gel pour enfant\u00a0 Action phyto-cosm\u00e9tique : l\u2019extrait d\u2019aloe vera naturellement riche en fluor permet un nettoyage et des soins particuli\u00e8rement doux aux dents et aux gencives. Age : 2 ans et plus Contenance : 50ml DLC : 03\/2027","og_url":"https:\/\/orthopara.store\/index.php\/produit\/dentifrice-gel-pour-enfant-tartrex-kids-50ml-2ans\/","og_site_name":"OrthoPara","article_publisher":"https:\/\/www.facebook.com\/profile.php?id=61561194315651","article_modified_time":"2024-06-28T13:55:25+00:00","og_image":[{"width":800,"height":800,"url":"https:\/\/orthopara.store\/wp-content\/uploads\/2024\/06\/dentifrice-gel-pour-enfant-tartrex-kids-50ml-2ans.jpg","type":"image\/jpeg"}],"twitter_card":"summary_large_image","schema":{"@context":"https:\/\/schema.org","@graph":[{"@type":"WebPage","@id":"https:\/\/orthopara.store\/index.php\/produit\/dentifrice-gel-pour-enfant-tartrex-kids-50ml-2ans\/","url":"https:\/\/orthopara.store\/index.php\/produit\/dentifrice-gel-pour-enfant-tartrex-kids-50ml-2ans\/","name":"Dentifrice gel pour enfant - Tartrex Kids - 50ml - 2ans+ - OrthoPara","isPartOf":{"@id":"https:\/\/orthopara.store\/#website"},"primaryImageOfPage":{"@id":"https:\/\/orthopara.store\/index.php\/produit\/dentifrice-gel-pour-enfant-tartrex-kids-50ml-2ans\/#primaryimage"},"image":{"@id":"https:\/\/orthopara.store\/index.php\/produit\/dentifrice-gel-pour-enfant-tartrex-kids-50ml-2ans\/#primaryimage"},"thumbnailUrl":"https:\/\/orthopara.store\/wp-content\/uploads\/2024\/06\/dentifrice-gel-pour-enfant-tartrex-kids-50ml-2ans.jpg","datePublished":"2024-06-28T13:55:20+00:00","dateModified":"2024-06-28T13:55:25+00:00","breadcrumb":{"@id":"https:\/\/orthopara.store\/index.php\/produit\/dentifrice-gel-pour-enfant-tartrex-kids-50ml-2ans\/#breadcrumb"},"inLanguage":"fr-FR","potentialAction":[{"@type":"ReadAction","target":["https:\/\/orthopara.store\/index.php\/produit\/dentifrice-gel-pour-enfant-tartrex-kids-50ml-2ans\/"]}]},{"@type":"ImageObject","inLanguage":"fr-FR","@id":"https:\/\/orthopara.store\/index.php\/produit\/dentifrice-gel-pour-enfant-tartrex-kids-50ml-2ans\/#primaryimage","url":"https:\/\/orthopara.store\/wp-content\/uploads\/2024\/06\/dentifrice-gel-pour-enfant-tartrex-kids-50ml-2ans.jpg","contentUrl":"https:\/\/orthopara.store\/wp-content\/uploads\/2024\/06\/dentifrice-gel-pour-enfant-tartrex-kids-50ml-2ans.jpg","width":800,"height":800},{"@type":"BreadcrumbList","@id":"https:\/\/orthopara.store\/index.php\/produit\/dentifrice-gel-pour-enfant-tartrex-kids-50ml-2ans\/#breadcrumb","itemListElement":[{"@type":"ListItem","position":1,"name":"Accueil","item":"https:\/\/orthopara.store\/"},{"@type":"ListItem","position":2,"name":"Shop","item":"https:\/\/orthopara.store\/?page_id=622"},{"@type":"ListItem","position":3,"name":"Dentifrice gel pour enfant &#8211; Tartrex Kids &#8211; 50ml &#8211; 2ans+"}]},{"@type":"WebSite","@id":"https:\/\/orthopara.store\/#website","url":"https:\/\/orthopara.store\/","name":"OrthoPara","description":"Parapharmacie","publisher":{"@id":"https:\/\/orthopara.store\/#organization"},"potentialAction":[{"@type":"SearchAction","target":{"@type":"EntryPoint","urlTemplate":"https:\/\/orthopara.store\/?s={search_term_string}"},"query-input":"required name=search_term_string"}],"inLanguage":"fr-FR"},{"@type":"Organization","@id":"https:\/\/orthopara.store\/#organization","name":"OrthoPara","url":"https:\/\/orthopara.store\/","logo":{"@type":"ImageObject","inLanguage":"fr-FR","@id":"https:\/\/orthopara.store\/#\/schema\/logo\/image\/","url":"https:\/\/orthopara.store\/wp-content\/uploads\/2024\/06\/cropped-9ABA8BAD-6256-4719-9315-15C66E64E882.png","contentUrl":"https:\/\/orthopara.store\/wp-content\/uploads\/2024\/06\/cropped-9ABA8BAD-6256-4719-9315-15C66E64E882.png","width":240,"height":72,"caption":"OrthoPara"},"image":{"@id":"https:\/\/orthopara.store\/#\/schema\/logo\/image\/"},"sameAs":["https:\/\/www.facebook.com\/profile.php?id=61561194315651","https:\/\/www.instagram.com\/orthopara_tunisie\/"]}]}},"jetpack_sharing_enabled":true,"brands":[{"id":216,"name":"Tartrex","slug":"tartrex"}],"_links":{"self":[{"href":"https:\/\/orthopara.store\/index.php?rest_route=\/wp\/v2\/product\/1795","targetHints":{"allow":["GET"]}}],"collection":[{"href":"https:\/\/orthopara.store\/index.php?rest_route=\/wp\/v2\/product"}],"about":[{"href":"https:\/\/orthopara.store\/index.php?rest_route=\/wp\/v2\/types\/product"}],"replies":[{"embeddable":true,"href":"https:\/\/orthopara.store\/index.php?rest_route=%2Fwp%2Fv2%2Fcomments&post=1795"}],"wp:featuredmedia":[{"embeddable":true,"href":"https:\/\/orthopara.store\/index.php?rest_route=\/wp\/v2\/media\/1824"}],"wp:attachment":[{"href":"https:\/\/orthopara.store\/index.php?rest_route=%2Fwp%2Fv2%2Fmedia&parent=1795"}],"wp:term":[{"taxonomy":"pwb-brand","embeddable":true,"href":"https:\/\/orthopara.store\/index.php?rest_route=%2Fwp%2Fv2%2Fpwb-brand&post=1795"},{"taxonomy":"product_cat","embeddable":true,"href":"https:\/\/orthopara.store\/index.php?rest_route=%2Fwp%2Fv2%2Fproduct_cat&post=1795"},{"taxonomy":"product_tag","embeddable":true,"href":"https:\/\/orthopara.store\/index.php?rest_route=%2Fwp%2Fv2%2Fproduct_tag&post=1795"}],"curies":[{"name":"wp","href":"https:\/\/api.w.org\/{rel}","templated":true}]}}