{"id":1797,"date":"2024-06-28T15:55:20","date_gmt":"2024-06-28T13:55:20","guid":{"rendered":"https:\/\/orthopara.store\/?post_type=product&#038;p=1797"},"modified":"2024-06-28T15:55:26","modified_gmt":"2024-06-28T13:55:26","slug":"dentifrice-pour-dents-et-gencives-en-orthodontie-stoderma-orthokare-65ml","status":"publish","type":"product","link":"https:\/\/orthopara.store\/?product=dentifrice-pour-dents-et-gencives-en-orthodontie-stoderma-orthokare-65ml","title":{"rendered":"Dentifrice pour dents et gencives en orthodontie &#8211; Stoderma Orthokare &#8211; 65ml"},"content":{"rendered":"<p>Dentifrice pour dents et gencives en orthodontie &#8211; Stoderma Orthokare &#8211; 65ml<br \/>\nL&rsquo;hygi\u00e8ne dentaire quotidienne et tr\u00e8s importante chez toutes les personnes, elle est encore plus chez les porteurs d&rsquo;appareil d&rsquo;orthodontie car ils sont sujets \u00e0 l&rsquo;usure de l&rsquo;\u00e9mail et \u00e0 l&rsquo;accumulation de biofilm dentaire.<br \/>\nOrthokare est indiqu\u00e9 pour :<br \/>\nHygi\u00e8ne orale sp\u00e9cifique chez les porteurs d&rsquo;appareils dentaires<br \/>\nPr\u00e9vention des caries par rapport de 1450 ppm de fluor<br \/>\nPr\u00e9vention de la plaque dentaire<br \/>\nsoulager et r\u00e9parer les l\u00e9sions dues au port d&rsquo;appareils dentaires<br \/>\nComposition :<br \/>\nprovitamine B5 0.5g, vitamine E 0.2g, CPC 0.05g, excipient QSP 100ml<br \/>\nMode d&#8217;emploi :<br \/>\nBrossez-vous les dents pendant au moins 2 minutes 3 fois par jour ne pas avaler, recracher et se rincer la bouche apr\u00e8s chaque brossage.<br \/>\n\u00c2ge Sup\u00e9rieur \u00e0 6 ans<\/p>\n","protected":false},"excerpt":{"rendered":"<p>Orthokare\u00a0<br \/>\nDentifrice soin pour dents et gencives en orthodontie<br \/>\nRenforce l&rsquo;\u00e9mail<br \/>\nProt\u00e8ge la gencive<br \/>\nContenance : Tube de 75g (65ml)<\/p>\n","protected":false},"featured_media":1826,"comment_status":"open","ping_status":"closed","template":"","meta":[],"pwb-brand":[217],"product_cat":[214],"product_tag":[],"class_list":{"0":"post-1797","1":"product","2":"type-product","3":"status-publish","4":"has-post-thumbnail","6":"pwb-brand-stoderma","7":"product_cat-dentifrices","8":"post","9":"ws-product--style-1","11":"first","12":"instock","13":"shipping-taxable","14":"purchasable","15":"product-type-simple"},"yoast_head":"<!-- This site is optimized with the Yoast SEO plugin v23.0 - https:\/\/yoast.com\/wordpress\/plugins\/seo\/ -->\n<title>Dentifrice pour dents et gencives en orthodontie - Stoderma Orthokare - 65ml - OrthoPara<\/title>\n<meta name=\"robots\" content=\"index, follow, max-snippet:-1, max-image-preview:large, max-video-preview:-1\" \/>\n<link rel=\"canonical\" href=\"https:\/\/orthopara.store\/index.php\/produit\/dentifrice-pour-dents-et-gencives-en-orthodontie-stoderma-orthokare-65ml\/\" \/>\n<meta property=\"og:locale\" content=\"fr_FR\" \/>\n<meta property=\"og:type\" content=\"article\" \/>\n<meta property=\"og:title\" content=\"Dentifrice pour dents et gencives en orthodontie - Stoderma Orthokare - 65ml - OrthoPara\" \/>\n<meta property=\"og:description\" content=\"Orthokare\u00a0 Dentifrice soin pour dents et gencives en orthodontie Renforce l&#039;\u00e9mail Prot\u00e8ge la gencive Contenance : Tube de 75g (65ml)\" \/>\n<meta property=\"og:url\" content=\"https:\/\/orthopara.store\/index.php\/produit\/dentifrice-pour-dents-et-gencives-en-orthodontie-stoderma-orthokare-65ml\/\" \/>\n<meta property=\"og:site_name\" content=\"OrthoPara\" \/>\n<meta property=\"article:publisher\" content=\"https:\/\/www.facebook.com\/profile.php?id=61561194315651\" \/>\n<meta property=\"article:modified_time\" content=\"2024-06-28T13:55:26+00:00\" \/>\n<meta property=\"og:image\" content=\"https:\/\/orthopara.store\/wp-content\/uploads\/2024\/06\/dentifrice-pour-dents-et-gencives-en-orthodontie-stoderma-orthokare-65ml.jpg\" \/>\n\t<meta property=\"og:image:width\" content=\"800\" \/>\n\t<meta property=\"og:image:height\" content=\"800\" \/>\n\t<meta property=\"og:image:type\" content=\"image\/jpeg\" \/>\n<meta name=\"twitter:card\" content=\"summary_large_image\" \/>\n<meta name=\"twitter:label1\" content=\"Dur\u00e9e de lecture estim\u00e9e\" \/>\n\t<meta name=\"twitter:data1\" content=\"1 minute\" \/>\n<script type=\"application\/ld+json\" class=\"yoast-schema-graph\">{\"@context\":\"https:\/\/schema.org\",\"@graph\":[{\"@type\":\"WebPage\",\"@id\":\"https:\/\/orthopara.store\/index.php\/produit\/dentifrice-pour-dents-et-gencives-en-orthodontie-stoderma-orthokare-65ml\/\",\"url\":\"https:\/\/orthopara.store\/index.php\/produit\/dentifrice-pour-dents-et-gencives-en-orthodontie-stoderma-orthokare-65ml\/\",\"name\":\"Dentifrice pour dents et gencives en orthodontie - Stoderma Orthokare - 65ml - OrthoPara\",\"isPartOf\":{\"@id\":\"https:\/\/orthopara.store\/#website\"},\"primaryImageOfPage\":{\"@id\":\"https:\/\/orthopara.store\/index.php\/produit\/dentifrice-pour-dents-et-gencives-en-orthodontie-stoderma-orthokare-65ml\/#primaryimage\"},\"image\":{\"@id\":\"https:\/\/orthopara.store\/index.php\/produit\/dentifrice-pour-dents-et-gencives-en-orthodontie-stoderma-orthokare-65ml\/#primaryimage\"},\"thumbnailUrl\":\"https:\/\/orthopara.store\/wp-content\/uploads\/2024\/06\/dentifrice-pour-dents-et-gencives-en-orthodontie-stoderma-orthokare-65ml.jpg\",\"datePublished\":\"2024-06-28T13:55:20+00:00\",\"dateModified\":\"2024-06-28T13:55:26+00:00\",\"breadcrumb\":{\"@id\":\"https:\/\/orthopara.store\/index.php\/produit\/dentifrice-pour-dents-et-gencives-en-orthodontie-stoderma-orthokare-65ml\/#breadcrumb\"},\"inLanguage\":\"fr-FR\",\"potentialAction\":[{\"@type\":\"ReadAction\",\"target\":[\"https:\/\/orthopara.store\/index.php\/produit\/dentifrice-pour-dents-et-gencives-en-orthodontie-stoderma-orthokare-65ml\/\"]}]},{\"@type\":\"ImageObject\",\"inLanguage\":\"fr-FR\",\"@id\":\"https:\/\/orthopara.store\/index.php\/produit\/dentifrice-pour-dents-et-gencives-en-orthodontie-stoderma-orthokare-65ml\/#primaryimage\",\"url\":\"https:\/\/orthopara.store\/wp-content\/uploads\/2024\/06\/dentifrice-pour-dents-et-gencives-en-orthodontie-stoderma-orthokare-65ml.jpg\",\"contentUrl\":\"https:\/\/orthopara.store\/wp-content\/uploads\/2024\/06\/dentifrice-pour-dents-et-gencives-en-orthodontie-stoderma-orthokare-65ml.jpg\",\"width\":800,\"height\":800},{\"@type\":\"BreadcrumbList\",\"@id\":\"https:\/\/orthopara.store\/index.php\/produit\/dentifrice-pour-dents-et-gencives-en-orthodontie-stoderma-orthokare-65ml\/#breadcrumb\",\"itemListElement\":[{\"@type\":\"ListItem\",\"position\":1,\"name\":\"Accueil\",\"item\":\"https:\/\/orthopara.store\/\"},{\"@type\":\"ListItem\",\"position\":2,\"name\":\"Shop\",\"item\":\"https:\/\/orthopara.store\/?page_id=622\"},{\"@type\":\"ListItem\",\"position\":3,\"name\":\"Dentifrice pour dents et gencives en orthodontie &#8211; Stoderma Orthokare &#8211; 65ml\"}]},{\"@type\":\"WebSite\",\"@id\":\"https:\/\/orthopara.store\/#website\",\"url\":\"https:\/\/orthopara.store\/\",\"name\":\"OrthoPara\",\"description\":\"Parapharmacie\",\"publisher\":{\"@id\":\"https:\/\/orthopara.store\/#organization\"},\"potentialAction\":[{\"@type\":\"SearchAction\",\"target\":{\"@type\":\"EntryPoint\",\"urlTemplate\":\"https:\/\/orthopara.store\/?s={search_term_string}\"},\"query-input\":\"required name=search_term_string\"}],\"inLanguage\":\"fr-FR\"},{\"@type\":\"Organization\",\"@id\":\"https:\/\/orthopara.store\/#organization\",\"name\":\"OrthoPara\",\"url\":\"https:\/\/orthopara.store\/\",\"logo\":{\"@type\":\"ImageObject\",\"inLanguage\":\"fr-FR\",\"@id\":\"https:\/\/orthopara.store\/#\/schema\/logo\/image\/\",\"url\":\"https:\/\/orthopara.store\/wp-content\/uploads\/2024\/06\/cropped-9ABA8BAD-6256-4719-9315-15C66E64E882.png\",\"contentUrl\":\"https:\/\/orthopara.store\/wp-content\/uploads\/2024\/06\/cropped-9ABA8BAD-6256-4719-9315-15C66E64E882.png\",\"width\":240,\"height\":72,\"caption\":\"OrthoPara\"},\"image\":{\"@id\":\"https:\/\/orthopara.store\/#\/schema\/logo\/image\/\"},\"sameAs\":[\"https:\/\/www.facebook.com\/profile.php?id=61561194315651\",\"https:\/\/www.instagram.com\/orthopara_tunisie\/\"]}]}<\/script>\n<!-- \/ Yoast SEO plugin. -->","yoast_head_json":{"title":"Dentifrice pour dents et gencives en orthodontie - Stoderma Orthokare - 65ml - OrthoPara","robots":{"index":"index","follow":"follow","max-snippet":"max-snippet:-1","max-image-preview":"max-image-preview:large","max-video-preview":"max-video-preview:-1"},"canonical":"https:\/\/orthopara.store\/index.php\/produit\/dentifrice-pour-dents-et-gencives-en-orthodontie-stoderma-orthokare-65ml\/","og_locale":"fr_FR","og_type":"article","og_title":"Dentifrice pour dents et gencives en orthodontie - Stoderma Orthokare - 65ml - OrthoPara","og_description":"Orthokare\u00a0 Dentifrice soin pour dents et gencives en orthodontie Renforce l'\u00e9mail Prot\u00e8ge la gencive Contenance : Tube de 75g (65ml)","og_url":"https:\/\/orthopara.store\/index.php\/produit\/dentifrice-pour-dents-et-gencives-en-orthodontie-stoderma-orthokare-65ml\/","og_site_name":"OrthoPara","article_publisher":"https:\/\/www.facebook.com\/profile.php?id=61561194315651","article_modified_time":"2024-06-28T13:55:26+00:00","og_image":[{"width":800,"height":800,"url":"https:\/\/orthopara.store\/wp-content\/uploads\/2024\/06\/dentifrice-pour-dents-et-gencives-en-orthodontie-stoderma-orthokare-65ml.jpg","type":"image\/jpeg"}],"twitter_card":"summary_large_image","twitter_misc":{"Dur\u00e9e de lecture estim\u00e9e":"1 minute"},"schema":{"@context":"https:\/\/schema.org","@graph":[{"@type":"WebPage","@id":"https:\/\/orthopara.store\/index.php\/produit\/dentifrice-pour-dents-et-gencives-en-orthodontie-stoderma-orthokare-65ml\/","url":"https:\/\/orthopara.store\/index.php\/produit\/dentifrice-pour-dents-et-gencives-en-orthodontie-stoderma-orthokare-65ml\/","name":"Dentifrice pour dents et gencives en orthodontie - Stoderma Orthokare - 65ml - OrthoPara","isPartOf":{"@id":"https:\/\/orthopara.store\/#website"},"primaryImageOfPage":{"@id":"https:\/\/orthopara.store\/index.php\/produit\/dentifrice-pour-dents-et-gencives-en-orthodontie-stoderma-orthokare-65ml\/#primaryimage"},"image":{"@id":"https:\/\/orthopara.store\/index.php\/produit\/dentifrice-pour-dents-et-gencives-en-orthodontie-stoderma-orthokare-65ml\/#primaryimage"},"thumbnailUrl":"https:\/\/orthopara.store\/wp-content\/uploads\/2024\/06\/dentifrice-pour-dents-et-gencives-en-orthodontie-stoderma-orthokare-65ml.jpg","datePublished":"2024-06-28T13:55:20+00:00","dateModified":"2024-06-28T13:55:26+00:00","breadcrumb":{"@id":"https:\/\/orthopara.store\/index.php\/produit\/dentifrice-pour-dents-et-gencives-en-orthodontie-stoderma-orthokare-65ml\/#breadcrumb"},"inLanguage":"fr-FR","potentialAction":[{"@type":"ReadAction","target":["https:\/\/orthopara.store\/index.php\/produit\/dentifrice-pour-dents-et-gencives-en-orthodontie-stoderma-orthokare-65ml\/"]}]},{"@type":"ImageObject","inLanguage":"fr-FR","@id":"https:\/\/orthopara.store\/index.php\/produit\/dentifrice-pour-dents-et-gencives-en-orthodontie-stoderma-orthokare-65ml\/#primaryimage","url":"https:\/\/orthopara.store\/wp-content\/uploads\/2024\/06\/dentifrice-pour-dents-et-gencives-en-orthodontie-stoderma-orthokare-65ml.jpg","contentUrl":"https:\/\/orthopara.store\/wp-content\/uploads\/2024\/06\/dentifrice-pour-dents-et-gencives-en-orthodontie-stoderma-orthokare-65ml.jpg","width":800,"height":800},{"@type":"BreadcrumbList","@id":"https:\/\/orthopara.store\/index.php\/produit\/dentifrice-pour-dents-et-gencives-en-orthodontie-stoderma-orthokare-65ml\/#breadcrumb","itemListElement":[{"@type":"ListItem","position":1,"name":"Accueil","item":"https:\/\/orthopara.store\/"},{"@type":"ListItem","position":2,"name":"Shop","item":"https:\/\/orthopara.store\/?page_id=622"},{"@type":"ListItem","position":3,"name":"Dentifrice pour dents et gencives en orthodontie &#8211; Stoderma Orthokare &#8211; 65ml"}]},{"@type":"WebSite","@id":"https:\/\/orthopara.store\/#website","url":"https:\/\/orthopara.store\/","name":"OrthoPara","description":"Parapharmacie","publisher":{"@id":"https:\/\/orthopara.store\/#organization"},"potentialAction":[{"@type":"SearchAction","target":{"@type":"EntryPoint","urlTemplate":"https:\/\/orthopara.store\/?s={search_term_string}"},"query-input":"required name=search_term_string"}],"inLanguage":"fr-FR"},{"@type":"Organization","@id":"https:\/\/orthopara.store\/#organization","name":"OrthoPara","url":"https:\/\/orthopara.store\/","logo":{"@type":"ImageObject","inLanguage":"fr-FR","@id":"https:\/\/orthopara.store\/#\/schema\/logo\/image\/","url":"https:\/\/orthopara.store\/wp-content\/uploads\/2024\/06\/cropped-9ABA8BAD-6256-4719-9315-15C66E64E882.png","contentUrl":"https:\/\/orthopara.store\/wp-content\/uploads\/2024\/06\/cropped-9ABA8BAD-6256-4719-9315-15C66E64E882.png","width":240,"height":72,"caption":"OrthoPara"},"image":{"@id":"https:\/\/orthopara.store\/#\/schema\/logo\/image\/"},"sameAs":["https:\/\/www.facebook.com\/profile.php?id=61561194315651","https:\/\/www.instagram.com\/orthopara_tunisie\/"]}]}},"jetpack_sharing_enabled":true,"brands":[{"id":217,"name":"STODERMA","slug":"stoderma"}],"_links":{"self":[{"href":"https:\/\/orthopara.store\/index.php?rest_route=\/wp\/v2\/product\/1797","targetHints":{"allow":["GET"]}}],"collection":[{"href":"https:\/\/orthopara.store\/index.php?rest_route=\/wp\/v2\/product"}],"about":[{"href":"https:\/\/orthopara.store\/index.php?rest_route=\/wp\/v2\/types\/product"}],"replies":[{"embeddable":true,"href":"https:\/\/orthopara.store\/index.php?rest_route=%2Fwp%2Fv2%2Fcomments&post=1797"}],"wp:featuredmedia":[{"embeddable":true,"href":"https:\/\/orthopara.store\/index.php?rest_route=\/wp\/v2\/media\/1826"}],"wp:attachment":[{"href":"https:\/\/orthopara.store\/index.php?rest_route=%2Fwp%2Fv2%2Fmedia&parent=1797"}],"wp:term":[{"taxonomy":"pwb-brand","embeddable":true,"href":"https:\/\/orthopara.store\/index.php?rest_route=%2Fwp%2Fv2%2Fpwb-brand&post=1797"},{"taxonomy":"product_cat","embeddable":true,"href":"https:\/\/orthopara.store\/index.php?rest_route=%2Fwp%2Fv2%2Fproduct_cat&post=1797"},{"taxonomy":"product_tag","embeddable":true,"href":"https:\/\/orthopara.store\/index.php?rest_route=%2Fwp%2Fv2%2Fproduct_tag&post=1797"}],"curies":[{"name":"wp","href":"https:\/\/api.w.org\/{rel}","templated":true}]}}