{"id":1799,"date":"2024-06-28T15:55:20","date_gmt":"2024-06-28T13:55:20","guid":{"rendered":"https:\/\/orthopara.store\/?post_type=product&#038;p=1799"},"modified":"2024-06-28T15:55:27","modified_gmt":"2024-06-28T13:55:27","slug":"dentifrice-au-fluor-calcium-anti-caries-stoderma-fluokal-65ml","status":"publish","type":"product","link":"https:\/\/orthopara.store\/?product=dentifrice-au-fluor-calcium-anti-caries-stoderma-fluokal-65ml","title":{"rendered":"Dentifrice au fluor &#038; calcium &#8211; anti-caries &#8211; Stoderma Fluokal &#8211; 65ml"},"content":{"rendered":"<p>Dentifrice au fluor &#038; calcium &#8211; anti-caries &#8211; Stoderma Fluokal &#8211; 65ml<br \/>\nLa gamme de soins buccale fluocal anti-caries riche en fluor et en calcium, renforce l&rsquo;\u00e9mail des dents et pr\u00e9vient la formation des caries.<br \/>\nPropri\u00e9t\u00e9s :<br \/>\nLimite la d\u00e9min\u00e9ralisation de l&rsquo;\u00e9mail dentaire<br \/>\nFavorise la min\u00e9ralisation de l&#8217;email dentaire<br \/>\nInhibe le m\u00e9tabolisme des bact\u00e9ries cariog\u00e8nes<br \/>\nIndications :<br \/>\nL&rsquo;apport local de calcium et de fluor \u00e0 un \u00e2ge pr\u00e9coce est essentiel pour la bonne formation de la dent, car la carence en ces min\u00e9raux dans les p\u00e9riodes critiques du d\u00e9veloppement de la dent est li\u00e9 \u00e0 une plus grande pr\u00e9disposition \u00e0 d\u00e9velopper des caries dentaires Fluokal anti-caries est indiqu\u00e9 :<br \/>\nPour la carence en fluor et ou en calcium n\u00e9cessitant un apport local et quotidien de ces min\u00e9raux<br \/>\nL&rsquo;enfant \u00e0 partir de 6 ans et l&rsquo;adulte a faible risque carieux<br \/>\nL&rsquo;enfant \u00e0 partir de 6 ans et l&rsquo;adulte \u00e0 risque carieux \u00e9lev\u00e9<br \/>\nL&rsquo;hygi\u00e8ne de coup dentaire quotidienne<br \/>\nLa pr\u00e9vention et le contr\u00f4le de la plaque dentaire<br \/>\nMode d&#8217;emploi :<br \/>\nIl est conseill\u00e9 de ne pas manger ou boire pendant au moins une demi-heure apr\u00e8s l&rsquo;utilisation Fluokal anti- caries<br \/>\nBrosser les dents pendant au moins 2 minutes 3 fois par jour et apr\u00e8s chaque repas il est recommand\u00e9 d&rsquo;utiliser une brosse \u00e0 dents souple.<br \/>\nComposition :<br \/>\nfluorure de sodium 1455 ppm, chlorure de calcium 0,1 %<\/p>\n","protected":false},"excerpt":{"rendered":"<p>Fluokal<br \/>\nDentifrice au fluor &#038; calcium\u00a0<br \/>\nAction anti-caries prouv\u00e9e\u00a0<br \/>\nRenforce l&rsquo;\u00e9mail des dents\u00a0<br \/>\nContenance : tube de 75g (65ml)\u00a0<\/p>\n","protected":false},"featured_media":1828,"comment_status":"open","ping_status":"closed","template":"","meta":[],"pwb-brand":[217],"product_cat":[214],"product_tag":[],"class_list":{"0":"post-1799","1":"product","2":"type-product","3":"status-publish","4":"has-post-thumbnail","6":"pwb-brand-stoderma","7":"product_cat-dentifrices","8":"post","9":"ws-product--style-1","11":"first","12":"instock","13":"shipping-taxable","14":"purchasable","15":"product-type-simple"},"yoast_head":"<!-- This site is optimized with the Yoast SEO plugin v23.0 - https:\/\/yoast.com\/wordpress\/plugins\/seo\/ -->\n<title>Dentifrice au fluor &amp; calcium - anti-caries - Stoderma Fluokal - 65ml - OrthoPara<\/title>\n<meta name=\"robots\" content=\"index, follow, max-snippet:-1, max-image-preview:large, max-video-preview:-1\" \/>\n<link rel=\"canonical\" href=\"https:\/\/orthopara.store\/index.php\/produit\/dentifrice-au-fluor-calcium-anti-caries-stoderma-fluokal-65ml\/\" \/>\n<meta property=\"og:locale\" content=\"fr_FR\" \/>\n<meta property=\"og:type\" content=\"article\" \/>\n<meta property=\"og:title\" content=\"Dentifrice au fluor &amp; calcium - anti-caries - Stoderma Fluokal - 65ml - OrthoPara\" \/>\n<meta property=\"og:description\" content=\"Fluokal Dentifrice au fluor &amp; calcium\u00a0 Action anti-caries prouv\u00e9e\u00a0 Renforce l&#039;\u00e9mail des dents\u00a0 Contenance : tube de 75g (65ml)\u00a0\" \/>\n<meta property=\"og:url\" content=\"https:\/\/orthopara.store\/index.php\/produit\/dentifrice-au-fluor-calcium-anti-caries-stoderma-fluokal-65ml\/\" \/>\n<meta property=\"og:site_name\" content=\"OrthoPara\" \/>\n<meta property=\"article:publisher\" content=\"https:\/\/www.facebook.com\/profile.php?id=61561194315651\" \/>\n<meta property=\"article:modified_time\" content=\"2024-06-28T13:55:27+00:00\" \/>\n<meta property=\"og:image\" content=\"https:\/\/orthopara.store\/wp-content\/uploads\/2024\/06\/dentifrice-au-fluor-calcium-anti-caries-stoderma-fluokal-65ml.jpg\" \/>\n\t<meta property=\"og:image:width\" content=\"800\" \/>\n\t<meta property=\"og:image:height\" content=\"800\" \/>\n\t<meta property=\"og:image:type\" content=\"image\/jpeg\" \/>\n<meta name=\"twitter:card\" content=\"summary_large_image\" \/>\n<meta name=\"twitter:label1\" content=\"Dur\u00e9e de lecture estim\u00e9e\" \/>\n\t<meta name=\"twitter:data1\" content=\"1 minute\" \/>\n<script type=\"application\/ld+json\" class=\"yoast-schema-graph\">{\"@context\":\"https:\/\/schema.org\",\"@graph\":[{\"@type\":\"WebPage\",\"@id\":\"https:\/\/orthopara.store\/index.php\/produit\/dentifrice-au-fluor-calcium-anti-caries-stoderma-fluokal-65ml\/\",\"url\":\"https:\/\/orthopara.store\/index.php\/produit\/dentifrice-au-fluor-calcium-anti-caries-stoderma-fluokal-65ml\/\",\"name\":\"Dentifrice au fluor & calcium - anti-caries - Stoderma Fluokal - 65ml - OrthoPara\",\"isPartOf\":{\"@id\":\"https:\/\/orthopara.store\/#website\"},\"primaryImageOfPage\":{\"@id\":\"https:\/\/orthopara.store\/index.php\/produit\/dentifrice-au-fluor-calcium-anti-caries-stoderma-fluokal-65ml\/#primaryimage\"},\"image\":{\"@id\":\"https:\/\/orthopara.store\/index.php\/produit\/dentifrice-au-fluor-calcium-anti-caries-stoderma-fluokal-65ml\/#primaryimage\"},\"thumbnailUrl\":\"https:\/\/orthopara.store\/wp-content\/uploads\/2024\/06\/dentifrice-au-fluor-calcium-anti-caries-stoderma-fluokal-65ml.jpg\",\"datePublished\":\"2024-06-28T13:55:20+00:00\",\"dateModified\":\"2024-06-28T13:55:27+00:00\",\"breadcrumb\":{\"@id\":\"https:\/\/orthopara.store\/index.php\/produit\/dentifrice-au-fluor-calcium-anti-caries-stoderma-fluokal-65ml\/#breadcrumb\"},\"inLanguage\":\"fr-FR\",\"potentialAction\":[{\"@type\":\"ReadAction\",\"target\":[\"https:\/\/orthopara.store\/index.php\/produit\/dentifrice-au-fluor-calcium-anti-caries-stoderma-fluokal-65ml\/\"]}]},{\"@type\":\"ImageObject\",\"inLanguage\":\"fr-FR\",\"@id\":\"https:\/\/orthopara.store\/index.php\/produit\/dentifrice-au-fluor-calcium-anti-caries-stoderma-fluokal-65ml\/#primaryimage\",\"url\":\"https:\/\/orthopara.store\/wp-content\/uploads\/2024\/06\/dentifrice-au-fluor-calcium-anti-caries-stoderma-fluokal-65ml.jpg\",\"contentUrl\":\"https:\/\/orthopara.store\/wp-content\/uploads\/2024\/06\/dentifrice-au-fluor-calcium-anti-caries-stoderma-fluokal-65ml.jpg\",\"width\":800,\"height\":800},{\"@type\":\"BreadcrumbList\",\"@id\":\"https:\/\/orthopara.store\/index.php\/produit\/dentifrice-au-fluor-calcium-anti-caries-stoderma-fluokal-65ml\/#breadcrumb\",\"itemListElement\":[{\"@type\":\"ListItem\",\"position\":1,\"name\":\"Accueil\",\"item\":\"https:\/\/orthopara.store\/\"},{\"@type\":\"ListItem\",\"position\":2,\"name\":\"Shop\",\"item\":\"https:\/\/orthopara.store\/?page_id=622\"},{\"@type\":\"ListItem\",\"position\":3,\"name\":\"Dentifrice au fluor &#038; calcium &#8211; anti-caries &#8211; Stoderma Fluokal &#8211; 65ml\"}]},{\"@type\":\"WebSite\",\"@id\":\"https:\/\/orthopara.store\/#website\",\"url\":\"https:\/\/orthopara.store\/\",\"name\":\"OrthoPara\",\"description\":\"Parapharmacie\",\"publisher\":{\"@id\":\"https:\/\/orthopara.store\/#organization\"},\"potentialAction\":[{\"@type\":\"SearchAction\",\"target\":{\"@type\":\"EntryPoint\",\"urlTemplate\":\"https:\/\/orthopara.store\/?s={search_term_string}\"},\"query-input\":\"required name=search_term_string\"}],\"inLanguage\":\"fr-FR\"},{\"@type\":\"Organization\",\"@id\":\"https:\/\/orthopara.store\/#organization\",\"name\":\"OrthoPara\",\"url\":\"https:\/\/orthopara.store\/\",\"logo\":{\"@type\":\"ImageObject\",\"inLanguage\":\"fr-FR\",\"@id\":\"https:\/\/orthopara.store\/#\/schema\/logo\/image\/\",\"url\":\"https:\/\/orthopara.store\/wp-content\/uploads\/2024\/06\/cropped-9ABA8BAD-6256-4719-9315-15C66E64E882.png\",\"contentUrl\":\"https:\/\/orthopara.store\/wp-content\/uploads\/2024\/06\/cropped-9ABA8BAD-6256-4719-9315-15C66E64E882.png\",\"width\":240,\"height\":72,\"caption\":\"OrthoPara\"},\"image\":{\"@id\":\"https:\/\/orthopara.store\/#\/schema\/logo\/image\/\"},\"sameAs\":[\"https:\/\/www.facebook.com\/profile.php?id=61561194315651\",\"https:\/\/www.instagram.com\/orthopara_tunisie\/\"]}]}<\/script>\n<!-- \/ Yoast SEO plugin. -->","yoast_head_json":{"title":"Dentifrice au fluor & calcium - anti-caries - Stoderma Fluokal - 65ml - OrthoPara","robots":{"index":"index","follow":"follow","max-snippet":"max-snippet:-1","max-image-preview":"max-image-preview:large","max-video-preview":"max-video-preview:-1"},"canonical":"https:\/\/orthopara.store\/index.php\/produit\/dentifrice-au-fluor-calcium-anti-caries-stoderma-fluokal-65ml\/","og_locale":"fr_FR","og_type":"article","og_title":"Dentifrice au fluor & calcium - anti-caries - Stoderma Fluokal - 65ml - OrthoPara","og_description":"Fluokal Dentifrice au fluor & calcium\u00a0 Action anti-caries prouv\u00e9e\u00a0 Renforce l'\u00e9mail des dents\u00a0 Contenance : tube de 75g (65ml)\u00a0","og_url":"https:\/\/orthopara.store\/index.php\/produit\/dentifrice-au-fluor-calcium-anti-caries-stoderma-fluokal-65ml\/","og_site_name":"OrthoPara","article_publisher":"https:\/\/www.facebook.com\/profile.php?id=61561194315651","article_modified_time":"2024-06-28T13:55:27+00:00","og_image":[{"width":800,"height":800,"url":"https:\/\/orthopara.store\/wp-content\/uploads\/2024\/06\/dentifrice-au-fluor-calcium-anti-caries-stoderma-fluokal-65ml.jpg","type":"image\/jpeg"}],"twitter_card":"summary_large_image","twitter_misc":{"Dur\u00e9e de lecture estim\u00e9e":"1 minute"},"schema":{"@context":"https:\/\/schema.org","@graph":[{"@type":"WebPage","@id":"https:\/\/orthopara.store\/index.php\/produit\/dentifrice-au-fluor-calcium-anti-caries-stoderma-fluokal-65ml\/","url":"https:\/\/orthopara.store\/index.php\/produit\/dentifrice-au-fluor-calcium-anti-caries-stoderma-fluokal-65ml\/","name":"Dentifrice au fluor & calcium - anti-caries - Stoderma Fluokal - 65ml - OrthoPara","isPartOf":{"@id":"https:\/\/orthopara.store\/#website"},"primaryImageOfPage":{"@id":"https:\/\/orthopara.store\/index.php\/produit\/dentifrice-au-fluor-calcium-anti-caries-stoderma-fluokal-65ml\/#primaryimage"},"image":{"@id":"https:\/\/orthopara.store\/index.php\/produit\/dentifrice-au-fluor-calcium-anti-caries-stoderma-fluokal-65ml\/#primaryimage"},"thumbnailUrl":"https:\/\/orthopara.store\/wp-content\/uploads\/2024\/06\/dentifrice-au-fluor-calcium-anti-caries-stoderma-fluokal-65ml.jpg","datePublished":"2024-06-28T13:55:20+00:00","dateModified":"2024-06-28T13:55:27+00:00","breadcrumb":{"@id":"https:\/\/orthopara.store\/index.php\/produit\/dentifrice-au-fluor-calcium-anti-caries-stoderma-fluokal-65ml\/#breadcrumb"},"inLanguage":"fr-FR","potentialAction":[{"@type":"ReadAction","target":["https:\/\/orthopara.store\/index.php\/produit\/dentifrice-au-fluor-calcium-anti-caries-stoderma-fluokal-65ml\/"]}]},{"@type":"ImageObject","inLanguage":"fr-FR","@id":"https:\/\/orthopara.store\/index.php\/produit\/dentifrice-au-fluor-calcium-anti-caries-stoderma-fluokal-65ml\/#primaryimage","url":"https:\/\/orthopara.store\/wp-content\/uploads\/2024\/06\/dentifrice-au-fluor-calcium-anti-caries-stoderma-fluokal-65ml.jpg","contentUrl":"https:\/\/orthopara.store\/wp-content\/uploads\/2024\/06\/dentifrice-au-fluor-calcium-anti-caries-stoderma-fluokal-65ml.jpg","width":800,"height":800},{"@type":"BreadcrumbList","@id":"https:\/\/orthopara.store\/index.php\/produit\/dentifrice-au-fluor-calcium-anti-caries-stoderma-fluokal-65ml\/#breadcrumb","itemListElement":[{"@type":"ListItem","position":1,"name":"Accueil","item":"https:\/\/orthopara.store\/"},{"@type":"ListItem","position":2,"name":"Shop","item":"https:\/\/orthopara.store\/?page_id=622"},{"@type":"ListItem","position":3,"name":"Dentifrice au fluor &#038; calcium &#8211; anti-caries &#8211; Stoderma Fluokal &#8211; 65ml"}]},{"@type":"WebSite","@id":"https:\/\/orthopara.store\/#website","url":"https:\/\/orthopara.store\/","name":"OrthoPara","description":"Parapharmacie","publisher":{"@id":"https:\/\/orthopara.store\/#organization"},"potentialAction":[{"@type":"SearchAction","target":{"@type":"EntryPoint","urlTemplate":"https:\/\/orthopara.store\/?s={search_term_string}"},"query-input":"required name=search_term_string"}],"inLanguage":"fr-FR"},{"@type":"Organization","@id":"https:\/\/orthopara.store\/#organization","name":"OrthoPara","url":"https:\/\/orthopara.store\/","logo":{"@type":"ImageObject","inLanguage":"fr-FR","@id":"https:\/\/orthopara.store\/#\/schema\/logo\/image\/","url":"https:\/\/orthopara.store\/wp-content\/uploads\/2024\/06\/cropped-9ABA8BAD-6256-4719-9315-15C66E64E882.png","contentUrl":"https:\/\/orthopara.store\/wp-content\/uploads\/2024\/06\/cropped-9ABA8BAD-6256-4719-9315-15C66E64E882.png","width":240,"height":72,"caption":"OrthoPara"},"image":{"@id":"https:\/\/orthopara.store\/#\/schema\/logo\/image\/"},"sameAs":["https:\/\/www.facebook.com\/profile.php?id=61561194315651","https:\/\/www.instagram.com\/orthopara_tunisie\/"]}]}},"jetpack_sharing_enabled":true,"brands":[{"id":217,"name":"STODERMA","slug":"stoderma"}],"_links":{"self":[{"href":"https:\/\/orthopara.store\/index.php?rest_route=\/wp\/v2\/product\/1799","targetHints":{"allow":["GET"]}}],"collection":[{"href":"https:\/\/orthopara.store\/index.php?rest_route=\/wp\/v2\/product"}],"about":[{"href":"https:\/\/orthopara.store\/index.php?rest_route=\/wp\/v2\/types\/product"}],"replies":[{"embeddable":true,"href":"https:\/\/orthopara.store\/index.php?rest_route=%2Fwp%2Fv2%2Fcomments&post=1799"}],"wp:featuredmedia":[{"embeddable":true,"href":"https:\/\/orthopara.store\/index.php?rest_route=\/wp\/v2\/media\/1828"}],"wp:attachment":[{"href":"https:\/\/orthopara.store\/index.php?rest_route=%2Fwp%2Fv2%2Fmedia&parent=1799"}],"wp:term":[{"taxonomy":"pwb-brand","embeddable":true,"href":"https:\/\/orthopara.store\/index.php?rest_route=%2Fwp%2Fv2%2Fpwb-brand&post=1799"},{"taxonomy":"product_cat","embeddable":true,"href":"https:\/\/orthopara.store\/index.php?rest_route=%2Fwp%2Fv2%2Fproduct_cat&post=1799"},{"taxonomy":"product_tag","embeddable":true,"href":"https:\/\/orthopara.store\/index.php?rest_route=%2Fwp%2Fv2%2Fproduct_tag&post=1799"}],"curies":[{"name":"wp","href":"https:\/\/api.w.org\/{rel}","templated":true}]}}