{"id":1807,"date":"2024-06-28T15:55:21","date_gmt":"2024-06-28T13:55:21","guid":{"rendered":"https:\/\/orthopara.store\/?post_type=product&#038;p=1807"},"modified":"2024-06-28T15:55:30","modified_gmt":"2024-06-28T13:55:30","slug":"dentifrice-extra-fresh-sensodyne-action-rapide-75ml","status":"publish","type":"product","link":"https:\/\/orthopara.store\/?product=dentifrice-extra-fresh-sensodyne-action-rapide-75ml","title":{"rendered":"Dentifrice extra fresh &#8211; Sensodyne Action Rapide &#8211; 75ml"},"content":{"rendered":"<p>Dentifrice extra fresh &#8211; Sensodyne Action Rapide &#8211; 75ml<br \/>\nle dentifrice Sensodyne Rapide Action Extra Fresh procure un soulagement cliniquement prouv\u00e9 de la sensibilit\u00e9 dentaire en seulement 60 secondes et laisse \u00e0 votre bouche une sensation de fra\u00eecheur et propret\u00e9. Sa formule unique agit rapidement en formant une barri\u00e8re protectrice afin de prot\u00e9ger vos dents sensibles. Elle procure un soulagement rapide et une protection renforc\u00e9e \u00e0 chaque brossage.<br \/>\nConseils d&rsquo;utilisation :\u00a0<br \/>\nA utiliser comme un dentifrice classique au moins 2 fois par jour.<\/p>\n","protected":false},"excerpt":{"rendered":"<p>Sensodyne Action Rapide<br \/>\nDentifrice extra fresh<br \/>\nContenance 75ml<\/p>\n","protected":false},"featured_media":1836,"comment_status":"open","ping_status":"closed","template":"","meta":[],"pwb-brand":[219],"product_cat":[214],"product_tag":[],"class_list":{"0":"post-1807","1":"product","2":"type-product","3":"status-publish","4":"has-post-thumbnail","6":"pwb-brand-sensodyne","7":"product_cat-dentifrices","8":"post","9":"ws-product--style-1","11":"first","12":"instock","13":"shipping-taxable","14":"purchasable","15":"product-type-simple"},"yoast_head":"<!-- This site is optimized with the Yoast SEO plugin v23.0 - https:\/\/yoast.com\/wordpress\/plugins\/seo\/ -->\n<title>Dentifrice extra fresh - Sensodyne Action Rapide - 75ml - OrthoPara<\/title>\n<meta name=\"robots\" content=\"index, follow, max-snippet:-1, max-image-preview:large, max-video-preview:-1\" \/>\n<link rel=\"canonical\" href=\"https:\/\/orthopara.store\/index.php\/produit\/dentifrice-extra-fresh-sensodyne-action-rapide-75ml\/\" \/>\n<meta property=\"og:locale\" content=\"fr_FR\" \/>\n<meta property=\"og:type\" content=\"article\" \/>\n<meta property=\"og:title\" content=\"Dentifrice extra fresh - Sensodyne Action Rapide - 75ml - OrthoPara\" \/>\n<meta property=\"og:description\" content=\"Sensodyne Action Rapide Dentifrice extra fresh Contenance 75ml\" \/>\n<meta property=\"og:url\" content=\"https:\/\/orthopara.store\/index.php\/produit\/dentifrice-extra-fresh-sensodyne-action-rapide-75ml\/\" \/>\n<meta property=\"og:site_name\" content=\"OrthoPara\" \/>\n<meta property=\"article:publisher\" content=\"https:\/\/www.facebook.com\/profile.php?id=61561194315651\" \/>\n<meta property=\"article:modified_time\" content=\"2024-06-28T13:55:30+00:00\" \/>\n<meta property=\"og:image\" content=\"https:\/\/orthopara.store\/wp-content\/uploads\/2024\/06\/dentifrice-extra-fresh-sensodyne-action-rapide-75ml.jpg\" \/>\n\t<meta property=\"og:image:width\" content=\"800\" \/>\n\t<meta property=\"og:image:height\" content=\"800\" \/>\n\t<meta property=\"og:image:type\" content=\"image\/jpeg\" \/>\n<meta name=\"twitter:card\" content=\"summary_large_image\" \/>\n<script type=\"application\/ld+json\" class=\"yoast-schema-graph\">{\"@context\":\"https:\/\/schema.org\",\"@graph\":[{\"@type\":\"WebPage\",\"@id\":\"https:\/\/orthopara.store\/index.php\/produit\/dentifrice-extra-fresh-sensodyne-action-rapide-75ml\/\",\"url\":\"https:\/\/orthopara.store\/index.php\/produit\/dentifrice-extra-fresh-sensodyne-action-rapide-75ml\/\",\"name\":\"Dentifrice extra fresh - Sensodyne Action Rapide - 75ml - OrthoPara\",\"isPartOf\":{\"@id\":\"https:\/\/orthopara.store\/#website\"},\"primaryImageOfPage\":{\"@id\":\"https:\/\/orthopara.store\/index.php\/produit\/dentifrice-extra-fresh-sensodyne-action-rapide-75ml\/#primaryimage\"},\"image\":{\"@id\":\"https:\/\/orthopara.store\/index.php\/produit\/dentifrice-extra-fresh-sensodyne-action-rapide-75ml\/#primaryimage\"},\"thumbnailUrl\":\"https:\/\/orthopara.store\/wp-content\/uploads\/2024\/06\/dentifrice-extra-fresh-sensodyne-action-rapide-75ml.jpg\",\"datePublished\":\"2024-06-28T13:55:21+00:00\",\"dateModified\":\"2024-06-28T13:55:30+00:00\",\"breadcrumb\":{\"@id\":\"https:\/\/orthopara.store\/index.php\/produit\/dentifrice-extra-fresh-sensodyne-action-rapide-75ml\/#breadcrumb\"},\"inLanguage\":\"fr-FR\",\"potentialAction\":[{\"@type\":\"ReadAction\",\"target\":[\"https:\/\/orthopara.store\/index.php\/produit\/dentifrice-extra-fresh-sensodyne-action-rapide-75ml\/\"]}]},{\"@type\":\"ImageObject\",\"inLanguage\":\"fr-FR\",\"@id\":\"https:\/\/orthopara.store\/index.php\/produit\/dentifrice-extra-fresh-sensodyne-action-rapide-75ml\/#primaryimage\",\"url\":\"https:\/\/orthopara.store\/wp-content\/uploads\/2024\/06\/dentifrice-extra-fresh-sensodyne-action-rapide-75ml.jpg\",\"contentUrl\":\"https:\/\/orthopara.store\/wp-content\/uploads\/2024\/06\/dentifrice-extra-fresh-sensodyne-action-rapide-75ml.jpg\",\"width\":800,\"height\":800},{\"@type\":\"BreadcrumbList\",\"@id\":\"https:\/\/orthopara.store\/index.php\/produit\/dentifrice-extra-fresh-sensodyne-action-rapide-75ml\/#breadcrumb\",\"itemListElement\":[{\"@type\":\"ListItem\",\"position\":1,\"name\":\"Accueil\",\"item\":\"https:\/\/orthopara.store\/\"},{\"@type\":\"ListItem\",\"position\":2,\"name\":\"Shop\",\"item\":\"https:\/\/orthopara.store\/?page_id=622\"},{\"@type\":\"ListItem\",\"position\":3,\"name\":\"Dentifrice extra fresh &#8211; Sensodyne Action Rapide &#8211; 75ml\"}]},{\"@type\":\"WebSite\",\"@id\":\"https:\/\/orthopara.store\/#website\",\"url\":\"https:\/\/orthopara.store\/\",\"name\":\"OrthoPara\",\"description\":\"Parapharmacie\",\"publisher\":{\"@id\":\"https:\/\/orthopara.store\/#organization\"},\"potentialAction\":[{\"@type\":\"SearchAction\",\"target\":{\"@type\":\"EntryPoint\",\"urlTemplate\":\"https:\/\/orthopara.store\/?s={search_term_string}\"},\"query-input\":\"required name=search_term_string\"}],\"inLanguage\":\"fr-FR\"},{\"@type\":\"Organization\",\"@id\":\"https:\/\/orthopara.store\/#organization\",\"name\":\"OrthoPara\",\"url\":\"https:\/\/orthopara.store\/\",\"logo\":{\"@type\":\"ImageObject\",\"inLanguage\":\"fr-FR\",\"@id\":\"https:\/\/orthopara.store\/#\/schema\/logo\/image\/\",\"url\":\"https:\/\/orthopara.store\/wp-content\/uploads\/2024\/06\/cropped-9ABA8BAD-6256-4719-9315-15C66E64E882.png\",\"contentUrl\":\"https:\/\/orthopara.store\/wp-content\/uploads\/2024\/06\/cropped-9ABA8BAD-6256-4719-9315-15C66E64E882.png\",\"width\":240,\"height\":72,\"caption\":\"OrthoPara\"},\"image\":{\"@id\":\"https:\/\/orthopara.store\/#\/schema\/logo\/image\/\"},\"sameAs\":[\"https:\/\/www.facebook.com\/profile.php?id=61561194315651\",\"https:\/\/www.instagram.com\/orthopara_tunisie\/\"]}]}<\/script>\n<!-- \/ Yoast SEO plugin. -->","yoast_head_json":{"title":"Dentifrice extra fresh - Sensodyne Action Rapide - 75ml - OrthoPara","robots":{"index":"index","follow":"follow","max-snippet":"max-snippet:-1","max-image-preview":"max-image-preview:large","max-video-preview":"max-video-preview:-1"},"canonical":"https:\/\/orthopara.store\/index.php\/produit\/dentifrice-extra-fresh-sensodyne-action-rapide-75ml\/","og_locale":"fr_FR","og_type":"article","og_title":"Dentifrice extra fresh - Sensodyne Action Rapide - 75ml - OrthoPara","og_description":"Sensodyne Action Rapide Dentifrice extra fresh Contenance 75ml","og_url":"https:\/\/orthopara.store\/index.php\/produit\/dentifrice-extra-fresh-sensodyne-action-rapide-75ml\/","og_site_name":"OrthoPara","article_publisher":"https:\/\/www.facebook.com\/profile.php?id=61561194315651","article_modified_time":"2024-06-28T13:55:30+00:00","og_image":[{"width":800,"height":800,"url":"https:\/\/orthopara.store\/wp-content\/uploads\/2024\/06\/dentifrice-extra-fresh-sensodyne-action-rapide-75ml.jpg","type":"image\/jpeg"}],"twitter_card":"summary_large_image","schema":{"@context":"https:\/\/schema.org","@graph":[{"@type":"WebPage","@id":"https:\/\/orthopara.store\/index.php\/produit\/dentifrice-extra-fresh-sensodyne-action-rapide-75ml\/","url":"https:\/\/orthopara.store\/index.php\/produit\/dentifrice-extra-fresh-sensodyne-action-rapide-75ml\/","name":"Dentifrice extra fresh - Sensodyne Action Rapide - 75ml - OrthoPara","isPartOf":{"@id":"https:\/\/orthopara.store\/#website"},"primaryImageOfPage":{"@id":"https:\/\/orthopara.store\/index.php\/produit\/dentifrice-extra-fresh-sensodyne-action-rapide-75ml\/#primaryimage"},"image":{"@id":"https:\/\/orthopara.store\/index.php\/produit\/dentifrice-extra-fresh-sensodyne-action-rapide-75ml\/#primaryimage"},"thumbnailUrl":"https:\/\/orthopara.store\/wp-content\/uploads\/2024\/06\/dentifrice-extra-fresh-sensodyne-action-rapide-75ml.jpg","datePublished":"2024-06-28T13:55:21+00:00","dateModified":"2024-06-28T13:55:30+00:00","breadcrumb":{"@id":"https:\/\/orthopara.store\/index.php\/produit\/dentifrice-extra-fresh-sensodyne-action-rapide-75ml\/#breadcrumb"},"inLanguage":"fr-FR","potentialAction":[{"@type":"ReadAction","target":["https:\/\/orthopara.store\/index.php\/produit\/dentifrice-extra-fresh-sensodyne-action-rapide-75ml\/"]}]},{"@type":"ImageObject","inLanguage":"fr-FR","@id":"https:\/\/orthopara.store\/index.php\/produit\/dentifrice-extra-fresh-sensodyne-action-rapide-75ml\/#primaryimage","url":"https:\/\/orthopara.store\/wp-content\/uploads\/2024\/06\/dentifrice-extra-fresh-sensodyne-action-rapide-75ml.jpg","contentUrl":"https:\/\/orthopara.store\/wp-content\/uploads\/2024\/06\/dentifrice-extra-fresh-sensodyne-action-rapide-75ml.jpg","width":800,"height":800},{"@type":"BreadcrumbList","@id":"https:\/\/orthopara.store\/index.php\/produit\/dentifrice-extra-fresh-sensodyne-action-rapide-75ml\/#breadcrumb","itemListElement":[{"@type":"ListItem","position":1,"name":"Accueil","item":"https:\/\/orthopara.store\/"},{"@type":"ListItem","position":2,"name":"Shop","item":"https:\/\/orthopara.store\/?page_id=622"},{"@type":"ListItem","position":3,"name":"Dentifrice extra fresh &#8211; Sensodyne Action Rapide &#8211; 75ml"}]},{"@type":"WebSite","@id":"https:\/\/orthopara.store\/#website","url":"https:\/\/orthopara.store\/","name":"OrthoPara","description":"Parapharmacie","publisher":{"@id":"https:\/\/orthopara.store\/#organization"},"potentialAction":[{"@type":"SearchAction","target":{"@type":"EntryPoint","urlTemplate":"https:\/\/orthopara.store\/?s={search_term_string}"},"query-input":"required name=search_term_string"}],"inLanguage":"fr-FR"},{"@type":"Organization","@id":"https:\/\/orthopara.store\/#organization","name":"OrthoPara","url":"https:\/\/orthopara.store\/","logo":{"@type":"ImageObject","inLanguage":"fr-FR","@id":"https:\/\/orthopara.store\/#\/schema\/logo\/image\/","url":"https:\/\/orthopara.store\/wp-content\/uploads\/2024\/06\/cropped-9ABA8BAD-6256-4719-9315-15C66E64E882.png","contentUrl":"https:\/\/orthopara.store\/wp-content\/uploads\/2024\/06\/cropped-9ABA8BAD-6256-4719-9315-15C66E64E882.png","width":240,"height":72,"caption":"OrthoPara"},"image":{"@id":"https:\/\/orthopara.store\/#\/schema\/logo\/image\/"},"sameAs":["https:\/\/www.facebook.com\/profile.php?id=61561194315651","https:\/\/www.instagram.com\/orthopara_tunisie\/"]}]}},"jetpack_sharing_enabled":true,"brands":[{"id":219,"name":"Sensodyne","slug":"sensodyne"}],"_links":{"self":[{"href":"https:\/\/orthopara.store\/index.php?rest_route=\/wp\/v2\/product\/1807","targetHints":{"allow":["GET"]}}],"collection":[{"href":"https:\/\/orthopara.store\/index.php?rest_route=\/wp\/v2\/product"}],"about":[{"href":"https:\/\/orthopara.store\/index.php?rest_route=\/wp\/v2\/types\/product"}],"replies":[{"embeddable":true,"href":"https:\/\/orthopara.store\/index.php?rest_route=%2Fwp%2Fv2%2Fcomments&post=1807"}],"wp:featuredmedia":[{"embeddable":true,"href":"https:\/\/orthopara.store\/index.php?rest_route=\/wp\/v2\/media\/1836"}],"wp:attachment":[{"href":"https:\/\/orthopara.store\/index.php?rest_route=%2Fwp%2Fv2%2Fmedia&parent=1807"}],"wp:term":[{"taxonomy":"pwb-brand","embeddable":true,"href":"https:\/\/orthopara.store\/index.php?rest_route=%2Fwp%2Fv2%2Fpwb-brand&post=1807"},{"taxonomy":"product_cat","embeddable":true,"href":"https:\/\/orthopara.store\/index.php?rest_route=%2Fwp%2Fv2%2Fproduct_cat&post=1807"},{"taxonomy":"product_tag","embeddable":true,"href":"https:\/\/orthopara.store\/index.php?rest_route=%2Fwp%2Fv2%2Fproduct_tag&post=1807"}],"curies":[{"name":"wp","href":"https:\/\/api.w.org\/{rel}","templated":true}]}}