{"id":1812,"date":"2024-06-28T15:55:22","date_gmt":"2024-06-28T13:55:22","guid":{"rendered":"https:\/\/orthopara.store\/?post_type=product&#038;p=1812"},"modified":"2024-06-28T15:55:33","modified_gmt":"2024-06-28T13:55:33","slug":"pack-tartrex-soin-complet-dents-et-gencives-saines-haleine-fraiche","status":"publish","type":"product","link":"https:\/\/orthopara.store\/?product=pack-tartrex-soin-complet-dents-et-gencives-saines-haleine-fraiche","title":{"rendered":"Pack Tartrex soin complet &#8211; dents et gencives saines &#8211; haleine fraiche"},"content":{"rendered":"<p>Pack Tartrex soin complet &#8211; dents et gencives saines &#8211; haleine fraiche<br \/>\nNous comprenons l&rsquo;importance d&rsquo;une bonne sant\u00e9 bucco-dentaire pour votre bien \u00eatre g\u00e9n\u00e9ral et votre confiance en vous.\u00a0 C&rsquo;est pourquoi nous avons cr\u00e9e ce pack soin complet qui cible sp\u00e9cifiquement les probl\u00e8mes courants tels que les gencives sensibles, les dents ternes et la mauvaise haleine.<\/p>\n<p>Descriptif de chaque produits inclus dans le pack\u00a0:\u00a0 \u00a0\u00a0<\/p>\n<p>Dentifrice soin complet dents et gencives &#8211; Tartrex &#8211; 80ml<br \/>\nTartrex dentifrice soin complet aux fluor et sels min\u00e9raux diminue la plaque dentaire et renforce l&rsquo;\u00e9mail gr\u00e2ce \u00e0 ses effets actifs.<br \/>\nIl blanchit les dents, rafra\u00eechit l&rsquo;haleine et revitalise les gencives.\u00a0<br \/>\nBrosse \u00e0 dents ultra-souple &#8211; Tartrex &#8211; N07<br \/>\nPour une hygi\u00e8ne optimale des dents et des gencives sensibles, il est recommand\u00e9 d\u2019assurer un brossage dentaire avec TARTREX brosse \u00e0 dents ultra-souple.<br \/>\nLes microfilaments garantissent un nettoyage efficace des dents et des tissus inflamm\u00e9s sans les irriter.\u00a0<br \/>\nBain de bouche &#8211; Tartrex &#8211; 125ml<br \/>\nTartrex bain de bouche aux huiles essentielles est efficace contre la mauvaise haleine chronique ou occasionnelle, gr\u00e2ce \u00e0 sa composition aux huiles essentielles naturelles (romarin, menthe, cypr\u00e8s) .<br \/>\nActif pour purifier la cavit\u00e9 buccale, emp\u00eacher la formation de la plaque dentaire et prolonger la blancheur des dents apr\u00e8s le brossage.<br \/>\nSpray rafraichissant haleine &#8211; aux huiles essentielles &#8211; Tartrex &#8211; 20ml\u00a0<br \/>\nTartrex Fresh Spray\u00a0purifie et rafraichit l&rsquo;haleine gr\u00e2ce \u00e0 sa composition riche en huiles essentielles naturelles.\u00a0<\/p>\n","protected":false},"excerpt":{"rendered":"<p>Pack Tartrex\u00a0<br \/>\nD\u00e9couvrez notre pack soin complet bucco-dentaire pour des gencives saines, des dents \u00e9clatantes et une haleine fraiche.\u00a0<\/p>\n<p>Ce pack est compos\u00e9 de :\u00a0<br \/>\nDentifrice soin complet dents et gencives &#8211; Tartrex &#8211; 80ml<br \/>\nBrosse \u00e0 dents ultra-souple &#8211; Tartrex &#8211; N07<br \/>\nBain de bouche &#8211; Tartrex &#8211; 125ml<br \/>\nSpray rafraichissant haleine &#8211; aux huiles essentielles &#8211; Tartrex &#8211; 20ml\u00a0<\/p>\n","protected":false},"featured_media":1841,"comment_status":"open","ping_status":"closed","template":"","meta":[],"pwb-brand":[216],"product_cat":[214],"product_tag":[],"class_list":{"0":"post-1812","1":"product","2":"type-product","3":"status-publish","4":"has-post-thumbnail","6":"pwb-brand-tartrex","7":"product_cat-dentifrices","8":"post","9":"ws-product--style-1","11":"first","12":"instock","13":"shipping-taxable","14":"purchasable","15":"product-type-simple"},"yoast_head":"<!-- This site is optimized with the Yoast SEO plugin v23.0 - https:\/\/yoast.com\/wordpress\/plugins\/seo\/ -->\n<title>Pack Tartrex soin complet - dents et gencives saines - haleine fraiche - OrthoPara<\/title>\n<meta name=\"robots\" content=\"index, follow, max-snippet:-1, max-image-preview:large, max-video-preview:-1\" \/>\n<link rel=\"canonical\" href=\"https:\/\/orthopara.store\/index.php\/produit\/pack-tartrex-soin-complet-dents-et-gencives-saines-haleine-fraiche\/\" \/>\n<meta property=\"og:locale\" content=\"fr_FR\" \/>\n<meta property=\"og:type\" content=\"article\" \/>\n<meta property=\"og:title\" content=\"Pack Tartrex soin complet - dents et gencives saines - haleine fraiche - OrthoPara\" \/>\n<meta property=\"og:description\" content=\"Pack Tartrex\u00a0 D\u00e9couvrez notre pack soin complet bucco-dentaire pour des gencives saines, des dents \u00e9clatantes et une haleine fraiche.\u00a0 Ce pack est compos\u00e9 de :\u00a0 Dentifrice soin complet dents et gencives - Tartrex - 80ml Brosse \u00e0 dents ultra-souple - Tartrex - N07 Bain de bouche - Tartrex - 125ml Spray rafraichissant haleine - aux huiles essentielles - Tartrex - 20ml\u00a0\" \/>\n<meta property=\"og:url\" content=\"https:\/\/orthopara.store\/index.php\/produit\/pack-tartrex-soin-complet-dents-et-gencives-saines-haleine-fraiche\/\" \/>\n<meta property=\"og:site_name\" content=\"OrthoPara\" \/>\n<meta property=\"article:publisher\" content=\"https:\/\/www.facebook.com\/profile.php?id=61561194315651\" \/>\n<meta property=\"article:modified_time\" content=\"2024-06-28T13:55:33+00:00\" \/>\n<meta property=\"og:image\" content=\"https:\/\/orthopara.store\/wp-content\/uploads\/2024\/06\/pack-tartrex-soin-complet-dents-et-gencives-saines-haleine-fraiche.jpg\" \/>\n\t<meta property=\"og:image:width\" content=\"800\" \/>\n\t<meta property=\"og:image:height\" content=\"800\" \/>\n\t<meta property=\"og:image:type\" content=\"image\/jpeg\" \/>\n<meta name=\"twitter:card\" content=\"summary_large_image\" \/>\n<meta name=\"twitter:label1\" content=\"Dur\u00e9e de lecture estim\u00e9e\" \/>\n\t<meta name=\"twitter:data1\" content=\"1 minute\" \/>\n<script type=\"application\/ld+json\" class=\"yoast-schema-graph\">{\"@context\":\"https:\/\/schema.org\",\"@graph\":[{\"@type\":\"WebPage\",\"@id\":\"https:\/\/orthopara.store\/index.php\/produit\/pack-tartrex-soin-complet-dents-et-gencives-saines-haleine-fraiche\/\",\"url\":\"https:\/\/orthopara.store\/index.php\/produit\/pack-tartrex-soin-complet-dents-et-gencives-saines-haleine-fraiche\/\",\"name\":\"Pack Tartrex soin complet - dents et gencives saines - haleine fraiche - OrthoPara\",\"isPartOf\":{\"@id\":\"https:\/\/orthopara.store\/#website\"},\"primaryImageOfPage\":{\"@id\":\"https:\/\/orthopara.store\/index.php\/produit\/pack-tartrex-soin-complet-dents-et-gencives-saines-haleine-fraiche\/#primaryimage\"},\"image\":{\"@id\":\"https:\/\/orthopara.store\/index.php\/produit\/pack-tartrex-soin-complet-dents-et-gencives-saines-haleine-fraiche\/#primaryimage\"},\"thumbnailUrl\":\"https:\/\/orthopara.store\/wp-content\/uploads\/2024\/06\/pack-tartrex-soin-complet-dents-et-gencives-saines-haleine-fraiche.jpg\",\"datePublished\":\"2024-06-28T13:55:22+00:00\",\"dateModified\":\"2024-06-28T13:55:33+00:00\",\"breadcrumb\":{\"@id\":\"https:\/\/orthopara.store\/index.php\/produit\/pack-tartrex-soin-complet-dents-et-gencives-saines-haleine-fraiche\/#breadcrumb\"},\"inLanguage\":\"fr-FR\",\"potentialAction\":[{\"@type\":\"ReadAction\",\"target\":[\"https:\/\/orthopara.store\/index.php\/produit\/pack-tartrex-soin-complet-dents-et-gencives-saines-haleine-fraiche\/\"]}]},{\"@type\":\"ImageObject\",\"inLanguage\":\"fr-FR\",\"@id\":\"https:\/\/orthopara.store\/index.php\/produit\/pack-tartrex-soin-complet-dents-et-gencives-saines-haleine-fraiche\/#primaryimage\",\"url\":\"https:\/\/orthopara.store\/wp-content\/uploads\/2024\/06\/pack-tartrex-soin-complet-dents-et-gencives-saines-haleine-fraiche.jpg\",\"contentUrl\":\"https:\/\/orthopara.store\/wp-content\/uploads\/2024\/06\/pack-tartrex-soin-complet-dents-et-gencives-saines-haleine-fraiche.jpg\",\"width\":800,\"height\":800},{\"@type\":\"BreadcrumbList\",\"@id\":\"https:\/\/orthopara.store\/index.php\/produit\/pack-tartrex-soin-complet-dents-et-gencives-saines-haleine-fraiche\/#breadcrumb\",\"itemListElement\":[{\"@type\":\"ListItem\",\"position\":1,\"name\":\"Accueil\",\"item\":\"https:\/\/orthopara.store\/\"},{\"@type\":\"ListItem\",\"position\":2,\"name\":\"Shop\",\"item\":\"https:\/\/orthopara.store\/?page_id=622\"},{\"@type\":\"ListItem\",\"position\":3,\"name\":\"Pack Tartrex soin complet &#8211; dents et gencives saines &#8211; haleine fraiche\"}]},{\"@type\":\"WebSite\",\"@id\":\"https:\/\/orthopara.store\/#website\",\"url\":\"https:\/\/orthopara.store\/\",\"name\":\"OrthoPara\",\"description\":\"Parapharmacie\",\"publisher\":{\"@id\":\"https:\/\/orthopara.store\/#organization\"},\"potentialAction\":[{\"@type\":\"SearchAction\",\"target\":{\"@type\":\"EntryPoint\",\"urlTemplate\":\"https:\/\/orthopara.store\/?s={search_term_string}\"},\"query-input\":\"required name=search_term_string\"}],\"inLanguage\":\"fr-FR\"},{\"@type\":\"Organization\",\"@id\":\"https:\/\/orthopara.store\/#organization\",\"name\":\"OrthoPara\",\"url\":\"https:\/\/orthopara.store\/\",\"logo\":{\"@type\":\"ImageObject\",\"inLanguage\":\"fr-FR\",\"@id\":\"https:\/\/orthopara.store\/#\/schema\/logo\/image\/\",\"url\":\"https:\/\/orthopara.store\/wp-content\/uploads\/2024\/06\/cropped-9ABA8BAD-6256-4719-9315-15C66E64E882.png\",\"contentUrl\":\"https:\/\/orthopara.store\/wp-content\/uploads\/2024\/06\/cropped-9ABA8BAD-6256-4719-9315-15C66E64E882.png\",\"width\":240,\"height\":72,\"caption\":\"OrthoPara\"},\"image\":{\"@id\":\"https:\/\/orthopara.store\/#\/schema\/logo\/image\/\"},\"sameAs\":[\"https:\/\/www.facebook.com\/profile.php?id=61561194315651\",\"https:\/\/www.instagram.com\/orthopara_tunisie\/\"]}]}<\/script>\n<!-- \/ Yoast SEO plugin. -->","yoast_head_json":{"title":"Pack Tartrex soin complet - dents et gencives saines - haleine fraiche - OrthoPara","robots":{"index":"index","follow":"follow","max-snippet":"max-snippet:-1","max-image-preview":"max-image-preview:large","max-video-preview":"max-video-preview:-1"},"canonical":"https:\/\/orthopara.store\/index.php\/produit\/pack-tartrex-soin-complet-dents-et-gencives-saines-haleine-fraiche\/","og_locale":"fr_FR","og_type":"article","og_title":"Pack Tartrex soin complet - dents et gencives saines - haleine fraiche - OrthoPara","og_description":"Pack Tartrex\u00a0 D\u00e9couvrez notre pack soin complet bucco-dentaire pour des gencives saines, des dents \u00e9clatantes et une haleine fraiche.\u00a0 Ce pack est compos\u00e9 de :\u00a0 Dentifrice soin complet dents et gencives - Tartrex - 80ml Brosse \u00e0 dents ultra-souple - Tartrex - N07 Bain de bouche - Tartrex - 125ml Spray rafraichissant haleine - aux huiles essentielles - Tartrex - 20ml\u00a0","og_url":"https:\/\/orthopara.store\/index.php\/produit\/pack-tartrex-soin-complet-dents-et-gencives-saines-haleine-fraiche\/","og_site_name":"OrthoPara","article_publisher":"https:\/\/www.facebook.com\/profile.php?id=61561194315651","article_modified_time":"2024-06-28T13:55:33+00:00","og_image":[{"width":800,"height":800,"url":"https:\/\/orthopara.store\/wp-content\/uploads\/2024\/06\/pack-tartrex-soin-complet-dents-et-gencives-saines-haleine-fraiche.jpg","type":"image\/jpeg"}],"twitter_card":"summary_large_image","twitter_misc":{"Dur\u00e9e de lecture estim\u00e9e":"1 minute"},"schema":{"@context":"https:\/\/schema.org","@graph":[{"@type":"WebPage","@id":"https:\/\/orthopara.store\/index.php\/produit\/pack-tartrex-soin-complet-dents-et-gencives-saines-haleine-fraiche\/","url":"https:\/\/orthopara.store\/index.php\/produit\/pack-tartrex-soin-complet-dents-et-gencives-saines-haleine-fraiche\/","name":"Pack Tartrex soin complet - dents et gencives saines - haleine fraiche - OrthoPara","isPartOf":{"@id":"https:\/\/orthopara.store\/#website"},"primaryImageOfPage":{"@id":"https:\/\/orthopara.store\/index.php\/produit\/pack-tartrex-soin-complet-dents-et-gencives-saines-haleine-fraiche\/#primaryimage"},"image":{"@id":"https:\/\/orthopara.store\/index.php\/produit\/pack-tartrex-soin-complet-dents-et-gencives-saines-haleine-fraiche\/#primaryimage"},"thumbnailUrl":"https:\/\/orthopara.store\/wp-content\/uploads\/2024\/06\/pack-tartrex-soin-complet-dents-et-gencives-saines-haleine-fraiche.jpg","datePublished":"2024-06-28T13:55:22+00:00","dateModified":"2024-06-28T13:55:33+00:00","breadcrumb":{"@id":"https:\/\/orthopara.store\/index.php\/produit\/pack-tartrex-soin-complet-dents-et-gencives-saines-haleine-fraiche\/#breadcrumb"},"inLanguage":"fr-FR","potentialAction":[{"@type":"ReadAction","target":["https:\/\/orthopara.store\/index.php\/produit\/pack-tartrex-soin-complet-dents-et-gencives-saines-haleine-fraiche\/"]}]},{"@type":"ImageObject","inLanguage":"fr-FR","@id":"https:\/\/orthopara.store\/index.php\/produit\/pack-tartrex-soin-complet-dents-et-gencives-saines-haleine-fraiche\/#primaryimage","url":"https:\/\/orthopara.store\/wp-content\/uploads\/2024\/06\/pack-tartrex-soin-complet-dents-et-gencives-saines-haleine-fraiche.jpg","contentUrl":"https:\/\/orthopara.store\/wp-content\/uploads\/2024\/06\/pack-tartrex-soin-complet-dents-et-gencives-saines-haleine-fraiche.jpg","width":800,"height":800},{"@type":"BreadcrumbList","@id":"https:\/\/orthopara.store\/index.php\/produit\/pack-tartrex-soin-complet-dents-et-gencives-saines-haleine-fraiche\/#breadcrumb","itemListElement":[{"@type":"ListItem","position":1,"name":"Accueil","item":"https:\/\/orthopara.store\/"},{"@type":"ListItem","position":2,"name":"Shop","item":"https:\/\/orthopara.store\/?page_id=622"},{"@type":"ListItem","position":3,"name":"Pack Tartrex soin complet &#8211; dents et gencives saines &#8211; haleine fraiche"}]},{"@type":"WebSite","@id":"https:\/\/orthopara.store\/#website","url":"https:\/\/orthopara.store\/","name":"OrthoPara","description":"Parapharmacie","publisher":{"@id":"https:\/\/orthopara.store\/#organization"},"potentialAction":[{"@type":"SearchAction","target":{"@type":"EntryPoint","urlTemplate":"https:\/\/orthopara.store\/?s={search_term_string}"},"query-input":"required name=search_term_string"}],"inLanguage":"fr-FR"},{"@type":"Organization","@id":"https:\/\/orthopara.store\/#organization","name":"OrthoPara","url":"https:\/\/orthopara.store\/","logo":{"@type":"ImageObject","inLanguage":"fr-FR","@id":"https:\/\/orthopara.store\/#\/schema\/logo\/image\/","url":"https:\/\/orthopara.store\/wp-content\/uploads\/2024\/06\/cropped-9ABA8BAD-6256-4719-9315-15C66E64E882.png","contentUrl":"https:\/\/orthopara.store\/wp-content\/uploads\/2024\/06\/cropped-9ABA8BAD-6256-4719-9315-15C66E64E882.png","width":240,"height":72,"caption":"OrthoPara"},"image":{"@id":"https:\/\/orthopara.store\/#\/schema\/logo\/image\/"},"sameAs":["https:\/\/www.facebook.com\/profile.php?id=61561194315651","https:\/\/www.instagram.com\/orthopara_tunisie\/"]}]}},"jetpack_sharing_enabled":true,"brands":[{"id":216,"name":"Tartrex","slug":"tartrex"}],"_links":{"self":[{"href":"https:\/\/orthopara.store\/index.php?rest_route=\/wp\/v2\/product\/1812","targetHints":{"allow":["GET"]}}],"collection":[{"href":"https:\/\/orthopara.store\/index.php?rest_route=\/wp\/v2\/product"}],"about":[{"href":"https:\/\/orthopara.store\/index.php?rest_route=\/wp\/v2\/types\/product"}],"replies":[{"embeddable":true,"href":"https:\/\/orthopara.store\/index.php?rest_route=%2Fwp%2Fv2%2Fcomments&post=1812"}],"wp:featuredmedia":[{"embeddable":true,"href":"https:\/\/orthopara.store\/index.php?rest_route=\/wp\/v2\/media\/1841"}],"wp:attachment":[{"href":"https:\/\/orthopara.store\/index.php?rest_route=%2Fwp%2Fv2%2Fmedia&parent=1812"}],"wp:term":[{"taxonomy":"pwb-brand","embeddable":true,"href":"https:\/\/orthopara.store\/index.php?rest_route=%2Fwp%2Fv2%2Fpwb-brand&post=1812"},{"taxonomy":"product_cat","embeddable":true,"href":"https:\/\/orthopara.store\/index.php?rest_route=%2Fwp%2Fv2%2Fproduct_cat&post=1812"},{"taxonomy":"product_tag","embeddable":true,"href":"https:\/\/orthopara.store\/index.php?rest_route=%2Fwp%2Fv2%2Fproduct_tag&post=1812"}],"curies":[{"name":"wp","href":"https:\/\/api.w.org\/{rel}","templated":true}]}}