{"id":1815,"date":"2024-06-28T15:55:22","date_gmt":"2024-06-28T13:55:22","guid":{"rendered":"https:\/\/orthopara.store\/?post_type=product&#038;p=1815"},"modified":"2024-11-04T17:25:28","modified_gmt":"2024-11-04T16:25:28","slug":"bain-de-bouche-perioxine-020-arome-menthe-200ml","status":"publish","type":"product","link":"https:\/\/orthopara.store\/?product=bain-de-bouche-perioxine-020-arome-menthe-200ml","title":{"rendered":"Bain de bouche &#8211; Perioxine 0,20% &#8211; ar\u00f4me menthe &#8211; 200ml"},"content":{"rendered":"<p>Bain de bouche &#8211; Perioxine 0,20% &#8211; ar\u00f4me menthe &#8211; 200ml<br \/>\nPerioxine 0,20%, solution pour bain de bouche\u00a0<br \/>\nIndication :\u00a0<br \/>\nGr\u00e2ce \u00e0 sa formule au digluconate de chlorhexidine, le bain de bouche Perioxine est particuli\u00e8rement adapt\u00e9 \u00e0 l&rsquo;hygi\u00e8ne buccale pendant les traitements parodontaux, chirurgicaux et p\u00e9ri-implantaires.<br \/>\nIl contribue \u00e9galement \u00e0 favoriser la r\u00e9duction de la plaque dentaire et soigne et prot\u00e8ge les gencives.<br \/>\n\u00a0&#8211; Il est conseill\u00e9 de ne pas manger ni boire pendant moins une demi-heure apr\u00e8s l&rsquo;administration.<br \/>\nComposition qualitative et quantitative\u00a0 :\u00a0<br \/>\nDigluconate de chlorhexidine; 0,20%<br \/>\nChlorure de c\u00e9tylpyridinium (CPC); 0,10%<br \/>\nExcipient :<br \/>\nEau purifi\u00e9, Glyc\u00e9rol, ac\u00e9sulfame potassique, huile de ricin polyoxy\u00e9thyl\u00e9n\u00e9e,\u00a0 propyl\u00e8ne glycol, , ar\u00f4me menthe, colorant CI 42090\u00a0<br \/>\nMode d&rsquo;utilisation :\u00a0<br \/>\nIl est recommand\u00e9 de se rincer deux fois par jour apr\u00e8s le brossage verser environ10 \u00e0 15ml de bain de bouche non dilu\u00e9 dans un verre, rincer pendant une minute, en veillant \u00e0 ce que le bain de bouche atteigne tous les coins de la bouche, puis recrachez-le. N&rsquo;oubliez pas que le bain de bouche ne doit pas etre aval\u00e9.<br \/>\nMise en garde:<br \/>\nNe jamais laisser le produit \u00e0 la port\u00e9e des enfants.<br \/>\nL&rsquo;usage prolong\u00e9e de ce bain de bouche n&rsquo;est pas souhaitable car il peut modifier l&rsquo;\u00e9quilibre microbien naturel de la bouche et de la gorge. En cas d&rsquo;aggravation des signes d&rsquo;infection ou en l&rsquo;absence d&rsquo;am\u00e9lioration au bout de 5 jours : consultez votre chirurgien dentiste ou votre dentiste.\u00a0<br \/>\nPr\u00e9cautions d&#8217;emploi :<br \/>\nNe pas laisser \u00e0 la port\u00e9e des enfant.<br \/>\nIl est contre indiqu\u00e9 chez les patient qui ont pr\u00e9sent\u00e9 une r\u00e9action d&rsquo;hypersensibilit\u00e9 \u00e0 la chlorhexidine ou aux autres constituant de la solution.<br \/>\nNe pas utiliser au-del\u00e0 de la p\u00e9riode indiqu\u00e9 par le dentiste.<br \/>\nNe pas avaler.\u00a0<\/p>\n","protected":false},"excerpt":{"rendered":"<p>Perioxine\u00a0<br \/>\nSolution bain de bouche &#8211; traitement local d&rsquo;appoint des affections de la cavit\u00e9 buccale et des soins postop\u00e9ratoires en stomatologie<br \/>\nContenance : 200ml<br \/>\nDLC 07\/2026<\/p>\n","protected":false},"featured_media":1844,"comment_status":"open","ping_status":"closed","template":"","meta":[],"pwb-brand":[210],"product_cat":[215],"product_tag":[],"class_list":{"0":"post-1815","1":"product","2":"type-product","3":"status-publish","4":"has-post-thumbnail","6":"pwb-brand-silca","7":"product_cat-bain-de-bouche-et-solution-gingivale","8":"post","9":"ws-product--style-1","11":"first","12":"instock","13":"shipping-taxable","14":"purchasable","15":"product-type-simple"},"yoast_head":"<!-- This site is optimized with the Yoast SEO plugin v23.0 - https:\/\/yoast.com\/wordpress\/plugins\/seo\/ -->\n<title>Bain de bouche - Perioxine 0,20% - ar\u00f4me menthe - 200ml - OrthoPara<\/title>\n<meta name=\"robots\" content=\"index, follow, max-snippet:-1, max-image-preview:large, max-video-preview:-1\" \/>\n<link rel=\"canonical\" href=\"https:\/\/orthopara.store\/index.php\/produit\/bain-de-bouche-perioxine-020-arome-menthe-200ml\/\" \/>\n<meta property=\"og:locale\" content=\"fr_FR\" \/>\n<meta property=\"og:type\" content=\"article\" \/>\n<meta property=\"og:title\" content=\"Bain de bouche - Perioxine 0,20% - ar\u00f4me menthe - 200ml - OrthoPara\" \/>\n<meta property=\"og:description\" content=\"Perioxine\u00a0 Solution bain de bouche - traitement local d&#039;appoint des affections de la cavit\u00e9 buccale et des soins postop\u00e9ratoires en stomatologie Contenance : 200ml DLC 07\/2026\" \/>\n<meta property=\"og:url\" content=\"https:\/\/orthopara.store\/index.php\/produit\/bain-de-bouche-perioxine-020-arome-menthe-200ml\/\" \/>\n<meta property=\"og:site_name\" content=\"OrthoPara\" \/>\n<meta property=\"article:publisher\" content=\"https:\/\/www.facebook.com\/profile.php?id=61561194315651\" \/>\n<meta property=\"article:modified_time\" content=\"2024-11-04T16:25:28+00:00\" \/>\n<meta property=\"og:image\" content=\"https:\/\/orthopara.store\/wp-content\/uploads\/2024\/06\/bain-de-bouche-perioxine-020-arome-menthe-200ml.jpg\" \/>\n\t<meta property=\"og:image:width\" content=\"800\" \/>\n\t<meta property=\"og:image:height\" content=\"800\" \/>\n\t<meta property=\"og:image:type\" content=\"image\/jpeg\" \/>\n<meta name=\"twitter:card\" content=\"summary_large_image\" \/>\n<meta name=\"twitter:label1\" content=\"Dur\u00e9e de lecture estim\u00e9e\" \/>\n\t<meta name=\"twitter:data1\" content=\"1 minute\" \/>\n<script type=\"application\/ld+json\" class=\"yoast-schema-graph\">{\"@context\":\"https:\/\/schema.org\",\"@graph\":[{\"@type\":\"WebPage\",\"@id\":\"https:\/\/orthopara.store\/index.php\/produit\/bain-de-bouche-perioxine-020-arome-menthe-200ml\/\",\"url\":\"https:\/\/orthopara.store\/index.php\/produit\/bain-de-bouche-perioxine-020-arome-menthe-200ml\/\",\"name\":\"Bain de bouche - Perioxine 0,20% - ar\u00f4me menthe - 200ml - OrthoPara\",\"isPartOf\":{\"@id\":\"https:\/\/orthopara.store\/#website\"},\"primaryImageOfPage\":{\"@id\":\"https:\/\/orthopara.store\/index.php\/produit\/bain-de-bouche-perioxine-020-arome-menthe-200ml\/#primaryimage\"},\"image\":{\"@id\":\"https:\/\/orthopara.store\/index.php\/produit\/bain-de-bouche-perioxine-020-arome-menthe-200ml\/#primaryimage\"},\"thumbnailUrl\":\"https:\/\/orthopara.store\/wp-content\/uploads\/2024\/06\/bain-de-bouche-perioxine-020-arome-menthe-200ml.jpg\",\"datePublished\":\"2024-06-28T13:55:22+00:00\",\"dateModified\":\"2024-11-04T16:25:28+00:00\",\"breadcrumb\":{\"@id\":\"https:\/\/orthopara.store\/index.php\/produit\/bain-de-bouche-perioxine-020-arome-menthe-200ml\/#breadcrumb\"},\"inLanguage\":\"fr-FR\",\"potentialAction\":[{\"@type\":\"ReadAction\",\"target\":[\"https:\/\/orthopara.store\/index.php\/produit\/bain-de-bouche-perioxine-020-arome-menthe-200ml\/\"]}]},{\"@type\":\"ImageObject\",\"inLanguage\":\"fr-FR\",\"@id\":\"https:\/\/orthopara.store\/index.php\/produit\/bain-de-bouche-perioxine-020-arome-menthe-200ml\/#primaryimage\",\"url\":\"https:\/\/orthopara.store\/wp-content\/uploads\/2024\/06\/bain-de-bouche-perioxine-020-arome-menthe-200ml.jpg\",\"contentUrl\":\"https:\/\/orthopara.store\/wp-content\/uploads\/2024\/06\/bain-de-bouche-perioxine-020-arome-menthe-200ml.jpg\",\"width\":800,\"height\":800},{\"@type\":\"BreadcrumbList\",\"@id\":\"https:\/\/orthopara.store\/index.php\/produit\/bain-de-bouche-perioxine-020-arome-menthe-200ml\/#breadcrumb\",\"itemListElement\":[{\"@type\":\"ListItem\",\"position\":1,\"name\":\"Accueil\",\"item\":\"https:\/\/orthopara.store\/\"},{\"@type\":\"ListItem\",\"position\":2,\"name\":\"Shop\",\"item\":\"https:\/\/orthopara.store\/?page_id=622\"},{\"@type\":\"ListItem\",\"position\":3,\"name\":\"Bain de bouche &#8211; Perioxine 0,20% &#8211; ar\u00f4me menthe &#8211; 200ml\"}]},{\"@type\":\"WebSite\",\"@id\":\"https:\/\/orthopara.store\/#website\",\"url\":\"https:\/\/orthopara.store\/\",\"name\":\"OrthoPara\",\"description\":\"Parapharmacie\",\"publisher\":{\"@id\":\"https:\/\/orthopara.store\/#organization\"},\"potentialAction\":[{\"@type\":\"SearchAction\",\"target\":{\"@type\":\"EntryPoint\",\"urlTemplate\":\"https:\/\/orthopara.store\/?s={search_term_string}\"},\"query-input\":\"required name=search_term_string\"}],\"inLanguage\":\"fr-FR\"},{\"@type\":\"Organization\",\"@id\":\"https:\/\/orthopara.store\/#organization\",\"name\":\"OrthoPara\",\"url\":\"https:\/\/orthopara.store\/\",\"logo\":{\"@type\":\"ImageObject\",\"inLanguage\":\"fr-FR\",\"@id\":\"https:\/\/orthopara.store\/#\/schema\/logo\/image\/\",\"url\":\"https:\/\/orthopara.store\/wp-content\/uploads\/2024\/06\/cropped-9ABA8BAD-6256-4719-9315-15C66E64E882.png\",\"contentUrl\":\"https:\/\/orthopara.store\/wp-content\/uploads\/2024\/06\/cropped-9ABA8BAD-6256-4719-9315-15C66E64E882.png\",\"width\":240,\"height\":72,\"caption\":\"OrthoPara\"},\"image\":{\"@id\":\"https:\/\/orthopara.store\/#\/schema\/logo\/image\/\"},\"sameAs\":[\"https:\/\/www.facebook.com\/profile.php?id=61561194315651\",\"https:\/\/www.instagram.com\/orthopara_tunisie\/\"]}]}<\/script>\n<!-- \/ Yoast SEO plugin. -->","yoast_head_json":{"title":"Bain de bouche - Perioxine 0,20% - ar\u00f4me menthe - 200ml - OrthoPara","robots":{"index":"index","follow":"follow","max-snippet":"max-snippet:-1","max-image-preview":"max-image-preview:large","max-video-preview":"max-video-preview:-1"},"canonical":"https:\/\/orthopara.store\/index.php\/produit\/bain-de-bouche-perioxine-020-arome-menthe-200ml\/","og_locale":"fr_FR","og_type":"article","og_title":"Bain de bouche - Perioxine 0,20% - ar\u00f4me menthe - 200ml - OrthoPara","og_description":"Perioxine\u00a0 Solution bain de bouche - traitement local d'appoint des affections de la cavit\u00e9 buccale et des soins postop\u00e9ratoires en stomatologie Contenance : 200ml DLC 07\/2026","og_url":"https:\/\/orthopara.store\/index.php\/produit\/bain-de-bouche-perioxine-020-arome-menthe-200ml\/","og_site_name":"OrthoPara","article_publisher":"https:\/\/www.facebook.com\/profile.php?id=61561194315651","article_modified_time":"2024-11-04T16:25:28+00:00","og_image":[{"width":800,"height":800,"url":"https:\/\/orthopara.store\/wp-content\/uploads\/2024\/06\/bain-de-bouche-perioxine-020-arome-menthe-200ml.jpg","type":"image\/jpeg"}],"twitter_card":"summary_large_image","twitter_misc":{"Dur\u00e9e de lecture estim\u00e9e":"1 minute"},"schema":{"@context":"https:\/\/schema.org","@graph":[{"@type":"WebPage","@id":"https:\/\/orthopara.store\/index.php\/produit\/bain-de-bouche-perioxine-020-arome-menthe-200ml\/","url":"https:\/\/orthopara.store\/index.php\/produit\/bain-de-bouche-perioxine-020-arome-menthe-200ml\/","name":"Bain de bouche - Perioxine 0,20% - ar\u00f4me menthe - 200ml - OrthoPara","isPartOf":{"@id":"https:\/\/orthopara.store\/#website"},"primaryImageOfPage":{"@id":"https:\/\/orthopara.store\/index.php\/produit\/bain-de-bouche-perioxine-020-arome-menthe-200ml\/#primaryimage"},"image":{"@id":"https:\/\/orthopara.store\/index.php\/produit\/bain-de-bouche-perioxine-020-arome-menthe-200ml\/#primaryimage"},"thumbnailUrl":"https:\/\/orthopara.store\/wp-content\/uploads\/2024\/06\/bain-de-bouche-perioxine-020-arome-menthe-200ml.jpg","datePublished":"2024-06-28T13:55:22+00:00","dateModified":"2024-11-04T16:25:28+00:00","breadcrumb":{"@id":"https:\/\/orthopara.store\/index.php\/produit\/bain-de-bouche-perioxine-020-arome-menthe-200ml\/#breadcrumb"},"inLanguage":"fr-FR","potentialAction":[{"@type":"ReadAction","target":["https:\/\/orthopara.store\/index.php\/produit\/bain-de-bouche-perioxine-020-arome-menthe-200ml\/"]}]},{"@type":"ImageObject","inLanguage":"fr-FR","@id":"https:\/\/orthopara.store\/index.php\/produit\/bain-de-bouche-perioxine-020-arome-menthe-200ml\/#primaryimage","url":"https:\/\/orthopara.store\/wp-content\/uploads\/2024\/06\/bain-de-bouche-perioxine-020-arome-menthe-200ml.jpg","contentUrl":"https:\/\/orthopara.store\/wp-content\/uploads\/2024\/06\/bain-de-bouche-perioxine-020-arome-menthe-200ml.jpg","width":800,"height":800},{"@type":"BreadcrumbList","@id":"https:\/\/orthopara.store\/index.php\/produit\/bain-de-bouche-perioxine-020-arome-menthe-200ml\/#breadcrumb","itemListElement":[{"@type":"ListItem","position":1,"name":"Accueil","item":"https:\/\/orthopara.store\/"},{"@type":"ListItem","position":2,"name":"Shop","item":"https:\/\/orthopara.store\/?page_id=622"},{"@type":"ListItem","position":3,"name":"Bain de bouche &#8211; Perioxine 0,20% &#8211; ar\u00f4me menthe &#8211; 200ml"}]},{"@type":"WebSite","@id":"https:\/\/orthopara.store\/#website","url":"https:\/\/orthopara.store\/","name":"OrthoPara","description":"Parapharmacie","publisher":{"@id":"https:\/\/orthopara.store\/#organization"},"potentialAction":[{"@type":"SearchAction","target":{"@type":"EntryPoint","urlTemplate":"https:\/\/orthopara.store\/?s={search_term_string}"},"query-input":"required name=search_term_string"}],"inLanguage":"fr-FR"},{"@type":"Organization","@id":"https:\/\/orthopara.store\/#organization","name":"OrthoPara","url":"https:\/\/orthopara.store\/","logo":{"@type":"ImageObject","inLanguage":"fr-FR","@id":"https:\/\/orthopara.store\/#\/schema\/logo\/image\/","url":"https:\/\/orthopara.store\/wp-content\/uploads\/2024\/06\/cropped-9ABA8BAD-6256-4719-9315-15C66E64E882.png","contentUrl":"https:\/\/orthopara.store\/wp-content\/uploads\/2024\/06\/cropped-9ABA8BAD-6256-4719-9315-15C66E64E882.png","width":240,"height":72,"caption":"OrthoPara"},"image":{"@id":"https:\/\/orthopara.store\/#\/schema\/logo\/image\/"},"sameAs":["https:\/\/www.facebook.com\/profile.php?id=61561194315651","https:\/\/www.instagram.com\/orthopara_tunisie\/"]}]}},"jetpack_sharing_enabled":true,"brands":[{"id":210,"name":"Silca","slug":"silca"}],"_links":{"self":[{"href":"https:\/\/orthopara.store\/index.php?rest_route=\/wp\/v2\/product\/1815","targetHints":{"allow":["GET"]}}],"collection":[{"href":"https:\/\/orthopara.store\/index.php?rest_route=\/wp\/v2\/product"}],"about":[{"href":"https:\/\/orthopara.store\/index.php?rest_route=\/wp\/v2\/types\/product"}],"replies":[{"embeddable":true,"href":"https:\/\/orthopara.store\/index.php?rest_route=%2Fwp%2Fv2%2Fcomments&post=1815"}],"wp:featuredmedia":[{"embeddable":true,"href":"https:\/\/orthopara.store\/index.php?rest_route=\/wp\/v2\/media\/1844"}],"wp:attachment":[{"href":"https:\/\/orthopara.store\/index.php?rest_route=%2Fwp%2Fv2%2Fmedia&parent=1815"}],"wp:term":[{"taxonomy":"pwb-brand","embeddable":true,"href":"https:\/\/orthopara.store\/index.php?rest_route=%2Fwp%2Fv2%2Fpwb-brand&post=1815"},{"taxonomy":"product_cat","embeddable":true,"href":"https:\/\/orthopara.store\/index.php?rest_route=%2Fwp%2Fv2%2Fproduct_cat&post=1815"},{"taxonomy":"product_tag","embeddable":true,"href":"https:\/\/orthopara.store\/index.php?rest_route=%2Fwp%2Fv2%2Fproduct_tag&post=1815"}],"curies":[{"name":"wp","href":"https:\/\/api.w.org\/{rel}","templated":true}]}}