{"id":1861,"date":"2024-06-28T15:55:39","date_gmt":"2024-06-28T13:55:39","guid":{"rendered":"https:\/\/orthopara.store\/?post_type=product&#038;p=1861"},"modified":"2024-11-04T17:25:38","modified_gmt":"2024-11-04T16:25:38","slug":"bain-de-bouche-sensibilite-dentaire-kin-sensikin-250ml","status":"publish","type":"product","link":"https:\/\/orthopara.store\/?product=bain-de-bouche-sensibilite-dentaire-kin-sensikin-250ml","title":{"rendered":"Bain de Bouche &#8211; sensibilit\u00e9 dentaire &#8211; KIN Sensikin &#8211; 250ml"},"content":{"rendered":"<p>Bain de Bouche &#8211; sensibilit\u00e9 dentaire &#8211; KIN Sensikin &#8211; 250ml<br \/>\nSensi Kin Bain de bouche pour les dents et gencives tr\u00e8s sensibles<\/p>\n<p>Sensi Kin\u00a0Bain de bouche, formul\u00e9 avec\u00a05% de Nitrate de Potassium et 1450ppm de fluor,\u00a0\u00e0\u00a0utiliser en cas d\u2019hypersensibilit\u00e9 dentaire.<\/p>\n<p>Le\u00a0bain de bouche\u00a0Sensi Kin\u00a0est sans alcool et\u00a0est recommand\u00e9 pour les patients ayant les dents tr\u00e8s sensibles.<\/p>\n<p>Sensi Kin contient \u00e9galement de la pro-vitamine B5 pour prot\u00e9ger et revigorer les gencives, et de la vitamine E aux propri\u00e9t\u00e9s inflammatoires.<\/p>\n<p>15ml\u00a0\u00e0\u00a0utiliser\u00a02 fois par jour,\u00a0matin et soir,\u00a0pendant 30 secondes,\u00a0ou selon les conseils de votre dentist.<\/p>\n<p>Nous recommandons d\u2019utiliser le\u00a0bain de bouche\u00a0Sensi Kin\u00a0avec\u00a0le\u00a0dentifrice\u00a0Sensi Kin.<\/p>\n<p>\u00a0Le bain de bouche Sensi Kin peut \u00eatre utilis\u00e9 en cas de:<\/p>\n<p>&#8211; Hypersensibilit\u00e9 dentaire<\/p>\n<p>&#8211; Dents sensibles au chaud\/froid<\/p>\n<p>&#8211; Pr\u00e9vention des caries<\/p>\n<p>&#8211; Entretien de gencives en bonne sant\u00e9\u00a0<\/p>\n<p>Ingr\u00e9dients:<\/p>\n<p>Aqua, Sorbitol, Glycerin, Potassium Nitrate, PEG-40 Hydrogenated Castor Oil, Panthenol, Sodium Fluoride, Aroma, Tocopheryl Acetate, Sodium Methylparaben, Sodium Ethylparaben, Sodium Propylparaben, Sodium Saccharin, Citric Acid, d-Limonene<\/p>\n<p>\u00a0<\/p>\n","protected":false},"excerpt":{"rendered":"<p>KIN Sensikin Bain de Bouche<br \/>\nKin sensikin bain de bouche Soin intensif des gencives d\u00e9licates.<\/p>\n<p>contenance 250ml<\/p>\n","protected":false},"featured_media":1880,"comment_status":"open","ping_status":"closed","template":"","meta":[],"pwb-brand":[229],"product_cat":[215],"product_tag":[],"class_list":{"0":"post-1861","1":"product","2":"type-product","3":"status-publish","4":"has-post-thumbnail","6":"pwb-brand-kin-interdental-brushes","7":"product_cat-bain-de-bouche-et-solution-gingivale","8":"post","9":"ws-product--style-1","11":"first","12":"instock","13":"shipping-taxable","14":"purchasable","15":"product-type-simple"},"yoast_head":"<!-- This site is optimized with the Yoast SEO plugin v23.0 - https:\/\/yoast.com\/wordpress\/plugins\/seo\/ -->\n<title>Bain de Bouche - sensibilit\u00e9 dentaire - KIN Sensikin - 250ml - OrthoPara<\/title>\n<meta name=\"robots\" content=\"index, follow, max-snippet:-1, max-image-preview:large, max-video-preview:-1\" \/>\n<link rel=\"canonical\" href=\"https:\/\/orthopara.store\/index.php\/produit\/bain-de-bouche-sensibilite-dentaire-kin-sensikin-250ml\/\" \/>\n<meta property=\"og:locale\" content=\"fr_FR\" \/>\n<meta property=\"og:type\" content=\"article\" \/>\n<meta property=\"og:title\" content=\"Bain de Bouche - sensibilit\u00e9 dentaire - KIN Sensikin - 250ml - OrthoPara\" \/>\n<meta property=\"og:description\" content=\"KIN Sensikin Bain de Bouche Kin sensikin bain de bouche Soin intensif des gencives d\u00e9licates. contenance 250ml\" \/>\n<meta property=\"og:url\" content=\"https:\/\/orthopara.store\/index.php\/produit\/bain-de-bouche-sensibilite-dentaire-kin-sensikin-250ml\/\" \/>\n<meta property=\"og:site_name\" content=\"OrthoPara\" \/>\n<meta property=\"article:publisher\" content=\"https:\/\/www.facebook.com\/profile.php?id=61561194315651\" \/>\n<meta property=\"article:modified_time\" content=\"2024-11-04T16:25:38+00:00\" \/>\n<meta property=\"og:image\" content=\"https:\/\/orthopara.store\/wp-content\/uploads\/2024\/06\/kin-sensikin-bain-de-bouche-250ml.jpg\" \/>\n\t<meta property=\"og:image:width\" content=\"800\" \/>\n\t<meta property=\"og:image:height\" content=\"800\" \/>\n\t<meta property=\"og:image:type\" content=\"image\/jpeg\" \/>\n<meta name=\"twitter:card\" content=\"summary_large_image\" \/>\n<meta name=\"twitter:label1\" content=\"Dur\u00e9e de lecture estim\u00e9e\" \/>\n\t<meta name=\"twitter:data1\" content=\"1 minute\" \/>\n<script type=\"application\/ld+json\" class=\"yoast-schema-graph\">{\"@context\":\"https:\/\/schema.org\",\"@graph\":[{\"@type\":\"WebPage\",\"@id\":\"https:\/\/orthopara.store\/index.php\/produit\/bain-de-bouche-sensibilite-dentaire-kin-sensikin-250ml\/\",\"url\":\"https:\/\/orthopara.store\/index.php\/produit\/bain-de-bouche-sensibilite-dentaire-kin-sensikin-250ml\/\",\"name\":\"Bain de Bouche - sensibilit\u00e9 dentaire - KIN Sensikin - 250ml - OrthoPara\",\"isPartOf\":{\"@id\":\"https:\/\/orthopara.store\/#website\"},\"primaryImageOfPage\":{\"@id\":\"https:\/\/orthopara.store\/index.php\/produit\/bain-de-bouche-sensibilite-dentaire-kin-sensikin-250ml\/#primaryimage\"},\"image\":{\"@id\":\"https:\/\/orthopara.store\/index.php\/produit\/bain-de-bouche-sensibilite-dentaire-kin-sensikin-250ml\/#primaryimage\"},\"thumbnailUrl\":\"https:\/\/orthopara.store\/wp-content\/uploads\/2024\/06\/kin-sensikin-bain-de-bouche-250ml.jpg\",\"datePublished\":\"2024-06-28T13:55:39+00:00\",\"dateModified\":\"2024-11-04T16:25:38+00:00\",\"breadcrumb\":{\"@id\":\"https:\/\/orthopara.store\/index.php\/produit\/bain-de-bouche-sensibilite-dentaire-kin-sensikin-250ml\/#breadcrumb\"},\"inLanguage\":\"fr-FR\",\"potentialAction\":[{\"@type\":\"ReadAction\",\"target\":[\"https:\/\/orthopara.store\/index.php\/produit\/bain-de-bouche-sensibilite-dentaire-kin-sensikin-250ml\/\"]}]},{\"@type\":\"ImageObject\",\"inLanguage\":\"fr-FR\",\"@id\":\"https:\/\/orthopara.store\/index.php\/produit\/bain-de-bouche-sensibilite-dentaire-kin-sensikin-250ml\/#primaryimage\",\"url\":\"https:\/\/orthopara.store\/wp-content\/uploads\/2024\/06\/kin-sensikin-bain-de-bouche-250ml.jpg\",\"contentUrl\":\"https:\/\/orthopara.store\/wp-content\/uploads\/2024\/06\/kin-sensikin-bain-de-bouche-250ml.jpg\",\"width\":800,\"height\":800},{\"@type\":\"BreadcrumbList\",\"@id\":\"https:\/\/orthopara.store\/index.php\/produit\/bain-de-bouche-sensibilite-dentaire-kin-sensikin-250ml\/#breadcrumb\",\"itemListElement\":[{\"@type\":\"ListItem\",\"position\":1,\"name\":\"Accueil\",\"item\":\"https:\/\/orthopara.store\/\"},{\"@type\":\"ListItem\",\"position\":2,\"name\":\"Shop\",\"item\":\"https:\/\/orthopara.store\/?page_id=622\"},{\"@type\":\"ListItem\",\"position\":3,\"name\":\"Bain de Bouche &#8211; sensibilit\u00e9 dentaire &#8211; KIN Sensikin &#8211; 250ml\"}]},{\"@type\":\"WebSite\",\"@id\":\"https:\/\/orthopara.store\/#website\",\"url\":\"https:\/\/orthopara.store\/\",\"name\":\"OrthoPara\",\"description\":\"Parapharmacie\",\"publisher\":{\"@id\":\"https:\/\/orthopara.store\/#organization\"},\"potentialAction\":[{\"@type\":\"SearchAction\",\"target\":{\"@type\":\"EntryPoint\",\"urlTemplate\":\"https:\/\/orthopara.store\/?s={search_term_string}\"},\"query-input\":\"required name=search_term_string\"}],\"inLanguage\":\"fr-FR\"},{\"@type\":\"Organization\",\"@id\":\"https:\/\/orthopara.store\/#organization\",\"name\":\"OrthoPara\",\"url\":\"https:\/\/orthopara.store\/\",\"logo\":{\"@type\":\"ImageObject\",\"inLanguage\":\"fr-FR\",\"@id\":\"https:\/\/orthopara.store\/#\/schema\/logo\/image\/\",\"url\":\"https:\/\/orthopara.store\/wp-content\/uploads\/2024\/06\/cropped-9ABA8BAD-6256-4719-9315-15C66E64E882.png\",\"contentUrl\":\"https:\/\/orthopara.store\/wp-content\/uploads\/2024\/06\/cropped-9ABA8BAD-6256-4719-9315-15C66E64E882.png\",\"width\":240,\"height\":72,\"caption\":\"OrthoPara\"},\"image\":{\"@id\":\"https:\/\/orthopara.store\/#\/schema\/logo\/image\/\"},\"sameAs\":[\"https:\/\/www.facebook.com\/profile.php?id=61561194315651\",\"https:\/\/www.instagram.com\/orthopara_tunisie\/\"]}]}<\/script>\n<!-- \/ Yoast SEO plugin. -->","yoast_head_json":{"title":"Bain de Bouche - sensibilit\u00e9 dentaire - KIN Sensikin - 250ml - OrthoPara","robots":{"index":"index","follow":"follow","max-snippet":"max-snippet:-1","max-image-preview":"max-image-preview:large","max-video-preview":"max-video-preview:-1"},"canonical":"https:\/\/orthopara.store\/index.php\/produit\/bain-de-bouche-sensibilite-dentaire-kin-sensikin-250ml\/","og_locale":"fr_FR","og_type":"article","og_title":"Bain de Bouche - sensibilit\u00e9 dentaire - KIN Sensikin - 250ml - OrthoPara","og_description":"KIN Sensikin Bain de Bouche Kin sensikin bain de bouche Soin intensif des gencives d\u00e9licates. contenance 250ml","og_url":"https:\/\/orthopara.store\/index.php\/produit\/bain-de-bouche-sensibilite-dentaire-kin-sensikin-250ml\/","og_site_name":"OrthoPara","article_publisher":"https:\/\/www.facebook.com\/profile.php?id=61561194315651","article_modified_time":"2024-11-04T16:25:38+00:00","og_image":[{"width":800,"height":800,"url":"https:\/\/orthopara.store\/wp-content\/uploads\/2024\/06\/kin-sensikin-bain-de-bouche-250ml.jpg","type":"image\/jpeg"}],"twitter_card":"summary_large_image","twitter_misc":{"Dur\u00e9e de lecture estim\u00e9e":"1 minute"},"schema":{"@context":"https:\/\/schema.org","@graph":[{"@type":"WebPage","@id":"https:\/\/orthopara.store\/index.php\/produit\/bain-de-bouche-sensibilite-dentaire-kin-sensikin-250ml\/","url":"https:\/\/orthopara.store\/index.php\/produit\/bain-de-bouche-sensibilite-dentaire-kin-sensikin-250ml\/","name":"Bain de Bouche - sensibilit\u00e9 dentaire - KIN Sensikin - 250ml - OrthoPara","isPartOf":{"@id":"https:\/\/orthopara.store\/#website"},"primaryImageOfPage":{"@id":"https:\/\/orthopara.store\/index.php\/produit\/bain-de-bouche-sensibilite-dentaire-kin-sensikin-250ml\/#primaryimage"},"image":{"@id":"https:\/\/orthopara.store\/index.php\/produit\/bain-de-bouche-sensibilite-dentaire-kin-sensikin-250ml\/#primaryimage"},"thumbnailUrl":"https:\/\/orthopara.store\/wp-content\/uploads\/2024\/06\/kin-sensikin-bain-de-bouche-250ml.jpg","datePublished":"2024-06-28T13:55:39+00:00","dateModified":"2024-11-04T16:25:38+00:00","breadcrumb":{"@id":"https:\/\/orthopara.store\/index.php\/produit\/bain-de-bouche-sensibilite-dentaire-kin-sensikin-250ml\/#breadcrumb"},"inLanguage":"fr-FR","potentialAction":[{"@type":"ReadAction","target":["https:\/\/orthopara.store\/index.php\/produit\/bain-de-bouche-sensibilite-dentaire-kin-sensikin-250ml\/"]}]},{"@type":"ImageObject","inLanguage":"fr-FR","@id":"https:\/\/orthopara.store\/index.php\/produit\/bain-de-bouche-sensibilite-dentaire-kin-sensikin-250ml\/#primaryimage","url":"https:\/\/orthopara.store\/wp-content\/uploads\/2024\/06\/kin-sensikin-bain-de-bouche-250ml.jpg","contentUrl":"https:\/\/orthopara.store\/wp-content\/uploads\/2024\/06\/kin-sensikin-bain-de-bouche-250ml.jpg","width":800,"height":800},{"@type":"BreadcrumbList","@id":"https:\/\/orthopara.store\/index.php\/produit\/bain-de-bouche-sensibilite-dentaire-kin-sensikin-250ml\/#breadcrumb","itemListElement":[{"@type":"ListItem","position":1,"name":"Accueil","item":"https:\/\/orthopara.store\/"},{"@type":"ListItem","position":2,"name":"Shop","item":"https:\/\/orthopara.store\/?page_id=622"},{"@type":"ListItem","position":3,"name":"Bain de Bouche &#8211; sensibilit\u00e9 dentaire &#8211; KIN Sensikin &#8211; 250ml"}]},{"@type":"WebSite","@id":"https:\/\/orthopara.store\/#website","url":"https:\/\/orthopara.store\/","name":"OrthoPara","description":"Parapharmacie","publisher":{"@id":"https:\/\/orthopara.store\/#organization"},"potentialAction":[{"@type":"SearchAction","target":{"@type":"EntryPoint","urlTemplate":"https:\/\/orthopara.store\/?s={search_term_string}"},"query-input":"required name=search_term_string"}],"inLanguage":"fr-FR"},{"@type":"Organization","@id":"https:\/\/orthopara.store\/#organization","name":"OrthoPara","url":"https:\/\/orthopara.store\/","logo":{"@type":"ImageObject","inLanguage":"fr-FR","@id":"https:\/\/orthopara.store\/#\/schema\/logo\/image\/","url":"https:\/\/orthopara.store\/wp-content\/uploads\/2024\/06\/cropped-9ABA8BAD-6256-4719-9315-15C66E64E882.png","contentUrl":"https:\/\/orthopara.store\/wp-content\/uploads\/2024\/06\/cropped-9ABA8BAD-6256-4719-9315-15C66E64E882.png","width":240,"height":72,"caption":"OrthoPara"},"image":{"@id":"https:\/\/orthopara.store\/#\/schema\/logo\/image\/"},"sameAs":["https:\/\/www.facebook.com\/profile.php?id=61561194315651","https:\/\/www.instagram.com\/orthopara_tunisie\/"]}]}},"jetpack_sharing_enabled":true,"brands":[{"id":229,"name":"Kin Interdental Brushes","slug":"kin-interdental-brushes"}],"_links":{"self":[{"href":"https:\/\/orthopara.store\/index.php?rest_route=\/wp\/v2\/product\/1861","targetHints":{"allow":["GET"]}}],"collection":[{"href":"https:\/\/orthopara.store\/index.php?rest_route=\/wp\/v2\/product"}],"about":[{"href":"https:\/\/orthopara.store\/index.php?rest_route=\/wp\/v2\/types\/product"}],"replies":[{"embeddable":true,"href":"https:\/\/orthopara.store\/index.php?rest_route=%2Fwp%2Fv2%2Fcomments&post=1861"}],"wp:featuredmedia":[{"embeddable":true,"href":"https:\/\/orthopara.store\/index.php?rest_route=\/wp\/v2\/media\/1880"}],"wp:attachment":[{"href":"https:\/\/orthopara.store\/index.php?rest_route=%2Fwp%2Fv2%2Fmedia&parent=1861"}],"wp:term":[{"taxonomy":"pwb-brand","embeddable":true,"href":"https:\/\/orthopara.store\/index.php?rest_route=%2Fwp%2Fv2%2Fpwb-brand&post=1861"},{"taxonomy":"product_cat","embeddable":true,"href":"https:\/\/orthopara.store\/index.php?rest_route=%2Fwp%2Fv2%2Fproduct_cat&post=1861"},{"taxonomy":"product_tag","embeddable":true,"href":"https:\/\/orthopara.store\/index.php?rest_route=%2Fwp%2Fv2%2Fproduct_tag&post=1861"}],"curies":[{"name":"wp","href":"https:\/\/api.w.org\/{rel}","templated":true}]}}