{"id":1862,"date":"2024-06-28T15:55:39","date_gmt":"2024-06-28T13:55:39","guid":{"rendered":"https:\/\/orthopara.store\/?post_type=product&#038;p=1862"},"modified":"2024-11-04T17:25:06","modified_gmt":"2024-11-04T16:25:06","slug":"bain-de-bouche-kemphor-elixir-buccal-100ml","status":"publish","type":"product","link":"https:\/\/orthopara.store\/?product=bain-de-bouche-kemphor-elixir-buccal-100ml","title":{"rendered":"Bain de bouche &#8211; Kemphor Elixir Buccal &#8211; 100ml"},"content":{"rendered":"<p>Bain de bouche &#8211; Kemphor Elixir Buccal &#8211; 100ml<br \/>\nAvec ces ingr\u00e9dients actifs, la solution Kemphor Elixir Buccal concentr\u00e9 est bas\u00e9 d\u2019une formule maximale efficace pour la protection des gencives. Il contient des ingr\u00e9dients actifs (huiles essentielles) qui ont prouv\u00e9 leur efficacit\u00e9 et leurs propri\u00e9t\u00e9s b\u00e9n\u00e9fiques.<br \/>\nAvantages<br \/>\n\u2022 Sa combinaison parfaite d\u2019essences naturelles tonifie et prot\u00e8ge les tissus gingivaux en emp\u00eachant l\u2019inflammation et l\u2019infection des gencives.\u2022 Pr\u00e9vient et r\u00e9duit la gingivite.\u2022 Contient les ingr\u00e9dients actifs pour lutter contre la plaque.\u2022 Tue les germes qui causent la plaque, la gingivite et la mauvaise haleine.\u2022 Garantit une hygi\u00e8ne bucco-dentaire compl\u00e8te.<\/p>\n","protected":false},"excerpt":{"rendered":"<p>KEMPHOR Elixir Buccal\u00a0<br \/>\ncontenance 100ML<br \/>\nDLC 01\/2025<\/p>\n","protected":false},"featured_media":1881,"comment_status":"open","ping_status":"closed","template":"","meta":[],"pwb-brand":[218],"product_cat":[215],"product_tag":[],"class_list":{"0":"post-1862","1":"product","2":"type-product","3":"status-publish","4":"has-post-thumbnail","6":"pwb-brand-kemphor","7":"product_cat-bain-de-bouche-et-solution-gingivale","8":"post","9":"ws-product--style-1","11":"first","12":"instock","13":"shipping-taxable","14":"purchasable","15":"product-type-simple"},"yoast_head":"<!-- This site is optimized with the Yoast SEO plugin v23.0 - https:\/\/yoast.com\/wordpress\/plugins\/seo\/ -->\n<title>Bain de bouche - Kemphor Elixir Buccal - 100ml - OrthoPara<\/title>\n<meta name=\"robots\" content=\"index, follow, max-snippet:-1, max-image-preview:large, max-video-preview:-1\" \/>\n<link rel=\"canonical\" href=\"https:\/\/orthopara.store\/index.php\/produit\/bain-de-bouche-kemphor-elixir-buccal-100ml\/\" \/>\n<meta property=\"og:locale\" content=\"fr_FR\" \/>\n<meta property=\"og:type\" content=\"article\" \/>\n<meta property=\"og:title\" content=\"Bain de bouche - Kemphor Elixir Buccal - 100ml - OrthoPara\" \/>\n<meta property=\"og:description\" content=\"KEMPHOR Elixir Buccal\u00a0 contenance 100ML DLC 01\/2025\" \/>\n<meta property=\"og:url\" content=\"https:\/\/orthopara.store\/index.php\/produit\/bain-de-bouche-kemphor-elixir-buccal-100ml\/\" \/>\n<meta property=\"og:site_name\" content=\"OrthoPara\" \/>\n<meta property=\"article:publisher\" content=\"https:\/\/www.facebook.com\/profile.php?id=61561194315651\" \/>\n<meta property=\"article:modified_time\" content=\"2024-11-04T16:25:06+00:00\" \/>\n<meta property=\"og:image\" content=\"https:\/\/orthopara.store\/wp-content\/uploads\/2024\/06\/bain-de-bouche-kemphor-elixir-buccal-100ml.jpg\" \/>\n\t<meta property=\"og:image:width\" content=\"800\" \/>\n\t<meta property=\"og:image:height\" content=\"800\" \/>\n\t<meta property=\"og:image:type\" content=\"image\/jpeg\" \/>\n<meta name=\"twitter:card\" content=\"summary_large_image\" \/>\n<meta name=\"twitter:label1\" content=\"Dur\u00e9e de lecture estim\u00e9e\" \/>\n\t<meta name=\"twitter:data1\" content=\"1 minute\" \/>\n<script type=\"application\/ld+json\" class=\"yoast-schema-graph\">{\"@context\":\"https:\/\/schema.org\",\"@graph\":[{\"@type\":\"WebPage\",\"@id\":\"https:\/\/orthopara.store\/index.php\/produit\/bain-de-bouche-kemphor-elixir-buccal-100ml\/\",\"url\":\"https:\/\/orthopara.store\/index.php\/produit\/bain-de-bouche-kemphor-elixir-buccal-100ml\/\",\"name\":\"Bain de bouche - Kemphor Elixir Buccal - 100ml - OrthoPara\",\"isPartOf\":{\"@id\":\"https:\/\/orthopara.store\/#website\"},\"primaryImageOfPage\":{\"@id\":\"https:\/\/orthopara.store\/index.php\/produit\/bain-de-bouche-kemphor-elixir-buccal-100ml\/#primaryimage\"},\"image\":{\"@id\":\"https:\/\/orthopara.store\/index.php\/produit\/bain-de-bouche-kemphor-elixir-buccal-100ml\/#primaryimage\"},\"thumbnailUrl\":\"https:\/\/orthopara.store\/wp-content\/uploads\/2024\/06\/bain-de-bouche-kemphor-elixir-buccal-100ml.jpg\",\"datePublished\":\"2024-06-28T13:55:39+00:00\",\"dateModified\":\"2024-11-04T16:25:06+00:00\",\"breadcrumb\":{\"@id\":\"https:\/\/orthopara.store\/index.php\/produit\/bain-de-bouche-kemphor-elixir-buccal-100ml\/#breadcrumb\"},\"inLanguage\":\"fr-FR\",\"potentialAction\":[{\"@type\":\"ReadAction\",\"target\":[\"https:\/\/orthopara.store\/index.php\/produit\/bain-de-bouche-kemphor-elixir-buccal-100ml\/\"]}]},{\"@type\":\"ImageObject\",\"inLanguage\":\"fr-FR\",\"@id\":\"https:\/\/orthopara.store\/index.php\/produit\/bain-de-bouche-kemphor-elixir-buccal-100ml\/#primaryimage\",\"url\":\"https:\/\/orthopara.store\/wp-content\/uploads\/2024\/06\/bain-de-bouche-kemphor-elixir-buccal-100ml.jpg\",\"contentUrl\":\"https:\/\/orthopara.store\/wp-content\/uploads\/2024\/06\/bain-de-bouche-kemphor-elixir-buccal-100ml.jpg\",\"width\":800,\"height\":800},{\"@type\":\"BreadcrumbList\",\"@id\":\"https:\/\/orthopara.store\/index.php\/produit\/bain-de-bouche-kemphor-elixir-buccal-100ml\/#breadcrumb\",\"itemListElement\":[{\"@type\":\"ListItem\",\"position\":1,\"name\":\"Accueil\",\"item\":\"https:\/\/orthopara.store\/\"},{\"@type\":\"ListItem\",\"position\":2,\"name\":\"Shop\",\"item\":\"https:\/\/orthopara.store\/?page_id=622\"},{\"@type\":\"ListItem\",\"position\":3,\"name\":\"Bain de bouche &#8211; Kemphor Elixir Buccal &#8211; 100ml\"}]},{\"@type\":\"WebSite\",\"@id\":\"https:\/\/orthopara.store\/#website\",\"url\":\"https:\/\/orthopara.store\/\",\"name\":\"OrthoPara\",\"description\":\"Parapharmacie\",\"publisher\":{\"@id\":\"https:\/\/orthopara.store\/#organization\"},\"potentialAction\":[{\"@type\":\"SearchAction\",\"target\":{\"@type\":\"EntryPoint\",\"urlTemplate\":\"https:\/\/orthopara.store\/?s={search_term_string}\"},\"query-input\":\"required name=search_term_string\"}],\"inLanguage\":\"fr-FR\"},{\"@type\":\"Organization\",\"@id\":\"https:\/\/orthopara.store\/#organization\",\"name\":\"OrthoPara\",\"url\":\"https:\/\/orthopara.store\/\",\"logo\":{\"@type\":\"ImageObject\",\"inLanguage\":\"fr-FR\",\"@id\":\"https:\/\/orthopara.store\/#\/schema\/logo\/image\/\",\"url\":\"https:\/\/orthopara.store\/wp-content\/uploads\/2024\/06\/cropped-9ABA8BAD-6256-4719-9315-15C66E64E882.png\",\"contentUrl\":\"https:\/\/orthopara.store\/wp-content\/uploads\/2024\/06\/cropped-9ABA8BAD-6256-4719-9315-15C66E64E882.png\",\"width\":240,\"height\":72,\"caption\":\"OrthoPara\"},\"image\":{\"@id\":\"https:\/\/orthopara.store\/#\/schema\/logo\/image\/\"},\"sameAs\":[\"https:\/\/www.facebook.com\/profile.php?id=61561194315651\",\"https:\/\/www.instagram.com\/orthopara_tunisie\/\"]}]}<\/script>\n<!-- \/ Yoast SEO plugin. -->","yoast_head_json":{"title":"Bain de bouche - Kemphor Elixir Buccal - 100ml - OrthoPara","robots":{"index":"index","follow":"follow","max-snippet":"max-snippet:-1","max-image-preview":"max-image-preview:large","max-video-preview":"max-video-preview:-1"},"canonical":"https:\/\/orthopara.store\/index.php\/produit\/bain-de-bouche-kemphor-elixir-buccal-100ml\/","og_locale":"fr_FR","og_type":"article","og_title":"Bain de bouche - Kemphor Elixir Buccal - 100ml - OrthoPara","og_description":"KEMPHOR Elixir Buccal\u00a0 contenance 100ML DLC 01\/2025","og_url":"https:\/\/orthopara.store\/index.php\/produit\/bain-de-bouche-kemphor-elixir-buccal-100ml\/","og_site_name":"OrthoPara","article_publisher":"https:\/\/www.facebook.com\/profile.php?id=61561194315651","article_modified_time":"2024-11-04T16:25:06+00:00","og_image":[{"width":800,"height":800,"url":"https:\/\/orthopara.store\/wp-content\/uploads\/2024\/06\/bain-de-bouche-kemphor-elixir-buccal-100ml.jpg","type":"image\/jpeg"}],"twitter_card":"summary_large_image","twitter_misc":{"Dur\u00e9e de lecture estim\u00e9e":"1 minute"},"schema":{"@context":"https:\/\/schema.org","@graph":[{"@type":"WebPage","@id":"https:\/\/orthopara.store\/index.php\/produit\/bain-de-bouche-kemphor-elixir-buccal-100ml\/","url":"https:\/\/orthopara.store\/index.php\/produit\/bain-de-bouche-kemphor-elixir-buccal-100ml\/","name":"Bain de bouche - Kemphor Elixir Buccal - 100ml - OrthoPara","isPartOf":{"@id":"https:\/\/orthopara.store\/#website"},"primaryImageOfPage":{"@id":"https:\/\/orthopara.store\/index.php\/produit\/bain-de-bouche-kemphor-elixir-buccal-100ml\/#primaryimage"},"image":{"@id":"https:\/\/orthopara.store\/index.php\/produit\/bain-de-bouche-kemphor-elixir-buccal-100ml\/#primaryimage"},"thumbnailUrl":"https:\/\/orthopara.store\/wp-content\/uploads\/2024\/06\/bain-de-bouche-kemphor-elixir-buccal-100ml.jpg","datePublished":"2024-06-28T13:55:39+00:00","dateModified":"2024-11-04T16:25:06+00:00","breadcrumb":{"@id":"https:\/\/orthopara.store\/index.php\/produit\/bain-de-bouche-kemphor-elixir-buccal-100ml\/#breadcrumb"},"inLanguage":"fr-FR","potentialAction":[{"@type":"ReadAction","target":["https:\/\/orthopara.store\/index.php\/produit\/bain-de-bouche-kemphor-elixir-buccal-100ml\/"]}]},{"@type":"ImageObject","inLanguage":"fr-FR","@id":"https:\/\/orthopara.store\/index.php\/produit\/bain-de-bouche-kemphor-elixir-buccal-100ml\/#primaryimage","url":"https:\/\/orthopara.store\/wp-content\/uploads\/2024\/06\/bain-de-bouche-kemphor-elixir-buccal-100ml.jpg","contentUrl":"https:\/\/orthopara.store\/wp-content\/uploads\/2024\/06\/bain-de-bouche-kemphor-elixir-buccal-100ml.jpg","width":800,"height":800},{"@type":"BreadcrumbList","@id":"https:\/\/orthopara.store\/index.php\/produit\/bain-de-bouche-kemphor-elixir-buccal-100ml\/#breadcrumb","itemListElement":[{"@type":"ListItem","position":1,"name":"Accueil","item":"https:\/\/orthopara.store\/"},{"@type":"ListItem","position":2,"name":"Shop","item":"https:\/\/orthopara.store\/?page_id=622"},{"@type":"ListItem","position":3,"name":"Bain de bouche &#8211; Kemphor Elixir Buccal &#8211; 100ml"}]},{"@type":"WebSite","@id":"https:\/\/orthopara.store\/#website","url":"https:\/\/orthopara.store\/","name":"OrthoPara","description":"Parapharmacie","publisher":{"@id":"https:\/\/orthopara.store\/#organization"},"potentialAction":[{"@type":"SearchAction","target":{"@type":"EntryPoint","urlTemplate":"https:\/\/orthopara.store\/?s={search_term_string}"},"query-input":"required name=search_term_string"}],"inLanguage":"fr-FR"},{"@type":"Organization","@id":"https:\/\/orthopara.store\/#organization","name":"OrthoPara","url":"https:\/\/orthopara.store\/","logo":{"@type":"ImageObject","inLanguage":"fr-FR","@id":"https:\/\/orthopara.store\/#\/schema\/logo\/image\/","url":"https:\/\/orthopara.store\/wp-content\/uploads\/2024\/06\/cropped-9ABA8BAD-6256-4719-9315-15C66E64E882.png","contentUrl":"https:\/\/orthopara.store\/wp-content\/uploads\/2024\/06\/cropped-9ABA8BAD-6256-4719-9315-15C66E64E882.png","width":240,"height":72,"caption":"OrthoPara"},"image":{"@id":"https:\/\/orthopara.store\/#\/schema\/logo\/image\/"},"sameAs":["https:\/\/www.facebook.com\/profile.php?id=61561194315651","https:\/\/www.instagram.com\/orthopara_tunisie\/"]}]}},"jetpack_sharing_enabled":true,"brands":[{"id":218,"name":"Kemphor","slug":"kemphor"}],"_links":{"self":[{"href":"https:\/\/orthopara.store\/index.php?rest_route=\/wp\/v2\/product\/1862","targetHints":{"allow":["GET"]}}],"collection":[{"href":"https:\/\/orthopara.store\/index.php?rest_route=\/wp\/v2\/product"}],"about":[{"href":"https:\/\/orthopara.store\/index.php?rest_route=\/wp\/v2\/types\/product"}],"replies":[{"embeddable":true,"href":"https:\/\/orthopara.store\/index.php?rest_route=%2Fwp%2Fv2%2Fcomments&post=1862"}],"wp:featuredmedia":[{"embeddable":true,"href":"https:\/\/orthopara.store\/index.php?rest_route=\/wp\/v2\/media\/1881"}],"wp:attachment":[{"href":"https:\/\/orthopara.store\/index.php?rest_route=%2Fwp%2Fv2%2Fmedia&parent=1862"}],"wp:term":[{"taxonomy":"pwb-brand","embeddable":true,"href":"https:\/\/orthopara.store\/index.php?rest_route=%2Fwp%2Fv2%2Fpwb-brand&post=1862"},{"taxonomy":"product_cat","embeddable":true,"href":"https:\/\/orthopara.store\/index.php?rest_route=%2Fwp%2Fv2%2Fproduct_cat&post=1862"},{"taxonomy":"product_tag","embeddable":true,"href":"https:\/\/orthopara.store\/index.php?rest_route=%2Fwp%2Fv2%2Fproduct_tag&post=1862"}],"curies":[{"name":"wp","href":"https:\/\/api.w.org\/{rel}","templated":true}]}}