{"id":1867,"date":"2024-06-28T15:55:40","date_gmt":"2024-06-28T13:55:40","guid":{"rendered":"https:\/\/orthopara.store\/?post_type=product&#038;p=1867"},"modified":"2024-11-10T16:09:12","modified_gmt":"2024-11-10T15:09:12","slug":"creme-anti-taches-invisible-spf-15-esthelle-skin-light-30gr","status":"publish","type":"product","link":"https:\/\/orthopara.store\/?product=creme-anti-taches-invisible-spf-15-esthelle-skin-light-30gr","title":{"rendered":"Cr\u00e8me anti-taches invisible &#8211; spf 15+ &#8211; Esth&rsquo;Elle Skin Light &#8211; 30gr"},"content":{"rendered":"<p>Cr\u00e8me anti-taches invisible &#8211; spf 15+ &#8211; Esth&rsquo;Elle Skin Light &#8211; 30gr<br \/>\nSkinligt est une cr\u00e8me de soin cibl\u00e9e ultra-concentr\u00e9e qui offre une solution efficace pour traiter et \u00e9liminer en douceur les taches brunes ou pigmentaires sur le visage, le cou, le d\u00e9collet\u00e9 et les mains, tout en pr\u00e9venant leur r\u00e9apparition.<br \/>\nTraitement anti-taches localis\u00e9<br \/>\nR\u00e9duit les taches persistantes<br \/>\nAvantages d&rsquo;utilisation de ce produit :<br \/>\nAction d\u00e9pigmentante avanc\u00e9e: Le secret de l&rsquo;efficacit\u00e9 de Skinlight r\u00e9side dans son complexe MELFADE, une synergie entre un d\u00e9riv\u00e9 de vitamine C multifonctionnelle et un extrait d&rsquo;Arbutine. Ce complexe agit comme un inhibiteur puissant de la tyrosinase, l&rsquo;enzyme responsable de la production de m\u00e9lanine. En r\u00e9duisant la production de m\u00e9lanine et en neutralisant les radicaux libres responsables de l&rsquo;hyperpigmentation, Skinlight offre une approche douce mais efficace pour traiter les taches pigmentaires.<br \/>\nProtection Solaire Int\u00e9gr\u00e9e : Enrichi en filtres solaires UVA\/UVB [SPF15], Skinlight ne se contente pas de traiter les taches existantes, il les prot\u00e8ge \u00e9galement des rayons nocifs du soleil<br \/>\nSkinlight agit en estompant les taches brunes, en r\u00e9duisant leur taille et leur nombre. Au fil des applications, la peau retrouve son uniformit\u00e9 et le teint gagne en luminosit\u00e9.<br \/>\nAvec Skinlight, d\u00e9couvrez une solution cibl\u00e9e et scientifiquement \u00e9labor\u00e9e pour retrouver un teint uniforme et \u00e9clatant.<br \/>\nPropri\u00e9t\u00e9s :<br \/>\nCorrige les taches brunes localis\u00e9es ou \u00e9tendues.<br \/>\nPr\u00e9vient la r\u00e9apparition des taches.<br \/>\nUnifie le teint et illumine la peau.<br \/>\nConseils d&rsquo;utilisation :<br \/>\nAppliquez la cr\u00e8me localement sur les taches du visage, des mains et du d\u00e9collet\u00e9. Massez l\u00e9g\u00e8rement sur une peau propre, matin et soir, pour un r\u00e9sultat optimal. Compl\u00e9tez votre routine avec les soins \u00e9claircissants pour une approche compl\u00e8te de la correction des taches pigmentaires.<br \/>\nIngredients :<br \/>\nAqua.Cyclopentasiloxane.Stearic &#8211; Acid.Glyceryl Stearate Arctosta- Philos Uva Ursi Leaf Extract.Citrus Medica Lmonium Fruit Extract.Artemisia &#8211; Umbelliformis Extract.Cetyl- Alcohol Titanium- Oxide.Ethylhexyl &#8211; Methoxycinnamate.Cetearyl &#8211; Alcohol Phenoxyethanol.Ca&#8211; Prylyl Glycolcarbomer.Peg 20 &#8211;\u00a0 Stearate. Propylene Glycol &#8211; Disodium Edta Magnesium &#8211; Ascorbyl Phosphate Sodium &#8211; Hydroxyde. Tocopherol.Parfum. &#8211; Butyl Methoxydibenzoylme &#8211; Thane.Peg 8.Hexyl Cinnamal &#8211; Linalool.Butylphenylmethylpro -Pionallimonene Alpha-Iso &#8211; Methyl Ionone.Benzyl &#8211; Benzoate Ascorbyl &#8211; Palmitata.Eugenol Sodium &#8211; Benzoate.Bht.Potassium &#8211; Sorbate Ascorbyl Acid.Citric Acid<\/p>\n<p>\u00a0<\/p>\n","protected":false},"excerpt":{"rendered":"<p>Esth&rsquo;Elle Skin Light D\u00e9pigmentant<br \/>\nSoin Anti-tache SkinLight Esth&rsquo;elle est un soin d\u00e9pigmentant intensif, c\u2019est un v\u00e9ritable traitement d&rsquo;attaque pour toutes les formes localis\u00e9es d&rsquo;hyperpigmentations avec un indice de protection Spf 15+<br \/>\nUne Solution Cibl\u00e9e pour les taches Pigmentaires !<br \/>\nPoids nets : 30gr<br \/>\nDLC : 01\/2027 (12mois apr\u00e8s l&rsquo;ouverture)<\/p>\n","protected":false},"featured_media":1886,"comment_status":"open","ping_status":"closed","template":"","meta":[],"pwb-brand":[126],"product_cat":[227],"product_tag":[],"class_list":{"0":"post-1867","1":"product","2":"type-product","3":"status-publish","4":"has-post-thumbnail","6":"pwb-brand-esthelle","7":"product_cat-protection-inferieure-a-spf-20","8":"post","9":"ws-product--style-1","11":"first","12":"instock","13":"shipping-taxable","14":"purchasable","15":"product-type-simple"},"yoast_head":"<!-- This site is optimized with the Yoast SEO plugin v23.0 - https:\/\/yoast.com\/wordpress\/plugins\/seo\/ -->\n<title>Cr\u00e8me anti-taches invisible - spf 15+ - Esth&#039;Elle Skin Light - 30gr - OrthoPara<\/title>\n<meta name=\"robots\" content=\"index, follow, max-snippet:-1, max-image-preview:large, max-video-preview:-1\" \/>\n<link rel=\"canonical\" href=\"https:\/\/orthopara.store\/index.php\/produit\/creme-anti-taches-invisible-spf-15-esthelle-skin-light-30gr\/\" \/>\n<meta property=\"og:locale\" content=\"fr_FR\" \/>\n<meta property=\"og:type\" content=\"article\" \/>\n<meta property=\"og:title\" content=\"Cr\u00e8me anti-taches invisible - spf 15+ - Esth&#039;Elle Skin Light - 30gr - OrthoPara\" \/>\n<meta property=\"og:description\" content=\"Esth&#039;Elle Skin Light D\u00e9pigmentant Soin Anti-tache SkinLight Esth&#039;elle est un soin d\u00e9pigmentant intensif, c\u2019est un v\u00e9ritable traitement d&#039;attaque pour toutes les formes localis\u00e9es d&#039;hyperpigmentations avec un indice de protection Spf 15+ Une Solution Cibl\u00e9e pour les taches Pigmentaires ! Poids nets : 30gr DLC : 01\/2027 (12mois apr\u00e8s l&#039;ouverture)\" \/>\n<meta property=\"og:url\" content=\"https:\/\/orthopara.store\/index.php\/produit\/creme-anti-taches-invisible-spf-15-esthelle-skin-light-30gr\/\" \/>\n<meta property=\"og:site_name\" content=\"OrthoPara\" \/>\n<meta property=\"article:publisher\" content=\"https:\/\/www.facebook.com\/profile.php?id=61561194315651\" \/>\n<meta property=\"article:modified_time\" content=\"2024-11-10T15:09:12+00:00\" \/>\n<meta property=\"og:image\" content=\"https:\/\/orthopara.store\/wp-content\/uploads\/2024\/06\/creme-depigmentante-invisible-visage-et-corps-spf-40-esth-elle-claryteint-50gr.jpg\" \/>\n\t<meta property=\"og:image:width\" content=\"800\" \/>\n\t<meta property=\"og:image:height\" content=\"800\" \/>\n\t<meta property=\"og:image:type\" content=\"image\/jpeg\" \/>\n<meta name=\"twitter:card\" content=\"summary_large_image\" \/>\n<meta name=\"twitter:label1\" content=\"Dur\u00e9e de lecture estim\u00e9e\" \/>\n\t<meta name=\"twitter:data1\" content=\"2 minutes\" \/>\n<script type=\"application\/ld+json\" class=\"yoast-schema-graph\">{\"@context\":\"https:\/\/schema.org\",\"@graph\":[{\"@type\":\"WebPage\",\"@id\":\"https:\/\/orthopara.store\/index.php\/produit\/creme-anti-taches-invisible-spf-15-esthelle-skin-light-30gr\/\",\"url\":\"https:\/\/orthopara.store\/index.php\/produit\/creme-anti-taches-invisible-spf-15-esthelle-skin-light-30gr\/\",\"name\":\"Cr\u00e8me anti-taches invisible - spf 15+ - Esth'Elle Skin Light - 30gr - OrthoPara\",\"isPartOf\":{\"@id\":\"https:\/\/orthopara.store\/#website\"},\"primaryImageOfPage\":{\"@id\":\"https:\/\/orthopara.store\/index.php\/produit\/creme-anti-taches-invisible-spf-15-esthelle-skin-light-30gr\/#primaryimage\"},\"image\":{\"@id\":\"https:\/\/orthopara.store\/index.php\/produit\/creme-anti-taches-invisible-spf-15-esthelle-skin-light-30gr\/#primaryimage\"},\"thumbnailUrl\":\"https:\/\/orthopara.store\/wp-content\/uploads\/2024\/06\/creme-depigmentante-invisible-visage-et-corps-spf-40-esth-elle-claryteint-50gr.jpg\",\"datePublished\":\"2024-06-28T13:55:40+00:00\",\"dateModified\":\"2024-11-10T15:09:12+00:00\",\"breadcrumb\":{\"@id\":\"https:\/\/orthopara.store\/index.php\/produit\/creme-anti-taches-invisible-spf-15-esthelle-skin-light-30gr\/#breadcrumb\"},\"inLanguage\":\"fr-FR\",\"potentialAction\":[{\"@type\":\"ReadAction\",\"target\":[\"https:\/\/orthopara.store\/index.php\/produit\/creme-anti-taches-invisible-spf-15-esthelle-skin-light-30gr\/\"]}]},{\"@type\":\"ImageObject\",\"inLanguage\":\"fr-FR\",\"@id\":\"https:\/\/orthopara.store\/index.php\/produit\/creme-anti-taches-invisible-spf-15-esthelle-skin-light-30gr\/#primaryimage\",\"url\":\"https:\/\/orthopara.store\/wp-content\/uploads\/2024\/06\/creme-depigmentante-invisible-visage-et-corps-spf-40-esth-elle-claryteint-50gr.jpg\",\"contentUrl\":\"https:\/\/orthopara.store\/wp-content\/uploads\/2024\/06\/creme-depigmentante-invisible-visage-et-corps-spf-40-esth-elle-claryteint-50gr.jpg\",\"width\":800,\"height\":800},{\"@type\":\"BreadcrumbList\",\"@id\":\"https:\/\/orthopara.store\/index.php\/produit\/creme-anti-taches-invisible-spf-15-esthelle-skin-light-30gr\/#breadcrumb\",\"itemListElement\":[{\"@type\":\"ListItem\",\"position\":1,\"name\":\"Accueil\",\"item\":\"https:\/\/orthopara.store\/\"},{\"@type\":\"ListItem\",\"position\":2,\"name\":\"Shop\",\"item\":\"https:\/\/orthopara.store\/?page_id=622\"},{\"@type\":\"ListItem\",\"position\":3,\"name\":\"Cr\u00e8me anti-taches invisible &#8211; spf 15+ &#8211; Esth&rsquo;Elle Skin Light &#8211; 30gr\"}]},{\"@type\":\"WebSite\",\"@id\":\"https:\/\/orthopara.store\/#website\",\"url\":\"https:\/\/orthopara.store\/\",\"name\":\"OrthoPara\",\"description\":\"Parapharmacie\",\"publisher\":{\"@id\":\"https:\/\/orthopara.store\/#organization\"},\"potentialAction\":[{\"@type\":\"SearchAction\",\"target\":{\"@type\":\"EntryPoint\",\"urlTemplate\":\"https:\/\/orthopara.store\/?s={search_term_string}\"},\"query-input\":\"required name=search_term_string\"}],\"inLanguage\":\"fr-FR\"},{\"@type\":\"Organization\",\"@id\":\"https:\/\/orthopara.store\/#organization\",\"name\":\"OrthoPara\",\"url\":\"https:\/\/orthopara.store\/\",\"logo\":{\"@type\":\"ImageObject\",\"inLanguage\":\"fr-FR\",\"@id\":\"https:\/\/orthopara.store\/#\/schema\/logo\/image\/\",\"url\":\"https:\/\/orthopara.store\/wp-content\/uploads\/2024\/06\/cropped-9ABA8BAD-6256-4719-9315-15C66E64E882.png\",\"contentUrl\":\"https:\/\/orthopara.store\/wp-content\/uploads\/2024\/06\/cropped-9ABA8BAD-6256-4719-9315-15C66E64E882.png\",\"width\":240,\"height\":72,\"caption\":\"OrthoPara\"},\"image\":{\"@id\":\"https:\/\/orthopara.store\/#\/schema\/logo\/image\/\"},\"sameAs\":[\"https:\/\/www.facebook.com\/profile.php?id=61561194315651\",\"https:\/\/www.instagram.com\/orthopara_tunisie\/\"]}]}<\/script>\n<!-- \/ Yoast SEO plugin. -->","yoast_head_json":{"title":"Cr\u00e8me anti-taches invisible - spf 15+ - Esth'Elle Skin Light - 30gr - OrthoPara","robots":{"index":"index","follow":"follow","max-snippet":"max-snippet:-1","max-image-preview":"max-image-preview:large","max-video-preview":"max-video-preview:-1"},"canonical":"https:\/\/orthopara.store\/index.php\/produit\/creme-anti-taches-invisible-spf-15-esthelle-skin-light-30gr\/","og_locale":"fr_FR","og_type":"article","og_title":"Cr\u00e8me anti-taches invisible - spf 15+ - Esth'Elle Skin Light - 30gr - OrthoPara","og_description":"Esth'Elle Skin Light D\u00e9pigmentant Soin Anti-tache SkinLight Esth'elle est un soin d\u00e9pigmentant intensif, c\u2019est un v\u00e9ritable traitement d'attaque pour toutes les formes localis\u00e9es d'hyperpigmentations avec un indice de protection Spf 15+ Une Solution Cibl\u00e9e pour les taches Pigmentaires ! Poids nets : 30gr DLC : 01\/2027 (12mois apr\u00e8s l'ouverture)","og_url":"https:\/\/orthopara.store\/index.php\/produit\/creme-anti-taches-invisible-spf-15-esthelle-skin-light-30gr\/","og_site_name":"OrthoPara","article_publisher":"https:\/\/www.facebook.com\/profile.php?id=61561194315651","article_modified_time":"2024-11-10T15:09:12+00:00","og_image":[{"width":800,"height":800,"url":"https:\/\/orthopara.store\/wp-content\/uploads\/2024\/06\/creme-depigmentante-invisible-visage-et-corps-spf-40-esth-elle-claryteint-50gr.jpg","type":"image\/jpeg"}],"twitter_card":"summary_large_image","twitter_misc":{"Dur\u00e9e de lecture estim\u00e9e":"2 minutes"},"schema":{"@context":"https:\/\/schema.org","@graph":[{"@type":"WebPage","@id":"https:\/\/orthopara.store\/index.php\/produit\/creme-anti-taches-invisible-spf-15-esthelle-skin-light-30gr\/","url":"https:\/\/orthopara.store\/index.php\/produit\/creme-anti-taches-invisible-spf-15-esthelle-skin-light-30gr\/","name":"Cr\u00e8me anti-taches invisible - spf 15+ - Esth'Elle Skin Light - 30gr - OrthoPara","isPartOf":{"@id":"https:\/\/orthopara.store\/#website"},"primaryImageOfPage":{"@id":"https:\/\/orthopara.store\/index.php\/produit\/creme-anti-taches-invisible-spf-15-esthelle-skin-light-30gr\/#primaryimage"},"image":{"@id":"https:\/\/orthopara.store\/index.php\/produit\/creme-anti-taches-invisible-spf-15-esthelle-skin-light-30gr\/#primaryimage"},"thumbnailUrl":"https:\/\/orthopara.store\/wp-content\/uploads\/2024\/06\/creme-depigmentante-invisible-visage-et-corps-spf-40-esth-elle-claryteint-50gr.jpg","datePublished":"2024-06-28T13:55:40+00:00","dateModified":"2024-11-10T15:09:12+00:00","breadcrumb":{"@id":"https:\/\/orthopara.store\/index.php\/produit\/creme-anti-taches-invisible-spf-15-esthelle-skin-light-30gr\/#breadcrumb"},"inLanguage":"fr-FR","potentialAction":[{"@type":"ReadAction","target":["https:\/\/orthopara.store\/index.php\/produit\/creme-anti-taches-invisible-spf-15-esthelle-skin-light-30gr\/"]}]},{"@type":"ImageObject","inLanguage":"fr-FR","@id":"https:\/\/orthopara.store\/index.php\/produit\/creme-anti-taches-invisible-spf-15-esthelle-skin-light-30gr\/#primaryimage","url":"https:\/\/orthopara.store\/wp-content\/uploads\/2024\/06\/creme-depigmentante-invisible-visage-et-corps-spf-40-esth-elle-claryteint-50gr.jpg","contentUrl":"https:\/\/orthopara.store\/wp-content\/uploads\/2024\/06\/creme-depigmentante-invisible-visage-et-corps-spf-40-esth-elle-claryteint-50gr.jpg","width":800,"height":800},{"@type":"BreadcrumbList","@id":"https:\/\/orthopara.store\/index.php\/produit\/creme-anti-taches-invisible-spf-15-esthelle-skin-light-30gr\/#breadcrumb","itemListElement":[{"@type":"ListItem","position":1,"name":"Accueil","item":"https:\/\/orthopara.store\/"},{"@type":"ListItem","position":2,"name":"Shop","item":"https:\/\/orthopara.store\/?page_id=622"},{"@type":"ListItem","position":3,"name":"Cr\u00e8me anti-taches invisible &#8211; spf 15+ &#8211; Esth&rsquo;Elle Skin Light &#8211; 30gr"}]},{"@type":"WebSite","@id":"https:\/\/orthopara.store\/#website","url":"https:\/\/orthopara.store\/","name":"OrthoPara","description":"Parapharmacie","publisher":{"@id":"https:\/\/orthopara.store\/#organization"},"potentialAction":[{"@type":"SearchAction","target":{"@type":"EntryPoint","urlTemplate":"https:\/\/orthopara.store\/?s={search_term_string}"},"query-input":"required name=search_term_string"}],"inLanguage":"fr-FR"},{"@type":"Organization","@id":"https:\/\/orthopara.store\/#organization","name":"OrthoPara","url":"https:\/\/orthopara.store\/","logo":{"@type":"ImageObject","inLanguage":"fr-FR","@id":"https:\/\/orthopara.store\/#\/schema\/logo\/image\/","url":"https:\/\/orthopara.store\/wp-content\/uploads\/2024\/06\/cropped-9ABA8BAD-6256-4719-9315-15C66E64E882.png","contentUrl":"https:\/\/orthopara.store\/wp-content\/uploads\/2024\/06\/cropped-9ABA8BAD-6256-4719-9315-15C66E64E882.png","width":240,"height":72,"caption":"OrthoPara"},"image":{"@id":"https:\/\/orthopara.store\/#\/schema\/logo\/image\/"},"sameAs":["https:\/\/www.facebook.com\/profile.php?id=61561194315651","https:\/\/www.instagram.com\/orthopara_tunisie\/"]}]}},"jetpack_sharing_enabled":true,"brands":[{"id":126,"name":"ESTH'ELLE","slug":"esthelle"}],"_links":{"self":[{"href":"https:\/\/orthopara.store\/index.php?rest_route=\/wp\/v2\/product\/1867","targetHints":{"allow":["GET"]}}],"collection":[{"href":"https:\/\/orthopara.store\/index.php?rest_route=\/wp\/v2\/product"}],"about":[{"href":"https:\/\/orthopara.store\/index.php?rest_route=\/wp\/v2\/types\/product"}],"replies":[{"embeddable":true,"href":"https:\/\/orthopara.store\/index.php?rest_route=%2Fwp%2Fv2%2Fcomments&post=1867"}],"wp:featuredmedia":[{"embeddable":true,"href":"https:\/\/orthopara.store\/index.php?rest_route=\/wp\/v2\/media\/1886"}],"wp:attachment":[{"href":"https:\/\/orthopara.store\/index.php?rest_route=%2Fwp%2Fv2%2Fmedia&parent=1867"}],"wp:term":[{"taxonomy":"pwb-brand","embeddable":true,"href":"https:\/\/orthopara.store\/index.php?rest_route=%2Fwp%2Fv2%2Fpwb-brand&post=1867"},{"taxonomy":"product_cat","embeddable":true,"href":"https:\/\/orthopara.store\/index.php?rest_route=%2Fwp%2Fv2%2Fproduct_cat&post=1867"},{"taxonomy":"product_tag","embeddable":true,"href":"https:\/\/orthopara.store\/index.php?rest_route=%2Fwp%2Fv2%2Fproduct_tag&post=1867"}],"curies":[{"name":"wp","href":"https:\/\/api.w.org\/{rel}","templated":true}]}}