{"id":1888,"date":"2024-06-28T15:55:50","date_gmt":"2024-06-28T13:55:50","guid":{"rendered":"https:\/\/orthopara.store\/?post_type=product&#038;p=1888"},"modified":"2024-11-10T16:15:39","modified_gmt":"2024-11-10T15:15:39","slug":"creme-de-jour-uniformisante-protectrice-spf30-svr-clairial-day-30ml","status":"publish","type":"product","link":"https:\/\/orthopara.store\/?product=creme-de-jour-uniformisante-protectrice-spf30-svr-clairial-day-30ml","title":{"rendered":"Cr\u00e8me de jour uniformisante &#038; protectrice &#8211; spf30 &#8211; SVR Clairial Day &#8211; 30ml"},"content":{"rendered":"<p>Cr\u00e8me de jour uniformisante &#038; protectrice &#8211; spf30 &#8211; SVR Clairial Day &#8211; 30ml<br \/>\nSVR Clairial Day Correcteur Uniformisant Anti-Taches SPF30 est un soin anti-taches complet qui :<br \/>\n&#8211; corrige les taches existantes et pr\u00e9vient leur apparition gr\u00e2ce au complexe d\u00e9pigmentant anti-UVB SPF30, anti-UVA et anti-pollution<br \/>\n&#8211; unifie le teint gr\u00e2ce aux pigments min\u00e9raux et aux poudres soft focus.<br \/>\nAinsi, la peau est lumineuse et hydrat\u00e9e. Jour apr\u00e8s jour, les taches s&rsquo;estompent, le teint est plus homog\u00e8ne et \u00e9clatant.<br \/>\n\u00a0Utilisation :<br \/>\nAgiter avant emploi.Appliquer le matin sur le visage, le cou et le d\u00e9collet\u00e9<br \/>\nComposition :\u00a0<br \/>\nAqua\/Water\/Eau, Diethylamino Hydroxybenzoyl Benzoate, C12-15 Alkyl Benzoate, Diisopropyl Adipate, CI 77891 (Titanium Dioxide), Bis-Ethylhexyloxyphenol Methoxyphenyl Triazine, Caprylic\/Capric Triglyceride, Isopropyl Lauroyl Sarcosinate, Silica, Boron Nitride, Ceteareth-20 Glyceryl Stearate, PEG-100 Stearate, Dicaprylyl Carbonate, Acrylates\/C12-22 Alkyl Methacrylate Copolymer, Xanthan Gum, CI 77491 (Iron Oxides), Coco-Glucoside, Sodium Citrate, Stearalkonium Hectorite, Propylene Glycol Stearate, Sodium Hyaluronate, Undecylenoyl Phenylalanine, Bentonite, Butylene Glycol, Magnesium Stearate, Aluminum Hydroxide, Propylene Carbonate, Disodium Lauryl Sulfosuccinate, CI 77499 (Iron Oxides), Algin, Sclerotium Gum, Lecithin, Pullulan, Tin Oxide, Yeast Ferment Extract, Ethylhexyl Ferulate, Tocopherol, Plankton Extract, Diacetyl Boldine.<\/p>\n","protected":false},"excerpt":{"rendered":"<p>SVR Clairial Day\u00a0<br \/>\nSoin anti taches convient \u00e0 tous types de taches brunes.<br \/>\nHypoallerg\u00e9nique. Non com\u00e9dog\u00e8ne.<br \/>\nContenance 30ml<br \/>\nDLC 01\/2024<\/p>\n","protected":false},"featured_media":1903,"comment_status":"open","ping_status":"closed","template":"","meta":[],"pwb-brand":[43],"product_cat":[228],"product_tag":[],"class_list":{"0":"post-1888","1":"product","2":"type-product","3":"status-publish","4":"has-post-thumbnail","6":"pwb-brand-svr","7":"product_cat-protection-de-spf-20-a-49","8":"post","9":"ws-product--style-1","11":"first","12":"instock","13":"shipping-taxable","14":"purchasable","15":"product-type-simple"},"yoast_head":"<!-- This site is optimized with the Yoast SEO plugin v23.0 - https:\/\/yoast.com\/wordpress\/plugins\/seo\/ -->\n<title>Cr\u00e8me de jour uniformisante &amp; protectrice - spf30 - SVR Clairial Day - 30ml - OrthoPara<\/title>\n<meta name=\"robots\" content=\"index, follow, max-snippet:-1, max-image-preview:large, max-video-preview:-1\" \/>\n<link rel=\"canonical\" href=\"https:\/\/orthopara.store\/index.php\/produit\/creme-de-jour-uniformisante-protectrice-spf30-svr-clairial-day-30ml\/\" \/>\n<meta property=\"og:locale\" content=\"fr_FR\" \/>\n<meta property=\"og:type\" content=\"article\" \/>\n<meta property=\"og:title\" content=\"Cr\u00e8me de jour uniformisante &amp; protectrice - spf30 - SVR Clairial Day - 30ml - OrthoPara\" \/>\n<meta property=\"og:description\" content=\"SVR Clairial Day\u00a0 Soin anti taches convient \u00e0 tous types de taches brunes. Hypoallerg\u00e9nique. Non com\u00e9dog\u00e8ne. Contenance 30ml DLC 01\/2024\" \/>\n<meta property=\"og:url\" content=\"https:\/\/orthopara.store\/index.php\/produit\/creme-de-jour-uniformisante-protectrice-spf30-svr-clairial-day-30ml\/\" \/>\n<meta property=\"og:site_name\" content=\"OrthoPara\" \/>\n<meta property=\"article:publisher\" content=\"https:\/\/www.facebook.com\/profile.php?id=61561194315651\" \/>\n<meta property=\"article:modified_time\" content=\"2024-11-10T15:15:39+00:00\" \/>\n<meta property=\"og:image\" content=\"https:\/\/orthopara.store\/wp-content\/uploads\/2024\/06\/creme-de-jour-uniformisante-protectrice-spf30-svr-clairial-day-30ml.jpg\" \/>\n\t<meta property=\"og:image:width\" content=\"800\" \/>\n\t<meta property=\"og:image:height\" content=\"800\" \/>\n\t<meta property=\"og:image:type\" content=\"image\/jpeg\" \/>\n<meta name=\"twitter:card\" content=\"summary_large_image\" \/>\n<meta name=\"twitter:label1\" content=\"Dur\u00e9e de lecture estim\u00e9e\" \/>\n\t<meta name=\"twitter:data1\" content=\"1 minute\" \/>\n<script type=\"application\/ld+json\" class=\"yoast-schema-graph\">{\"@context\":\"https:\/\/schema.org\",\"@graph\":[{\"@type\":\"WebPage\",\"@id\":\"https:\/\/orthopara.store\/index.php\/produit\/creme-de-jour-uniformisante-protectrice-spf30-svr-clairial-day-30ml\/\",\"url\":\"https:\/\/orthopara.store\/index.php\/produit\/creme-de-jour-uniformisante-protectrice-spf30-svr-clairial-day-30ml\/\",\"name\":\"Cr\u00e8me de jour uniformisante & protectrice - spf30 - SVR Clairial Day - 30ml - OrthoPara\",\"isPartOf\":{\"@id\":\"https:\/\/orthopara.store\/#website\"},\"primaryImageOfPage\":{\"@id\":\"https:\/\/orthopara.store\/index.php\/produit\/creme-de-jour-uniformisante-protectrice-spf30-svr-clairial-day-30ml\/#primaryimage\"},\"image\":{\"@id\":\"https:\/\/orthopara.store\/index.php\/produit\/creme-de-jour-uniformisante-protectrice-spf30-svr-clairial-day-30ml\/#primaryimage\"},\"thumbnailUrl\":\"https:\/\/orthopara.store\/wp-content\/uploads\/2024\/06\/creme-de-jour-uniformisante-protectrice-spf30-svr-clairial-day-30ml.jpg\",\"datePublished\":\"2024-06-28T13:55:50+00:00\",\"dateModified\":\"2024-11-10T15:15:39+00:00\",\"breadcrumb\":{\"@id\":\"https:\/\/orthopara.store\/index.php\/produit\/creme-de-jour-uniformisante-protectrice-spf30-svr-clairial-day-30ml\/#breadcrumb\"},\"inLanguage\":\"fr-FR\",\"potentialAction\":[{\"@type\":\"ReadAction\",\"target\":[\"https:\/\/orthopara.store\/index.php\/produit\/creme-de-jour-uniformisante-protectrice-spf30-svr-clairial-day-30ml\/\"]}]},{\"@type\":\"ImageObject\",\"inLanguage\":\"fr-FR\",\"@id\":\"https:\/\/orthopara.store\/index.php\/produit\/creme-de-jour-uniformisante-protectrice-spf30-svr-clairial-day-30ml\/#primaryimage\",\"url\":\"https:\/\/orthopara.store\/wp-content\/uploads\/2024\/06\/creme-de-jour-uniformisante-protectrice-spf30-svr-clairial-day-30ml.jpg\",\"contentUrl\":\"https:\/\/orthopara.store\/wp-content\/uploads\/2024\/06\/creme-de-jour-uniformisante-protectrice-spf30-svr-clairial-day-30ml.jpg\",\"width\":800,\"height\":800},{\"@type\":\"BreadcrumbList\",\"@id\":\"https:\/\/orthopara.store\/index.php\/produit\/creme-de-jour-uniformisante-protectrice-spf30-svr-clairial-day-30ml\/#breadcrumb\",\"itemListElement\":[{\"@type\":\"ListItem\",\"position\":1,\"name\":\"Accueil\",\"item\":\"https:\/\/orthopara.store\/\"},{\"@type\":\"ListItem\",\"position\":2,\"name\":\"Shop\",\"item\":\"https:\/\/orthopara.store\/?page_id=622\"},{\"@type\":\"ListItem\",\"position\":3,\"name\":\"Cr\u00e8me de jour uniformisante &#038; protectrice &#8211; spf30 &#8211; SVR Clairial Day &#8211; 30ml\"}]},{\"@type\":\"WebSite\",\"@id\":\"https:\/\/orthopara.store\/#website\",\"url\":\"https:\/\/orthopara.store\/\",\"name\":\"OrthoPara\",\"description\":\"Parapharmacie\",\"publisher\":{\"@id\":\"https:\/\/orthopara.store\/#organization\"},\"potentialAction\":[{\"@type\":\"SearchAction\",\"target\":{\"@type\":\"EntryPoint\",\"urlTemplate\":\"https:\/\/orthopara.store\/?s={search_term_string}\"},\"query-input\":\"required name=search_term_string\"}],\"inLanguage\":\"fr-FR\"},{\"@type\":\"Organization\",\"@id\":\"https:\/\/orthopara.store\/#organization\",\"name\":\"OrthoPara\",\"url\":\"https:\/\/orthopara.store\/\",\"logo\":{\"@type\":\"ImageObject\",\"inLanguage\":\"fr-FR\",\"@id\":\"https:\/\/orthopara.store\/#\/schema\/logo\/image\/\",\"url\":\"https:\/\/orthopara.store\/wp-content\/uploads\/2024\/06\/cropped-9ABA8BAD-6256-4719-9315-15C66E64E882.png\",\"contentUrl\":\"https:\/\/orthopara.store\/wp-content\/uploads\/2024\/06\/cropped-9ABA8BAD-6256-4719-9315-15C66E64E882.png\",\"width\":240,\"height\":72,\"caption\":\"OrthoPara\"},\"image\":{\"@id\":\"https:\/\/orthopara.store\/#\/schema\/logo\/image\/\"},\"sameAs\":[\"https:\/\/www.facebook.com\/profile.php?id=61561194315651\",\"https:\/\/www.instagram.com\/orthopara_tunisie\/\"]}]}<\/script>\n<!-- \/ Yoast SEO plugin. -->","yoast_head_json":{"title":"Cr\u00e8me de jour uniformisante & protectrice - spf30 - SVR Clairial Day - 30ml - OrthoPara","robots":{"index":"index","follow":"follow","max-snippet":"max-snippet:-1","max-image-preview":"max-image-preview:large","max-video-preview":"max-video-preview:-1"},"canonical":"https:\/\/orthopara.store\/index.php\/produit\/creme-de-jour-uniformisante-protectrice-spf30-svr-clairial-day-30ml\/","og_locale":"fr_FR","og_type":"article","og_title":"Cr\u00e8me de jour uniformisante & protectrice - spf30 - SVR Clairial Day - 30ml - OrthoPara","og_description":"SVR Clairial Day\u00a0 Soin anti taches convient \u00e0 tous types de taches brunes. Hypoallerg\u00e9nique. Non com\u00e9dog\u00e8ne. Contenance 30ml DLC 01\/2024","og_url":"https:\/\/orthopara.store\/index.php\/produit\/creme-de-jour-uniformisante-protectrice-spf30-svr-clairial-day-30ml\/","og_site_name":"OrthoPara","article_publisher":"https:\/\/www.facebook.com\/profile.php?id=61561194315651","article_modified_time":"2024-11-10T15:15:39+00:00","og_image":[{"width":800,"height":800,"url":"https:\/\/orthopara.store\/wp-content\/uploads\/2024\/06\/creme-de-jour-uniformisante-protectrice-spf30-svr-clairial-day-30ml.jpg","type":"image\/jpeg"}],"twitter_card":"summary_large_image","twitter_misc":{"Dur\u00e9e de lecture estim\u00e9e":"1 minute"},"schema":{"@context":"https:\/\/schema.org","@graph":[{"@type":"WebPage","@id":"https:\/\/orthopara.store\/index.php\/produit\/creme-de-jour-uniformisante-protectrice-spf30-svr-clairial-day-30ml\/","url":"https:\/\/orthopara.store\/index.php\/produit\/creme-de-jour-uniformisante-protectrice-spf30-svr-clairial-day-30ml\/","name":"Cr\u00e8me de jour uniformisante & protectrice - spf30 - SVR Clairial Day - 30ml - OrthoPara","isPartOf":{"@id":"https:\/\/orthopara.store\/#website"},"primaryImageOfPage":{"@id":"https:\/\/orthopara.store\/index.php\/produit\/creme-de-jour-uniformisante-protectrice-spf30-svr-clairial-day-30ml\/#primaryimage"},"image":{"@id":"https:\/\/orthopara.store\/index.php\/produit\/creme-de-jour-uniformisante-protectrice-spf30-svr-clairial-day-30ml\/#primaryimage"},"thumbnailUrl":"https:\/\/orthopara.store\/wp-content\/uploads\/2024\/06\/creme-de-jour-uniformisante-protectrice-spf30-svr-clairial-day-30ml.jpg","datePublished":"2024-06-28T13:55:50+00:00","dateModified":"2024-11-10T15:15:39+00:00","breadcrumb":{"@id":"https:\/\/orthopara.store\/index.php\/produit\/creme-de-jour-uniformisante-protectrice-spf30-svr-clairial-day-30ml\/#breadcrumb"},"inLanguage":"fr-FR","potentialAction":[{"@type":"ReadAction","target":["https:\/\/orthopara.store\/index.php\/produit\/creme-de-jour-uniformisante-protectrice-spf30-svr-clairial-day-30ml\/"]}]},{"@type":"ImageObject","inLanguage":"fr-FR","@id":"https:\/\/orthopara.store\/index.php\/produit\/creme-de-jour-uniformisante-protectrice-spf30-svr-clairial-day-30ml\/#primaryimage","url":"https:\/\/orthopara.store\/wp-content\/uploads\/2024\/06\/creme-de-jour-uniformisante-protectrice-spf30-svr-clairial-day-30ml.jpg","contentUrl":"https:\/\/orthopara.store\/wp-content\/uploads\/2024\/06\/creme-de-jour-uniformisante-protectrice-spf30-svr-clairial-day-30ml.jpg","width":800,"height":800},{"@type":"BreadcrumbList","@id":"https:\/\/orthopara.store\/index.php\/produit\/creme-de-jour-uniformisante-protectrice-spf30-svr-clairial-day-30ml\/#breadcrumb","itemListElement":[{"@type":"ListItem","position":1,"name":"Accueil","item":"https:\/\/orthopara.store\/"},{"@type":"ListItem","position":2,"name":"Shop","item":"https:\/\/orthopara.store\/?page_id=622"},{"@type":"ListItem","position":3,"name":"Cr\u00e8me de jour uniformisante &#038; protectrice &#8211; spf30 &#8211; SVR Clairial Day &#8211; 30ml"}]},{"@type":"WebSite","@id":"https:\/\/orthopara.store\/#website","url":"https:\/\/orthopara.store\/","name":"OrthoPara","description":"Parapharmacie","publisher":{"@id":"https:\/\/orthopara.store\/#organization"},"potentialAction":[{"@type":"SearchAction","target":{"@type":"EntryPoint","urlTemplate":"https:\/\/orthopara.store\/?s={search_term_string}"},"query-input":"required name=search_term_string"}],"inLanguage":"fr-FR"},{"@type":"Organization","@id":"https:\/\/orthopara.store\/#organization","name":"OrthoPara","url":"https:\/\/orthopara.store\/","logo":{"@type":"ImageObject","inLanguage":"fr-FR","@id":"https:\/\/orthopara.store\/#\/schema\/logo\/image\/","url":"https:\/\/orthopara.store\/wp-content\/uploads\/2024\/06\/cropped-9ABA8BAD-6256-4719-9315-15C66E64E882.png","contentUrl":"https:\/\/orthopara.store\/wp-content\/uploads\/2024\/06\/cropped-9ABA8BAD-6256-4719-9315-15C66E64E882.png","width":240,"height":72,"caption":"OrthoPara"},"image":{"@id":"https:\/\/orthopara.store\/#\/schema\/logo\/image\/"},"sameAs":["https:\/\/www.facebook.com\/profile.php?id=61561194315651","https:\/\/www.instagram.com\/orthopara_tunisie\/"]}]}},"jetpack_sharing_enabled":true,"brands":[{"id":43,"name":"SVR","slug":"svr"}],"_links":{"self":[{"href":"https:\/\/orthopara.store\/index.php?rest_route=\/wp\/v2\/product\/1888","targetHints":{"allow":["GET"]}}],"collection":[{"href":"https:\/\/orthopara.store\/index.php?rest_route=\/wp\/v2\/product"}],"about":[{"href":"https:\/\/orthopara.store\/index.php?rest_route=\/wp\/v2\/types\/product"}],"replies":[{"embeddable":true,"href":"https:\/\/orthopara.store\/index.php?rest_route=%2Fwp%2Fv2%2Fcomments&post=1888"}],"wp:featuredmedia":[{"embeddable":true,"href":"https:\/\/orthopara.store\/index.php?rest_route=\/wp\/v2\/media\/1903"}],"wp:attachment":[{"href":"https:\/\/orthopara.store\/index.php?rest_route=%2Fwp%2Fv2%2Fmedia&parent=1888"}],"wp:term":[{"taxonomy":"pwb-brand","embeddable":true,"href":"https:\/\/orthopara.store\/index.php?rest_route=%2Fwp%2Fv2%2Fpwb-brand&post=1888"},{"taxonomy":"product_cat","embeddable":true,"href":"https:\/\/orthopara.store\/index.php?rest_route=%2Fwp%2Fv2%2Fproduct_cat&post=1888"},{"taxonomy":"product_tag","embeddable":true,"href":"https:\/\/orthopara.store\/index.php?rest_route=%2Fwp%2Fv2%2Fproduct_tag&post=1888"}],"curies":[{"name":"wp","href":"https:\/\/api.w.org\/{rel}","templated":true}]}}