{"id":1890,"date":"2024-06-28T15:55:51","date_gmt":"2024-06-28T13:55:51","guid":{"rendered":"https:\/\/orthopara.store\/?post_type=product&#038;p=1890"},"modified":"2024-06-28T15:55:54","modified_gmt":"2024-06-28T13:55:54","slug":"ultrasun-glimmer-ecran-solaire-spf30-150ml","status":"publish","type":"product","link":"https:\/\/orthopara.store\/?product=ultrasun-glimmer-ecran-solaire-spf30-150ml","title":{"rendered":"Ultrasun Glimmer &#8211; Ecran solaire &#8211; spf30 &#8211; 150ml"},"content":{"rendered":"<p>La formule sensible Ultrasun Glimmer SPF 30 contient de minuscules \u00ablueurs\u00bb dor\u00e9es qui non seulement donnent \u00e0 la peau un \u00e9clat naturel magnifique mais refl\u00e8tent \u00e9galement les rayons nocifs du soleil.<br \/>\nLe complexe de liposomes brevet\u00e9 fournit de l&rsquo;humidit\u00e9 profond\u00e9ment dans la peau et, comme les autres produits Ultrasun, est non gras et facile \u00e0 appliquer. Plus pour vous assurer de tirer le meilleur parti de votre \u00e9cran solaire, un distributeur de pompe sans air a \u00e9t\u00e9 install\u00e9 pour emp\u00eacher la d\u00e9t\u00e9rioration et la contamination du produit.<br \/>\nConseils d\u2019utilisation :<br \/>\nAppliquer sur une peau propre et s\u00e8che, id\u00e9alement \u00e0 l&rsquo;int\u00e9rieur, 15 minutes avant l&rsquo;exposition au soleil.<br \/>\nComposition:<br \/>\nAqua, Isostearyl Isostearate, Methylene Bis-Benzotriazolyl Tetramethylbutylphenol (Nano), Pentylene Glycol, Ethylhexyl Triazone, Titanium Dioxide (Nano), Bis-Ethylhexyloxyphenol Methoxyphenyl Triazine, Diethylamino Hydroxybenzoyl Hexyl Benzoate, Ethylhexyl Salicylate, Glycerin, C12-15 Alkyl Benzoate, Caprylic\/Capric Triglyceride, Squalane, Mica, Polyacrylate Crosspolymer-6, Cocoglycerides, Hydrogenated Phosphatidylcholine, Silica, Titanium Dioxide, Vitis Vinifera Seed Extract, Cetyl Phosphate, Alcohol, T-Butyl Alcohol, Lecithin, Tocopheryl Acetate, Ascorbyl Tetraisopalmitate, Tocopherol, Diisopropyl Adipate, Ubiquinone.<br \/>\nContenance :<br \/>\nTube de 150ml\u00a0<\/p>\n","protected":false},"excerpt":{"rendered":"<p>Pour une protection douce et hydratante et durable du soleil apr\u00e8s une seule application, ne cherchez pas plus loin que la formule sensible Ultrasun Glimmer SPF30 r\u00e9sistante \u00e0 l&rsquo;eau.<\/p>\n","protected":false},"featured_media":1905,"comment_status":"open","ping_status":"closed","template":"","meta":[],"pwb-brand":[111],"product_cat":[228],"product_tag":[],"class_list":{"0":"post-1890","1":"product","2":"type-product","3":"status-publish","4":"has-post-thumbnail","6":"pwb-brand-ultrasun","7":"product_cat-protection-de-spf-20-a-49","8":"post","9":"ws-product--style-1","11":"first","12":"instock","13":"shipping-taxable","14":"purchasable","15":"product-type-simple"},"yoast_head":"<!-- This site is optimized with the Yoast SEO plugin v23.0 - https:\/\/yoast.com\/wordpress\/plugins\/seo\/ -->\n<title>Ultrasun Glimmer - Ecran solaire - spf30 - 150ml - OrthoPara<\/title>\n<meta name=\"robots\" content=\"index, follow, max-snippet:-1, max-image-preview:large, max-video-preview:-1\" \/>\n<link rel=\"canonical\" href=\"https:\/\/orthopara.store\/index.php\/produit\/ultrasun-glimmer-ecran-solaire-spf30-150ml\/\" \/>\n<meta property=\"og:locale\" content=\"fr_FR\" \/>\n<meta property=\"og:type\" content=\"article\" \/>\n<meta property=\"og:title\" content=\"Ultrasun Glimmer - Ecran solaire - spf30 - 150ml - OrthoPara\" \/>\n<meta property=\"og:description\" content=\"Pour une protection douce et hydratante et durable du soleil apr\u00e8s une seule application, ne cherchez pas plus loin que la formule sensible Ultrasun Glimmer SPF30 r\u00e9sistante \u00e0 l&#039;eau.\" \/>\n<meta property=\"og:url\" content=\"https:\/\/orthopara.store\/index.php\/produit\/ultrasun-glimmer-ecran-solaire-spf30-150ml\/\" \/>\n<meta property=\"og:site_name\" content=\"OrthoPara\" \/>\n<meta property=\"article:publisher\" content=\"https:\/\/www.facebook.com\/profile.php?id=61561194315651\" \/>\n<meta property=\"article:modified_time\" content=\"2024-06-28T13:55:54+00:00\" \/>\n<meta property=\"og:image\" content=\"https:\/\/orthopara.store\/wp-content\/uploads\/2024\/06\/ecran-solaire-spf30-ulltrasun-glimmer-150ml.jpg\" \/>\n\t<meta property=\"og:image:width\" content=\"800\" \/>\n\t<meta property=\"og:image:height\" content=\"800\" \/>\n\t<meta property=\"og:image:type\" content=\"image\/jpeg\" \/>\n<meta name=\"twitter:card\" content=\"summary_large_image\" \/>\n<meta name=\"twitter:label1\" content=\"Dur\u00e9e de lecture estim\u00e9e\" \/>\n\t<meta name=\"twitter:data1\" content=\"1 minute\" \/>\n<script type=\"application\/ld+json\" class=\"yoast-schema-graph\">{\"@context\":\"https:\/\/schema.org\",\"@graph\":[{\"@type\":\"WebPage\",\"@id\":\"https:\/\/orthopara.store\/index.php\/produit\/ultrasun-glimmer-ecran-solaire-spf30-150ml\/\",\"url\":\"https:\/\/orthopara.store\/index.php\/produit\/ultrasun-glimmer-ecran-solaire-spf30-150ml\/\",\"name\":\"Ultrasun Glimmer - Ecran solaire - spf30 - 150ml - OrthoPara\",\"isPartOf\":{\"@id\":\"https:\/\/orthopara.store\/#website\"},\"primaryImageOfPage\":{\"@id\":\"https:\/\/orthopara.store\/index.php\/produit\/ultrasun-glimmer-ecran-solaire-spf30-150ml\/#primaryimage\"},\"image\":{\"@id\":\"https:\/\/orthopara.store\/index.php\/produit\/ultrasun-glimmer-ecran-solaire-spf30-150ml\/#primaryimage\"},\"thumbnailUrl\":\"https:\/\/orthopara.store\/wp-content\/uploads\/2024\/06\/ecran-solaire-spf30-ulltrasun-glimmer-150ml.jpg\",\"datePublished\":\"2024-06-28T13:55:51+00:00\",\"dateModified\":\"2024-06-28T13:55:54+00:00\",\"breadcrumb\":{\"@id\":\"https:\/\/orthopara.store\/index.php\/produit\/ultrasun-glimmer-ecran-solaire-spf30-150ml\/#breadcrumb\"},\"inLanguage\":\"fr-FR\",\"potentialAction\":[{\"@type\":\"ReadAction\",\"target\":[\"https:\/\/orthopara.store\/index.php\/produit\/ultrasun-glimmer-ecran-solaire-spf30-150ml\/\"]}]},{\"@type\":\"ImageObject\",\"inLanguage\":\"fr-FR\",\"@id\":\"https:\/\/orthopara.store\/index.php\/produit\/ultrasun-glimmer-ecran-solaire-spf30-150ml\/#primaryimage\",\"url\":\"https:\/\/orthopara.store\/wp-content\/uploads\/2024\/06\/ecran-solaire-spf30-ulltrasun-glimmer-150ml.jpg\",\"contentUrl\":\"https:\/\/orthopara.store\/wp-content\/uploads\/2024\/06\/ecran-solaire-spf30-ulltrasun-glimmer-150ml.jpg\",\"width\":800,\"height\":800},{\"@type\":\"BreadcrumbList\",\"@id\":\"https:\/\/orthopara.store\/index.php\/produit\/ultrasun-glimmer-ecran-solaire-spf30-150ml\/#breadcrumb\",\"itemListElement\":[{\"@type\":\"ListItem\",\"position\":1,\"name\":\"Accueil\",\"item\":\"https:\/\/orthopara.store\/\"},{\"@type\":\"ListItem\",\"position\":2,\"name\":\"Shop\",\"item\":\"https:\/\/orthopara.store\/?page_id=622\"},{\"@type\":\"ListItem\",\"position\":3,\"name\":\"Ultrasun Glimmer &#8211; Ecran solaire &#8211; spf30 &#8211; 150ml\"}]},{\"@type\":\"WebSite\",\"@id\":\"https:\/\/orthopara.store\/#website\",\"url\":\"https:\/\/orthopara.store\/\",\"name\":\"OrthoPara\",\"description\":\"Parapharmacie\",\"publisher\":{\"@id\":\"https:\/\/orthopara.store\/#organization\"},\"potentialAction\":[{\"@type\":\"SearchAction\",\"target\":{\"@type\":\"EntryPoint\",\"urlTemplate\":\"https:\/\/orthopara.store\/?s={search_term_string}\"},\"query-input\":\"required name=search_term_string\"}],\"inLanguage\":\"fr-FR\"},{\"@type\":\"Organization\",\"@id\":\"https:\/\/orthopara.store\/#organization\",\"name\":\"OrthoPara\",\"url\":\"https:\/\/orthopara.store\/\",\"logo\":{\"@type\":\"ImageObject\",\"inLanguage\":\"fr-FR\",\"@id\":\"https:\/\/orthopara.store\/#\/schema\/logo\/image\/\",\"url\":\"https:\/\/orthopara.store\/wp-content\/uploads\/2024\/06\/cropped-9ABA8BAD-6256-4719-9315-15C66E64E882.png\",\"contentUrl\":\"https:\/\/orthopara.store\/wp-content\/uploads\/2024\/06\/cropped-9ABA8BAD-6256-4719-9315-15C66E64E882.png\",\"width\":240,\"height\":72,\"caption\":\"OrthoPara\"},\"image\":{\"@id\":\"https:\/\/orthopara.store\/#\/schema\/logo\/image\/\"},\"sameAs\":[\"https:\/\/www.facebook.com\/profile.php?id=61561194315651\",\"https:\/\/www.instagram.com\/orthopara_tunisie\/\"]}]}<\/script>\n<!-- \/ Yoast SEO plugin. -->","yoast_head_json":{"title":"Ultrasun Glimmer - Ecran solaire - spf30 - 150ml - OrthoPara","robots":{"index":"index","follow":"follow","max-snippet":"max-snippet:-1","max-image-preview":"max-image-preview:large","max-video-preview":"max-video-preview:-1"},"canonical":"https:\/\/orthopara.store\/index.php\/produit\/ultrasun-glimmer-ecran-solaire-spf30-150ml\/","og_locale":"fr_FR","og_type":"article","og_title":"Ultrasun Glimmer - Ecran solaire - spf30 - 150ml - OrthoPara","og_description":"Pour une protection douce et hydratante et durable du soleil apr\u00e8s une seule application, ne cherchez pas plus loin que la formule sensible Ultrasun Glimmer SPF30 r\u00e9sistante \u00e0 l'eau.","og_url":"https:\/\/orthopara.store\/index.php\/produit\/ultrasun-glimmer-ecran-solaire-spf30-150ml\/","og_site_name":"OrthoPara","article_publisher":"https:\/\/www.facebook.com\/profile.php?id=61561194315651","article_modified_time":"2024-06-28T13:55:54+00:00","og_image":[{"width":800,"height":800,"url":"https:\/\/orthopara.store\/wp-content\/uploads\/2024\/06\/ecran-solaire-spf30-ulltrasun-glimmer-150ml.jpg","type":"image\/jpeg"}],"twitter_card":"summary_large_image","twitter_misc":{"Dur\u00e9e de lecture estim\u00e9e":"1 minute"},"schema":{"@context":"https:\/\/schema.org","@graph":[{"@type":"WebPage","@id":"https:\/\/orthopara.store\/index.php\/produit\/ultrasun-glimmer-ecran-solaire-spf30-150ml\/","url":"https:\/\/orthopara.store\/index.php\/produit\/ultrasun-glimmer-ecran-solaire-spf30-150ml\/","name":"Ultrasun Glimmer - Ecran solaire - spf30 - 150ml - OrthoPara","isPartOf":{"@id":"https:\/\/orthopara.store\/#website"},"primaryImageOfPage":{"@id":"https:\/\/orthopara.store\/index.php\/produit\/ultrasun-glimmer-ecran-solaire-spf30-150ml\/#primaryimage"},"image":{"@id":"https:\/\/orthopara.store\/index.php\/produit\/ultrasun-glimmer-ecran-solaire-spf30-150ml\/#primaryimage"},"thumbnailUrl":"https:\/\/orthopara.store\/wp-content\/uploads\/2024\/06\/ecran-solaire-spf30-ulltrasun-glimmer-150ml.jpg","datePublished":"2024-06-28T13:55:51+00:00","dateModified":"2024-06-28T13:55:54+00:00","breadcrumb":{"@id":"https:\/\/orthopara.store\/index.php\/produit\/ultrasun-glimmer-ecran-solaire-spf30-150ml\/#breadcrumb"},"inLanguage":"fr-FR","potentialAction":[{"@type":"ReadAction","target":["https:\/\/orthopara.store\/index.php\/produit\/ultrasun-glimmer-ecran-solaire-spf30-150ml\/"]}]},{"@type":"ImageObject","inLanguage":"fr-FR","@id":"https:\/\/orthopara.store\/index.php\/produit\/ultrasun-glimmer-ecran-solaire-spf30-150ml\/#primaryimage","url":"https:\/\/orthopara.store\/wp-content\/uploads\/2024\/06\/ecran-solaire-spf30-ulltrasun-glimmer-150ml.jpg","contentUrl":"https:\/\/orthopara.store\/wp-content\/uploads\/2024\/06\/ecran-solaire-spf30-ulltrasun-glimmer-150ml.jpg","width":800,"height":800},{"@type":"BreadcrumbList","@id":"https:\/\/orthopara.store\/index.php\/produit\/ultrasun-glimmer-ecran-solaire-spf30-150ml\/#breadcrumb","itemListElement":[{"@type":"ListItem","position":1,"name":"Accueil","item":"https:\/\/orthopara.store\/"},{"@type":"ListItem","position":2,"name":"Shop","item":"https:\/\/orthopara.store\/?page_id=622"},{"@type":"ListItem","position":3,"name":"Ultrasun Glimmer &#8211; Ecran solaire &#8211; spf30 &#8211; 150ml"}]},{"@type":"WebSite","@id":"https:\/\/orthopara.store\/#website","url":"https:\/\/orthopara.store\/","name":"OrthoPara","description":"Parapharmacie","publisher":{"@id":"https:\/\/orthopara.store\/#organization"},"potentialAction":[{"@type":"SearchAction","target":{"@type":"EntryPoint","urlTemplate":"https:\/\/orthopara.store\/?s={search_term_string}"},"query-input":"required name=search_term_string"}],"inLanguage":"fr-FR"},{"@type":"Organization","@id":"https:\/\/orthopara.store\/#organization","name":"OrthoPara","url":"https:\/\/orthopara.store\/","logo":{"@type":"ImageObject","inLanguage":"fr-FR","@id":"https:\/\/orthopara.store\/#\/schema\/logo\/image\/","url":"https:\/\/orthopara.store\/wp-content\/uploads\/2024\/06\/cropped-9ABA8BAD-6256-4719-9315-15C66E64E882.png","contentUrl":"https:\/\/orthopara.store\/wp-content\/uploads\/2024\/06\/cropped-9ABA8BAD-6256-4719-9315-15C66E64E882.png","width":240,"height":72,"caption":"OrthoPara"},"image":{"@id":"https:\/\/orthopara.store\/#\/schema\/logo\/image\/"},"sameAs":["https:\/\/www.facebook.com\/profile.php?id=61561194315651","https:\/\/www.instagram.com\/orthopara_tunisie\/"]}]}},"jetpack_sharing_enabled":true,"brands":[{"id":111,"name":"ULTRASUN","slug":"ultrasun"}],"_links":{"self":[{"href":"https:\/\/orthopara.store\/index.php?rest_route=\/wp\/v2\/product\/1890","targetHints":{"allow":["GET"]}}],"collection":[{"href":"https:\/\/orthopara.store\/index.php?rest_route=\/wp\/v2\/product"}],"about":[{"href":"https:\/\/orthopara.store\/index.php?rest_route=\/wp\/v2\/types\/product"}],"replies":[{"embeddable":true,"href":"https:\/\/orthopara.store\/index.php?rest_route=%2Fwp%2Fv2%2Fcomments&post=1890"}],"wp:featuredmedia":[{"embeddable":true,"href":"https:\/\/orthopara.store\/index.php?rest_route=\/wp\/v2\/media\/1905"}],"wp:attachment":[{"href":"https:\/\/orthopara.store\/index.php?rest_route=%2Fwp%2Fv2%2Fmedia&parent=1890"}],"wp:term":[{"taxonomy":"pwb-brand","embeddable":true,"href":"https:\/\/orthopara.store\/index.php?rest_route=%2Fwp%2Fv2%2Fpwb-brand&post=1890"},{"taxonomy":"product_cat","embeddable":true,"href":"https:\/\/orthopara.store\/index.php?rest_route=%2Fwp%2Fv2%2Fproduct_cat&post=1890"},{"taxonomy":"product_tag","embeddable":true,"href":"https:\/\/orthopara.store\/index.php?rest_route=%2Fwp%2Fv2%2Fproduct_tag&post=1890"}],"curies":[{"name":"wp","href":"https:\/\/api.w.org\/{rel}","templated":true}]}}