{"id":1891,"date":"2024-06-28T15:55:51","date_gmt":"2024-06-28T13:55:51","guid":{"rendered":"https:\/\/orthopara.store\/?post_type=product&#038;p=1891"},"modified":"2024-11-10T16:20:51","modified_gmt":"2024-11-10T15:20:51","slug":"creme-hydratante-visage-bebe-spf-30-babe-pediatric-50ml","status":"publish","type":"product","link":"https:\/\/orthopara.store\/?product=creme-hydratante-visage-bebe-spf-30-babe-pediatric-50ml","title":{"rendered":"Cr\u00e8me hydratante visage b\u00e9b\u00e9 Spf 30 &#8211; Bab\u00e9 Pediatric &#8211; 50ml"},"content":{"rendered":"<p>Cr\u00e8me hydratante visage b\u00e9b\u00e9 Spf 30 &#8211; Bab\u00e9 Pediatric &#8211; 50ml\u00a0<br \/>\nOnctueuse, douce, nourrissante&#8230;notre formule est adapt\u00e9e \u00e0 la peau d\u00e9licate des b\u00e9b\u00e9s et des enfants. Sa texture cr\u00e8me agr\u00e9able lui conf\u00e8re un plus grand pouvoir hydratant et facilite son application. Un hydratant pour le visage qui prot\u00e8ge \u00e9galement la peau contre les agressions ext\u00e9rieures telles que le froid, le soleil et le vent.<br \/>\nConseils d&rsquo;utilisation :<br \/>\nAppliquer doucement sur le visage et sur cou jusqu&rsquo;\u00e0 absorption compl\u00e8te. Renouveler fr\u00e9quemment. Eviter le contact avec les yeux<\/p>\n<p>Tous les produits BAB\u00c9 sont uniques et apportent une solution \u00e0 chaque besoin, m\u00eame pour le soin des peaux de b\u00e9b\u00e9 les plus exigeantes :<br \/>\nIls sont hypoallerg\u00e9niques et sans :<br \/>\nalcool, kathon CG, colorants, huiles de paraffine, parab\u00e8nes &#038; phtalates.<br \/>\nTest\u00e9s et approuv\u00e9s par des dermatologues et des p\u00e9diatres.<\/p>\n","protected":false},"excerpt":{"rendered":"<p>Bab\u00e9 Pediatric<br \/>\nBab\u00e9 la cr\u00e8me hydratante\u00a0pour usage quotidien sur la peau d\u00e9licate\u00a0des b\u00e9b\u00e9s\u00a0et\u00a0des enfants. Haute degr\u00e9 de protection solaire UVA-UVB. Action calmante, peau douce et sensation de confort.<br \/>\ncontenance : 50 ml<br \/>\n\u00a0<\/p>\n","protected":false},"featured_media":1906,"comment_status":"open","ping_status":"closed","template":"","meta":[],"pwb-brand":[196],"product_cat":[228],"product_tag":[],"class_list":{"0":"post-1891","1":"product","2":"type-product","3":"status-publish","4":"has-post-thumbnail","6":"pwb-brand-babe","7":"product_cat-protection-de-spf-20-a-49","8":"post","9":"ws-product--style-1","11":"first","12":"instock","13":"shipping-taxable","14":"purchasable","15":"product-type-simple"},"yoast_head":"<!-- This site is optimized with the Yoast SEO plugin v23.0 - https:\/\/yoast.com\/wordpress\/plugins\/seo\/ -->\n<title>Cr\u00e8me hydratante visage b\u00e9b\u00e9 Spf 30 - Bab\u00e9 Pediatric - 50ml - OrthoPara<\/title>\n<meta name=\"robots\" content=\"index, follow, max-snippet:-1, max-image-preview:large, max-video-preview:-1\" \/>\n<link rel=\"canonical\" href=\"https:\/\/orthopara.store\/index.php\/produit\/creme-hydratante-visage-bebe-spf-30-babe-pediatric-50ml\/\" \/>\n<meta property=\"og:locale\" content=\"fr_FR\" \/>\n<meta property=\"og:type\" content=\"article\" \/>\n<meta property=\"og:title\" content=\"Cr\u00e8me hydratante visage b\u00e9b\u00e9 Spf 30 - Bab\u00e9 Pediatric - 50ml - OrthoPara\" \/>\n<meta property=\"og:description\" content=\"Bab\u00e9 Pediatric Bab\u00e9 la cr\u00e8me hydratante\u00a0pour usage quotidien sur la peau d\u00e9licate\u00a0des b\u00e9b\u00e9s\u00a0et\u00a0des enfants. Haute degr\u00e9 de protection solaire UVA-UVB. Action calmante, peau douce et sensation de confort. contenance : 50 ml \u00a0\" \/>\n<meta property=\"og:url\" content=\"https:\/\/orthopara.store\/index.php\/produit\/creme-hydratante-visage-bebe-spf-30-babe-pediatric-50ml\/\" \/>\n<meta property=\"og:site_name\" content=\"OrthoPara\" \/>\n<meta property=\"article:publisher\" content=\"https:\/\/www.facebook.com\/profile.php?id=61561194315651\" \/>\n<meta property=\"article:modified_time\" content=\"2024-11-10T15:20:51+00:00\" \/>\n<meta property=\"og:image\" content=\"https:\/\/orthopara.store\/wp-content\/uploads\/2024\/06\/creme-hydratante-visage-bebe-spf-30-babe-pediatric-50ml.jpg\" \/>\n\t<meta property=\"og:image:width\" content=\"800\" \/>\n\t<meta property=\"og:image:height\" content=\"800\" \/>\n\t<meta property=\"og:image:type\" content=\"image\/jpeg\" \/>\n<meta name=\"twitter:card\" content=\"summary_large_image\" \/>\n<meta name=\"twitter:label1\" content=\"Dur\u00e9e de lecture estim\u00e9e\" \/>\n\t<meta name=\"twitter:data1\" content=\"1 minute\" \/>\n<script type=\"application\/ld+json\" class=\"yoast-schema-graph\">{\"@context\":\"https:\/\/schema.org\",\"@graph\":[{\"@type\":\"WebPage\",\"@id\":\"https:\/\/orthopara.store\/index.php\/produit\/creme-hydratante-visage-bebe-spf-30-babe-pediatric-50ml\/\",\"url\":\"https:\/\/orthopara.store\/index.php\/produit\/creme-hydratante-visage-bebe-spf-30-babe-pediatric-50ml\/\",\"name\":\"Cr\u00e8me hydratante visage b\u00e9b\u00e9 Spf 30 - Bab\u00e9 Pediatric - 50ml - OrthoPara\",\"isPartOf\":{\"@id\":\"https:\/\/orthopara.store\/#website\"},\"primaryImageOfPage\":{\"@id\":\"https:\/\/orthopara.store\/index.php\/produit\/creme-hydratante-visage-bebe-spf-30-babe-pediatric-50ml\/#primaryimage\"},\"image\":{\"@id\":\"https:\/\/orthopara.store\/index.php\/produit\/creme-hydratante-visage-bebe-spf-30-babe-pediatric-50ml\/#primaryimage\"},\"thumbnailUrl\":\"https:\/\/orthopara.store\/wp-content\/uploads\/2024\/06\/creme-hydratante-visage-bebe-spf-30-babe-pediatric-50ml.jpg\",\"datePublished\":\"2024-06-28T13:55:51+00:00\",\"dateModified\":\"2024-11-10T15:20:51+00:00\",\"breadcrumb\":{\"@id\":\"https:\/\/orthopara.store\/index.php\/produit\/creme-hydratante-visage-bebe-spf-30-babe-pediatric-50ml\/#breadcrumb\"},\"inLanguage\":\"fr-FR\",\"potentialAction\":[{\"@type\":\"ReadAction\",\"target\":[\"https:\/\/orthopara.store\/index.php\/produit\/creme-hydratante-visage-bebe-spf-30-babe-pediatric-50ml\/\"]}]},{\"@type\":\"ImageObject\",\"inLanguage\":\"fr-FR\",\"@id\":\"https:\/\/orthopara.store\/index.php\/produit\/creme-hydratante-visage-bebe-spf-30-babe-pediatric-50ml\/#primaryimage\",\"url\":\"https:\/\/orthopara.store\/wp-content\/uploads\/2024\/06\/creme-hydratante-visage-bebe-spf-30-babe-pediatric-50ml.jpg\",\"contentUrl\":\"https:\/\/orthopara.store\/wp-content\/uploads\/2024\/06\/creme-hydratante-visage-bebe-spf-30-babe-pediatric-50ml.jpg\",\"width\":800,\"height\":800},{\"@type\":\"BreadcrumbList\",\"@id\":\"https:\/\/orthopara.store\/index.php\/produit\/creme-hydratante-visage-bebe-spf-30-babe-pediatric-50ml\/#breadcrumb\",\"itemListElement\":[{\"@type\":\"ListItem\",\"position\":1,\"name\":\"Accueil\",\"item\":\"https:\/\/orthopara.store\/\"},{\"@type\":\"ListItem\",\"position\":2,\"name\":\"Shop\",\"item\":\"https:\/\/orthopara.store\/?page_id=622\"},{\"@type\":\"ListItem\",\"position\":3,\"name\":\"Cr\u00e8me hydratante visage b\u00e9b\u00e9 Spf 30 &#8211; Bab\u00e9 Pediatric &#8211; 50ml\"}]},{\"@type\":\"WebSite\",\"@id\":\"https:\/\/orthopara.store\/#website\",\"url\":\"https:\/\/orthopara.store\/\",\"name\":\"OrthoPara\",\"description\":\"Parapharmacie\",\"publisher\":{\"@id\":\"https:\/\/orthopara.store\/#organization\"},\"potentialAction\":[{\"@type\":\"SearchAction\",\"target\":{\"@type\":\"EntryPoint\",\"urlTemplate\":\"https:\/\/orthopara.store\/?s={search_term_string}\"},\"query-input\":\"required name=search_term_string\"}],\"inLanguage\":\"fr-FR\"},{\"@type\":\"Organization\",\"@id\":\"https:\/\/orthopara.store\/#organization\",\"name\":\"OrthoPara\",\"url\":\"https:\/\/orthopara.store\/\",\"logo\":{\"@type\":\"ImageObject\",\"inLanguage\":\"fr-FR\",\"@id\":\"https:\/\/orthopara.store\/#\/schema\/logo\/image\/\",\"url\":\"https:\/\/orthopara.store\/wp-content\/uploads\/2024\/06\/cropped-9ABA8BAD-6256-4719-9315-15C66E64E882.png\",\"contentUrl\":\"https:\/\/orthopara.store\/wp-content\/uploads\/2024\/06\/cropped-9ABA8BAD-6256-4719-9315-15C66E64E882.png\",\"width\":240,\"height\":72,\"caption\":\"OrthoPara\"},\"image\":{\"@id\":\"https:\/\/orthopara.store\/#\/schema\/logo\/image\/\"},\"sameAs\":[\"https:\/\/www.facebook.com\/profile.php?id=61561194315651\",\"https:\/\/www.instagram.com\/orthopara_tunisie\/\"]}]}<\/script>\n<!-- \/ Yoast SEO plugin. -->","yoast_head_json":{"title":"Cr\u00e8me hydratante visage b\u00e9b\u00e9 Spf 30 - Bab\u00e9 Pediatric - 50ml - OrthoPara","robots":{"index":"index","follow":"follow","max-snippet":"max-snippet:-1","max-image-preview":"max-image-preview:large","max-video-preview":"max-video-preview:-1"},"canonical":"https:\/\/orthopara.store\/index.php\/produit\/creme-hydratante-visage-bebe-spf-30-babe-pediatric-50ml\/","og_locale":"fr_FR","og_type":"article","og_title":"Cr\u00e8me hydratante visage b\u00e9b\u00e9 Spf 30 - Bab\u00e9 Pediatric - 50ml - OrthoPara","og_description":"Bab\u00e9 Pediatric Bab\u00e9 la cr\u00e8me hydratante\u00a0pour usage quotidien sur la peau d\u00e9licate\u00a0des b\u00e9b\u00e9s\u00a0et\u00a0des enfants. Haute degr\u00e9 de protection solaire UVA-UVB. Action calmante, peau douce et sensation de confort. contenance : 50 ml \u00a0","og_url":"https:\/\/orthopara.store\/index.php\/produit\/creme-hydratante-visage-bebe-spf-30-babe-pediatric-50ml\/","og_site_name":"OrthoPara","article_publisher":"https:\/\/www.facebook.com\/profile.php?id=61561194315651","article_modified_time":"2024-11-10T15:20:51+00:00","og_image":[{"width":800,"height":800,"url":"https:\/\/orthopara.store\/wp-content\/uploads\/2024\/06\/creme-hydratante-visage-bebe-spf-30-babe-pediatric-50ml.jpg","type":"image\/jpeg"}],"twitter_card":"summary_large_image","twitter_misc":{"Dur\u00e9e de lecture estim\u00e9e":"1 minute"},"schema":{"@context":"https:\/\/schema.org","@graph":[{"@type":"WebPage","@id":"https:\/\/orthopara.store\/index.php\/produit\/creme-hydratante-visage-bebe-spf-30-babe-pediatric-50ml\/","url":"https:\/\/orthopara.store\/index.php\/produit\/creme-hydratante-visage-bebe-spf-30-babe-pediatric-50ml\/","name":"Cr\u00e8me hydratante visage b\u00e9b\u00e9 Spf 30 - Bab\u00e9 Pediatric - 50ml - OrthoPara","isPartOf":{"@id":"https:\/\/orthopara.store\/#website"},"primaryImageOfPage":{"@id":"https:\/\/orthopara.store\/index.php\/produit\/creme-hydratante-visage-bebe-spf-30-babe-pediatric-50ml\/#primaryimage"},"image":{"@id":"https:\/\/orthopara.store\/index.php\/produit\/creme-hydratante-visage-bebe-spf-30-babe-pediatric-50ml\/#primaryimage"},"thumbnailUrl":"https:\/\/orthopara.store\/wp-content\/uploads\/2024\/06\/creme-hydratante-visage-bebe-spf-30-babe-pediatric-50ml.jpg","datePublished":"2024-06-28T13:55:51+00:00","dateModified":"2024-11-10T15:20:51+00:00","breadcrumb":{"@id":"https:\/\/orthopara.store\/index.php\/produit\/creme-hydratante-visage-bebe-spf-30-babe-pediatric-50ml\/#breadcrumb"},"inLanguage":"fr-FR","potentialAction":[{"@type":"ReadAction","target":["https:\/\/orthopara.store\/index.php\/produit\/creme-hydratante-visage-bebe-spf-30-babe-pediatric-50ml\/"]}]},{"@type":"ImageObject","inLanguage":"fr-FR","@id":"https:\/\/orthopara.store\/index.php\/produit\/creme-hydratante-visage-bebe-spf-30-babe-pediatric-50ml\/#primaryimage","url":"https:\/\/orthopara.store\/wp-content\/uploads\/2024\/06\/creme-hydratante-visage-bebe-spf-30-babe-pediatric-50ml.jpg","contentUrl":"https:\/\/orthopara.store\/wp-content\/uploads\/2024\/06\/creme-hydratante-visage-bebe-spf-30-babe-pediatric-50ml.jpg","width":800,"height":800},{"@type":"BreadcrumbList","@id":"https:\/\/orthopara.store\/index.php\/produit\/creme-hydratante-visage-bebe-spf-30-babe-pediatric-50ml\/#breadcrumb","itemListElement":[{"@type":"ListItem","position":1,"name":"Accueil","item":"https:\/\/orthopara.store\/"},{"@type":"ListItem","position":2,"name":"Shop","item":"https:\/\/orthopara.store\/?page_id=622"},{"@type":"ListItem","position":3,"name":"Cr\u00e8me hydratante visage b\u00e9b\u00e9 Spf 30 &#8211; Bab\u00e9 Pediatric &#8211; 50ml"}]},{"@type":"WebSite","@id":"https:\/\/orthopara.store\/#website","url":"https:\/\/orthopara.store\/","name":"OrthoPara","description":"Parapharmacie","publisher":{"@id":"https:\/\/orthopara.store\/#organization"},"potentialAction":[{"@type":"SearchAction","target":{"@type":"EntryPoint","urlTemplate":"https:\/\/orthopara.store\/?s={search_term_string}"},"query-input":"required name=search_term_string"}],"inLanguage":"fr-FR"},{"@type":"Organization","@id":"https:\/\/orthopara.store\/#organization","name":"OrthoPara","url":"https:\/\/orthopara.store\/","logo":{"@type":"ImageObject","inLanguage":"fr-FR","@id":"https:\/\/orthopara.store\/#\/schema\/logo\/image\/","url":"https:\/\/orthopara.store\/wp-content\/uploads\/2024\/06\/cropped-9ABA8BAD-6256-4719-9315-15C66E64E882.png","contentUrl":"https:\/\/orthopara.store\/wp-content\/uploads\/2024\/06\/cropped-9ABA8BAD-6256-4719-9315-15C66E64E882.png","width":240,"height":72,"caption":"OrthoPara"},"image":{"@id":"https:\/\/orthopara.store\/#\/schema\/logo\/image\/"},"sameAs":["https:\/\/www.facebook.com\/profile.php?id=61561194315651","https:\/\/www.instagram.com\/orthopara_tunisie\/"]}]}},"jetpack_sharing_enabled":true,"brands":[{"id":196,"name":"Bab\u00e9","slug":"babe"}],"_links":{"self":[{"href":"https:\/\/orthopara.store\/index.php?rest_route=\/wp\/v2\/product\/1891","targetHints":{"allow":["GET"]}}],"collection":[{"href":"https:\/\/orthopara.store\/index.php?rest_route=\/wp\/v2\/product"}],"about":[{"href":"https:\/\/orthopara.store\/index.php?rest_route=\/wp\/v2\/types\/product"}],"replies":[{"embeddable":true,"href":"https:\/\/orthopara.store\/index.php?rest_route=%2Fwp%2Fv2%2Fcomments&post=1891"}],"wp:featuredmedia":[{"embeddable":true,"href":"https:\/\/orthopara.store\/index.php?rest_route=\/wp\/v2\/media\/1906"}],"wp:attachment":[{"href":"https:\/\/orthopara.store\/index.php?rest_route=%2Fwp%2Fv2%2Fmedia&parent=1891"}],"wp:term":[{"taxonomy":"pwb-brand","embeddable":true,"href":"https:\/\/orthopara.store\/index.php?rest_route=%2Fwp%2Fv2%2Fpwb-brand&post=1891"},{"taxonomy":"product_cat","embeddable":true,"href":"https:\/\/orthopara.store\/index.php?rest_route=%2Fwp%2Fv2%2Fproduct_cat&post=1891"},{"taxonomy":"product_tag","embeddable":true,"href":"https:\/\/orthopara.store\/index.php?rest_route=%2Fwp%2Fv2%2Fproduct_tag&post=1891"}],"curies":[{"name":"wp","href":"https:\/\/api.w.org\/{rel}","templated":true}]}}