{"id":1896,"date":"2024-06-28T15:55:51","date_gmt":"2024-06-28T13:55:51","guid":{"rendered":"https:\/\/orthopara.store\/?post_type=product&#038;p=1896"},"modified":"2024-06-28T15:55:56","modified_gmt":"2024-06-28T13:55:56","slug":"isdin-fusion-water-ecran-solaire-invisible-spf50-50ml","status":"publish","type":"product","link":"https:\/\/orthopara.store\/?product=isdin-fusion-water-ecran-solaire-invisible-spf50-50ml","title":{"rendered":"Isdin Fusion Water &#8211; Ecran solaire Invisible spf50 &#8211; 50ml"},"content":{"rendered":"<p>B\u00e9n\u00e9fices d&rsquo;utilisation de ce produit :<br \/>\nFormule am\u00e9lior\u00e9e<br \/>\nHaute protection uv\u00a0<br \/>\nProtection SPF50 UVB et UVA \u00e9valu\u00e9e cliniquement dans un laboratoire et test\u00e9e en conditions r\u00e9elles de haute radiation solaire.\u00a0<br \/>\nNe pique pas les yeux\u00a0<br \/>\nTest\u00e9e sous contr\u00f4le ophtalmologique<br \/>\nTol\u00e9rance maximale :\u00a0<br \/>\nTexture ultra l\u00e9g\u00e8re d&rsquo;absorption imm\u00e9diate et hydratation intense qui ne laisse pas de r\u00e9sidus.\u00a0<br \/>\nAdapt\u00e9e pour tous types de peau y compris peau atopique.\u00a0<br \/>\nFormule oil-free.\u00a0<br \/>\nPeau mouill\u00e9e :<br \/>\nPeut s\u2019adapter sur peau humide.\u00a0<br \/>\nConseils d&rsquo;utilisation :<br \/>\nAppliquer g\u00e9n\u00e9reusement sur la peau s\u00e8che ou humide, une demi heure avant l\u2019exposition solaire, et appliquer de nouveau\u00a0 toutes les deux heures. Apr\u00e8s avoir transpir\u00e9, nag\u00e9, ou s&rsquo;\u00eatre s\u00e9ch\u00e9 avec une serviette, r\u00e9p\u00e9ter l\u2019application. Si la quantit\u00e9 appliqu\u00e9e du produit n\u2019est pas suffisante, le facteur de protection se r\u00e9duit.\u00a0<br \/>\nComposition :<br \/>\nAqua (eau), m\u00e9thoxycinnamate d&rsquo;\u00e9thylhexyle, butyl\u00e8ne glycol, propyl\u00e8ne glycol, m\u00e9thacrylate de polym\u00e9thyle, dim\u00e9thicone, PEG-8, m\u00e9thoxydibenzoylm\u00e9thane de butyle, triazone d&rsquo;\u00e9thylhexyle, silice, ph\u00e9noxy\u00e9thanol, dioxyde de titane, acrylates\/polym\u00e8re crois\u00e9 d&rsquo;acrylate d&rsquo;alkyle C10-30, ac\u00e9tate de tocoph\u00e9ryle, allanto\u00efne, \u00c9thylhexylglyc\u00e9rine, parfum (parfum), hyaluronate de sodium, hydroxyde de sodium, carbom\u00e8re, EDTA disodique, tocoph\u00e9rol, BHT, palmitate d&rsquo;ascorbyle, acide ascorbique, acide citrique.<br \/>\nContenance :<br \/>\n50ml\u00a0<\/p>\n","protected":false},"excerpt":{"rendered":"<p>Photoprotection ultra-l\u00e9g\u00e8re, d\u2019usage quotidien pour activit\u00e9s en plein air.<br \/>\nPhotoprotecteur \u00e0 base d\u2019eau qui apporte une hydratation intense, une absorption imm\u00e9diate et garanti une haute protection face \u00e0 la radiation UV.\u00a0<br \/>\nDLC : 12 mois apr\u00e8s l&rsquo;ouverture\u00a0<\/p>\n","protected":false},"featured_media":1911,"comment_status":"open","ping_status":"closed","template":"","meta":[],"pwb-brand":[42],"product_cat":[230],"product_tag":[],"class_list":{"0":"post-1896","1":"product","2":"type-product","3":"status-publish","4":"has-post-thumbnail","6":"pwb-brand-isdin","7":"product_cat-protection-superieure-a-spf-50","8":"post","9":"ws-product--style-1","11":"first","12":"instock","13":"shipping-taxable","14":"purchasable","15":"product-type-simple"},"yoast_head":"<!-- This site is optimized with the Yoast SEO plugin v23.0 - https:\/\/yoast.com\/wordpress\/plugins\/seo\/ -->\n<title>Isdin Fusion Water - Ecran solaire Invisible spf50 - 50ml - OrthoPara<\/title>\n<meta name=\"robots\" content=\"index, follow, max-snippet:-1, max-image-preview:large, max-video-preview:-1\" \/>\n<link rel=\"canonical\" href=\"https:\/\/orthopara.store\/index.php\/produit\/isdin-fusion-water-ecran-solaire-invisible-spf50-50ml\/\" \/>\n<meta property=\"og:locale\" content=\"fr_FR\" \/>\n<meta property=\"og:type\" content=\"article\" \/>\n<meta property=\"og:title\" content=\"Isdin Fusion Water - Ecran solaire Invisible spf50 - 50ml - OrthoPara\" \/>\n<meta property=\"og:description\" content=\"Photoprotection ultra-l\u00e9g\u00e8re, d\u2019usage quotidien pour activit\u00e9s en plein air. Photoprotecteur \u00e0 base d\u2019eau qui apporte une hydratation intense, une absorption imm\u00e9diate et garanti une haute protection face \u00e0 la radiation UV.\u00a0 DLC : 12 mois apr\u00e8s l&#039;ouverture\u00a0\" \/>\n<meta property=\"og:url\" content=\"https:\/\/orthopara.store\/index.php\/produit\/isdin-fusion-water-ecran-solaire-invisible-spf50-50ml\/\" \/>\n<meta property=\"og:site_name\" content=\"OrthoPara\" \/>\n<meta property=\"article:publisher\" content=\"https:\/\/www.facebook.com\/profile.php?id=61561194315651\" \/>\n<meta property=\"article:modified_time\" content=\"2024-06-28T13:55:56+00:00\" \/>\n<meta property=\"og:image\" content=\"https:\/\/orthopara.store\/wp-content\/uploads\/2024\/06\/isdin-fusion-water-ecran-solaire-invisible-spf50-50ml.jpg\" \/>\n\t<meta property=\"og:image:width\" content=\"800\" \/>\n\t<meta property=\"og:image:height\" content=\"800\" \/>\n\t<meta property=\"og:image:type\" content=\"image\/jpeg\" \/>\n<meta name=\"twitter:card\" content=\"summary_large_image\" \/>\n<meta name=\"twitter:label1\" content=\"Dur\u00e9e de lecture estim\u00e9e\" \/>\n\t<meta name=\"twitter:data1\" content=\"1 minute\" \/>\n<script type=\"application\/ld+json\" class=\"yoast-schema-graph\">{\"@context\":\"https:\/\/schema.org\",\"@graph\":[{\"@type\":\"WebPage\",\"@id\":\"https:\/\/orthopara.store\/index.php\/produit\/isdin-fusion-water-ecran-solaire-invisible-spf50-50ml\/\",\"url\":\"https:\/\/orthopara.store\/index.php\/produit\/isdin-fusion-water-ecran-solaire-invisible-spf50-50ml\/\",\"name\":\"Isdin Fusion Water - Ecran solaire Invisible spf50 - 50ml - OrthoPara\",\"isPartOf\":{\"@id\":\"https:\/\/orthopara.store\/#website\"},\"primaryImageOfPage\":{\"@id\":\"https:\/\/orthopara.store\/index.php\/produit\/isdin-fusion-water-ecran-solaire-invisible-spf50-50ml\/#primaryimage\"},\"image\":{\"@id\":\"https:\/\/orthopara.store\/index.php\/produit\/isdin-fusion-water-ecran-solaire-invisible-spf50-50ml\/#primaryimage\"},\"thumbnailUrl\":\"https:\/\/orthopara.store\/wp-content\/uploads\/2024\/06\/isdin-fusion-water-ecran-solaire-invisible-spf50-50ml.jpg\",\"datePublished\":\"2024-06-28T13:55:51+00:00\",\"dateModified\":\"2024-06-28T13:55:56+00:00\",\"breadcrumb\":{\"@id\":\"https:\/\/orthopara.store\/index.php\/produit\/isdin-fusion-water-ecran-solaire-invisible-spf50-50ml\/#breadcrumb\"},\"inLanguage\":\"fr-FR\",\"potentialAction\":[{\"@type\":\"ReadAction\",\"target\":[\"https:\/\/orthopara.store\/index.php\/produit\/isdin-fusion-water-ecran-solaire-invisible-spf50-50ml\/\"]}]},{\"@type\":\"ImageObject\",\"inLanguage\":\"fr-FR\",\"@id\":\"https:\/\/orthopara.store\/index.php\/produit\/isdin-fusion-water-ecran-solaire-invisible-spf50-50ml\/#primaryimage\",\"url\":\"https:\/\/orthopara.store\/wp-content\/uploads\/2024\/06\/isdin-fusion-water-ecran-solaire-invisible-spf50-50ml.jpg\",\"contentUrl\":\"https:\/\/orthopara.store\/wp-content\/uploads\/2024\/06\/isdin-fusion-water-ecran-solaire-invisible-spf50-50ml.jpg\",\"width\":800,\"height\":800},{\"@type\":\"BreadcrumbList\",\"@id\":\"https:\/\/orthopara.store\/index.php\/produit\/isdin-fusion-water-ecran-solaire-invisible-spf50-50ml\/#breadcrumb\",\"itemListElement\":[{\"@type\":\"ListItem\",\"position\":1,\"name\":\"Accueil\",\"item\":\"https:\/\/orthopara.store\/\"},{\"@type\":\"ListItem\",\"position\":2,\"name\":\"Shop\",\"item\":\"https:\/\/orthopara.store\/?page_id=622\"},{\"@type\":\"ListItem\",\"position\":3,\"name\":\"Isdin Fusion Water &#8211; Ecran solaire Invisible spf50 &#8211; 50ml\"}]},{\"@type\":\"WebSite\",\"@id\":\"https:\/\/orthopara.store\/#website\",\"url\":\"https:\/\/orthopara.store\/\",\"name\":\"OrthoPara\",\"description\":\"Parapharmacie\",\"publisher\":{\"@id\":\"https:\/\/orthopara.store\/#organization\"},\"potentialAction\":[{\"@type\":\"SearchAction\",\"target\":{\"@type\":\"EntryPoint\",\"urlTemplate\":\"https:\/\/orthopara.store\/?s={search_term_string}\"},\"query-input\":\"required name=search_term_string\"}],\"inLanguage\":\"fr-FR\"},{\"@type\":\"Organization\",\"@id\":\"https:\/\/orthopara.store\/#organization\",\"name\":\"OrthoPara\",\"url\":\"https:\/\/orthopara.store\/\",\"logo\":{\"@type\":\"ImageObject\",\"inLanguage\":\"fr-FR\",\"@id\":\"https:\/\/orthopara.store\/#\/schema\/logo\/image\/\",\"url\":\"https:\/\/orthopara.store\/wp-content\/uploads\/2024\/06\/cropped-9ABA8BAD-6256-4719-9315-15C66E64E882.png\",\"contentUrl\":\"https:\/\/orthopara.store\/wp-content\/uploads\/2024\/06\/cropped-9ABA8BAD-6256-4719-9315-15C66E64E882.png\",\"width\":240,\"height\":72,\"caption\":\"OrthoPara\"},\"image\":{\"@id\":\"https:\/\/orthopara.store\/#\/schema\/logo\/image\/\"},\"sameAs\":[\"https:\/\/www.facebook.com\/profile.php?id=61561194315651\",\"https:\/\/www.instagram.com\/orthopara_tunisie\/\"]}]}<\/script>\n<!-- \/ Yoast SEO plugin. -->","yoast_head_json":{"title":"Isdin Fusion Water - Ecran solaire Invisible spf50 - 50ml - OrthoPara","robots":{"index":"index","follow":"follow","max-snippet":"max-snippet:-1","max-image-preview":"max-image-preview:large","max-video-preview":"max-video-preview:-1"},"canonical":"https:\/\/orthopara.store\/index.php\/produit\/isdin-fusion-water-ecran-solaire-invisible-spf50-50ml\/","og_locale":"fr_FR","og_type":"article","og_title":"Isdin Fusion Water - Ecran solaire Invisible spf50 - 50ml - OrthoPara","og_description":"Photoprotection ultra-l\u00e9g\u00e8re, d\u2019usage quotidien pour activit\u00e9s en plein air. Photoprotecteur \u00e0 base d\u2019eau qui apporte une hydratation intense, une absorption imm\u00e9diate et garanti une haute protection face \u00e0 la radiation UV.\u00a0 DLC : 12 mois apr\u00e8s l'ouverture\u00a0","og_url":"https:\/\/orthopara.store\/index.php\/produit\/isdin-fusion-water-ecran-solaire-invisible-spf50-50ml\/","og_site_name":"OrthoPara","article_publisher":"https:\/\/www.facebook.com\/profile.php?id=61561194315651","article_modified_time":"2024-06-28T13:55:56+00:00","og_image":[{"width":800,"height":800,"url":"https:\/\/orthopara.store\/wp-content\/uploads\/2024\/06\/isdin-fusion-water-ecran-solaire-invisible-spf50-50ml.jpg","type":"image\/jpeg"}],"twitter_card":"summary_large_image","twitter_misc":{"Dur\u00e9e de lecture estim\u00e9e":"1 minute"},"schema":{"@context":"https:\/\/schema.org","@graph":[{"@type":"WebPage","@id":"https:\/\/orthopara.store\/index.php\/produit\/isdin-fusion-water-ecran-solaire-invisible-spf50-50ml\/","url":"https:\/\/orthopara.store\/index.php\/produit\/isdin-fusion-water-ecran-solaire-invisible-spf50-50ml\/","name":"Isdin Fusion Water - Ecran solaire Invisible spf50 - 50ml - OrthoPara","isPartOf":{"@id":"https:\/\/orthopara.store\/#website"},"primaryImageOfPage":{"@id":"https:\/\/orthopara.store\/index.php\/produit\/isdin-fusion-water-ecran-solaire-invisible-spf50-50ml\/#primaryimage"},"image":{"@id":"https:\/\/orthopara.store\/index.php\/produit\/isdin-fusion-water-ecran-solaire-invisible-spf50-50ml\/#primaryimage"},"thumbnailUrl":"https:\/\/orthopara.store\/wp-content\/uploads\/2024\/06\/isdin-fusion-water-ecran-solaire-invisible-spf50-50ml.jpg","datePublished":"2024-06-28T13:55:51+00:00","dateModified":"2024-06-28T13:55:56+00:00","breadcrumb":{"@id":"https:\/\/orthopara.store\/index.php\/produit\/isdin-fusion-water-ecran-solaire-invisible-spf50-50ml\/#breadcrumb"},"inLanguage":"fr-FR","potentialAction":[{"@type":"ReadAction","target":["https:\/\/orthopara.store\/index.php\/produit\/isdin-fusion-water-ecran-solaire-invisible-spf50-50ml\/"]}]},{"@type":"ImageObject","inLanguage":"fr-FR","@id":"https:\/\/orthopara.store\/index.php\/produit\/isdin-fusion-water-ecran-solaire-invisible-spf50-50ml\/#primaryimage","url":"https:\/\/orthopara.store\/wp-content\/uploads\/2024\/06\/isdin-fusion-water-ecran-solaire-invisible-spf50-50ml.jpg","contentUrl":"https:\/\/orthopara.store\/wp-content\/uploads\/2024\/06\/isdin-fusion-water-ecran-solaire-invisible-spf50-50ml.jpg","width":800,"height":800},{"@type":"BreadcrumbList","@id":"https:\/\/orthopara.store\/index.php\/produit\/isdin-fusion-water-ecran-solaire-invisible-spf50-50ml\/#breadcrumb","itemListElement":[{"@type":"ListItem","position":1,"name":"Accueil","item":"https:\/\/orthopara.store\/"},{"@type":"ListItem","position":2,"name":"Shop","item":"https:\/\/orthopara.store\/?page_id=622"},{"@type":"ListItem","position":3,"name":"Isdin Fusion Water &#8211; Ecran solaire Invisible spf50 &#8211; 50ml"}]},{"@type":"WebSite","@id":"https:\/\/orthopara.store\/#website","url":"https:\/\/orthopara.store\/","name":"OrthoPara","description":"Parapharmacie","publisher":{"@id":"https:\/\/orthopara.store\/#organization"},"potentialAction":[{"@type":"SearchAction","target":{"@type":"EntryPoint","urlTemplate":"https:\/\/orthopara.store\/?s={search_term_string}"},"query-input":"required name=search_term_string"}],"inLanguage":"fr-FR"},{"@type":"Organization","@id":"https:\/\/orthopara.store\/#organization","name":"OrthoPara","url":"https:\/\/orthopara.store\/","logo":{"@type":"ImageObject","inLanguage":"fr-FR","@id":"https:\/\/orthopara.store\/#\/schema\/logo\/image\/","url":"https:\/\/orthopara.store\/wp-content\/uploads\/2024\/06\/cropped-9ABA8BAD-6256-4719-9315-15C66E64E882.png","contentUrl":"https:\/\/orthopara.store\/wp-content\/uploads\/2024\/06\/cropped-9ABA8BAD-6256-4719-9315-15C66E64E882.png","width":240,"height":72,"caption":"OrthoPara"},"image":{"@id":"https:\/\/orthopara.store\/#\/schema\/logo\/image\/"},"sameAs":["https:\/\/www.facebook.com\/profile.php?id=61561194315651","https:\/\/www.instagram.com\/orthopara_tunisie\/"]}]}},"jetpack_sharing_enabled":true,"brands":[{"id":42,"name":"ISDIN","slug":"isdin"}],"_links":{"self":[{"href":"https:\/\/orthopara.store\/index.php?rest_route=\/wp\/v2\/product\/1896","targetHints":{"allow":["GET"]}}],"collection":[{"href":"https:\/\/orthopara.store\/index.php?rest_route=\/wp\/v2\/product"}],"about":[{"href":"https:\/\/orthopara.store\/index.php?rest_route=\/wp\/v2\/types\/product"}],"replies":[{"embeddable":true,"href":"https:\/\/orthopara.store\/index.php?rest_route=%2Fwp%2Fv2%2Fcomments&post=1896"}],"wp:featuredmedia":[{"embeddable":true,"href":"https:\/\/orthopara.store\/index.php?rest_route=\/wp\/v2\/media\/1911"}],"wp:attachment":[{"href":"https:\/\/orthopara.store\/index.php?rest_route=%2Fwp%2Fv2%2Fmedia&parent=1896"}],"wp:term":[{"taxonomy":"pwb-brand","embeddable":true,"href":"https:\/\/orthopara.store\/index.php?rest_route=%2Fwp%2Fv2%2Fpwb-brand&post=1896"},{"taxonomy":"product_cat","embeddable":true,"href":"https:\/\/orthopara.store\/index.php?rest_route=%2Fwp%2Fv2%2Fproduct_cat&post=1896"},{"taxonomy":"product_tag","embeddable":true,"href":"https:\/\/orthopara.store\/index.php?rest_route=%2Fwp%2Fv2%2Fproduct_tag&post=1896"}],"curies":[{"name":"wp","href":"https:\/\/api.w.org\/{rel}","templated":true}]}}