{"id":1918,"date":"2024-06-28T15:56:00","date_gmt":"2024-06-28T13:56:00","guid":{"rendered":"https:\/\/orthopara.store\/?post_type=product&#038;p=1918"},"modified":"2024-06-28T15:56:03","modified_gmt":"2024-06-28T13:56:03","slug":"isdin-pediatrics-gel-creme-solaire-familiale-250ml","status":"publish","type":"product","link":"https:\/\/orthopara.store\/?product=isdin-pediatrics-gel-creme-solaire-familiale-250ml","title":{"rendered":"Isdin Pediatrics &#8211; Gel cr\u00e8me solaire familiale &#8211; 250ml"},"content":{"rendered":"<p>La cr\u00e8me solaire familiale est un photoprotecteur pour le visage et le corps en gel cr\u00e8me qui hydrate comme une cr\u00e8me et rafra\u00eechit comme un gel. C&rsquo;est id\u00e9ale pour toute la famille.<br \/>\nLa formule du Gel Cr\u00e8me Pediatrics SPF 50 contient des ingr\u00e9dients aux propri\u00e9t\u00e9s antioxydantes qui permettent de renforcer la fonction barri\u00e8re et de prot\u00e9ger la peau d\u00e9licate de l&rsquo;enfant.<br \/>\nExtrait d&rsquo;immortelle : formule enrichie \u00e0 l&rsquo;extrait naturel de fleur d&rsquo;immortelle. Ses propri\u00e9t\u00e9s antioxydantes et apaisantes contribuent \u00e0 renforcer la fonction barri\u00e8re de la peau.<br \/>\nVitamine E : prot\u00e8ge la peau de l&rsquo;enfant des effets n\u00e9gatifs des rayons ultraviolets.<br \/>\nCaract\u00e9ristiques :\u00a0<br \/>\nIl offre une haute protection UVB et UVA SPF 50.<br \/>\nContient du dexpanth\u00e9nol et de la vitamine E.<br \/>\nHydrate comme une cr\u00e8me et p\u00e9n\u00e8tre rapidement sous forme de gel, procurant une agr\u00e9able sensation de fra\u00eecheur avec un fini soyeux et sans brillance.<br \/>\nTr\u00e8s r\u00e9sistant \u00e0 l&rsquo;eau et aux frottements<br \/>\nConvient \u00e0 tous les types de peau, y compris les peaux atopiques.<br \/>\nTest\u00e9 p\u00e9diatriquement et dermatologiquement.<br \/>\nConseils d&rsquo;utilisation :\u00a0<br \/>\nAppliquer g\u00e9n\u00e9reusement sur peau s\u00e8che ou humide, trente minutes avant l&rsquo;exposition au soleil. Renouveler l&rsquo;application toutes les 2 heures et apr\u00e8s avoir transpir\u00e9, nag\u00e9 ou s&rsquo;\u00eatre essuy\u00e9 avec une serviette. En appliquant moins que la quantit\u00e9 de produit recommand\u00e9e, le facteur de protection sera r\u00e9duit.<br \/>\nPr\u00e9caution d&#8217;emploi :\u00a0<br \/>\nA partir de 6 mois.<br \/>\nGardez les b\u00e9b\u00e9s et les enfants \u00e0 l&rsquo;abri de la lumi\u00e8re directe du soleil..<br \/>\nLes p\u00e9diatres et les dermatologues recommandent de ne pas les exposer directement au soleil et de les prot\u00e9ger ad\u00e9quatement avec un chapeau, des lunettes de soleil, des v\u00eatements et une cr\u00e8me solaire \u00e0 haut SPF sp\u00e9cialement formul\u00e9e pour leur peau.<br \/>\nComposition :\u00a0<br \/>\nAqua (eau), alcool d\u00e9natur\u00e9, octocryl\u00e8ne, benzoate d&rsquo;alkyle C12-15, butyl m\u00e9thoxydibenzoylm\u00e9thane, adipate de dibutyle, bis-\u00e9thylhexyloxyph\u00e9nol m\u00e9thoxyph\u00e9nyl triazine, cyclopentasiloxane, trom\u00e9thamine, cyclohexasiloxane, copolym\u00e8re d&rsquo;acryloyldim\u00e9thyltaurate d&rsquo;ammonium\/VP, m\u00e9thyl\u00e8ne bis-benzotriazolyl t\u00e9tram\u00e9thylbutylph\u00e9nol [nano ], acide ph\u00e9nylbenzimidazole sulfonique, polyacrylamide, huile de ricin hydrog\u00e9n\u00e9e PEG-40, ph\u00e9noxy\u00e9thanol, isoparane C13-14, carbom\u00e8re, panth\u00e9nol, ac\u00e9tate de tocoph\u00e9ryle, parfum (parfum), d\u00e9cyl glucoside, gomme de xanthane, acrylates\/acrylate d&rsquo;alkyle en C10-30 Polym\u00e8re crois\u00e9, EDTA disodique, Laureth-7, BHT, Propyl\u00e8ne Glycol.<br \/>\nContenance :<br \/>\n250ml<\/p>\n","protected":false},"excerpt":{"rendered":"<p>La cr\u00e8me solaire familiale est un photoprotecteur pour le visage et le corps en gel cr\u00e8me qui hydrate comme une cr\u00e8me et rafra\u00eechit comme un gel. C&rsquo;est id\u00e9ale pour toute la famille.<br \/>\nIl est sp\u00e9cialement formul\u00e9 pour la peau des enfants et des b\u00e9b\u00e9s \u00e0 partir de 6 mois.<\/p>\n","protected":false},"featured_media":1942,"comment_status":"open","ping_status":"closed","template":"","meta":[],"pwb-brand":[42],"product_cat":[231],"product_tag":[],"class_list":{"0":"post-1918","1":"product","2":"type-product","3":"status-publish","4":"has-post-thumbnail","6":"pwb-brand-isdin","7":"product_cat-cremes-solaires-enfant","8":"post","9":"ws-product--style-1","11":"first","12":"instock","13":"shipping-taxable","14":"purchasable","15":"product-type-simple"},"yoast_head":"<!-- This site is optimized with the Yoast SEO plugin v23.0 - https:\/\/yoast.com\/wordpress\/plugins\/seo\/ -->\n<title>Isdin Pediatrics - Gel cr\u00e8me solaire familiale - 250ml - OrthoPara<\/title>\n<meta name=\"robots\" content=\"index, follow, max-snippet:-1, max-image-preview:large, max-video-preview:-1\" \/>\n<link rel=\"canonical\" href=\"https:\/\/orthopara.store\/index.php\/produit\/isdin-pediatrics-gel-creme-solaire-familiale-250ml\/\" \/>\n<meta property=\"og:locale\" content=\"fr_FR\" \/>\n<meta property=\"og:type\" content=\"article\" \/>\n<meta property=\"og:title\" content=\"Isdin Pediatrics - Gel cr\u00e8me solaire familiale - 250ml - OrthoPara\" \/>\n<meta property=\"og:description\" content=\"La cr\u00e8me solaire familiale est un photoprotecteur pour le visage et le corps en gel cr\u00e8me qui hydrate comme une cr\u00e8me et rafra\u00eechit comme un gel. C&#039;est id\u00e9ale pour toute la famille. Il est sp\u00e9cialement formul\u00e9 pour la peau des enfants et des b\u00e9b\u00e9s \u00e0 partir de 6 mois.\" \/>\n<meta property=\"og:url\" content=\"https:\/\/orthopara.store\/index.php\/produit\/isdin-pediatrics-gel-creme-solaire-familiale-250ml\/\" \/>\n<meta property=\"og:site_name\" content=\"OrthoPara\" \/>\n<meta property=\"article:publisher\" content=\"https:\/\/www.facebook.com\/profile.php?id=61561194315651\" \/>\n<meta property=\"article:modified_time\" content=\"2024-06-28T13:56:03+00:00\" \/>\n<meta property=\"og:image\" content=\"https:\/\/orthopara.store\/wp-content\/uploads\/2024\/06\/gel-creme-solaire-familiale-isdin-pediatrics-250ml.jpg\" \/>\n\t<meta property=\"og:image:width\" content=\"800\" \/>\n\t<meta property=\"og:image:height\" content=\"800\" \/>\n\t<meta property=\"og:image:type\" content=\"image\/jpeg\" \/>\n<meta name=\"twitter:card\" content=\"summary_large_image\" \/>\n<meta name=\"twitter:label1\" content=\"Dur\u00e9e de lecture estim\u00e9e\" \/>\n\t<meta name=\"twitter:data1\" content=\"2 minutes\" \/>\n<script type=\"application\/ld+json\" class=\"yoast-schema-graph\">{\"@context\":\"https:\/\/schema.org\",\"@graph\":[{\"@type\":\"WebPage\",\"@id\":\"https:\/\/orthopara.store\/index.php\/produit\/isdin-pediatrics-gel-creme-solaire-familiale-250ml\/\",\"url\":\"https:\/\/orthopara.store\/index.php\/produit\/isdin-pediatrics-gel-creme-solaire-familiale-250ml\/\",\"name\":\"Isdin Pediatrics - Gel cr\u00e8me solaire familiale - 250ml - OrthoPara\",\"isPartOf\":{\"@id\":\"https:\/\/orthopara.store\/#website\"},\"primaryImageOfPage\":{\"@id\":\"https:\/\/orthopara.store\/index.php\/produit\/isdin-pediatrics-gel-creme-solaire-familiale-250ml\/#primaryimage\"},\"image\":{\"@id\":\"https:\/\/orthopara.store\/index.php\/produit\/isdin-pediatrics-gel-creme-solaire-familiale-250ml\/#primaryimage\"},\"thumbnailUrl\":\"https:\/\/orthopara.store\/wp-content\/uploads\/2024\/06\/gel-creme-solaire-familiale-isdin-pediatrics-250ml.jpg\",\"datePublished\":\"2024-06-28T13:56:00+00:00\",\"dateModified\":\"2024-06-28T13:56:03+00:00\",\"breadcrumb\":{\"@id\":\"https:\/\/orthopara.store\/index.php\/produit\/isdin-pediatrics-gel-creme-solaire-familiale-250ml\/#breadcrumb\"},\"inLanguage\":\"fr-FR\",\"potentialAction\":[{\"@type\":\"ReadAction\",\"target\":[\"https:\/\/orthopara.store\/index.php\/produit\/isdin-pediatrics-gel-creme-solaire-familiale-250ml\/\"]}]},{\"@type\":\"ImageObject\",\"inLanguage\":\"fr-FR\",\"@id\":\"https:\/\/orthopara.store\/index.php\/produit\/isdin-pediatrics-gel-creme-solaire-familiale-250ml\/#primaryimage\",\"url\":\"https:\/\/orthopara.store\/wp-content\/uploads\/2024\/06\/gel-creme-solaire-familiale-isdin-pediatrics-250ml.jpg\",\"contentUrl\":\"https:\/\/orthopara.store\/wp-content\/uploads\/2024\/06\/gel-creme-solaire-familiale-isdin-pediatrics-250ml.jpg\",\"width\":800,\"height\":800},{\"@type\":\"BreadcrumbList\",\"@id\":\"https:\/\/orthopara.store\/index.php\/produit\/isdin-pediatrics-gel-creme-solaire-familiale-250ml\/#breadcrumb\",\"itemListElement\":[{\"@type\":\"ListItem\",\"position\":1,\"name\":\"Accueil\",\"item\":\"https:\/\/orthopara.store\/\"},{\"@type\":\"ListItem\",\"position\":2,\"name\":\"Shop\",\"item\":\"https:\/\/orthopara.store\/?page_id=622\"},{\"@type\":\"ListItem\",\"position\":3,\"name\":\"Isdin Pediatrics &#8211; Gel cr\u00e8me solaire familiale &#8211; 250ml\"}]},{\"@type\":\"WebSite\",\"@id\":\"https:\/\/orthopara.store\/#website\",\"url\":\"https:\/\/orthopara.store\/\",\"name\":\"OrthoPara\",\"description\":\"Parapharmacie\",\"publisher\":{\"@id\":\"https:\/\/orthopara.store\/#organization\"},\"potentialAction\":[{\"@type\":\"SearchAction\",\"target\":{\"@type\":\"EntryPoint\",\"urlTemplate\":\"https:\/\/orthopara.store\/?s={search_term_string}\"},\"query-input\":\"required name=search_term_string\"}],\"inLanguage\":\"fr-FR\"},{\"@type\":\"Organization\",\"@id\":\"https:\/\/orthopara.store\/#organization\",\"name\":\"OrthoPara\",\"url\":\"https:\/\/orthopara.store\/\",\"logo\":{\"@type\":\"ImageObject\",\"inLanguage\":\"fr-FR\",\"@id\":\"https:\/\/orthopara.store\/#\/schema\/logo\/image\/\",\"url\":\"https:\/\/orthopara.store\/wp-content\/uploads\/2024\/06\/cropped-9ABA8BAD-6256-4719-9315-15C66E64E882.png\",\"contentUrl\":\"https:\/\/orthopara.store\/wp-content\/uploads\/2024\/06\/cropped-9ABA8BAD-6256-4719-9315-15C66E64E882.png\",\"width\":240,\"height\":72,\"caption\":\"OrthoPara\"},\"image\":{\"@id\":\"https:\/\/orthopara.store\/#\/schema\/logo\/image\/\"},\"sameAs\":[\"https:\/\/www.facebook.com\/profile.php?id=61561194315651\",\"https:\/\/www.instagram.com\/orthopara_tunisie\/\"]}]}<\/script>\n<!-- \/ Yoast SEO plugin. -->","yoast_head_json":{"title":"Isdin Pediatrics - Gel cr\u00e8me solaire familiale - 250ml - OrthoPara","robots":{"index":"index","follow":"follow","max-snippet":"max-snippet:-1","max-image-preview":"max-image-preview:large","max-video-preview":"max-video-preview:-1"},"canonical":"https:\/\/orthopara.store\/index.php\/produit\/isdin-pediatrics-gel-creme-solaire-familiale-250ml\/","og_locale":"fr_FR","og_type":"article","og_title":"Isdin Pediatrics - Gel cr\u00e8me solaire familiale - 250ml - OrthoPara","og_description":"La cr\u00e8me solaire familiale est un photoprotecteur pour le visage et le corps en gel cr\u00e8me qui hydrate comme une cr\u00e8me et rafra\u00eechit comme un gel. C'est id\u00e9ale pour toute la famille. Il est sp\u00e9cialement formul\u00e9 pour la peau des enfants et des b\u00e9b\u00e9s \u00e0 partir de 6 mois.","og_url":"https:\/\/orthopara.store\/index.php\/produit\/isdin-pediatrics-gel-creme-solaire-familiale-250ml\/","og_site_name":"OrthoPara","article_publisher":"https:\/\/www.facebook.com\/profile.php?id=61561194315651","article_modified_time":"2024-06-28T13:56:03+00:00","og_image":[{"width":800,"height":800,"url":"https:\/\/orthopara.store\/wp-content\/uploads\/2024\/06\/gel-creme-solaire-familiale-isdin-pediatrics-250ml.jpg","type":"image\/jpeg"}],"twitter_card":"summary_large_image","twitter_misc":{"Dur\u00e9e de lecture estim\u00e9e":"2 minutes"},"schema":{"@context":"https:\/\/schema.org","@graph":[{"@type":"WebPage","@id":"https:\/\/orthopara.store\/index.php\/produit\/isdin-pediatrics-gel-creme-solaire-familiale-250ml\/","url":"https:\/\/orthopara.store\/index.php\/produit\/isdin-pediatrics-gel-creme-solaire-familiale-250ml\/","name":"Isdin Pediatrics - Gel cr\u00e8me solaire familiale - 250ml - OrthoPara","isPartOf":{"@id":"https:\/\/orthopara.store\/#website"},"primaryImageOfPage":{"@id":"https:\/\/orthopara.store\/index.php\/produit\/isdin-pediatrics-gel-creme-solaire-familiale-250ml\/#primaryimage"},"image":{"@id":"https:\/\/orthopara.store\/index.php\/produit\/isdin-pediatrics-gel-creme-solaire-familiale-250ml\/#primaryimage"},"thumbnailUrl":"https:\/\/orthopara.store\/wp-content\/uploads\/2024\/06\/gel-creme-solaire-familiale-isdin-pediatrics-250ml.jpg","datePublished":"2024-06-28T13:56:00+00:00","dateModified":"2024-06-28T13:56:03+00:00","breadcrumb":{"@id":"https:\/\/orthopara.store\/index.php\/produit\/isdin-pediatrics-gel-creme-solaire-familiale-250ml\/#breadcrumb"},"inLanguage":"fr-FR","potentialAction":[{"@type":"ReadAction","target":["https:\/\/orthopara.store\/index.php\/produit\/isdin-pediatrics-gel-creme-solaire-familiale-250ml\/"]}]},{"@type":"ImageObject","inLanguage":"fr-FR","@id":"https:\/\/orthopara.store\/index.php\/produit\/isdin-pediatrics-gel-creme-solaire-familiale-250ml\/#primaryimage","url":"https:\/\/orthopara.store\/wp-content\/uploads\/2024\/06\/gel-creme-solaire-familiale-isdin-pediatrics-250ml.jpg","contentUrl":"https:\/\/orthopara.store\/wp-content\/uploads\/2024\/06\/gel-creme-solaire-familiale-isdin-pediatrics-250ml.jpg","width":800,"height":800},{"@type":"BreadcrumbList","@id":"https:\/\/orthopara.store\/index.php\/produit\/isdin-pediatrics-gel-creme-solaire-familiale-250ml\/#breadcrumb","itemListElement":[{"@type":"ListItem","position":1,"name":"Accueil","item":"https:\/\/orthopara.store\/"},{"@type":"ListItem","position":2,"name":"Shop","item":"https:\/\/orthopara.store\/?page_id=622"},{"@type":"ListItem","position":3,"name":"Isdin Pediatrics &#8211; Gel cr\u00e8me solaire familiale &#8211; 250ml"}]},{"@type":"WebSite","@id":"https:\/\/orthopara.store\/#website","url":"https:\/\/orthopara.store\/","name":"OrthoPara","description":"Parapharmacie","publisher":{"@id":"https:\/\/orthopara.store\/#organization"},"potentialAction":[{"@type":"SearchAction","target":{"@type":"EntryPoint","urlTemplate":"https:\/\/orthopara.store\/?s={search_term_string}"},"query-input":"required name=search_term_string"}],"inLanguage":"fr-FR"},{"@type":"Organization","@id":"https:\/\/orthopara.store\/#organization","name":"OrthoPara","url":"https:\/\/orthopara.store\/","logo":{"@type":"ImageObject","inLanguage":"fr-FR","@id":"https:\/\/orthopara.store\/#\/schema\/logo\/image\/","url":"https:\/\/orthopara.store\/wp-content\/uploads\/2024\/06\/cropped-9ABA8BAD-6256-4719-9315-15C66E64E882.png","contentUrl":"https:\/\/orthopara.store\/wp-content\/uploads\/2024\/06\/cropped-9ABA8BAD-6256-4719-9315-15C66E64E882.png","width":240,"height":72,"caption":"OrthoPara"},"image":{"@id":"https:\/\/orthopara.store\/#\/schema\/logo\/image\/"},"sameAs":["https:\/\/www.facebook.com\/profile.php?id=61561194315651","https:\/\/www.instagram.com\/orthopara_tunisie\/"]}]}},"jetpack_sharing_enabled":true,"brands":[{"id":42,"name":"ISDIN","slug":"isdin"}],"_links":{"self":[{"href":"https:\/\/orthopara.store\/index.php?rest_route=\/wp\/v2\/product\/1918","targetHints":{"allow":["GET"]}}],"collection":[{"href":"https:\/\/orthopara.store\/index.php?rest_route=\/wp\/v2\/product"}],"about":[{"href":"https:\/\/orthopara.store\/index.php?rest_route=\/wp\/v2\/types\/product"}],"replies":[{"embeddable":true,"href":"https:\/\/orthopara.store\/index.php?rest_route=%2Fwp%2Fv2%2Fcomments&post=1918"}],"wp:featuredmedia":[{"embeddable":true,"href":"https:\/\/orthopara.store\/index.php?rest_route=\/wp\/v2\/media\/1942"}],"wp:attachment":[{"href":"https:\/\/orthopara.store\/index.php?rest_route=%2Fwp%2Fv2%2Fmedia&parent=1918"}],"wp:term":[{"taxonomy":"pwb-brand","embeddable":true,"href":"https:\/\/orthopara.store\/index.php?rest_route=%2Fwp%2Fv2%2Fpwb-brand&post=1918"},{"taxonomy":"product_cat","embeddable":true,"href":"https:\/\/orthopara.store\/index.php?rest_route=%2Fwp%2Fv2%2Fproduct_cat&post=1918"},{"taxonomy":"product_tag","embeddable":true,"href":"https:\/\/orthopara.store\/index.php?rest_route=%2Fwp%2Fv2%2Fproduct_tag&post=1918"}],"curies":[{"name":"wp","href":"https:\/\/api.w.org\/{rel}","templated":true}]}}