{"id":1920,"date":"2024-06-28T15:56:00","date_gmt":"2024-06-28T13:56:00","guid":{"rendered":"https:\/\/orthopara.store\/?post_type=product&#038;p=1920"},"modified":"2024-06-28T15:56:04","modified_gmt":"2024-06-28T13:56:04","slug":"lait-crepitant-svr-sun-secure-200ml","status":"publish","type":"product","link":"https:\/\/orthopara.store\/?product=lait-crepitant-svr-sun-secure-200ml","title":{"rendered":"Lait cr\u00e9pitant &#8211; SVR Sun Secure &#8211; 200ml"},"content":{"rendered":"<p>Lait cr\u00e9pitant &#8211; SVR Sun Secure &#8211; 200ml<br \/>\nSUN SECURE Lait cr\u00e9pitant SPF50+ une texture in\u00e9dite pens\u00e9e pour petits et grands. Pour que se prot\u00e9ger du soleil devienne un vrai jeu d\u2019enfant !<br \/>\nUn lait en brume frais, l\u00e9ger et ultra-fun qui cr\u00e9pite sur la peau. Une texture fine pour une application facile et rapide. Elle laisse un fini totalement invisible, non gras et non collant. Sa fraicheur et son d\u00e9licat parfum d\u2019\u00e9t\u00e9 donnent envie d\u2019en r\u00e9appliquer encore et encore.<br \/>\nR\u00e9siste \u00e0 l\u2019eau, \u00e0 la transpiration et aux frottements.<br \/>\nComposition :<br \/>\nUne charte de formulation stricte adapt\u00e9e aux peaux hypersensibles au soleil. Efficacit\u00e9 prouv\u00e9e sous contr\u00f4le dermatologique sans compromis sur le plaisir d\u2019utilisation.<br \/>\nTest\u00e9 sous contr\u00f4le p\u00e9diatrique.<br \/>\nTr\u00e8s haute protection UVA et UVB gr\u00e2ce \u00e0 l\u2019association brevet\u00e9e*** de 4 filtres solaires organiques, photostables, qui forme une protection physique en surface :<br \/>\nBis-Ethylhexyloxyphenol Methoxyphenyl Triazine (Filtre UVB et UVA)<br \/>\nEthylhexyl Triazone (Filtre UVB)<br \/>\nDiethylamino Hydroxybenzoyl Hexyl Benzoate (Filtre UVA)<br \/>\nDiethylhexyl Butamido Triazone (Filtre UVB)<br \/>\nLes filtres suspect\u00e9s d\u2019\u00eatre perturbateurs endocriniens, n\u00e9fastes pour l\u2019\u00e9cosyst\u00e8me marin et ceux suspect\u00e9s d\u2019\u00eatre irritants ont \u00e9t\u00e9 \u00e9cart\u00e9s de la charte de formulation SVR.<br \/>\n&#8211;\u00a0 ***Protection infrarouge et lumi\u00e8re visible (dont lumi\u00e8re bleue) test\u00e9e biologiquement****. Le nouveau test repose sur le suivi de l\u2019activit\u00e9 de marqueurs cutan\u00e9s sp\u00e9cifiques pour v\u00e9rifier que nous prot\u00e9geons la peau des dommages induits par l\u2019exposition \u00e0 la lumi\u00e8re visible (dont la lumi\u00e8re bleue) et les infrarouges.<br \/>\nINCI : 757-Ao &#8211; Ingredients : Aqua\/Water\/Eau, Butane, Dicaprylyl Ether, Propane, Diisopropyl Adipate, Diethylamino Hydroxybenzoyl Hexyl Benzoate, Ethylhexyl Triazone, C12-15 Alkyl Benzoate, Bis-Ethylhexyloxyphenol Methoxyphenyl Triazine, Diethylhexyl Butamido Triazone, Silica, Beheneth-25, Propanediol, Pentylene Glycol, Acrylates\/C12-22 Alkyl Methacrylate Copolymer, Hydrogenated Vegetable Oil, Niacinamide, Cetearyl Alcohol, Polyester-7, Coco-Glucoside, Microcrystalline Cellulose, Neopentyl Glycol Diheptanoate, Parfum (Fragrance), 1,2-Hexanediol, Caprylyl Glycol, Glycerin, Arginine, Citric Acid, Tocopherol, Cellulose Gum, Hydroxyethyl Acrylate\/Sodium Acryloyldimethyl Taurate Copolymer, Disodium Lauryl Sulfosuccinate, Glycine Soja (Soybean) Oil, Lecithin, Polysorbate 60, Sorbitan Isostearate, Lepidium Sativum Sprout Extract.<\/p>\n<p>Conseils d&rsquo;utilisation :\u00a0<br \/>\nBien agiter avant emploi. Appliquer g\u00e9n\u00e9reusement et uniform\u00e9ment avant l\u2019exposition. Renouveler fr\u00e9quemment l\u2019application pour maintenir la protection, surtout apr\u00e8s avoir transpir\u00e9, nag\u00e9 ou s\u2019\u00eatre essuy\u00e9. Vaporiser dans les mains avant d\u2019appliquer sur le visage. Eviter le contact avec les yeux.<\/p>\n","protected":false},"excerpt":{"rendered":"<p>SVR Sun Secure<br \/>\nLait cr\u00e9pitant hydratant invisible sans alcool SPF50+<br \/>\nUne protection solaire ludique et efficace pour une peau prot\u00e9g\u00e9e et sublim\u00e9e.<\/p>\n<p>Peaux hypersensibles au soleil. B\u00e9b\u00e9, Enfant, Adulte. Visage et corps.<\/p>\n<p>Sun Secure : se prot\u00e9ger en toute transparence<\/p>\n<p>UVB + UVA + Visible + Infrarouges<\/p>\n<p>Contenance : 200ml<br \/>\nDLC : 10\/2025<\/p>\n","protected":false},"featured_media":1944,"comment_status":"open","ping_status":"closed","template":"","meta":[],"pwb-brand":[233],"product_cat":[231],"product_tag":[],"class_list":{"0":"post-1920","1":"product","2":"type-product","3":"status-publish","4":"has-post-thumbnail","6":"pwb-brand-svr-sun-secure","7":"product_cat-cremes-solaires-enfant","8":"post","9":"ws-product--style-1","11":"first","12":"instock","13":"shipping-taxable","14":"purchasable","15":"product-type-simple"},"yoast_head":"<!-- This site is optimized with the Yoast SEO plugin v23.0 - https:\/\/yoast.com\/wordpress\/plugins\/seo\/ -->\n<title>Lait cr\u00e9pitant - SVR Sun Secure - 200ml - OrthoPara<\/title>\n<meta name=\"robots\" content=\"index, follow, max-snippet:-1, max-image-preview:large, max-video-preview:-1\" \/>\n<link rel=\"canonical\" href=\"https:\/\/orthopara.store\/index.php\/produit\/lait-crepitant-svr-sun-secure-200ml\/\" \/>\n<meta property=\"og:locale\" content=\"fr_FR\" \/>\n<meta property=\"og:type\" content=\"article\" \/>\n<meta property=\"og:title\" content=\"Lait cr\u00e9pitant - SVR Sun Secure - 200ml - OrthoPara\" \/>\n<meta property=\"og:description\" content=\"SVR Sun Secure Lait cr\u00e9pitant hydratant invisible sans alcool SPF50+ Une protection solaire ludique et efficace pour une peau prot\u00e9g\u00e9e et sublim\u00e9e. Peaux hypersensibles au soleil. B\u00e9b\u00e9, Enfant, Adulte. Visage et corps.  Sun Secure : se prot\u00e9ger en toute transparence UVB + UVA + Visible + Infrarouges  Contenance : 200ml DLC : 10\/2025\" \/>\n<meta property=\"og:url\" content=\"https:\/\/orthopara.store\/index.php\/produit\/lait-crepitant-svr-sun-secure-200ml\/\" \/>\n<meta property=\"og:site_name\" content=\"OrthoPara\" \/>\n<meta property=\"article:publisher\" content=\"https:\/\/www.facebook.com\/profile.php?id=61561194315651\" \/>\n<meta property=\"article:modified_time\" content=\"2024-06-28T13:56:04+00:00\" \/>\n<meta property=\"og:image\" content=\"https:\/\/orthopara.store\/wp-content\/uploads\/2024\/06\/lait-crepitant-svr-sun-secure-200ml.jpg\" \/>\n\t<meta property=\"og:image:width\" content=\"800\" \/>\n\t<meta property=\"og:image:height\" content=\"800\" \/>\n\t<meta property=\"og:image:type\" content=\"image\/jpeg\" \/>\n<meta name=\"twitter:card\" content=\"summary_large_image\" \/>\n<meta name=\"twitter:label1\" content=\"Dur\u00e9e de lecture estim\u00e9e\" \/>\n\t<meta name=\"twitter:data1\" content=\"2 minutes\" \/>\n<script type=\"application\/ld+json\" class=\"yoast-schema-graph\">{\"@context\":\"https:\/\/schema.org\",\"@graph\":[{\"@type\":\"WebPage\",\"@id\":\"https:\/\/orthopara.store\/index.php\/produit\/lait-crepitant-svr-sun-secure-200ml\/\",\"url\":\"https:\/\/orthopara.store\/index.php\/produit\/lait-crepitant-svr-sun-secure-200ml\/\",\"name\":\"Lait cr\u00e9pitant - SVR Sun Secure - 200ml - OrthoPara\",\"isPartOf\":{\"@id\":\"https:\/\/orthopara.store\/#website\"},\"primaryImageOfPage\":{\"@id\":\"https:\/\/orthopara.store\/index.php\/produit\/lait-crepitant-svr-sun-secure-200ml\/#primaryimage\"},\"image\":{\"@id\":\"https:\/\/orthopara.store\/index.php\/produit\/lait-crepitant-svr-sun-secure-200ml\/#primaryimage\"},\"thumbnailUrl\":\"https:\/\/orthopara.store\/wp-content\/uploads\/2024\/06\/lait-crepitant-svr-sun-secure-200ml.jpg\",\"datePublished\":\"2024-06-28T13:56:00+00:00\",\"dateModified\":\"2024-06-28T13:56:04+00:00\",\"breadcrumb\":{\"@id\":\"https:\/\/orthopara.store\/index.php\/produit\/lait-crepitant-svr-sun-secure-200ml\/#breadcrumb\"},\"inLanguage\":\"fr-FR\",\"potentialAction\":[{\"@type\":\"ReadAction\",\"target\":[\"https:\/\/orthopara.store\/index.php\/produit\/lait-crepitant-svr-sun-secure-200ml\/\"]}]},{\"@type\":\"ImageObject\",\"inLanguage\":\"fr-FR\",\"@id\":\"https:\/\/orthopara.store\/index.php\/produit\/lait-crepitant-svr-sun-secure-200ml\/#primaryimage\",\"url\":\"https:\/\/orthopara.store\/wp-content\/uploads\/2024\/06\/lait-crepitant-svr-sun-secure-200ml.jpg\",\"contentUrl\":\"https:\/\/orthopara.store\/wp-content\/uploads\/2024\/06\/lait-crepitant-svr-sun-secure-200ml.jpg\",\"width\":800,\"height\":800},{\"@type\":\"BreadcrumbList\",\"@id\":\"https:\/\/orthopara.store\/index.php\/produit\/lait-crepitant-svr-sun-secure-200ml\/#breadcrumb\",\"itemListElement\":[{\"@type\":\"ListItem\",\"position\":1,\"name\":\"Accueil\",\"item\":\"https:\/\/orthopara.store\/\"},{\"@type\":\"ListItem\",\"position\":2,\"name\":\"Shop\",\"item\":\"https:\/\/orthopara.store\/?page_id=622\"},{\"@type\":\"ListItem\",\"position\":3,\"name\":\"Lait cr\u00e9pitant &#8211; SVR Sun Secure &#8211; 200ml\"}]},{\"@type\":\"WebSite\",\"@id\":\"https:\/\/orthopara.store\/#website\",\"url\":\"https:\/\/orthopara.store\/\",\"name\":\"OrthoPara\",\"description\":\"Parapharmacie\",\"publisher\":{\"@id\":\"https:\/\/orthopara.store\/#organization\"},\"potentialAction\":[{\"@type\":\"SearchAction\",\"target\":{\"@type\":\"EntryPoint\",\"urlTemplate\":\"https:\/\/orthopara.store\/?s={search_term_string}\"},\"query-input\":\"required name=search_term_string\"}],\"inLanguage\":\"fr-FR\"},{\"@type\":\"Organization\",\"@id\":\"https:\/\/orthopara.store\/#organization\",\"name\":\"OrthoPara\",\"url\":\"https:\/\/orthopara.store\/\",\"logo\":{\"@type\":\"ImageObject\",\"inLanguage\":\"fr-FR\",\"@id\":\"https:\/\/orthopara.store\/#\/schema\/logo\/image\/\",\"url\":\"https:\/\/orthopara.store\/wp-content\/uploads\/2024\/06\/cropped-9ABA8BAD-6256-4719-9315-15C66E64E882.png\",\"contentUrl\":\"https:\/\/orthopara.store\/wp-content\/uploads\/2024\/06\/cropped-9ABA8BAD-6256-4719-9315-15C66E64E882.png\",\"width\":240,\"height\":72,\"caption\":\"OrthoPara\"},\"image\":{\"@id\":\"https:\/\/orthopara.store\/#\/schema\/logo\/image\/\"},\"sameAs\":[\"https:\/\/www.facebook.com\/profile.php?id=61561194315651\",\"https:\/\/www.instagram.com\/orthopara_tunisie\/\"]}]}<\/script>\n<!-- \/ Yoast SEO plugin. -->","yoast_head_json":{"title":"Lait cr\u00e9pitant - SVR Sun Secure - 200ml - OrthoPara","robots":{"index":"index","follow":"follow","max-snippet":"max-snippet:-1","max-image-preview":"max-image-preview:large","max-video-preview":"max-video-preview:-1"},"canonical":"https:\/\/orthopara.store\/index.php\/produit\/lait-crepitant-svr-sun-secure-200ml\/","og_locale":"fr_FR","og_type":"article","og_title":"Lait cr\u00e9pitant - SVR Sun Secure - 200ml - OrthoPara","og_description":"SVR Sun Secure Lait cr\u00e9pitant hydratant invisible sans alcool SPF50+ Une protection solaire ludique et efficace pour une peau prot\u00e9g\u00e9e et sublim\u00e9e. Peaux hypersensibles au soleil. B\u00e9b\u00e9, Enfant, Adulte. Visage et corps.  Sun Secure : se prot\u00e9ger en toute transparence UVB + UVA + Visible + Infrarouges  Contenance : 200ml DLC : 10\/2025","og_url":"https:\/\/orthopara.store\/index.php\/produit\/lait-crepitant-svr-sun-secure-200ml\/","og_site_name":"OrthoPara","article_publisher":"https:\/\/www.facebook.com\/profile.php?id=61561194315651","article_modified_time":"2024-06-28T13:56:04+00:00","og_image":[{"width":800,"height":800,"url":"https:\/\/orthopara.store\/wp-content\/uploads\/2024\/06\/lait-crepitant-svr-sun-secure-200ml.jpg","type":"image\/jpeg"}],"twitter_card":"summary_large_image","twitter_misc":{"Dur\u00e9e de lecture estim\u00e9e":"2 minutes"},"schema":{"@context":"https:\/\/schema.org","@graph":[{"@type":"WebPage","@id":"https:\/\/orthopara.store\/index.php\/produit\/lait-crepitant-svr-sun-secure-200ml\/","url":"https:\/\/orthopara.store\/index.php\/produit\/lait-crepitant-svr-sun-secure-200ml\/","name":"Lait cr\u00e9pitant - SVR Sun Secure - 200ml - OrthoPara","isPartOf":{"@id":"https:\/\/orthopara.store\/#website"},"primaryImageOfPage":{"@id":"https:\/\/orthopara.store\/index.php\/produit\/lait-crepitant-svr-sun-secure-200ml\/#primaryimage"},"image":{"@id":"https:\/\/orthopara.store\/index.php\/produit\/lait-crepitant-svr-sun-secure-200ml\/#primaryimage"},"thumbnailUrl":"https:\/\/orthopara.store\/wp-content\/uploads\/2024\/06\/lait-crepitant-svr-sun-secure-200ml.jpg","datePublished":"2024-06-28T13:56:00+00:00","dateModified":"2024-06-28T13:56:04+00:00","breadcrumb":{"@id":"https:\/\/orthopara.store\/index.php\/produit\/lait-crepitant-svr-sun-secure-200ml\/#breadcrumb"},"inLanguage":"fr-FR","potentialAction":[{"@type":"ReadAction","target":["https:\/\/orthopara.store\/index.php\/produit\/lait-crepitant-svr-sun-secure-200ml\/"]}]},{"@type":"ImageObject","inLanguage":"fr-FR","@id":"https:\/\/orthopara.store\/index.php\/produit\/lait-crepitant-svr-sun-secure-200ml\/#primaryimage","url":"https:\/\/orthopara.store\/wp-content\/uploads\/2024\/06\/lait-crepitant-svr-sun-secure-200ml.jpg","contentUrl":"https:\/\/orthopara.store\/wp-content\/uploads\/2024\/06\/lait-crepitant-svr-sun-secure-200ml.jpg","width":800,"height":800},{"@type":"BreadcrumbList","@id":"https:\/\/orthopara.store\/index.php\/produit\/lait-crepitant-svr-sun-secure-200ml\/#breadcrumb","itemListElement":[{"@type":"ListItem","position":1,"name":"Accueil","item":"https:\/\/orthopara.store\/"},{"@type":"ListItem","position":2,"name":"Shop","item":"https:\/\/orthopara.store\/?page_id=622"},{"@type":"ListItem","position":3,"name":"Lait cr\u00e9pitant &#8211; SVR Sun Secure &#8211; 200ml"}]},{"@type":"WebSite","@id":"https:\/\/orthopara.store\/#website","url":"https:\/\/orthopara.store\/","name":"OrthoPara","description":"Parapharmacie","publisher":{"@id":"https:\/\/orthopara.store\/#organization"},"potentialAction":[{"@type":"SearchAction","target":{"@type":"EntryPoint","urlTemplate":"https:\/\/orthopara.store\/?s={search_term_string}"},"query-input":"required name=search_term_string"}],"inLanguage":"fr-FR"},{"@type":"Organization","@id":"https:\/\/orthopara.store\/#organization","name":"OrthoPara","url":"https:\/\/orthopara.store\/","logo":{"@type":"ImageObject","inLanguage":"fr-FR","@id":"https:\/\/orthopara.store\/#\/schema\/logo\/image\/","url":"https:\/\/orthopara.store\/wp-content\/uploads\/2024\/06\/cropped-9ABA8BAD-6256-4719-9315-15C66E64E882.png","contentUrl":"https:\/\/orthopara.store\/wp-content\/uploads\/2024\/06\/cropped-9ABA8BAD-6256-4719-9315-15C66E64E882.png","width":240,"height":72,"caption":"OrthoPara"},"image":{"@id":"https:\/\/orthopara.store\/#\/schema\/logo\/image\/"},"sameAs":["https:\/\/www.facebook.com\/profile.php?id=61561194315651","https:\/\/www.instagram.com\/orthopara_tunisie\/"]}]}},"jetpack_sharing_enabled":true,"brands":[{"id":233,"name":"SVR Sun Secure","slug":"svr-sun-secure"}],"_links":{"self":[{"href":"https:\/\/orthopara.store\/index.php?rest_route=\/wp\/v2\/product\/1920","targetHints":{"allow":["GET"]}}],"collection":[{"href":"https:\/\/orthopara.store\/index.php?rest_route=\/wp\/v2\/product"}],"about":[{"href":"https:\/\/orthopara.store\/index.php?rest_route=\/wp\/v2\/types\/product"}],"replies":[{"embeddable":true,"href":"https:\/\/orthopara.store\/index.php?rest_route=%2Fwp%2Fv2%2Fcomments&post=1920"}],"wp:featuredmedia":[{"embeddable":true,"href":"https:\/\/orthopara.store\/index.php?rest_route=\/wp\/v2\/media\/1944"}],"wp:attachment":[{"href":"https:\/\/orthopara.store\/index.php?rest_route=%2Fwp%2Fv2%2Fmedia&parent=1920"}],"wp:term":[{"taxonomy":"pwb-brand","embeddable":true,"href":"https:\/\/orthopara.store\/index.php?rest_route=%2Fwp%2Fv2%2Fpwb-brand&post=1920"},{"taxonomy":"product_cat","embeddable":true,"href":"https:\/\/orthopara.store\/index.php?rest_route=%2Fwp%2Fv2%2Fproduct_cat&post=1920"},{"taxonomy":"product_tag","embeddable":true,"href":"https:\/\/orthopara.store\/index.php?rest_route=%2Fwp%2Fv2%2Fproduct_tag&post=1920"}],"curies":[{"name":"wp","href":"https:\/\/api.w.org\/{rel}","templated":true}]}}