{"id":1921,"date":"2024-06-28T15:56:00","date_gmt":"2024-06-28T13:56:00","guid":{"rendered":"https:\/\/orthopara.store\/?post_type=product&#038;p=1921"},"modified":"2024-06-28T15:56:04","modified_gmt":"2024-06-28T13:56:04","slug":"lait-solaire-pour-enfants-spf50-calino-sun-kids-200ml","status":"publish","type":"product","link":"https:\/\/orthopara.store\/?product=lait-solaire-pour-enfants-spf50-calino-sun-kids-200ml","title":{"rendered":"Lait solaire pour enfants spf50+ &#8211; Calino Sun Kids &#8211; 200ml"},"content":{"rendered":"<p>Lait solaire pour enfants spf50+ &#8211; Calino Sun Kids &#8211; 200ml<br \/>\nCalino Sun Kids est un lait solaire hydratant de tr\u00e8s haute protection SPF 50+, con\u00e7u sp\u00e9cialement pour la peau fragile et d\u00e9licate des enfants afin de les prot\u00e9ger des coups de soleil et des dommages cutan\u00e9es\u00a0<br \/>\nConseils d&rsquo;utilisation :<br \/>\nAvant toute exposition au soleil, appliquer uniform\u00e9ment sur le visage et\/ou le corps de l&rsquo;enfant.<br \/>\nl&rsquo;utilisation de ce produit ne doit pas inciter \u00e0 s&rsquo;exposer longtemps au soleil. Renouveler fr\u00e9quemment l&rsquo;application en cas d&rsquo;exposition prolong\u00e9es et apr\u00e8s chaque baignage.\u00a0<\/p>\n","protected":false},"excerpt":{"rendered":"<p>Calino Sun Kids<br \/>\nLait solaire pour enfants spf50+<br \/>\nCalino Sun Kids est un lait solaire hydratant de tr\u00e8s haute protection SPF 50+, con\u00e7u sp\u00e9cialement pour la peau fragile et d\u00e9licate des enfants afin de les prot\u00e9ger des coups de soleil et des dommages cutan\u00e9es\u00a0<br \/>\nContenance : 200ml\u00a0<br \/>\nDLC : 05\/2026<\/p>\n","protected":false},"featured_media":1945,"comment_status":"open","ping_status":"closed","template":"","meta":[],"pwb-brand":[190],"product_cat":[231],"product_tag":[],"class_list":{"0":"post-1921","1":"product","2":"type-product","3":"status-publish","4":"has-post-thumbnail","6":"pwb-brand-calino","7":"product_cat-cremes-solaires-enfant","8":"post","9":"ws-product--style-1","11":"first","12":"instock","13":"shipping-taxable","14":"purchasable","15":"product-type-simple"},"yoast_head":"<!-- This site is optimized with the Yoast SEO plugin v23.0 - https:\/\/yoast.com\/wordpress\/plugins\/seo\/ -->\n<title>Lait solaire pour enfants spf50+ - Calino Sun Kids - 200ml - OrthoPara<\/title>\n<meta name=\"robots\" content=\"index, follow, max-snippet:-1, max-image-preview:large, max-video-preview:-1\" \/>\n<link rel=\"canonical\" href=\"https:\/\/orthopara.store\/index.php\/produit\/lait-solaire-pour-enfants-spf50-calino-sun-kids-200ml\/\" \/>\n<meta property=\"og:locale\" content=\"fr_FR\" \/>\n<meta property=\"og:type\" content=\"article\" \/>\n<meta property=\"og:title\" content=\"Lait solaire pour enfants spf50+ - Calino Sun Kids - 200ml - OrthoPara\" \/>\n<meta property=\"og:description\" content=\"Calino Sun Kids Lait solaire pour enfants spf50+ Calino Sun Kids est un lait solaire hydratant de tr\u00e8s haute protection SPF 50+, con\u00e7u sp\u00e9cialement pour la peau fragile et d\u00e9licate des enfants afin de les prot\u00e9ger des coups de soleil et des dommages cutan\u00e9es\u00a0 Contenance : 200ml\u00a0 DLC : 05\/2026\" \/>\n<meta property=\"og:url\" content=\"https:\/\/orthopara.store\/index.php\/produit\/lait-solaire-pour-enfants-spf50-calino-sun-kids-200ml\/\" \/>\n<meta property=\"og:site_name\" content=\"OrthoPara\" \/>\n<meta property=\"article:publisher\" content=\"https:\/\/www.facebook.com\/profile.php?id=61561194315651\" \/>\n<meta property=\"article:modified_time\" content=\"2024-06-28T13:56:04+00:00\" \/>\n<meta property=\"og:image\" content=\"https:\/\/orthopara.store\/wp-content\/uploads\/2024\/06\/lait-solaire-pour-enfants-spf50-calino-sun-kids-200ml.jpg\" \/>\n\t<meta property=\"og:image:width\" content=\"800\" \/>\n\t<meta property=\"og:image:height\" content=\"800\" \/>\n\t<meta property=\"og:image:type\" content=\"image\/jpeg\" \/>\n<meta name=\"twitter:card\" content=\"summary_large_image\" \/>\n<script type=\"application\/ld+json\" class=\"yoast-schema-graph\">{\"@context\":\"https:\/\/schema.org\",\"@graph\":[{\"@type\":\"WebPage\",\"@id\":\"https:\/\/orthopara.store\/index.php\/produit\/lait-solaire-pour-enfants-spf50-calino-sun-kids-200ml\/\",\"url\":\"https:\/\/orthopara.store\/index.php\/produit\/lait-solaire-pour-enfants-spf50-calino-sun-kids-200ml\/\",\"name\":\"Lait solaire pour enfants spf50+ - Calino Sun Kids - 200ml - OrthoPara\",\"isPartOf\":{\"@id\":\"https:\/\/orthopara.store\/#website\"},\"primaryImageOfPage\":{\"@id\":\"https:\/\/orthopara.store\/index.php\/produit\/lait-solaire-pour-enfants-spf50-calino-sun-kids-200ml\/#primaryimage\"},\"image\":{\"@id\":\"https:\/\/orthopara.store\/index.php\/produit\/lait-solaire-pour-enfants-spf50-calino-sun-kids-200ml\/#primaryimage\"},\"thumbnailUrl\":\"https:\/\/orthopara.store\/wp-content\/uploads\/2024\/06\/lait-solaire-pour-enfants-spf50-calino-sun-kids-200ml.jpg\",\"datePublished\":\"2024-06-28T13:56:00+00:00\",\"dateModified\":\"2024-06-28T13:56:04+00:00\",\"breadcrumb\":{\"@id\":\"https:\/\/orthopara.store\/index.php\/produit\/lait-solaire-pour-enfants-spf50-calino-sun-kids-200ml\/#breadcrumb\"},\"inLanguage\":\"fr-FR\",\"potentialAction\":[{\"@type\":\"ReadAction\",\"target\":[\"https:\/\/orthopara.store\/index.php\/produit\/lait-solaire-pour-enfants-spf50-calino-sun-kids-200ml\/\"]}]},{\"@type\":\"ImageObject\",\"inLanguage\":\"fr-FR\",\"@id\":\"https:\/\/orthopara.store\/index.php\/produit\/lait-solaire-pour-enfants-spf50-calino-sun-kids-200ml\/#primaryimage\",\"url\":\"https:\/\/orthopara.store\/wp-content\/uploads\/2024\/06\/lait-solaire-pour-enfants-spf50-calino-sun-kids-200ml.jpg\",\"contentUrl\":\"https:\/\/orthopara.store\/wp-content\/uploads\/2024\/06\/lait-solaire-pour-enfants-spf50-calino-sun-kids-200ml.jpg\",\"width\":800,\"height\":800},{\"@type\":\"BreadcrumbList\",\"@id\":\"https:\/\/orthopara.store\/index.php\/produit\/lait-solaire-pour-enfants-spf50-calino-sun-kids-200ml\/#breadcrumb\",\"itemListElement\":[{\"@type\":\"ListItem\",\"position\":1,\"name\":\"Accueil\",\"item\":\"https:\/\/orthopara.store\/\"},{\"@type\":\"ListItem\",\"position\":2,\"name\":\"Shop\",\"item\":\"https:\/\/orthopara.store\/?page_id=622\"},{\"@type\":\"ListItem\",\"position\":3,\"name\":\"Lait solaire pour enfants spf50+ &#8211; Calino Sun Kids &#8211; 200ml\"}]},{\"@type\":\"WebSite\",\"@id\":\"https:\/\/orthopara.store\/#website\",\"url\":\"https:\/\/orthopara.store\/\",\"name\":\"OrthoPara\",\"description\":\"Parapharmacie\",\"publisher\":{\"@id\":\"https:\/\/orthopara.store\/#organization\"},\"potentialAction\":[{\"@type\":\"SearchAction\",\"target\":{\"@type\":\"EntryPoint\",\"urlTemplate\":\"https:\/\/orthopara.store\/?s={search_term_string}\"},\"query-input\":\"required name=search_term_string\"}],\"inLanguage\":\"fr-FR\"},{\"@type\":\"Organization\",\"@id\":\"https:\/\/orthopara.store\/#organization\",\"name\":\"OrthoPara\",\"url\":\"https:\/\/orthopara.store\/\",\"logo\":{\"@type\":\"ImageObject\",\"inLanguage\":\"fr-FR\",\"@id\":\"https:\/\/orthopara.store\/#\/schema\/logo\/image\/\",\"url\":\"https:\/\/orthopara.store\/wp-content\/uploads\/2024\/06\/cropped-9ABA8BAD-6256-4719-9315-15C66E64E882.png\",\"contentUrl\":\"https:\/\/orthopara.store\/wp-content\/uploads\/2024\/06\/cropped-9ABA8BAD-6256-4719-9315-15C66E64E882.png\",\"width\":240,\"height\":72,\"caption\":\"OrthoPara\"},\"image\":{\"@id\":\"https:\/\/orthopara.store\/#\/schema\/logo\/image\/\"},\"sameAs\":[\"https:\/\/www.facebook.com\/profile.php?id=61561194315651\",\"https:\/\/www.instagram.com\/orthopara_tunisie\/\"]}]}<\/script>\n<!-- \/ Yoast SEO plugin. -->","yoast_head_json":{"title":"Lait solaire pour enfants spf50+ - Calino Sun Kids - 200ml - OrthoPara","robots":{"index":"index","follow":"follow","max-snippet":"max-snippet:-1","max-image-preview":"max-image-preview:large","max-video-preview":"max-video-preview:-1"},"canonical":"https:\/\/orthopara.store\/index.php\/produit\/lait-solaire-pour-enfants-spf50-calino-sun-kids-200ml\/","og_locale":"fr_FR","og_type":"article","og_title":"Lait solaire pour enfants spf50+ - Calino Sun Kids - 200ml - OrthoPara","og_description":"Calino Sun Kids Lait solaire pour enfants spf50+ Calino Sun Kids est un lait solaire hydratant de tr\u00e8s haute protection SPF 50+, con\u00e7u sp\u00e9cialement pour la peau fragile et d\u00e9licate des enfants afin de les prot\u00e9ger des coups de soleil et des dommages cutan\u00e9es\u00a0 Contenance : 200ml\u00a0 DLC : 05\/2026","og_url":"https:\/\/orthopara.store\/index.php\/produit\/lait-solaire-pour-enfants-spf50-calino-sun-kids-200ml\/","og_site_name":"OrthoPara","article_publisher":"https:\/\/www.facebook.com\/profile.php?id=61561194315651","article_modified_time":"2024-06-28T13:56:04+00:00","og_image":[{"width":800,"height":800,"url":"https:\/\/orthopara.store\/wp-content\/uploads\/2024\/06\/lait-solaire-pour-enfants-spf50-calino-sun-kids-200ml.jpg","type":"image\/jpeg"}],"twitter_card":"summary_large_image","schema":{"@context":"https:\/\/schema.org","@graph":[{"@type":"WebPage","@id":"https:\/\/orthopara.store\/index.php\/produit\/lait-solaire-pour-enfants-spf50-calino-sun-kids-200ml\/","url":"https:\/\/orthopara.store\/index.php\/produit\/lait-solaire-pour-enfants-spf50-calino-sun-kids-200ml\/","name":"Lait solaire pour enfants spf50+ - Calino Sun Kids - 200ml - OrthoPara","isPartOf":{"@id":"https:\/\/orthopara.store\/#website"},"primaryImageOfPage":{"@id":"https:\/\/orthopara.store\/index.php\/produit\/lait-solaire-pour-enfants-spf50-calino-sun-kids-200ml\/#primaryimage"},"image":{"@id":"https:\/\/orthopara.store\/index.php\/produit\/lait-solaire-pour-enfants-spf50-calino-sun-kids-200ml\/#primaryimage"},"thumbnailUrl":"https:\/\/orthopara.store\/wp-content\/uploads\/2024\/06\/lait-solaire-pour-enfants-spf50-calino-sun-kids-200ml.jpg","datePublished":"2024-06-28T13:56:00+00:00","dateModified":"2024-06-28T13:56:04+00:00","breadcrumb":{"@id":"https:\/\/orthopara.store\/index.php\/produit\/lait-solaire-pour-enfants-spf50-calino-sun-kids-200ml\/#breadcrumb"},"inLanguage":"fr-FR","potentialAction":[{"@type":"ReadAction","target":["https:\/\/orthopara.store\/index.php\/produit\/lait-solaire-pour-enfants-spf50-calino-sun-kids-200ml\/"]}]},{"@type":"ImageObject","inLanguage":"fr-FR","@id":"https:\/\/orthopara.store\/index.php\/produit\/lait-solaire-pour-enfants-spf50-calino-sun-kids-200ml\/#primaryimage","url":"https:\/\/orthopara.store\/wp-content\/uploads\/2024\/06\/lait-solaire-pour-enfants-spf50-calino-sun-kids-200ml.jpg","contentUrl":"https:\/\/orthopara.store\/wp-content\/uploads\/2024\/06\/lait-solaire-pour-enfants-spf50-calino-sun-kids-200ml.jpg","width":800,"height":800},{"@type":"BreadcrumbList","@id":"https:\/\/orthopara.store\/index.php\/produit\/lait-solaire-pour-enfants-spf50-calino-sun-kids-200ml\/#breadcrumb","itemListElement":[{"@type":"ListItem","position":1,"name":"Accueil","item":"https:\/\/orthopara.store\/"},{"@type":"ListItem","position":2,"name":"Shop","item":"https:\/\/orthopara.store\/?page_id=622"},{"@type":"ListItem","position":3,"name":"Lait solaire pour enfants spf50+ &#8211; Calino Sun Kids &#8211; 200ml"}]},{"@type":"WebSite","@id":"https:\/\/orthopara.store\/#website","url":"https:\/\/orthopara.store\/","name":"OrthoPara","description":"Parapharmacie","publisher":{"@id":"https:\/\/orthopara.store\/#organization"},"potentialAction":[{"@type":"SearchAction","target":{"@type":"EntryPoint","urlTemplate":"https:\/\/orthopara.store\/?s={search_term_string}"},"query-input":"required name=search_term_string"}],"inLanguage":"fr-FR"},{"@type":"Organization","@id":"https:\/\/orthopara.store\/#organization","name":"OrthoPara","url":"https:\/\/orthopara.store\/","logo":{"@type":"ImageObject","inLanguage":"fr-FR","@id":"https:\/\/orthopara.store\/#\/schema\/logo\/image\/","url":"https:\/\/orthopara.store\/wp-content\/uploads\/2024\/06\/cropped-9ABA8BAD-6256-4719-9315-15C66E64E882.png","contentUrl":"https:\/\/orthopara.store\/wp-content\/uploads\/2024\/06\/cropped-9ABA8BAD-6256-4719-9315-15C66E64E882.png","width":240,"height":72,"caption":"OrthoPara"},"image":{"@id":"https:\/\/orthopara.store\/#\/schema\/logo\/image\/"},"sameAs":["https:\/\/www.facebook.com\/profile.php?id=61561194315651","https:\/\/www.instagram.com\/orthopara_tunisie\/"]}]}},"jetpack_sharing_enabled":true,"brands":[{"id":190,"name":"C\u00e2lino","slug":"calino"}],"_links":{"self":[{"href":"https:\/\/orthopara.store\/index.php?rest_route=\/wp\/v2\/product\/1921","targetHints":{"allow":["GET"]}}],"collection":[{"href":"https:\/\/orthopara.store\/index.php?rest_route=\/wp\/v2\/product"}],"about":[{"href":"https:\/\/orthopara.store\/index.php?rest_route=\/wp\/v2\/types\/product"}],"replies":[{"embeddable":true,"href":"https:\/\/orthopara.store\/index.php?rest_route=%2Fwp%2Fv2%2Fcomments&post=1921"}],"wp:featuredmedia":[{"embeddable":true,"href":"https:\/\/orthopara.store\/index.php?rest_route=\/wp\/v2\/media\/1945"}],"wp:attachment":[{"href":"https:\/\/orthopara.store\/index.php?rest_route=%2Fwp%2Fv2%2Fmedia&parent=1921"}],"wp:term":[{"taxonomy":"pwb-brand","embeddable":true,"href":"https:\/\/orthopara.store\/index.php?rest_route=%2Fwp%2Fv2%2Fpwb-brand&post=1921"},{"taxonomy":"product_cat","embeddable":true,"href":"https:\/\/orthopara.store\/index.php?rest_route=%2Fwp%2Fv2%2Fproduct_cat&post=1921"},{"taxonomy":"product_tag","embeddable":true,"href":"https:\/\/orthopara.store\/index.php?rest_route=%2Fwp%2Fv2%2Fproduct_tag&post=1921"}],"curies":[{"name":"wp","href":"https:\/\/api.w.org\/{rel}","templated":true}]}}