{"id":1922,"date":"2024-06-28T15:56:00","date_gmt":"2024-06-28T13:56:00","guid":{"rendered":"https:\/\/orthopara.store\/?post_type=product&#038;p=1922"},"modified":"2024-06-28T15:56:05","modified_gmt":"2024-06-28T13:56:05","slug":"lait-photoprotecteur-kids-spf50-lirene-sun-kids-150ml","status":"publish","type":"product","link":"https:\/\/orthopara.store\/?product=lait-photoprotecteur-kids-spf50-lirene-sun-kids-150ml","title":{"rendered":"Lait photoprotecteur kids spf50 &#8211; Lirene Sun Kids &#8211; 150ml"},"content":{"rendered":"<p>Lait photoprotecteur kids &#8211; Lirene &#8211; 150ml<br \/>\nLirene Sun Kids Lait de protection solaire photostable pour enfants parfum vanille SPF 50 150 ml<br \/>\nUn syst\u00e8me de filtres UVA et UVB photostables prot\u00e8ge efficacement la peau des coups de soleil, en absorbant le rayonnement et en freinant ses effets. La lotion renforce le m\u00e9canisme de d\u00e9fense naturel contre les rayons UV, tandis que la vitamine E assure une bonne protection antioxydante. Peut \u00eatre utilis\u00e9 pour les enfants \u00e0 partir de 7 mois.<br \/>\nIngr\u00e9dients :<br \/>\nFiltres organiques et min\u00e9raux photostables<br \/>\nils forment une fine pellicule \u00e0 la surface de la peau \u00e0 partir de laquelle les rayons UVA et UVB sont r\u00e9fl\u00e9chis ou absorb\u00e9s<br \/>\nConseils d&rsquo;utilisation :<br \/>\nAppliquer la quantit\u00e9 appropri\u00e9e de LAIT sur le corps \u2013 id\u00e9alement 15 minutes avant l&rsquo;exposition au soleil.<br \/>\nListe compl\u00e8te des ingr\u00e9dients :<br \/>\nINCI : Aqua (Water), Dibutyl Adipate, Ethylhexyl Methoxycinnamate, Caprylic\/Capric Triglyceride, Glycerin, Ethylhexyl Triazone, Potassium Cetyl Phosphate, Butyl Methoxydibenzoylmethane, Methylene Bis-Benzotriazolyl Tetramethylbutylphenol (nano), Bis-Ethylhexyloxyphenol Methoxyphenyl Triazine, 1,2-Hexanediol, Cetearyl Alcohol, Dimethicone, VP\/Hexadecene Copolymer, Acrylates\/C12-22 Alkyl Methacrylate Copolymer, Hydroxyacetophenone, Diethylamino Hydroxybenzoyl Hexyl Benzoate, Gossypium Herbaceum (Cotton) Seed Oil, Tocopheryl Acetate, Allantoin, Decyl Glucoside, Arginine, Acrylates\/C10-30 Alkyl Acrylate Crosspolymer, Tromethamine, Coco-Glucoside, Disodium EDTA, Xanthan Gum, Disodium Lauryl Sulfosuccinate, Propylene Glycol, Hydrolyzed Linseed Extract, Phenoxyethanol, Parfum (Fragrance), Benzyl Salicylate<\/p>\n","protected":false},"excerpt":{"rendered":"<p>Lirene Photostable Sun\u00a0<br \/>\nLait de protection solaire pour enfant<br \/>\nProt\u00e8ge la peau sensible de votre b\u00e9b\u00e9 pendant une longue exposition au soleil.<br \/>\nle lait est destin\u00e9 aux enfants \u00e0 partir de six mois.<br \/>\nLa formule imperm\u00e9able \u00e0 l\u2019eau est efficace m\u00eame pendant la baignade prolong\u00e9e.<br \/>\nContenance : 150ml<\/p>\n","protected":false},"featured_media":1946,"comment_status":"open","ping_status":"closed","template":"","meta":[],"pwb-brand":[46],"product_cat":[231],"product_tag":[],"class_list":{"0":"post-1922","1":"product","2":"type-product","3":"status-publish","4":"has-post-thumbnail","6":"pwb-brand-lirene","7":"product_cat-cremes-solaires-enfant","8":"post","9":"ws-product--style-1","11":"first","12":"instock","13":"shipping-taxable","14":"purchasable","15":"product-type-simple"},"yoast_head":"<!-- This site is optimized with the Yoast SEO plugin v23.0 - https:\/\/yoast.com\/wordpress\/plugins\/seo\/ -->\n<title>Lait photoprotecteur kids spf50 - Lirene Sun Kids - 150ml - OrthoPara<\/title>\n<meta name=\"robots\" content=\"index, follow, max-snippet:-1, max-image-preview:large, max-video-preview:-1\" \/>\n<link rel=\"canonical\" href=\"https:\/\/orthopara.store\/index.php\/produit\/lait-photoprotecteur-kids-spf50-lirene-sun-kids-150ml\/\" \/>\n<meta property=\"og:locale\" content=\"fr_FR\" \/>\n<meta property=\"og:type\" content=\"article\" \/>\n<meta property=\"og:title\" content=\"Lait photoprotecteur kids spf50 - Lirene Sun Kids - 150ml - OrthoPara\" \/>\n<meta property=\"og:description\" content=\"Lirene Photostable Sun\u00a0 Lait de protection solaire pour enfant Prot\u00e8ge la peau sensible de votre b\u00e9b\u00e9 pendant une longue exposition au soleil. le lait est destin\u00e9 aux enfants \u00e0 partir de six mois. La formule imperm\u00e9able \u00e0 l\u2019eau est efficace m\u00eame pendant la baignade prolong\u00e9e. Contenance : 150ml\" \/>\n<meta property=\"og:url\" content=\"https:\/\/orthopara.store\/index.php\/produit\/lait-photoprotecteur-kids-spf50-lirene-sun-kids-150ml\/\" \/>\n<meta property=\"og:site_name\" content=\"OrthoPara\" \/>\n<meta property=\"article:publisher\" content=\"https:\/\/www.facebook.com\/profile.php?id=61561194315651\" \/>\n<meta property=\"article:modified_time\" content=\"2024-06-28T13:56:05+00:00\" \/>\n<meta property=\"og:image\" content=\"https:\/\/orthopara.store\/wp-content\/uploads\/2024\/06\/lait-photoprotecteur-kids-spf50-lirene-sun-kids-150ml.jpg\" \/>\n\t<meta property=\"og:image:width\" content=\"800\" \/>\n\t<meta property=\"og:image:height\" content=\"800\" \/>\n\t<meta property=\"og:image:type\" content=\"image\/jpeg\" \/>\n<meta name=\"twitter:card\" content=\"summary_large_image\" \/>\n<meta name=\"twitter:label1\" content=\"Dur\u00e9e de lecture estim\u00e9e\" \/>\n\t<meta name=\"twitter:data1\" content=\"1 minute\" \/>\n<script type=\"application\/ld+json\" class=\"yoast-schema-graph\">{\"@context\":\"https:\/\/schema.org\",\"@graph\":[{\"@type\":\"WebPage\",\"@id\":\"https:\/\/orthopara.store\/index.php\/produit\/lait-photoprotecteur-kids-spf50-lirene-sun-kids-150ml\/\",\"url\":\"https:\/\/orthopara.store\/index.php\/produit\/lait-photoprotecteur-kids-spf50-lirene-sun-kids-150ml\/\",\"name\":\"Lait photoprotecteur kids spf50 - Lirene Sun Kids - 150ml - OrthoPara\",\"isPartOf\":{\"@id\":\"https:\/\/orthopara.store\/#website\"},\"primaryImageOfPage\":{\"@id\":\"https:\/\/orthopara.store\/index.php\/produit\/lait-photoprotecteur-kids-spf50-lirene-sun-kids-150ml\/#primaryimage\"},\"image\":{\"@id\":\"https:\/\/orthopara.store\/index.php\/produit\/lait-photoprotecteur-kids-spf50-lirene-sun-kids-150ml\/#primaryimage\"},\"thumbnailUrl\":\"https:\/\/orthopara.store\/wp-content\/uploads\/2024\/06\/lait-photoprotecteur-kids-spf50-lirene-sun-kids-150ml.jpg\",\"datePublished\":\"2024-06-28T13:56:00+00:00\",\"dateModified\":\"2024-06-28T13:56:05+00:00\",\"breadcrumb\":{\"@id\":\"https:\/\/orthopara.store\/index.php\/produit\/lait-photoprotecteur-kids-spf50-lirene-sun-kids-150ml\/#breadcrumb\"},\"inLanguage\":\"fr-FR\",\"potentialAction\":[{\"@type\":\"ReadAction\",\"target\":[\"https:\/\/orthopara.store\/index.php\/produit\/lait-photoprotecteur-kids-spf50-lirene-sun-kids-150ml\/\"]}]},{\"@type\":\"ImageObject\",\"inLanguage\":\"fr-FR\",\"@id\":\"https:\/\/orthopara.store\/index.php\/produit\/lait-photoprotecteur-kids-spf50-lirene-sun-kids-150ml\/#primaryimage\",\"url\":\"https:\/\/orthopara.store\/wp-content\/uploads\/2024\/06\/lait-photoprotecteur-kids-spf50-lirene-sun-kids-150ml.jpg\",\"contentUrl\":\"https:\/\/orthopara.store\/wp-content\/uploads\/2024\/06\/lait-photoprotecteur-kids-spf50-lirene-sun-kids-150ml.jpg\",\"width\":800,\"height\":800},{\"@type\":\"BreadcrumbList\",\"@id\":\"https:\/\/orthopara.store\/index.php\/produit\/lait-photoprotecteur-kids-spf50-lirene-sun-kids-150ml\/#breadcrumb\",\"itemListElement\":[{\"@type\":\"ListItem\",\"position\":1,\"name\":\"Accueil\",\"item\":\"https:\/\/orthopara.store\/\"},{\"@type\":\"ListItem\",\"position\":2,\"name\":\"Shop\",\"item\":\"https:\/\/orthopara.store\/?page_id=622\"},{\"@type\":\"ListItem\",\"position\":3,\"name\":\"Lait photoprotecteur kids spf50 &#8211; Lirene Sun Kids &#8211; 150ml\"}]},{\"@type\":\"WebSite\",\"@id\":\"https:\/\/orthopara.store\/#website\",\"url\":\"https:\/\/orthopara.store\/\",\"name\":\"OrthoPara\",\"description\":\"Parapharmacie\",\"publisher\":{\"@id\":\"https:\/\/orthopara.store\/#organization\"},\"potentialAction\":[{\"@type\":\"SearchAction\",\"target\":{\"@type\":\"EntryPoint\",\"urlTemplate\":\"https:\/\/orthopara.store\/?s={search_term_string}\"},\"query-input\":\"required name=search_term_string\"}],\"inLanguage\":\"fr-FR\"},{\"@type\":\"Organization\",\"@id\":\"https:\/\/orthopara.store\/#organization\",\"name\":\"OrthoPara\",\"url\":\"https:\/\/orthopara.store\/\",\"logo\":{\"@type\":\"ImageObject\",\"inLanguage\":\"fr-FR\",\"@id\":\"https:\/\/orthopara.store\/#\/schema\/logo\/image\/\",\"url\":\"https:\/\/orthopara.store\/wp-content\/uploads\/2024\/06\/cropped-9ABA8BAD-6256-4719-9315-15C66E64E882.png\",\"contentUrl\":\"https:\/\/orthopara.store\/wp-content\/uploads\/2024\/06\/cropped-9ABA8BAD-6256-4719-9315-15C66E64E882.png\",\"width\":240,\"height\":72,\"caption\":\"OrthoPara\"},\"image\":{\"@id\":\"https:\/\/orthopara.store\/#\/schema\/logo\/image\/\"},\"sameAs\":[\"https:\/\/www.facebook.com\/profile.php?id=61561194315651\",\"https:\/\/www.instagram.com\/orthopara_tunisie\/\"]}]}<\/script>\n<!-- \/ Yoast SEO plugin. -->","yoast_head_json":{"title":"Lait photoprotecteur kids spf50 - Lirene Sun Kids - 150ml - OrthoPara","robots":{"index":"index","follow":"follow","max-snippet":"max-snippet:-1","max-image-preview":"max-image-preview:large","max-video-preview":"max-video-preview:-1"},"canonical":"https:\/\/orthopara.store\/index.php\/produit\/lait-photoprotecteur-kids-spf50-lirene-sun-kids-150ml\/","og_locale":"fr_FR","og_type":"article","og_title":"Lait photoprotecteur kids spf50 - Lirene Sun Kids - 150ml - OrthoPara","og_description":"Lirene Photostable Sun\u00a0 Lait de protection solaire pour enfant Prot\u00e8ge la peau sensible de votre b\u00e9b\u00e9 pendant une longue exposition au soleil. le lait est destin\u00e9 aux enfants \u00e0 partir de six mois. La formule imperm\u00e9able \u00e0 l\u2019eau est efficace m\u00eame pendant la baignade prolong\u00e9e. Contenance : 150ml","og_url":"https:\/\/orthopara.store\/index.php\/produit\/lait-photoprotecteur-kids-spf50-lirene-sun-kids-150ml\/","og_site_name":"OrthoPara","article_publisher":"https:\/\/www.facebook.com\/profile.php?id=61561194315651","article_modified_time":"2024-06-28T13:56:05+00:00","og_image":[{"width":800,"height":800,"url":"https:\/\/orthopara.store\/wp-content\/uploads\/2024\/06\/lait-photoprotecteur-kids-spf50-lirene-sun-kids-150ml.jpg","type":"image\/jpeg"}],"twitter_card":"summary_large_image","twitter_misc":{"Dur\u00e9e de lecture estim\u00e9e":"1 minute"},"schema":{"@context":"https:\/\/schema.org","@graph":[{"@type":"WebPage","@id":"https:\/\/orthopara.store\/index.php\/produit\/lait-photoprotecteur-kids-spf50-lirene-sun-kids-150ml\/","url":"https:\/\/orthopara.store\/index.php\/produit\/lait-photoprotecteur-kids-spf50-lirene-sun-kids-150ml\/","name":"Lait photoprotecteur kids spf50 - Lirene Sun Kids - 150ml - OrthoPara","isPartOf":{"@id":"https:\/\/orthopara.store\/#website"},"primaryImageOfPage":{"@id":"https:\/\/orthopara.store\/index.php\/produit\/lait-photoprotecteur-kids-spf50-lirene-sun-kids-150ml\/#primaryimage"},"image":{"@id":"https:\/\/orthopara.store\/index.php\/produit\/lait-photoprotecteur-kids-spf50-lirene-sun-kids-150ml\/#primaryimage"},"thumbnailUrl":"https:\/\/orthopara.store\/wp-content\/uploads\/2024\/06\/lait-photoprotecteur-kids-spf50-lirene-sun-kids-150ml.jpg","datePublished":"2024-06-28T13:56:00+00:00","dateModified":"2024-06-28T13:56:05+00:00","breadcrumb":{"@id":"https:\/\/orthopara.store\/index.php\/produit\/lait-photoprotecteur-kids-spf50-lirene-sun-kids-150ml\/#breadcrumb"},"inLanguage":"fr-FR","potentialAction":[{"@type":"ReadAction","target":["https:\/\/orthopara.store\/index.php\/produit\/lait-photoprotecteur-kids-spf50-lirene-sun-kids-150ml\/"]}]},{"@type":"ImageObject","inLanguage":"fr-FR","@id":"https:\/\/orthopara.store\/index.php\/produit\/lait-photoprotecteur-kids-spf50-lirene-sun-kids-150ml\/#primaryimage","url":"https:\/\/orthopara.store\/wp-content\/uploads\/2024\/06\/lait-photoprotecteur-kids-spf50-lirene-sun-kids-150ml.jpg","contentUrl":"https:\/\/orthopara.store\/wp-content\/uploads\/2024\/06\/lait-photoprotecteur-kids-spf50-lirene-sun-kids-150ml.jpg","width":800,"height":800},{"@type":"BreadcrumbList","@id":"https:\/\/orthopara.store\/index.php\/produit\/lait-photoprotecteur-kids-spf50-lirene-sun-kids-150ml\/#breadcrumb","itemListElement":[{"@type":"ListItem","position":1,"name":"Accueil","item":"https:\/\/orthopara.store\/"},{"@type":"ListItem","position":2,"name":"Shop","item":"https:\/\/orthopara.store\/?page_id=622"},{"@type":"ListItem","position":3,"name":"Lait photoprotecteur kids spf50 &#8211; Lirene Sun Kids &#8211; 150ml"}]},{"@type":"WebSite","@id":"https:\/\/orthopara.store\/#website","url":"https:\/\/orthopara.store\/","name":"OrthoPara","description":"Parapharmacie","publisher":{"@id":"https:\/\/orthopara.store\/#organization"},"potentialAction":[{"@type":"SearchAction","target":{"@type":"EntryPoint","urlTemplate":"https:\/\/orthopara.store\/?s={search_term_string}"},"query-input":"required name=search_term_string"}],"inLanguage":"fr-FR"},{"@type":"Organization","@id":"https:\/\/orthopara.store\/#organization","name":"OrthoPara","url":"https:\/\/orthopara.store\/","logo":{"@type":"ImageObject","inLanguage":"fr-FR","@id":"https:\/\/orthopara.store\/#\/schema\/logo\/image\/","url":"https:\/\/orthopara.store\/wp-content\/uploads\/2024\/06\/cropped-9ABA8BAD-6256-4719-9315-15C66E64E882.png","contentUrl":"https:\/\/orthopara.store\/wp-content\/uploads\/2024\/06\/cropped-9ABA8BAD-6256-4719-9315-15C66E64E882.png","width":240,"height":72,"caption":"OrthoPara"},"image":{"@id":"https:\/\/orthopara.store\/#\/schema\/logo\/image\/"},"sameAs":["https:\/\/www.facebook.com\/profile.php?id=61561194315651","https:\/\/www.instagram.com\/orthopara_tunisie\/"]}]}},"jetpack_sharing_enabled":true,"brands":[{"id":46,"name":"LIRENE","slug":"lirene"}],"_links":{"self":[{"href":"https:\/\/orthopara.store\/index.php?rest_route=\/wp\/v2\/product\/1922","targetHints":{"allow":["GET"]}}],"collection":[{"href":"https:\/\/orthopara.store\/index.php?rest_route=\/wp\/v2\/product"}],"about":[{"href":"https:\/\/orthopara.store\/index.php?rest_route=\/wp\/v2\/types\/product"}],"replies":[{"embeddable":true,"href":"https:\/\/orthopara.store\/index.php?rest_route=%2Fwp%2Fv2%2Fcomments&post=1922"}],"wp:featuredmedia":[{"embeddable":true,"href":"https:\/\/orthopara.store\/index.php?rest_route=\/wp\/v2\/media\/1946"}],"wp:attachment":[{"href":"https:\/\/orthopara.store\/index.php?rest_route=%2Fwp%2Fv2%2Fmedia&parent=1922"}],"wp:term":[{"taxonomy":"pwb-brand","embeddable":true,"href":"https:\/\/orthopara.store\/index.php?rest_route=%2Fwp%2Fv2%2Fpwb-brand&post=1922"},{"taxonomy":"product_cat","embeddable":true,"href":"https:\/\/orthopara.store\/index.php?rest_route=%2Fwp%2Fv2%2Fproduct_cat&post=1922"},{"taxonomy":"product_tag","embeddable":true,"href":"https:\/\/orthopara.store\/index.php?rest_route=%2Fwp%2Fv2%2Fproduct_tag&post=1922"}],"curies":[{"name":"wp","href":"https:\/\/api.w.org\/{rel}","templated":true}]}}