{"id":1923,"date":"2024-06-28T15:56:00","date_gmt":"2024-06-28T13:56:00","guid":{"rendered":"https:\/\/orthopara.store\/?post_type=product&#038;p=1923"},"modified":"2024-06-28T15:56:05","modified_gmt":"2024-06-28T13:56:05","slug":"lotion-solaire-pour-enfants-spf50-heliocare-360-pediatrics-200ml","status":"publish","type":"product","link":"https:\/\/orthopara.store\/?product=lotion-solaire-pour-enfants-spf50-heliocare-360-pediatrics-200ml","title":{"rendered":"Lotion solaire pour enfants spf50 &#8211; Heliocare 360\u00b0 Pediatrics &#8211; 200ml"},"content":{"rendered":"<p>Protecteur hypoallerg\u00e9nique \u00e0 texture l\u00e9g\u00e8re pour la peau du visage et du corps des enfants, test\u00e9 sur peaux sensibles. Sa formule et son format avec doseur permettent une application facile du produit qui est rapidement absorb\u00e9 et \u00e9tal\u00e9.<br \/>\nIl r\u00e9pond aux exigences les plus \u00e9lev\u00e9es en mati\u00e8re de photoprotection. Avec Fernblock\u00ae+, des filtres sp\u00e9cifiques et des actifs r\u00e9parateurs et antioxydants, il prot\u00e8ge des 4 rayonnements (UVB, UVA, Visible et Infrarouge), neutralise et r\u00e9pare les m\u00e9faits du soleil. Test\u00e9 sous contr\u00f4le p\u00e9diatrique, dermatologique et ophtalmologique.<br \/>\nAvantages :<br \/>\nProtection \u00e0 large spectre (SPF50+, PA++++, Visible et Infrarouge)<br \/>\nActivit\u00e9 r\u00e9paratrice des dommages solaires<br \/>\nAntioxydant<br \/>\nTest\u00e9 sur peaux sensibles<br \/>\nHydratant<br \/>\nR\u00e9sistant \u00e0 l&rsquo;eau<br \/>\nHypoallerg\u00e9nique<br \/>\nTest\u00e9 sous contr\u00f4le p\u00e9diatrique<br \/>\nTest\u00e9 sous contr\u00f4le dermatologique<br \/>\nTest\u00e9 sous contr\u00f4le ophtalmologique<br \/>\nConseils d&rsquo;utilisation :<br \/>\nAgiter avant utilisation. Appliquer g\u00e9n\u00e9reusement et uniform\u00e9ment avant l&rsquo;exposition au soleil. Renouvelez fr\u00e9quemment l&rsquo;application, surtout apr\u00e8s des bains prolong\u00e9s ou une transpiration excessive.<br \/>\nComposition :\u00a0<br \/>\nCombinaison optimale et stable d&rsquo;\u00e9crans solaires<br \/>\nFernblock\u00ae+<br \/>\nGlycosylase<br \/>\nPhysavie<br \/>\nOTZ 10<br \/>\nBiomim\u00e9tique M\u00e9lanine<br \/>\nArginine<\/p>\n<p>Conditionnement :<br \/>\nTube airless 200ml<\/p>\n","protected":false},"excerpt":{"rendered":"<p>Heliocare 360\u00b0 Pediatrics<br \/>\nLotion photoprotectrice pour enfants<br \/>\nProtecteur hypoallerg\u00e9nique \u00e0 texture l\u00e9g\u00e8re pour la peau du visage et du corps des enfants, test\u00e9 sur peaux sensibles. Sa formule et son format avec doseur permettent une application facile du produit qui est rapidement absorb\u00e9 et \u00e9tal\u00e9.<br \/>\nEnfants pour le visage et le corps.<\/p>\n","protected":false},"featured_media":1947,"comment_status":"open","ping_status":"closed","template":"","meta":[],"pwb-brand":[50],"product_cat":[231],"product_tag":[],"class_list":{"0":"post-1923","1":"product","2":"type-product","3":"status-publish","4":"has-post-thumbnail","6":"pwb-brand-cantabria-labs","7":"product_cat-cremes-solaires-enfant","8":"post","9":"ws-product--style-1","11":"first","12":"instock","13":"shipping-taxable","14":"purchasable","15":"product-type-simple"},"yoast_head":"<!-- This site is optimized with the Yoast SEO plugin v23.0 - https:\/\/yoast.com\/wordpress\/plugins\/seo\/ -->\n<title>Lotion solaire pour enfants spf50 - Heliocare 360\u00b0 Pediatrics - 200ml - OrthoPara<\/title>\n<meta name=\"robots\" content=\"index, follow, max-snippet:-1, max-image-preview:large, max-video-preview:-1\" \/>\n<link rel=\"canonical\" href=\"https:\/\/orthopara.store\/index.php\/produit\/lotion-solaire-pour-enfants-spf50-heliocare-360-pediatrics-200ml\/\" \/>\n<meta property=\"og:locale\" content=\"fr_FR\" \/>\n<meta property=\"og:type\" content=\"article\" \/>\n<meta property=\"og:title\" content=\"Lotion solaire pour enfants spf50 - Heliocare 360\u00b0 Pediatrics - 200ml - OrthoPara\" \/>\n<meta property=\"og:description\" content=\"Heliocare 360\u00b0 Pediatrics Lotion photoprotectrice pour enfants Protecteur hypoallerg\u00e9nique \u00e0 texture l\u00e9g\u00e8re pour la peau du visage et du corps des enfants, test\u00e9 sur peaux sensibles. Sa formule et son format avec doseur permettent une application facile du produit qui est rapidement absorb\u00e9 et \u00e9tal\u00e9. Enfants pour le visage et le corps.\" \/>\n<meta property=\"og:url\" content=\"https:\/\/orthopara.store\/index.php\/produit\/lotion-solaire-pour-enfants-spf50-heliocare-360-pediatrics-200ml\/\" \/>\n<meta property=\"og:site_name\" content=\"OrthoPara\" \/>\n<meta property=\"article:publisher\" content=\"https:\/\/www.facebook.com\/profile.php?id=61561194315651\" \/>\n<meta property=\"article:modified_time\" content=\"2024-06-28T13:56:05+00:00\" \/>\n<meta property=\"og:image\" content=\"https:\/\/orthopara.store\/wp-content\/uploads\/2024\/06\/lotion-solaire-pour-enfants-spf50-heliocare-360-pediatrics-200ml.jpg\" \/>\n\t<meta property=\"og:image:width\" content=\"800\" \/>\n\t<meta property=\"og:image:height\" content=\"800\" \/>\n\t<meta property=\"og:image:type\" content=\"image\/jpeg\" \/>\n<meta name=\"twitter:card\" content=\"summary_large_image\" \/>\n<meta name=\"twitter:label1\" content=\"Dur\u00e9e de lecture estim\u00e9e\" \/>\n\t<meta name=\"twitter:data1\" content=\"1 minute\" \/>\n<script type=\"application\/ld+json\" class=\"yoast-schema-graph\">{\"@context\":\"https:\/\/schema.org\",\"@graph\":[{\"@type\":\"WebPage\",\"@id\":\"https:\/\/orthopara.store\/index.php\/produit\/lotion-solaire-pour-enfants-spf50-heliocare-360-pediatrics-200ml\/\",\"url\":\"https:\/\/orthopara.store\/index.php\/produit\/lotion-solaire-pour-enfants-spf50-heliocare-360-pediatrics-200ml\/\",\"name\":\"Lotion solaire pour enfants spf50 - Heliocare 360\u00b0 Pediatrics - 200ml - OrthoPara\",\"isPartOf\":{\"@id\":\"https:\/\/orthopara.store\/#website\"},\"primaryImageOfPage\":{\"@id\":\"https:\/\/orthopara.store\/index.php\/produit\/lotion-solaire-pour-enfants-spf50-heliocare-360-pediatrics-200ml\/#primaryimage\"},\"image\":{\"@id\":\"https:\/\/orthopara.store\/index.php\/produit\/lotion-solaire-pour-enfants-spf50-heliocare-360-pediatrics-200ml\/#primaryimage\"},\"thumbnailUrl\":\"https:\/\/orthopara.store\/wp-content\/uploads\/2024\/06\/lotion-solaire-pour-enfants-spf50-heliocare-360-pediatrics-200ml.jpg\",\"datePublished\":\"2024-06-28T13:56:00+00:00\",\"dateModified\":\"2024-06-28T13:56:05+00:00\",\"breadcrumb\":{\"@id\":\"https:\/\/orthopara.store\/index.php\/produit\/lotion-solaire-pour-enfants-spf50-heliocare-360-pediatrics-200ml\/#breadcrumb\"},\"inLanguage\":\"fr-FR\",\"potentialAction\":[{\"@type\":\"ReadAction\",\"target\":[\"https:\/\/orthopara.store\/index.php\/produit\/lotion-solaire-pour-enfants-spf50-heliocare-360-pediatrics-200ml\/\"]}]},{\"@type\":\"ImageObject\",\"inLanguage\":\"fr-FR\",\"@id\":\"https:\/\/orthopara.store\/index.php\/produit\/lotion-solaire-pour-enfants-spf50-heliocare-360-pediatrics-200ml\/#primaryimage\",\"url\":\"https:\/\/orthopara.store\/wp-content\/uploads\/2024\/06\/lotion-solaire-pour-enfants-spf50-heliocare-360-pediatrics-200ml.jpg\",\"contentUrl\":\"https:\/\/orthopara.store\/wp-content\/uploads\/2024\/06\/lotion-solaire-pour-enfants-spf50-heliocare-360-pediatrics-200ml.jpg\",\"width\":800,\"height\":800},{\"@type\":\"BreadcrumbList\",\"@id\":\"https:\/\/orthopara.store\/index.php\/produit\/lotion-solaire-pour-enfants-spf50-heliocare-360-pediatrics-200ml\/#breadcrumb\",\"itemListElement\":[{\"@type\":\"ListItem\",\"position\":1,\"name\":\"Accueil\",\"item\":\"https:\/\/orthopara.store\/\"},{\"@type\":\"ListItem\",\"position\":2,\"name\":\"Shop\",\"item\":\"https:\/\/orthopara.store\/?page_id=622\"},{\"@type\":\"ListItem\",\"position\":3,\"name\":\"Lotion solaire pour enfants spf50 &#8211; Heliocare 360\u00b0 Pediatrics &#8211; 200ml\"}]},{\"@type\":\"WebSite\",\"@id\":\"https:\/\/orthopara.store\/#website\",\"url\":\"https:\/\/orthopara.store\/\",\"name\":\"OrthoPara\",\"description\":\"Parapharmacie\",\"publisher\":{\"@id\":\"https:\/\/orthopara.store\/#organization\"},\"potentialAction\":[{\"@type\":\"SearchAction\",\"target\":{\"@type\":\"EntryPoint\",\"urlTemplate\":\"https:\/\/orthopara.store\/?s={search_term_string}\"},\"query-input\":\"required name=search_term_string\"}],\"inLanguage\":\"fr-FR\"},{\"@type\":\"Organization\",\"@id\":\"https:\/\/orthopara.store\/#organization\",\"name\":\"OrthoPara\",\"url\":\"https:\/\/orthopara.store\/\",\"logo\":{\"@type\":\"ImageObject\",\"inLanguage\":\"fr-FR\",\"@id\":\"https:\/\/orthopara.store\/#\/schema\/logo\/image\/\",\"url\":\"https:\/\/orthopara.store\/wp-content\/uploads\/2024\/06\/cropped-9ABA8BAD-6256-4719-9315-15C66E64E882.png\",\"contentUrl\":\"https:\/\/orthopara.store\/wp-content\/uploads\/2024\/06\/cropped-9ABA8BAD-6256-4719-9315-15C66E64E882.png\",\"width\":240,\"height\":72,\"caption\":\"OrthoPara\"},\"image\":{\"@id\":\"https:\/\/orthopara.store\/#\/schema\/logo\/image\/\"},\"sameAs\":[\"https:\/\/www.facebook.com\/profile.php?id=61561194315651\",\"https:\/\/www.instagram.com\/orthopara_tunisie\/\"]}]}<\/script>\n<!-- \/ Yoast SEO plugin. -->","yoast_head_json":{"title":"Lotion solaire pour enfants spf50 - Heliocare 360\u00b0 Pediatrics - 200ml - OrthoPara","robots":{"index":"index","follow":"follow","max-snippet":"max-snippet:-1","max-image-preview":"max-image-preview:large","max-video-preview":"max-video-preview:-1"},"canonical":"https:\/\/orthopara.store\/index.php\/produit\/lotion-solaire-pour-enfants-spf50-heliocare-360-pediatrics-200ml\/","og_locale":"fr_FR","og_type":"article","og_title":"Lotion solaire pour enfants spf50 - Heliocare 360\u00b0 Pediatrics - 200ml - OrthoPara","og_description":"Heliocare 360\u00b0 Pediatrics Lotion photoprotectrice pour enfants Protecteur hypoallerg\u00e9nique \u00e0 texture l\u00e9g\u00e8re pour la peau du visage et du corps des enfants, test\u00e9 sur peaux sensibles. Sa formule et son format avec doseur permettent une application facile du produit qui est rapidement absorb\u00e9 et \u00e9tal\u00e9. Enfants pour le visage et le corps.","og_url":"https:\/\/orthopara.store\/index.php\/produit\/lotion-solaire-pour-enfants-spf50-heliocare-360-pediatrics-200ml\/","og_site_name":"OrthoPara","article_publisher":"https:\/\/www.facebook.com\/profile.php?id=61561194315651","article_modified_time":"2024-06-28T13:56:05+00:00","og_image":[{"width":800,"height":800,"url":"https:\/\/orthopara.store\/wp-content\/uploads\/2024\/06\/lotion-solaire-pour-enfants-spf50-heliocare-360-pediatrics-200ml.jpg","type":"image\/jpeg"}],"twitter_card":"summary_large_image","twitter_misc":{"Dur\u00e9e de lecture estim\u00e9e":"1 minute"},"schema":{"@context":"https:\/\/schema.org","@graph":[{"@type":"WebPage","@id":"https:\/\/orthopara.store\/index.php\/produit\/lotion-solaire-pour-enfants-spf50-heliocare-360-pediatrics-200ml\/","url":"https:\/\/orthopara.store\/index.php\/produit\/lotion-solaire-pour-enfants-spf50-heliocare-360-pediatrics-200ml\/","name":"Lotion solaire pour enfants spf50 - Heliocare 360\u00b0 Pediatrics - 200ml - OrthoPara","isPartOf":{"@id":"https:\/\/orthopara.store\/#website"},"primaryImageOfPage":{"@id":"https:\/\/orthopara.store\/index.php\/produit\/lotion-solaire-pour-enfants-spf50-heliocare-360-pediatrics-200ml\/#primaryimage"},"image":{"@id":"https:\/\/orthopara.store\/index.php\/produit\/lotion-solaire-pour-enfants-spf50-heliocare-360-pediatrics-200ml\/#primaryimage"},"thumbnailUrl":"https:\/\/orthopara.store\/wp-content\/uploads\/2024\/06\/lotion-solaire-pour-enfants-spf50-heliocare-360-pediatrics-200ml.jpg","datePublished":"2024-06-28T13:56:00+00:00","dateModified":"2024-06-28T13:56:05+00:00","breadcrumb":{"@id":"https:\/\/orthopara.store\/index.php\/produit\/lotion-solaire-pour-enfants-spf50-heliocare-360-pediatrics-200ml\/#breadcrumb"},"inLanguage":"fr-FR","potentialAction":[{"@type":"ReadAction","target":["https:\/\/orthopara.store\/index.php\/produit\/lotion-solaire-pour-enfants-spf50-heliocare-360-pediatrics-200ml\/"]}]},{"@type":"ImageObject","inLanguage":"fr-FR","@id":"https:\/\/orthopara.store\/index.php\/produit\/lotion-solaire-pour-enfants-spf50-heliocare-360-pediatrics-200ml\/#primaryimage","url":"https:\/\/orthopara.store\/wp-content\/uploads\/2024\/06\/lotion-solaire-pour-enfants-spf50-heliocare-360-pediatrics-200ml.jpg","contentUrl":"https:\/\/orthopara.store\/wp-content\/uploads\/2024\/06\/lotion-solaire-pour-enfants-spf50-heliocare-360-pediatrics-200ml.jpg","width":800,"height":800},{"@type":"BreadcrumbList","@id":"https:\/\/orthopara.store\/index.php\/produit\/lotion-solaire-pour-enfants-spf50-heliocare-360-pediatrics-200ml\/#breadcrumb","itemListElement":[{"@type":"ListItem","position":1,"name":"Accueil","item":"https:\/\/orthopara.store\/"},{"@type":"ListItem","position":2,"name":"Shop","item":"https:\/\/orthopara.store\/?page_id=622"},{"@type":"ListItem","position":3,"name":"Lotion solaire pour enfants spf50 &#8211; Heliocare 360\u00b0 Pediatrics &#8211; 200ml"}]},{"@type":"WebSite","@id":"https:\/\/orthopara.store\/#website","url":"https:\/\/orthopara.store\/","name":"OrthoPara","description":"Parapharmacie","publisher":{"@id":"https:\/\/orthopara.store\/#organization"},"potentialAction":[{"@type":"SearchAction","target":{"@type":"EntryPoint","urlTemplate":"https:\/\/orthopara.store\/?s={search_term_string}"},"query-input":"required name=search_term_string"}],"inLanguage":"fr-FR"},{"@type":"Organization","@id":"https:\/\/orthopara.store\/#organization","name":"OrthoPara","url":"https:\/\/orthopara.store\/","logo":{"@type":"ImageObject","inLanguage":"fr-FR","@id":"https:\/\/orthopara.store\/#\/schema\/logo\/image\/","url":"https:\/\/orthopara.store\/wp-content\/uploads\/2024\/06\/cropped-9ABA8BAD-6256-4719-9315-15C66E64E882.png","contentUrl":"https:\/\/orthopara.store\/wp-content\/uploads\/2024\/06\/cropped-9ABA8BAD-6256-4719-9315-15C66E64E882.png","width":240,"height":72,"caption":"OrthoPara"},"image":{"@id":"https:\/\/orthopara.store\/#\/schema\/logo\/image\/"},"sameAs":["https:\/\/www.facebook.com\/profile.php?id=61561194315651","https:\/\/www.instagram.com\/orthopara_tunisie\/"]}]}},"jetpack_sharing_enabled":true,"brands":[{"id":50,"name":"Cantabria Labs","slug":"cantabria-labs"}],"_links":{"self":[{"href":"https:\/\/orthopara.store\/index.php?rest_route=\/wp\/v2\/product\/1923","targetHints":{"allow":["GET"]}}],"collection":[{"href":"https:\/\/orthopara.store\/index.php?rest_route=\/wp\/v2\/product"}],"about":[{"href":"https:\/\/orthopara.store\/index.php?rest_route=\/wp\/v2\/types\/product"}],"replies":[{"embeddable":true,"href":"https:\/\/orthopara.store\/index.php?rest_route=%2Fwp%2Fv2%2Fcomments&post=1923"}],"wp:featuredmedia":[{"embeddable":true,"href":"https:\/\/orthopara.store\/index.php?rest_route=\/wp\/v2\/media\/1947"}],"wp:attachment":[{"href":"https:\/\/orthopara.store\/index.php?rest_route=%2Fwp%2Fv2%2Fmedia&parent=1923"}],"wp:term":[{"taxonomy":"pwb-brand","embeddable":true,"href":"https:\/\/orthopara.store\/index.php?rest_route=%2Fwp%2Fv2%2Fpwb-brand&post=1923"},{"taxonomy":"product_cat","embeddable":true,"href":"https:\/\/orthopara.store\/index.php?rest_route=%2Fwp%2Fv2%2Fproduct_cat&post=1923"},{"taxonomy":"product_tag","embeddable":true,"href":"https:\/\/orthopara.store\/index.php?rest_route=%2Fwp%2Fv2%2Fproduct_tag&post=1923"}],"curies":[{"name":"wp","href":"https:\/\/api.w.org\/{rel}","templated":true}]}}