{"id":1926,"date":"2024-06-28T15:56:01","date_gmt":"2024-06-28T13:56:01","guid":{"rendered":"https:\/\/orthopara.store\/?post_type=product&#038;p=1926"},"modified":"2024-06-28T15:56:07","modified_gmt":"2024-06-28T13:56:07","slug":"pharmaceris-s-spectrum-protect-ecran-solaire-invisible-spf50-ppd30-50ml","status":"publish","type":"product","link":"https:\/\/orthopara.store\/?product=pharmaceris-s-spectrum-protect-ecran-solaire-invisible-spf50-ppd30-50ml","title":{"rendered":"Pharmaceris S Spectrum Protect &#8211; Ecran solaire invisible spf50+ PPD30 &#8211; 50ml"},"content":{"rendered":"<p>Pharmaceris S Spectrum Protect SPF50+ offre un large spectre de protection UVB, UVA, HEV, IR. Cette cr\u00e8me poss\u00e8de une texture non collante, \u00e0 absorption rapide, ne graisse pas la peau, ne cause pas de points noirs et n&rsquo;obstrue pas les pores.\u00a0\u00a0<br \/>\nCr\u00e8me recommand\u00e9e pour les peaux d\u00e9licates, sensibles et s\u00e8ches du visage avec tendance aux r\u00e9actions allergiques et aux l\u00e9sions pigmentaires qui a besoin de tr\u00e8s haute protection contre la lumi\u00e8re intense du soleil, les coups de soleil et les rayons nocifs UVA\/UVB, la lumi\u00e8re visible et infrarouge, qui constituent un spectre complet de rayonnement atteignant la Terre.<br \/>\nElle est adapt\u00e9e aux peaux des enfants et des nourrissons de plus de six mois.<br \/>\nPharmaceris S Spectrum Protect de formule ultra l\u00e9g\u00e8re prot\u00e8ge la peau \u00e0 plusieurs niveaux gr\u00e2ce \u00e0 l\u2019utilisation de la technologie moderne de filtres \u00e0 large bande.<br \/>\nComposition :<br \/>\nAntileuDNAprotector : prot\u00e8ge le syst\u00e8me immunitaire de la peau, car il bloque la lib\u00e9ration de facteurs pro-inflammatoires \u00e0 la suite d\u2019une exposition \u00e0 des facteurs externes en minimisant les r\u00e9actions inflammatoires ind\u00e9sirables de la peau r\u00e9sultant d\u2019une exposition au soleil : l\u2019irritation, les d\u00e9mangeaisons, les rougeurs, l\u2019\u00e9ryth\u00e8me, les d\u00e9colorations.<br \/>\nFiltres \u00e0 large bande : fournissent une protection contre le rayonnement solaire: UVB, UVA, IR (infrarouge) et HEV (lumi\u00e8re visible).<br \/>\nBeurre de karit\u00e9 : imite la structure naturelle lipidique de la peau, apaise et nourrit l\u2019\u00e9piderme.<br \/>\nVitamine E : prot\u00e8ge contre les facteurs externes ind\u00e9sirables, hydrate et acc\u00e9l\u00e8re le processus de r\u00e9g\u00e9n\u00e9ration.<br \/>\nHuile de canola : riche en vitamine E naturelle aux propri\u00e9t\u00e9s apaisantes, r\u00e9duit les sympt\u00f4mes de s\u00e9cheresse de l\u2019\u00e9piderme.<br \/>\nAllanto\u00efne : apaise les irritations, soigne et r\u00e9g\u00e9n\u00e8re l\u2019\u00e9piderme.<br \/>\nConseils d&rsquo;utilisation :\u00a0\u00a0<br \/>\nAppliquer la couche appropri\u00e9e de la cr\u00e8me sur le visage avant 20-30 minutes de l&rsquo;exposition au soleil. Renouvelez l&rsquo;application toutes les deux heures et apr\u00e8s chaque bain et baignade\u00a0<br \/>\nContenance :<br \/>\n50ml<\/p>\n","protected":false},"excerpt":{"rendered":"<p>Ecran solaire Invisible\u00a0<br \/>\nHaute protection Spf 50+ UVA + UVB + HEY + IR<br \/>\nCr\u00e8me recommand\u00e9e pour les peaux d\u00e9licates, sensibles et s\u00e8ches du visage avec tendance aux r\u00e9actions allergiques et aux l\u00e9sions pigmentaires qui a besoin de tr\u00e8s haute protection contre la lumi\u00e8re intense du soleil, les coups de soleil et les rayons nocifs UVA\/UVB, la lumi\u00e8re visible et infrarouge, qui constituent un spectre complet de rayonnement atteignant la Terre.<\/p>\n<p>Elle est adapt\u00e9e aux peaux des enfants et des nourrissons de plus de six mois.<\/p>\n","protected":false},"featured_media":1950,"comment_status":"open","ping_status":"closed","template":"","meta":[],"pwb-brand":[55],"product_cat":[231],"product_tag":[],"class_list":{"0":"post-1926","1":"product","2":"type-product","3":"status-publish","4":"has-post-thumbnail","6":"pwb-brand-pharmaceris","7":"product_cat-cremes-solaires-enfant","8":"post","9":"ws-product--style-1","11":"first","12":"instock","13":"shipping-taxable","14":"purchasable","15":"product-type-simple"},"yoast_head":"<!-- This site is optimized with the Yoast SEO plugin v23.0 - https:\/\/yoast.com\/wordpress\/plugins\/seo\/ -->\n<title>Pharmaceris S Spectrum Protect - Ecran solaire invisible spf50+ PPD30 - 50ml - OrthoPara<\/title>\n<meta name=\"robots\" content=\"index, follow, max-snippet:-1, max-image-preview:large, max-video-preview:-1\" \/>\n<link rel=\"canonical\" href=\"https:\/\/orthopara.store\/index.php\/produit\/pharmaceris-s-spectrum-protect-ecran-solaire-invisible-spf50-ppd30-50ml\/\" \/>\n<meta property=\"og:locale\" content=\"fr_FR\" \/>\n<meta property=\"og:type\" content=\"article\" \/>\n<meta property=\"og:title\" content=\"Pharmaceris S Spectrum Protect - Ecran solaire invisible spf50+ PPD30 - 50ml - OrthoPara\" \/>\n<meta property=\"og:description\" content=\"Ecran solaire Invisible\u00a0 Haute protection Spf 50+ UVA + UVB + HEY + IR Cr\u00e8me recommand\u00e9e pour les peaux d\u00e9licates, sensibles et s\u00e8ches du visage avec tendance aux r\u00e9actions allergiques et aux l\u00e9sions pigmentaires qui a besoin de tr\u00e8s haute protection contre la lumi\u00e8re intense du soleil, les coups de soleil et les rayons nocifs UVA\/UVB, la lumi\u00e8re visible et infrarouge, qui constituent un spectre complet de rayonnement atteignant la Terre. Elle est adapt\u00e9e aux peaux des enfants et des nourrissons de plus de six mois.\" \/>\n<meta property=\"og:url\" content=\"https:\/\/orthopara.store\/index.php\/produit\/pharmaceris-s-spectrum-protect-ecran-solaire-invisible-spf50-ppd30-50ml\/\" \/>\n<meta property=\"og:site_name\" content=\"OrthoPara\" \/>\n<meta property=\"article:publisher\" content=\"https:\/\/www.facebook.com\/profile.php?id=61561194315651\" \/>\n<meta property=\"article:modified_time\" content=\"2024-06-28T13:56:07+00:00\" \/>\n<meta property=\"og:image\" content=\"https:\/\/orthopara.store\/wp-content\/uploads\/2024\/06\/ecran-solaire-invisible-pharmaceris-s-spectrum-protect-spf-50-ppd30-50ml.jpg\" \/>\n\t<meta property=\"og:image:width\" content=\"800\" \/>\n\t<meta property=\"og:image:height\" content=\"800\" \/>\n\t<meta property=\"og:image:type\" content=\"image\/jpeg\" \/>\n<meta name=\"twitter:card\" content=\"summary_large_image\" \/>\n<meta name=\"twitter:label1\" content=\"Dur\u00e9e de lecture estim\u00e9e\" \/>\n\t<meta name=\"twitter:data1\" content=\"2 minutes\" \/>\n<script type=\"application\/ld+json\" class=\"yoast-schema-graph\">{\"@context\":\"https:\/\/schema.org\",\"@graph\":[{\"@type\":\"WebPage\",\"@id\":\"https:\/\/orthopara.store\/index.php\/produit\/pharmaceris-s-spectrum-protect-ecran-solaire-invisible-spf50-ppd30-50ml\/\",\"url\":\"https:\/\/orthopara.store\/index.php\/produit\/pharmaceris-s-spectrum-protect-ecran-solaire-invisible-spf50-ppd30-50ml\/\",\"name\":\"Pharmaceris S Spectrum Protect - Ecran solaire invisible spf50+ PPD30 - 50ml - OrthoPara\",\"isPartOf\":{\"@id\":\"https:\/\/orthopara.store\/#website\"},\"primaryImageOfPage\":{\"@id\":\"https:\/\/orthopara.store\/index.php\/produit\/pharmaceris-s-spectrum-protect-ecran-solaire-invisible-spf50-ppd30-50ml\/#primaryimage\"},\"image\":{\"@id\":\"https:\/\/orthopara.store\/index.php\/produit\/pharmaceris-s-spectrum-protect-ecran-solaire-invisible-spf50-ppd30-50ml\/#primaryimage\"},\"thumbnailUrl\":\"https:\/\/orthopara.store\/wp-content\/uploads\/2024\/06\/ecran-solaire-invisible-pharmaceris-s-spectrum-protect-spf-50-ppd30-50ml.jpg\",\"datePublished\":\"2024-06-28T13:56:01+00:00\",\"dateModified\":\"2024-06-28T13:56:07+00:00\",\"breadcrumb\":{\"@id\":\"https:\/\/orthopara.store\/index.php\/produit\/pharmaceris-s-spectrum-protect-ecran-solaire-invisible-spf50-ppd30-50ml\/#breadcrumb\"},\"inLanguage\":\"fr-FR\",\"potentialAction\":[{\"@type\":\"ReadAction\",\"target\":[\"https:\/\/orthopara.store\/index.php\/produit\/pharmaceris-s-spectrum-protect-ecran-solaire-invisible-spf50-ppd30-50ml\/\"]}]},{\"@type\":\"ImageObject\",\"inLanguage\":\"fr-FR\",\"@id\":\"https:\/\/orthopara.store\/index.php\/produit\/pharmaceris-s-spectrum-protect-ecran-solaire-invisible-spf50-ppd30-50ml\/#primaryimage\",\"url\":\"https:\/\/orthopara.store\/wp-content\/uploads\/2024\/06\/ecran-solaire-invisible-pharmaceris-s-spectrum-protect-spf-50-ppd30-50ml.jpg\",\"contentUrl\":\"https:\/\/orthopara.store\/wp-content\/uploads\/2024\/06\/ecran-solaire-invisible-pharmaceris-s-spectrum-protect-spf-50-ppd30-50ml.jpg\",\"width\":800,\"height\":800},{\"@type\":\"BreadcrumbList\",\"@id\":\"https:\/\/orthopara.store\/index.php\/produit\/pharmaceris-s-spectrum-protect-ecran-solaire-invisible-spf50-ppd30-50ml\/#breadcrumb\",\"itemListElement\":[{\"@type\":\"ListItem\",\"position\":1,\"name\":\"Accueil\",\"item\":\"https:\/\/orthopara.store\/\"},{\"@type\":\"ListItem\",\"position\":2,\"name\":\"Shop\",\"item\":\"https:\/\/orthopara.store\/?page_id=622\"},{\"@type\":\"ListItem\",\"position\":3,\"name\":\"Pharmaceris S Spectrum Protect &#8211; Ecran solaire invisible spf50+ PPD30 &#8211; 50ml\"}]},{\"@type\":\"WebSite\",\"@id\":\"https:\/\/orthopara.store\/#website\",\"url\":\"https:\/\/orthopara.store\/\",\"name\":\"OrthoPara\",\"description\":\"Parapharmacie\",\"publisher\":{\"@id\":\"https:\/\/orthopara.store\/#organization\"},\"potentialAction\":[{\"@type\":\"SearchAction\",\"target\":{\"@type\":\"EntryPoint\",\"urlTemplate\":\"https:\/\/orthopara.store\/?s={search_term_string}\"},\"query-input\":\"required name=search_term_string\"}],\"inLanguage\":\"fr-FR\"},{\"@type\":\"Organization\",\"@id\":\"https:\/\/orthopara.store\/#organization\",\"name\":\"OrthoPara\",\"url\":\"https:\/\/orthopara.store\/\",\"logo\":{\"@type\":\"ImageObject\",\"inLanguage\":\"fr-FR\",\"@id\":\"https:\/\/orthopara.store\/#\/schema\/logo\/image\/\",\"url\":\"https:\/\/orthopara.store\/wp-content\/uploads\/2024\/06\/cropped-9ABA8BAD-6256-4719-9315-15C66E64E882.png\",\"contentUrl\":\"https:\/\/orthopara.store\/wp-content\/uploads\/2024\/06\/cropped-9ABA8BAD-6256-4719-9315-15C66E64E882.png\",\"width\":240,\"height\":72,\"caption\":\"OrthoPara\"},\"image\":{\"@id\":\"https:\/\/orthopara.store\/#\/schema\/logo\/image\/\"},\"sameAs\":[\"https:\/\/www.facebook.com\/profile.php?id=61561194315651\",\"https:\/\/www.instagram.com\/orthopara_tunisie\/\"]}]}<\/script>\n<!-- \/ Yoast SEO plugin. -->","yoast_head_json":{"title":"Pharmaceris S Spectrum Protect - Ecran solaire invisible spf50+ PPD30 - 50ml - OrthoPara","robots":{"index":"index","follow":"follow","max-snippet":"max-snippet:-1","max-image-preview":"max-image-preview:large","max-video-preview":"max-video-preview:-1"},"canonical":"https:\/\/orthopara.store\/index.php\/produit\/pharmaceris-s-spectrum-protect-ecran-solaire-invisible-spf50-ppd30-50ml\/","og_locale":"fr_FR","og_type":"article","og_title":"Pharmaceris S Spectrum Protect - Ecran solaire invisible spf50+ PPD30 - 50ml - OrthoPara","og_description":"Ecran solaire Invisible\u00a0 Haute protection Spf 50+ UVA + UVB + HEY + IR Cr\u00e8me recommand\u00e9e pour les peaux d\u00e9licates, sensibles et s\u00e8ches du visage avec tendance aux r\u00e9actions allergiques et aux l\u00e9sions pigmentaires qui a besoin de tr\u00e8s haute protection contre la lumi\u00e8re intense du soleil, les coups de soleil et les rayons nocifs UVA\/UVB, la lumi\u00e8re visible et infrarouge, qui constituent un spectre complet de rayonnement atteignant la Terre. Elle est adapt\u00e9e aux peaux des enfants et des nourrissons de plus de six mois.","og_url":"https:\/\/orthopara.store\/index.php\/produit\/pharmaceris-s-spectrum-protect-ecran-solaire-invisible-spf50-ppd30-50ml\/","og_site_name":"OrthoPara","article_publisher":"https:\/\/www.facebook.com\/profile.php?id=61561194315651","article_modified_time":"2024-06-28T13:56:07+00:00","og_image":[{"width":800,"height":800,"url":"https:\/\/orthopara.store\/wp-content\/uploads\/2024\/06\/ecran-solaire-invisible-pharmaceris-s-spectrum-protect-spf-50-ppd30-50ml.jpg","type":"image\/jpeg"}],"twitter_card":"summary_large_image","twitter_misc":{"Dur\u00e9e de lecture estim\u00e9e":"2 minutes"},"schema":{"@context":"https:\/\/schema.org","@graph":[{"@type":"WebPage","@id":"https:\/\/orthopara.store\/index.php\/produit\/pharmaceris-s-spectrum-protect-ecran-solaire-invisible-spf50-ppd30-50ml\/","url":"https:\/\/orthopara.store\/index.php\/produit\/pharmaceris-s-spectrum-protect-ecran-solaire-invisible-spf50-ppd30-50ml\/","name":"Pharmaceris S Spectrum Protect - Ecran solaire invisible spf50+ PPD30 - 50ml - OrthoPara","isPartOf":{"@id":"https:\/\/orthopara.store\/#website"},"primaryImageOfPage":{"@id":"https:\/\/orthopara.store\/index.php\/produit\/pharmaceris-s-spectrum-protect-ecran-solaire-invisible-spf50-ppd30-50ml\/#primaryimage"},"image":{"@id":"https:\/\/orthopara.store\/index.php\/produit\/pharmaceris-s-spectrum-protect-ecran-solaire-invisible-spf50-ppd30-50ml\/#primaryimage"},"thumbnailUrl":"https:\/\/orthopara.store\/wp-content\/uploads\/2024\/06\/ecran-solaire-invisible-pharmaceris-s-spectrum-protect-spf-50-ppd30-50ml.jpg","datePublished":"2024-06-28T13:56:01+00:00","dateModified":"2024-06-28T13:56:07+00:00","breadcrumb":{"@id":"https:\/\/orthopara.store\/index.php\/produit\/pharmaceris-s-spectrum-protect-ecran-solaire-invisible-spf50-ppd30-50ml\/#breadcrumb"},"inLanguage":"fr-FR","potentialAction":[{"@type":"ReadAction","target":["https:\/\/orthopara.store\/index.php\/produit\/pharmaceris-s-spectrum-protect-ecran-solaire-invisible-spf50-ppd30-50ml\/"]}]},{"@type":"ImageObject","inLanguage":"fr-FR","@id":"https:\/\/orthopara.store\/index.php\/produit\/pharmaceris-s-spectrum-protect-ecran-solaire-invisible-spf50-ppd30-50ml\/#primaryimage","url":"https:\/\/orthopara.store\/wp-content\/uploads\/2024\/06\/ecran-solaire-invisible-pharmaceris-s-spectrum-protect-spf-50-ppd30-50ml.jpg","contentUrl":"https:\/\/orthopara.store\/wp-content\/uploads\/2024\/06\/ecran-solaire-invisible-pharmaceris-s-spectrum-protect-spf-50-ppd30-50ml.jpg","width":800,"height":800},{"@type":"BreadcrumbList","@id":"https:\/\/orthopara.store\/index.php\/produit\/pharmaceris-s-spectrum-protect-ecran-solaire-invisible-spf50-ppd30-50ml\/#breadcrumb","itemListElement":[{"@type":"ListItem","position":1,"name":"Accueil","item":"https:\/\/orthopara.store\/"},{"@type":"ListItem","position":2,"name":"Shop","item":"https:\/\/orthopara.store\/?page_id=622"},{"@type":"ListItem","position":3,"name":"Pharmaceris S Spectrum Protect &#8211; Ecran solaire invisible spf50+ PPD30 &#8211; 50ml"}]},{"@type":"WebSite","@id":"https:\/\/orthopara.store\/#website","url":"https:\/\/orthopara.store\/","name":"OrthoPara","description":"Parapharmacie","publisher":{"@id":"https:\/\/orthopara.store\/#organization"},"potentialAction":[{"@type":"SearchAction","target":{"@type":"EntryPoint","urlTemplate":"https:\/\/orthopara.store\/?s={search_term_string}"},"query-input":"required name=search_term_string"}],"inLanguage":"fr-FR"},{"@type":"Organization","@id":"https:\/\/orthopara.store\/#organization","name":"OrthoPara","url":"https:\/\/orthopara.store\/","logo":{"@type":"ImageObject","inLanguage":"fr-FR","@id":"https:\/\/orthopara.store\/#\/schema\/logo\/image\/","url":"https:\/\/orthopara.store\/wp-content\/uploads\/2024\/06\/cropped-9ABA8BAD-6256-4719-9315-15C66E64E882.png","contentUrl":"https:\/\/orthopara.store\/wp-content\/uploads\/2024\/06\/cropped-9ABA8BAD-6256-4719-9315-15C66E64E882.png","width":240,"height":72,"caption":"OrthoPara"},"image":{"@id":"https:\/\/orthopara.store\/#\/schema\/logo\/image\/"},"sameAs":["https:\/\/www.facebook.com\/profile.php?id=61561194315651","https:\/\/www.instagram.com\/orthopara_tunisie\/"]}]}},"jetpack_sharing_enabled":true,"brands":[{"id":55,"name":"Pharmaceris","slug":"pharmaceris"}],"_links":{"self":[{"href":"https:\/\/orthopara.store\/index.php?rest_route=\/wp\/v2\/product\/1926","targetHints":{"allow":["GET"]}}],"collection":[{"href":"https:\/\/orthopara.store\/index.php?rest_route=\/wp\/v2\/product"}],"about":[{"href":"https:\/\/orthopara.store\/index.php?rest_route=\/wp\/v2\/types\/product"}],"replies":[{"embeddable":true,"href":"https:\/\/orthopara.store\/index.php?rest_route=%2Fwp%2Fv2%2Fcomments&post=1926"}],"wp:featuredmedia":[{"embeddable":true,"href":"https:\/\/orthopara.store\/index.php?rest_route=\/wp\/v2\/media\/1950"}],"wp:attachment":[{"href":"https:\/\/orthopara.store\/index.php?rest_route=%2Fwp%2Fv2%2Fmedia&parent=1926"}],"wp:term":[{"taxonomy":"pwb-brand","embeddable":true,"href":"https:\/\/orthopara.store\/index.php?rest_route=%2Fwp%2Fv2%2Fpwb-brand&post=1926"},{"taxonomy":"product_cat","embeddable":true,"href":"https:\/\/orthopara.store\/index.php?rest_route=%2Fwp%2Fv2%2Fproduct_cat&post=1926"},{"taxonomy":"product_tag","embeddable":true,"href":"https:\/\/orthopara.store\/index.php?rest_route=%2Fwp%2Fv2%2Fproduct_tag&post=1926"}],"curies":[{"name":"wp","href":"https:\/\/api.w.org\/{rel}","templated":true}]}}