{"id":1927,"date":"2024-06-28T15:56:01","date_gmt":"2024-06-28T13:56:01","guid":{"rendered":"https:\/\/orthopara.store\/?post_type=product&#038;p=1927"},"modified":"2024-06-28T15:56:07","modified_gmt":"2024-06-28T13:56:07","slug":"spray-photoprotecteur-pour-enfants-spf50-isdin-pediatrics-250ml","status":"publish","type":"product","link":"https:\/\/orthopara.store\/?product=spray-photoprotecteur-pour-enfants-spf50-isdin-pediatrics-250ml","title":{"rendered":"Spray photoprotecteur &#8211; pour enfants &#8211; spf50 &#8211; Isdin Pediatrics &#8211; 250ml"},"content":{"rendered":"<p>Spray photoprotecteur &#8211; pour enfants &#8211; spf50 &#8211; Isdin Pediatrics &#8211; 250ml<br \/>\nIsdin Fotoprotector Pediatrics Spray Transparent Wet Skin SPF50 250 ml est un \u00e9cran solaire en spray transparent \u00e0 s\u00e9chage imm\u00e9diat pour enfants. Efficace sur peau humide, il est tr\u00e8s r\u00e9sistant \u00e0 l&rsquo;eau.<br \/>\nIl contient du Ginger Cell Protect pour stimuler la d\u00e9fense naturelle de la peau contre les m\u00e9faits du soleil, les dommages oxydatifs. De plus, sa technologie Wetflex permet une absorption sur les peaux mouill\u00e9es et s\u00e8ches tout en maintenant le facteur de protection solaire sans laisser de r\u00e9sidu blanc.<br \/>\nCe spray convient \u00e0 tous les types de peau, y compris les peaux sensibles et les peaux atopiques.<br \/>\nL&rsquo;a\u00e9rosol permet une application facile dans toutes les directions.<br \/>\nSans huile.<br \/>\nConseil d&rsquo;utilisation :<br \/>\nPour les enfants \u00e0 partir de 3 ans.<br \/>\nAppliquer g\u00e9n\u00e9reusement sur une peau mouill\u00e9e ou s\u00e8che, tout en gardant une distance de minimum 5 cm de la peau, une demi-heure avant l&rsquo;exposition au soleil. Il est n\u00e9cessaire d&rsquo;\u00e9taler le produit de mani\u00e8re uniforme jusqu&rsquo;\u00e0 absorption compl\u00e8te.<br \/>\nExemple : appliquer quelques lignes du produit et les \u00e9taler sur l&rsquo;enti\u00e8ret\u00e9 de la zone.<br \/>\nRenouveler l&rsquo;application toutes les 2 heures et apr\u00e8s avoir transpir\u00e9, nag\u00e9 ou vous \u00eatre essuy\u00e9.<br \/>\nUne quantit\u00e9 insuffisante de produit r\u00e9duit l&rsquo;action protectrice.<br \/>\nN&rsquo;exposez pas les b\u00e9b\u00e9s et les jeunes enfants directement au soleil. Les prot\u00e9ger de fa\u00e7on ad\u00e9quate (habits, chapeaux, lunettes de soleil et cr\u00e8mes solaires \u00e0 haut indice SPF).<br \/>\nPour les b\u00e9b\u00e9s, appliquer la cr\u00e8me solaire sur les parties non couvertes (visage et dos des mains) pendant l&rsquo;exposition solaire.<br \/>\n\u00c9viter le contact avec les yeux et les muqueuses.<br \/>\nNe pas vaporiser sur le visage.<br \/>\nLes filtres solaires peuvent causer des taches si ils entrent en contact avec certaines fibres textiles.<br \/>\nA\u00e9rosol extr\u00eamement inflammable.<br \/>\nR\u00e9cipient sous pression : peut \u00e9clater sous l&rsquo;effet de la chaleur.<br \/>\nNe pas perforer, ni br\u00fbler, m\u00eame apr\u00e8s usage.<br \/>\nNe pas vaporiser sur une flamme nue ou sur toute autre source d&rsquo;ignition.<br \/>\nTenir \u00e0 l&rsquo;\u00e9cart de la chaleur, des surfaces chaudes, des \u00e9tincelles, des flammes nues et de toute autre source d&rsquo;inflammation.<br \/>\nNe pas fumer.<br \/>\nNe pas exposer \u00e0 une temp\u00e9rature sup\u00e9rieure \u00e0 50\u00b0C\/122\u00b0F. Prot\u00e9ger du rayonnement solaire.<br \/>\nNe pas respirer les vapeurs.<br \/>\nUtiliser seulement dans un endroit bien ventil\u00e9.<br \/>\nNe pas vaporiser autour des yeux ou sur une peau ab\u00eem\u00e9e ou irrit\u00e9e<\/p>\n","protected":false},"excerpt":{"rendered":"<p>Isdin Pediatrics\u00a0<br \/>\nIsdin Fotoprotector Pediatrics Spray Transparent Wet Skin SPF50 est un \u00e9cran solaire en spray transparent \u00e0 s\u00e9chage imm\u00e9diat pour enfants. Efficace sur peau humide, il est tr\u00e8s r\u00e9sistant \u00e0 l&rsquo;eau.<br \/>\nAge : \u00e0 partir de 3 ans\u00a0<br \/>\nContenance : 250ml<\/p>\n","protected":false},"featured_media":1951,"comment_status":"open","ping_status":"closed","template":"","meta":[],"pwb-brand":[42],"product_cat":[231],"product_tag":[],"class_list":{"0":"post-1927","1":"product","2":"type-product","3":"status-publish","4":"has-post-thumbnail","6":"pwb-brand-isdin","7":"product_cat-cremes-solaires-enfant","8":"post","9":"ws-product--style-1","11":"first","12":"instock","13":"shipping-taxable","14":"purchasable","15":"product-type-simple"},"yoast_head":"<!-- This site is optimized with the Yoast SEO plugin v23.0 - https:\/\/yoast.com\/wordpress\/plugins\/seo\/ -->\n<title>Spray photoprotecteur - pour enfants - spf50 - Isdin Pediatrics - 250ml - OrthoPara<\/title>\n<meta name=\"robots\" content=\"index, follow, max-snippet:-1, max-image-preview:large, max-video-preview:-1\" \/>\n<link rel=\"canonical\" href=\"https:\/\/orthopara.store\/index.php\/produit\/spray-photoprotecteur-pour-enfants-spf50-isdin-pediatrics-250ml\/\" \/>\n<meta property=\"og:locale\" content=\"fr_FR\" \/>\n<meta property=\"og:type\" content=\"article\" \/>\n<meta property=\"og:title\" content=\"Spray photoprotecteur - pour enfants - spf50 - Isdin Pediatrics - 250ml - OrthoPara\" \/>\n<meta property=\"og:description\" content=\"Isdin Pediatrics\u00a0 Isdin Fotoprotector Pediatrics Spray Transparent Wet Skin SPF50 est un \u00e9cran solaire en spray transparent \u00e0 s\u00e9chage imm\u00e9diat pour enfants. Efficace sur peau humide, il est tr\u00e8s r\u00e9sistant \u00e0 l&#039;eau. Age : \u00e0 partir de 3 ans\u00a0 Contenance : 250ml\" \/>\n<meta property=\"og:url\" content=\"https:\/\/orthopara.store\/index.php\/produit\/spray-photoprotecteur-pour-enfants-spf50-isdin-pediatrics-250ml\/\" \/>\n<meta property=\"og:site_name\" content=\"OrthoPara\" \/>\n<meta property=\"article:publisher\" content=\"https:\/\/www.facebook.com\/profile.php?id=61561194315651\" \/>\n<meta property=\"article:modified_time\" content=\"2024-06-28T13:56:07+00:00\" \/>\n<meta property=\"og:image\" content=\"https:\/\/orthopara.store\/wp-content\/uploads\/2024\/06\/spray-photoprotecteur-pour-enfants-spf50-isdin-pediatrics-250ml.jpg\" \/>\n\t<meta property=\"og:image:width\" content=\"800\" \/>\n\t<meta property=\"og:image:height\" content=\"800\" \/>\n\t<meta property=\"og:image:type\" content=\"image\/jpeg\" \/>\n<meta name=\"twitter:card\" content=\"summary_large_image\" \/>\n<meta name=\"twitter:label1\" content=\"Dur\u00e9e de lecture estim\u00e9e\" \/>\n\t<meta name=\"twitter:data1\" content=\"2 minutes\" \/>\n<script type=\"application\/ld+json\" class=\"yoast-schema-graph\">{\"@context\":\"https:\/\/schema.org\",\"@graph\":[{\"@type\":\"WebPage\",\"@id\":\"https:\/\/orthopara.store\/index.php\/produit\/spray-photoprotecteur-pour-enfants-spf50-isdin-pediatrics-250ml\/\",\"url\":\"https:\/\/orthopara.store\/index.php\/produit\/spray-photoprotecteur-pour-enfants-spf50-isdin-pediatrics-250ml\/\",\"name\":\"Spray photoprotecteur - pour enfants - spf50 - Isdin Pediatrics - 250ml - OrthoPara\",\"isPartOf\":{\"@id\":\"https:\/\/orthopara.store\/#website\"},\"primaryImageOfPage\":{\"@id\":\"https:\/\/orthopara.store\/index.php\/produit\/spray-photoprotecteur-pour-enfants-spf50-isdin-pediatrics-250ml\/#primaryimage\"},\"image\":{\"@id\":\"https:\/\/orthopara.store\/index.php\/produit\/spray-photoprotecteur-pour-enfants-spf50-isdin-pediatrics-250ml\/#primaryimage\"},\"thumbnailUrl\":\"https:\/\/orthopara.store\/wp-content\/uploads\/2024\/06\/spray-photoprotecteur-pour-enfants-spf50-isdin-pediatrics-250ml.jpg\",\"datePublished\":\"2024-06-28T13:56:01+00:00\",\"dateModified\":\"2024-06-28T13:56:07+00:00\",\"breadcrumb\":{\"@id\":\"https:\/\/orthopara.store\/index.php\/produit\/spray-photoprotecteur-pour-enfants-spf50-isdin-pediatrics-250ml\/#breadcrumb\"},\"inLanguage\":\"fr-FR\",\"potentialAction\":[{\"@type\":\"ReadAction\",\"target\":[\"https:\/\/orthopara.store\/index.php\/produit\/spray-photoprotecteur-pour-enfants-spf50-isdin-pediatrics-250ml\/\"]}]},{\"@type\":\"ImageObject\",\"inLanguage\":\"fr-FR\",\"@id\":\"https:\/\/orthopara.store\/index.php\/produit\/spray-photoprotecteur-pour-enfants-spf50-isdin-pediatrics-250ml\/#primaryimage\",\"url\":\"https:\/\/orthopara.store\/wp-content\/uploads\/2024\/06\/spray-photoprotecteur-pour-enfants-spf50-isdin-pediatrics-250ml.jpg\",\"contentUrl\":\"https:\/\/orthopara.store\/wp-content\/uploads\/2024\/06\/spray-photoprotecteur-pour-enfants-spf50-isdin-pediatrics-250ml.jpg\",\"width\":800,\"height\":800},{\"@type\":\"BreadcrumbList\",\"@id\":\"https:\/\/orthopara.store\/index.php\/produit\/spray-photoprotecteur-pour-enfants-spf50-isdin-pediatrics-250ml\/#breadcrumb\",\"itemListElement\":[{\"@type\":\"ListItem\",\"position\":1,\"name\":\"Accueil\",\"item\":\"https:\/\/orthopara.store\/\"},{\"@type\":\"ListItem\",\"position\":2,\"name\":\"Shop\",\"item\":\"https:\/\/orthopara.store\/?page_id=622\"},{\"@type\":\"ListItem\",\"position\":3,\"name\":\"Spray photoprotecteur &#8211; pour enfants &#8211; spf50 &#8211; Isdin Pediatrics &#8211; 250ml\"}]},{\"@type\":\"WebSite\",\"@id\":\"https:\/\/orthopara.store\/#website\",\"url\":\"https:\/\/orthopara.store\/\",\"name\":\"OrthoPara\",\"description\":\"Parapharmacie\",\"publisher\":{\"@id\":\"https:\/\/orthopara.store\/#organization\"},\"potentialAction\":[{\"@type\":\"SearchAction\",\"target\":{\"@type\":\"EntryPoint\",\"urlTemplate\":\"https:\/\/orthopara.store\/?s={search_term_string}\"},\"query-input\":\"required name=search_term_string\"}],\"inLanguage\":\"fr-FR\"},{\"@type\":\"Organization\",\"@id\":\"https:\/\/orthopara.store\/#organization\",\"name\":\"OrthoPara\",\"url\":\"https:\/\/orthopara.store\/\",\"logo\":{\"@type\":\"ImageObject\",\"inLanguage\":\"fr-FR\",\"@id\":\"https:\/\/orthopara.store\/#\/schema\/logo\/image\/\",\"url\":\"https:\/\/orthopara.store\/wp-content\/uploads\/2024\/06\/cropped-9ABA8BAD-6256-4719-9315-15C66E64E882.png\",\"contentUrl\":\"https:\/\/orthopara.store\/wp-content\/uploads\/2024\/06\/cropped-9ABA8BAD-6256-4719-9315-15C66E64E882.png\",\"width\":240,\"height\":72,\"caption\":\"OrthoPara\"},\"image\":{\"@id\":\"https:\/\/orthopara.store\/#\/schema\/logo\/image\/\"},\"sameAs\":[\"https:\/\/www.facebook.com\/profile.php?id=61561194315651\",\"https:\/\/www.instagram.com\/orthopara_tunisie\/\"]}]}<\/script>\n<!-- \/ Yoast SEO plugin. -->","yoast_head_json":{"title":"Spray photoprotecteur - pour enfants - spf50 - Isdin Pediatrics - 250ml - OrthoPara","robots":{"index":"index","follow":"follow","max-snippet":"max-snippet:-1","max-image-preview":"max-image-preview:large","max-video-preview":"max-video-preview:-1"},"canonical":"https:\/\/orthopara.store\/index.php\/produit\/spray-photoprotecteur-pour-enfants-spf50-isdin-pediatrics-250ml\/","og_locale":"fr_FR","og_type":"article","og_title":"Spray photoprotecteur - pour enfants - spf50 - Isdin Pediatrics - 250ml - OrthoPara","og_description":"Isdin Pediatrics\u00a0 Isdin Fotoprotector Pediatrics Spray Transparent Wet Skin SPF50 est un \u00e9cran solaire en spray transparent \u00e0 s\u00e9chage imm\u00e9diat pour enfants. Efficace sur peau humide, il est tr\u00e8s r\u00e9sistant \u00e0 l'eau. Age : \u00e0 partir de 3 ans\u00a0 Contenance : 250ml","og_url":"https:\/\/orthopara.store\/index.php\/produit\/spray-photoprotecteur-pour-enfants-spf50-isdin-pediatrics-250ml\/","og_site_name":"OrthoPara","article_publisher":"https:\/\/www.facebook.com\/profile.php?id=61561194315651","article_modified_time":"2024-06-28T13:56:07+00:00","og_image":[{"width":800,"height":800,"url":"https:\/\/orthopara.store\/wp-content\/uploads\/2024\/06\/spray-photoprotecteur-pour-enfants-spf50-isdin-pediatrics-250ml.jpg","type":"image\/jpeg"}],"twitter_card":"summary_large_image","twitter_misc":{"Dur\u00e9e de lecture estim\u00e9e":"2 minutes"},"schema":{"@context":"https:\/\/schema.org","@graph":[{"@type":"WebPage","@id":"https:\/\/orthopara.store\/index.php\/produit\/spray-photoprotecteur-pour-enfants-spf50-isdin-pediatrics-250ml\/","url":"https:\/\/orthopara.store\/index.php\/produit\/spray-photoprotecteur-pour-enfants-spf50-isdin-pediatrics-250ml\/","name":"Spray photoprotecteur - pour enfants - spf50 - Isdin Pediatrics - 250ml - OrthoPara","isPartOf":{"@id":"https:\/\/orthopara.store\/#website"},"primaryImageOfPage":{"@id":"https:\/\/orthopara.store\/index.php\/produit\/spray-photoprotecteur-pour-enfants-spf50-isdin-pediatrics-250ml\/#primaryimage"},"image":{"@id":"https:\/\/orthopara.store\/index.php\/produit\/spray-photoprotecteur-pour-enfants-spf50-isdin-pediatrics-250ml\/#primaryimage"},"thumbnailUrl":"https:\/\/orthopara.store\/wp-content\/uploads\/2024\/06\/spray-photoprotecteur-pour-enfants-spf50-isdin-pediatrics-250ml.jpg","datePublished":"2024-06-28T13:56:01+00:00","dateModified":"2024-06-28T13:56:07+00:00","breadcrumb":{"@id":"https:\/\/orthopara.store\/index.php\/produit\/spray-photoprotecteur-pour-enfants-spf50-isdin-pediatrics-250ml\/#breadcrumb"},"inLanguage":"fr-FR","potentialAction":[{"@type":"ReadAction","target":["https:\/\/orthopara.store\/index.php\/produit\/spray-photoprotecteur-pour-enfants-spf50-isdin-pediatrics-250ml\/"]}]},{"@type":"ImageObject","inLanguage":"fr-FR","@id":"https:\/\/orthopara.store\/index.php\/produit\/spray-photoprotecteur-pour-enfants-spf50-isdin-pediatrics-250ml\/#primaryimage","url":"https:\/\/orthopara.store\/wp-content\/uploads\/2024\/06\/spray-photoprotecteur-pour-enfants-spf50-isdin-pediatrics-250ml.jpg","contentUrl":"https:\/\/orthopara.store\/wp-content\/uploads\/2024\/06\/spray-photoprotecteur-pour-enfants-spf50-isdin-pediatrics-250ml.jpg","width":800,"height":800},{"@type":"BreadcrumbList","@id":"https:\/\/orthopara.store\/index.php\/produit\/spray-photoprotecteur-pour-enfants-spf50-isdin-pediatrics-250ml\/#breadcrumb","itemListElement":[{"@type":"ListItem","position":1,"name":"Accueil","item":"https:\/\/orthopara.store\/"},{"@type":"ListItem","position":2,"name":"Shop","item":"https:\/\/orthopara.store\/?page_id=622"},{"@type":"ListItem","position":3,"name":"Spray photoprotecteur &#8211; pour enfants &#8211; spf50 &#8211; Isdin Pediatrics &#8211; 250ml"}]},{"@type":"WebSite","@id":"https:\/\/orthopara.store\/#website","url":"https:\/\/orthopara.store\/","name":"OrthoPara","description":"Parapharmacie","publisher":{"@id":"https:\/\/orthopara.store\/#organization"},"potentialAction":[{"@type":"SearchAction","target":{"@type":"EntryPoint","urlTemplate":"https:\/\/orthopara.store\/?s={search_term_string}"},"query-input":"required name=search_term_string"}],"inLanguage":"fr-FR"},{"@type":"Organization","@id":"https:\/\/orthopara.store\/#organization","name":"OrthoPara","url":"https:\/\/orthopara.store\/","logo":{"@type":"ImageObject","inLanguage":"fr-FR","@id":"https:\/\/orthopara.store\/#\/schema\/logo\/image\/","url":"https:\/\/orthopara.store\/wp-content\/uploads\/2024\/06\/cropped-9ABA8BAD-6256-4719-9315-15C66E64E882.png","contentUrl":"https:\/\/orthopara.store\/wp-content\/uploads\/2024\/06\/cropped-9ABA8BAD-6256-4719-9315-15C66E64E882.png","width":240,"height":72,"caption":"OrthoPara"},"image":{"@id":"https:\/\/orthopara.store\/#\/schema\/logo\/image\/"},"sameAs":["https:\/\/www.facebook.com\/profile.php?id=61561194315651","https:\/\/www.instagram.com\/orthopara_tunisie\/"]}]}},"jetpack_sharing_enabled":true,"brands":[{"id":42,"name":"ISDIN","slug":"isdin"}],"_links":{"self":[{"href":"https:\/\/orthopara.store\/index.php?rest_route=\/wp\/v2\/product\/1927","targetHints":{"allow":["GET"]}}],"collection":[{"href":"https:\/\/orthopara.store\/index.php?rest_route=\/wp\/v2\/product"}],"about":[{"href":"https:\/\/orthopara.store\/index.php?rest_route=\/wp\/v2\/types\/product"}],"replies":[{"embeddable":true,"href":"https:\/\/orthopara.store\/index.php?rest_route=%2Fwp%2Fv2%2Fcomments&post=1927"}],"wp:featuredmedia":[{"embeddable":true,"href":"https:\/\/orthopara.store\/index.php?rest_route=\/wp\/v2\/media\/1951"}],"wp:attachment":[{"href":"https:\/\/orthopara.store\/index.php?rest_route=%2Fwp%2Fv2%2Fmedia&parent=1927"}],"wp:term":[{"taxonomy":"pwb-brand","embeddable":true,"href":"https:\/\/orthopara.store\/index.php?rest_route=%2Fwp%2Fv2%2Fpwb-brand&post=1927"},{"taxonomy":"product_cat","embeddable":true,"href":"https:\/\/orthopara.store\/index.php?rest_route=%2Fwp%2Fv2%2Fproduct_cat&post=1927"},{"taxonomy":"product_tag","embeddable":true,"href":"https:\/\/orthopara.store\/index.php?rest_route=%2Fwp%2Fv2%2Fproduct_tag&post=1927"}],"curies":[{"name":"wp","href":"https:\/\/api.w.org\/{rel}","templated":true}]}}