{"id":1928,"date":"2024-06-28T15:56:01","date_gmt":"2024-06-28T13:56:01","guid":{"rendered":"https:\/\/orthopara.store\/?post_type=product&#038;p=1928"},"modified":"2024-11-04T17:23:28","modified_gmt":"2024-11-04T16:23:28","slug":"avene-intense-protect-ecran-solaire-fluide-spf-50-150ml","status":"publish","type":"product","link":"https:\/\/orthopara.store\/?product=avene-intense-protect-ecran-solaire-fluide-spf-50-150ml","title":{"rendered":"Av\u00e8ne Intense Protect &#8211; Ecran Solaire Fluide SPF 50+ &#8211; 150ml"},"content":{"rendered":"<p>Le fluide solaire Av\u00e8ne Intense Protect SPF 50+ permet de prot\u00e9ger la peau des UVA, des UVB, mais aussi de la lumi\u00e8re bleue haute \u00e9nergie visible. Il offre une tr\u00e8s haute protection et il convient aux peaux sensibles.<br \/>\nAv\u00e8ne Intense Protect 50+ prot\u00e8ge contre tous ces rayonnements. Il convient aux ensoleillements les plus forts. Il est adapt\u00e9 d\u00e8s 6 mois, mais aussi pour les femmes enceintes et les patients apr\u00e8s un acte chirurgical, aux personnes ayant des cicatrices ou des tatouages en post r\u00e9-\u00e9pidermisation .<br \/>\nCe fluide solaire SPF 50+ est tr\u00e8s r\u00e9sistant \u00e0 l&rsquo;eau. Son application est agr\u00e9able et rapide, puisqu&rsquo;il ne met que 3 secondes \u00e0 p\u00e9n\u00e9trer la peau . Il va hydrater la peau sur une longue dur\u00e9e pour \u00e9viter son dess\u00e8chement. Enfin, gr\u00e2ce \u00e0 sa teinte nude, il ne laisse pas de traces blanches sur la peau.\u00a0<br \/>\n\u00a0<br \/>\nCaract\u00e9ristiques:<br \/>\nFabriqu\u00e9 en France<br \/>\nFormule non parfum\u00e9e<br \/>\nUltra r\u00e9sistant \u00e0 l&rsquo;eau<br \/>\nOcean respect<br \/>\nAdapt\u00e9 aux conditions intenses (tropique, haute altitude, fort taux d&rsquo;humidit\u00e9)<\/p>\n<p>Conseil d&rsquo;utilisation :\u00a0<br \/>\nAppliquer g\u00e9n\u00e9reusement avant toute exposition au soleil. Renouveler fr\u00e9quemment pour le maintien de la protection, surtout apr\u00e8s avoir transpir\u00e9, nag\u00e9 ou s&rsquo;\u00eatre essuy\u00e9.<\/p>\n<p>Contenance :<br \/>\n150ml<\/p>\n","protected":false},"excerpt":{"rendered":"<p>Peaux sensibles, sans parfum, r\u00e9siste \u00e0 l&rsquo;eau<br \/>\nD\u00e8s 6 mois<br \/>\nTypes de peaux : Peaux sensibles<br \/>\nIndice de protection : SPF 50+<\/p>\n","protected":false},"featured_media":1952,"comment_status":"open","ping_status":"closed","template":"","meta":[],"pwb-brand":[61],"product_cat":[231],"product_tag":[],"class_list":{"0":"post-1928","1":"product","2":"type-product","3":"status-publish","4":"has-post-thumbnail","6":"pwb-brand-avene","7":"product_cat-cremes-solaires-enfant","8":"post","9":"ws-product--style-1","11":"first","12":"instock","13":"shipping-taxable","14":"purchasable","15":"product-type-simple"},"yoast_head":"<!-- This site is optimized with the Yoast SEO plugin v23.0 - https:\/\/yoast.com\/wordpress\/plugins\/seo\/ -->\n<title>Av\u00e8ne Intense Protect - Ecran Solaire Fluide SPF 50+ - 150ml - OrthoPara<\/title>\n<meta name=\"robots\" content=\"index, follow, max-snippet:-1, max-image-preview:large, max-video-preview:-1\" \/>\n<link rel=\"canonical\" href=\"https:\/\/orthopara.store\/index.php\/produit\/avene-intense-protect-ecran-solaire-fluide-spf-50-150ml\/\" \/>\n<meta property=\"og:locale\" content=\"fr_FR\" \/>\n<meta property=\"og:type\" content=\"article\" \/>\n<meta property=\"og:title\" content=\"Av\u00e8ne Intense Protect - Ecran Solaire Fluide SPF 50+ - 150ml - OrthoPara\" \/>\n<meta property=\"og:description\" content=\"Peaux sensibles, sans parfum, r\u00e9siste \u00e0 l&#039;eau D\u00e8s 6 mois Types de peaux : Peaux sensibles Indice de protection : SPF 50+\" \/>\n<meta property=\"og:url\" content=\"https:\/\/orthopara.store\/index.php\/produit\/avene-intense-protect-ecran-solaire-fluide-spf-50-150ml\/\" \/>\n<meta property=\"og:site_name\" content=\"OrthoPara\" \/>\n<meta property=\"article:publisher\" content=\"https:\/\/www.facebook.com\/profile.php?id=61561194315651\" \/>\n<meta property=\"article:modified_time\" content=\"2024-11-04T16:23:28+00:00\" \/>\n<meta property=\"og:image\" content=\"https:\/\/orthopara.store\/wp-content\/uploads\/2024\/06\/ecran-solaire-fluide-avene-intense-protect-spf-50-150ml.jpg\" \/>\n\t<meta property=\"og:image:width\" content=\"800\" \/>\n\t<meta property=\"og:image:height\" content=\"800\" \/>\n\t<meta property=\"og:image:type\" content=\"image\/jpeg\" \/>\n<meta name=\"twitter:card\" content=\"summary_large_image\" \/>\n<meta name=\"twitter:label1\" content=\"Dur\u00e9e de lecture estim\u00e9e\" \/>\n\t<meta name=\"twitter:data1\" content=\"1 minute\" \/>\n<script type=\"application\/ld+json\" class=\"yoast-schema-graph\">{\"@context\":\"https:\/\/schema.org\",\"@graph\":[{\"@type\":\"WebPage\",\"@id\":\"https:\/\/orthopara.store\/index.php\/produit\/avene-intense-protect-ecran-solaire-fluide-spf-50-150ml\/\",\"url\":\"https:\/\/orthopara.store\/index.php\/produit\/avene-intense-protect-ecran-solaire-fluide-spf-50-150ml\/\",\"name\":\"Av\u00e8ne Intense Protect - Ecran Solaire Fluide SPF 50+ - 150ml - OrthoPara\",\"isPartOf\":{\"@id\":\"https:\/\/orthopara.store\/#website\"},\"primaryImageOfPage\":{\"@id\":\"https:\/\/orthopara.store\/index.php\/produit\/avene-intense-protect-ecran-solaire-fluide-spf-50-150ml\/#primaryimage\"},\"image\":{\"@id\":\"https:\/\/orthopara.store\/index.php\/produit\/avene-intense-protect-ecran-solaire-fluide-spf-50-150ml\/#primaryimage\"},\"thumbnailUrl\":\"https:\/\/orthopara.store\/wp-content\/uploads\/2024\/06\/ecran-solaire-fluide-avene-intense-protect-spf-50-150ml.jpg\",\"datePublished\":\"2024-06-28T13:56:01+00:00\",\"dateModified\":\"2024-11-04T16:23:28+00:00\",\"breadcrumb\":{\"@id\":\"https:\/\/orthopara.store\/index.php\/produit\/avene-intense-protect-ecran-solaire-fluide-spf-50-150ml\/#breadcrumb\"},\"inLanguage\":\"fr-FR\",\"potentialAction\":[{\"@type\":\"ReadAction\",\"target\":[\"https:\/\/orthopara.store\/index.php\/produit\/avene-intense-protect-ecran-solaire-fluide-spf-50-150ml\/\"]}]},{\"@type\":\"ImageObject\",\"inLanguage\":\"fr-FR\",\"@id\":\"https:\/\/orthopara.store\/index.php\/produit\/avene-intense-protect-ecran-solaire-fluide-spf-50-150ml\/#primaryimage\",\"url\":\"https:\/\/orthopara.store\/wp-content\/uploads\/2024\/06\/ecran-solaire-fluide-avene-intense-protect-spf-50-150ml.jpg\",\"contentUrl\":\"https:\/\/orthopara.store\/wp-content\/uploads\/2024\/06\/ecran-solaire-fluide-avene-intense-protect-spf-50-150ml.jpg\",\"width\":800,\"height\":800},{\"@type\":\"BreadcrumbList\",\"@id\":\"https:\/\/orthopara.store\/index.php\/produit\/avene-intense-protect-ecran-solaire-fluide-spf-50-150ml\/#breadcrumb\",\"itemListElement\":[{\"@type\":\"ListItem\",\"position\":1,\"name\":\"Accueil\",\"item\":\"https:\/\/orthopara.store\/\"},{\"@type\":\"ListItem\",\"position\":2,\"name\":\"Shop\",\"item\":\"https:\/\/orthopara.store\/?page_id=622\"},{\"@type\":\"ListItem\",\"position\":3,\"name\":\"Av\u00e8ne Intense Protect &#8211; Ecran Solaire Fluide SPF 50+ &#8211; 150ml\"}]},{\"@type\":\"WebSite\",\"@id\":\"https:\/\/orthopara.store\/#website\",\"url\":\"https:\/\/orthopara.store\/\",\"name\":\"OrthoPara\",\"description\":\"Parapharmacie\",\"publisher\":{\"@id\":\"https:\/\/orthopara.store\/#organization\"},\"potentialAction\":[{\"@type\":\"SearchAction\",\"target\":{\"@type\":\"EntryPoint\",\"urlTemplate\":\"https:\/\/orthopara.store\/?s={search_term_string}\"},\"query-input\":\"required name=search_term_string\"}],\"inLanguage\":\"fr-FR\"},{\"@type\":\"Organization\",\"@id\":\"https:\/\/orthopara.store\/#organization\",\"name\":\"OrthoPara\",\"url\":\"https:\/\/orthopara.store\/\",\"logo\":{\"@type\":\"ImageObject\",\"inLanguage\":\"fr-FR\",\"@id\":\"https:\/\/orthopara.store\/#\/schema\/logo\/image\/\",\"url\":\"https:\/\/orthopara.store\/wp-content\/uploads\/2024\/06\/cropped-9ABA8BAD-6256-4719-9315-15C66E64E882.png\",\"contentUrl\":\"https:\/\/orthopara.store\/wp-content\/uploads\/2024\/06\/cropped-9ABA8BAD-6256-4719-9315-15C66E64E882.png\",\"width\":240,\"height\":72,\"caption\":\"OrthoPara\"},\"image\":{\"@id\":\"https:\/\/orthopara.store\/#\/schema\/logo\/image\/\"},\"sameAs\":[\"https:\/\/www.facebook.com\/profile.php?id=61561194315651\",\"https:\/\/www.instagram.com\/orthopara_tunisie\/\"]}]}<\/script>\n<!-- \/ Yoast SEO plugin. -->","yoast_head_json":{"title":"Av\u00e8ne Intense Protect - Ecran Solaire Fluide SPF 50+ - 150ml - OrthoPara","robots":{"index":"index","follow":"follow","max-snippet":"max-snippet:-1","max-image-preview":"max-image-preview:large","max-video-preview":"max-video-preview:-1"},"canonical":"https:\/\/orthopara.store\/index.php\/produit\/avene-intense-protect-ecran-solaire-fluide-spf-50-150ml\/","og_locale":"fr_FR","og_type":"article","og_title":"Av\u00e8ne Intense Protect - Ecran Solaire Fluide SPF 50+ - 150ml - OrthoPara","og_description":"Peaux sensibles, sans parfum, r\u00e9siste \u00e0 l'eau D\u00e8s 6 mois Types de peaux : Peaux sensibles Indice de protection : SPF 50+","og_url":"https:\/\/orthopara.store\/index.php\/produit\/avene-intense-protect-ecran-solaire-fluide-spf-50-150ml\/","og_site_name":"OrthoPara","article_publisher":"https:\/\/www.facebook.com\/profile.php?id=61561194315651","article_modified_time":"2024-11-04T16:23:28+00:00","og_image":[{"width":800,"height":800,"url":"https:\/\/orthopara.store\/wp-content\/uploads\/2024\/06\/ecran-solaire-fluide-avene-intense-protect-spf-50-150ml.jpg","type":"image\/jpeg"}],"twitter_card":"summary_large_image","twitter_misc":{"Dur\u00e9e de lecture estim\u00e9e":"1 minute"},"schema":{"@context":"https:\/\/schema.org","@graph":[{"@type":"WebPage","@id":"https:\/\/orthopara.store\/index.php\/produit\/avene-intense-protect-ecran-solaire-fluide-spf-50-150ml\/","url":"https:\/\/orthopara.store\/index.php\/produit\/avene-intense-protect-ecran-solaire-fluide-spf-50-150ml\/","name":"Av\u00e8ne Intense Protect - Ecran Solaire Fluide SPF 50+ - 150ml - OrthoPara","isPartOf":{"@id":"https:\/\/orthopara.store\/#website"},"primaryImageOfPage":{"@id":"https:\/\/orthopara.store\/index.php\/produit\/avene-intense-protect-ecran-solaire-fluide-spf-50-150ml\/#primaryimage"},"image":{"@id":"https:\/\/orthopara.store\/index.php\/produit\/avene-intense-protect-ecran-solaire-fluide-spf-50-150ml\/#primaryimage"},"thumbnailUrl":"https:\/\/orthopara.store\/wp-content\/uploads\/2024\/06\/ecran-solaire-fluide-avene-intense-protect-spf-50-150ml.jpg","datePublished":"2024-06-28T13:56:01+00:00","dateModified":"2024-11-04T16:23:28+00:00","breadcrumb":{"@id":"https:\/\/orthopara.store\/index.php\/produit\/avene-intense-protect-ecran-solaire-fluide-spf-50-150ml\/#breadcrumb"},"inLanguage":"fr-FR","potentialAction":[{"@type":"ReadAction","target":["https:\/\/orthopara.store\/index.php\/produit\/avene-intense-protect-ecran-solaire-fluide-spf-50-150ml\/"]}]},{"@type":"ImageObject","inLanguage":"fr-FR","@id":"https:\/\/orthopara.store\/index.php\/produit\/avene-intense-protect-ecran-solaire-fluide-spf-50-150ml\/#primaryimage","url":"https:\/\/orthopara.store\/wp-content\/uploads\/2024\/06\/ecran-solaire-fluide-avene-intense-protect-spf-50-150ml.jpg","contentUrl":"https:\/\/orthopara.store\/wp-content\/uploads\/2024\/06\/ecran-solaire-fluide-avene-intense-protect-spf-50-150ml.jpg","width":800,"height":800},{"@type":"BreadcrumbList","@id":"https:\/\/orthopara.store\/index.php\/produit\/avene-intense-protect-ecran-solaire-fluide-spf-50-150ml\/#breadcrumb","itemListElement":[{"@type":"ListItem","position":1,"name":"Accueil","item":"https:\/\/orthopara.store\/"},{"@type":"ListItem","position":2,"name":"Shop","item":"https:\/\/orthopara.store\/?page_id=622"},{"@type":"ListItem","position":3,"name":"Av\u00e8ne Intense Protect &#8211; Ecran Solaire Fluide SPF 50+ &#8211; 150ml"}]},{"@type":"WebSite","@id":"https:\/\/orthopara.store\/#website","url":"https:\/\/orthopara.store\/","name":"OrthoPara","description":"Parapharmacie","publisher":{"@id":"https:\/\/orthopara.store\/#organization"},"potentialAction":[{"@type":"SearchAction","target":{"@type":"EntryPoint","urlTemplate":"https:\/\/orthopara.store\/?s={search_term_string}"},"query-input":"required name=search_term_string"}],"inLanguage":"fr-FR"},{"@type":"Organization","@id":"https:\/\/orthopara.store\/#organization","name":"OrthoPara","url":"https:\/\/orthopara.store\/","logo":{"@type":"ImageObject","inLanguage":"fr-FR","@id":"https:\/\/orthopara.store\/#\/schema\/logo\/image\/","url":"https:\/\/orthopara.store\/wp-content\/uploads\/2024\/06\/cropped-9ABA8BAD-6256-4719-9315-15C66E64E882.png","contentUrl":"https:\/\/orthopara.store\/wp-content\/uploads\/2024\/06\/cropped-9ABA8BAD-6256-4719-9315-15C66E64E882.png","width":240,"height":72,"caption":"OrthoPara"},"image":{"@id":"https:\/\/orthopara.store\/#\/schema\/logo\/image\/"},"sameAs":["https:\/\/www.facebook.com\/profile.php?id=61561194315651","https:\/\/www.instagram.com\/orthopara_tunisie\/"]}]}},"jetpack_sharing_enabled":true,"brands":[{"id":61,"name":"Avene","slug":"avene"}],"_links":{"self":[{"href":"https:\/\/orthopara.store\/index.php?rest_route=\/wp\/v2\/product\/1928","targetHints":{"allow":["GET"]}}],"collection":[{"href":"https:\/\/orthopara.store\/index.php?rest_route=\/wp\/v2\/product"}],"about":[{"href":"https:\/\/orthopara.store\/index.php?rest_route=\/wp\/v2\/types\/product"}],"replies":[{"embeddable":true,"href":"https:\/\/orthopara.store\/index.php?rest_route=%2Fwp%2Fv2%2Fcomments&post=1928"}],"wp:featuredmedia":[{"embeddable":true,"href":"https:\/\/orthopara.store\/index.php?rest_route=\/wp\/v2\/media\/1952"}],"wp:attachment":[{"href":"https:\/\/orthopara.store\/index.php?rest_route=%2Fwp%2Fv2%2Fmedia&parent=1928"}],"wp:term":[{"taxonomy":"pwb-brand","embeddable":true,"href":"https:\/\/orthopara.store\/index.php?rest_route=%2Fwp%2Fv2%2Fpwb-brand&post=1928"},{"taxonomy":"product_cat","embeddable":true,"href":"https:\/\/orthopara.store\/index.php?rest_route=%2Fwp%2Fv2%2Fproduct_cat&post=1928"},{"taxonomy":"product_tag","embeddable":true,"href":"https:\/\/orthopara.store\/index.php?rest_route=%2Fwp%2Fv2%2Fproduct_tag&post=1928"}],"curies":[{"name":"wp","href":"https:\/\/api.w.org\/{rel}","templated":true}]}}