{"id":1929,"date":"2024-06-28T15:56:01","date_gmt":"2024-06-28T13:56:01","guid":{"rendered":"https:\/\/orthopara.store\/?post_type=product&#038;p=1929"},"modified":"2024-06-28T15:56:08","modified_gmt":"2024-06-28T13:56:08","slug":"eau-solaire-spf50-dermacare-photosun-200ml","status":"publish","type":"product","link":"https:\/\/orthopara.store\/?product=eau-solaire-spf50-dermacare-photosun-200ml","title":{"rendered":"Eau solaire &#8211; spf50+ &#8211; Dermacare Photosun &#8211; 200ml"},"content":{"rendered":"<p>Eau solaire spf50+ &#8211; Dermacare Photosun &#8211; 200ml<br \/>\nDermacare Photosun eau solaire\u00a0spf 50+ assure une tr\u00e8s haute protection. Sa texture \u00ab\u00a0water like\u00a0\u00bb innovante et rapidement absorb\u00e9e prot\u00e8ge efficacement la peau.<br \/>\nSp\u00e9cialement formul\u00e9e pour ceux qui cherchent une protection solaire invisible, l\u00e9g\u00e8re et aqueuse. La formule est enrichie en B\u00e9ta Carot\u00e8ne, booster de Bronzage.<br \/>\nEfficacit\u00e9 :\u00a0<br \/>\n-Prot\u00e8ge des m\u00e9faits du soleil pour r\u00e9v\u00e9ler le plus beaux des bronzage.<br \/>\n-Hydratante, l\u00e9g\u00e8re et rafraichissante.<br \/>\n-Fini invisible.<br \/>\n-Toucher sec, non gras et non collant.<br \/>\n-R\u00e9siste \u00e0 l&rsquo;eau et \u00e0 la transpiration.<br \/>\nConseils d\u2019utilisation\u00a0:<br \/>\nBien agiter avant l&#8217;emploi afin d&rsquo;obtenir un liquide homog\u00e8ne.<br \/>\nAppliquer g\u00e9n\u00e9reusement sur l\u2019ensemble de votre corps , avant l\u2019exposition au soleil.<br \/>\nRenouveler l&rsquo;application apr\u00e8s avoir transpir\u00e9, nag\u00e9 ou s&rsquo;\u00eatre essuy\u00e9.<br \/>\nRenouvelez fr\u00e9quemment l\u2019application surtout apr\u00e8s avoir transpir\u00e9 nag\u00e9 ou s\u2019\u00eatre essuy\u00e9, Eviter de l\u2019applique directement sur le visage, vaporiser dans les mains puis appliquer, Evite le contact avec les yeux.\u00a0 \u00a0\u00a0<\/p>\n","protected":false},"excerpt":{"rendered":"<p>Dermacare Photosun<br \/>\nDermacare photosun eau solaire\u00a0tr\u00e8s haut protection pour tout type de peaux m\u00eame les plus sensibles<br \/>\nl\u00e9g\u00e8re et rafraichissante, r\u00e9siste \u00e0 l&rsquo;eau<br \/>\nvisage et corps<br \/>\ncontenance : 200ml<br \/>\nDLC 06\/2024<\/p>\n","protected":false},"featured_media":1953,"comment_status":"open","ping_status":"closed","template":"","meta":[],"pwb-brand":[155],"product_cat":[231],"product_tag":[],"class_list":{"0":"post-1929","1":"product","2":"type-product","3":"status-publish","4":"has-post-thumbnail","6":"pwb-brand-dermacare","7":"product_cat-cremes-solaires-enfant","8":"post","9":"ws-product--style-1","11":"first","12":"instock","13":"shipping-taxable","14":"purchasable","15":"product-type-simple"},"yoast_head":"<!-- This site is optimized with the Yoast SEO plugin v23.0 - https:\/\/yoast.com\/wordpress\/plugins\/seo\/ -->\n<title>Eau solaire - spf50+ - Dermacare Photosun - 200ml - OrthoPara<\/title>\n<meta name=\"robots\" content=\"index, follow, max-snippet:-1, max-image-preview:large, max-video-preview:-1\" \/>\n<link rel=\"canonical\" href=\"https:\/\/orthopara.store\/index.php\/produit\/eau-solaire-spf50-dermacare-photosun-200ml\/\" \/>\n<meta property=\"og:locale\" content=\"fr_FR\" \/>\n<meta property=\"og:type\" content=\"article\" \/>\n<meta property=\"og:title\" content=\"Eau solaire - spf50+ - Dermacare Photosun - 200ml - OrthoPara\" \/>\n<meta property=\"og:description\" content=\"Dermacare Photosun Dermacare photosun eau solaire\u00a0tr\u00e8s haut protection pour tout type de peaux m\u00eame les plus sensibles l\u00e9g\u00e8re et rafraichissante, r\u00e9siste \u00e0 l&#039;eau visage et corps contenance : 200ml DLC 06\/2024\" \/>\n<meta property=\"og:url\" content=\"https:\/\/orthopara.store\/index.php\/produit\/eau-solaire-spf50-dermacare-photosun-200ml\/\" \/>\n<meta property=\"og:site_name\" content=\"OrthoPara\" \/>\n<meta property=\"article:publisher\" content=\"https:\/\/www.facebook.com\/profile.php?id=61561194315651\" \/>\n<meta property=\"article:modified_time\" content=\"2024-06-28T13:56:08+00:00\" \/>\n<meta property=\"og:image\" content=\"https:\/\/orthopara.store\/wp-content\/uploads\/2024\/06\/eau-solaire-spf50-dermacare-photosun-200ml.jpg\" \/>\n\t<meta property=\"og:image:width\" content=\"800\" \/>\n\t<meta property=\"og:image:height\" content=\"800\" \/>\n\t<meta property=\"og:image:type\" content=\"image\/jpeg\" \/>\n<meta name=\"twitter:card\" content=\"summary_large_image\" \/>\n<meta name=\"twitter:label1\" content=\"Dur\u00e9e de lecture estim\u00e9e\" \/>\n\t<meta name=\"twitter:data1\" content=\"1 minute\" \/>\n<script type=\"application\/ld+json\" class=\"yoast-schema-graph\">{\"@context\":\"https:\/\/schema.org\",\"@graph\":[{\"@type\":\"WebPage\",\"@id\":\"https:\/\/orthopara.store\/index.php\/produit\/eau-solaire-spf50-dermacare-photosun-200ml\/\",\"url\":\"https:\/\/orthopara.store\/index.php\/produit\/eau-solaire-spf50-dermacare-photosun-200ml\/\",\"name\":\"Eau solaire - spf50+ - Dermacare Photosun - 200ml - OrthoPara\",\"isPartOf\":{\"@id\":\"https:\/\/orthopara.store\/#website\"},\"primaryImageOfPage\":{\"@id\":\"https:\/\/orthopara.store\/index.php\/produit\/eau-solaire-spf50-dermacare-photosun-200ml\/#primaryimage\"},\"image\":{\"@id\":\"https:\/\/orthopara.store\/index.php\/produit\/eau-solaire-spf50-dermacare-photosun-200ml\/#primaryimage\"},\"thumbnailUrl\":\"https:\/\/orthopara.store\/wp-content\/uploads\/2024\/06\/eau-solaire-spf50-dermacare-photosun-200ml.jpg\",\"datePublished\":\"2024-06-28T13:56:01+00:00\",\"dateModified\":\"2024-06-28T13:56:08+00:00\",\"breadcrumb\":{\"@id\":\"https:\/\/orthopara.store\/index.php\/produit\/eau-solaire-spf50-dermacare-photosun-200ml\/#breadcrumb\"},\"inLanguage\":\"fr-FR\",\"potentialAction\":[{\"@type\":\"ReadAction\",\"target\":[\"https:\/\/orthopara.store\/index.php\/produit\/eau-solaire-spf50-dermacare-photosun-200ml\/\"]}]},{\"@type\":\"ImageObject\",\"inLanguage\":\"fr-FR\",\"@id\":\"https:\/\/orthopara.store\/index.php\/produit\/eau-solaire-spf50-dermacare-photosun-200ml\/#primaryimage\",\"url\":\"https:\/\/orthopara.store\/wp-content\/uploads\/2024\/06\/eau-solaire-spf50-dermacare-photosun-200ml.jpg\",\"contentUrl\":\"https:\/\/orthopara.store\/wp-content\/uploads\/2024\/06\/eau-solaire-spf50-dermacare-photosun-200ml.jpg\",\"width\":800,\"height\":800},{\"@type\":\"BreadcrumbList\",\"@id\":\"https:\/\/orthopara.store\/index.php\/produit\/eau-solaire-spf50-dermacare-photosun-200ml\/#breadcrumb\",\"itemListElement\":[{\"@type\":\"ListItem\",\"position\":1,\"name\":\"Accueil\",\"item\":\"https:\/\/orthopara.store\/\"},{\"@type\":\"ListItem\",\"position\":2,\"name\":\"Shop\",\"item\":\"https:\/\/orthopara.store\/?page_id=622\"},{\"@type\":\"ListItem\",\"position\":3,\"name\":\"Eau solaire &#8211; spf50+ &#8211; Dermacare Photosun &#8211; 200ml\"}]},{\"@type\":\"WebSite\",\"@id\":\"https:\/\/orthopara.store\/#website\",\"url\":\"https:\/\/orthopara.store\/\",\"name\":\"OrthoPara\",\"description\":\"Parapharmacie\",\"publisher\":{\"@id\":\"https:\/\/orthopara.store\/#organization\"},\"potentialAction\":[{\"@type\":\"SearchAction\",\"target\":{\"@type\":\"EntryPoint\",\"urlTemplate\":\"https:\/\/orthopara.store\/?s={search_term_string}\"},\"query-input\":\"required name=search_term_string\"}],\"inLanguage\":\"fr-FR\"},{\"@type\":\"Organization\",\"@id\":\"https:\/\/orthopara.store\/#organization\",\"name\":\"OrthoPara\",\"url\":\"https:\/\/orthopara.store\/\",\"logo\":{\"@type\":\"ImageObject\",\"inLanguage\":\"fr-FR\",\"@id\":\"https:\/\/orthopara.store\/#\/schema\/logo\/image\/\",\"url\":\"https:\/\/orthopara.store\/wp-content\/uploads\/2024\/06\/cropped-9ABA8BAD-6256-4719-9315-15C66E64E882.png\",\"contentUrl\":\"https:\/\/orthopara.store\/wp-content\/uploads\/2024\/06\/cropped-9ABA8BAD-6256-4719-9315-15C66E64E882.png\",\"width\":240,\"height\":72,\"caption\":\"OrthoPara\"},\"image\":{\"@id\":\"https:\/\/orthopara.store\/#\/schema\/logo\/image\/\"},\"sameAs\":[\"https:\/\/www.facebook.com\/profile.php?id=61561194315651\",\"https:\/\/www.instagram.com\/orthopara_tunisie\/\"]}]}<\/script>\n<!-- \/ Yoast SEO plugin. -->","yoast_head_json":{"title":"Eau solaire - spf50+ - Dermacare Photosun - 200ml - OrthoPara","robots":{"index":"index","follow":"follow","max-snippet":"max-snippet:-1","max-image-preview":"max-image-preview:large","max-video-preview":"max-video-preview:-1"},"canonical":"https:\/\/orthopara.store\/index.php\/produit\/eau-solaire-spf50-dermacare-photosun-200ml\/","og_locale":"fr_FR","og_type":"article","og_title":"Eau solaire - spf50+ - Dermacare Photosun - 200ml - OrthoPara","og_description":"Dermacare Photosun Dermacare photosun eau solaire\u00a0tr\u00e8s haut protection pour tout type de peaux m\u00eame les plus sensibles l\u00e9g\u00e8re et rafraichissante, r\u00e9siste \u00e0 l'eau visage et corps contenance : 200ml DLC 06\/2024","og_url":"https:\/\/orthopara.store\/index.php\/produit\/eau-solaire-spf50-dermacare-photosun-200ml\/","og_site_name":"OrthoPara","article_publisher":"https:\/\/www.facebook.com\/profile.php?id=61561194315651","article_modified_time":"2024-06-28T13:56:08+00:00","og_image":[{"width":800,"height":800,"url":"https:\/\/orthopara.store\/wp-content\/uploads\/2024\/06\/eau-solaire-spf50-dermacare-photosun-200ml.jpg","type":"image\/jpeg"}],"twitter_card":"summary_large_image","twitter_misc":{"Dur\u00e9e de lecture estim\u00e9e":"1 minute"},"schema":{"@context":"https:\/\/schema.org","@graph":[{"@type":"WebPage","@id":"https:\/\/orthopara.store\/index.php\/produit\/eau-solaire-spf50-dermacare-photosun-200ml\/","url":"https:\/\/orthopara.store\/index.php\/produit\/eau-solaire-spf50-dermacare-photosun-200ml\/","name":"Eau solaire - spf50+ - Dermacare Photosun - 200ml - OrthoPara","isPartOf":{"@id":"https:\/\/orthopara.store\/#website"},"primaryImageOfPage":{"@id":"https:\/\/orthopara.store\/index.php\/produit\/eau-solaire-spf50-dermacare-photosun-200ml\/#primaryimage"},"image":{"@id":"https:\/\/orthopara.store\/index.php\/produit\/eau-solaire-spf50-dermacare-photosun-200ml\/#primaryimage"},"thumbnailUrl":"https:\/\/orthopara.store\/wp-content\/uploads\/2024\/06\/eau-solaire-spf50-dermacare-photosun-200ml.jpg","datePublished":"2024-06-28T13:56:01+00:00","dateModified":"2024-06-28T13:56:08+00:00","breadcrumb":{"@id":"https:\/\/orthopara.store\/index.php\/produit\/eau-solaire-spf50-dermacare-photosun-200ml\/#breadcrumb"},"inLanguage":"fr-FR","potentialAction":[{"@type":"ReadAction","target":["https:\/\/orthopara.store\/index.php\/produit\/eau-solaire-spf50-dermacare-photosun-200ml\/"]}]},{"@type":"ImageObject","inLanguage":"fr-FR","@id":"https:\/\/orthopara.store\/index.php\/produit\/eau-solaire-spf50-dermacare-photosun-200ml\/#primaryimage","url":"https:\/\/orthopara.store\/wp-content\/uploads\/2024\/06\/eau-solaire-spf50-dermacare-photosun-200ml.jpg","contentUrl":"https:\/\/orthopara.store\/wp-content\/uploads\/2024\/06\/eau-solaire-spf50-dermacare-photosun-200ml.jpg","width":800,"height":800},{"@type":"BreadcrumbList","@id":"https:\/\/orthopara.store\/index.php\/produit\/eau-solaire-spf50-dermacare-photosun-200ml\/#breadcrumb","itemListElement":[{"@type":"ListItem","position":1,"name":"Accueil","item":"https:\/\/orthopara.store\/"},{"@type":"ListItem","position":2,"name":"Shop","item":"https:\/\/orthopara.store\/?page_id=622"},{"@type":"ListItem","position":3,"name":"Eau solaire &#8211; spf50+ &#8211; Dermacare Photosun &#8211; 200ml"}]},{"@type":"WebSite","@id":"https:\/\/orthopara.store\/#website","url":"https:\/\/orthopara.store\/","name":"OrthoPara","description":"Parapharmacie","publisher":{"@id":"https:\/\/orthopara.store\/#organization"},"potentialAction":[{"@type":"SearchAction","target":{"@type":"EntryPoint","urlTemplate":"https:\/\/orthopara.store\/?s={search_term_string}"},"query-input":"required name=search_term_string"}],"inLanguage":"fr-FR"},{"@type":"Organization","@id":"https:\/\/orthopara.store\/#organization","name":"OrthoPara","url":"https:\/\/orthopara.store\/","logo":{"@type":"ImageObject","inLanguage":"fr-FR","@id":"https:\/\/orthopara.store\/#\/schema\/logo\/image\/","url":"https:\/\/orthopara.store\/wp-content\/uploads\/2024\/06\/cropped-9ABA8BAD-6256-4719-9315-15C66E64E882.png","contentUrl":"https:\/\/orthopara.store\/wp-content\/uploads\/2024\/06\/cropped-9ABA8BAD-6256-4719-9315-15C66E64E882.png","width":240,"height":72,"caption":"OrthoPara"},"image":{"@id":"https:\/\/orthopara.store\/#\/schema\/logo\/image\/"},"sameAs":["https:\/\/www.facebook.com\/profile.php?id=61561194315651","https:\/\/www.instagram.com\/orthopara_tunisie\/"]}]}},"jetpack_sharing_enabled":true,"brands":[{"id":155,"name":"DERMACARE","slug":"dermacare"}],"_links":{"self":[{"href":"https:\/\/orthopara.store\/index.php?rest_route=\/wp\/v2\/product\/1929","targetHints":{"allow":["GET"]}}],"collection":[{"href":"https:\/\/orthopara.store\/index.php?rest_route=\/wp\/v2\/product"}],"about":[{"href":"https:\/\/orthopara.store\/index.php?rest_route=\/wp\/v2\/types\/product"}],"replies":[{"embeddable":true,"href":"https:\/\/orthopara.store\/index.php?rest_route=%2Fwp%2Fv2%2Fcomments&post=1929"}],"wp:featuredmedia":[{"embeddable":true,"href":"https:\/\/orthopara.store\/index.php?rest_route=\/wp\/v2\/media\/1953"}],"wp:attachment":[{"href":"https:\/\/orthopara.store\/index.php?rest_route=%2Fwp%2Fv2%2Fmedia&parent=1929"}],"wp:term":[{"taxonomy":"pwb-brand","embeddable":true,"href":"https:\/\/orthopara.store\/index.php?rest_route=%2Fwp%2Fv2%2Fpwb-brand&post=1929"},{"taxonomy":"product_cat","embeddable":true,"href":"https:\/\/orthopara.store\/index.php?rest_route=%2Fwp%2Fv2%2Fproduct_cat&post=1929"},{"taxonomy":"product_tag","embeddable":true,"href":"https:\/\/orthopara.store\/index.php?rest_route=%2Fwp%2Fv2%2Fproduct_tag&post=1929"}],"curies":[{"name":"wp","href":"https:\/\/api.w.org\/{rel}","templated":true}]}}