{"id":1930,"date":"2024-06-28T15:56:01","date_gmt":"2024-06-28T13:56:01","guid":{"rendered":"https:\/\/orthopara.store\/?post_type=product&#038;p=1930"},"modified":"2024-06-28T15:56:08","modified_gmt":"2024-06-28T13:56:08","slug":"eau-solaire-protectrice-biodegradable-spf50-svr-sun-secure-200ml","status":"publish","type":"product","link":"https:\/\/orthopara.store\/?product=eau-solaire-protectrice-biodegradable-spf50-svr-sun-secure-200ml","title":{"rendered":"Eau solaire protectrice biod\u00e9gradable SPF50+ &#8211; SVR Sun Secure &#8211; 200ml"},"content":{"rendered":"<p>Eau Solaire Protectrice Biod\u00e9gradable SPF50+ &#8211; SVR Sun Secure &#8211; 200 ml<br \/>\nLa gamme Solaires de SVR est compos\u00e9e de soins protecteurs aux expositions au soleil sans paraben pour toutes les peaux. L\u2019Eau Solaire SVR Sun Secure haute protection solaire prot\u00e8ge et sublime toutes les peaux sensibles.<\/p>\n<p>Compos\u00e9 d\u2019un syst\u00e8me filtrant anti-UVA\/UVB photostable \u00e0 large spectre sans filtres controvers\u00e9s (4 filtres solaires) 4 \u00e0 du tocoph\u00e9rol, de l\u2019extrait de cresson et du beurre de karit\u00e9.<\/p>\n<p>Cette Eau Solaire biphas\u00e9e (40% phase aqueuse, 60% phase huileuse), prot\u00e8ge tr\u00e8s efficacement des rayons UVA\/UVB du soleil, de la lumi\u00e8re visible et des infrarouges, afin de lutter contre les dommages des cellules cutan\u00e9es et hydrate en profondeur la peau.<\/p>\n<p>Sa texture ultra-fra\u00eeche et l\u00e9g\u00e8re p\u00e9n\u00e8tre facilement \u00e0 l\u2019application sans laisser de film collant avec un fini satin\u00e9. Tr\u00e8s r\u00e9sistant \u00e0 l\u2019eau \u00e0 la transpiration, aux frottements et au sable.<\/p>\n<p>Conseils d&rsquo;utilisation :<br \/>\nagiter vigoureusement pendant 5 seconds minimums le flacon. T\u00eate en haut, t\u00eate en bas, l\u2019important est que les 2 phases soient parfaitement m\u00e9lang\u00e9es\u00a0et que tout le flacon soit orange. Appliquer g\u00e9n\u00e9reusement et uniform\u00e9ment avant l\u2019exposition. Renouveler fr\u00e9quemment l\u2019application<\/p>\n","protected":false},"excerpt":{"rendered":"<p>SVR Sun Secure\u00a0<br \/>\nPlus d\u2019excuse pour ne pas s\u2019appliquer de protection solaire : sa texture bi-phase est compos\u00e9e \u00e0 40% de phase aqueuse qui all\u00e8gent les 60% de phase huileuse contenant les filtres, pour cr\u00e9er l\u2019alliance parfaite d\u2019une texture fraiche, l\u00e9g\u00e8re et invisible ! Une texture addictive qu\u2019on adorera s\u2019appliquer et se r\u00e9appliquer sans cesse !<\/p>\n<p>Tr\u00e8s r\u00e9sistante \u00e0 l\u2019eau. R\u00e9siste aux frottements.<\/p>\n<p>Visage &#038; Corps<\/p>\n<p>A partir de 3 ans<\/p>\n<p>Peaux hypersensibles au soleil\u00a0<br \/>\nTr\u00e8s r\u00e9sistant \u00e0 l&rsquo;eau<\/p>\n<p>contenance : 200 ml<\/p>\n","protected":false},"featured_media":1954,"comment_status":"open","ping_status":"closed","template":"","meta":[],"pwb-brand":[233],"product_cat":[231],"product_tag":[],"class_list":{"0":"post-1930","1":"product","2":"type-product","3":"status-publish","4":"has-post-thumbnail","6":"pwb-brand-svr-sun-secure","7":"product_cat-cremes-solaires-enfant","8":"post","9":"ws-product--style-1","11":"first","12":"instock","13":"shipping-taxable","14":"purchasable","15":"product-type-simple"},"yoast_head":"<!-- This site is optimized with the Yoast SEO plugin v23.0 - https:\/\/yoast.com\/wordpress\/plugins\/seo\/ -->\n<title>Eau solaire protectrice biod\u00e9gradable SPF50+ - SVR Sun Secure - 200ml - OrthoPara<\/title>\n<meta name=\"robots\" content=\"index, follow, max-snippet:-1, max-image-preview:large, max-video-preview:-1\" \/>\n<link rel=\"canonical\" href=\"https:\/\/orthopara.store\/index.php\/produit\/eau-solaire-protectrice-biodegradable-spf50-svr-sun-secure-200ml\/\" \/>\n<meta property=\"og:locale\" content=\"fr_FR\" \/>\n<meta property=\"og:type\" content=\"article\" \/>\n<meta property=\"og:title\" content=\"Eau solaire protectrice biod\u00e9gradable SPF50+ - SVR Sun Secure - 200ml - OrthoPara\" \/>\n<meta property=\"og:description\" content=\"SVR Sun Secure\u00a0 Plus d\u2019excuse pour ne pas s\u2019appliquer de protection solaire : sa texture bi-phase est compos\u00e9e \u00e0 40% de phase aqueuse qui all\u00e8gent les 60% de phase huileuse contenant les filtres, pour cr\u00e9er l\u2019alliance parfaite d\u2019une texture fraiche, l\u00e9g\u00e8re et invisible ! Une texture addictive qu\u2019on adorera s\u2019appliquer et se r\u00e9appliquer sans cesse ! Tr\u00e8s r\u00e9sistante \u00e0 l\u2019eau. R\u00e9siste aux frottements. Visage &amp; Corps A partir de 3 ans Peaux hypersensibles au soleil\u00a0 Tr\u00e8s r\u00e9sistant \u00e0 l&#039;eau contenance : 200 ml\" \/>\n<meta property=\"og:url\" content=\"https:\/\/orthopara.store\/index.php\/produit\/eau-solaire-protectrice-biodegradable-spf50-svr-sun-secure-200ml\/\" \/>\n<meta property=\"og:site_name\" content=\"OrthoPara\" \/>\n<meta property=\"article:publisher\" content=\"https:\/\/www.facebook.com\/profile.php?id=61561194315651\" \/>\n<meta property=\"article:modified_time\" content=\"2024-06-28T13:56:08+00:00\" \/>\n<meta property=\"og:image\" content=\"https:\/\/orthopara.store\/wp-content\/uploads\/2024\/06\/eau-solaire-protectrice-biodegradable-spf50-svr-sun-secure-200ml.jpg\" \/>\n\t<meta property=\"og:image:width\" content=\"800\" \/>\n\t<meta property=\"og:image:height\" content=\"800\" \/>\n\t<meta property=\"og:image:type\" content=\"image\/jpeg\" \/>\n<meta name=\"twitter:card\" content=\"summary_large_image\" \/>\n<meta name=\"twitter:label1\" content=\"Dur\u00e9e de lecture estim\u00e9e\" \/>\n\t<meta name=\"twitter:data1\" content=\"1 minute\" \/>\n<script type=\"application\/ld+json\" class=\"yoast-schema-graph\">{\"@context\":\"https:\/\/schema.org\",\"@graph\":[{\"@type\":\"WebPage\",\"@id\":\"https:\/\/orthopara.store\/index.php\/produit\/eau-solaire-protectrice-biodegradable-spf50-svr-sun-secure-200ml\/\",\"url\":\"https:\/\/orthopara.store\/index.php\/produit\/eau-solaire-protectrice-biodegradable-spf50-svr-sun-secure-200ml\/\",\"name\":\"Eau solaire protectrice biod\u00e9gradable SPF50+ - SVR Sun Secure - 200ml - OrthoPara\",\"isPartOf\":{\"@id\":\"https:\/\/orthopara.store\/#website\"},\"primaryImageOfPage\":{\"@id\":\"https:\/\/orthopara.store\/index.php\/produit\/eau-solaire-protectrice-biodegradable-spf50-svr-sun-secure-200ml\/#primaryimage\"},\"image\":{\"@id\":\"https:\/\/orthopara.store\/index.php\/produit\/eau-solaire-protectrice-biodegradable-spf50-svr-sun-secure-200ml\/#primaryimage\"},\"thumbnailUrl\":\"https:\/\/orthopara.store\/wp-content\/uploads\/2024\/06\/eau-solaire-protectrice-biodegradable-spf50-svr-sun-secure-200ml.jpg\",\"datePublished\":\"2024-06-28T13:56:01+00:00\",\"dateModified\":\"2024-06-28T13:56:08+00:00\",\"breadcrumb\":{\"@id\":\"https:\/\/orthopara.store\/index.php\/produit\/eau-solaire-protectrice-biodegradable-spf50-svr-sun-secure-200ml\/#breadcrumb\"},\"inLanguage\":\"fr-FR\",\"potentialAction\":[{\"@type\":\"ReadAction\",\"target\":[\"https:\/\/orthopara.store\/index.php\/produit\/eau-solaire-protectrice-biodegradable-spf50-svr-sun-secure-200ml\/\"]}]},{\"@type\":\"ImageObject\",\"inLanguage\":\"fr-FR\",\"@id\":\"https:\/\/orthopara.store\/index.php\/produit\/eau-solaire-protectrice-biodegradable-spf50-svr-sun-secure-200ml\/#primaryimage\",\"url\":\"https:\/\/orthopara.store\/wp-content\/uploads\/2024\/06\/eau-solaire-protectrice-biodegradable-spf50-svr-sun-secure-200ml.jpg\",\"contentUrl\":\"https:\/\/orthopara.store\/wp-content\/uploads\/2024\/06\/eau-solaire-protectrice-biodegradable-spf50-svr-sun-secure-200ml.jpg\",\"width\":800,\"height\":800},{\"@type\":\"BreadcrumbList\",\"@id\":\"https:\/\/orthopara.store\/index.php\/produit\/eau-solaire-protectrice-biodegradable-spf50-svr-sun-secure-200ml\/#breadcrumb\",\"itemListElement\":[{\"@type\":\"ListItem\",\"position\":1,\"name\":\"Accueil\",\"item\":\"https:\/\/orthopara.store\/\"},{\"@type\":\"ListItem\",\"position\":2,\"name\":\"Shop\",\"item\":\"https:\/\/orthopara.store\/?page_id=622\"},{\"@type\":\"ListItem\",\"position\":3,\"name\":\"Eau solaire protectrice biod\u00e9gradable SPF50+ &#8211; SVR Sun Secure &#8211; 200ml\"}]},{\"@type\":\"WebSite\",\"@id\":\"https:\/\/orthopara.store\/#website\",\"url\":\"https:\/\/orthopara.store\/\",\"name\":\"OrthoPara\",\"description\":\"Parapharmacie\",\"publisher\":{\"@id\":\"https:\/\/orthopara.store\/#organization\"},\"potentialAction\":[{\"@type\":\"SearchAction\",\"target\":{\"@type\":\"EntryPoint\",\"urlTemplate\":\"https:\/\/orthopara.store\/?s={search_term_string}\"},\"query-input\":\"required name=search_term_string\"}],\"inLanguage\":\"fr-FR\"},{\"@type\":\"Organization\",\"@id\":\"https:\/\/orthopara.store\/#organization\",\"name\":\"OrthoPara\",\"url\":\"https:\/\/orthopara.store\/\",\"logo\":{\"@type\":\"ImageObject\",\"inLanguage\":\"fr-FR\",\"@id\":\"https:\/\/orthopara.store\/#\/schema\/logo\/image\/\",\"url\":\"https:\/\/orthopara.store\/wp-content\/uploads\/2024\/06\/cropped-9ABA8BAD-6256-4719-9315-15C66E64E882.png\",\"contentUrl\":\"https:\/\/orthopara.store\/wp-content\/uploads\/2024\/06\/cropped-9ABA8BAD-6256-4719-9315-15C66E64E882.png\",\"width\":240,\"height\":72,\"caption\":\"OrthoPara\"},\"image\":{\"@id\":\"https:\/\/orthopara.store\/#\/schema\/logo\/image\/\"},\"sameAs\":[\"https:\/\/www.facebook.com\/profile.php?id=61561194315651\",\"https:\/\/www.instagram.com\/orthopara_tunisie\/\"]}]}<\/script>\n<!-- \/ Yoast SEO plugin. -->","yoast_head_json":{"title":"Eau solaire protectrice biod\u00e9gradable SPF50+ - SVR Sun Secure - 200ml - OrthoPara","robots":{"index":"index","follow":"follow","max-snippet":"max-snippet:-1","max-image-preview":"max-image-preview:large","max-video-preview":"max-video-preview:-1"},"canonical":"https:\/\/orthopara.store\/index.php\/produit\/eau-solaire-protectrice-biodegradable-spf50-svr-sun-secure-200ml\/","og_locale":"fr_FR","og_type":"article","og_title":"Eau solaire protectrice biod\u00e9gradable SPF50+ - SVR Sun Secure - 200ml - OrthoPara","og_description":"SVR Sun Secure\u00a0 Plus d\u2019excuse pour ne pas s\u2019appliquer de protection solaire : sa texture bi-phase est compos\u00e9e \u00e0 40% de phase aqueuse qui all\u00e8gent les 60% de phase huileuse contenant les filtres, pour cr\u00e9er l\u2019alliance parfaite d\u2019une texture fraiche, l\u00e9g\u00e8re et invisible ! Une texture addictive qu\u2019on adorera s\u2019appliquer et se r\u00e9appliquer sans cesse ! Tr\u00e8s r\u00e9sistante \u00e0 l\u2019eau. R\u00e9siste aux frottements. Visage & Corps A partir de 3 ans Peaux hypersensibles au soleil\u00a0 Tr\u00e8s r\u00e9sistant \u00e0 l'eau contenance : 200 ml","og_url":"https:\/\/orthopara.store\/index.php\/produit\/eau-solaire-protectrice-biodegradable-spf50-svr-sun-secure-200ml\/","og_site_name":"OrthoPara","article_publisher":"https:\/\/www.facebook.com\/profile.php?id=61561194315651","article_modified_time":"2024-06-28T13:56:08+00:00","og_image":[{"width":800,"height":800,"url":"https:\/\/orthopara.store\/wp-content\/uploads\/2024\/06\/eau-solaire-protectrice-biodegradable-spf50-svr-sun-secure-200ml.jpg","type":"image\/jpeg"}],"twitter_card":"summary_large_image","twitter_misc":{"Dur\u00e9e de lecture estim\u00e9e":"1 minute"},"schema":{"@context":"https:\/\/schema.org","@graph":[{"@type":"WebPage","@id":"https:\/\/orthopara.store\/index.php\/produit\/eau-solaire-protectrice-biodegradable-spf50-svr-sun-secure-200ml\/","url":"https:\/\/orthopara.store\/index.php\/produit\/eau-solaire-protectrice-biodegradable-spf50-svr-sun-secure-200ml\/","name":"Eau solaire protectrice biod\u00e9gradable SPF50+ - SVR Sun Secure - 200ml - OrthoPara","isPartOf":{"@id":"https:\/\/orthopara.store\/#website"},"primaryImageOfPage":{"@id":"https:\/\/orthopara.store\/index.php\/produit\/eau-solaire-protectrice-biodegradable-spf50-svr-sun-secure-200ml\/#primaryimage"},"image":{"@id":"https:\/\/orthopara.store\/index.php\/produit\/eau-solaire-protectrice-biodegradable-spf50-svr-sun-secure-200ml\/#primaryimage"},"thumbnailUrl":"https:\/\/orthopara.store\/wp-content\/uploads\/2024\/06\/eau-solaire-protectrice-biodegradable-spf50-svr-sun-secure-200ml.jpg","datePublished":"2024-06-28T13:56:01+00:00","dateModified":"2024-06-28T13:56:08+00:00","breadcrumb":{"@id":"https:\/\/orthopara.store\/index.php\/produit\/eau-solaire-protectrice-biodegradable-spf50-svr-sun-secure-200ml\/#breadcrumb"},"inLanguage":"fr-FR","potentialAction":[{"@type":"ReadAction","target":["https:\/\/orthopara.store\/index.php\/produit\/eau-solaire-protectrice-biodegradable-spf50-svr-sun-secure-200ml\/"]}]},{"@type":"ImageObject","inLanguage":"fr-FR","@id":"https:\/\/orthopara.store\/index.php\/produit\/eau-solaire-protectrice-biodegradable-spf50-svr-sun-secure-200ml\/#primaryimage","url":"https:\/\/orthopara.store\/wp-content\/uploads\/2024\/06\/eau-solaire-protectrice-biodegradable-spf50-svr-sun-secure-200ml.jpg","contentUrl":"https:\/\/orthopara.store\/wp-content\/uploads\/2024\/06\/eau-solaire-protectrice-biodegradable-spf50-svr-sun-secure-200ml.jpg","width":800,"height":800},{"@type":"BreadcrumbList","@id":"https:\/\/orthopara.store\/index.php\/produit\/eau-solaire-protectrice-biodegradable-spf50-svr-sun-secure-200ml\/#breadcrumb","itemListElement":[{"@type":"ListItem","position":1,"name":"Accueil","item":"https:\/\/orthopara.store\/"},{"@type":"ListItem","position":2,"name":"Shop","item":"https:\/\/orthopara.store\/?page_id=622"},{"@type":"ListItem","position":3,"name":"Eau solaire protectrice biod\u00e9gradable SPF50+ &#8211; SVR Sun Secure &#8211; 200ml"}]},{"@type":"WebSite","@id":"https:\/\/orthopara.store\/#website","url":"https:\/\/orthopara.store\/","name":"OrthoPara","description":"Parapharmacie","publisher":{"@id":"https:\/\/orthopara.store\/#organization"},"potentialAction":[{"@type":"SearchAction","target":{"@type":"EntryPoint","urlTemplate":"https:\/\/orthopara.store\/?s={search_term_string}"},"query-input":"required name=search_term_string"}],"inLanguage":"fr-FR"},{"@type":"Organization","@id":"https:\/\/orthopara.store\/#organization","name":"OrthoPara","url":"https:\/\/orthopara.store\/","logo":{"@type":"ImageObject","inLanguage":"fr-FR","@id":"https:\/\/orthopara.store\/#\/schema\/logo\/image\/","url":"https:\/\/orthopara.store\/wp-content\/uploads\/2024\/06\/cropped-9ABA8BAD-6256-4719-9315-15C66E64E882.png","contentUrl":"https:\/\/orthopara.store\/wp-content\/uploads\/2024\/06\/cropped-9ABA8BAD-6256-4719-9315-15C66E64E882.png","width":240,"height":72,"caption":"OrthoPara"},"image":{"@id":"https:\/\/orthopara.store\/#\/schema\/logo\/image\/"},"sameAs":["https:\/\/www.facebook.com\/profile.php?id=61561194315651","https:\/\/www.instagram.com\/orthopara_tunisie\/"]}]}},"jetpack_sharing_enabled":true,"brands":[{"id":233,"name":"SVR Sun Secure","slug":"svr-sun-secure"}],"_links":{"self":[{"href":"https:\/\/orthopara.store\/index.php?rest_route=\/wp\/v2\/product\/1930","targetHints":{"allow":["GET"]}}],"collection":[{"href":"https:\/\/orthopara.store\/index.php?rest_route=\/wp\/v2\/product"}],"about":[{"href":"https:\/\/orthopara.store\/index.php?rest_route=\/wp\/v2\/types\/product"}],"replies":[{"embeddable":true,"href":"https:\/\/orthopara.store\/index.php?rest_route=%2Fwp%2Fv2%2Fcomments&post=1930"}],"wp:featuredmedia":[{"embeddable":true,"href":"https:\/\/orthopara.store\/index.php?rest_route=\/wp\/v2\/media\/1954"}],"wp:attachment":[{"href":"https:\/\/orthopara.store\/index.php?rest_route=%2Fwp%2Fv2%2Fmedia&parent=1930"}],"wp:term":[{"taxonomy":"pwb-brand","embeddable":true,"href":"https:\/\/orthopara.store\/index.php?rest_route=%2Fwp%2Fv2%2Fpwb-brand&post=1930"},{"taxonomy":"product_cat","embeddable":true,"href":"https:\/\/orthopara.store\/index.php?rest_route=%2Fwp%2Fv2%2Fproduct_cat&post=1930"},{"taxonomy":"product_tag","embeddable":true,"href":"https:\/\/orthopara.store\/index.php?rest_route=%2Fwp%2Fv2%2Fproduct_tag&post=1930"}],"curies":[{"name":"wp","href":"https:\/\/api.w.org\/{rel}","templated":true}]}}