{"id":1931,"date":"2024-06-28T15:56:01","date_gmt":"2024-06-28T13:56:01","guid":{"rendered":"https:\/\/orthopara.store\/?post_type=product&#038;p=1931"},"modified":"2024-06-28T15:56:09","modified_gmt":"2024-06-28T13:56:09","slug":"spray-solaire-pour-enfants-spf50-avene-200ml","status":"publish","type":"product","link":"https:\/\/orthopara.store\/?product=spray-solaire-pour-enfants-spf50-avene-200ml","title":{"rendered":"Spray solaire pour enfants spf50 &#8211; Av\u00e8ne &#8211; 200ml"},"content":{"rendered":"<p>Spray solaire pour enfants spf50 &#8211; Av\u00e8ne &#8211; 200ml<br \/>\nCaract\u00e9ristique de l&rsquo;avene Spray enfant SPF 50+<br \/>\n1. Syst\u00e8me filtrant brevet\u00e9 contenant seulement 4 filtres solaires pour une tr\u00e8s large protection UVB-UVA stable et efficace dans le temps, et une tol\u00e9rance cutan\u00e9e optimale.<br \/>\n2. Complexe antioxydant unique (Pr\u00e9-tocoph\u00e9ryl + Thialidine), pour une protection cellulaire globale contre le stress oxydatif.<br \/>\n3. Eau thermale d&rsquo;Av\u00e8ne, reconnue pour ses propri\u00e9t\u00e9s apaisantes, anti-irritantes et adoucissantes.<br \/>\n\u00a0Le Spray enfant SPF 50+ a une Texture fluide et l\u00e9g\u00e8re \u00e0 appliquer , contient un Film protecteur renforc\u00e9 et il est\u00a0 tr\u00e8s r\u00e9sistant \u00e0 l&rsquo;eau.<br \/>\nSon syst\u00e8me Open\/ Stop offre plus de praticit\u00e9 et de respect de l&rsquo;environnement : Open- tournez et l&#8217;embout appara\u00eet, Stop : tournez et l&#8217;embout dispara\u00eet.<br \/>\nLes bienfaits :<br \/>\nPhotoprotecteur : des filtres UVB-UVA photostables qui luttent contre les effets nocifs du rayonnement solaire.<br \/>\nAntioxydant : contribue \u00e0 assurer une protection des cellules contre les radicaux libres.<br \/>\nr\u00e9sistant \u00e0 l&rsquo;eau : prot\u00e8ge la peau des effets n\u00e9fastes du soleil m\u00eame lors de la baignade.<br \/>\nHydratant : hydrate les couches sup\u00e9rieures de la peau.<br \/>\nEffet blanc : pour un teint naturel et une protection invisible.<br \/>\nConseils d&rsquo;utilisation :<\/p>\n<p>Avant l&rsquo;exposition au soleil, appliquez g\u00e9n\u00e9reusement sur le visage et\/ou le corps (par exemple, 6 pulv\u00e9risations sur l&rsquo;avant-bras). Renouvelez fr\u00e9quemment pour maintenir la protection, surtout apr\u00e8s avoir transpir\u00e9, nag\u00e9 ou vous \u00eatre essuy\u00e9.<\/p>\n<p>\u00a0<\/p>\n","protected":false},"excerpt":{"rendered":"<p>Av\u00e8ne<br \/>\nSpray enfant SPF 50+ 200ml &#8211; AVENE est une protection solaire adapt\u00e9e \u00e0 la peau sensible du visage et du corps des enfants. Ce lait solaire de tr\u00e8s haute protection prot\u00e8ge contre la peau des enfants des UVA et UVB \u00e0 partir de l&rsquo;\u00e2ge de 3 ans\u00a0<br \/>\nRiche en Eau Thermale d&rsquo;Av\u00e8ne cette protection solaire prot\u00e8ge et hydrate la peau sensible de votre enfant.<br \/>\nContenance : 200ml<br \/>\nDLC : 12\/2025<\/p>\n","protected":false},"featured_media":1955,"comment_status":"open","ping_status":"closed","template":"","meta":[],"pwb-brand":[61],"product_cat":[231],"product_tag":[],"class_list":{"0":"post-1931","1":"product","2":"type-product","3":"status-publish","4":"has-post-thumbnail","6":"pwb-brand-avene","7":"product_cat-cremes-solaires-enfant","8":"post","9":"ws-product--style-1","11":"first","12":"instock","13":"shipping-taxable","14":"purchasable","15":"product-type-simple"},"yoast_head":"<!-- This site is optimized with the Yoast SEO plugin v23.0 - https:\/\/yoast.com\/wordpress\/plugins\/seo\/ -->\n<title>Spray solaire pour enfants spf50 - Av\u00e8ne - 200ml - OrthoPara<\/title>\n<meta name=\"robots\" content=\"index, follow, max-snippet:-1, max-image-preview:large, max-video-preview:-1\" \/>\n<link rel=\"canonical\" href=\"https:\/\/orthopara.store\/index.php\/produit\/spray-solaire-pour-enfants-spf50-avene-200ml\/\" \/>\n<meta property=\"og:locale\" content=\"fr_FR\" \/>\n<meta property=\"og:type\" content=\"article\" \/>\n<meta property=\"og:title\" content=\"Spray solaire pour enfants spf50 - Av\u00e8ne - 200ml - OrthoPara\" \/>\n<meta property=\"og:description\" content=\"Av\u00e8ne Spray enfant SPF 50+ 200ml - AVENE est une protection solaire adapt\u00e9e \u00e0 la peau sensible du visage et du corps des enfants. Ce lait solaire de tr\u00e8s haute protection prot\u00e8ge contre la peau des enfants des UVA et UVB \u00e0 partir de l&#039;\u00e2ge de 3 ans\u00a0 Riche en Eau Thermale d&#039;Av\u00e8ne cette protection solaire prot\u00e8ge et hydrate la peau sensible de votre enfant. Contenance : 200ml DLC : 12\/2025\" \/>\n<meta property=\"og:url\" content=\"https:\/\/orthopara.store\/index.php\/produit\/spray-solaire-pour-enfants-spf50-avene-200ml\/\" \/>\n<meta property=\"og:site_name\" content=\"OrthoPara\" \/>\n<meta property=\"article:publisher\" content=\"https:\/\/www.facebook.com\/profile.php?id=61561194315651\" \/>\n<meta property=\"article:modified_time\" content=\"2024-06-28T13:56:09+00:00\" \/>\n<meta property=\"og:image\" content=\"https:\/\/orthopara.store\/wp-content\/uploads\/2024\/06\/spray-solaire-pour-enfants-spf50-avene-200ml.jpg\" \/>\n\t<meta property=\"og:image:width\" content=\"800\" \/>\n\t<meta property=\"og:image:height\" content=\"800\" \/>\n\t<meta property=\"og:image:type\" content=\"image\/jpeg\" \/>\n<meta name=\"twitter:card\" content=\"summary_large_image\" \/>\n<meta name=\"twitter:label1\" content=\"Dur\u00e9e de lecture estim\u00e9e\" \/>\n\t<meta name=\"twitter:data1\" content=\"1 minute\" \/>\n<script type=\"application\/ld+json\" class=\"yoast-schema-graph\">{\"@context\":\"https:\/\/schema.org\",\"@graph\":[{\"@type\":\"WebPage\",\"@id\":\"https:\/\/orthopara.store\/index.php\/produit\/spray-solaire-pour-enfants-spf50-avene-200ml\/\",\"url\":\"https:\/\/orthopara.store\/index.php\/produit\/spray-solaire-pour-enfants-spf50-avene-200ml\/\",\"name\":\"Spray solaire pour enfants spf50 - Av\u00e8ne - 200ml - OrthoPara\",\"isPartOf\":{\"@id\":\"https:\/\/orthopara.store\/#website\"},\"primaryImageOfPage\":{\"@id\":\"https:\/\/orthopara.store\/index.php\/produit\/spray-solaire-pour-enfants-spf50-avene-200ml\/#primaryimage\"},\"image\":{\"@id\":\"https:\/\/orthopara.store\/index.php\/produit\/spray-solaire-pour-enfants-spf50-avene-200ml\/#primaryimage\"},\"thumbnailUrl\":\"https:\/\/orthopara.store\/wp-content\/uploads\/2024\/06\/spray-solaire-pour-enfants-spf50-avene-200ml.jpg\",\"datePublished\":\"2024-06-28T13:56:01+00:00\",\"dateModified\":\"2024-06-28T13:56:09+00:00\",\"breadcrumb\":{\"@id\":\"https:\/\/orthopara.store\/index.php\/produit\/spray-solaire-pour-enfants-spf50-avene-200ml\/#breadcrumb\"},\"inLanguage\":\"fr-FR\",\"potentialAction\":[{\"@type\":\"ReadAction\",\"target\":[\"https:\/\/orthopara.store\/index.php\/produit\/spray-solaire-pour-enfants-spf50-avene-200ml\/\"]}]},{\"@type\":\"ImageObject\",\"inLanguage\":\"fr-FR\",\"@id\":\"https:\/\/orthopara.store\/index.php\/produit\/spray-solaire-pour-enfants-spf50-avene-200ml\/#primaryimage\",\"url\":\"https:\/\/orthopara.store\/wp-content\/uploads\/2024\/06\/spray-solaire-pour-enfants-spf50-avene-200ml.jpg\",\"contentUrl\":\"https:\/\/orthopara.store\/wp-content\/uploads\/2024\/06\/spray-solaire-pour-enfants-spf50-avene-200ml.jpg\",\"width\":800,\"height\":800},{\"@type\":\"BreadcrumbList\",\"@id\":\"https:\/\/orthopara.store\/index.php\/produit\/spray-solaire-pour-enfants-spf50-avene-200ml\/#breadcrumb\",\"itemListElement\":[{\"@type\":\"ListItem\",\"position\":1,\"name\":\"Accueil\",\"item\":\"https:\/\/orthopara.store\/\"},{\"@type\":\"ListItem\",\"position\":2,\"name\":\"Shop\",\"item\":\"https:\/\/orthopara.store\/?page_id=622\"},{\"@type\":\"ListItem\",\"position\":3,\"name\":\"Spray solaire pour enfants spf50 &#8211; Av\u00e8ne &#8211; 200ml\"}]},{\"@type\":\"WebSite\",\"@id\":\"https:\/\/orthopara.store\/#website\",\"url\":\"https:\/\/orthopara.store\/\",\"name\":\"OrthoPara\",\"description\":\"Parapharmacie\",\"publisher\":{\"@id\":\"https:\/\/orthopara.store\/#organization\"},\"potentialAction\":[{\"@type\":\"SearchAction\",\"target\":{\"@type\":\"EntryPoint\",\"urlTemplate\":\"https:\/\/orthopara.store\/?s={search_term_string}\"},\"query-input\":\"required name=search_term_string\"}],\"inLanguage\":\"fr-FR\"},{\"@type\":\"Organization\",\"@id\":\"https:\/\/orthopara.store\/#organization\",\"name\":\"OrthoPara\",\"url\":\"https:\/\/orthopara.store\/\",\"logo\":{\"@type\":\"ImageObject\",\"inLanguage\":\"fr-FR\",\"@id\":\"https:\/\/orthopara.store\/#\/schema\/logo\/image\/\",\"url\":\"https:\/\/orthopara.store\/wp-content\/uploads\/2024\/06\/cropped-9ABA8BAD-6256-4719-9315-15C66E64E882.png\",\"contentUrl\":\"https:\/\/orthopara.store\/wp-content\/uploads\/2024\/06\/cropped-9ABA8BAD-6256-4719-9315-15C66E64E882.png\",\"width\":240,\"height\":72,\"caption\":\"OrthoPara\"},\"image\":{\"@id\":\"https:\/\/orthopara.store\/#\/schema\/logo\/image\/\"},\"sameAs\":[\"https:\/\/www.facebook.com\/profile.php?id=61561194315651\",\"https:\/\/www.instagram.com\/orthopara_tunisie\/\"]}]}<\/script>\n<!-- \/ Yoast SEO plugin. -->","yoast_head_json":{"title":"Spray solaire pour enfants spf50 - Av\u00e8ne - 200ml - OrthoPara","robots":{"index":"index","follow":"follow","max-snippet":"max-snippet:-1","max-image-preview":"max-image-preview:large","max-video-preview":"max-video-preview:-1"},"canonical":"https:\/\/orthopara.store\/index.php\/produit\/spray-solaire-pour-enfants-spf50-avene-200ml\/","og_locale":"fr_FR","og_type":"article","og_title":"Spray solaire pour enfants spf50 - Av\u00e8ne - 200ml - OrthoPara","og_description":"Av\u00e8ne Spray enfant SPF 50+ 200ml - AVENE est une protection solaire adapt\u00e9e \u00e0 la peau sensible du visage et du corps des enfants. Ce lait solaire de tr\u00e8s haute protection prot\u00e8ge contre la peau des enfants des UVA et UVB \u00e0 partir de l'\u00e2ge de 3 ans\u00a0 Riche en Eau Thermale d'Av\u00e8ne cette protection solaire prot\u00e8ge et hydrate la peau sensible de votre enfant. Contenance : 200ml DLC : 12\/2025","og_url":"https:\/\/orthopara.store\/index.php\/produit\/spray-solaire-pour-enfants-spf50-avene-200ml\/","og_site_name":"OrthoPara","article_publisher":"https:\/\/www.facebook.com\/profile.php?id=61561194315651","article_modified_time":"2024-06-28T13:56:09+00:00","og_image":[{"width":800,"height":800,"url":"https:\/\/orthopara.store\/wp-content\/uploads\/2024\/06\/spray-solaire-pour-enfants-spf50-avene-200ml.jpg","type":"image\/jpeg"}],"twitter_card":"summary_large_image","twitter_misc":{"Dur\u00e9e de lecture estim\u00e9e":"1 minute"},"schema":{"@context":"https:\/\/schema.org","@graph":[{"@type":"WebPage","@id":"https:\/\/orthopara.store\/index.php\/produit\/spray-solaire-pour-enfants-spf50-avene-200ml\/","url":"https:\/\/orthopara.store\/index.php\/produit\/spray-solaire-pour-enfants-spf50-avene-200ml\/","name":"Spray solaire pour enfants spf50 - Av\u00e8ne - 200ml - OrthoPara","isPartOf":{"@id":"https:\/\/orthopara.store\/#website"},"primaryImageOfPage":{"@id":"https:\/\/orthopara.store\/index.php\/produit\/spray-solaire-pour-enfants-spf50-avene-200ml\/#primaryimage"},"image":{"@id":"https:\/\/orthopara.store\/index.php\/produit\/spray-solaire-pour-enfants-spf50-avene-200ml\/#primaryimage"},"thumbnailUrl":"https:\/\/orthopara.store\/wp-content\/uploads\/2024\/06\/spray-solaire-pour-enfants-spf50-avene-200ml.jpg","datePublished":"2024-06-28T13:56:01+00:00","dateModified":"2024-06-28T13:56:09+00:00","breadcrumb":{"@id":"https:\/\/orthopara.store\/index.php\/produit\/spray-solaire-pour-enfants-spf50-avene-200ml\/#breadcrumb"},"inLanguage":"fr-FR","potentialAction":[{"@type":"ReadAction","target":["https:\/\/orthopara.store\/index.php\/produit\/spray-solaire-pour-enfants-spf50-avene-200ml\/"]}]},{"@type":"ImageObject","inLanguage":"fr-FR","@id":"https:\/\/orthopara.store\/index.php\/produit\/spray-solaire-pour-enfants-spf50-avene-200ml\/#primaryimage","url":"https:\/\/orthopara.store\/wp-content\/uploads\/2024\/06\/spray-solaire-pour-enfants-spf50-avene-200ml.jpg","contentUrl":"https:\/\/orthopara.store\/wp-content\/uploads\/2024\/06\/spray-solaire-pour-enfants-spf50-avene-200ml.jpg","width":800,"height":800},{"@type":"BreadcrumbList","@id":"https:\/\/orthopara.store\/index.php\/produit\/spray-solaire-pour-enfants-spf50-avene-200ml\/#breadcrumb","itemListElement":[{"@type":"ListItem","position":1,"name":"Accueil","item":"https:\/\/orthopara.store\/"},{"@type":"ListItem","position":2,"name":"Shop","item":"https:\/\/orthopara.store\/?page_id=622"},{"@type":"ListItem","position":3,"name":"Spray solaire pour enfants spf50 &#8211; Av\u00e8ne &#8211; 200ml"}]},{"@type":"WebSite","@id":"https:\/\/orthopara.store\/#website","url":"https:\/\/orthopara.store\/","name":"OrthoPara","description":"Parapharmacie","publisher":{"@id":"https:\/\/orthopara.store\/#organization"},"potentialAction":[{"@type":"SearchAction","target":{"@type":"EntryPoint","urlTemplate":"https:\/\/orthopara.store\/?s={search_term_string}"},"query-input":"required name=search_term_string"}],"inLanguage":"fr-FR"},{"@type":"Organization","@id":"https:\/\/orthopara.store\/#organization","name":"OrthoPara","url":"https:\/\/orthopara.store\/","logo":{"@type":"ImageObject","inLanguage":"fr-FR","@id":"https:\/\/orthopara.store\/#\/schema\/logo\/image\/","url":"https:\/\/orthopara.store\/wp-content\/uploads\/2024\/06\/cropped-9ABA8BAD-6256-4719-9315-15C66E64E882.png","contentUrl":"https:\/\/orthopara.store\/wp-content\/uploads\/2024\/06\/cropped-9ABA8BAD-6256-4719-9315-15C66E64E882.png","width":240,"height":72,"caption":"OrthoPara"},"image":{"@id":"https:\/\/orthopara.store\/#\/schema\/logo\/image\/"},"sameAs":["https:\/\/www.facebook.com\/profile.php?id=61561194315651","https:\/\/www.instagram.com\/orthopara_tunisie\/"]}]}},"jetpack_sharing_enabled":true,"brands":[{"id":61,"name":"Avene","slug":"avene"}],"_links":{"self":[{"href":"https:\/\/orthopara.store\/index.php?rest_route=\/wp\/v2\/product\/1931","targetHints":{"allow":["GET"]}}],"collection":[{"href":"https:\/\/orthopara.store\/index.php?rest_route=\/wp\/v2\/product"}],"about":[{"href":"https:\/\/orthopara.store\/index.php?rest_route=\/wp\/v2\/types\/product"}],"replies":[{"embeddable":true,"href":"https:\/\/orthopara.store\/index.php?rest_route=%2Fwp%2Fv2%2Fcomments&post=1931"}],"wp:featuredmedia":[{"embeddable":true,"href":"https:\/\/orthopara.store\/index.php?rest_route=\/wp\/v2\/media\/1955"}],"wp:attachment":[{"href":"https:\/\/orthopara.store\/index.php?rest_route=%2Fwp%2Fv2%2Fmedia&parent=1931"}],"wp:term":[{"taxonomy":"pwb-brand","embeddable":true,"href":"https:\/\/orthopara.store\/index.php?rest_route=%2Fwp%2Fv2%2Fpwb-brand&post=1931"},{"taxonomy":"product_cat","embeddable":true,"href":"https:\/\/orthopara.store\/index.php?rest_route=%2Fwp%2Fv2%2Fproduct_cat&post=1931"},{"taxonomy":"product_tag","embeddable":true,"href":"https:\/\/orthopara.store\/index.php?rest_route=%2Fwp%2Fv2%2Fproduct_tag&post=1931"}],"curies":[{"name":"wp","href":"https:\/\/api.w.org\/{rel}","templated":true}]}}