{"id":1933,"date":"2024-06-28T15:56:02","date_gmt":"2024-06-28T13:56:02","guid":{"rendered":"https:\/\/orthopara.store\/?post_type=product&#038;p=1933"},"modified":"2024-06-28T15:56:10","modified_gmt":"2024-06-28T13:56:10","slug":"creme-solaire-spf50-hydratante-svr-sun-secure-50ml","status":"publish","type":"product","link":"https:\/\/orthopara.store\/?product=creme-solaire-spf50-hydratante-svr-sun-secure-50ml","title":{"rendered":"Cr\u00e8me solaire spf50+ hydratante &#8211; SVR Sun Secure &#8211; 50ml"},"content":{"rendered":"<p>Cr\u00e8me solaire &#8211; SVR Sun Secure &#8211; spf50+ &#8211; 50ml<br \/>\nSUN SECURE Cr\u00e8me SPF50+\u00a0est une cr\u00e8me confort au fini invisible et au toucher non gras . Sa texture velours fond sur la peau et p\u00e9n\u00e8tre rapidement. Elle r\u00e9siste \u00e0 l&rsquo;eau, \u00e0 la transpiration et aux frottements pour une protection optimale.\u00a0Elle est parfaitement adapt\u00e9e au visage des peaux hypersensibles au soleil de toute la famille : b\u00e9b\u00e9, enfant, adulte.\u00a0Une Formule\u00a0qui convient\u00a0aux peaux hypersensibles au soleil : Hypoallerg\u00e9nique. Sans paraben. Sans alcool. Sans octocryl\u00e8ne. Parfum sans allerg\u00e8ne, non photosensiblisant.\u00a0<br \/>\nUne formule triple action gr\u00e2ce \u00e0 l&rsquo;Integral Secure Technology qui cible tous les types de rayons :\u2022 Protection physique en surface : Filtres solaires organiques SPF50+ photostables hautement performants\u2022 Bouclier cellulaire : Complexe Liposomal antioxydant [\u03b2-carot\u00e8ne + D\u00e9toxophane\u00ae]\u00a0\u2022 R\u00e9paration des dommages cellulaires dus \u00e0 l&rsquo;exposition : Niacinamide<br \/>\nConseils d&rsquo;utilisation :<br \/>\nIl est recommand\u00e9 d&rsquo;appliquer une dose suffisante et homog\u00e8ne pour couvrir le visage. Avant de s&rsquo;exposer au soleil,<br \/>\nRenouveler fr\u00e9quemment l&rsquo;application.<br \/>\nComposition :<br \/>\nINCI : Lab19.07\/B.18 &#8211; Ingredients : Aqua\/Water\/Eau, Diisopropyl Adipate, Diethylamino Hydroxybenzoyl Hexyl Benzoate, Dicaprylyl Ether, Silica, Ethylhexyl Triazone, Bis-Ethylhexyloxyphenol Methoxyphenyl Triazine, Cetearyl Alcohol, Hydrogenated Vegetable Oil, C12-15 Alkyl Benzoate, Diethylhexyl Butamido Triazone, Ceteareth-20, Glycerin, Pentylene Glycol, Acrylates\/C12-22 Alkyl Methacrylate Copolymer, Polyester-7, 1,2-Hexanediol, Niacinamide, Neopentyl Glycol Diheptanoate, Tocopheryl Acetate, Hydroxyethyl Acrylate\/Sodium Acryloyldimethyl Taurate Copolymer, Parfum (Fragrance), Tocopherol, Caprylyl Glycol, Arginine, Xanthan Gum, Coco-Glucoside, Glycine Soja (Soybean) Oil, Citric Acid, Disodium Lauryl Sulfosuccinate, Polysorbate 60, Sorbitan Isostearate, Lecithin, Lepidium Sativum Sprout Extract<\/p>\n","protected":false},"excerpt":{"rendered":"<p>Cr\u00e8me solaire biod\u00e9gradable hydratante SPF50+<br \/>\nSun Secure Cr\u00e8me SPF50+ est une cr\u00e8me confort au fini invisible et au toucher non gras<br \/>\nPeaux normales \u00e0 s\u00e8ches<br \/>\nB\u00e9b\u00e9, Enfant, Adulte.<br \/>\nVisage<br \/>\nContenance : 50ml<\/p>\n","protected":false},"featured_media":1957,"comment_status":"open","ping_status":"closed","template":"","meta":[],"pwb-brand":[233],"product_cat":[231],"product_tag":[],"class_list":{"0":"post-1933","1":"product","2":"type-product","3":"status-publish","4":"has-post-thumbnail","6":"pwb-brand-svr-sun-secure","7":"product_cat-cremes-solaires-enfant","8":"post","9":"ws-product--style-1","11":"first","12":"instock","13":"shipping-taxable","14":"purchasable","15":"product-type-simple"},"yoast_head":"<!-- This site is optimized with the Yoast SEO plugin v23.0 - https:\/\/yoast.com\/wordpress\/plugins\/seo\/ -->\n<title>Cr\u00e8me solaire spf50+ hydratante - SVR Sun Secure - 50ml - OrthoPara<\/title>\n<meta name=\"robots\" content=\"index, follow, max-snippet:-1, max-image-preview:large, max-video-preview:-1\" \/>\n<link rel=\"canonical\" href=\"https:\/\/orthopara.store\/index.php\/produit\/creme-solaire-spf50-hydratante-svr-sun-secure-50ml\/\" \/>\n<meta property=\"og:locale\" content=\"fr_FR\" \/>\n<meta property=\"og:type\" content=\"article\" \/>\n<meta property=\"og:title\" content=\"Cr\u00e8me solaire spf50+ hydratante - SVR Sun Secure - 50ml - OrthoPara\" \/>\n<meta property=\"og:description\" content=\"Cr\u00e8me solaire biod\u00e9gradable hydratante SPF50+ Sun Secure Cr\u00e8me SPF50+ est une cr\u00e8me confort au fini invisible et au toucher non gras Peaux normales \u00e0 s\u00e8ches B\u00e9b\u00e9, Enfant, Adulte. Visage Contenance : 50ml\" \/>\n<meta property=\"og:url\" content=\"https:\/\/orthopara.store\/index.php\/produit\/creme-solaire-spf50-hydratante-svr-sun-secure-50ml\/\" \/>\n<meta property=\"og:site_name\" content=\"OrthoPara\" \/>\n<meta property=\"article:publisher\" content=\"https:\/\/www.facebook.com\/profile.php?id=61561194315651\" \/>\n<meta property=\"article:modified_time\" content=\"2024-06-28T13:56:10+00:00\" \/>\n<meta property=\"og:image\" content=\"https:\/\/orthopara.store\/wp-content\/uploads\/2024\/06\/creme-solaire-spf50-hydratante-svr-sun-secure-50ml.jpg\" \/>\n\t<meta property=\"og:image:width\" content=\"800\" \/>\n\t<meta property=\"og:image:height\" content=\"800\" \/>\n\t<meta property=\"og:image:type\" content=\"image\/jpeg\" \/>\n<meta name=\"twitter:card\" content=\"summary_large_image\" \/>\n<meta name=\"twitter:label1\" content=\"Dur\u00e9e de lecture estim\u00e9e\" \/>\n\t<meta name=\"twitter:data1\" content=\"1 minute\" \/>\n<script type=\"application\/ld+json\" class=\"yoast-schema-graph\">{\"@context\":\"https:\/\/schema.org\",\"@graph\":[{\"@type\":\"WebPage\",\"@id\":\"https:\/\/orthopara.store\/index.php\/produit\/creme-solaire-spf50-hydratante-svr-sun-secure-50ml\/\",\"url\":\"https:\/\/orthopara.store\/index.php\/produit\/creme-solaire-spf50-hydratante-svr-sun-secure-50ml\/\",\"name\":\"Cr\u00e8me solaire spf50+ hydratante - SVR Sun Secure - 50ml - OrthoPara\",\"isPartOf\":{\"@id\":\"https:\/\/orthopara.store\/#website\"},\"primaryImageOfPage\":{\"@id\":\"https:\/\/orthopara.store\/index.php\/produit\/creme-solaire-spf50-hydratante-svr-sun-secure-50ml\/#primaryimage\"},\"image\":{\"@id\":\"https:\/\/orthopara.store\/index.php\/produit\/creme-solaire-spf50-hydratante-svr-sun-secure-50ml\/#primaryimage\"},\"thumbnailUrl\":\"https:\/\/orthopara.store\/wp-content\/uploads\/2024\/06\/creme-solaire-spf50-hydratante-svr-sun-secure-50ml.jpg\",\"datePublished\":\"2024-06-28T13:56:02+00:00\",\"dateModified\":\"2024-06-28T13:56:10+00:00\",\"breadcrumb\":{\"@id\":\"https:\/\/orthopara.store\/index.php\/produit\/creme-solaire-spf50-hydratante-svr-sun-secure-50ml\/#breadcrumb\"},\"inLanguage\":\"fr-FR\",\"potentialAction\":[{\"@type\":\"ReadAction\",\"target\":[\"https:\/\/orthopara.store\/index.php\/produit\/creme-solaire-spf50-hydratante-svr-sun-secure-50ml\/\"]}]},{\"@type\":\"ImageObject\",\"inLanguage\":\"fr-FR\",\"@id\":\"https:\/\/orthopara.store\/index.php\/produit\/creme-solaire-spf50-hydratante-svr-sun-secure-50ml\/#primaryimage\",\"url\":\"https:\/\/orthopara.store\/wp-content\/uploads\/2024\/06\/creme-solaire-spf50-hydratante-svr-sun-secure-50ml.jpg\",\"contentUrl\":\"https:\/\/orthopara.store\/wp-content\/uploads\/2024\/06\/creme-solaire-spf50-hydratante-svr-sun-secure-50ml.jpg\",\"width\":800,\"height\":800},{\"@type\":\"BreadcrumbList\",\"@id\":\"https:\/\/orthopara.store\/index.php\/produit\/creme-solaire-spf50-hydratante-svr-sun-secure-50ml\/#breadcrumb\",\"itemListElement\":[{\"@type\":\"ListItem\",\"position\":1,\"name\":\"Accueil\",\"item\":\"https:\/\/orthopara.store\/\"},{\"@type\":\"ListItem\",\"position\":2,\"name\":\"Shop\",\"item\":\"https:\/\/orthopara.store\/?page_id=622\"},{\"@type\":\"ListItem\",\"position\":3,\"name\":\"Cr\u00e8me solaire spf50+ hydratante &#8211; SVR Sun Secure &#8211; 50ml\"}]},{\"@type\":\"WebSite\",\"@id\":\"https:\/\/orthopara.store\/#website\",\"url\":\"https:\/\/orthopara.store\/\",\"name\":\"OrthoPara\",\"description\":\"Parapharmacie\",\"publisher\":{\"@id\":\"https:\/\/orthopara.store\/#organization\"},\"potentialAction\":[{\"@type\":\"SearchAction\",\"target\":{\"@type\":\"EntryPoint\",\"urlTemplate\":\"https:\/\/orthopara.store\/?s={search_term_string}\"},\"query-input\":\"required name=search_term_string\"}],\"inLanguage\":\"fr-FR\"},{\"@type\":\"Organization\",\"@id\":\"https:\/\/orthopara.store\/#organization\",\"name\":\"OrthoPara\",\"url\":\"https:\/\/orthopara.store\/\",\"logo\":{\"@type\":\"ImageObject\",\"inLanguage\":\"fr-FR\",\"@id\":\"https:\/\/orthopara.store\/#\/schema\/logo\/image\/\",\"url\":\"https:\/\/orthopara.store\/wp-content\/uploads\/2024\/06\/cropped-9ABA8BAD-6256-4719-9315-15C66E64E882.png\",\"contentUrl\":\"https:\/\/orthopara.store\/wp-content\/uploads\/2024\/06\/cropped-9ABA8BAD-6256-4719-9315-15C66E64E882.png\",\"width\":240,\"height\":72,\"caption\":\"OrthoPara\"},\"image\":{\"@id\":\"https:\/\/orthopara.store\/#\/schema\/logo\/image\/\"},\"sameAs\":[\"https:\/\/www.facebook.com\/profile.php?id=61561194315651\",\"https:\/\/www.instagram.com\/orthopara_tunisie\/\"]}]}<\/script>\n<!-- \/ Yoast SEO plugin. -->","yoast_head_json":{"title":"Cr\u00e8me solaire spf50+ hydratante - SVR Sun Secure - 50ml - OrthoPara","robots":{"index":"index","follow":"follow","max-snippet":"max-snippet:-1","max-image-preview":"max-image-preview:large","max-video-preview":"max-video-preview:-1"},"canonical":"https:\/\/orthopara.store\/index.php\/produit\/creme-solaire-spf50-hydratante-svr-sun-secure-50ml\/","og_locale":"fr_FR","og_type":"article","og_title":"Cr\u00e8me solaire spf50+ hydratante - SVR Sun Secure - 50ml - OrthoPara","og_description":"Cr\u00e8me solaire biod\u00e9gradable hydratante SPF50+ Sun Secure Cr\u00e8me SPF50+ est une cr\u00e8me confort au fini invisible et au toucher non gras Peaux normales \u00e0 s\u00e8ches B\u00e9b\u00e9, Enfant, Adulte. Visage Contenance : 50ml","og_url":"https:\/\/orthopara.store\/index.php\/produit\/creme-solaire-spf50-hydratante-svr-sun-secure-50ml\/","og_site_name":"OrthoPara","article_publisher":"https:\/\/www.facebook.com\/profile.php?id=61561194315651","article_modified_time":"2024-06-28T13:56:10+00:00","og_image":[{"width":800,"height":800,"url":"https:\/\/orthopara.store\/wp-content\/uploads\/2024\/06\/creme-solaire-spf50-hydratante-svr-sun-secure-50ml.jpg","type":"image\/jpeg"}],"twitter_card":"summary_large_image","twitter_misc":{"Dur\u00e9e de lecture estim\u00e9e":"1 minute"},"schema":{"@context":"https:\/\/schema.org","@graph":[{"@type":"WebPage","@id":"https:\/\/orthopara.store\/index.php\/produit\/creme-solaire-spf50-hydratante-svr-sun-secure-50ml\/","url":"https:\/\/orthopara.store\/index.php\/produit\/creme-solaire-spf50-hydratante-svr-sun-secure-50ml\/","name":"Cr\u00e8me solaire spf50+ hydratante - SVR Sun Secure - 50ml - OrthoPara","isPartOf":{"@id":"https:\/\/orthopara.store\/#website"},"primaryImageOfPage":{"@id":"https:\/\/orthopara.store\/index.php\/produit\/creme-solaire-spf50-hydratante-svr-sun-secure-50ml\/#primaryimage"},"image":{"@id":"https:\/\/orthopara.store\/index.php\/produit\/creme-solaire-spf50-hydratante-svr-sun-secure-50ml\/#primaryimage"},"thumbnailUrl":"https:\/\/orthopara.store\/wp-content\/uploads\/2024\/06\/creme-solaire-spf50-hydratante-svr-sun-secure-50ml.jpg","datePublished":"2024-06-28T13:56:02+00:00","dateModified":"2024-06-28T13:56:10+00:00","breadcrumb":{"@id":"https:\/\/orthopara.store\/index.php\/produit\/creme-solaire-spf50-hydratante-svr-sun-secure-50ml\/#breadcrumb"},"inLanguage":"fr-FR","potentialAction":[{"@type":"ReadAction","target":["https:\/\/orthopara.store\/index.php\/produit\/creme-solaire-spf50-hydratante-svr-sun-secure-50ml\/"]}]},{"@type":"ImageObject","inLanguage":"fr-FR","@id":"https:\/\/orthopara.store\/index.php\/produit\/creme-solaire-spf50-hydratante-svr-sun-secure-50ml\/#primaryimage","url":"https:\/\/orthopara.store\/wp-content\/uploads\/2024\/06\/creme-solaire-spf50-hydratante-svr-sun-secure-50ml.jpg","contentUrl":"https:\/\/orthopara.store\/wp-content\/uploads\/2024\/06\/creme-solaire-spf50-hydratante-svr-sun-secure-50ml.jpg","width":800,"height":800},{"@type":"BreadcrumbList","@id":"https:\/\/orthopara.store\/index.php\/produit\/creme-solaire-spf50-hydratante-svr-sun-secure-50ml\/#breadcrumb","itemListElement":[{"@type":"ListItem","position":1,"name":"Accueil","item":"https:\/\/orthopara.store\/"},{"@type":"ListItem","position":2,"name":"Shop","item":"https:\/\/orthopara.store\/?page_id=622"},{"@type":"ListItem","position":3,"name":"Cr\u00e8me solaire spf50+ hydratante &#8211; SVR Sun Secure &#8211; 50ml"}]},{"@type":"WebSite","@id":"https:\/\/orthopara.store\/#website","url":"https:\/\/orthopara.store\/","name":"OrthoPara","description":"Parapharmacie","publisher":{"@id":"https:\/\/orthopara.store\/#organization"},"potentialAction":[{"@type":"SearchAction","target":{"@type":"EntryPoint","urlTemplate":"https:\/\/orthopara.store\/?s={search_term_string}"},"query-input":"required name=search_term_string"}],"inLanguage":"fr-FR"},{"@type":"Organization","@id":"https:\/\/orthopara.store\/#organization","name":"OrthoPara","url":"https:\/\/orthopara.store\/","logo":{"@type":"ImageObject","inLanguage":"fr-FR","@id":"https:\/\/orthopara.store\/#\/schema\/logo\/image\/","url":"https:\/\/orthopara.store\/wp-content\/uploads\/2024\/06\/cropped-9ABA8BAD-6256-4719-9315-15C66E64E882.png","contentUrl":"https:\/\/orthopara.store\/wp-content\/uploads\/2024\/06\/cropped-9ABA8BAD-6256-4719-9315-15C66E64E882.png","width":240,"height":72,"caption":"OrthoPara"},"image":{"@id":"https:\/\/orthopara.store\/#\/schema\/logo\/image\/"},"sameAs":["https:\/\/www.facebook.com\/profile.php?id=61561194315651","https:\/\/www.instagram.com\/orthopara_tunisie\/"]}]}},"jetpack_sharing_enabled":true,"brands":[{"id":233,"name":"SVR Sun Secure","slug":"svr-sun-secure"}],"_links":{"self":[{"href":"https:\/\/orthopara.store\/index.php?rest_route=\/wp\/v2\/product\/1933","targetHints":{"allow":["GET"]}}],"collection":[{"href":"https:\/\/orthopara.store\/index.php?rest_route=\/wp\/v2\/product"}],"about":[{"href":"https:\/\/orthopara.store\/index.php?rest_route=\/wp\/v2\/types\/product"}],"replies":[{"embeddable":true,"href":"https:\/\/orthopara.store\/index.php?rest_route=%2Fwp%2Fv2%2Fcomments&post=1933"}],"wp:featuredmedia":[{"embeddable":true,"href":"https:\/\/orthopara.store\/index.php?rest_route=\/wp\/v2\/media\/1957"}],"wp:attachment":[{"href":"https:\/\/orthopara.store\/index.php?rest_route=%2Fwp%2Fv2%2Fmedia&parent=1933"}],"wp:term":[{"taxonomy":"pwb-brand","embeddable":true,"href":"https:\/\/orthopara.store\/index.php?rest_route=%2Fwp%2Fv2%2Fpwb-brand&post=1933"},{"taxonomy":"product_cat","embeddable":true,"href":"https:\/\/orthopara.store\/index.php?rest_route=%2Fwp%2Fv2%2Fproduct_cat&post=1933"},{"taxonomy":"product_tag","embeddable":true,"href":"https:\/\/orthopara.store\/index.php?rest_route=%2Fwp%2Fv2%2Fproduct_tag&post=1933"}],"curies":[{"name":"wp","href":"https:\/\/api.w.org\/{rel}","templated":true}]}}