{"id":1935,"date":"2024-06-28T15:56:02","date_gmt":"2024-06-28T13:56:02","guid":{"rendered":"https:\/\/orthopara.store\/?post_type=product&#038;p=1935"},"modified":"2024-06-28T15:56:11","modified_gmt":"2024-06-28T13:56:11","slug":"lait-apres-soleil-apaisant-hydratant-dermafig-sanilux-100ml","status":"publish","type":"product","link":"https:\/\/orthopara.store\/?product=lait-apres-soleil-apaisant-hydratant-dermafig-sanilux-100ml","title":{"rendered":"Lait apr\u00e8s-soleil &#8211; apaisant &#038; hydratant &#8211; Dermafig Sanilux &#8211; 100ml"},"content":{"rendered":"<p>Indications:\u00a0<br \/>\npeaux sensibles et intol\u00e9rantes et sujettes aux rougeurs<br \/>\napaise les coups de soleil<br \/>\napaiser une agression cutan\u00e9e externe externe: \u00e9ryth\u00e8me solaire, actes m\u00e9dicaux ( Laser, peeling&#8230;)\u00a0<br \/>\nconvient \u00e9galement aux enfants\u00a0<br \/>\npropri\u00e9t\u00e9s :<br \/>\nsoin anti-rougeurs\u00a0<br \/>\napaisant, protecteur et hydratant au quotidien\u00a0<br \/>\nd\u00e9congestionnant<br \/>\ncalme les sensations de br\u00fblures et de tiraillement\u00a0<br \/>\napaisant et anti-irritant\u00a0<br \/>\nComposition :\u00a0<br \/>\nAlo\u00e9 Vera, Ur\u00e9e, D-panth\u00e9nol, Vit E, Extrait de calendula et camomille\u00a0<br \/>\nConseils d&rsquo;utilisation:\u00a0<br \/>\nAppliquez le lait sur le visage et le corps ou sur les zones \u00e0 apaiser plusieurs fois par jour.<\/p>\n<p>Ne pas appliquer sur des plaies ouvertes\u00a0<br \/>\nUsage externe<br \/>\nTenir hors de la port\u00e9 des enfants\u00a0\u00a0<\/p>\n","protected":false},"excerpt":{"rendered":"<p>Lait apr\u00e8s-soleil &#8211; Dermafig Sanilux\u00a0<br \/>\napaisant &#038; hydratant (hydrataion 24H)\u00a0<br \/>\nRiche en Aloe Vera\u00a0<br \/>\nPour visage et Corps\u00a0<br \/>\nPeau sensible &#8211; Hypoallerg\u00e9nique<br \/>\nContenance : 100ml\u00a0\u00a0<\/p>\n","protected":false},"featured_media":1959,"comment_status":"open","ping_status":"closed","template":"","meta":[],"pwb-brand":[234],"product_cat":[231],"product_tag":[],"class_list":{"0":"post-1935","1":"product","2":"type-product","3":"status-publish","4":"has-post-thumbnail","6":"pwb-brand-dermasun","7":"product_cat-cremes-solaires-enfant","8":"post","9":"ws-product--style-1","11":"first","12":"instock","13":"shipping-taxable","14":"purchasable","15":"product-type-simple"},"yoast_head":"<!-- This site is optimized with the Yoast SEO plugin v23.0 - https:\/\/yoast.com\/wordpress\/plugins\/seo\/ -->\n<title>Lait apr\u00e8s-soleil - apaisant &amp; hydratant - Dermafig Sanilux - 100ml - OrthoPara<\/title>\n<meta name=\"robots\" content=\"index, follow, max-snippet:-1, max-image-preview:large, max-video-preview:-1\" \/>\n<link rel=\"canonical\" href=\"https:\/\/orthopara.store\/index.php\/produit\/lait-apres-soleil-apaisant-hydratant-dermafig-sanilux-100ml\/\" \/>\n<meta property=\"og:locale\" content=\"fr_FR\" \/>\n<meta property=\"og:type\" content=\"article\" \/>\n<meta property=\"og:title\" content=\"Lait apr\u00e8s-soleil - apaisant &amp; hydratant - Dermafig Sanilux - 100ml - OrthoPara\" \/>\n<meta property=\"og:description\" content=\"Lait apr\u00e8s-soleil - Dermafig Sanilux\u00a0 apaisant &amp; hydratant (hydrataion 24H)\u00a0 Riche en Aloe Vera\u00a0 Pour visage et Corps\u00a0 Peau sensible - Hypoallerg\u00e9nique Contenance : 100ml\u00a0\u00a0\" \/>\n<meta property=\"og:url\" content=\"https:\/\/orthopara.store\/index.php\/produit\/lait-apres-soleil-apaisant-hydratant-dermafig-sanilux-100ml\/\" \/>\n<meta property=\"og:site_name\" content=\"OrthoPara\" \/>\n<meta property=\"article:publisher\" content=\"https:\/\/www.facebook.com\/profile.php?id=61561194315651\" \/>\n<meta property=\"article:modified_time\" content=\"2024-06-28T13:56:11+00:00\" \/>\n<meta property=\"og:image\" content=\"https:\/\/orthopara.store\/wp-content\/uploads\/2024\/06\/lait-apres-soleil-apaisant-hydratant-dermafig-sanilux-100ml.jpg\" \/>\n\t<meta property=\"og:image:width\" content=\"800\" \/>\n\t<meta property=\"og:image:height\" content=\"800\" \/>\n\t<meta property=\"og:image:type\" content=\"image\/jpeg\" \/>\n<meta name=\"twitter:card\" content=\"summary_large_image\" \/>\n<meta name=\"twitter:label1\" content=\"Dur\u00e9e de lecture estim\u00e9e\" \/>\n\t<meta name=\"twitter:data1\" content=\"1 minute\" \/>\n<script type=\"application\/ld+json\" class=\"yoast-schema-graph\">{\"@context\":\"https:\/\/schema.org\",\"@graph\":[{\"@type\":\"WebPage\",\"@id\":\"https:\/\/orthopara.store\/index.php\/produit\/lait-apres-soleil-apaisant-hydratant-dermafig-sanilux-100ml\/\",\"url\":\"https:\/\/orthopara.store\/index.php\/produit\/lait-apres-soleil-apaisant-hydratant-dermafig-sanilux-100ml\/\",\"name\":\"Lait apr\u00e8s-soleil - apaisant & hydratant - Dermafig Sanilux - 100ml - OrthoPara\",\"isPartOf\":{\"@id\":\"https:\/\/orthopara.store\/#website\"},\"primaryImageOfPage\":{\"@id\":\"https:\/\/orthopara.store\/index.php\/produit\/lait-apres-soleil-apaisant-hydratant-dermafig-sanilux-100ml\/#primaryimage\"},\"image\":{\"@id\":\"https:\/\/orthopara.store\/index.php\/produit\/lait-apres-soleil-apaisant-hydratant-dermafig-sanilux-100ml\/#primaryimage\"},\"thumbnailUrl\":\"https:\/\/orthopara.store\/wp-content\/uploads\/2024\/06\/lait-apres-soleil-apaisant-hydratant-dermafig-sanilux-100ml.jpg\",\"datePublished\":\"2024-06-28T13:56:02+00:00\",\"dateModified\":\"2024-06-28T13:56:11+00:00\",\"breadcrumb\":{\"@id\":\"https:\/\/orthopara.store\/index.php\/produit\/lait-apres-soleil-apaisant-hydratant-dermafig-sanilux-100ml\/#breadcrumb\"},\"inLanguage\":\"fr-FR\",\"potentialAction\":[{\"@type\":\"ReadAction\",\"target\":[\"https:\/\/orthopara.store\/index.php\/produit\/lait-apres-soleil-apaisant-hydratant-dermafig-sanilux-100ml\/\"]}]},{\"@type\":\"ImageObject\",\"inLanguage\":\"fr-FR\",\"@id\":\"https:\/\/orthopara.store\/index.php\/produit\/lait-apres-soleil-apaisant-hydratant-dermafig-sanilux-100ml\/#primaryimage\",\"url\":\"https:\/\/orthopara.store\/wp-content\/uploads\/2024\/06\/lait-apres-soleil-apaisant-hydratant-dermafig-sanilux-100ml.jpg\",\"contentUrl\":\"https:\/\/orthopara.store\/wp-content\/uploads\/2024\/06\/lait-apres-soleil-apaisant-hydratant-dermafig-sanilux-100ml.jpg\",\"width\":800,\"height\":800},{\"@type\":\"BreadcrumbList\",\"@id\":\"https:\/\/orthopara.store\/index.php\/produit\/lait-apres-soleil-apaisant-hydratant-dermafig-sanilux-100ml\/#breadcrumb\",\"itemListElement\":[{\"@type\":\"ListItem\",\"position\":1,\"name\":\"Accueil\",\"item\":\"https:\/\/orthopara.store\/\"},{\"@type\":\"ListItem\",\"position\":2,\"name\":\"Shop\",\"item\":\"https:\/\/orthopara.store\/?page_id=622\"},{\"@type\":\"ListItem\",\"position\":3,\"name\":\"Lait apr\u00e8s-soleil &#8211; apaisant &#038; hydratant &#8211; Dermafig Sanilux &#8211; 100ml\"}]},{\"@type\":\"WebSite\",\"@id\":\"https:\/\/orthopara.store\/#website\",\"url\":\"https:\/\/orthopara.store\/\",\"name\":\"OrthoPara\",\"description\":\"Parapharmacie\",\"publisher\":{\"@id\":\"https:\/\/orthopara.store\/#organization\"},\"potentialAction\":[{\"@type\":\"SearchAction\",\"target\":{\"@type\":\"EntryPoint\",\"urlTemplate\":\"https:\/\/orthopara.store\/?s={search_term_string}\"},\"query-input\":\"required name=search_term_string\"}],\"inLanguage\":\"fr-FR\"},{\"@type\":\"Organization\",\"@id\":\"https:\/\/orthopara.store\/#organization\",\"name\":\"OrthoPara\",\"url\":\"https:\/\/orthopara.store\/\",\"logo\":{\"@type\":\"ImageObject\",\"inLanguage\":\"fr-FR\",\"@id\":\"https:\/\/orthopara.store\/#\/schema\/logo\/image\/\",\"url\":\"https:\/\/orthopara.store\/wp-content\/uploads\/2024\/06\/cropped-9ABA8BAD-6256-4719-9315-15C66E64E882.png\",\"contentUrl\":\"https:\/\/orthopara.store\/wp-content\/uploads\/2024\/06\/cropped-9ABA8BAD-6256-4719-9315-15C66E64E882.png\",\"width\":240,\"height\":72,\"caption\":\"OrthoPara\"},\"image\":{\"@id\":\"https:\/\/orthopara.store\/#\/schema\/logo\/image\/\"},\"sameAs\":[\"https:\/\/www.facebook.com\/profile.php?id=61561194315651\",\"https:\/\/www.instagram.com\/orthopara_tunisie\/\"]}]}<\/script>\n<!-- \/ Yoast SEO plugin. -->","yoast_head_json":{"title":"Lait apr\u00e8s-soleil - apaisant & hydratant - Dermafig Sanilux - 100ml - OrthoPara","robots":{"index":"index","follow":"follow","max-snippet":"max-snippet:-1","max-image-preview":"max-image-preview:large","max-video-preview":"max-video-preview:-1"},"canonical":"https:\/\/orthopara.store\/index.php\/produit\/lait-apres-soleil-apaisant-hydratant-dermafig-sanilux-100ml\/","og_locale":"fr_FR","og_type":"article","og_title":"Lait apr\u00e8s-soleil - apaisant & hydratant - Dermafig Sanilux - 100ml - OrthoPara","og_description":"Lait apr\u00e8s-soleil - Dermafig Sanilux\u00a0 apaisant & hydratant (hydrataion 24H)\u00a0 Riche en Aloe Vera\u00a0 Pour visage et Corps\u00a0 Peau sensible - Hypoallerg\u00e9nique Contenance : 100ml\u00a0\u00a0","og_url":"https:\/\/orthopara.store\/index.php\/produit\/lait-apres-soleil-apaisant-hydratant-dermafig-sanilux-100ml\/","og_site_name":"OrthoPara","article_publisher":"https:\/\/www.facebook.com\/profile.php?id=61561194315651","article_modified_time":"2024-06-28T13:56:11+00:00","og_image":[{"width":800,"height":800,"url":"https:\/\/orthopara.store\/wp-content\/uploads\/2024\/06\/lait-apres-soleil-apaisant-hydratant-dermafig-sanilux-100ml.jpg","type":"image\/jpeg"}],"twitter_card":"summary_large_image","twitter_misc":{"Dur\u00e9e de lecture estim\u00e9e":"1 minute"},"schema":{"@context":"https:\/\/schema.org","@graph":[{"@type":"WebPage","@id":"https:\/\/orthopara.store\/index.php\/produit\/lait-apres-soleil-apaisant-hydratant-dermafig-sanilux-100ml\/","url":"https:\/\/orthopara.store\/index.php\/produit\/lait-apres-soleil-apaisant-hydratant-dermafig-sanilux-100ml\/","name":"Lait apr\u00e8s-soleil - apaisant & hydratant - Dermafig Sanilux - 100ml - OrthoPara","isPartOf":{"@id":"https:\/\/orthopara.store\/#website"},"primaryImageOfPage":{"@id":"https:\/\/orthopara.store\/index.php\/produit\/lait-apres-soleil-apaisant-hydratant-dermafig-sanilux-100ml\/#primaryimage"},"image":{"@id":"https:\/\/orthopara.store\/index.php\/produit\/lait-apres-soleil-apaisant-hydratant-dermafig-sanilux-100ml\/#primaryimage"},"thumbnailUrl":"https:\/\/orthopara.store\/wp-content\/uploads\/2024\/06\/lait-apres-soleil-apaisant-hydratant-dermafig-sanilux-100ml.jpg","datePublished":"2024-06-28T13:56:02+00:00","dateModified":"2024-06-28T13:56:11+00:00","breadcrumb":{"@id":"https:\/\/orthopara.store\/index.php\/produit\/lait-apres-soleil-apaisant-hydratant-dermafig-sanilux-100ml\/#breadcrumb"},"inLanguage":"fr-FR","potentialAction":[{"@type":"ReadAction","target":["https:\/\/orthopara.store\/index.php\/produit\/lait-apres-soleil-apaisant-hydratant-dermafig-sanilux-100ml\/"]}]},{"@type":"ImageObject","inLanguage":"fr-FR","@id":"https:\/\/orthopara.store\/index.php\/produit\/lait-apres-soleil-apaisant-hydratant-dermafig-sanilux-100ml\/#primaryimage","url":"https:\/\/orthopara.store\/wp-content\/uploads\/2024\/06\/lait-apres-soleil-apaisant-hydratant-dermafig-sanilux-100ml.jpg","contentUrl":"https:\/\/orthopara.store\/wp-content\/uploads\/2024\/06\/lait-apres-soleil-apaisant-hydratant-dermafig-sanilux-100ml.jpg","width":800,"height":800},{"@type":"BreadcrumbList","@id":"https:\/\/orthopara.store\/index.php\/produit\/lait-apres-soleil-apaisant-hydratant-dermafig-sanilux-100ml\/#breadcrumb","itemListElement":[{"@type":"ListItem","position":1,"name":"Accueil","item":"https:\/\/orthopara.store\/"},{"@type":"ListItem","position":2,"name":"Shop","item":"https:\/\/orthopara.store\/?page_id=622"},{"@type":"ListItem","position":3,"name":"Lait apr\u00e8s-soleil &#8211; apaisant &#038; hydratant &#8211; Dermafig Sanilux &#8211; 100ml"}]},{"@type":"WebSite","@id":"https:\/\/orthopara.store\/#website","url":"https:\/\/orthopara.store\/","name":"OrthoPara","description":"Parapharmacie","publisher":{"@id":"https:\/\/orthopara.store\/#organization"},"potentialAction":[{"@type":"SearchAction","target":{"@type":"EntryPoint","urlTemplate":"https:\/\/orthopara.store\/?s={search_term_string}"},"query-input":"required name=search_term_string"}],"inLanguage":"fr-FR"},{"@type":"Organization","@id":"https:\/\/orthopara.store\/#organization","name":"OrthoPara","url":"https:\/\/orthopara.store\/","logo":{"@type":"ImageObject","inLanguage":"fr-FR","@id":"https:\/\/orthopara.store\/#\/schema\/logo\/image\/","url":"https:\/\/orthopara.store\/wp-content\/uploads\/2024\/06\/cropped-9ABA8BAD-6256-4719-9315-15C66E64E882.png","contentUrl":"https:\/\/orthopara.store\/wp-content\/uploads\/2024\/06\/cropped-9ABA8BAD-6256-4719-9315-15C66E64E882.png","width":240,"height":72,"caption":"OrthoPara"},"image":{"@id":"https:\/\/orthopara.store\/#\/schema\/logo\/image\/"},"sameAs":["https:\/\/www.facebook.com\/profile.php?id=61561194315651","https:\/\/www.instagram.com\/orthopara_tunisie\/"]}]}},"jetpack_sharing_enabled":true,"brands":[{"id":234,"name":"Dermasun","slug":"dermasun"}],"_links":{"self":[{"href":"https:\/\/orthopara.store\/index.php?rest_route=\/wp\/v2\/product\/1935","targetHints":{"allow":["GET"]}}],"collection":[{"href":"https:\/\/orthopara.store\/index.php?rest_route=\/wp\/v2\/product"}],"about":[{"href":"https:\/\/orthopara.store\/index.php?rest_route=\/wp\/v2\/types\/product"}],"replies":[{"embeddable":true,"href":"https:\/\/orthopara.store\/index.php?rest_route=%2Fwp%2Fv2%2Fcomments&post=1935"}],"wp:featuredmedia":[{"embeddable":true,"href":"https:\/\/orthopara.store\/index.php?rest_route=\/wp\/v2\/media\/1959"}],"wp:attachment":[{"href":"https:\/\/orthopara.store\/index.php?rest_route=%2Fwp%2Fv2%2Fmedia&parent=1935"}],"wp:term":[{"taxonomy":"pwb-brand","embeddable":true,"href":"https:\/\/orthopara.store\/index.php?rest_route=%2Fwp%2Fv2%2Fpwb-brand&post=1935"},{"taxonomy":"product_cat","embeddable":true,"href":"https:\/\/orthopara.store\/index.php?rest_route=%2Fwp%2Fv2%2Fproduct_cat&post=1935"},{"taxonomy":"product_tag","embeddable":true,"href":"https:\/\/orthopara.store\/index.php?rest_route=%2Fwp%2Fv2%2Fproduct_tag&post=1935"}],"curies":[{"name":"wp","href":"https:\/\/api.w.org\/{rel}","templated":true}]}}