{"id":1938,"date":"2024-06-28T15:56:02","date_gmt":"2024-06-28T13:56:02","guid":{"rendered":"https:\/\/orthopara.store\/?post_type=product&#038;p=1938"},"modified":"2024-06-28T15:56:12","modified_gmt":"2024-06-28T13:56:12","slug":"inoderma-sac-aloha-pink","status":"publish","type":"product","link":"https:\/\/orthopara.store\/?product=inoderma-sac-aloha-pink","title":{"rendered":"Inoderma Sac Aloha Pink"},"content":{"rendered":"<p>Pr\u00e9parez-vous \u00e0 briller cet \u00e9t\u00e9 avec notre gamme Aloha !<br \/>\nAloha By InoDerma Tahiti Mono\u00cf OIL Paillet\u00e9e PINK Spray : 150ml<br \/>\nAloha est une huile au Mono\u00ef de Tahiti d\u2019origine Polyn\u00e9sienne, obtenue gr\u00e2ce \u00e0 la mac\u00e9ration de fleurs de Tiar\u00e9 dans l\u2019huile de noix de coco. Dot\u00e9e d\u2019un parfum doux et envo\u00fbtant, Aloha est appr\u00e9ci\u00e9e pour ses vertus hydratantes, adoucissantes et assouplissantes.<br \/>\nAloha facilite le bronzage en emp\u00eachant la peau de se dess\u00e9cher. Aloha illumine la peau et sublime le bronzage. Elle s\u2019utilise \u00e9galement en apr\u00e8s-soleil.<br \/>\nAloha By InoDerma Tahiti Mono\u00cf Oil Spray : 150ml<br \/>\nAloha est une huile au Mono\u00cf de Tahiti d\u2019origine Polyn\u00e9sienne, obtenue gr\u00e2ce \u00e0 la mac\u00e9rationde fleurs de Tiar\u00e9 dans l\u2019huile de noix de coco. Dot\u00e9e d\u2019un parfum doux et envo\u00fbtant, Aloha est appr\u00e9ci\u00e9e pour ses vertus hydratantes, adoucissantes et assouplissantes.<br \/>\nAloha facilite le bronzage en emp\u00eachant la peau de se dess\u00e9cher. Elle s\u2019utilise \u00e9galement en apr\u00e8s-soleil.<br \/>\nAloha by InoDerma Monoi Hair Mist spf15 : 150ml<br \/>\nALOHA by InoDerma MONOI HAIR MIST est un d\u00e9m\u00ealant conditionnant au Mono\u00ef de Tahiti pour tous types de cheveux. Avec sa formule l\u00e9g\u00e8re et non grasse, il hydrate la tige du cheveu et le cuir chevelu sans les alourdir. Aloha Hair Mist SPF 15 prot\u00e8ge des rayons UVA et UVB, du sel et du chlore.ALOHA MONOI HAIR MIST conf\u00e8re un parfum floral tout en prot\u00e9geant la couleur des cheveux de la d\u00e9coloration.<\/p>\n","protected":false},"excerpt":{"rendered":"<p>Pr\u00e9sentons notre nouveau sac de plage Aloha rose, livr\u00e9 avec un \u00e9l\u00e9gant foulard \u00e0 l&rsquo;esprit Aloha pour compl\u00e9ter votre look estival. Ce sac contient trois produits embl\u00e9matiques de notre gamme : l&rsquo;enivrant Aloha Hair Mist, l&rsquo;huile bronzante Aloha Nature pour un h\u00e2le naturel, et l&rsquo;huile bronzante Aloha paillet\u00e9e rose pour un \u00e9clat glamoureux. Avec ce sac Aloha \u00e0 vos c\u00f4t\u00e9s, rayonnez de beaut\u00e9 et de style lors de vos journ\u00e9es \u00e0 la plage.<\/p>\n","protected":false},"featured_media":1962,"comment_status":"open","ping_status":"closed","template":"","meta":[],"pwb-brand":[63],"product_cat":[232],"product_tag":[],"class_list":{"0":"post-1938","1":"product","2":"type-product","3":"status-publish","4":"has-post-thumbnail","6":"pwb-brand-inoderma","7":"product_cat-pack-solaire","8":"post","9":"ws-product--style-1","11":"first","12":"instock","13":"shipping-taxable","14":"purchasable","15":"product-type-simple"},"yoast_head":"<!-- This site is optimized with the Yoast SEO plugin v23.0 - https:\/\/yoast.com\/wordpress\/plugins\/seo\/ -->\n<title>Inoderma Sac Aloha Pink - OrthoPara<\/title>\n<meta name=\"robots\" content=\"index, follow, max-snippet:-1, max-image-preview:large, max-video-preview:-1\" \/>\n<link rel=\"canonical\" href=\"https:\/\/orthopara.store\/index.php\/produit\/inoderma-sac-aloha-pink\/\" \/>\n<meta property=\"og:locale\" content=\"fr_FR\" \/>\n<meta property=\"og:type\" content=\"article\" \/>\n<meta property=\"og:title\" content=\"Inoderma Sac Aloha Pink - OrthoPara\" \/>\n<meta property=\"og:description\" content=\"Pr\u00e9sentons notre nouveau sac de plage Aloha rose, livr\u00e9 avec un \u00e9l\u00e9gant foulard \u00e0 l&#039;esprit Aloha pour compl\u00e9ter votre look estival. Ce sac contient trois produits embl\u00e9matiques de notre gamme : l&#039;enivrant Aloha Hair Mist, l&#039;huile bronzante Aloha Nature pour un h\u00e2le naturel, et l&#039;huile bronzante Aloha paillet\u00e9e rose pour un \u00e9clat glamoureux. Avec ce sac Aloha \u00e0 vos c\u00f4t\u00e9s, rayonnez de beaut\u00e9 et de style lors de vos journ\u00e9es \u00e0 la plage.\" \/>\n<meta property=\"og:url\" content=\"https:\/\/orthopara.store\/index.php\/produit\/inoderma-sac-aloha-pink\/\" \/>\n<meta property=\"og:site_name\" content=\"OrthoPara\" \/>\n<meta property=\"article:publisher\" content=\"https:\/\/www.facebook.com\/profile.php?id=61561194315651\" \/>\n<meta property=\"article:modified_time\" content=\"2024-06-28T13:56:12+00:00\" \/>\n<meta property=\"og:image\" content=\"https:\/\/orthopara.store\/wp-content\/uploads\/2024\/06\/inoderma-sac-aloha-pink.jpg\" \/>\n\t<meta property=\"og:image:width\" content=\"800\" \/>\n\t<meta property=\"og:image:height\" content=\"800\" \/>\n\t<meta property=\"og:image:type\" content=\"image\/jpeg\" \/>\n<meta name=\"twitter:card\" content=\"summary_large_image\" \/>\n<meta name=\"twitter:label1\" content=\"Dur\u00e9e de lecture estim\u00e9e\" \/>\n\t<meta name=\"twitter:data1\" content=\"1 minute\" \/>\n<script type=\"application\/ld+json\" class=\"yoast-schema-graph\">{\"@context\":\"https:\/\/schema.org\",\"@graph\":[{\"@type\":\"WebPage\",\"@id\":\"https:\/\/orthopara.store\/index.php\/produit\/inoderma-sac-aloha-pink\/\",\"url\":\"https:\/\/orthopara.store\/index.php\/produit\/inoderma-sac-aloha-pink\/\",\"name\":\"Inoderma Sac Aloha Pink - OrthoPara\",\"isPartOf\":{\"@id\":\"https:\/\/orthopara.store\/#website\"},\"primaryImageOfPage\":{\"@id\":\"https:\/\/orthopara.store\/index.php\/produit\/inoderma-sac-aloha-pink\/#primaryimage\"},\"image\":{\"@id\":\"https:\/\/orthopara.store\/index.php\/produit\/inoderma-sac-aloha-pink\/#primaryimage\"},\"thumbnailUrl\":\"https:\/\/orthopara.store\/wp-content\/uploads\/2024\/06\/inoderma-sac-aloha-pink.jpg\",\"datePublished\":\"2024-06-28T13:56:02+00:00\",\"dateModified\":\"2024-06-28T13:56:12+00:00\",\"breadcrumb\":{\"@id\":\"https:\/\/orthopara.store\/index.php\/produit\/inoderma-sac-aloha-pink\/#breadcrumb\"},\"inLanguage\":\"fr-FR\",\"potentialAction\":[{\"@type\":\"ReadAction\",\"target\":[\"https:\/\/orthopara.store\/index.php\/produit\/inoderma-sac-aloha-pink\/\"]}]},{\"@type\":\"ImageObject\",\"inLanguage\":\"fr-FR\",\"@id\":\"https:\/\/orthopara.store\/index.php\/produit\/inoderma-sac-aloha-pink\/#primaryimage\",\"url\":\"https:\/\/orthopara.store\/wp-content\/uploads\/2024\/06\/inoderma-sac-aloha-pink.jpg\",\"contentUrl\":\"https:\/\/orthopara.store\/wp-content\/uploads\/2024\/06\/inoderma-sac-aloha-pink.jpg\",\"width\":800,\"height\":800},{\"@type\":\"BreadcrumbList\",\"@id\":\"https:\/\/orthopara.store\/index.php\/produit\/inoderma-sac-aloha-pink\/#breadcrumb\",\"itemListElement\":[{\"@type\":\"ListItem\",\"position\":1,\"name\":\"Accueil\",\"item\":\"https:\/\/orthopara.store\/\"},{\"@type\":\"ListItem\",\"position\":2,\"name\":\"Shop\",\"item\":\"https:\/\/orthopara.store\/?page_id=622\"},{\"@type\":\"ListItem\",\"position\":3,\"name\":\"Inoderma Sac Aloha Pink\"}]},{\"@type\":\"WebSite\",\"@id\":\"https:\/\/orthopara.store\/#website\",\"url\":\"https:\/\/orthopara.store\/\",\"name\":\"OrthoPara\",\"description\":\"Parapharmacie\",\"publisher\":{\"@id\":\"https:\/\/orthopara.store\/#organization\"},\"potentialAction\":[{\"@type\":\"SearchAction\",\"target\":{\"@type\":\"EntryPoint\",\"urlTemplate\":\"https:\/\/orthopara.store\/?s={search_term_string}\"},\"query-input\":\"required name=search_term_string\"}],\"inLanguage\":\"fr-FR\"},{\"@type\":\"Organization\",\"@id\":\"https:\/\/orthopara.store\/#organization\",\"name\":\"OrthoPara\",\"url\":\"https:\/\/orthopara.store\/\",\"logo\":{\"@type\":\"ImageObject\",\"inLanguage\":\"fr-FR\",\"@id\":\"https:\/\/orthopara.store\/#\/schema\/logo\/image\/\",\"url\":\"https:\/\/orthopara.store\/wp-content\/uploads\/2024\/06\/cropped-9ABA8BAD-6256-4719-9315-15C66E64E882.png\",\"contentUrl\":\"https:\/\/orthopara.store\/wp-content\/uploads\/2024\/06\/cropped-9ABA8BAD-6256-4719-9315-15C66E64E882.png\",\"width\":240,\"height\":72,\"caption\":\"OrthoPara\"},\"image\":{\"@id\":\"https:\/\/orthopara.store\/#\/schema\/logo\/image\/\"},\"sameAs\":[\"https:\/\/www.facebook.com\/profile.php?id=61561194315651\",\"https:\/\/www.instagram.com\/orthopara_tunisie\/\"]}]}<\/script>\n<!-- \/ Yoast SEO plugin. -->","yoast_head_json":{"title":"Inoderma Sac Aloha Pink - OrthoPara","robots":{"index":"index","follow":"follow","max-snippet":"max-snippet:-1","max-image-preview":"max-image-preview:large","max-video-preview":"max-video-preview:-1"},"canonical":"https:\/\/orthopara.store\/index.php\/produit\/inoderma-sac-aloha-pink\/","og_locale":"fr_FR","og_type":"article","og_title":"Inoderma Sac Aloha Pink - OrthoPara","og_description":"Pr\u00e9sentons notre nouveau sac de plage Aloha rose, livr\u00e9 avec un \u00e9l\u00e9gant foulard \u00e0 l'esprit Aloha pour compl\u00e9ter votre look estival. Ce sac contient trois produits embl\u00e9matiques de notre gamme : l'enivrant Aloha Hair Mist, l'huile bronzante Aloha Nature pour un h\u00e2le naturel, et l'huile bronzante Aloha paillet\u00e9e rose pour un \u00e9clat glamoureux. Avec ce sac Aloha \u00e0 vos c\u00f4t\u00e9s, rayonnez de beaut\u00e9 et de style lors de vos journ\u00e9es \u00e0 la plage.","og_url":"https:\/\/orthopara.store\/index.php\/produit\/inoderma-sac-aloha-pink\/","og_site_name":"OrthoPara","article_publisher":"https:\/\/www.facebook.com\/profile.php?id=61561194315651","article_modified_time":"2024-06-28T13:56:12+00:00","og_image":[{"width":800,"height":800,"url":"https:\/\/orthopara.store\/wp-content\/uploads\/2024\/06\/inoderma-sac-aloha-pink.jpg","type":"image\/jpeg"}],"twitter_card":"summary_large_image","twitter_misc":{"Dur\u00e9e de lecture estim\u00e9e":"1 minute"},"schema":{"@context":"https:\/\/schema.org","@graph":[{"@type":"WebPage","@id":"https:\/\/orthopara.store\/index.php\/produit\/inoderma-sac-aloha-pink\/","url":"https:\/\/orthopara.store\/index.php\/produit\/inoderma-sac-aloha-pink\/","name":"Inoderma Sac Aloha Pink - OrthoPara","isPartOf":{"@id":"https:\/\/orthopara.store\/#website"},"primaryImageOfPage":{"@id":"https:\/\/orthopara.store\/index.php\/produit\/inoderma-sac-aloha-pink\/#primaryimage"},"image":{"@id":"https:\/\/orthopara.store\/index.php\/produit\/inoderma-sac-aloha-pink\/#primaryimage"},"thumbnailUrl":"https:\/\/orthopara.store\/wp-content\/uploads\/2024\/06\/inoderma-sac-aloha-pink.jpg","datePublished":"2024-06-28T13:56:02+00:00","dateModified":"2024-06-28T13:56:12+00:00","breadcrumb":{"@id":"https:\/\/orthopara.store\/index.php\/produit\/inoderma-sac-aloha-pink\/#breadcrumb"},"inLanguage":"fr-FR","potentialAction":[{"@type":"ReadAction","target":["https:\/\/orthopara.store\/index.php\/produit\/inoderma-sac-aloha-pink\/"]}]},{"@type":"ImageObject","inLanguage":"fr-FR","@id":"https:\/\/orthopara.store\/index.php\/produit\/inoderma-sac-aloha-pink\/#primaryimage","url":"https:\/\/orthopara.store\/wp-content\/uploads\/2024\/06\/inoderma-sac-aloha-pink.jpg","contentUrl":"https:\/\/orthopara.store\/wp-content\/uploads\/2024\/06\/inoderma-sac-aloha-pink.jpg","width":800,"height":800},{"@type":"BreadcrumbList","@id":"https:\/\/orthopara.store\/index.php\/produit\/inoderma-sac-aloha-pink\/#breadcrumb","itemListElement":[{"@type":"ListItem","position":1,"name":"Accueil","item":"https:\/\/orthopara.store\/"},{"@type":"ListItem","position":2,"name":"Shop","item":"https:\/\/orthopara.store\/?page_id=622"},{"@type":"ListItem","position":3,"name":"Inoderma Sac Aloha Pink"}]},{"@type":"WebSite","@id":"https:\/\/orthopara.store\/#website","url":"https:\/\/orthopara.store\/","name":"OrthoPara","description":"Parapharmacie","publisher":{"@id":"https:\/\/orthopara.store\/#organization"},"potentialAction":[{"@type":"SearchAction","target":{"@type":"EntryPoint","urlTemplate":"https:\/\/orthopara.store\/?s={search_term_string}"},"query-input":"required name=search_term_string"}],"inLanguage":"fr-FR"},{"@type":"Organization","@id":"https:\/\/orthopara.store\/#organization","name":"OrthoPara","url":"https:\/\/orthopara.store\/","logo":{"@type":"ImageObject","inLanguage":"fr-FR","@id":"https:\/\/orthopara.store\/#\/schema\/logo\/image\/","url":"https:\/\/orthopara.store\/wp-content\/uploads\/2024\/06\/cropped-9ABA8BAD-6256-4719-9315-15C66E64E882.png","contentUrl":"https:\/\/orthopara.store\/wp-content\/uploads\/2024\/06\/cropped-9ABA8BAD-6256-4719-9315-15C66E64E882.png","width":240,"height":72,"caption":"OrthoPara"},"image":{"@id":"https:\/\/orthopara.store\/#\/schema\/logo\/image\/"},"sameAs":["https:\/\/www.facebook.com\/profile.php?id=61561194315651","https:\/\/www.instagram.com\/orthopara_tunisie\/"]}]}},"jetpack_sharing_enabled":true,"brands":[{"id":63,"name":"Inoderma","slug":"inoderma"}],"_links":{"self":[{"href":"https:\/\/orthopara.store\/index.php?rest_route=\/wp\/v2\/product\/1938","targetHints":{"allow":["GET"]}}],"collection":[{"href":"https:\/\/orthopara.store\/index.php?rest_route=\/wp\/v2\/product"}],"about":[{"href":"https:\/\/orthopara.store\/index.php?rest_route=\/wp\/v2\/types\/product"}],"replies":[{"embeddable":true,"href":"https:\/\/orthopara.store\/index.php?rest_route=%2Fwp%2Fv2%2Fcomments&post=1938"}],"wp:featuredmedia":[{"embeddable":true,"href":"https:\/\/orthopara.store\/index.php?rest_route=\/wp\/v2\/media\/1962"}],"wp:attachment":[{"href":"https:\/\/orthopara.store\/index.php?rest_route=%2Fwp%2Fv2%2Fmedia&parent=1938"}],"wp:term":[{"taxonomy":"pwb-brand","embeddable":true,"href":"https:\/\/orthopara.store\/index.php?rest_route=%2Fwp%2Fv2%2Fpwb-brand&post=1938"},{"taxonomy":"product_cat","embeddable":true,"href":"https:\/\/orthopara.store\/index.php?rest_route=%2Fwp%2Fv2%2Fproduct_cat&post=1938"},{"taxonomy":"product_tag","embeddable":true,"href":"https:\/\/orthopara.store\/index.php?rest_route=%2Fwp%2Fv2%2Fproduct_tag&post=1938"}],"curies":[{"name":"wp","href":"https:\/\/api.w.org\/{rel}","templated":true}]}}