{"id":1977,"date":"2024-06-28T15:56:16","date_gmt":"2024-06-28T13:56:16","guid":{"rendered":"https:\/\/orthopara.store\/?post_type=product&#038;p=1977"},"modified":"2024-11-07T09:34:14","modified_gmt":"2024-11-07T08:34:14","slug":"bio-orient-huile-de-noix-de-coco-90ml","status":"publish","type":"product","link":"https:\/\/orthopara.store\/?product=bio-orient-huile-de-noix-de-coco-90ml","title":{"rendered":"Bio Orient &#8211; Huile de noix de coco &#8211; 90ml"},"content":{"rendered":"<p>Caract\u00e9ristiques de l&rsquo;huile de noix de coco de Bio Orient :<br \/>\nFortifie les cheveux, leur rendant brillance et tonicit\u00e9<br \/>\nLe massage du cuir chevelu avec l&rsquo;huile de coco contribue \u00e0 \u00e9paissir et \u00e0 prot\u00e9ger tous les types de cheveux.<br \/>\nTr\u00e8s nourrissante, l&rsquo;huile de coco r\u00e9duit consid\u00e9rablement la d\u00e9shydratation de la peau.<br \/>\nContenance :<br \/>\n90ml\u00a0<\/p>\n","protected":false},"excerpt":{"rendered":"<p>Convient \u00e0 tous les types de peau<br \/>\nFortifie les cheveux, leur rendant brillance et tonicit\u00e9<br \/>\nLe massage du cuir chevelu avec l\u2019huile de coco contribue \u00e0 \u00e9paissir et \u00e0 prot\u00e9ger tous les types de cheveux, tr\u00e8s nourrissante,<br \/>\nR\u00e9duit consid\u00e9rablement la d\u00e9shydratation de la peau.<\/p>\n","protected":false},"featured_media":1994,"comment_status":"open","ping_status":"closed","template":"","meta":[],"pwb-brand":[108],"product_cat":[238],"product_tag":[],"class_list":{"0":"post-1977","1":"product","2":"type-product","3":"status-publish","4":"has-post-thumbnail","6":"pwb-brand-bio-orient","7":"product_cat-huiles-essentielles","8":"post","9":"ws-product--style-1","11":"first","12":"instock","13":"shipping-taxable","14":"purchasable","15":"product-type-simple"},"yoast_head":"<!-- This site is optimized with the Yoast SEO plugin v23.0 - https:\/\/yoast.com\/wordpress\/plugins\/seo\/ -->\n<title>Bio Orient - Huile de noix de coco - 90ml - OrthoPara<\/title>\n<meta name=\"robots\" content=\"index, follow, max-snippet:-1, max-image-preview:large, max-video-preview:-1\" \/>\n<link rel=\"canonical\" href=\"https:\/\/orthopara.store\/index.php\/produit\/bio-orient-huile-de-noix-de-coco-90ml\/\" \/>\n<meta property=\"og:locale\" content=\"fr_FR\" \/>\n<meta property=\"og:type\" content=\"article\" \/>\n<meta property=\"og:title\" content=\"Bio Orient - Huile de noix de coco - 90ml - OrthoPara\" \/>\n<meta property=\"og:description\" content=\"Convient \u00e0 tous les types de peau Fortifie les cheveux, leur rendant brillance et tonicit\u00e9 Le massage du cuir chevelu avec l\u2019huile de coco contribue \u00e0 \u00e9paissir et \u00e0 prot\u00e9ger tous les types de cheveux, tr\u00e8s nourrissante, R\u00e9duit consid\u00e9rablement la d\u00e9shydratation de la peau.\" \/>\n<meta property=\"og:url\" content=\"https:\/\/orthopara.store\/index.php\/produit\/bio-orient-huile-de-noix-de-coco-90ml\/\" \/>\n<meta property=\"og:site_name\" content=\"OrthoPara\" \/>\n<meta property=\"article:publisher\" content=\"https:\/\/www.facebook.com\/profile.php?id=61561194315651\" \/>\n<meta property=\"article:modified_time\" content=\"2024-11-07T08:34:14+00:00\" \/>\n<meta property=\"og:image\" content=\"https:\/\/orthopara.store\/wp-content\/uploads\/2024\/06\/bio-orient-huile-de-noix-de-coco-90ml.jpg\" \/>\n\t<meta property=\"og:image:width\" content=\"800\" \/>\n\t<meta property=\"og:image:height\" content=\"800\" \/>\n\t<meta property=\"og:image:type\" content=\"image\/jpeg\" \/>\n<meta name=\"twitter:card\" content=\"summary_large_image\" \/>\n<script type=\"application\/ld+json\" class=\"yoast-schema-graph\">{\"@context\":\"https:\/\/schema.org\",\"@graph\":[{\"@type\":\"WebPage\",\"@id\":\"https:\/\/orthopara.store\/index.php\/produit\/bio-orient-huile-de-noix-de-coco-90ml\/\",\"url\":\"https:\/\/orthopara.store\/index.php\/produit\/bio-orient-huile-de-noix-de-coco-90ml\/\",\"name\":\"Bio Orient - Huile de noix de coco - 90ml - OrthoPara\",\"isPartOf\":{\"@id\":\"https:\/\/orthopara.store\/#website\"},\"primaryImageOfPage\":{\"@id\":\"https:\/\/orthopara.store\/index.php\/produit\/bio-orient-huile-de-noix-de-coco-90ml\/#primaryimage\"},\"image\":{\"@id\":\"https:\/\/orthopara.store\/index.php\/produit\/bio-orient-huile-de-noix-de-coco-90ml\/#primaryimage\"},\"thumbnailUrl\":\"https:\/\/orthopara.store\/wp-content\/uploads\/2024\/06\/bio-orient-huile-de-noix-de-coco-90ml.jpg\",\"datePublished\":\"2024-06-28T13:56:16+00:00\",\"dateModified\":\"2024-11-07T08:34:14+00:00\",\"breadcrumb\":{\"@id\":\"https:\/\/orthopara.store\/index.php\/produit\/bio-orient-huile-de-noix-de-coco-90ml\/#breadcrumb\"},\"inLanguage\":\"fr-FR\",\"potentialAction\":[{\"@type\":\"ReadAction\",\"target\":[\"https:\/\/orthopara.store\/index.php\/produit\/bio-orient-huile-de-noix-de-coco-90ml\/\"]}]},{\"@type\":\"ImageObject\",\"inLanguage\":\"fr-FR\",\"@id\":\"https:\/\/orthopara.store\/index.php\/produit\/bio-orient-huile-de-noix-de-coco-90ml\/#primaryimage\",\"url\":\"https:\/\/orthopara.store\/wp-content\/uploads\/2024\/06\/bio-orient-huile-de-noix-de-coco-90ml.jpg\",\"contentUrl\":\"https:\/\/orthopara.store\/wp-content\/uploads\/2024\/06\/bio-orient-huile-de-noix-de-coco-90ml.jpg\",\"width\":800,\"height\":800},{\"@type\":\"BreadcrumbList\",\"@id\":\"https:\/\/orthopara.store\/index.php\/produit\/bio-orient-huile-de-noix-de-coco-90ml\/#breadcrumb\",\"itemListElement\":[{\"@type\":\"ListItem\",\"position\":1,\"name\":\"Accueil\",\"item\":\"https:\/\/orthopara.store\/\"},{\"@type\":\"ListItem\",\"position\":2,\"name\":\"Shop\",\"item\":\"https:\/\/orthopara.store\/?page_id=622\"},{\"@type\":\"ListItem\",\"position\":3,\"name\":\"Bio Orient &#8211; Huile de noix de coco &#8211; 90ml\"}]},{\"@type\":\"WebSite\",\"@id\":\"https:\/\/orthopara.store\/#website\",\"url\":\"https:\/\/orthopara.store\/\",\"name\":\"OrthoPara\",\"description\":\"Parapharmacie\",\"publisher\":{\"@id\":\"https:\/\/orthopara.store\/#organization\"},\"potentialAction\":[{\"@type\":\"SearchAction\",\"target\":{\"@type\":\"EntryPoint\",\"urlTemplate\":\"https:\/\/orthopara.store\/?s={search_term_string}\"},\"query-input\":\"required name=search_term_string\"}],\"inLanguage\":\"fr-FR\"},{\"@type\":\"Organization\",\"@id\":\"https:\/\/orthopara.store\/#organization\",\"name\":\"OrthoPara\",\"url\":\"https:\/\/orthopara.store\/\",\"logo\":{\"@type\":\"ImageObject\",\"inLanguage\":\"fr-FR\",\"@id\":\"https:\/\/orthopara.store\/#\/schema\/logo\/image\/\",\"url\":\"https:\/\/orthopara.store\/wp-content\/uploads\/2024\/06\/cropped-9ABA8BAD-6256-4719-9315-15C66E64E882.png\",\"contentUrl\":\"https:\/\/orthopara.store\/wp-content\/uploads\/2024\/06\/cropped-9ABA8BAD-6256-4719-9315-15C66E64E882.png\",\"width\":240,\"height\":72,\"caption\":\"OrthoPara\"},\"image\":{\"@id\":\"https:\/\/orthopara.store\/#\/schema\/logo\/image\/\"},\"sameAs\":[\"https:\/\/www.facebook.com\/profile.php?id=61561194315651\",\"https:\/\/www.instagram.com\/orthopara_tunisie\/\"]}]}<\/script>\n<!-- \/ Yoast SEO plugin. -->","yoast_head_json":{"title":"Bio Orient - Huile de noix de coco - 90ml - OrthoPara","robots":{"index":"index","follow":"follow","max-snippet":"max-snippet:-1","max-image-preview":"max-image-preview:large","max-video-preview":"max-video-preview:-1"},"canonical":"https:\/\/orthopara.store\/index.php\/produit\/bio-orient-huile-de-noix-de-coco-90ml\/","og_locale":"fr_FR","og_type":"article","og_title":"Bio Orient - Huile de noix de coco - 90ml - OrthoPara","og_description":"Convient \u00e0 tous les types de peau Fortifie les cheveux, leur rendant brillance et tonicit\u00e9 Le massage du cuir chevelu avec l\u2019huile de coco contribue \u00e0 \u00e9paissir et \u00e0 prot\u00e9ger tous les types de cheveux, tr\u00e8s nourrissante, R\u00e9duit consid\u00e9rablement la d\u00e9shydratation de la peau.","og_url":"https:\/\/orthopara.store\/index.php\/produit\/bio-orient-huile-de-noix-de-coco-90ml\/","og_site_name":"OrthoPara","article_publisher":"https:\/\/www.facebook.com\/profile.php?id=61561194315651","article_modified_time":"2024-11-07T08:34:14+00:00","og_image":[{"width":800,"height":800,"url":"https:\/\/orthopara.store\/wp-content\/uploads\/2024\/06\/bio-orient-huile-de-noix-de-coco-90ml.jpg","type":"image\/jpeg"}],"twitter_card":"summary_large_image","schema":{"@context":"https:\/\/schema.org","@graph":[{"@type":"WebPage","@id":"https:\/\/orthopara.store\/index.php\/produit\/bio-orient-huile-de-noix-de-coco-90ml\/","url":"https:\/\/orthopara.store\/index.php\/produit\/bio-orient-huile-de-noix-de-coco-90ml\/","name":"Bio Orient - Huile de noix de coco - 90ml - OrthoPara","isPartOf":{"@id":"https:\/\/orthopara.store\/#website"},"primaryImageOfPage":{"@id":"https:\/\/orthopara.store\/index.php\/produit\/bio-orient-huile-de-noix-de-coco-90ml\/#primaryimage"},"image":{"@id":"https:\/\/orthopara.store\/index.php\/produit\/bio-orient-huile-de-noix-de-coco-90ml\/#primaryimage"},"thumbnailUrl":"https:\/\/orthopara.store\/wp-content\/uploads\/2024\/06\/bio-orient-huile-de-noix-de-coco-90ml.jpg","datePublished":"2024-06-28T13:56:16+00:00","dateModified":"2024-11-07T08:34:14+00:00","breadcrumb":{"@id":"https:\/\/orthopara.store\/index.php\/produit\/bio-orient-huile-de-noix-de-coco-90ml\/#breadcrumb"},"inLanguage":"fr-FR","potentialAction":[{"@type":"ReadAction","target":["https:\/\/orthopara.store\/index.php\/produit\/bio-orient-huile-de-noix-de-coco-90ml\/"]}]},{"@type":"ImageObject","inLanguage":"fr-FR","@id":"https:\/\/orthopara.store\/index.php\/produit\/bio-orient-huile-de-noix-de-coco-90ml\/#primaryimage","url":"https:\/\/orthopara.store\/wp-content\/uploads\/2024\/06\/bio-orient-huile-de-noix-de-coco-90ml.jpg","contentUrl":"https:\/\/orthopara.store\/wp-content\/uploads\/2024\/06\/bio-orient-huile-de-noix-de-coco-90ml.jpg","width":800,"height":800},{"@type":"BreadcrumbList","@id":"https:\/\/orthopara.store\/index.php\/produit\/bio-orient-huile-de-noix-de-coco-90ml\/#breadcrumb","itemListElement":[{"@type":"ListItem","position":1,"name":"Accueil","item":"https:\/\/orthopara.store\/"},{"@type":"ListItem","position":2,"name":"Shop","item":"https:\/\/orthopara.store\/?page_id=622"},{"@type":"ListItem","position":3,"name":"Bio Orient &#8211; Huile de noix de coco &#8211; 90ml"}]},{"@type":"WebSite","@id":"https:\/\/orthopara.store\/#website","url":"https:\/\/orthopara.store\/","name":"OrthoPara","description":"Parapharmacie","publisher":{"@id":"https:\/\/orthopara.store\/#organization"},"potentialAction":[{"@type":"SearchAction","target":{"@type":"EntryPoint","urlTemplate":"https:\/\/orthopara.store\/?s={search_term_string}"},"query-input":"required name=search_term_string"}],"inLanguage":"fr-FR"},{"@type":"Organization","@id":"https:\/\/orthopara.store\/#organization","name":"OrthoPara","url":"https:\/\/orthopara.store\/","logo":{"@type":"ImageObject","inLanguage":"fr-FR","@id":"https:\/\/orthopara.store\/#\/schema\/logo\/image\/","url":"https:\/\/orthopara.store\/wp-content\/uploads\/2024\/06\/cropped-9ABA8BAD-6256-4719-9315-15C66E64E882.png","contentUrl":"https:\/\/orthopara.store\/wp-content\/uploads\/2024\/06\/cropped-9ABA8BAD-6256-4719-9315-15C66E64E882.png","width":240,"height":72,"caption":"OrthoPara"},"image":{"@id":"https:\/\/orthopara.store\/#\/schema\/logo\/image\/"},"sameAs":["https:\/\/www.facebook.com\/profile.php?id=61561194315651","https:\/\/www.instagram.com\/orthopara_tunisie\/"]}]}},"jetpack_sharing_enabled":true,"brands":[{"id":108,"name":"BIO ORIENT","slug":"bio-orient"}],"_links":{"self":[{"href":"https:\/\/orthopara.store\/index.php?rest_route=\/wp\/v2\/product\/1977","targetHints":{"allow":["GET"]}}],"collection":[{"href":"https:\/\/orthopara.store\/index.php?rest_route=\/wp\/v2\/product"}],"about":[{"href":"https:\/\/orthopara.store\/index.php?rest_route=\/wp\/v2\/types\/product"}],"replies":[{"embeddable":true,"href":"https:\/\/orthopara.store\/index.php?rest_route=%2Fwp%2Fv2%2Fcomments&post=1977"}],"wp:featuredmedia":[{"embeddable":true,"href":"https:\/\/orthopara.store\/index.php?rest_route=\/wp\/v2\/media\/1994"}],"wp:attachment":[{"href":"https:\/\/orthopara.store\/index.php?rest_route=%2Fwp%2Fv2%2Fmedia&parent=1977"}],"wp:term":[{"taxonomy":"pwb-brand","embeddable":true,"href":"https:\/\/orthopara.store\/index.php?rest_route=%2Fwp%2Fv2%2Fpwb-brand&post=1977"},{"taxonomy":"product_cat","embeddable":true,"href":"https:\/\/orthopara.store\/index.php?rest_route=%2Fwp%2Fv2%2Fproduct_cat&post=1977"},{"taxonomy":"product_tag","embeddable":true,"href":"https:\/\/orthopara.store\/index.php?rest_route=%2Fwp%2Fv2%2Fproduct_tag&post=1977"}],"curies":[{"name":"wp","href":"https:\/\/api.w.org\/{rel}","templated":true}]}}