{"id":1978,"date":"2024-06-28T15:56:17","date_gmt":"2024-06-28T13:56:17","guid":{"rendered":"https:\/\/orthopara.store\/?post_type=product&#038;p=1978"},"modified":"2024-06-28T15:56:23","modified_gmt":"2024-06-28T13:56:23","slug":"huile-seche-authentique-multifonction-laino-100ml","status":"publish","type":"product","link":"https:\/\/orthopara.store\/?product=huile-seche-authentique-multifonction-laino-100ml","title":{"rendered":"Huile s\u00e8che authentique multifonction &#8211; Laino &#8211; 100ml"},"content":{"rendered":"<p>Huile s\u00e8che authentique multifonction &#8211; Laino &#8211; 100ml\u00a0<br \/>\nLaino a s\u00e9lectionn\u00e9 le meilleur des actifs du bassin m\u00e9diterran\u00e9en pour formuler L\u2019Huile Authentique \u00e0 destination des peaux sensibles.<br \/>\nRecommand\u00e9e par l\u2019Observatoire des Cosm\u00e9tiques, cette huile s\u00e8che multi-usages concentre 4 huiles pr\u00e9cieuses et traditionnelles du bassin m\u00e9diterran\u00e9en pour nourrir et sublimer votre corps, votre visage ainsi que vos cheveux. Hypoallerg\u00e9nique*, elle parfume votre peau de notes vertes et florales.<br \/>\n* Formul\u00e9e pour minimiser les risques d\u2019allergies. Test\u00e9e sous contr\u00f4le dermatologique et ophtalmologique.<br \/>\nConseils d&rsquo;utilisation :<br \/>\nAppliquer sur le visage comme un s\u00e9rum avant la cr\u00e8me de jour, en huile hydratante pour le corps ou en masque nourrissant pour les cheveux.<br \/>\nComposition :<br \/>\nOlive verte &#8211; argan &#8211; amande douce &#8211; pomme<br \/>\nCaprylic \/ Capric Triglyceride, Coco-Caprylate \/ Caprate, Olea Europaea (Olive) Fruit Oil, Prunus Amygdalus Dulcis (Sweet Almond) Oil, Argania Spinosa Kernel Oil, Pyrus Malus (Apple) Oil, Parfum (Fragrance), Tocopheryl Acetate<\/p>\n","protected":false},"excerpt":{"rendered":"<p>Laino\u00a0<br \/>\nHuile s\u00e8che authentique multifonction<br \/>\nPour nourrir et sublimer votre corps, votre visage ainsi que vos cheveux, testez l&rsquo;Huile Authentique et son cocktail de 5 huiles pr\u00e9cieuses et traditionnelles du bassin m\u00e9diterran\u00e9en.<br \/>\nContenance : 100ml<\/p>\n","protected":false},"featured_media":1995,"comment_status":"open","ping_status":"closed","template":"","meta":[],"pwb-brand":[51],"product_cat":[238],"product_tag":[],"class_list":{"0":"post-1978","1":"product","2":"type-product","3":"status-publish","4":"has-post-thumbnail","6":"pwb-brand-laino","7":"product_cat-huiles-essentielles","8":"post","9":"ws-product--style-1","11":"first","12":"instock","13":"shipping-taxable","14":"purchasable","15":"product-type-simple"},"yoast_head":"<!-- This site is optimized with the Yoast SEO plugin v23.0 - https:\/\/yoast.com\/wordpress\/plugins\/seo\/ -->\n<title>Huile s\u00e8che authentique multifonction - Laino - 100ml - OrthoPara<\/title>\n<meta name=\"robots\" content=\"index, follow, max-snippet:-1, max-image-preview:large, max-video-preview:-1\" \/>\n<link rel=\"canonical\" href=\"https:\/\/orthopara.store\/index.php\/produit\/huile-seche-authentique-multifonction-laino-100ml\/\" \/>\n<meta property=\"og:locale\" content=\"fr_FR\" \/>\n<meta property=\"og:type\" content=\"article\" \/>\n<meta property=\"og:title\" content=\"Huile s\u00e8che authentique multifonction - Laino - 100ml - OrthoPara\" \/>\n<meta property=\"og:description\" content=\"Laino\u00a0 Huile s\u00e8che authentique multifonction Pour nourrir et sublimer votre corps, votre visage ainsi que vos cheveux, testez l&#039;Huile Authentique et son cocktail de 5 huiles pr\u00e9cieuses et traditionnelles du bassin m\u00e9diterran\u00e9en. Contenance : 100ml\" \/>\n<meta property=\"og:url\" content=\"https:\/\/orthopara.store\/index.php\/produit\/huile-seche-authentique-multifonction-laino-100ml\/\" \/>\n<meta property=\"og:site_name\" content=\"OrthoPara\" \/>\n<meta property=\"article:publisher\" content=\"https:\/\/www.facebook.com\/profile.php?id=61561194315651\" \/>\n<meta property=\"article:modified_time\" content=\"2024-06-28T13:56:23+00:00\" \/>\n<meta property=\"og:image\" content=\"https:\/\/orthopara.store\/wp-content\/uploads\/2024\/06\/huile-seche-authentique-multifonction-laino-100ml-.jpg\" \/>\n\t<meta property=\"og:image:width\" content=\"800\" \/>\n\t<meta property=\"og:image:height\" content=\"800\" \/>\n\t<meta property=\"og:image:type\" content=\"image\/jpeg\" \/>\n<meta name=\"twitter:card\" content=\"summary_large_image\" \/>\n<meta name=\"twitter:label1\" content=\"Dur\u00e9e de lecture estim\u00e9e\" \/>\n\t<meta name=\"twitter:data1\" content=\"1 minute\" \/>\n<script type=\"application\/ld+json\" class=\"yoast-schema-graph\">{\"@context\":\"https:\/\/schema.org\",\"@graph\":[{\"@type\":\"WebPage\",\"@id\":\"https:\/\/orthopara.store\/index.php\/produit\/huile-seche-authentique-multifonction-laino-100ml\/\",\"url\":\"https:\/\/orthopara.store\/index.php\/produit\/huile-seche-authentique-multifonction-laino-100ml\/\",\"name\":\"Huile s\u00e8che authentique multifonction - Laino - 100ml - OrthoPara\",\"isPartOf\":{\"@id\":\"https:\/\/orthopara.store\/#website\"},\"primaryImageOfPage\":{\"@id\":\"https:\/\/orthopara.store\/index.php\/produit\/huile-seche-authentique-multifonction-laino-100ml\/#primaryimage\"},\"image\":{\"@id\":\"https:\/\/orthopara.store\/index.php\/produit\/huile-seche-authentique-multifonction-laino-100ml\/#primaryimage\"},\"thumbnailUrl\":\"https:\/\/orthopara.store\/wp-content\/uploads\/2024\/06\/huile-seche-authentique-multifonction-laino-100ml-.jpg\",\"datePublished\":\"2024-06-28T13:56:17+00:00\",\"dateModified\":\"2024-06-28T13:56:23+00:00\",\"breadcrumb\":{\"@id\":\"https:\/\/orthopara.store\/index.php\/produit\/huile-seche-authentique-multifonction-laino-100ml\/#breadcrumb\"},\"inLanguage\":\"fr-FR\",\"potentialAction\":[{\"@type\":\"ReadAction\",\"target\":[\"https:\/\/orthopara.store\/index.php\/produit\/huile-seche-authentique-multifonction-laino-100ml\/\"]}]},{\"@type\":\"ImageObject\",\"inLanguage\":\"fr-FR\",\"@id\":\"https:\/\/orthopara.store\/index.php\/produit\/huile-seche-authentique-multifonction-laino-100ml\/#primaryimage\",\"url\":\"https:\/\/orthopara.store\/wp-content\/uploads\/2024\/06\/huile-seche-authentique-multifonction-laino-100ml-.jpg\",\"contentUrl\":\"https:\/\/orthopara.store\/wp-content\/uploads\/2024\/06\/huile-seche-authentique-multifonction-laino-100ml-.jpg\",\"width\":800,\"height\":800},{\"@type\":\"BreadcrumbList\",\"@id\":\"https:\/\/orthopara.store\/index.php\/produit\/huile-seche-authentique-multifonction-laino-100ml\/#breadcrumb\",\"itemListElement\":[{\"@type\":\"ListItem\",\"position\":1,\"name\":\"Accueil\",\"item\":\"https:\/\/orthopara.store\/\"},{\"@type\":\"ListItem\",\"position\":2,\"name\":\"Shop\",\"item\":\"https:\/\/orthopara.store\/?page_id=622\"},{\"@type\":\"ListItem\",\"position\":3,\"name\":\"Huile s\u00e8che authentique multifonction &#8211; Laino &#8211; 100ml\"}]},{\"@type\":\"WebSite\",\"@id\":\"https:\/\/orthopara.store\/#website\",\"url\":\"https:\/\/orthopara.store\/\",\"name\":\"OrthoPara\",\"description\":\"Parapharmacie\",\"publisher\":{\"@id\":\"https:\/\/orthopara.store\/#organization\"},\"potentialAction\":[{\"@type\":\"SearchAction\",\"target\":{\"@type\":\"EntryPoint\",\"urlTemplate\":\"https:\/\/orthopara.store\/?s={search_term_string}\"},\"query-input\":\"required name=search_term_string\"}],\"inLanguage\":\"fr-FR\"},{\"@type\":\"Organization\",\"@id\":\"https:\/\/orthopara.store\/#organization\",\"name\":\"OrthoPara\",\"url\":\"https:\/\/orthopara.store\/\",\"logo\":{\"@type\":\"ImageObject\",\"inLanguage\":\"fr-FR\",\"@id\":\"https:\/\/orthopara.store\/#\/schema\/logo\/image\/\",\"url\":\"https:\/\/orthopara.store\/wp-content\/uploads\/2024\/06\/cropped-9ABA8BAD-6256-4719-9315-15C66E64E882.png\",\"contentUrl\":\"https:\/\/orthopara.store\/wp-content\/uploads\/2024\/06\/cropped-9ABA8BAD-6256-4719-9315-15C66E64E882.png\",\"width\":240,\"height\":72,\"caption\":\"OrthoPara\"},\"image\":{\"@id\":\"https:\/\/orthopara.store\/#\/schema\/logo\/image\/\"},\"sameAs\":[\"https:\/\/www.facebook.com\/profile.php?id=61561194315651\",\"https:\/\/www.instagram.com\/orthopara_tunisie\/\"]}]}<\/script>\n<!-- \/ Yoast SEO plugin. -->","yoast_head_json":{"title":"Huile s\u00e8che authentique multifonction - Laino - 100ml - OrthoPara","robots":{"index":"index","follow":"follow","max-snippet":"max-snippet:-1","max-image-preview":"max-image-preview:large","max-video-preview":"max-video-preview:-1"},"canonical":"https:\/\/orthopara.store\/index.php\/produit\/huile-seche-authentique-multifonction-laino-100ml\/","og_locale":"fr_FR","og_type":"article","og_title":"Huile s\u00e8che authentique multifonction - Laino - 100ml - OrthoPara","og_description":"Laino\u00a0 Huile s\u00e8che authentique multifonction Pour nourrir et sublimer votre corps, votre visage ainsi que vos cheveux, testez l'Huile Authentique et son cocktail de 5 huiles pr\u00e9cieuses et traditionnelles du bassin m\u00e9diterran\u00e9en. Contenance : 100ml","og_url":"https:\/\/orthopara.store\/index.php\/produit\/huile-seche-authentique-multifonction-laino-100ml\/","og_site_name":"OrthoPara","article_publisher":"https:\/\/www.facebook.com\/profile.php?id=61561194315651","article_modified_time":"2024-06-28T13:56:23+00:00","og_image":[{"width":800,"height":800,"url":"https:\/\/orthopara.store\/wp-content\/uploads\/2024\/06\/huile-seche-authentique-multifonction-laino-100ml-.jpg","type":"image\/jpeg"}],"twitter_card":"summary_large_image","twitter_misc":{"Dur\u00e9e de lecture estim\u00e9e":"1 minute"},"schema":{"@context":"https:\/\/schema.org","@graph":[{"@type":"WebPage","@id":"https:\/\/orthopara.store\/index.php\/produit\/huile-seche-authentique-multifonction-laino-100ml\/","url":"https:\/\/orthopara.store\/index.php\/produit\/huile-seche-authentique-multifonction-laino-100ml\/","name":"Huile s\u00e8che authentique multifonction - Laino - 100ml - OrthoPara","isPartOf":{"@id":"https:\/\/orthopara.store\/#website"},"primaryImageOfPage":{"@id":"https:\/\/orthopara.store\/index.php\/produit\/huile-seche-authentique-multifonction-laino-100ml\/#primaryimage"},"image":{"@id":"https:\/\/orthopara.store\/index.php\/produit\/huile-seche-authentique-multifonction-laino-100ml\/#primaryimage"},"thumbnailUrl":"https:\/\/orthopara.store\/wp-content\/uploads\/2024\/06\/huile-seche-authentique-multifonction-laino-100ml-.jpg","datePublished":"2024-06-28T13:56:17+00:00","dateModified":"2024-06-28T13:56:23+00:00","breadcrumb":{"@id":"https:\/\/orthopara.store\/index.php\/produit\/huile-seche-authentique-multifonction-laino-100ml\/#breadcrumb"},"inLanguage":"fr-FR","potentialAction":[{"@type":"ReadAction","target":["https:\/\/orthopara.store\/index.php\/produit\/huile-seche-authentique-multifonction-laino-100ml\/"]}]},{"@type":"ImageObject","inLanguage":"fr-FR","@id":"https:\/\/orthopara.store\/index.php\/produit\/huile-seche-authentique-multifonction-laino-100ml\/#primaryimage","url":"https:\/\/orthopara.store\/wp-content\/uploads\/2024\/06\/huile-seche-authentique-multifonction-laino-100ml-.jpg","contentUrl":"https:\/\/orthopara.store\/wp-content\/uploads\/2024\/06\/huile-seche-authentique-multifonction-laino-100ml-.jpg","width":800,"height":800},{"@type":"BreadcrumbList","@id":"https:\/\/orthopara.store\/index.php\/produit\/huile-seche-authentique-multifonction-laino-100ml\/#breadcrumb","itemListElement":[{"@type":"ListItem","position":1,"name":"Accueil","item":"https:\/\/orthopara.store\/"},{"@type":"ListItem","position":2,"name":"Shop","item":"https:\/\/orthopara.store\/?page_id=622"},{"@type":"ListItem","position":3,"name":"Huile s\u00e8che authentique multifonction &#8211; Laino &#8211; 100ml"}]},{"@type":"WebSite","@id":"https:\/\/orthopara.store\/#website","url":"https:\/\/orthopara.store\/","name":"OrthoPara","description":"Parapharmacie","publisher":{"@id":"https:\/\/orthopara.store\/#organization"},"potentialAction":[{"@type":"SearchAction","target":{"@type":"EntryPoint","urlTemplate":"https:\/\/orthopara.store\/?s={search_term_string}"},"query-input":"required name=search_term_string"}],"inLanguage":"fr-FR"},{"@type":"Organization","@id":"https:\/\/orthopara.store\/#organization","name":"OrthoPara","url":"https:\/\/orthopara.store\/","logo":{"@type":"ImageObject","inLanguage":"fr-FR","@id":"https:\/\/orthopara.store\/#\/schema\/logo\/image\/","url":"https:\/\/orthopara.store\/wp-content\/uploads\/2024\/06\/cropped-9ABA8BAD-6256-4719-9315-15C66E64E882.png","contentUrl":"https:\/\/orthopara.store\/wp-content\/uploads\/2024\/06\/cropped-9ABA8BAD-6256-4719-9315-15C66E64E882.png","width":240,"height":72,"caption":"OrthoPara"},"image":{"@id":"https:\/\/orthopara.store\/#\/schema\/logo\/image\/"},"sameAs":["https:\/\/www.facebook.com\/profile.php?id=61561194315651","https:\/\/www.instagram.com\/orthopara_tunisie\/"]}]}},"jetpack_sharing_enabled":true,"brands":[{"id":51,"name":"LAINO","slug":"laino"}],"_links":{"self":[{"href":"https:\/\/orthopara.store\/index.php?rest_route=\/wp\/v2\/product\/1978","targetHints":{"allow":["GET"]}}],"collection":[{"href":"https:\/\/orthopara.store\/index.php?rest_route=\/wp\/v2\/product"}],"about":[{"href":"https:\/\/orthopara.store\/index.php?rest_route=\/wp\/v2\/types\/product"}],"replies":[{"embeddable":true,"href":"https:\/\/orthopara.store\/index.php?rest_route=%2Fwp%2Fv2%2Fcomments&post=1978"}],"wp:featuredmedia":[{"embeddable":true,"href":"https:\/\/orthopara.store\/index.php?rest_route=\/wp\/v2\/media\/1995"}],"wp:attachment":[{"href":"https:\/\/orthopara.store\/index.php?rest_route=%2Fwp%2Fv2%2Fmedia&parent=1978"}],"wp:term":[{"taxonomy":"pwb-brand","embeddable":true,"href":"https:\/\/orthopara.store\/index.php?rest_route=%2Fwp%2Fv2%2Fpwb-brand&post=1978"},{"taxonomy":"product_cat","embeddable":true,"href":"https:\/\/orthopara.store\/index.php?rest_route=%2Fwp%2Fv2%2Fproduct_cat&post=1978"},{"taxonomy":"product_tag","embeddable":true,"href":"https:\/\/orthopara.store\/index.php?rest_route=%2Fwp%2Fv2%2Fproduct_tag&post=1978"}],"curies":[{"name":"wp","href":"https:\/\/api.w.org\/{rel}","templated":true}]}}