{"id":2010,"date":"2024-06-28T15:56:27","date_gmt":"2024-06-28T13:56:27","guid":{"rendered":"https:\/\/orthopara.store\/?post_type=product&#038;p=2010"},"modified":"2024-11-07T09:31:55","modified_gmt":"2024-11-07T08:31:55","slug":"bio-orient-bain-dhuile-cheveux-90ml","status":"publish","type":"product","link":"https:\/\/orthopara.store\/?product=bio-orient-bain-dhuile-cheveux-90ml","title":{"rendered":"Bio Orient &#8211; Bain d&rsquo;huile Cheveux &#8211; 90ml"},"content":{"rendered":"<p>Bio orient bain de huiles cheveux forme une synergie de 10 huiles naturelles r\u00e9put\u00e9es pour leur efficacit\u00e9 exceptionnelle<br \/>\nsur les cheveux, Cette huile de soin pour cheveux de bio orient s\u2019utilise en bain d\u2019huile, en friction ou en soin sans rin\u00e7age<br \/>\nsur les pointes.<br \/>\nBio Orient le soin d\u2019exception fortifie, nourrit r\u00e9pare, fait briller les cheveux 100% d\u2019origine naturelle ce soin est une<br \/>\nv\u00e9ritable cure de beaut\u00e9 pour vos cheveux.<\/p>\n<p>Conseils d&rsquo;utilisation :\u00a0<br \/>\nIl est indiqu\u00e9 d&rsquo;utiliser le bain de huiles bio orient :<br \/>\nEn friction du cuir chevelu, fortifie et stimule la pousse des cheveux<br \/>\nEn bain d\u2019huile avant shampooing nourrit et apporte brillance, souplesse et douceur \u00e0 la chevelure<br \/>\nSoin sans rin\u00e7age sur les pointes pour gainer, r\u00e9parer et sublimer vos cheveux<br \/>\nComposition :\u00a0<br \/>\nHuile de Ricin , Huile de Coco , Huile de Moutarde , Huile de Cresson , Huile d\u2019Avocat , Huile de jojoba , Huile d\u2019ortie , Huile de S\u00e9same , Huile d\u2019amande douce , Huileessentielle de lavande et Vitamine E<br \/>\nContenance :<br \/>\n90ml<\/p>\n","protected":false},"excerpt":{"rendered":"<p>Un traitement nourrissant pour des cheveux brillants et revitalis\u00e9s<br \/>\nformule 100% naturelle avec 10 huiles naturelles r\u00e9put\u00e9es pour leur efficacit\u00e9 exceptionnelle sur les cheveux<br \/>\nDLC 10\/2025<\/p>\n","protected":false},"featured_media":2027,"comment_status":"open","ping_status":"closed","template":"","meta":[],"pwb-brand":[108],"product_cat":[238],"product_tag":[],"class_list":{"0":"post-2010","1":"product","2":"type-product","3":"status-publish","4":"has-post-thumbnail","6":"pwb-brand-bio-orient","7":"product_cat-huiles-essentielles","8":"post","9":"ws-product--style-1","11":"first","12":"instock","13":"shipping-taxable","14":"purchasable","15":"product-type-simple"},"yoast_head":"<!-- This site is optimized with the Yoast SEO plugin v23.0 - https:\/\/yoast.com\/wordpress\/plugins\/seo\/ -->\n<title>Bio Orient - Bain d&#039;huile Cheveux - 90ml - OrthoPara<\/title>\n<meta name=\"robots\" content=\"index, follow, max-snippet:-1, max-image-preview:large, max-video-preview:-1\" \/>\n<link rel=\"canonical\" href=\"https:\/\/orthopara.store\/index.php\/produit\/bio-orient-bain-dhuile-cheveux-90ml\/\" \/>\n<meta property=\"og:locale\" content=\"fr_FR\" \/>\n<meta property=\"og:type\" content=\"article\" \/>\n<meta property=\"og:title\" content=\"Bio Orient - Bain d&#039;huile Cheveux - 90ml - OrthoPara\" \/>\n<meta property=\"og:description\" content=\"Un traitement nourrissant pour des cheveux brillants et revitalis\u00e9s formule 100% naturelle avec 10 huiles naturelles r\u00e9put\u00e9es pour leur efficacit\u00e9 exceptionnelle sur les cheveux DLC 10\/2025\" \/>\n<meta property=\"og:url\" content=\"https:\/\/orthopara.store\/index.php\/produit\/bio-orient-bain-dhuile-cheveux-90ml\/\" \/>\n<meta property=\"og:site_name\" content=\"OrthoPara\" \/>\n<meta property=\"article:publisher\" content=\"https:\/\/www.facebook.com\/profile.php?id=61561194315651\" \/>\n<meta property=\"article:modified_time\" content=\"2024-11-07T08:31:55+00:00\" \/>\n<meta property=\"og:image\" content=\"https:\/\/orthopara.store\/wp-content\/uploads\/2024\/06\/bio-orient-bain-d-huile-cheveux-90ml.jpg\" \/>\n\t<meta property=\"og:image:width\" content=\"800\" \/>\n\t<meta property=\"og:image:height\" content=\"800\" \/>\n\t<meta property=\"og:image:type\" content=\"image\/jpeg\" \/>\n<meta name=\"twitter:card\" content=\"summary_large_image\" \/>\n<meta name=\"twitter:label1\" content=\"Dur\u00e9e de lecture estim\u00e9e\" \/>\n\t<meta name=\"twitter:data1\" content=\"1 minute\" \/>\n<script type=\"application\/ld+json\" class=\"yoast-schema-graph\">{\"@context\":\"https:\/\/schema.org\",\"@graph\":[{\"@type\":\"WebPage\",\"@id\":\"https:\/\/orthopara.store\/index.php\/produit\/bio-orient-bain-dhuile-cheveux-90ml\/\",\"url\":\"https:\/\/orthopara.store\/index.php\/produit\/bio-orient-bain-dhuile-cheveux-90ml\/\",\"name\":\"Bio Orient - Bain d'huile Cheveux - 90ml - OrthoPara\",\"isPartOf\":{\"@id\":\"https:\/\/orthopara.store\/#website\"},\"primaryImageOfPage\":{\"@id\":\"https:\/\/orthopara.store\/index.php\/produit\/bio-orient-bain-dhuile-cheveux-90ml\/#primaryimage\"},\"image\":{\"@id\":\"https:\/\/orthopara.store\/index.php\/produit\/bio-orient-bain-dhuile-cheveux-90ml\/#primaryimage\"},\"thumbnailUrl\":\"https:\/\/orthopara.store\/wp-content\/uploads\/2024\/06\/bio-orient-bain-d-huile-cheveux-90ml.jpg\",\"datePublished\":\"2024-06-28T13:56:27+00:00\",\"dateModified\":\"2024-11-07T08:31:55+00:00\",\"breadcrumb\":{\"@id\":\"https:\/\/orthopara.store\/index.php\/produit\/bio-orient-bain-dhuile-cheveux-90ml\/#breadcrumb\"},\"inLanguage\":\"fr-FR\",\"potentialAction\":[{\"@type\":\"ReadAction\",\"target\":[\"https:\/\/orthopara.store\/index.php\/produit\/bio-orient-bain-dhuile-cheveux-90ml\/\"]}]},{\"@type\":\"ImageObject\",\"inLanguage\":\"fr-FR\",\"@id\":\"https:\/\/orthopara.store\/index.php\/produit\/bio-orient-bain-dhuile-cheveux-90ml\/#primaryimage\",\"url\":\"https:\/\/orthopara.store\/wp-content\/uploads\/2024\/06\/bio-orient-bain-d-huile-cheveux-90ml.jpg\",\"contentUrl\":\"https:\/\/orthopara.store\/wp-content\/uploads\/2024\/06\/bio-orient-bain-d-huile-cheveux-90ml.jpg\",\"width\":800,\"height\":800},{\"@type\":\"BreadcrumbList\",\"@id\":\"https:\/\/orthopara.store\/index.php\/produit\/bio-orient-bain-dhuile-cheveux-90ml\/#breadcrumb\",\"itemListElement\":[{\"@type\":\"ListItem\",\"position\":1,\"name\":\"Accueil\",\"item\":\"https:\/\/orthopara.store\/\"},{\"@type\":\"ListItem\",\"position\":2,\"name\":\"Shop\",\"item\":\"https:\/\/orthopara.store\/?page_id=622\"},{\"@type\":\"ListItem\",\"position\":3,\"name\":\"Bio Orient &#8211; Bain d&rsquo;huile Cheveux &#8211; 90ml\"}]},{\"@type\":\"WebSite\",\"@id\":\"https:\/\/orthopara.store\/#website\",\"url\":\"https:\/\/orthopara.store\/\",\"name\":\"OrthoPara\",\"description\":\"Parapharmacie\",\"publisher\":{\"@id\":\"https:\/\/orthopara.store\/#organization\"},\"potentialAction\":[{\"@type\":\"SearchAction\",\"target\":{\"@type\":\"EntryPoint\",\"urlTemplate\":\"https:\/\/orthopara.store\/?s={search_term_string}\"},\"query-input\":\"required name=search_term_string\"}],\"inLanguage\":\"fr-FR\"},{\"@type\":\"Organization\",\"@id\":\"https:\/\/orthopara.store\/#organization\",\"name\":\"OrthoPara\",\"url\":\"https:\/\/orthopara.store\/\",\"logo\":{\"@type\":\"ImageObject\",\"inLanguage\":\"fr-FR\",\"@id\":\"https:\/\/orthopara.store\/#\/schema\/logo\/image\/\",\"url\":\"https:\/\/orthopara.store\/wp-content\/uploads\/2024\/06\/cropped-9ABA8BAD-6256-4719-9315-15C66E64E882.png\",\"contentUrl\":\"https:\/\/orthopara.store\/wp-content\/uploads\/2024\/06\/cropped-9ABA8BAD-6256-4719-9315-15C66E64E882.png\",\"width\":240,\"height\":72,\"caption\":\"OrthoPara\"},\"image\":{\"@id\":\"https:\/\/orthopara.store\/#\/schema\/logo\/image\/\"},\"sameAs\":[\"https:\/\/www.facebook.com\/profile.php?id=61561194315651\",\"https:\/\/www.instagram.com\/orthopara_tunisie\/\"]}]}<\/script>\n<!-- \/ Yoast SEO plugin. -->","yoast_head_json":{"title":"Bio Orient - Bain d'huile Cheveux - 90ml - OrthoPara","robots":{"index":"index","follow":"follow","max-snippet":"max-snippet:-1","max-image-preview":"max-image-preview:large","max-video-preview":"max-video-preview:-1"},"canonical":"https:\/\/orthopara.store\/index.php\/produit\/bio-orient-bain-dhuile-cheveux-90ml\/","og_locale":"fr_FR","og_type":"article","og_title":"Bio Orient - Bain d'huile Cheveux - 90ml - OrthoPara","og_description":"Un traitement nourrissant pour des cheveux brillants et revitalis\u00e9s formule 100% naturelle avec 10 huiles naturelles r\u00e9put\u00e9es pour leur efficacit\u00e9 exceptionnelle sur les cheveux DLC 10\/2025","og_url":"https:\/\/orthopara.store\/index.php\/produit\/bio-orient-bain-dhuile-cheveux-90ml\/","og_site_name":"OrthoPara","article_publisher":"https:\/\/www.facebook.com\/profile.php?id=61561194315651","article_modified_time":"2024-11-07T08:31:55+00:00","og_image":[{"width":800,"height":800,"url":"https:\/\/orthopara.store\/wp-content\/uploads\/2024\/06\/bio-orient-bain-d-huile-cheveux-90ml.jpg","type":"image\/jpeg"}],"twitter_card":"summary_large_image","twitter_misc":{"Dur\u00e9e de lecture estim\u00e9e":"1 minute"},"schema":{"@context":"https:\/\/schema.org","@graph":[{"@type":"WebPage","@id":"https:\/\/orthopara.store\/index.php\/produit\/bio-orient-bain-dhuile-cheveux-90ml\/","url":"https:\/\/orthopara.store\/index.php\/produit\/bio-orient-bain-dhuile-cheveux-90ml\/","name":"Bio Orient - Bain d'huile Cheveux - 90ml - OrthoPara","isPartOf":{"@id":"https:\/\/orthopara.store\/#website"},"primaryImageOfPage":{"@id":"https:\/\/orthopara.store\/index.php\/produit\/bio-orient-bain-dhuile-cheveux-90ml\/#primaryimage"},"image":{"@id":"https:\/\/orthopara.store\/index.php\/produit\/bio-orient-bain-dhuile-cheveux-90ml\/#primaryimage"},"thumbnailUrl":"https:\/\/orthopara.store\/wp-content\/uploads\/2024\/06\/bio-orient-bain-d-huile-cheveux-90ml.jpg","datePublished":"2024-06-28T13:56:27+00:00","dateModified":"2024-11-07T08:31:55+00:00","breadcrumb":{"@id":"https:\/\/orthopara.store\/index.php\/produit\/bio-orient-bain-dhuile-cheveux-90ml\/#breadcrumb"},"inLanguage":"fr-FR","potentialAction":[{"@type":"ReadAction","target":["https:\/\/orthopara.store\/index.php\/produit\/bio-orient-bain-dhuile-cheveux-90ml\/"]}]},{"@type":"ImageObject","inLanguage":"fr-FR","@id":"https:\/\/orthopara.store\/index.php\/produit\/bio-orient-bain-dhuile-cheveux-90ml\/#primaryimage","url":"https:\/\/orthopara.store\/wp-content\/uploads\/2024\/06\/bio-orient-bain-d-huile-cheveux-90ml.jpg","contentUrl":"https:\/\/orthopara.store\/wp-content\/uploads\/2024\/06\/bio-orient-bain-d-huile-cheveux-90ml.jpg","width":800,"height":800},{"@type":"BreadcrumbList","@id":"https:\/\/orthopara.store\/index.php\/produit\/bio-orient-bain-dhuile-cheveux-90ml\/#breadcrumb","itemListElement":[{"@type":"ListItem","position":1,"name":"Accueil","item":"https:\/\/orthopara.store\/"},{"@type":"ListItem","position":2,"name":"Shop","item":"https:\/\/orthopara.store\/?page_id=622"},{"@type":"ListItem","position":3,"name":"Bio Orient &#8211; Bain d&rsquo;huile Cheveux &#8211; 90ml"}]},{"@type":"WebSite","@id":"https:\/\/orthopara.store\/#website","url":"https:\/\/orthopara.store\/","name":"OrthoPara","description":"Parapharmacie","publisher":{"@id":"https:\/\/orthopara.store\/#organization"},"potentialAction":[{"@type":"SearchAction","target":{"@type":"EntryPoint","urlTemplate":"https:\/\/orthopara.store\/?s={search_term_string}"},"query-input":"required name=search_term_string"}],"inLanguage":"fr-FR"},{"@type":"Organization","@id":"https:\/\/orthopara.store\/#organization","name":"OrthoPara","url":"https:\/\/orthopara.store\/","logo":{"@type":"ImageObject","inLanguage":"fr-FR","@id":"https:\/\/orthopara.store\/#\/schema\/logo\/image\/","url":"https:\/\/orthopara.store\/wp-content\/uploads\/2024\/06\/cropped-9ABA8BAD-6256-4719-9315-15C66E64E882.png","contentUrl":"https:\/\/orthopara.store\/wp-content\/uploads\/2024\/06\/cropped-9ABA8BAD-6256-4719-9315-15C66E64E882.png","width":240,"height":72,"caption":"OrthoPara"},"image":{"@id":"https:\/\/orthopara.store\/#\/schema\/logo\/image\/"},"sameAs":["https:\/\/www.facebook.com\/profile.php?id=61561194315651","https:\/\/www.instagram.com\/orthopara_tunisie\/"]}]}},"jetpack_sharing_enabled":true,"brands":[{"id":108,"name":"BIO ORIENT","slug":"bio-orient"}],"_links":{"self":[{"href":"https:\/\/orthopara.store\/index.php?rest_route=\/wp\/v2\/product\/2010","targetHints":{"allow":["GET"]}}],"collection":[{"href":"https:\/\/orthopara.store\/index.php?rest_route=\/wp\/v2\/product"}],"about":[{"href":"https:\/\/orthopara.store\/index.php?rest_route=\/wp\/v2\/types\/product"}],"replies":[{"embeddable":true,"href":"https:\/\/orthopara.store\/index.php?rest_route=%2Fwp%2Fv2%2Fcomments&post=2010"}],"wp:featuredmedia":[{"embeddable":true,"href":"https:\/\/orthopara.store\/index.php?rest_route=\/wp\/v2\/media\/2027"}],"wp:attachment":[{"href":"https:\/\/orthopara.store\/index.php?rest_route=%2Fwp%2Fv2%2Fmedia&parent=2010"}],"wp:term":[{"taxonomy":"pwb-brand","embeddable":true,"href":"https:\/\/orthopara.store\/index.php?rest_route=%2Fwp%2Fv2%2Fpwb-brand&post=2010"},{"taxonomy":"product_cat","embeddable":true,"href":"https:\/\/orthopara.store\/index.php?rest_route=%2Fwp%2Fv2%2Fproduct_cat&post=2010"},{"taxonomy":"product_tag","embeddable":true,"href":"https:\/\/orthopara.store\/index.php?rest_route=%2Fwp%2Fv2%2Fproduct_tag&post=2010"}],"curies":[{"name":"wp","href":"https:\/\/api.w.org\/{rel}","templated":true}]}}