{"id":2013,"date":"2024-06-28T15:56:27","date_gmt":"2024-06-28T13:56:27","guid":{"rendered":"https:\/\/orthopara.store\/?post_type=product&#038;p=2013"},"modified":"2024-11-07T09:47:05","modified_gmt":"2024-11-07T08:47:05","slug":"canne-daide-a-la-marche-tripode-zoe","status":"publish","type":"product","link":"https:\/\/orthopara.store\/?product=canne-daide-a-la-marche-tripode-zoe","title":{"rendered":"Canne d&rsquo;aide \u00e0 la marche &#8211; tripode &#8211; Zoe"},"content":{"rendered":"<p>Canne d&rsquo;aide \u00e0 la marche &#8211; tripode &#8211; Zoe<br \/>\nLa canne tripode Zo\u00e9 des Laboratoires Vermeiren est destin\u00e9e aux personnes \u00e0 mobilit\u00e9 r\u00e9duite ou aux personnes \u00e2g\u00e9es afin de faciliter consid\u00e9rablement le d\u00e9placement.<br \/>\nGr\u00e2ce \u00e0 ses 3 pieds dot\u00e9s d&#8217;embouts antid\u00e9rapants, la canne tripode Zo\u00e9 offre \u00e0 ses utilisateurs une meilleure stabilit\u00e9 afin que le d\u00e9placement ne soit plus une \u00e9preuve, mais un r\u00e9el plaisir, tout en leur conf\u00e9rant une meilleure autonomie. Sa poign\u00e9e ergonomique garantit une bonne pr\u00e9hension permettant une meilleure stabilit\u00e9 lorsque l\u2019on est oblig\u00e9 de rester en position stationnaire et un mouvement plus s\u00fbr lors de balades gr\u00e2ce \u00e0 son poids tr\u00e8s l\u00e9ger qui ne fatigue pas l\u2019utilisateur. Afin de toujours poss\u00e9der une s\u00e9curit\u00e9 optimale, il est important de changer r\u00e9guli\u00e8rement les embouts de la canne tripode Zo\u00e9 d\u00e8s que ceux-ci commencent \u00e0 pr\u00e9senter de l&rsquo;usure. Le r\u00e9glage de la hauteur est tr\u00e8s simple \u00e0 effectuer et le click d\u2019enclenchement du bouton ressort indique que la canne est s\u00e9curis\u00e9e.<br \/>\nmode d&rsquo;utilisation :\u00a0<br \/>\ntenez d&rsquo;une main la poign\u00e9e de la canne et pressez le bouton ressort de l&rsquo;autre main\u00a0<br \/>\nfaites glisser la partie sup\u00e9rieure vers le haut ou le bas jusqu&rsquo;au trou correspond au r\u00e9glage d\u00e9sir\u00e9\u00a0<br \/>\nun \u00ab\u00a0CLICK\u00a0\u00bb est clairement audible lorsque le bouton ressort est correctement enclench\u00e9\u00a0<br \/>\nr\u00e9p\u00e9tez l&rsquo;op\u00e9ration jusqu&rsquo;au r\u00e9glage parfait\u00a0<\/p>\n","protected":false},"excerpt":{"rendered":"<p>Tripode &#8211; Zoe<br \/>\nR\u00e9glable en hauteur<br \/>\nBouton ressort<br \/>\nPoids support\u00e9: 130 kg<br \/>\nS&rsquo;utilise \u00e0 droite comme \u00e0 gauche<\/p>\n","protected":false},"featured_media":2030,"comment_status":"open","ping_status":"closed","template":"","meta":[],"pwb-brand":[152],"product_cat":[243],"product_tag":[],"class_list":{"0":"post-2013","1":"product","2":"type-product","3":"status-publish","4":"has-post-thumbnail","6":"pwb-brand-amal-medical","7":"product_cat-cannes","8":"post","9":"ws-product--style-1","11":"first","12":"instock","13":"shipping-taxable","14":"purchasable","15":"product-type-simple"},"yoast_head":"<!-- This site is optimized with the Yoast SEO plugin v23.0 - https:\/\/yoast.com\/wordpress\/plugins\/seo\/ -->\n<title>Canne d&#039;aide \u00e0 la marche - tripode - Zoe - OrthoPara<\/title>\n<meta name=\"robots\" content=\"index, follow, max-snippet:-1, max-image-preview:large, max-video-preview:-1\" \/>\n<link rel=\"canonical\" href=\"https:\/\/orthopara.store\/index.php\/produit\/canne-daide-a-la-marche-tripode-zoe\/\" \/>\n<meta property=\"og:locale\" content=\"fr_FR\" \/>\n<meta property=\"og:type\" content=\"article\" \/>\n<meta property=\"og:title\" content=\"Canne d&#039;aide \u00e0 la marche - tripode - Zoe - OrthoPara\" \/>\n<meta property=\"og:description\" content=\"Tripode - Zoe R\u00e9glable en hauteur Bouton ressort Poids support\u00e9: 130 kg S&#039;utilise \u00e0 droite comme \u00e0 gauche\" \/>\n<meta property=\"og:url\" content=\"https:\/\/orthopara.store\/index.php\/produit\/canne-daide-a-la-marche-tripode-zoe\/\" \/>\n<meta property=\"og:site_name\" content=\"OrthoPara\" \/>\n<meta property=\"article:publisher\" content=\"https:\/\/www.facebook.com\/profile.php?id=61561194315651\" \/>\n<meta property=\"article:modified_time\" content=\"2024-11-07T08:47:05+00:00\" \/>\n<meta property=\"og:image\" content=\"https:\/\/orthopara.store\/wp-content\/uploads\/2024\/06\/canne-tripode-zoe.jpg\" \/>\n\t<meta property=\"og:image:width\" content=\"800\" \/>\n\t<meta property=\"og:image:height\" content=\"800\" \/>\n\t<meta property=\"og:image:type\" content=\"image\/jpeg\" \/>\n<meta name=\"twitter:card\" content=\"summary_large_image\" \/>\n<meta name=\"twitter:label1\" content=\"Dur\u00e9e de lecture estim\u00e9e\" \/>\n\t<meta name=\"twitter:data1\" content=\"1 minute\" \/>\n<script type=\"application\/ld+json\" class=\"yoast-schema-graph\">{\"@context\":\"https:\/\/schema.org\",\"@graph\":[{\"@type\":\"WebPage\",\"@id\":\"https:\/\/orthopara.store\/index.php\/produit\/canne-daide-a-la-marche-tripode-zoe\/\",\"url\":\"https:\/\/orthopara.store\/index.php\/produit\/canne-daide-a-la-marche-tripode-zoe\/\",\"name\":\"Canne d'aide \u00e0 la marche - tripode - Zoe - OrthoPara\",\"isPartOf\":{\"@id\":\"https:\/\/orthopara.store\/#website\"},\"primaryImageOfPage\":{\"@id\":\"https:\/\/orthopara.store\/index.php\/produit\/canne-daide-a-la-marche-tripode-zoe\/#primaryimage\"},\"image\":{\"@id\":\"https:\/\/orthopara.store\/index.php\/produit\/canne-daide-a-la-marche-tripode-zoe\/#primaryimage\"},\"thumbnailUrl\":\"https:\/\/orthopara.store\/wp-content\/uploads\/2024\/06\/canne-tripode-zoe.jpg\",\"datePublished\":\"2024-06-28T13:56:27+00:00\",\"dateModified\":\"2024-11-07T08:47:05+00:00\",\"breadcrumb\":{\"@id\":\"https:\/\/orthopara.store\/index.php\/produit\/canne-daide-a-la-marche-tripode-zoe\/#breadcrumb\"},\"inLanguage\":\"fr-FR\",\"potentialAction\":[{\"@type\":\"ReadAction\",\"target\":[\"https:\/\/orthopara.store\/index.php\/produit\/canne-daide-a-la-marche-tripode-zoe\/\"]}]},{\"@type\":\"ImageObject\",\"inLanguage\":\"fr-FR\",\"@id\":\"https:\/\/orthopara.store\/index.php\/produit\/canne-daide-a-la-marche-tripode-zoe\/#primaryimage\",\"url\":\"https:\/\/orthopara.store\/wp-content\/uploads\/2024\/06\/canne-tripode-zoe.jpg\",\"contentUrl\":\"https:\/\/orthopara.store\/wp-content\/uploads\/2024\/06\/canne-tripode-zoe.jpg\",\"width\":800,\"height\":800},{\"@type\":\"BreadcrumbList\",\"@id\":\"https:\/\/orthopara.store\/index.php\/produit\/canne-daide-a-la-marche-tripode-zoe\/#breadcrumb\",\"itemListElement\":[{\"@type\":\"ListItem\",\"position\":1,\"name\":\"Accueil\",\"item\":\"https:\/\/orthopara.store\/\"},{\"@type\":\"ListItem\",\"position\":2,\"name\":\"Shop\",\"item\":\"https:\/\/orthopara.store\/?page_id=622\"},{\"@type\":\"ListItem\",\"position\":3,\"name\":\"Canne d&rsquo;aide \u00e0 la marche &#8211; tripode &#8211; Zoe\"}]},{\"@type\":\"WebSite\",\"@id\":\"https:\/\/orthopara.store\/#website\",\"url\":\"https:\/\/orthopara.store\/\",\"name\":\"OrthoPara\",\"description\":\"Parapharmacie\",\"publisher\":{\"@id\":\"https:\/\/orthopara.store\/#organization\"},\"potentialAction\":[{\"@type\":\"SearchAction\",\"target\":{\"@type\":\"EntryPoint\",\"urlTemplate\":\"https:\/\/orthopara.store\/?s={search_term_string}\"},\"query-input\":\"required name=search_term_string\"}],\"inLanguage\":\"fr-FR\"},{\"@type\":\"Organization\",\"@id\":\"https:\/\/orthopara.store\/#organization\",\"name\":\"OrthoPara\",\"url\":\"https:\/\/orthopara.store\/\",\"logo\":{\"@type\":\"ImageObject\",\"inLanguage\":\"fr-FR\",\"@id\":\"https:\/\/orthopara.store\/#\/schema\/logo\/image\/\",\"url\":\"https:\/\/orthopara.store\/wp-content\/uploads\/2024\/06\/cropped-9ABA8BAD-6256-4719-9315-15C66E64E882.png\",\"contentUrl\":\"https:\/\/orthopara.store\/wp-content\/uploads\/2024\/06\/cropped-9ABA8BAD-6256-4719-9315-15C66E64E882.png\",\"width\":240,\"height\":72,\"caption\":\"OrthoPara\"},\"image\":{\"@id\":\"https:\/\/orthopara.store\/#\/schema\/logo\/image\/\"},\"sameAs\":[\"https:\/\/www.facebook.com\/profile.php?id=61561194315651\",\"https:\/\/www.instagram.com\/orthopara_tunisie\/\"]}]}<\/script>\n<!-- \/ Yoast SEO plugin. -->","yoast_head_json":{"title":"Canne d'aide \u00e0 la marche - tripode - Zoe - OrthoPara","robots":{"index":"index","follow":"follow","max-snippet":"max-snippet:-1","max-image-preview":"max-image-preview:large","max-video-preview":"max-video-preview:-1"},"canonical":"https:\/\/orthopara.store\/index.php\/produit\/canne-daide-a-la-marche-tripode-zoe\/","og_locale":"fr_FR","og_type":"article","og_title":"Canne d'aide \u00e0 la marche - tripode - Zoe - OrthoPara","og_description":"Tripode - Zoe R\u00e9glable en hauteur Bouton ressort Poids support\u00e9: 130 kg S'utilise \u00e0 droite comme \u00e0 gauche","og_url":"https:\/\/orthopara.store\/index.php\/produit\/canne-daide-a-la-marche-tripode-zoe\/","og_site_name":"OrthoPara","article_publisher":"https:\/\/www.facebook.com\/profile.php?id=61561194315651","article_modified_time":"2024-11-07T08:47:05+00:00","og_image":[{"width":800,"height":800,"url":"https:\/\/orthopara.store\/wp-content\/uploads\/2024\/06\/canne-tripode-zoe.jpg","type":"image\/jpeg"}],"twitter_card":"summary_large_image","twitter_misc":{"Dur\u00e9e de lecture estim\u00e9e":"1 minute"},"schema":{"@context":"https:\/\/schema.org","@graph":[{"@type":"WebPage","@id":"https:\/\/orthopara.store\/index.php\/produit\/canne-daide-a-la-marche-tripode-zoe\/","url":"https:\/\/orthopara.store\/index.php\/produit\/canne-daide-a-la-marche-tripode-zoe\/","name":"Canne d'aide \u00e0 la marche - tripode - Zoe - OrthoPara","isPartOf":{"@id":"https:\/\/orthopara.store\/#website"},"primaryImageOfPage":{"@id":"https:\/\/orthopara.store\/index.php\/produit\/canne-daide-a-la-marche-tripode-zoe\/#primaryimage"},"image":{"@id":"https:\/\/orthopara.store\/index.php\/produit\/canne-daide-a-la-marche-tripode-zoe\/#primaryimage"},"thumbnailUrl":"https:\/\/orthopara.store\/wp-content\/uploads\/2024\/06\/canne-tripode-zoe.jpg","datePublished":"2024-06-28T13:56:27+00:00","dateModified":"2024-11-07T08:47:05+00:00","breadcrumb":{"@id":"https:\/\/orthopara.store\/index.php\/produit\/canne-daide-a-la-marche-tripode-zoe\/#breadcrumb"},"inLanguage":"fr-FR","potentialAction":[{"@type":"ReadAction","target":["https:\/\/orthopara.store\/index.php\/produit\/canne-daide-a-la-marche-tripode-zoe\/"]}]},{"@type":"ImageObject","inLanguage":"fr-FR","@id":"https:\/\/orthopara.store\/index.php\/produit\/canne-daide-a-la-marche-tripode-zoe\/#primaryimage","url":"https:\/\/orthopara.store\/wp-content\/uploads\/2024\/06\/canne-tripode-zoe.jpg","contentUrl":"https:\/\/orthopara.store\/wp-content\/uploads\/2024\/06\/canne-tripode-zoe.jpg","width":800,"height":800},{"@type":"BreadcrumbList","@id":"https:\/\/orthopara.store\/index.php\/produit\/canne-daide-a-la-marche-tripode-zoe\/#breadcrumb","itemListElement":[{"@type":"ListItem","position":1,"name":"Accueil","item":"https:\/\/orthopara.store\/"},{"@type":"ListItem","position":2,"name":"Shop","item":"https:\/\/orthopara.store\/?page_id=622"},{"@type":"ListItem","position":3,"name":"Canne d&rsquo;aide \u00e0 la marche &#8211; tripode &#8211; Zoe"}]},{"@type":"WebSite","@id":"https:\/\/orthopara.store\/#website","url":"https:\/\/orthopara.store\/","name":"OrthoPara","description":"Parapharmacie","publisher":{"@id":"https:\/\/orthopara.store\/#organization"},"potentialAction":[{"@type":"SearchAction","target":{"@type":"EntryPoint","urlTemplate":"https:\/\/orthopara.store\/?s={search_term_string}"},"query-input":"required name=search_term_string"}],"inLanguage":"fr-FR"},{"@type":"Organization","@id":"https:\/\/orthopara.store\/#organization","name":"OrthoPara","url":"https:\/\/orthopara.store\/","logo":{"@type":"ImageObject","inLanguage":"fr-FR","@id":"https:\/\/orthopara.store\/#\/schema\/logo\/image\/","url":"https:\/\/orthopara.store\/wp-content\/uploads\/2024\/06\/cropped-9ABA8BAD-6256-4719-9315-15C66E64E882.png","contentUrl":"https:\/\/orthopara.store\/wp-content\/uploads\/2024\/06\/cropped-9ABA8BAD-6256-4719-9315-15C66E64E882.png","width":240,"height":72,"caption":"OrthoPara"},"image":{"@id":"https:\/\/orthopara.store\/#\/schema\/logo\/image\/"},"sameAs":["https:\/\/www.facebook.com\/profile.php?id=61561194315651","https:\/\/www.instagram.com\/orthopara_tunisie\/"]}]}},"jetpack_sharing_enabled":true,"brands":[{"id":152,"name":"Amal Medical","slug":"amal-medical"}],"_links":{"self":[{"href":"https:\/\/orthopara.store\/index.php?rest_route=\/wp\/v2\/product\/2013","targetHints":{"allow":["GET"]}}],"collection":[{"href":"https:\/\/orthopara.store\/index.php?rest_route=\/wp\/v2\/product"}],"about":[{"href":"https:\/\/orthopara.store\/index.php?rest_route=\/wp\/v2\/types\/product"}],"replies":[{"embeddable":true,"href":"https:\/\/orthopara.store\/index.php?rest_route=%2Fwp%2Fv2%2Fcomments&post=2013"}],"wp:featuredmedia":[{"embeddable":true,"href":"https:\/\/orthopara.store\/index.php?rest_route=\/wp\/v2\/media\/2030"}],"wp:attachment":[{"href":"https:\/\/orthopara.store\/index.php?rest_route=%2Fwp%2Fv2%2Fmedia&parent=2013"}],"wp:term":[{"taxonomy":"pwb-brand","embeddable":true,"href":"https:\/\/orthopara.store\/index.php?rest_route=%2Fwp%2Fv2%2Fpwb-brand&post=2013"},{"taxonomy":"product_cat","embeddable":true,"href":"https:\/\/orthopara.store\/index.php?rest_route=%2Fwp%2Fv2%2Fproduct_cat&post=2013"},{"taxonomy":"product_tag","embeddable":true,"href":"https:\/\/orthopara.store\/index.php?rest_route=%2Fwp%2Fv2%2Fproduct_tag&post=2013"}],"curies":[{"name":"wp","href":"https:\/\/api.w.org\/{rel}","templated":true}]}}