{"id":2014,"date":"2024-06-28T15:56:27","date_gmt":"2024-06-28T13:56:27","guid":{"rendered":"https:\/\/orthopara.store\/?post_type=product&#038;p=2014"},"modified":"2024-06-28T15:56:34","modified_gmt":"2024-06-28T13:56:34","slug":"deambulateur-cadre-de-marche-2-niveaux-pliable-vienne","status":"publish","type":"product","link":"https:\/\/orthopara.store\/?product=deambulateur-cadre-de-marche-2-niveaux-pliable-vienne","title":{"rendered":"D\u00e9ambulateur cadre de marche 2 niveaux &#8211; pliable &#8211; Vienne"},"content":{"rendered":"<p>Cadre de marche pliant &#8211; Vienne\u00a0<br \/>\nAvec ses deux niveaux de main courante, ce d\u00e9ambulateur vous s\u00e9curisera pour vous relever. Pratique, il est de plus pliant et dispose d\u2019une hauteur ajustable sur 6 niveaux.<br \/>\nce mod\u00e8le apporte une aide suppl\u00e9mentaire pour se relever, notamment lorsque la personne est dans son fauteuil ou sur les toilettes. Le d\u00e9ambulateur est muni de deux paires de poign\u00e9es : une paire \u00e0 mi-hauteur pour se relever, et une paire de poign\u00e9e \u00e0 hauteur normale pour avancer.<br \/>\nComposition :<br \/>\nMati\u00e8re : Aluminium<br \/>\nDimensions :<br \/>\nLargueur entre poign\u00e9es : 42 cm<br \/>\nLargueur hors-tout : 61 cm<br \/>\nHauteur poign\u00e9es hautes : 80 \u00e0 93 cm<br \/>\nHauteur poign\u00e9es bases : 51 \u00e0 64 cm<br \/>\nProfondeur maxi : 53 cm<br \/>\nDiam\u00e8tre du tube : 2,5 cm<\/p>\n","protected":false},"excerpt":{"rendered":"<p>Largueur entre poign\u00e9es : 42 cm<br \/>\nLargueur hors-tout : 61 cm<br \/>\nHauteur poign\u00e9es hautes : 80 \u00e0 93 cm<br \/>\nHauteur poign\u00e9es bases : 51 \u00e0 64 cm<br \/>\nProfondeur maxi : 53 cm<br \/>\nDiam\u00e8tre du tube : 2,5 cm<br \/>\nMati\u00e8re : Aluminium<br \/>\nCouleur: noir<br \/>\nPoids : 2,6 kg<br \/>\nPoids maxi support\u00e9 : 130 kg<\/p>\n","protected":false},"featured_media":2031,"comment_status":"open","ping_status":"closed","template":"","meta":[],"pwb-brand":[152],"product_cat":[243],"product_tag":[],"class_list":{"0":"post-2014","1":"product","2":"type-product","3":"status-publish","4":"has-post-thumbnail","6":"pwb-brand-amal-medical","7":"product_cat-cannes","8":"post","9":"ws-product--style-1","11":"first","12":"instock","13":"shipping-taxable","14":"purchasable","15":"product-type-simple"},"yoast_head":"<!-- This site is optimized with the Yoast SEO plugin v23.0 - https:\/\/yoast.com\/wordpress\/plugins\/seo\/ -->\n<title>D\u00e9ambulateur cadre de marche 2 niveaux - pliable - Vienne - OrthoPara<\/title>\n<meta name=\"robots\" content=\"index, follow, max-snippet:-1, max-image-preview:large, max-video-preview:-1\" \/>\n<link rel=\"canonical\" href=\"https:\/\/orthopara.store\/index.php\/produit\/deambulateur-cadre-de-marche-2-niveaux-pliable-vienne\/\" \/>\n<meta property=\"og:locale\" content=\"fr_FR\" \/>\n<meta property=\"og:type\" content=\"article\" \/>\n<meta property=\"og:title\" content=\"D\u00e9ambulateur cadre de marche 2 niveaux - pliable - Vienne - OrthoPara\" \/>\n<meta property=\"og:description\" content=\"Largueur entre poign\u00e9es : 42 cm Largueur hors-tout : 61 cm Hauteur poign\u00e9es hautes : 80 \u00e0 93 cm Hauteur poign\u00e9es bases : 51 \u00e0 64 cm Profondeur maxi : 53 cm Diam\u00e8tre du tube : 2,5 cm Mati\u00e8re : Aluminium Couleur: noir Poids : 2,6 kg Poids maxi support\u00e9 : 130 kg\" \/>\n<meta property=\"og:url\" content=\"https:\/\/orthopara.store\/index.php\/produit\/deambulateur-cadre-de-marche-2-niveaux-pliable-vienne\/\" \/>\n<meta property=\"og:site_name\" content=\"OrthoPara\" \/>\n<meta property=\"article:publisher\" content=\"https:\/\/www.facebook.com\/profile.php?id=61561194315651\" \/>\n<meta property=\"article:modified_time\" content=\"2024-06-28T13:56:34+00:00\" \/>\n<meta property=\"og:image\" content=\"https:\/\/orthopara.store\/wp-content\/uploads\/2024\/06\/deambulateur-cadre-de-marche-2-niveaux-pliable-vienne.jpg\" \/>\n\t<meta property=\"og:image:width\" content=\"800\" \/>\n\t<meta property=\"og:image:height\" content=\"800\" \/>\n\t<meta property=\"og:image:type\" content=\"image\/jpeg\" \/>\n<meta name=\"twitter:card\" content=\"summary_large_image\" \/>\n<meta name=\"twitter:label1\" content=\"Dur\u00e9e de lecture estim\u00e9e\" \/>\n\t<meta name=\"twitter:data1\" content=\"1 minute\" \/>\n<script type=\"application\/ld+json\" class=\"yoast-schema-graph\">{\"@context\":\"https:\/\/schema.org\",\"@graph\":[{\"@type\":\"WebPage\",\"@id\":\"https:\/\/orthopara.store\/index.php\/produit\/deambulateur-cadre-de-marche-2-niveaux-pliable-vienne\/\",\"url\":\"https:\/\/orthopara.store\/index.php\/produit\/deambulateur-cadre-de-marche-2-niveaux-pliable-vienne\/\",\"name\":\"D\u00e9ambulateur cadre de marche 2 niveaux - pliable - Vienne - OrthoPara\",\"isPartOf\":{\"@id\":\"https:\/\/orthopara.store\/#website\"},\"primaryImageOfPage\":{\"@id\":\"https:\/\/orthopara.store\/index.php\/produit\/deambulateur-cadre-de-marche-2-niveaux-pliable-vienne\/#primaryimage\"},\"image\":{\"@id\":\"https:\/\/orthopara.store\/index.php\/produit\/deambulateur-cadre-de-marche-2-niveaux-pliable-vienne\/#primaryimage\"},\"thumbnailUrl\":\"https:\/\/orthopara.store\/wp-content\/uploads\/2024\/06\/deambulateur-cadre-de-marche-2-niveaux-pliable-vienne.jpg\",\"datePublished\":\"2024-06-28T13:56:27+00:00\",\"dateModified\":\"2024-06-28T13:56:34+00:00\",\"breadcrumb\":{\"@id\":\"https:\/\/orthopara.store\/index.php\/produit\/deambulateur-cadre-de-marche-2-niveaux-pliable-vienne\/#breadcrumb\"},\"inLanguage\":\"fr-FR\",\"potentialAction\":[{\"@type\":\"ReadAction\",\"target\":[\"https:\/\/orthopara.store\/index.php\/produit\/deambulateur-cadre-de-marche-2-niveaux-pliable-vienne\/\"]}]},{\"@type\":\"ImageObject\",\"inLanguage\":\"fr-FR\",\"@id\":\"https:\/\/orthopara.store\/index.php\/produit\/deambulateur-cadre-de-marche-2-niveaux-pliable-vienne\/#primaryimage\",\"url\":\"https:\/\/orthopara.store\/wp-content\/uploads\/2024\/06\/deambulateur-cadre-de-marche-2-niveaux-pliable-vienne.jpg\",\"contentUrl\":\"https:\/\/orthopara.store\/wp-content\/uploads\/2024\/06\/deambulateur-cadre-de-marche-2-niveaux-pliable-vienne.jpg\",\"width\":800,\"height\":800},{\"@type\":\"BreadcrumbList\",\"@id\":\"https:\/\/orthopara.store\/index.php\/produit\/deambulateur-cadre-de-marche-2-niveaux-pliable-vienne\/#breadcrumb\",\"itemListElement\":[{\"@type\":\"ListItem\",\"position\":1,\"name\":\"Accueil\",\"item\":\"https:\/\/orthopara.store\/\"},{\"@type\":\"ListItem\",\"position\":2,\"name\":\"Shop\",\"item\":\"https:\/\/orthopara.store\/?page_id=622\"},{\"@type\":\"ListItem\",\"position\":3,\"name\":\"D\u00e9ambulateur cadre de marche 2 niveaux &#8211; pliable &#8211; Vienne\"}]},{\"@type\":\"WebSite\",\"@id\":\"https:\/\/orthopara.store\/#website\",\"url\":\"https:\/\/orthopara.store\/\",\"name\":\"OrthoPara\",\"description\":\"Parapharmacie\",\"publisher\":{\"@id\":\"https:\/\/orthopara.store\/#organization\"},\"potentialAction\":[{\"@type\":\"SearchAction\",\"target\":{\"@type\":\"EntryPoint\",\"urlTemplate\":\"https:\/\/orthopara.store\/?s={search_term_string}\"},\"query-input\":\"required name=search_term_string\"}],\"inLanguage\":\"fr-FR\"},{\"@type\":\"Organization\",\"@id\":\"https:\/\/orthopara.store\/#organization\",\"name\":\"OrthoPara\",\"url\":\"https:\/\/orthopara.store\/\",\"logo\":{\"@type\":\"ImageObject\",\"inLanguage\":\"fr-FR\",\"@id\":\"https:\/\/orthopara.store\/#\/schema\/logo\/image\/\",\"url\":\"https:\/\/orthopara.store\/wp-content\/uploads\/2024\/06\/cropped-9ABA8BAD-6256-4719-9315-15C66E64E882.png\",\"contentUrl\":\"https:\/\/orthopara.store\/wp-content\/uploads\/2024\/06\/cropped-9ABA8BAD-6256-4719-9315-15C66E64E882.png\",\"width\":240,\"height\":72,\"caption\":\"OrthoPara\"},\"image\":{\"@id\":\"https:\/\/orthopara.store\/#\/schema\/logo\/image\/\"},\"sameAs\":[\"https:\/\/www.facebook.com\/profile.php?id=61561194315651\",\"https:\/\/www.instagram.com\/orthopara_tunisie\/\"]}]}<\/script>\n<!-- \/ Yoast SEO plugin. -->","yoast_head_json":{"title":"D\u00e9ambulateur cadre de marche 2 niveaux - pliable - Vienne - OrthoPara","robots":{"index":"index","follow":"follow","max-snippet":"max-snippet:-1","max-image-preview":"max-image-preview:large","max-video-preview":"max-video-preview:-1"},"canonical":"https:\/\/orthopara.store\/index.php\/produit\/deambulateur-cadre-de-marche-2-niveaux-pliable-vienne\/","og_locale":"fr_FR","og_type":"article","og_title":"D\u00e9ambulateur cadre de marche 2 niveaux - pliable - Vienne - OrthoPara","og_description":"Largueur entre poign\u00e9es : 42 cm Largueur hors-tout : 61 cm Hauteur poign\u00e9es hautes : 80 \u00e0 93 cm Hauteur poign\u00e9es bases : 51 \u00e0 64 cm Profondeur maxi : 53 cm Diam\u00e8tre du tube : 2,5 cm Mati\u00e8re : Aluminium Couleur: noir Poids : 2,6 kg Poids maxi support\u00e9 : 130 kg","og_url":"https:\/\/orthopara.store\/index.php\/produit\/deambulateur-cadre-de-marche-2-niveaux-pliable-vienne\/","og_site_name":"OrthoPara","article_publisher":"https:\/\/www.facebook.com\/profile.php?id=61561194315651","article_modified_time":"2024-06-28T13:56:34+00:00","og_image":[{"width":800,"height":800,"url":"https:\/\/orthopara.store\/wp-content\/uploads\/2024\/06\/deambulateur-cadre-de-marche-2-niveaux-pliable-vienne.jpg","type":"image\/jpeg"}],"twitter_card":"summary_large_image","twitter_misc":{"Dur\u00e9e de lecture estim\u00e9e":"1 minute"},"schema":{"@context":"https:\/\/schema.org","@graph":[{"@type":"WebPage","@id":"https:\/\/orthopara.store\/index.php\/produit\/deambulateur-cadre-de-marche-2-niveaux-pliable-vienne\/","url":"https:\/\/orthopara.store\/index.php\/produit\/deambulateur-cadre-de-marche-2-niveaux-pliable-vienne\/","name":"D\u00e9ambulateur cadre de marche 2 niveaux - pliable - Vienne - OrthoPara","isPartOf":{"@id":"https:\/\/orthopara.store\/#website"},"primaryImageOfPage":{"@id":"https:\/\/orthopara.store\/index.php\/produit\/deambulateur-cadre-de-marche-2-niveaux-pliable-vienne\/#primaryimage"},"image":{"@id":"https:\/\/orthopara.store\/index.php\/produit\/deambulateur-cadre-de-marche-2-niveaux-pliable-vienne\/#primaryimage"},"thumbnailUrl":"https:\/\/orthopara.store\/wp-content\/uploads\/2024\/06\/deambulateur-cadre-de-marche-2-niveaux-pliable-vienne.jpg","datePublished":"2024-06-28T13:56:27+00:00","dateModified":"2024-06-28T13:56:34+00:00","breadcrumb":{"@id":"https:\/\/orthopara.store\/index.php\/produit\/deambulateur-cadre-de-marche-2-niveaux-pliable-vienne\/#breadcrumb"},"inLanguage":"fr-FR","potentialAction":[{"@type":"ReadAction","target":["https:\/\/orthopara.store\/index.php\/produit\/deambulateur-cadre-de-marche-2-niveaux-pliable-vienne\/"]}]},{"@type":"ImageObject","inLanguage":"fr-FR","@id":"https:\/\/orthopara.store\/index.php\/produit\/deambulateur-cadre-de-marche-2-niveaux-pliable-vienne\/#primaryimage","url":"https:\/\/orthopara.store\/wp-content\/uploads\/2024\/06\/deambulateur-cadre-de-marche-2-niveaux-pliable-vienne.jpg","contentUrl":"https:\/\/orthopara.store\/wp-content\/uploads\/2024\/06\/deambulateur-cadre-de-marche-2-niveaux-pliable-vienne.jpg","width":800,"height":800},{"@type":"BreadcrumbList","@id":"https:\/\/orthopara.store\/index.php\/produit\/deambulateur-cadre-de-marche-2-niveaux-pliable-vienne\/#breadcrumb","itemListElement":[{"@type":"ListItem","position":1,"name":"Accueil","item":"https:\/\/orthopara.store\/"},{"@type":"ListItem","position":2,"name":"Shop","item":"https:\/\/orthopara.store\/?page_id=622"},{"@type":"ListItem","position":3,"name":"D\u00e9ambulateur cadre de marche 2 niveaux &#8211; pliable &#8211; Vienne"}]},{"@type":"WebSite","@id":"https:\/\/orthopara.store\/#website","url":"https:\/\/orthopara.store\/","name":"OrthoPara","description":"Parapharmacie","publisher":{"@id":"https:\/\/orthopara.store\/#organization"},"potentialAction":[{"@type":"SearchAction","target":{"@type":"EntryPoint","urlTemplate":"https:\/\/orthopara.store\/?s={search_term_string}"},"query-input":"required name=search_term_string"}],"inLanguage":"fr-FR"},{"@type":"Organization","@id":"https:\/\/orthopara.store\/#organization","name":"OrthoPara","url":"https:\/\/orthopara.store\/","logo":{"@type":"ImageObject","inLanguage":"fr-FR","@id":"https:\/\/orthopara.store\/#\/schema\/logo\/image\/","url":"https:\/\/orthopara.store\/wp-content\/uploads\/2024\/06\/cropped-9ABA8BAD-6256-4719-9315-15C66E64E882.png","contentUrl":"https:\/\/orthopara.store\/wp-content\/uploads\/2024\/06\/cropped-9ABA8BAD-6256-4719-9315-15C66E64E882.png","width":240,"height":72,"caption":"OrthoPara"},"image":{"@id":"https:\/\/orthopara.store\/#\/schema\/logo\/image\/"},"sameAs":["https:\/\/www.facebook.com\/profile.php?id=61561194315651","https:\/\/www.instagram.com\/orthopara_tunisie\/"]}]}},"jetpack_sharing_enabled":true,"brands":[{"id":152,"name":"Amal Medical","slug":"amal-medical"}],"_links":{"self":[{"href":"https:\/\/orthopara.store\/index.php?rest_route=\/wp\/v2\/product\/2014","targetHints":{"allow":["GET"]}}],"collection":[{"href":"https:\/\/orthopara.store\/index.php?rest_route=\/wp\/v2\/product"}],"about":[{"href":"https:\/\/orthopara.store\/index.php?rest_route=\/wp\/v2\/types\/product"}],"replies":[{"embeddable":true,"href":"https:\/\/orthopara.store\/index.php?rest_route=%2Fwp%2Fv2%2Fcomments&post=2014"}],"wp:featuredmedia":[{"embeddable":true,"href":"https:\/\/orthopara.store\/index.php?rest_route=\/wp\/v2\/media\/2031"}],"wp:attachment":[{"href":"https:\/\/orthopara.store\/index.php?rest_route=%2Fwp%2Fv2%2Fmedia&parent=2014"}],"wp:term":[{"taxonomy":"pwb-brand","embeddable":true,"href":"https:\/\/orthopara.store\/index.php?rest_route=%2Fwp%2Fv2%2Fpwb-brand&post=2014"},{"taxonomy":"product_cat","embeddable":true,"href":"https:\/\/orthopara.store\/index.php?rest_route=%2Fwp%2Fv2%2Fproduct_cat&post=2014"},{"taxonomy":"product_tag","embeddable":true,"href":"https:\/\/orthopara.store\/index.php?rest_route=%2Fwp%2Fv2%2Fproduct_tag&post=2014"}],"curies":[{"name":"wp","href":"https:\/\/api.w.org\/{rel}","templated":true}]}}