{"id":2015,"date":"2024-06-28T15:56:27","date_gmt":"2024-06-28T13:56:27","guid":{"rendered":"https:\/\/orthopara.store\/?post_type=product&#038;p=2015"},"modified":"2024-06-28T15:56:35","modified_gmt":"2024-06-28T13:56:35","slug":"deambulateur-invacare-actio-2-avec-siege","status":"publish","type":"product","link":"https:\/\/orthopara.store\/?product=deambulateur-invacare-actio-2-avec-siege","title":{"rendered":"D\u00e9ambulateur  &#8211; Invacare Actio 2 avec si\u00e8ge"},"content":{"rendered":"<p>Avantages du d\u00e9ambulateur Rollator Invacare Actio 2 avec si\u00e8ge :<br \/>\nAssise rembourr\u00e9e<br \/>\nAide \u00e0 la marche pliable<br \/>\nAccroche canne<br \/>\nDescription du produit:\u00a0<br \/>\nLe d\u00e9ambulateur Rollator Invacare Actio 2 avec si\u00e8ge est le nouveau rollator d\u2019int\u00e9rieur de r\u00e9f\u00e9rence.<br \/>\nCONFORT<br \/>\n&#8211; Meilleure manoeuvrabilibit\u00e9 gr\u00e2ce au positionnement des roues sur l\u2019ext\u00e9rieur du cadre et \u00e0 la suppression de la barre traverse.<br \/>\n&#8211; Poign\u00e9es de forme anatomique r\u00e9glable en hauteur de 74 \u00e0 100 cm pour s\u2019adapter au mieux \u00e0 la taille de l&rsquo;utilisateur.<br \/>\n&#8211; Assise rembourr\u00e9e pour offrir plus de confort.<br \/>\n&#8211; Accroche-canne disponible en option afin d&#8217;emporter votre canne lors de vos d\u00e9placements sans pour autant qu&rsquo;elle vous encombre.<br \/>\nCOMPACT<br \/>\n&#8211; Nouvelle largeur Hors Tout : 55 cm !! C&rsquo;est la dimension id\u00e9ale pour faciliter le passage des portes et l\u2019accessibilit\u00e9 aux endroits les plus exigus.<br \/>\n&#8211; Tr\u00e8s l\u00e9ger, son poids est seulement de 5 kg.<br \/>\nDESIGN MODERNE<br \/>\n&#8211; Nouveau design bicolore pour s\u2019adapter aux nouvelles tendances avec son si\u00e8ge vert\/noir.<\/p>\n<p>Caract\u00e9ristiques techniques du produit:<br \/>\n&#8211; Assise : tablette fixe<br \/>\n&#8211; Pliable<br \/>\n&#8211; Tient debout pli\u00e9<br \/>\n&#8211; Largeur entre les poign\u00e9es : 41 cm<br \/>\n&#8211; Largeur entre les pieds : 55 cm<br \/>\n&#8211; Profondeur Hors Tout : ouvert : 63 cm &#8211; pli\u00e9 : 12 cm<br \/>\n&#8211; Hauteur ajustable : 74 &#8211; 100 cm<br \/>\n&#8211; Hauteur d\u00b4assise : 55 cm<br \/>\n&#8211; Largeur int. roues : 38 cm<br \/>\n&#8211; Diam\u00e8tre roues : 11 cm<br \/>\n&#8211; Coloris : aluminium<br \/>\n&#8211; Poids : 5 kg<br \/>\n&#8211; Poids maximal de l&rsquo;utilisateur : 130 kg<br \/>\n&#8211; R\u00e9f\u00e9rence : 1513721<br \/>\n&#8211; Garantie : 2 ans<\/p>\n","protected":false},"excerpt":{"rendered":"<p>D\u00e9ambulateur Invacare Actio 2 avec si\u00e8ge<br \/>\nTablette fixe rembourr\u00e9e pour vous asseoir confortablement<br \/>\nRollator pliable<br \/>\nTient debout pli\u00e9<br \/>\nPoids : 5 kg<br \/>\nProfondeur une fois pli\u00e9 : 12 cm<br \/>\nPoids maximal utilisateur : 130 kg<\/p>\n","protected":false},"featured_media":2032,"comment_status":"open","ping_status":"closed","template":"","meta":[],"pwb-brand":[152],"product_cat":[243],"product_tag":[],"class_list":{"0":"post-2015","1":"product","2":"type-product","3":"status-publish","4":"has-post-thumbnail","6":"pwb-brand-amal-medical","7":"product_cat-cannes","8":"post","9":"ws-product--style-1","11":"first","12":"instock","13":"shipping-taxable","14":"purchasable","15":"product-type-simple"},"yoast_head":"<!-- This site is optimized with the Yoast SEO plugin v23.0 - https:\/\/yoast.com\/wordpress\/plugins\/seo\/ -->\n<title>D\u00e9ambulateur - Invacare Actio 2 avec si\u00e8ge - OrthoPara<\/title>\n<meta name=\"robots\" content=\"index, follow, max-snippet:-1, max-image-preview:large, max-video-preview:-1\" \/>\n<link rel=\"canonical\" href=\"https:\/\/orthopara.store\/index.php\/produit\/deambulateur-invacare-actio-2-avec-siege\/\" \/>\n<meta property=\"og:locale\" content=\"fr_FR\" \/>\n<meta property=\"og:type\" content=\"article\" \/>\n<meta property=\"og:title\" content=\"D\u00e9ambulateur - Invacare Actio 2 avec si\u00e8ge - OrthoPara\" \/>\n<meta property=\"og:description\" content=\"D\u00e9ambulateur Invacare Actio 2 avec si\u00e8ge Tablette fixe rembourr\u00e9e pour vous asseoir confortablement Rollator pliable Tient debout pli\u00e9 Poids : 5 kg Profondeur une fois pli\u00e9 : 12 cm Poids maximal utilisateur : 130 kg\" \/>\n<meta property=\"og:url\" content=\"https:\/\/orthopara.store\/index.php\/produit\/deambulateur-invacare-actio-2-avec-siege\/\" \/>\n<meta property=\"og:site_name\" content=\"OrthoPara\" \/>\n<meta property=\"article:publisher\" content=\"https:\/\/www.facebook.com\/profile.php?id=61561194315651\" \/>\n<meta property=\"article:modified_time\" content=\"2024-06-28T13:56:35+00:00\" \/>\n<meta property=\"og:image\" content=\"https:\/\/orthopara.store\/wp-content\/uploads\/2024\/06\/deambulateur-invacare-actio-2-avec-siege.jpg\" \/>\n\t<meta property=\"og:image:width\" content=\"800\" \/>\n\t<meta property=\"og:image:height\" content=\"800\" \/>\n\t<meta property=\"og:image:type\" content=\"image\/jpeg\" \/>\n<meta name=\"twitter:card\" content=\"summary_large_image\" \/>\n<meta name=\"twitter:label1\" content=\"Dur\u00e9e de lecture estim\u00e9e\" \/>\n\t<meta name=\"twitter:data1\" content=\"1 minute\" \/>\n<script type=\"application\/ld+json\" class=\"yoast-schema-graph\">{\"@context\":\"https:\/\/schema.org\",\"@graph\":[{\"@type\":\"WebPage\",\"@id\":\"https:\/\/orthopara.store\/index.php\/produit\/deambulateur-invacare-actio-2-avec-siege\/\",\"url\":\"https:\/\/orthopara.store\/index.php\/produit\/deambulateur-invacare-actio-2-avec-siege\/\",\"name\":\"D\u00e9ambulateur - Invacare Actio 2 avec si\u00e8ge - OrthoPara\",\"isPartOf\":{\"@id\":\"https:\/\/orthopara.store\/#website\"},\"primaryImageOfPage\":{\"@id\":\"https:\/\/orthopara.store\/index.php\/produit\/deambulateur-invacare-actio-2-avec-siege\/#primaryimage\"},\"image\":{\"@id\":\"https:\/\/orthopara.store\/index.php\/produit\/deambulateur-invacare-actio-2-avec-siege\/#primaryimage\"},\"thumbnailUrl\":\"https:\/\/orthopara.store\/wp-content\/uploads\/2024\/06\/deambulateur-invacare-actio-2-avec-siege.jpg\",\"datePublished\":\"2024-06-28T13:56:27+00:00\",\"dateModified\":\"2024-06-28T13:56:35+00:00\",\"breadcrumb\":{\"@id\":\"https:\/\/orthopara.store\/index.php\/produit\/deambulateur-invacare-actio-2-avec-siege\/#breadcrumb\"},\"inLanguage\":\"fr-FR\",\"potentialAction\":[{\"@type\":\"ReadAction\",\"target\":[\"https:\/\/orthopara.store\/index.php\/produit\/deambulateur-invacare-actio-2-avec-siege\/\"]}]},{\"@type\":\"ImageObject\",\"inLanguage\":\"fr-FR\",\"@id\":\"https:\/\/orthopara.store\/index.php\/produit\/deambulateur-invacare-actio-2-avec-siege\/#primaryimage\",\"url\":\"https:\/\/orthopara.store\/wp-content\/uploads\/2024\/06\/deambulateur-invacare-actio-2-avec-siege.jpg\",\"contentUrl\":\"https:\/\/orthopara.store\/wp-content\/uploads\/2024\/06\/deambulateur-invacare-actio-2-avec-siege.jpg\",\"width\":800,\"height\":800},{\"@type\":\"BreadcrumbList\",\"@id\":\"https:\/\/orthopara.store\/index.php\/produit\/deambulateur-invacare-actio-2-avec-siege\/#breadcrumb\",\"itemListElement\":[{\"@type\":\"ListItem\",\"position\":1,\"name\":\"Accueil\",\"item\":\"https:\/\/orthopara.store\/\"},{\"@type\":\"ListItem\",\"position\":2,\"name\":\"Shop\",\"item\":\"https:\/\/orthopara.store\/?page_id=622\"},{\"@type\":\"ListItem\",\"position\":3,\"name\":\"D\u00e9ambulateur &#8211; Invacare Actio 2 avec si\u00e8ge\"}]},{\"@type\":\"WebSite\",\"@id\":\"https:\/\/orthopara.store\/#website\",\"url\":\"https:\/\/orthopara.store\/\",\"name\":\"OrthoPara\",\"description\":\"Parapharmacie\",\"publisher\":{\"@id\":\"https:\/\/orthopara.store\/#organization\"},\"potentialAction\":[{\"@type\":\"SearchAction\",\"target\":{\"@type\":\"EntryPoint\",\"urlTemplate\":\"https:\/\/orthopara.store\/?s={search_term_string}\"},\"query-input\":\"required name=search_term_string\"}],\"inLanguage\":\"fr-FR\"},{\"@type\":\"Organization\",\"@id\":\"https:\/\/orthopara.store\/#organization\",\"name\":\"OrthoPara\",\"url\":\"https:\/\/orthopara.store\/\",\"logo\":{\"@type\":\"ImageObject\",\"inLanguage\":\"fr-FR\",\"@id\":\"https:\/\/orthopara.store\/#\/schema\/logo\/image\/\",\"url\":\"https:\/\/orthopara.store\/wp-content\/uploads\/2024\/06\/cropped-9ABA8BAD-6256-4719-9315-15C66E64E882.png\",\"contentUrl\":\"https:\/\/orthopara.store\/wp-content\/uploads\/2024\/06\/cropped-9ABA8BAD-6256-4719-9315-15C66E64E882.png\",\"width\":240,\"height\":72,\"caption\":\"OrthoPara\"},\"image\":{\"@id\":\"https:\/\/orthopara.store\/#\/schema\/logo\/image\/\"},\"sameAs\":[\"https:\/\/www.facebook.com\/profile.php?id=61561194315651\",\"https:\/\/www.instagram.com\/orthopara_tunisie\/\"]}]}<\/script>\n<!-- \/ Yoast SEO plugin. -->","yoast_head_json":{"title":"D\u00e9ambulateur - Invacare Actio 2 avec si\u00e8ge - OrthoPara","robots":{"index":"index","follow":"follow","max-snippet":"max-snippet:-1","max-image-preview":"max-image-preview:large","max-video-preview":"max-video-preview:-1"},"canonical":"https:\/\/orthopara.store\/index.php\/produit\/deambulateur-invacare-actio-2-avec-siege\/","og_locale":"fr_FR","og_type":"article","og_title":"D\u00e9ambulateur - Invacare Actio 2 avec si\u00e8ge - OrthoPara","og_description":"D\u00e9ambulateur Invacare Actio 2 avec si\u00e8ge Tablette fixe rembourr\u00e9e pour vous asseoir confortablement Rollator pliable Tient debout pli\u00e9 Poids : 5 kg Profondeur une fois pli\u00e9 : 12 cm Poids maximal utilisateur : 130 kg","og_url":"https:\/\/orthopara.store\/index.php\/produit\/deambulateur-invacare-actio-2-avec-siege\/","og_site_name":"OrthoPara","article_publisher":"https:\/\/www.facebook.com\/profile.php?id=61561194315651","article_modified_time":"2024-06-28T13:56:35+00:00","og_image":[{"width":800,"height":800,"url":"https:\/\/orthopara.store\/wp-content\/uploads\/2024\/06\/deambulateur-invacare-actio-2-avec-siege.jpg","type":"image\/jpeg"}],"twitter_card":"summary_large_image","twitter_misc":{"Dur\u00e9e de lecture estim\u00e9e":"1 minute"},"schema":{"@context":"https:\/\/schema.org","@graph":[{"@type":"WebPage","@id":"https:\/\/orthopara.store\/index.php\/produit\/deambulateur-invacare-actio-2-avec-siege\/","url":"https:\/\/orthopara.store\/index.php\/produit\/deambulateur-invacare-actio-2-avec-siege\/","name":"D\u00e9ambulateur - Invacare Actio 2 avec si\u00e8ge - OrthoPara","isPartOf":{"@id":"https:\/\/orthopara.store\/#website"},"primaryImageOfPage":{"@id":"https:\/\/orthopara.store\/index.php\/produit\/deambulateur-invacare-actio-2-avec-siege\/#primaryimage"},"image":{"@id":"https:\/\/orthopara.store\/index.php\/produit\/deambulateur-invacare-actio-2-avec-siege\/#primaryimage"},"thumbnailUrl":"https:\/\/orthopara.store\/wp-content\/uploads\/2024\/06\/deambulateur-invacare-actio-2-avec-siege.jpg","datePublished":"2024-06-28T13:56:27+00:00","dateModified":"2024-06-28T13:56:35+00:00","breadcrumb":{"@id":"https:\/\/orthopara.store\/index.php\/produit\/deambulateur-invacare-actio-2-avec-siege\/#breadcrumb"},"inLanguage":"fr-FR","potentialAction":[{"@type":"ReadAction","target":["https:\/\/orthopara.store\/index.php\/produit\/deambulateur-invacare-actio-2-avec-siege\/"]}]},{"@type":"ImageObject","inLanguage":"fr-FR","@id":"https:\/\/orthopara.store\/index.php\/produit\/deambulateur-invacare-actio-2-avec-siege\/#primaryimage","url":"https:\/\/orthopara.store\/wp-content\/uploads\/2024\/06\/deambulateur-invacare-actio-2-avec-siege.jpg","contentUrl":"https:\/\/orthopara.store\/wp-content\/uploads\/2024\/06\/deambulateur-invacare-actio-2-avec-siege.jpg","width":800,"height":800},{"@type":"BreadcrumbList","@id":"https:\/\/orthopara.store\/index.php\/produit\/deambulateur-invacare-actio-2-avec-siege\/#breadcrumb","itemListElement":[{"@type":"ListItem","position":1,"name":"Accueil","item":"https:\/\/orthopara.store\/"},{"@type":"ListItem","position":2,"name":"Shop","item":"https:\/\/orthopara.store\/?page_id=622"},{"@type":"ListItem","position":3,"name":"D\u00e9ambulateur &#8211; Invacare Actio 2 avec si\u00e8ge"}]},{"@type":"WebSite","@id":"https:\/\/orthopara.store\/#website","url":"https:\/\/orthopara.store\/","name":"OrthoPara","description":"Parapharmacie","publisher":{"@id":"https:\/\/orthopara.store\/#organization"},"potentialAction":[{"@type":"SearchAction","target":{"@type":"EntryPoint","urlTemplate":"https:\/\/orthopara.store\/?s={search_term_string}"},"query-input":"required name=search_term_string"}],"inLanguage":"fr-FR"},{"@type":"Organization","@id":"https:\/\/orthopara.store\/#organization","name":"OrthoPara","url":"https:\/\/orthopara.store\/","logo":{"@type":"ImageObject","inLanguage":"fr-FR","@id":"https:\/\/orthopara.store\/#\/schema\/logo\/image\/","url":"https:\/\/orthopara.store\/wp-content\/uploads\/2024\/06\/cropped-9ABA8BAD-6256-4719-9315-15C66E64E882.png","contentUrl":"https:\/\/orthopara.store\/wp-content\/uploads\/2024\/06\/cropped-9ABA8BAD-6256-4719-9315-15C66E64E882.png","width":240,"height":72,"caption":"OrthoPara"},"image":{"@id":"https:\/\/orthopara.store\/#\/schema\/logo\/image\/"},"sameAs":["https:\/\/www.facebook.com\/profile.php?id=61561194315651","https:\/\/www.instagram.com\/orthopara_tunisie\/"]}]}},"jetpack_sharing_enabled":true,"brands":[{"id":152,"name":"Amal Medical","slug":"amal-medical"}],"_links":{"self":[{"href":"https:\/\/orthopara.store\/index.php?rest_route=\/wp\/v2\/product\/2015","targetHints":{"allow":["GET"]}}],"collection":[{"href":"https:\/\/orthopara.store\/index.php?rest_route=\/wp\/v2\/product"}],"about":[{"href":"https:\/\/orthopara.store\/index.php?rest_route=\/wp\/v2\/types\/product"}],"replies":[{"embeddable":true,"href":"https:\/\/orthopara.store\/index.php?rest_route=%2Fwp%2Fv2%2Fcomments&post=2015"}],"wp:featuredmedia":[{"embeddable":true,"href":"https:\/\/orthopara.store\/index.php?rest_route=\/wp\/v2\/media\/2032"}],"wp:attachment":[{"href":"https:\/\/orthopara.store\/index.php?rest_route=%2Fwp%2Fv2%2Fmedia&parent=2015"}],"wp:term":[{"taxonomy":"pwb-brand","embeddable":true,"href":"https:\/\/orthopara.store\/index.php?rest_route=%2Fwp%2Fv2%2Fpwb-brand&post=2015"},{"taxonomy":"product_cat","embeddable":true,"href":"https:\/\/orthopara.store\/index.php?rest_route=%2Fwp%2Fv2%2Fproduct_cat&post=2015"},{"taxonomy":"product_tag","embeddable":true,"href":"https:\/\/orthopara.store\/index.php?rest_route=%2Fwp%2Fv2%2Fproduct_tag&post=2015"}],"curies":[{"name":"wp","href":"https:\/\/api.w.org\/{rel}","templated":true}]}}