{"id":2035,"date":"2024-06-28T15:56:37","date_gmt":"2024-06-28T13:56:37","guid":{"rendered":"https:\/\/orthopara.store\/?post_type=product&#038;p=2035"},"modified":"2024-06-28T15:56:39","modified_gmt":"2024-06-28T13:56:39","slug":"tensiometre-au-bras-beurer-bm54","status":"publish","type":"product","link":"https:\/\/orthopara.store\/?product=tensiometre-au-bras-beurer-bm54","title":{"rendered":"Tensiom\u00e8tre au bras &#8211; Beurer &#8211; BM54"},"content":{"rendered":"<p>Tensiom\u00e8tre au bras &#8211; Beurer &#8211; BM54<br \/>\nAvec le tensiom\u00e8tre pour bras, vos valeurs de mesure peuvent \u00eatre transf\u00e9r\u00e9es \u00e0 votre smartphone par Bluetooth\u00ae. Avec l\u2019application \u00ab beurer HealthManager Pro \u00bb, vous avez toujours vos valeurs \u00e0 disposition &#8211; id\u00e9al pour une visite m\u00e9dicale.<br \/>\ncaract\u00e9ristiques :<br \/>\nManchette universelle, \u00e9galement adapt\u00e9e aux grands tours de bras jusqu\u2019\u00e0 44 cm<br \/>\nIndicateur de risque classement des r\u00e9sultats mesur\u00e9s avec l\u2019\u00e9chelle de couleur<br \/>\nMesure enti\u00e8rement automatique de la tension art\u00e9rielle et du pouls au niveau du bras<br \/>\nTransfert sans fil des r\u00e9sultats de mesure<br \/>\nLe moyen de toutes les valeurs enregistr\u00e9es<br \/>\nLa valeur moyenne de toutes les mesures de tension art\u00e9rielle du matin et du soir des 7 derniers jours<br \/>\n\u00c9cran XL amovible tr\u00e8s lisible<br \/>\nDeux m\u00e9moires utilisateur de 60 mesures chacune<br \/>\nIndicateur de risque<br \/>\nD\u00e9tection de l\u2019arythmie<br \/>\nDispositif m\u00e9dical<br \/>\nPour les tours de bras de 22 \u00e0 44 cm<br \/>\nDate et heure\/arr\u00eat automatique<br \/>\nMessage en cas d\u2019erreur d\u2019utilisation<br \/>\nIndicateur de changement des piles<br \/>\nPochette de rangement<br \/>\nAvec appli gratuite \u00ab beurer HealthManager Pro \u00bb: ne perdez jamais de vue vos donn\u00e9es de mesure et informations physiologiques<\/p>\n<p>Manuel d&rsquo;utilisation pdf (\u00e0 t\u00e9l\u00e9charger)\u00a0<br \/>\nManuel d&rsquo;utilisation Beurer BM54 (t\u00e9l\u00e9charger ici)<\/p>\n","protected":false},"excerpt":{"rendered":"<p>Beurer\u00a0<br \/>\nAvec le tensiom\u00e8tre pour bras, vos valeurs de mesure peuvent \u00eatre transf\u00e9r\u00e9es \u00e0 votre smartphone par Bluetooth\u00ae. Avec l\u2019application \u00ab beurer HealthManager Pro \u00bb, vous avez toujours vos valeurs \u00e0 disposition &#8211; id\u00e9al pour une visite m\u00e9dicale.<\/p>\n","protected":false},"featured_media":2050,"comment_status":"open","ping_status":"closed","template":"","meta":[],"pwb-brand":[93],"product_cat":[245],"product_tag":[],"class_list":{"0":"post-2035","1":"product","2":"type-product","3":"status-publish","4":"has-post-thumbnail","6":"pwb-brand-beurer","7":"product_cat-tensiometres","8":"post","9":"ws-product--style-1","11":"first","12":"instock","13":"shipping-taxable","14":"purchasable","15":"product-type-simple"},"yoast_head":"<!-- This site is optimized with the Yoast SEO plugin v23.0 - https:\/\/yoast.com\/wordpress\/plugins\/seo\/ -->\n<title>Tensiom\u00e8tre au bras - Beurer - BM54 - OrthoPara<\/title>\n<meta name=\"robots\" content=\"index, follow, max-snippet:-1, max-image-preview:large, max-video-preview:-1\" \/>\n<link rel=\"canonical\" href=\"https:\/\/orthopara.store\/index.php\/produit\/tensiometre-au-bras-beurer-bm54\/\" \/>\n<meta property=\"og:locale\" content=\"fr_FR\" \/>\n<meta property=\"og:type\" content=\"article\" \/>\n<meta property=\"og:title\" content=\"Tensiom\u00e8tre au bras - Beurer - BM54 - OrthoPara\" \/>\n<meta property=\"og:description\" content=\"Beurer\u00a0 Avec le tensiom\u00e8tre pour bras, vos valeurs de mesure peuvent \u00eatre transf\u00e9r\u00e9es \u00e0 votre smartphone par Bluetooth\u00ae. Avec l\u2019application \u00ab beurer HealthManager Pro \u00bb, vous avez toujours vos valeurs \u00e0 disposition - id\u00e9al pour une visite m\u00e9dicale.\" \/>\n<meta property=\"og:url\" content=\"https:\/\/orthopara.store\/index.php\/produit\/tensiometre-au-bras-beurer-bm54\/\" \/>\n<meta property=\"og:site_name\" content=\"OrthoPara\" \/>\n<meta property=\"article:publisher\" content=\"https:\/\/www.facebook.com\/profile.php?id=61561194315651\" \/>\n<meta property=\"article:modified_time\" content=\"2024-06-28T13:56:39+00:00\" \/>\n<meta property=\"og:image\" content=\"https:\/\/orthopara.store\/wp-content\/uploads\/2024\/06\/tensiometre-au-bras-beurer-bm54.jpg\" \/>\n\t<meta property=\"og:image:width\" content=\"800\" \/>\n\t<meta property=\"og:image:height\" content=\"800\" \/>\n\t<meta property=\"og:image:type\" content=\"image\/jpeg\" \/>\n<meta name=\"twitter:card\" content=\"summary_large_image\" \/>\n<meta name=\"twitter:label1\" content=\"Dur\u00e9e de lecture estim\u00e9e\" \/>\n\t<meta name=\"twitter:data1\" content=\"1 minute\" \/>\n<script type=\"application\/ld+json\" class=\"yoast-schema-graph\">{\"@context\":\"https:\/\/schema.org\",\"@graph\":[{\"@type\":\"WebPage\",\"@id\":\"https:\/\/orthopara.store\/index.php\/produit\/tensiometre-au-bras-beurer-bm54\/\",\"url\":\"https:\/\/orthopara.store\/index.php\/produit\/tensiometre-au-bras-beurer-bm54\/\",\"name\":\"Tensiom\u00e8tre au bras - Beurer - BM54 - OrthoPara\",\"isPartOf\":{\"@id\":\"https:\/\/orthopara.store\/#website\"},\"primaryImageOfPage\":{\"@id\":\"https:\/\/orthopara.store\/index.php\/produit\/tensiometre-au-bras-beurer-bm54\/#primaryimage\"},\"image\":{\"@id\":\"https:\/\/orthopara.store\/index.php\/produit\/tensiometre-au-bras-beurer-bm54\/#primaryimage\"},\"thumbnailUrl\":\"https:\/\/orthopara.store\/wp-content\/uploads\/2024\/06\/tensiometre-au-bras-beurer-bm54.jpg\",\"datePublished\":\"2024-06-28T13:56:37+00:00\",\"dateModified\":\"2024-06-28T13:56:39+00:00\",\"breadcrumb\":{\"@id\":\"https:\/\/orthopara.store\/index.php\/produit\/tensiometre-au-bras-beurer-bm54\/#breadcrumb\"},\"inLanguage\":\"fr-FR\",\"potentialAction\":[{\"@type\":\"ReadAction\",\"target\":[\"https:\/\/orthopara.store\/index.php\/produit\/tensiometre-au-bras-beurer-bm54\/\"]}]},{\"@type\":\"ImageObject\",\"inLanguage\":\"fr-FR\",\"@id\":\"https:\/\/orthopara.store\/index.php\/produit\/tensiometre-au-bras-beurer-bm54\/#primaryimage\",\"url\":\"https:\/\/orthopara.store\/wp-content\/uploads\/2024\/06\/tensiometre-au-bras-beurer-bm54.jpg\",\"contentUrl\":\"https:\/\/orthopara.store\/wp-content\/uploads\/2024\/06\/tensiometre-au-bras-beurer-bm54.jpg\",\"width\":800,\"height\":800},{\"@type\":\"BreadcrumbList\",\"@id\":\"https:\/\/orthopara.store\/index.php\/produit\/tensiometre-au-bras-beurer-bm54\/#breadcrumb\",\"itemListElement\":[{\"@type\":\"ListItem\",\"position\":1,\"name\":\"Accueil\",\"item\":\"https:\/\/orthopara.store\/\"},{\"@type\":\"ListItem\",\"position\":2,\"name\":\"Shop\",\"item\":\"https:\/\/orthopara.store\/?page_id=622\"},{\"@type\":\"ListItem\",\"position\":3,\"name\":\"Tensiom\u00e8tre au bras &#8211; Beurer &#8211; BM54\"}]},{\"@type\":\"WebSite\",\"@id\":\"https:\/\/orthopara.store\/#website\",\"url\":\"https:\/\/orthopara.store\/\",\"name\":\"OrthoPara\",\"description\":\"Parapharmacie\",\"publisher\":{\"@id\":\"https:\/\/orthopara.store\/#organization\"},\"potentialAction\":[{\"@type\":\"SearchAction\",\"target\":{\"@type\":\"EntryPoint\",\"urlTemplate\":\"https:\/\/orthopara.store\/?s={search_term_string}\"},\"query-input\":\"required name=search_term_string\"}],\"inLanguage\":\"fr-FR\"},{\"@type\":\"Organization\",\"@id\":\"https:\/\/orthopara.store\/#organization\",\"name\":\"OrthoPara\",\"url\":\"https:\/\/orthopara.store\/\",\"logo\":{\"@type\":\"ImageObject\",\"inLanguage\":\"fr-FR\",\"@id\":\"https:\/\/orthopara.store\/#\/schema\/logo\/image\/\",\"url\":\"https:\/\/orthopara.store\/wp-content\/uploads\/2024\/06\/cropped-9ABA8BAD-6256-4719-9315-15C66E64E882.png\",\"contentUrl\":\"https:\/\/orthopara.store\/wp-content\/uploads\/2024\/06\/cropped-9ABA8BAD-6256-4719-9315-15C66E64E882.png\",\"width\":240,\"height\":72,\"caption\":\"OrthoPara\"},\"image\":{\"@id\":\"https:\/\/orthopara.store\/#\/schema\/logo\/image\/\"},\"sameAs\":[\"https:\/\/www.facebook.com\/profile.php?id=61561194315651\",\"https:\/\/www.instagram.com\/orthopara_tunisie\/\"]}]}<\/script>\n<!-- \/ Yoast SEO plugin. -->","yoast_head_json":{"title":"Tensiom\u00e8tre au bras - Beurer - BM54 - OrthoPara","robots":{"index":"index","follow":"follow","max-snippet":"max-snippet:-1","max-image-preview":"max-image-preview:large","max-video-preview":"max-video-preview:-1"},"canonical":"https:\/\/orthopara.store\/index.php\/produit\/tensiometre-au-bras-beurer-bm54\/","og_locale":"fr_FR","og_type":"article","og_title":"Tensiom\u00e8tre au bras - Beurer - BM54 - OrthoPara","og_description":"Beurer\u00a0 Avec le tensiom\u00e8tre pour bras, vos valeurs de mesure peuvent \u00eatre transf\u00e9r\u00e9es \u00e0 votre smartphone par Bluetooth\u00ae. Avec l\u2019application \u00ab beurer HealthManager Pro \u00bb, vous avez toujours vos valeurs \u00e0 disposition - id\u00e9al pour une visite m\u00e9dicale.","og_url":"https:\/\/orthopara.store\/index.php\/produit\/tensiometre-au-bras-beurer-bm54\/","og_site_name":"OrthoPara","article_publisher":"https:\/\/www.facebook.com\/profile.php?id=61561194315651","article_modified_time":"2024-06-28T13:56:39+00:00","og_image":[{"width":800,"height":800,"url":"https:\/\/orthopara.store\/wp-content\/uploads\/2024\/06\/tensiometre-au-bras-beurer-bm54.jpg","type":"image\/jpeg"}],"twitter_card":"summary_large_image","twitter_misc":{"Dur\u00e9e de lecture estim\u00e9e":"1 minute"},"schema":{"@context":"https:\/\/schema.org","@graph":[{"@type":"WebPage","@id":"https:\/\/orthopara.store\/index.php\/produit\/tensiometre-au-bras-beurer-bm54\/","url":"https:\/\/orthopara.store\/index.php\/produit\/tensiometre-au-bras-beurer-bm54\/","name":"Tensiom\u00e8tre au bras - Beurer - BM54 - OrthoPara","isPartOf":{"@id":"https:\/\/orthopara.store\/#website"},"primaryImageOfPage":{"@id":"https:\/\/orthopara.store\/index.php\/produit\/tensiometre-au-bras-beurer-bm54\/#primaryimage"},"image":{"@id":"https:\/\/orthopara.store\/index.php\/produit\/tensiometre-au-bras-beurer-bm54\/#primaryimage"},"thumbnailUrl":"https:\/\/orthopara.store\/wp-content\/uploads\/2024\/06\/tensiometre-au-bras-beurer-bm54.jpg","datePublished":"2024-06-28T13:56:37+00:00","dateModified":"2024-06-28T13:56:39+00:00","breadcrumb":{"@id":"https:\/\/orthopara.store\/index.php\/produit\/tensiometre-au-bras-beurer-bm54\/#breadcrumb"},"inLanguage":"fr-FR","potentialAction":[{"@type":"ReadAction","target":["https:\/\/orthopara.store\/index.php\/produit\/tensiometre-au-bras-beurer-bm54\/"]}]},{"@type":"ImageObject","inLanguage":"fr-FR","@id":"https:\/\/orthopara.store\/index.php\/produit\/tensiometre-au-bras-beurer-bm54\/#primaryimage","url":"https:\/\/orthopara.store\/wp-content\/uploads\/2024\/06\/tensiometre-au-bras-beurer-bm54.jpg","contentUrl":"https:\/\/orthopara.store\/wp-content\/uploads\/2024\/06\/tensiometre-au-bras-beurer-bm54.jpg","width":800,"height":800},{"@type":"BreadcrumbList","@id":"https:\/\/orthopara.store\/index.php\/produit\/tensiometre-au-bras-beurer-bm54\/#breadcrumb","itemListElement":[{"@type":"ListItem","position":1,"name":"Accueil","item":"https:\/\/orthopara.store\/"},{"@type":"ListItem","position":2,"name":"Shop","item":"https:\/\/orthopara.store\/?page_id=622"},{"@type":"ListItem","position":3,"name":"Tensiom\u00e8tre au bras &#8211; Beurer &#8211; BM54"}]},{"@type":"WebSite","@id":"https:\/\/orthopara.store\/#website","url":"https:\/\/orthopara.store\/","name":"OrthoPara","description":"Parapharmacie","publisher":{"@id":"https:\/\/orthopara.store\/#organization"},"potentialAction":[{"@type":"SearchAction","target":{"@type":"EntryPoint","urlTemplate":"https:\/\/orthopara.store\/?s={search_term_string}"},"query-input":"required name=search_term_string"}],"inLanguage":"fr-FR"},{"@type":"Organization","@id":"https:\/\/orthopara.store\/#organization","name":"OrthoPara","url":"https:\/\/orthopara.store\/","logo":{"@type":"ImageObject","inLanguage":"fr-FR","@id":"https:\/\/orthopara.store\/#\/schema\/logo\/image\/","url":"https:\/\/orthopara.store\/wp-content\/uploads\/2024\/06\/cropped-9ABA8BAD-6256-4719-9315-15C66E64E882.png","contentUrl":"https:\/\/orthopara.store\/wp-content\/uploads\/2024\/06\/cropped-9ABA8BAD-6256-4719-9315-15C66E64E882.png","width":240,"height":72,"caption":"OrthoPara"},"image":{"@id":"https:\/\/orthopara.store\/#\/schema\/logo\/image\/"},"sameAs":["https:\/\/www.facebook.com\/profile.php?id=61561194315651","https:\/\/www.instagram.com\/orthopara_tunisie\/"]}]}},"jetpack_sharing_enabled":true,"brands":[{"id":93,"name":"Beurer","slug":"beurer"}],"_links":{"self":[{"href":"https:\/\/orthopara.store\/index.php?rest_route=\/wp\/v2\/product\/2035","targetHints":{"allow":["GET"]}}],"collection":[{"href":"https:\/\/orthopara.store\/index.php?rest_route=\/wp\/v2\/product"}],"about":[{"href":"https:\/\/orthopara.store\/index.php?rest_route=\/wp\/v2\/types\/product"}],"replies":[{"embeddable":true,"href":"https:\/\/orthopara.store\/index.php?rest_route=%2Fwp%2Fv2%2Fcomments&post=2035"}],"wp:featuredmedia":[{"embeddable":true,"href":"https:\/\/orthopara.store\/index.php?rest_route=\/wp\/v2\/media\/2050"}],"wp:attachment":[{"href":"https:\/\/orthopara.store\/index.php?rest_route=%2Fwp%2Fv2%2Fmedia&parent=2035"}],"wp:term":[{"taxonomy":"pwb-brand","embeddable":true,"href":"https:\/\/orthopara.store\/index.php?rest_route=%2Fwp%2Fv2%2Fpwb-brand&post=2035"},{"taxonomy":"product_cat","embeddable":true,"href":"https:\/\/orthopara.store\/index.php?rest_route=%2Fwp%2Fv2%2Fproduct_cat&post=2035"},{"taxonomy":"product_tag","embeddable":true,"href":"https:\/\/orthopara.store\/index.php?rest_route=%2Fwp%2Fv2%2Fproduct_tag&post=2035"}],"curies":[{"name":"wp","href":"https:\/\/api.w.org\/{rel}","templated":true}]}}