{"id":2036,"date":"2024-06-28T15:56:37","date_gmt":"2024-06-28T13:56:37","guid":{"rendered":"https:\/\/orthopara.store\/?post_type=product&#038;p=2036"},"modified":"2024-06-28T15:56:40","modified_gmt":"2024-06-28T13:56:40","slug":"tensiometre-electronique-au-bras-rossmax-x5","status":"publish","type":"product","link":"https:\/\/orthopara.store\/?product=tensiometre-electronique-au-bras-rossmax-x5","title":{"rendered":"Tensiom\u00e8tre \u00e9lectronique Au Bras &#8211; Rossmax X5"},"content":{"rendered":"<p>Tensiom\u00e8tre \u00e9lectronique Au Bras &#8211; Rossmax X5\u00a0<br \/>\nPr\u00e9venir le risque de cardiopathie et d&rsquo;accident vasculaire c\u00e9r\u00e9bral en d\u00e9tectant rapidement la fibrillation auriculaire, la contraction pr\u00e9matur\u00e9e, la tachycardie et la bradycardie. Les troubles cardiaques ont des soins m\u00e9dicaux et, par cons\u00e9quent, le diagnostic pr\u00e9coce est d&rsquo;une importance primordiale. La technologie PARR d\u00e9tecte l&rsquo;arythmie lors des controles r\u00e9guliers de la pression art\u00e9rielle sans aucune comp\u00e9tence suppl\u00e9mentaire, interaction de l&rsquo;utilisateur et prolongation de la mesure.<br \/>\nPropri\u00e9t\u00e9s :\u00a0<br \/>\nD\u00e9tection des arythmies (ARR)<br \/>\nD\u00e9tection de la fibrillation auriculaire (AFib)<br \/>\nD\u00e9tection de Contraction pr\u00e9matur\u00e9e (PC)<br \/>\nD\u00e9tection de mouvement<br \/>\nD\u00e9tection du brassard<br \/>\nIndication des risques d&rsquo;hypertension<br \/>\nMoyenne des 3 derni\u00e8res lectures<br \/>\n7 jours AM\/PM Moyenne<br \/>\n120 pour 2 utilisateurs m\u00e9moires avec date et heure<br \/>\nMode invit\u00e9<br \/>\nBrassard conique universel brevet\u00e9 sans latex<br \/>\nPorte Brassard<br \/>\nLCD Grande taille | 69 x 78 mm<br \/>\nPrise d&rsquo;adaptateur<br \/>\nCalibrage \u00e0 vie<\/p>\n","protected":false},"excerpt":{"rendered":"<p>Tensiom\u00e8tre automatique Rossmax X5\u00a0<br \/>\nPr\u00e9venir le risque des maladies cardio-vasculaires et accidents vasculaires c\u00e9r\u00e9braux gr\u00e2ce a la d\u00e9tection pr\u00e9coce de la fibrillation auriculaire et les contractions pr\u00e9matur\u00e9es.<br \/>\nD\u00e9tection du brassard<br \/>\nD\u00e9tecteur de mouvement<br \/>\n120 m\u00e9moires pour 2 utilisateurs avec indication de la date et de l&rsquo;heure<br \/>\nDesign du support de brassard<\/p>\n<p>Contenu du coffret :<br \/>\n1 x Tensiom\u00e8tre \u00ab\u00a0Parr\u00a0\u00bb Automatique<\/p>\n","protected":false},"featured_media":2051,"comment_status":"open","ping_status":"closed","template":"","meta":[],"pwb-brand":[246],"product_cat":[245],"product_tag":[],"class_list":{"0":"post-2036","1":"product","2":"type-product","3":"status-publish","4":"has-post-thumbnail","6":"pwb-brand-rossmax","7":"product_cat-tensiometres","8":"post","9":"ws-product--style-1","11":"first","12":"instock","13":"shipping-taxable","14":"purchasable","15":"product-type-simple"},"yoast_head":"<!-- This site is optimized with the Yoast SEO plugin v23.0 - https:\/\/yoast.com\/wordpress\/plugins\/seo\/ -->\n<title>Tensiom\u00e8tre \u00e9lectronique Au Bras - Rossmax X5 - OrthoPara<\/title>\n<meta name=\"robots\" content=\"index, follow, max-snippet:-1, max-image-preview:large, max-video-preview:-1\" \/>\n<link rel=\"canonical\" href=\"https:\/\/orthopara.store\/index.php\/produit\/tensiometre-electronique-au-bras-rossmax-x5\/\" \/>\n<meta property=\"og:locale\" content=\"fr_FR\" \/>\n<meta property=\"og:type\" content=\"article\" \/>\n<meta property=\"og:title\" content=\"Tensiom\u00e8tre \u00e9lectronique Au Bras - Rossmax X5 - OrthoPara\" \/>\n<meta property=\"og:description\" content=\"Tensiom\u00e8tre automatique Rossmax X5\u00a0 Pr\u00e9venir le risque des maladies cardio-vasculaires et accidents vasculaires c\u00e9r\u00e9braux gr\u00e2ce a la d\u00e9tection pr\u00e9coce de la fibrillation auriculaire et les contractions pr\u00e9matur\u00e9es. D\u00e9tection du brassard D\u00e9tecteur de mouvement 120 m\u00e9moires pour 2 utilisateurs avec indication de la date et de l&#039;heure Design du support de brassard Contenu du coffret : 1 x Tensiom\u00e8tre &quot;Parr&quot; Automatique\" \/>\n<meta property=\"og:url\" content=\"https:\/\/orthopara.store\/index.php\/produit\/tensiometre-electronique-au-bras-rossmax-x5\/\" \/>\n<meta property=\"og:site_name\" content=\"OrthoPara\" \/>\n<meta property=\"article:publisher\" content=\"https:\/\/www.facebook.com\/profile.php?id=61561194315651\" \/>\n<meta property=\"article:modified_time\" content=\"2024-06-28T13:56:40+00:00\" \/>\n<meta property=\"og:image\" content=\"https:\/\/orthopara.store\/wp-content\/uploads\/2024\/06\/tensiometre-electronique-au-bras-rossmax-x5.jpg\" \/>\n\t<meta property=\"og:image:width\" content=\"800\" \/>\n\t<meta property=\"og:image:height\" content=\"800\" \/>\n\t<meta property=\"og:image:type\" content=\"image\/jpeg\" \/>\n<meta name=\"twitter:card\" content=\"summary_large_image\" \/>\n<meta name=\"twitter:label1\" content=\"Dur\u00e9e de lecture estim\u00e9e\" \/>\n\t<meta name=\"twitter:data1\" content=\"1 minute\" \/>\n<script type=\"application\/ld+json\" class=\"yoast-schema-graph\">{\"@context\":\"https:\/\/schema.org\",\"@graph\":[{\"@type\":\"WebPage\",\"@id\":\"https:\/\/orthopara.store\/index.php\/produit\/tensiometre-electronique-au-bras-rossmax-x5\/\",\"url\":\"https:\/\/orthopara.store\/index.php\/produit\/tensiometre-electronique-au-bras-rossmax-x5\/\",\"name\":\"Tensiom\u00e8tre \u00e9lectronique Au Bras - Rossmax X5 - OrthoPara\",\"isPartOf\":{\"@id\":\"https:\/\/orthopara.store\/#website\"},\"primaryImageOfPage\":{\"@id\":\"https:\/\/orthopara.store\/index.php\/produit\/tensiometre-electronique-au-bras-rossmax-x5\/#primaryimage\"},\"image\":{\"@id\":\"https:\/\/orthopara.store\/index.php\/produit\/tensiometre-electronique-au-bras-rossmax-x5\/#primaryimage\"},\"thumbnailUrl\":\"https:\/\/orthopara.store\/wp-content\/uploads\/2024\/06\/tensiometre-electronique-au-bras-rossmax-x5.jpg\",\"datePublished\":\"2024-06-28T13:56:37+00:00\",\"dateModified\":\"2024-06-28T13:56:40+00:00\",\"breadcrumb\":{\"@id\":\"https:\/\/orthopara.store\/index.php\/produit\/tensiometre-electronique-au-bras-rossmax-x5\/#breadcrumb\"},\"inLanguage\":\"fr-FR\",\"potentialAction\":[{\"@type\":\"ReadAction\",\"target\":[\"https:\/\/orthopara.store\/index.php\/produit\/tensiometre-electronique-au-bras-rossmax-x5\/\"]}]},{\"@type\":\"ImageObject\",\"inLanguage\":\"fr-FR\",\"@id\":\"https:\/\/orthopara.store\/index.php\/produit\/tensiometre-electronique-au-bras-rossmax-x5\/#primaryimage\",\"url\":\"https:\/\/orthopara.store\/wp-content\/uploads\/2024\/06\/tensiometre-electronique-au-bras-rossmax-x5.jpg\",\"contentUrl\":\"https:\/\/orthopara.store\/wp-content\/uploads\/2024\/06\/tensiometre-electronique-au-bras-rossmax-x5.jpg\",\"width\":800,\"height\":800},{\"@type\":\"BreadcrumbList\",\"@id\":\"https:\/\/orthopara.store\/index.php\/produit\/tensiometre-electronique-au-bras-rossmax-x5\/#breadcrumb\",\"itemListElement\":[{\"@type\":\"ListItem\",\"position\":1,\"name\":\"Accueil\",\"item\":\"https:\/\/orthopara.store\/\"},{\"@type\":\"ListItem\",\"position\":2,\"name\":\"Shop\",\"item\":\"https:\/\/orthopara.store\/?page_id=622\"},{\"@type\":\"ListItem\",\"position\":3,\"name\":\"Tensiom\u00e8tre \u00e9lectronique Au Bras &#8211; Rossmax X5\"}]},{\"@type\":\"WebSite\",\"@id\":\"https:\/\/orthopara.store\/#website\",\"url\":\"https:\/\/orthopara.store\/\",\"name\":\"OrthoPara\",\"description\":\"Parapharmacie\",\"publisher\":{\"@id\":\"https:\/\/orthopara.store\/#organization\"},\"potentialAction\":[{\"@type\":\"SearchAction\",\"target\":{\"@type\":\"EntryPoint\",\"urlTemplate\":\"https:\/\/orthopara.store\/?s={search_term_string}\"},\"query-input\":\"required name=search_term_string\"}],\"inLanguage\":\"fr-FR\"},{\"@type\":\"Organization\",\"@id\":\"https:\/\/orthopara.store\/#organization\",\"name\":\"OrthoPara\",\"url\":\"https:\/\/orthopara.store\/\",\"logo\":{\"@type\":\"ImageObject\",\"inLanguage\":\"fr-FR\",\"@id\":\"https:\/\/orthopara.store\/#\/schema\/logo\/image\/\",\"url\":\"https:\/\/orthopara.store\/wp-content\/uploads\/2024\/06\/cropped-9ABA8BAD-6256-4719-9315-15C66E64E882.png\",\"contentUrl\":\"https:\/\/orthopara.store\/wp-content\/uploads\/2024\/06\/cropped-9ABA8BAD-6256-4719-9315-15C66E64E882.png\",\"width\":240,\"height\":72,\"caption\":\"OrthoPara\"},\"image\":{\"@id\":\"https:\/\/orthopara.store\/#\/schema\/logo\/image\/\"},\"sameAs\":[\"https:\/\/www.facebook.com\/profile.php?id=61561194315651\",\"https:\/\/www.instagram.com\/orthopara_tunisie\/\"]}]}<\/script>\n<!-- \/ Yoast SEO plugin. -->","yoast_head_json":{"title":"Tensiom\u00e8tre \u00e9lectronique Au Bras - Rossmax X5 - OrthoPara","robots":{"index":"index","follow":"follow","max-snippet":"max-snippet:-1","max-image-preview":"max-image-preview:large","max-video-preview":"max-video-preview:-1"},"canonical":"https:\/\/orthopara.store\/index.php\/produit\/tensiometre-electronique-au-bras-rossmax-x5\/","og_locale":"fr_FR","og_type":"article","og_title":"Tensiom\u00e8tre \u00e9lectronique Au Bras - Rossmax X5 - OrthoPara","og_description":"Tensiom\u00e8tre automatique Rossmax X5\u00a0 Pr\u00e9venir le risque des maladies cardio-vasculaires et accidents vasculaires c\u00e9r\u00e9braux gr\u00e2ce a la d\u00e9tection pr\u00e9coce de la fibrillation auriculaire et les contractions pr\u00e9matur\u00e9es. D\u00e9tection du brassard D\u00e9tecteur de mouvement 120 m\u00e9moires pour 2 utilisateurs avec indication de la date et de l'heure Design du support de brassard Contenu du coffret : 1 x Tensiom\u00e8tre \"Parr\" Automatique","og_url":"https:\/\/orthopara.store\/index.php\/produit\/tensiometre-electronique-au-bras-rossmax-x5\/","og_site_name":"OrthoPara","article_publisher":"https:\/\/www.facebook.com\/profile.php?id=61561194315651","article_modified_time":"2024-06-28T13:56:40+00:00","og_image":[{"width":800,"height":800,"url":"https:\/\/orthopara.store\/wp-content\/uploads\/2024\/06\/tensiometre-electronique-au-bras-rossmax-x5.jpg","type":"image\/jpeg"}],"twitter_card":"summary_large_image","twitter_misc":{"Dur\u00e9e de lecture estim\u00e9e":"1 minute"},"schema":{"@context":"https:\/\/schema.org","@graph":[{"@type":"WebPage","@id":"https:\/\/orthopara.store\/index.php\/produit\/tensiometre-electronique-au-bras-rossmax-x5\/","url":"https:\/\/orthopara.store\/index.php\/produit\/tensiometre-electronique-au-bras-rossmax-x5\/","name":"Tensiom\u00e8tre \u00e9lectronique Au Bras - Rossmax X5 - OrthoPara","isPartOf":{"@id":"https:\/\/orthopara.store\/#website"},"primaryImageOfPage":{"@id":"https:\/\/orthopara.store\/index.php\/produit\/tensiometre-electronique-au-bras-rossmax-x5\/#primaryimage"},"image":{"@id":"https:\/\/orthopara.store\/index.php\/produit\/tensiometre-electronique-au-bras-rossmax-x5\/#primaryimage"},"thumbnailUrl":"https:\/\/orthopara.store\/wp-content\/uploads\/2024\/06\/tensiometre-electronique-au-bras-rossmax-x5.jpg","datePublished":"2024-06-28T13:56:37+00:00","dateModified":"2024-06-28T13:56:40+00:00","breadcrumb":{"@id":"https:\/\/orthopara.store\/index.php\/produit\/tensiometre-electronique-au-bras-rossmax-x5\/#breadcrumb"},"inLanguage":"fr-FR","potentialAction":[{"@type":"ReadAction","target":["https:\/\/orthopara.store\/index.php\/produit\/tensiometre-electronique-au-bras-rossmax-x5\/"]}]},{"@type":"ImageObject","inLanguage":"fr-FR","@id":"https:\/\/orthopara.store\/index.php\/produit\/tensiometre-electronique-au-bras-rossmax-x5\/#primaryimage","url":"https:\/\/orthopara.store\/wp-content\/uploads\/2024\/06\/tensiometre-electronique-au-bras-rossmax-x5.jpg","contentUrl":"https:\/\/orthopara.store\/wp-content\/uploads\/2024\/06\/tensiometre-electronique-au-bras-rossmax-x5.jpg","width":800,"height":800},{"@type":"BreadcrumbList","@id":"https:\/\/orthopara.store\/index.php\/produit\/tensiometre-electronique-au-bras-rossmax-x5\/#breadcrumb","itemListElement":[{"@type":"ListItem","position":1,"name":"Accueil","item":"https:\/\/orthopara.store\/"},{"@type":"ListItem","position":2,"name":"Shop","item":"https:\/\/orthopara.store\/?page_id=622"},{"@type":"ListItem","position":3,"name":"Tensiom\u00e8tre \u00e9lectronique Au Bras &#8211; Rossmax X5"}]},{"@type":"WebSite","@id":"https:\/\/orthopara.store\/#website","url":"https:\/\/orthopara.store\/","name":"OrthoPara","description":"Parapharmacie","publisher":{"@id":"https:\/\/orthopara.store\/#organization"},"potentialAction":[{"@type":"SearchAction","target":{"@type":"EntryPoint","urlTemplate":"https:\/\/orthopara.store\/?s={search_term_string}"},"query-input":"required name=search_term_string"}],"inLanguage":"fr-FR"},{"@type":"Organization","@id":"https:\/\/orthopara.store\/#organization","name":"OrthoPara","url":"https:\/\/orthopara.store\/","logo":{"@type":"ImageObject","inLanguage":"fr-FR","@id":"https:\/\/orthopara.store\/#\/schema\/logo\/image\/","url":"https:\/\/orthopara.store\/wp-content\/uploads\/2024\/06\/cropped-9ABA8BAD-6256-4719-9315-15C66E64E882.png","contentUrl":"https:\/\/orthopara.store\/wp-content\/uploads\/2024\/06\/cropped-9ABA8BAD-6256-4719-9315-15C66E64E882.png","width":240,"height":72,"caption":"OrthoPara"},"image":{"@id":"https:\/\/orthopara.store\/#\/schema\/logo\/image\/"},"sameAs":["https:\/\/www.facebook.com\/profile.php?id=61561194315651","https:\/\/www.instagram.com\/orthopara_tunisie\/"]}]}},"jetpack_sharing_enabled":true,"brands":[{"id":246,"name":"ROSSMAX","slug":"rossmax"}],"_links":{"self":[{"href":"https:\/\/orthopara.store\/index.php?rest_route=\/wp\/v2\/product\/2036","targetHints":{"allow":["GET"]}}],"collection":[{"href":"https:\/\/orthopara.store\/index.php?rest_route=\/wp\/v2\/product"}],"about":[{"href":"https:\/\/orthopara.store\/index.php?rest_route=\/wp\/v2\/types\/product"}],"replies":[{"embeddable":true,"href":"https:\/\/orthopara.store\/index.php?rest_route=%2Fwp%2Fv2%2Fcomments&post=2036"}],"wp:featuredmedia":[{"embeddable":true,"href":"https:\/\/orthopara.store\/index.php?rest_route=\/wp\/v2\/media\/2051"}],"wp:attachment":[{"href":"https:\/\/orthopara.store\/index.php?rest_route=%2Fwp%2Fv2%2Fmedia&parent=2036"}],"wp:term":[{"taxonomy":"pwb-brand","embeddable":true,"href":"https:\/\/orthopara.store\/index.php?rest_route=%2Fwp%2Fv2%2Fpwb-brand&post=2036"},{"taxonomy":"product_cat","embeddable":true,"href":"https:\/\/orthopara.store\/index.php?rest_route=%2Fwp%2Fv2%2Fproduct_cat&post=2036"},{"taxonomy":"product_tag","embeddable":true,"href":"https:\/\/orthopara.store\/index.php?rest_route=%2Fwp%2Fv2%2Fproduct_tag&post=2036"}],"curies":[{"name":"wp","href":"https:\/\/api.w.org\/{rel}","templated":true}]}}