{"id":2037,"date":"2024-06-28T15:56:37","date_gmt":"2024-06-28T13:56:37","guid":{"rendered":"https:\/\/orthopara.store\/?post_type=product&#038;p=2037"},"modified":"2024-06-28T15:56:40","modified_gmt":"2024-06-28T13:56:40","slug":"stethoscope-spengler-dual-pulse","status":"publish","type":"product","link":"https:\/\/orthopara.store\/?product=stethoscope-spengler-dual-pulse","title":{"rendered":"St\u00e9thoscope &#8211; Spengler Dual Pulse"},"content":{"rendered":"<p>St\u00e9thoscope &#8211; Spengler Dual Pulse<br \/>\nLe st\u00e9thoscope Spengler Dual Pulse est con\u00e7u pour r\u00e9pondre \u00e0 des objectifs de :<br \/>\nDe praticit\u00e9<br \/>\nDe mobilit\u00e9<br \/>\nDe performance\u00a0 \u00a0 \u00a0\u00a0<br \/>\nPour l\u2019auscultation rapide et la prise de tension.<br \/>\nLes st\u00e9thoscopes dual pulse sont destin\u00e9es aux professionnels mobiles comme les infirmiers, kin\u00e9s, urgentistes.<br \/>\nLes st\u00e9thoscopes dual pulse disposent d\u2019un pavillon en alliage de zinc pour une meilleure optimisation du poids pour tous ceux et celles qui bougent et qui veulent allier fiabilit\u00e9 et l\u00e9g\u00e8ret\u00e9 au quotidien. Elles permettent un diagnostic pr\u00e9cis gr\u00e2ce\u00a0 \u00e0 une tubulure haute-fid\u00e9lit\u00e9 et \u00e0 un pavillon muni d\u2019une membrane haute r\u00e9solution. Un compagnon tr\u00e8s fid\u00e8le pour un diagnostic tout terrain !<br \/>\nPoids plume pour un maxi confort<br \/>\nUn pavillon con\u00e7u en aluminium, pour \u00eatre l\u00e9ger, confortable au quotidien, mais toujours au top de la pr\u00e9cision Spengler. Le pavillon PULSE est dot\u00e9 d\u2019une bague anti-froid pour le confort du patient, et il est reli\u00e9 \u00e0 une tubulure simple avec un conduit haute performance. Les embouts auriculaires et les lyres en aluminium sont ergonomiques. Car chaque d\u00e9tail apporte performance et confort au quotidien.<br \/>\nLes st\u00e9thoscopes Spengler dual pulse sont disponibles en plusieurs couleurs et livr\u00e9s avec une membrane et des bouchons d\u2019oreilles de rechange.<\/p>\n","protected":false},"excerpt":{"rendered":"<p>Spengler Dual Pulse<br \/>\nLe st\u00e9thoscope Spengler Dual Pulse est con\u00e7u pour r\u00e9pondre \u00e0 des objectifs de :<br \/>\nDe praticit\u00e9<br \/>\nDe mobilit\u00e9<br \/>\nDe performance\u00a0 \u00a0 \u00a0\u00a0<br \/>\nPour l\u2019auscultation rapide et la prise de tension.<br \/>\nLes st\u00e9thoscopes Spengler dual pulse sont disponibles en plusieurs couleurs et livr\u00e9s avec une membrane et des bouchons d\u2019oreilles de rechange.<\/p>\n<p>Couleurs disponibles : rouge, bleu marine, gris<\/p>\n","protected":false},"featured_media":2052,"comment_status":"open","ping_status":"closed","template":"","meta":[],"pwb-brand":[248],"product_cat":[245],"product_tag":[],"class_list":{"0":"post-2037","1":"product","2":"type-product","3":"status-publish","4":"has-post-thumbnail","6":"pwb-brand-spengler","7":"product_cat-tensiometres","8":"post","9":"ws-product--style-1","11":"first","12":"instock","13":"shipping-taxable","14":"purchasable","15":"product-type-simple"},"yoast_head":"<!-- This site is optimized with the Yoast SEO plugin v23.0 - https:\/\/yoast.com\/wordpress\/plugins\/seo\/ -->\n<title>St\u00e9thoscope - Spengler Dual Pulse - OrthoPara<\/title>\n<meta name=\"robots\" content=\"index, follow, max-snippet:-1, max-image-preview:large, max-video-preview:-1\" \/>\n<link rel=\"canonical\" href=\"https:\/\/orthopara.store\/index.php\/produit\/stethoscope-spengler-dual-pulse\/\" \/>\n<meta property=\"og:locale\" content=\"fr_FR\" \/>\n<meta property=\"og:type\" content=\"article\" \/>\n<meta property=\"og:title\" content=\"St\u00e9thoscope - Spengler Dual Pulse - OrthoPara\" \/>\n<meta property=\"og:description\" content=\"Spengler Dual Pulse Le st\u00e9thoscope Spengler Dual Pulse est con\u00e7u pour r\u00e9pondre \u00e0 des objectifs de : De praticit\u00e9 De mobilit\u00e9 De performance\u00a0 \u00a0 \u00a0\u00a0 Pour l\u2019auscultation rapide et la prise de tension. Les st\u00e9thoscopes Spengler dual pulse sont disponibles en plusieurs couleurs et livr\u00e9s avec une membrane et des bouchons d\u2019oreilles de rechange. Couleurs disponibles : rouge, bleu marine, gris\" \/>\n<meta property=\"og:url\" content=\"https:\/\/orthopara.store\/index.php\/produit\/stethoscope-spengler-dual-pulse\/\" \/>\n<meta property=\"og:site_name\" content=\"OrthoPara\" \/>\n<meta property=\"article:publisher\" content=\"https:\/\/www.facebook.com\/profile.php?id=61561194315651\" \/>\n<meta property=\"article:modified_time\" content=\"2024-06-28T13:56:40+00:00\" \/>\n<meta property=\"og:image\" content=\"https:\/\/orthopara.store\/wp-content\/uploads\/2024\/06\/spengler-stethoscope-dual-pulse-rouge.jpg\" \/>\n\t<meta property=\"og:image:width\" content=\"800\" \/>\n\t<meta property=\"og:image:height\" content=\"800\" \/>\n\t<meta property=\"og:image:type\" content=\"image\/jpeg\" \/>\n<meta name=\"twitter:card\" content=\"summary_large_image\" \/>\n<meta name=\"twitter:label1\" content=\"Dur\u00e9e de lecture estim\u00e9e\" \/>\n\t<meta name=\"twitter:data1\" content=\"1 minute\" \/>\n<script type=\"application\/ld+json\" class=\"yoast-schema-graph\">{\"@context\":\"https:\/\/schema.org\",\"@graph\":[{\"@type\":\"WebPage\",\"@id\":\"https:\/\/orthopara.store\/index.php\/produit\/stethoscope-spengler-dual-pulse\/\",\"url\":\"https:\/\/orthopara.store\/index.php\/produit\/stethoscope-spengler-dual-pulse\/\",\"name\":\"St\u00e9thoscope - Spengler Dual Pulse - OrthoPara\",\"isPartOf\":{\"@id\":\"https:\/\/orthopara.store\/#website\"},\"primaryImageOfPage\":{\"@id\":\"https:\/\/orthopara.store\/index.php\/produit\/stethoscope-spengler-dual-pulse\/#primaryimage\"},\"image\":{\"@id\":\"https:\/\/orthopara.store\/index.php\/produit\/stethoscope-spengler-dual-pulse\/#primaryimage\"},\"thumbnailUrl\":\"https:\/\/orthopara.store\/wp-content\/uploads\/2024\/06\/spengler-stethoscope-dual-pulse-rouge.jpg\",\"datePublished\":\"2024-06-28T13:56:37+00:00\",\"dateModified\":\"2024-06-28T13:56:40+00:00\",\"breadcrumb\":{\"@id\":\"https:\/\/orthopara.store\/index.php\/produit\/stethoscope-spengler-dual-pulse\/#breadcrumb\"},\"inLanguage\":\"fr-FR\",\"potentialAction\":[{\"@type\":\"ReadAction\",\"target\":[\"https:\/\/orthopara.store\/index.php\/produit\/stethoscope-spengler-dual-pulse\/\"]}]},{\"@type\":\"ImageObject\",\"inLanguage\":\"fr-FR\",\"@id\":\"https:\/\/orthopara.store\/index.php\/produit\/stethoscope-spengler-dual-pulse\/#primaryimage\",\"url\":\"https:\/\/orthopara.store\/wp-content\/uploads\/2024\/06\/spengler-stethoscope-dual-pulse-rouge.jpg\",\"contentUrl\":\"https:\/\/orthopara.store\/wp-content\/uploads\/2024\/06\/spengler-stethoscope-dual-pulse-rouge.jpg\",\"width\":800,\"height\":800},{\"@type\":\"BreadcrumbList\",\"@id\":\"https:\/\/orthopara.store\/index.php\/produit\/stethoscope-spengler-dual-pulse\/#breadcrumb\",\"itemListElement\":[{\"@type\":\"ListItem\",\"position\":1,\"name\":\"Accueil\",\"item\":\"https:\/\/orthopara.store\/\"},{\"@type\":\"ListItem\",\"position\":2,\"name\":\"Shop\",\"item\":\"https:\/\/orthopara.store\/?page_id=622\"},{\"@type\":\"ListItem\",\"position\":3,\"name\":\"St\u00e9thoscope &#8211; Spengler Dual Pulse\"}]},{\"@type\":\"WebSite\",\"@id\":\"https:\/\/orthopara.store\/#website\",\"url\":\"https:\/\/orthopara.store\/\",\"name\":\"OrthoPara\",\"description\":\"Parapharmacie\",\"publisher\":{\"@id\":\"https:\/\/orthopara.store\/#organization\"},\"potentialAction\":[{\"@type\":\"SearchAction\",\"target\":{\"@type\":\"EntryPoint\",\"urlTemplate\":\"https:\/\/orthopara.store\/?s={search_term_string}\"},\"query-input\":\"required name=search_term_string\"}],\"inLanguage\":\"fr-FR\"},{\"@type\":\"Organization\",\"@id\":\"https:\/\/orthopara.store\/#organization\",\"name\":\"OrthoPara\",\"url\":\"https:\/\/orthopara.store\/\",\"logo\":{\"@type\":\"ImageObject\",\"inLanguage\":\"fr-FR\",\"@id\":\"https:\/\/orthopara.store\/#\/schema\/logo\/image\/\",\"url\":\"https:\/\/orthopara.store\/wp-content\/uploads\/2024\/06\/cropped-9ABA8BAD-6256-4719-9315-15C66E64E882.png\",\"contentUrl\":\"https:\/\/orthopara.store\/wp-content\/uploads\/2024\/06\/cropped-9ABA8BAD-6256-4719-9315-15C66E64E882.png\",\"width\":240,\"height\":72,\"caption\":\"OrthoPara\"},\"image\":{\"@id\":\"https:\/\/orthopara.store\/#\/schema\/logo\/image\/\"},\"sameAs\":[\"https:\/\/www.facebook.com\/profile.php?id=61561194315651\",\"https:\/\/www.instagram.com\/orthopara_tunisie\/\"]}]}<\/script>\n<!-- \/ Yoast SEO plugin. -->","yoast_head_json":{"title":"St\u00e9thoscope - Spengler Dual Pulse - OrthoPara","robots":{"index":"index","follow":"follow","max-snippet":"max-snippet:-1","max-image-preview":"max-image-preview:large","max-video-preview":"max-video-preview:-1"},"canonical":"https:\/\/orthopara.store\/index.php\/produit\/stethoscope-spengler-dual-pulse\/","og_locale":"fr_FR","og_type":"article","og_title":"St\u00e9thoscope - Spengler Dual Pulse - OrthoPara","og_description":"Spengler Dual Pulse Le st\u00e9thoscope Spengler Dual Pulse est con\u00e7u pour r\u00e9pondre \u00e0 des objectifs de : De praticit\u00e9 De mobilit\u00e9 De performance\u00a0 \u00a0 \u00a0\u00a0 Pour l\u2019auscultation rapide et la prise de tension. Les st\u00e9thoscopes Spengler dual pulse sont disponibles en plusieurs couleurs et livr\u00e9s avec une membrane et des bouchons d\u2019oreilles de rechange. Couleurs disponibles : rouge, bleu marine, gris","og_url":"https:\/\/orthopara.store\/index.php\/produit\/stethoscope-spengler-dual-pulse\/","og_site_name":"OrthoPara","article_publisher":"https:\/\/www.facebook.com\/profile.php?id=61561194315651","article_modified_time":"2024-06-28T13:56:40+00:00","og_image":[{"width":800,"height":800,"url":"https:\/\/orthopara.store\/wp-content\/uploads\/2024\/06\/spengler-stethoscope-dual-pulse-rouge.jpg","type":"image\/jpeg"}],"twitter_card":"summary_large_image","twitter_misc":{"Dur\u00e9e de lecture estim\u00e9e":"1 minute"},"schema":{"@context":"https:\/\/schema.org","@graph":[{"@type":"WebPage","@id":"https:\/\/orthopara.store\/index.php\/produit\/stethoscope-spengler-dual-pulse\/","url":"https:\/\/orthopara.store\/index.php\/produit\/stethoscope-spengler-dual-pulse\/","name":"St\u00e9thoscope - Spengler Dual Pulse - OrthoPara","isPartOf":{"@id":"https:\/\/orthopara.store\/#website"},"primaryImageOfPage":{"@id":"https:\/\/orthopara.store\/index.php\/produit\/stethoscope-spengler-dual-pulse\/#primaryimage"},"image":{"@id":"https:\/\/orthopara.store\/index.php\/produit\/stethoscope-spengler-dual-pulse\/#primaryimage"},"thumbnailUrl":"https:\/\/orthopara.store\/wp-content\/uploads\/2024\/06\/spengler-stethoscope-dual-pulse-rouge.jpg","datePublished":"2024-06-28T13:56:37+00:00","dateModified":"2024-06-28T13:56:40+00:00","breadcrumb":{"@id":"https:\/\/orthopara.store\/index.php\/produit\/stethoscope-spengler-dual-pulse\/#breadcrumb"},"inLanguage":"fr-FR","potentialAction":[{"@type":"ReadAction","target":["https:\/\/orthopara.store\/index.php\/produit\/stethoscope-spengler-dual-pulse\/"]}]},{"@type":"ImageObject","inLanguage":"fr-FR","@id":"https:\/\/orthopara.store\/index.php\/produit\/stethoscope-spengler-dual-pulse\/#primaryimage","url":"https:\/\/orthopara.store\/wp-content\/uploads\/2024\/06\/spengler-stethoscope-dual-pulse-rouge.jpg","contentUrl":"https:\/\/orthopara.store\/wp-content\/uploads\/2024\/06\/spengler-stethoscope-dual-pulse-rouge.jpg","width":800,"height":800},{"@type":"BreadcrumbList","@id":"https:\/\/orthopara.store\/index.php\/produit\/stethoscope-spengler-dual-pulse\/#breadcrumb","itemListElement":[{"@type":"ListItem","position":1,"name":"Accueil","item":"https:\/\/orthopara.store\/"},{"@type":"ListItem","position":2,"name":"Shop","item":"https:\/\/orthopara.store\/?page_id=622"},{"@type":"ListItem","position":3,"name":"St\u00e9thoscope &#8211; Spengler Dual Pulse"}]},{"@type":"WebSite","@id":"https:\/\/orthopara.store\/#website","url":"https:\/\/orthopara.store\/","name":"OrthoPara","description":"Parapharmacie","publisher":{"@id":"https:\/\/orthopara.store\/#organization"},"potentialAction":[{"@type":"SearchAction","target":{"@type":"EntryPoint","urlTemplate":"https:\/\/orthopara.store\/?s={search_term_string}"},"query-input":"required name=search_term_string"}],"inLanguage":"fr-FR"},{"@type":"Organization","@id":"https:\/\/orthopara.store\/#organization","name":"OrthoPara","url":"https:\/\/orthopara.store\/","logo":{"@type":"ImageObject","inLanguage":"fr-FR","@id":"https:\/\/orthopara.store\/#\/schema\/logo\/image\/","url":"https:\/\/orthopara.store\/wp-content\/uploads\/2024\/06\/cropped-9ABA8BAD-6256-4719-9315-15C66E64E882.png","contentUrl":"https:\/\/orthopara.store\/wp-content\/uploads\/2024\/06\/cropped-9ABA8BAD-6256-4719-9315-15C66E64E882.png","width":240,"height":72,"caption":"OrthoPara"},"image":{"@id":"https:\/\/orthopara.store\/#\/schema\/logo\/image\/"},"sameAs":["https:\/\/www.facebook.com\/profile.php?id=61561194315651","https:\/\/www.instagram.com\/orthopara_tunisie\/"]}]}},"jetpack_sharing_enabled":true,"brands":[{"id":248,"name":"SPENGLER","slug":"spengler"}],"_links":{"self":[{"href":"https:\/\/orthopara.store\/index.php?rest_route=\/wp\/v2\/product\/2037","targetHints":{"allow":["GET"]}}],"collection":[{"href":"https:\/\/orthopara.store\/index.php?rest_route=\/wp\/v2\/product"}],"about":[{"href":"https:\/\/orthopara.store\/index.php?rest_route=\/wp\/v2\/types\/product"}],"replies":[{"embeddable":true,"href":"https:\/\/orthopara.store\/index.php?rest_route=%2Fwp%2Fv2%2Fcomments&post=2037"}],"wp:featuredmedia":[{"embeddable":true,"href":"https:\/\/orthopara.store\/index.php?rest_route=\/wp\/v2\/media\/2052"}],"wp:attachment":[{"href":"https:\/\/orthopara.store\/index.php?rest_route=%2Fwp%2Fv2%2Fmedia&parent=2037"}],"wp:term":[{"taxonomy":"pwb-brand","embeddable":true,"href":"https:\/\/orthopara.store\/index.php?rest_route=%2Fwp%2Fv2%2Fpwb-brand&post=2037"},{"taxonomy":"product_cat","embeddable":true,"href":"https:\/\/orthopara.store\/index.php?rest_route=%2Fwp%2Fv2%2Fproduct_cat&post=2037"},{"taxonomy":"product_tag","embeddable":true,"href":"https:\/\/orthopara.store\/index.php?rest_route=%2Fwp%2Fv2%2Fproduct_tag&post=2037"}],"curies":[{"name":"wp","href":"https:\/\/api.w.org\/{rel}","templated":true}]}}