{"id":2039,"date":"2024-06-28T15:56:37","date_gmt":"2024-06-28T13:56:37","guid":{"rendered":"https:\/\/orthopara.store\/?post_type=product&#038;p=2039"},"modified":"2024-06-28T15:56:41","modified_gmt":"2024-06-28T13:56:41","slug":"tensiometre-bp-a2-basic-avec-adapteur-microlife","status":"publish","type":"product","link":"https:\/\/orthopara.store\/?product=tensiometre-bp-a2-basic-avec-adapteur-microlife","title":{"rendered":"Tensiom\u00e8tre BP A2 BASIC avec adapteur &#8211; Microlife"},"content":{"rendered":"<p>Tensiom\u00e8tre BP A2 BASIC &#8211; Microlife\u00a0<br \/>\nLe tensiom\u00e8tre A2 Basic\u00a0de Microlife est capable de mesurer pr\u00e9cis\u00e9ment et agr\u00e9ablement \u00e0 domicile la tension art\u00e9rielle \u00e0 votre bras. Ce tensiom\u00e8tre peut enregistrer jusqu&rsquo;\u00e0 30\u00a0valeurs et est dot\u00e9 de la technologie PAD pour un diagnostic pr\u00e9coce des arythmies cardiaques.<br \/>\nTechnologie PAD pour la d\u00e9tection des arythmies cardiaques. Brevet\u00e9e par MICROLIFE, cette technologie vous alerte sur la pr\u00e9sence des troubles du rythme cardiaque. Le symbole de l\u2019arythmie s\u2019affiche apr\u00e8s la mesure si un pouls irr\u00e9gulier a \u00e9t\u00e9 d\u00e9tect\u00e9.<br \/>\nTechnologie GENTLE + : il s\u2019agit d\u2019un syst\u00e8me int\u00e9gr\u00e9 de contr\u00f4le de la pression optimale \u00e0 l&rsquo;int\u00e9rieur du brassard, de fa\u00e7on \u00e0 limiter la constriction du bras et assurer le confort et l\u2019exactitude des mesures de la tension.<br \/>\nEnregistre les valeurs des 30 derni\u00e8res mesure.<br \/>\nLe brassard universel (22-42 cm) de forme conique \u00e9pouse parfaitement les contours du bras. Cette forme permet \u00e9galement d&rsquo;assurer l&rsquo;exactitude de la mesure et de la tension.<br \/>\nDispose d&rsquo;un indicateur de mouvement du bras qui garantit une prise de tension optimale.<\/p>\n","protected":false},"excerpt":{"rendered":"<p>Microlife<br \/>\nTensiom\u00e8tre BP A2 BASIC\u00a0<br \/>\nLe tensiom\u00e8tre A2 Basic\u00a0de Microlife est capable de mesurer pr\u00e9cis\u00e9ment et agr\u00e9ablement \u00e0 domicile la\u00a0tension art\u00e9rielle\u00a0\u00e0 votre bras. Ce tensiom\u00e8tre peut enregistrer jusqu&rsquo;\u00e0 30 valeurs et est dot\u00e9 de la technologie PAD pour un diagnostic pr\u00e9coce des arythmies cardiaques.<br \/>\nEnregistrement jusqu&rsquo;\u00e0 30 mesures , Confortable et pr\u00e9cis<\/p>\n","protected":false},"featured_media":2054,"comment_status":"open","ping_status":"closed","template":"","meta":[],"pwb-brand":[249],"product_cat":[245],"product_tag":[],"class_list":{"0":"post-2039","1":"product","2":"type-product","3":"status-publish","4":"has-post-thumbnail","6":"pwb-brand-microlife","7":"product_cat-tensiometres","8":"post","9":"ws-product--style-1","11":"first","12":"instock","13":"shipping-taxable","14":"purchasable","15":"product-type-simple"},"yoast_head":"<!-- This site is optimized with the Yoast SEO plugin v23.0 - https:\/\/yoast.com\/wordpress\/plugins\/seo\/ -->\n<title>Tensiom\u00e8tre BP A2 BASIC avec adapteur - Microlife - OrthoPara<\/title>\n<meta name=\"robots\" content=\"index, follow, max-snippet:-1, max-image-preview:large, max-video-preview:-1\" \/>\n<link rel=\"canonical\" href=\"https:\/\/orthopara.store\/index.php\/produit\/tensiometre-bp-a2-basic-avec-adapteur-microlife\/\" \/>\n<meta property=\"og:locale\" content=\"fr_FR\" \/>\n<meta property=\"og:type\" content=\"article\" \/>\n<meta property=\"og:title\" content=\"Tensiom\u00e8tre BP A2 BASIC avec adapteur - Microlife - OrthoPara\" \/>\n<meta property=\"og:description\" content=\"Microlife Tensiom\u00e8tre BP A2 BASIC\u00a0 Le tensiom\u00e8tre A2 Basic\u00a0de Microlife est capable de mesurer pr\u00e9cis\u00e9ment et agr\u00e9ablement \u00e0 domicile la\u00a0tension art\u00e9rielle\u00a0\u00e0 votre bras. Ce tensiom\u00e8tre peut enregistrer jusqu&#039;\u00e0 30 valeurs et est dot\u00e9 de la technologie PAD pour un diagnostic pr\u00e9coce des arythmies cardiaques. Enregistrement jusqu&#039;\u00e0 30 mesures , Confortable et pr\u00e9cis\" \/>\n<meta property=\"og:url\" content=\"https:\/\/orthopara.store\/index.php\/produit\/tensiometre-bp-a2-basic-avec-adapteur-microlife\/\" \/>\n<meta property=\"og:site_name\" content=\"OrthoPara\" \/>\n<meta property=\"article:publisher\" content=\"https:\/\/www.facebook.com\/profile.php?id=61561194315651\" \/>\n<meta property=\"article:modified_time\" content=\"2024-06-28T13:56:41+00:00\" \/>\n<meta property=\"og:image\" content=\"https:\/\/orthopara.store\/wp-content\/uploads\/2024\/06\/tensiometre-bp-a2-basic-avec-adapteur-microlife.jpg\" \/>\n\t<meta property=\"og:image:width\" content=\"800\" \/>\n\t<meta property=\"og:image:height\" content=\"800\" \/>\n\t<meta property=\"og:image:type\" content=\"image\/jpeg\" \/>\n<meta name=\"twitter:card\" content=\"summary_large_image\" \/>\n<meta name=\"twitter:label1\" content=\"Dur\u00e9e de lecture estim\u00e9e\" \/>\n\t<meta name=\"twitter:data1\" content=\"1 minute\" \/>\n<script type=\"application\/ld+json\" class=\"yoast-schema-graph\">{\"@context\":\"https:\/\/schema.org\",\"@graph\":[{\"@type\":\"WebPage\",\"@id\":\"https:\/\/orthopara.store\/index.php\/produit\/tensiometre-bp-a2-basic-avec-adapteur-microlife\/\",\"url\":\"https:\/\/orthopara.store\/index.php\/produit\/tensiometre-bp-a2-basic-avec-adapteur-microlife\/\",\"name\":\"Tensiom\u00e8tre BP A2 BASIC avec adapteur - Microlife - OrthoPara\",\"isPartOf\":{\"@id\":\"https:\/\/orthopara.store\/#website\"},\"primaryImageOfPage\":{\"@id\":\"https:\/\/orthopara.store\/index.php\/produit\/tensiometre-bp-a2-basic-avec-adapteur-microlife\/#primaryimage\"},\"image\":{\"@id\":\"https:\/\/orthopara.store\/index.php\/produit\/tensiometre-bp-a2-basic-avec-adapteur-microlife\/#primaryimage\"},\"thumbnailUrl\":\"https:\/\/orthopara.store\/wp-content\/uploads\/2024\/06\/tensiometre-bp-a2-basic-avec-adapteur-microlife.jpg\",\"datePublished\":\"2024-06-28T13:56:37+00:00\",\"dateModified\":\"2024-06-28T13:56:41+00:00\",\"breadcrumb\":{\"@id\":\"https:\/\/orthopara.store\/index.php\/produit\/tensiometre-bp-a2-basic-avec-adapteur-microlife\/#breadcrumb\"},\"inLanguage\":\"fr-FR\",\"potentialAction\":[{\"@type\":\"ReadAction\",\"target\":[\"https:\/\/orthopara.store\/index.php\/produit\/tensiometre-bp-a2-basic-avec-adapteur-microlife\/\"]}]},{\"@type\":\"ImageObject\",\"inLanguage\":\"fr-FR\",\"@id\":\"https:\/\/orthopara.store\/index.php\/produit\/tensiometre-bp-a2-basic-avec-adapteur-microlife\/#primaryimage\",\"url\":\"https:\/\/orthopara.store\/wp-content\/uploads\/2024\/06\/tensiometre-bp-a2-basic-avec-adapteur-microlife.jpg\",\"contentUrl\":\"https:\/\/orthopara.store\/wp-content\/uploads\/2024\/06\/tensiometre-bp-a2-basic-avec-adapteur-microlife.jpg\",\"width\":800,\"height\":800},{\"@type\":\"BreadcrumbList\",\"@id\":\"https:\/\/orthopara.store\/index.php\/produit\/tensiometre-bp-a2-basic-avec-adapteur-microlife\/#breadcrumb\",\"itemListElement\":[{\"@type\":\"ListItem\",\"position\":1,\"name\":\"Accueil\",\"item\":\"https:\/\/orthopara.store\/\"},{\"@type\":\"ListItem\",\"position\":2,\"name\":\"Shop\",\"item\":\"https:\/\/orthopara.store\/?page_id=622\"},{\"@type\":\"ListItem\",\"position\":3,\"name\":\"Tensiom\u00e8tre BP A2 BASIC avec adapteur &#8211; Microlife\"}]},{\"@type\":\"WebSite\",\"@id\":\"https:\/\/orthopara.store\/#website\",\"url\":\"https:\/\/orthopara.store\/\",\"name\":\"OrthoPara\",\"description\":\"Parapharmacie\",\"publisher\":{\"@id\":\"https:\/\/orthopara.store\/#organization\"},\"potentialAction\":[{\"@type\":\"SearchAction\",\"target\":{\"@type\":\"EntryPoint\",\"urlTemplate\":\"https:\/\/orthopara.store\/?s={search_term_string}\"},\"query-input\":\"required name=search_term_string\"}],\"inLanguage\":\"fr-FR\"},{\"@type\":\"Organization\",\"@id\":\"https:\/\/orthopara.store\/#organization\",\"name\":\"OrthoPara\",\"url\":\"https:\/\/orthopara.store\/\",\"logo\":{\"@type\":\"ImageObject\",\"inLanguage\":\"fr-FR\",\"@id\":\"https:\/\/orthopara.store\/#\/schema\/logo\/image\/\",\"url\":\"https:\/\/orthopara.store\/wp-content\/uploads\/2024\/06\/cropped-9ABA8BAD-6256-4719-9315-15C66E64E882.png\",\"contentUrl\":\"https:\/\/orthopara.store\/wp-content\/uploads\/2024\/06\/cropped-9ABA8BAD-6256-4719-9315-15C66E64E882.png\",\"width\":240,\"height\":72,\"caption\":\"OrthoPara\"},\"image\":{\"@id\":\"https:\/\/orthopara.store\/#\/schema\/logo\/image\/\"},\"sameAs\":[\"https:\/\/www.facebook.com\/profile.php?id=61561194315651\",\"https:\/\/www.instagram.com\/orthopara_tunisie\/\"]}]}<\/script>\n<!-- \/ Yoast SEO plugin. -->","yoast_head_json":{"title":"Tensiom\u00e8tre BP A2 BASIC avec adapteur - Microlife - OrthoPara","robots":{"index":"index","follow":"follow","max-snippet":"max-snippet:-1","max-image-preview":"max-image-preview:large","max-video-preview":"max-video-preview:-1"},"canonical":"https:\/\/orthopara.store\/index.php\/produit\/tensiometre-bp-a2-basic-avec-adapteur-microlife\/","og_locale":"fr_FR","og_type":"article","og_title":"Tensiom\u00e8tre BP A2 BASIC avec adapteur - Microlife - OrthoPara","og_description":"Microlife Tensiom\u00e8tre BP A2 BASIC\u00a0 Le tensiom\u00e8tre A2 Basic\u00a0de Microlife est capable de mesurer pr\u00e9cis\u00e9ment et agr\u00e9ablement \u00e0 domicile la\u00a0tension art\u00e9rielle\u00a0\u00e0 votre bras. Ce tensiom\u00e8tre peut enregistrer jusqu'\u00e0 30 valeurs et est dot\u00e9 de la technologie PAD pour un diagnostic pr\u00e9coce des arythmies cardiaques. Enregistrement jusqu'\u00e0 30 mesures , Confortable et pr\u00e9cis","og_url":"https:\/\/orthopara.store\/index.php\/produit\/tensiometre-bp-a2-basic-avec-adapteur-microlife\/","og_site_name":"OrthoPara","article_publisher":"https:\/\/www.facebook.com\/profile.php?id=61561194315651","article_modified_time":"2024-06-28T13:56:41+00:00","og_image":[{"width":800,"height":800,"url":"https:\/\/orthopara.store\/wp-content\/uploads\/2024\/06\/tensiometre-bp-a2-basic-avec-adapteur-microlife.jpg","type":"image\/jpeg"}],"twitter_card":"summary_large_image","twitter_misc":{"Dur\u00e9e de lecture estim\u00e9e":"1 minute"},"schema":{"@context":"https:\/\/schema.org","@graph":[{"@type":"WebPage","@id":"https:\/\/orthopara.store\/index.php\/produit\/tensiometre-bp-a2-basic-avec-adapteur-microlife\/","url":"https:\/\/orthopara.store\/index.php\/produit\/tensiometre-bp-a2-basic-avec-adapteur-microlife\/","name":"Tensiom\u00e8tre BP A2 BASIC avec adapteur - Microlife - OrthoPara","isPartOf":{"@id":"https:\/\/orthopara.store\/#website"},"primaryImageOfPage":{"@id":"https:\/\/orthopara.store\/index.php\/produit\/tensiometre-bp-a2-basic-avec-adapteur-microlife\/#primaryimage"},"image":{"@id":"https:\/\/orthopara.store\/index.php\/produit\/tensiometre-bp-a2-basic-avec-adapteur-microlife\/#primaryimage"},"thumbnailUrl":"https:\/\/orthopara.store\/wp-content\/uploads\/2024\/06\/tensiometre-bp-a2-basic-avec-adapteur-microlife.jpg","datePublished":"2024-06-28T13:56:37+00:00","dateModified":"2024-06-28T13:56:41+00:00","breadcrumb":{"@id":"https:\/\/orthopara.store\/index.php\/produit\/tensiometre-bp-a2-basic-avec-adapteur-microlife\/#breadcrumb"},"inLanguage":"fr-FR","potentialAction":[{"@type":"ReadAction","target":["https:\/\/orthopara.store\/index.php\/produit\/tensiometre-bp-a2-basic-avec-adapteur-microlife\/"]}]},{"@type":"ImageObject","inLanguage":"fr-FR","@id":"https:\/\/orthopara.store\/index.php\/produit\/tensiometre-bp-a2-basic-avec-adapteur-microlife\/#primaryimage","url":"https:\/\/orthopara.store\/wp-content\/uploads\/2024\/06\/tensiometre-bp-a2-basic-avec-adapteur-microlife.jpg","contentUrl":"https:\/\/orthopara.store\/wp-content\/uploads\/2024\/06\/tensiometre-bp-a2-basic-avec-adapteur-microlife.jpg","width":800,"height":800},{"@type":"BreadcrumbList","@id":"https:\/\/orthopara.store\/index.php\/produit\/tensiometre-bp-a2-basic-avec-adapteur-microlife\/#breadcrumb","itemListElement":[{"@type":"ListItem","position":1,"name":"Accueil","item":"https:\/\/orthopara.store\/"},{"@type":"ListItem","position":2,"name":"Shop","item":"https:\/\/orthopara.store\/?page_id=622"},{"@type":"ListItem","position":3,"name":"Tensiom\u00e8tre BP A2 BASIC avec adapteur &#8211; Microlife"}]},{"@type":"WebSite","@id":"https:\/\/orthopara.store\/#website","url":"https:\/\/orthopara.store\/","name":"OrthoPara","description":"Parapharmacie","publisher":{"@id":"https:\/\/orthopara.store\/#organization"},"potentialAction":[{"@type":"SearchAction","target":{"@type":"EntryPoint","urlTemplate":"https:\/\/orthopara.store\/?s={search_term_string}"},"query-input":"required name=search_term_string"}],"inLanguage":"fr-FR"},{"@type":"Organization","@id":"https:\/\/orthopara.store\/#organization","name":"OrthoPara","url":"https:\/\/orthopara.store\/","logo":{"@type":"ImageObject","inLanguage":"fr-FR","@id":"https:\/\/orthopara.store\/#\/schema\/logo\/image\/","url":"https:\/\/orthopara.store\/wp-content\/uploads\/2024\/06\/cropped-9ABA8BAD-6256-4719-9315-15C66E64E882.png","contentUrl":"https:\/\/orthopara.store\/wp-content\/uploads\/2024\/06\/cropped-9ABA8BAD-6256-4719-9315-15C66E64E882.png","width":240,"height":72,"caption":"OrthoPara"},"image":{"@id":"https:\/\/orthopara.store\/#\/schema\/logo\/image\/"},"sameAs":["https:\/\/www.facebook.com\/profile.php?id=61561194315651","https:\/\/www.instagram.com\/orthopara_tunisie\/"]}]}},"jetpack_sharing_enabled":true,"brands":[{"id":249,"name":"Microlife","slug":"microlife"}],"_links":{"self":[{"href":"https:\/\/orthopara.store\/index.php?rest_route=\/wp\/v2\/product\/2039","targetHints":{"allow":["GET"]}}],"collection":[{"href":"https:\/\/orthopara.store\/index.php?rest_route=\/wp\/v2\/product"}],"about":[{"href":"https:\/\/orthopara.store\/index.php?rest_route=\/wp\/v2\/types\/product"}],"replies":[{"embeddable":true,"href":"https:\/\/orthopara.store\/index.php?rest_route=%2Fwp%2Fv2%2Fcomments&post=2039"}],"wp:featuredmedia":[{"embeddable":true,"href":"https:\/\/orthopara.store\/index.php?rest_route=\/wp\/v2\/media\/2054"}],"wp:attachment":[{"href":"https:\/\/orthopara.store\/index.php?rest_route=%2Fwp%2Fv2%2Fmedia&parent=2039"}],"wp:term":[{"taxonomy":"pwb-brand","embeddable":true,"href":"https:\/\/orthopara.store\/index.php?rest_route=%2Fwp%2Fv2%2Fpwb-brand&post=2039"},{"taxonomy":"product_cat","embeddable":true,"href":"https:\/\/orthopara.store\/index.php?rest_route=%2Fwp%2Fv2%2Fproduct_cat&post=2039"},{"taxonomy":"product_tag","embeddable":true,"href":"https:\/\/orthopara.store\/index.php?rest_route=%2Fwp%2Fv2%2Fproduct_tag&post=2039"}],"curies":[{"name":"wp","href":"https:\/\/api.w.org\/{rel}","templated":true}]}}