{"id":2040,"date":"2024-06-28T15:56:37","date_gmt":"2024-06-28T13:56:37","guid":{"rendered":"https:\/\/orthopara.store\/?post_type=product&#038;p=2040"},"modified":"2024-06-28T15:56:42","modified_gmt":"2024-06-28T13:56:42","slug":"tensiometre-bp-a3-plus-avec-brassard-electronique-microlife","status":"publish","type":"product","link":"https:\/\/orthopara.store\/?product=tensiometre-bp-a3-plus-avec-brassard-electronique-microlife","title":{"rendered":"Tensiom\u00e8tre BP A3 Plus avec brassard \u00e9lectronique- Microlife"},"content":{"rendered":"<p>Tensiom\u00e8tre BP A3 Plus avec brassard \u00e9lectronique- Microlife<br \/>\nDispose d&rsquo;un indicateur de mouvement du bras qui garantit une bonne prise de la tension, de la fonction affichage de la date et de l&rsquo;heure, d&rsquo;une \u00e9chelle colorim\u00e9trique OMS indiquant le niveau de la tension, d&rsquo;un indicateur de charge de la batterie<br \/>\nCet appareil a \u00e9t\u00e9 d\u00e9velopp\u00e9 en collaboration avec des m\u00e9decins. La technologie MAM (Mesure Art\u00e9rielle Moyenne ou Microlife Average Mode) : cette technologie unique d\u00e9velopp\u00e9e et brevet\u00e9e par MICROLIFE permet de prendre automatiquement 3 mesures cons\u00e9cutives fiables et d\u00e9livrer leur moyenne pond\u00e9r\u00e9e. Cette technologie permet ainsi de d\u00e9terminer des valeurs tr\u00e8s pr\u00e9cises de votre tension art\u00e9rielle. Le \u00a0tensiom\u00e8tre \u00e9lectronique Microlife MAM est la seule technologie qui permet de respecter scrupuleusement et en toute simplicit\u00e9 la r\u00e8gle des 3 mesures mise en place par le CFLHTA (Comit\u00e9 Fran\u00e7ais de Lutte contre L&rsquo;Hypertension) : \u00e0 savoir 3 mesures le matin au lev\u00e9, 3 mesures le soir au coucher sur 3 jours de suite.<br \/>\nUtilisation:\u00a0<br \/>\nCe tensiom\u00e8tre oscillom\u00e9trique est con\u00e7u pour mesurer la pression art\u00e9rielle de mani\u00e8re non invasive chez les personnes \u00e2g\u00e9es de 12 ans et plus. Il est valid\u00e9 cliniquement chez les patients souffrant d&rsquo;hypertension, d&rsquo;hypotension, de diab\u00e8te, de grossesse, de pr\u00e9-\u00e9clampsie, d&rsquo;ath\u00e9roscl\u00e9rose, d&rsquo;insuffisance r\u00e9nale terminale, d&rsquo;ob\u00e9sit\u00e9 ainsi que pour les personnes \u00e2g\u00e9es.\u00a0<br \/>\n\u00a0Premi\u00e8re mise en service de l&rsquo;appareil<br \/>\n\u2022 Insertion des piles<br \/>\n\u2022 R\u00e9glage de la date et de l&rsquo;heure<br \/>\n\u2022 S\u00e9lection du brassard correct<br \/>\n\u2022 Choix de l&rsquo;utilisateur<br \/>\n\u2022 S\u00e9lection du mode standard ou MAM<br \/>\n\u2022 Mode MAM (hautement recommand\u00e9)<\/p>\n","protected":false},"excerpt":{"rendered":"<p>Microlife<br \/>\nBP A3 PLUS Tensiom\u00e8tre Brassard \u00c9lectronique<br \/>\nMAM Plus<br \/>\nComposition :\u00a0<br \/>\nTechnologie MAM : 3 mesures cons\u00e9cutives comme recommand\u00e9e par les m\u00e9decins.<br \/>\nBrassard confortable pour les tailles habituelles<br \/>\n2 utilisateurs et 99 m\u00e9moires par utilisateur<\/p>\n","protected":false},"featured_media":2055,"comment_status":"open","ping_status":"closed","template":"","meta":[],"pwb-brand":[249],"product_cat":[245],"product_tag":[],"class_list":{"0":"post-2040","1":"product","2":"type-product","3":"status-publish","4":"has-post-thumbnail","6":"pwb-brand-microlife","7":"product_cat-tensiometres","8":"post","9":"ws-product--style-1","11":"first","12":"instock","13":"shipping-taxable","14":"purchasable","15":"product-type-simple"},"yoast_head":"<!-- This site is optimized with the Yoast SEO plugin v23.0 - https:\/\/yoast.com\/wordpress\/plugins\/seo\/ -->\n<title>Tensiom\u00e8tre BP A3 Plus avec brassard \u00e9lectronique- Microlife - OrthoPara<\/title>\n<meta name=\"robots\" content=\"index, follow, max-snippet:-1, max-image-preview:large, max-video-preview:-1\" \/>\n<link rel=\"canonical\" href=\"https:\/\/orthopara.store\/index.php\/produit\/tensiometre-bp-a3-plus-avec-brassard-electronique-microlife\/\" \/>\n<meta property=\"og:locale\" content=\"fr_FR\" \/>\n<meta property=\"og:type\" content=\"article\" \/>\n<meta property=\"og:title\" content=\"Tensiom\u00e8tre BP A3 Plus avec brassard \u00e9lectronique- Microlife - OrthoPara\" \/>\n<meta property=\"og:description\" content=\"Microlife BP A3 PLUS Tensiom\u00e8tre Brassard \u00c9lectronique MAM Plus Composition :\u00a0 Technologie MAM : 3 mesures cons\u00e9cutives comme recommand\u00e9e par les m\u00e9decins. Brassard confortable pour les tailles habituelles 2 utilisateurs et 99 m\u00e9moires par utilisateur\" \/>\n<meta property=\"og:url\" content=\"https:\/\/orthopara.store\/index.php\/produit\/tensiometre-bp-a3-plus-avec-brassard-electronique-microlife\/\" \/>\n<meta property=\"og:site_name\" content=\"OrthoPara\" \/>\n<meta property=\"article:publisher\" content=\"https:\/\/www.facebook.com\/profile.php?id=61561194315651\" \/>\n<meta property=\"article:modified_time\" content=\"2024-06-28T13:56:42+00:00\" \/>\n<meta property=\"og:image\" content=\"https:\/\/orthopara.store\/wp-content\/uploads\/2024\/06\/microlife-bp-a3-plus-tensiometre-brassard-electronique.jpg\" \/>\n\t<meta property=\"og:image:width\" content=\"800\" \/>\n\t<meta property=\"og:image:height\" content=\"800\" \/>\n\t<meta property=\"og:image:type\" content=\"image\/jpeg\" \/>\n<meta name=\"twitter:card\" content=\"summary_large_image\" \/>\n<meta name=\"twitter:label1\" content=\"Dur\u00e9e de lecture estim\u00e9e\" \/>\n\t<meta name=\"twitter:data1\" content=\"1 minute\" \/>\n<script type=\"application\/ld+json\" class=\"yoast-schema-graph\">{\"@context\":\"https:\/\/schema.org\",\"@graph\":[{\"@type\":\"WebPage\",\"@id\":\"https:\/\/orthopara.store\/index.php\/produit\/tensiometre-bp-a3-plus-avec-brassard-electronique-microlife\/\",\"url\":\"https:\/\/orthopara.store\/index.php\/produit\/tensiometre-bp-a3-plus-avec-brassard-electronique-microlife\/\",\"name\":\"Tensiom\u00e8tre BP A3 Plus avec brassard \u00e9lectronique- Microlife - OrthoPara\",\"isPartOf\":{\"@id\":\"https:\/\/orthopara.store\/#website\"},\"primaryImageOfPage\":{\"@id\":\"https:\/\/orthopara.store\/index.php\/produit\/tensiometre-bp-a3-plus-avec-brassard-electronique-microlife\/#primaryimage\"},\"image\":{\"@id\":\"https:\/\/orthopara.store\/index.php\/produit\/tensiometre-bp-a3-plus-avec-brassard-electronique-microlife\/#primaryimage\"},\"thumbnailUrl\":\"https:\/\/orthopara.store\/wp-content\/uploads\/2024\/06\/microlife-bp-a3-plus-tensiometre-brassard-electronique.jpg\",\"datePublished\":\"2024-06-28T13:56:37+00:00\",\"dateModified\":\"2024-06-28T13:56:42+00:00\",\"breadcrumb\":{\"@id\":\"https:\/\/orthopara.store\/index.php\/produit\/tensiometre-bp-a3-plus-avec-brassard-electronique-microlife\/#breadcrumb\"},\"inLanguage\":\"fr-FR\",\"potentialAction\":[{\"@type\":\"ReadAction\",\"target\":[\"https:\/\/orthopara.store\/index.php\/produit\/tensiometre-bp-a3-plus-avec-brassard-electronique-microlife\/\"]}]},{\"@type\":\"ImageObject\",\"inLanguage\":\"fr-FR\",\"@id\":\"https:\/\/orthopara.store\/index.php\/produit\/tensiometre-bp-a3-plus-avec-brassard-electronique-microlife\/#primaryimage\",\"url\":\"https:\/\/orthopara.store\/wp-content\/uploads\/2024\/06\/microlife-bp-a3-plus-tensiometre-brassard-electronique.jpg\",\"contentUrl\":\"https:\/\/orthopara.store\/wp-content\/uploads\/2024\/06\/microlife-bp-a3-plus-tensiometre-brassard-electronique.jpg\",\"width\":800,\"height\":800},{\"@type\":\"BreadcrumbList\",\"@id\":\"https:\/\/orthopara.store\/index.php\/produit\/tensiometre-bp-a3-plus-avec-brassard-electronique-microlife\/#breadcrumb\",\"itemListElement\":[{\"@type\":\"ListItem\",\"position\":1,\"name\":\"Accueil\",\"item\":\"https:\/\/orthopara.store\/\"},{\"@type\":\"ListItem\",\"position\":2,\"name\":\"Shop\",\"item\":\"https:\/\/orthopara.store\/?page_id=622\"},{\"@type\":\"ListItem\",\"position\":3,\"name\":\"Tensiom\u00e8tre BP A3 Plus avec brassard \u00e9lectronique- Microlife\"}]},{\"@type\":\"WebSite\",\"@id\":\"https:\/\/orthopara.store\/#website\",\"url\":\"https:\/\/orthopara.store\/\",\"name\":\"OrthoPara\",\"description\":\"Parapharmacie\",\"publisher\":{\"@id\":\"https:\/\/orthopara.store\/#organization\"},\"potentialAction\":[{\"@type\":\"SearchAction\",\"target\":{\"@type\":\"EntryPoint\",\"urlTemplate\":\"https:\/\/orthopara.store\/?s={search_term_string}\"},\"query-input\":\"required name=search_term_string\"}],\"inLanguage\":\"fr-FR\"},{\"@type\":\"Organization\",\"@id\":\"https:\/\/orthopara.store\/#organization\",\"name\":\"OrthoPara\",\"url\":\"https:\/\/orthopara.store\/\",\"logo\":{\"@type\":\"ImageObject\",\"inLanguage\":\"fr-FR\",\"@id\":\"https:\/\/orthopara.store\/#\/schema\/logo\/image\/\",\"url\":\"https:\/\/orthopara.store\/wp-content\/uploads\/2024\/06\/cropped-9ABA8BAD-6256-4719-9315-15C66E64E882.png\",\"contentUrl\":\"https:\/\/orthopara.store\/wp-content\/uploads\/2024\/06\/cropped-9ABA8BAD-6256-4719-9315-15C66E64E882.png\",\"width\":240,\"height\":72,\"caption\":\"OrthoPara\"},\"image\":{\"@id\":\"https:\/\/orthopara.store\/#\/schema\/logo\/image\/\"},\"sameAs\":[\"https:\/\/www.facebook.com\/profile.php?id=61561194315651\",\"https:\/\/www.instagram.com\/orthopara_tunisie\/\"]}]}<\/script>\n<!-- \/ Yoast SEO plugin. -->","yoast_head_json":{"title":"Tensiom\u00e8tre BP A3 Plus avec brassard \u00e9lectronique- Microlife - OrthoPara","robots":{"index":"index","follow":"follow","max-snippet":"max-snippet:-1","max-image-preview":"max-image-preview:large","max-video-preview":"max-video-preview:-1"},"canonical":"https:\/\/orthopara.store\/index.php\/produit\/tensiometre-bp-a3-plus-avec-brassard-electronique-microlife\/","og_locale":"fr_FR","og_type":"article","og_title":"Tensiom\u00e8tre BP A3 Plus avec brassard \u00e9lectronique- Microlife - OrthoPara","og_description":"Microlife BP A3 PLUS Tensiom\u00e8tre Brassard \u00c9lectronique MAM Plus Composition :\u00a0 Technologie MAM : 3 mesures cons\u00e9cutives comme recommand\u00e9e par les m\u00e9decins. Brassard confortable pour les tailles habituelles 2 utilisateurs et 99 m\u00e9moires par utilisateur","og_url":"https:\/\/orthopara.store\/index.php\/produit\/tensiometre-bp-a3-plus-avec-brassard-electronique-microlife\/","og_site_name":"OrthoPara","article_publisher":"https:\/\/www.facebook.com\/profile.php?id=61561194315651","article_modified_time":"2024-06-28T13:56:42+00:00","og_image":[{"width":800,"height":800,"url":"https:\/\/orthopara.store\/wp-content\/uploads\/2024\/06\/microlife-bp-a3-plus-tensiometre-brassard-electronique.jpg","type":"image\/jpeg"}],"twitter_card":"summary_large_image","twitter_misc":{"Dur\u00e9e de lecture estim\u00e9e":"1 minute"},"schema":{"@context":"https:\/\/schema.org","@graph":[{"@type":"WebPage","@id":"https:\/\/orthopara.store\/index.php\/produit\/tensiometre-bp-a3-plus-avec-brassard-electronique-microlife\/","url":"https:\/\/orthopara.store\/index.php\/produit\/tensiometre-bp-a3-plus-avec-brassard-electronique-microlife\/","name":"Tensiom\u00e8tre BP A3 Plus avec brassard \u00e9lectronique- Microlife - OrthoPara","isPartOf":{"@id":"https:\/\/orthopara.store\/#website"},"primaryImageOfPage":{"@id":"https:\/\/orthopara.store\/index.php\/produit\/tensiometre-bp-a3-plus-avec-brassard-electronique-microlife\/#primaryimage"},"image":{"@id":"https:\/\/orthopara.store\/index.php\/produit\/tensiometre-bp-a3-plus-avec-brassard-electronique-microlife\/#primaryimage"},"thumbnailUrl":"https:\/\/orthopara.store\/wp-content\/uploads\/2024\/06\/microlife-bp-a3-plus-tensiometre-brassard-electronique.jpg","datePublished":"2024-06-28T13:56:37+00:00","dateModified":"2024-06-28T13:56:42+00:00","breadcrumb":{"@id":"https:\/\/orthopara.store\/index.php\/produit\/tensiometre-bp-a3-plus-avec-brassard-electronique-microlife\/#breadcrumb"},"inLanguage":"fr-FR","potentialAction":[{"@type":"ReadAction","target":["https:\/\/orthopara.store\/index.php\/produit\/tensiometre-bp-a3-plus-avec-brassard-electronique-microlife\/"]}]},{"@type":"ImageObject","inLanguage":"fr-FR","@id":"https:\/\/orthopara.store\/index.php\/produit\/tensiometre-bp-a3-plus-avec-brassard-electronique-microlife\/#primaryimage","url":"https:\/\/orthopara.store\/wp-content\/uploads\/2024\/06\/microlife-bp-a3-plus-tensiometre-brassard-electronique.jpg","contentUrl":"https:\/\/orthopara.store\/wp-content\/uploads\/2024\/06\/microlife-bp-a3-plus-tensiometre-brassard-electronique.jpg","width":800,"height":800},{"@type":"BreadcrumbList","@id":"https:\/\/orthopara.store\/index.php\/produit\/tensiometre-bp-a3-plus-avec-brassard-electronique-microlife\/#breadcrumb","itemListElement":[{"@type":"ListItem","position":1,"name":"Accueil","item":"https:\/\/orthopara.store\/"},{"@type":"ListItem","position":2,"name":"Shop","item":"https:\/\/orthopara.store\/?page_id=622"},{"@type":"ListItem","position":3,"name":"Tensiom\u00e8tre BP A3 Plus avec brassard \u00e9lectronique- Microlife"}]},{"@type":"WebSite","@id":"https:\/\/orthopara.store\/#website","url":"https:\/\/orthopara.store\/","name":"OrthoPara","description":"Parapharmacie","publisher":{"@id":"https:\/\/orthopara.store\/#organization"},"potentialAction":[{"@type":"SearchAction","target":{"@type":"EntryPoint","urlTemplate":"https:\/\/orthopara.store\/?s={search_term_string}"},"query-input":"required name=search_term_string"}],"inLanguage":"fr-FR"},{"@type":"Organization","@id":"https:\/\/orthopara.store\/#organization","name":"OrthoPara","url":"https:\/\/orthopara.store\/","logo":{"@type":"ImageObject","inLanguage":"fr-FR","@id":"https:\/\/orthopara.store\/#\/schema\/logo\/image\/","url":"https:\/\/orthopara.store\/wp-content\/uploads\/2024\/06\/cropped-9ABA8BAD-6256-4719-9315-15C66E64E882.png","contentUrl":"https:\/\/orthopara.store\/wp-content\/uploads\/2024\/06\/cropped-9ABA8BAD-6256-4719-9315-15C66E64E882.png","width":240,"height":72,"caption":"OrthoPara"},"image":{"@id":"https:\/\/orthopara.store\/#\/schema\/logo\/image\/"},"sameAs":["https:\/\/www.facebook.com\/profile.php?id=61561194315651","https:\/\/www.instagram.com\/orthopara_tunisie\/"]}]}},"jetpack_sharing_enabled":true,"brands":[{"id":249,"name":"Microlife","slug":"microlife"}],"_links":{"self":[{"href":"https:\/\/orthopara.store\/index.php?rest_route=\/wp\/v2\/product\/2040","targetHints":{"allow":["GET"]}}],"collection":[{"href":"https:\/\/orthopara.store\/index.php?rest_route=\/wp\/v2\/product"}],"about":[{"href":"https:\/\/orthopara.store\/index.php?rest_route=\/wp\/v2\/types\/product"}],"replies":[{"embeddable":true,"href":"https:\/\/orthopara.store\/index.php?rest_route=%2Fwp%2Fv2%2Fcomments&post=2040"}],"wp:featuredmedia":[{"embeddable":true,"href":"https:\/\/orthopara.store\/index.php?rest_route=\/wp\/v2\/media\/2055"}],"wp:attachment":[{"href":"https:\/\/orthopara.store\/index.php?rest_route=%2Fwp%2Fv2%2Fmedia&parent=2040"}],"wp:term":[{"taxonomy":"pwb-brand","embeddable":true,"href":"https:\/\/orthopara.store\/index.php?rest_route=%2Fwp%2Fv2%2Fpwb-brand&post=2040"},{"taxonomy":"product_cat","embeddable":true,"href":"https:\/\/orthopara.store\/index.php?rest_route=%2Fwp%2Fv2%2Fproduct_cat&post=2040"},{"taxonomy":"product_tag","embeddable":true,"href":"https:\/\/orthopara.store\/index.php?rest_route=%2Fwp%2Fv2%2Fproduct_tag&post=2040"}],"curies":[{"name":"wp","href":"https:\/\/api.w.org\/{rel}","templated":true}]}}