{"id":2041,"date":"2024-06-28T15:56:37","date_gmt":"2024-06-28T13:56:37","guid":{"rendered":"https:\/\/orthopara.store\/?post_type=product&#038;p=2041"},"modified":"2024-06-28T15:56:42","modified_gmt":"2024-06-28T13:56:42","slug":"tensiometre-brassard-bm28-beurer","status":"publish","type":"product","link":"https:\/\/orthopara.store\/?product=tensiometre-brassard-bm28-beurer","title":{"rendered":"Tensiom\u00e8tre Brassard BM28 &#8211; Beurer"},"content":{"rendered":"<p>Tensiom\u00e8tre Brassard BM28 &#8211; Beurer &#8211;<br \/>\nLe tensiom\u00e8tre brassard BM28 Beurer est \u00e9quip\u00e9 d&rsquo;une manchette universelle, \u00e9galement adapt\u00e9e aux grands tours de bras jusqu&rsquo;\u00e0 42\u00a0cm. Le contr\u00f4le du positionnement de la manchette int\u00e9gr\u00e9 vous assure une s\u00e9curit\u00e9 suppl\u00e9mentaire lors de chaque mesure gr\u00e2ce \u00e0 la pr\u00e9cision des valeurs de tension art\u00e9rielle mesur\u00e9es.<\/p>\n<p>Caract\u00e9ristiques :<br \/>\nManchette universelle, \u00e9galement adapt\u00e9e aux grands tours de bras jusqu&rsquo;\u00e0 42\u00a0cm<\/p>\n<p>Mesure enti\u00e8rement automatique de la tension art\u00e9rielle et du pouls au niveau du bras<\/p>\n<p>\u00d8 de toutes les valeurs de mesure enregistr\u00e9es<\/p>\n<p>Contr\u00f4le du positionnement de la manchette<\/p>\n<p>Alarme r\u00e9glable sur 2\u00a0heures diff\u00e9rentes<\/p>\n<p>\u00c9cran tr\u00e8s lisible<\/p>\n<p>4\u00a0x\u00a030\u00a0emplacements de m\u00e9moire<\/p>\n<p>Indicateur de risque<\/p>\n<p>D\u00e9pistage de l&rsquo;arythmie<\/p>\n<p>Produit m\u00e9dical<\/p>\n<p>Pour un tour de bras de 22 \u00e0 42\u00a0cm<\/p>\n<p>Date et heure\/arr\u00eat automatique<\/p>\n<p>Message en cas d&rsquo;erreur d&rsquo;utilisation<\/p>\n<p>Indicateur de changement des piles<\/p>\n<p>Pochette de rangement<\/p>\n","protected":false},"excerpt":{"rendered":"<p>Beurer<br \/>\nTensiom\u00e8tre Brassard BM28<br \/>\nLe\u00a0tensiom\u00e8tre brassard BM28\u00a0Beurer est \u00e9quip\u00e9 d&rsquo;une manchette universelle, \u00e9galement adapt\u00e9e aux grands tours de bras jusqu&rsquo;\u00e0 42\u00a0cm.<\/p>\n","protected":false},"featured_media":2056,"comment_status":"open","ping_status":"closed","template":"","meta":[],"pwb-brand":[93],"product_cat":[245],"product_tag":[],"class_list":{"0":"post-2041","1":"product","2":"type-product","3":"status-publish","4":"has-post-thumbnail","6":"pwb-brand-beurer","7":"product_cat-tensiometres","8":"post","9":"ws-product--style-1","11":"first","12":"instock","13":"shipping-taxable","14":"purchasable","15":"product-type-simple"},"yoast_head":"<!-- This site is optimized with the Yoast SEO plugin v23.0 - https:\/\/yoast.com\/wordpress\/plugins\/seo\/ -->\n<title>Tensiom\u00e8tre Brassard BM28 - Beurer - OrthoPara<\/title>\n<meta name=\"robots\" content=\"index, follow, max-snippet:-1, max-image-preview:large, max-video-preview:-1\" \/>\n<link rel=\"canonical\" href=\"https:\/\/orthopara.store\/index.php\/produit\/tensiometre-brassard-bm28-beurer\/\" \/>\n<meta property=\"og:locale\" content=\"fr_FR\" \/>\n<meta property=\"og:type\" content=\"article\" \/>\n<meta property=\"og:title\" content=\"Tensiom\u00e8tre Brassard BM28 - Beurer - OrthoPara\" \/>\n<meta property=\"og:description\" content=\"Beurer Tensiom\u00e8tre Brassard BM28 Le\u00a0tensiom\u00e8tre brassard BM28\u00a0Beurer est \u00e9quip\u00e9 d&#039;une manchette universelle, \u00e9galement adapt\u00e9e aux grands tours de bras jusqu&#039;\u00e0 42\u00a0cm.\" \/>\n<meta property=\"og:url\" content=\"https:\/\/orthopara.store\/index.php\/produit\/tensiometre-brassard-bm28-beurer\/\" \/>\n<meta property=\"og:site_name\" content=\"OrthoPara\" \/>\n<meta property=\"article:publisher\" content=\"https:\/\/www.facebook.com\/profile.php?id=61561194315651\" \/>\n<meta property=\"article:modified_time\" content=\"2024-06-28T13:56:42+00:00\" \/>\n<meta property=\"og:image\" content=\"https:\/\/orthopara.store\/wp-content\/uploads\/2024\/06\/tensiometre-brassard-bm28-beurer.jpg\" \/>\n\t<meta property=\"og:image:width\" content=\"800\" \/>\n\t<meta property=\"og:image:height\" content=\"800\" \/>\n\t<meta property=\"og:image:type\" content=\"image\/jpeg\" \/>\n<meta name=\"twitter:card\" content=\"summary_large_image\" \/>\n<meta name=\"twitter:label1\" content=\"Dur\u00e9e de lecture estim\u00e9e\" \/>\n\t<meta name=\"twitter:data1\" content=\"1 minute\" \/>\n<script type=\"application\/ld+json\" class=\"yoast-schema-graph\">{\"@context\":\"https:\/\/schema.org\",\"@graph\":[{\"@type\":\"WebPage\",\"@id\":\"https:\/\/orthopara.store\/index.php\/produit\/tensiometre-brassard-bm28-beurer\/\",\"url\":\"https:\/\/orthopara.store\/index.php\/produit\/tensiometre-brassard-bm28-beurer\/\",\"name\":\"Tensiom\u00e8tre Brassard BM28 - Beurer - OrthoPara\",\"isPartOf\":{\"@id\":\"https:\/\/orthopara.store\/#website\"},\"primaryImageOfPage\":{\"@id\":\"https:\/\/orthopara.store\/index.php\/produit\/tensiometre-brassard-bm28-beurer\/#primaryimage\"},\"image\":{\"@id\":\"https:\/\/orthopara.store\/index.php\/produit\/tensiometre-brassard-bm28-beurer\/#primaryimage\"},\"thumbnailUrl\":\"https:\/\/orthopara.store\/wp-content\/uploads\/2024\/06\/tensiometre-brassard-bm28-beurer.jpg\",\"datePublished\":\"2024-06-28T13:56:37+00:00\",\"dateModified\":\"2024-06-28T13:56:42+00:00\",\"breadcrumb\":{\"@id\":\"https:\/\/orthopara.store\/index.php\/produit\/tensiometre-brassard-bm28-beurer\/#breadcrumb\"},\"inLanguage\":\"fr-FR\",\"potentialAction\":[{\"@type\":\"ReadAction\",\"target\":[\"https:\/\/orthopara.store\/index.php\/produit\/tensiometre-brassard-bm28-beurer\/\"]}]},{\"@type\":\"ImageObject\",\"inLanguage\":\"fr-FR\",\"@id\":\"https:\/\/orthopara.store\/index.php\/produit\/tensiometre-brassard-bm28-beurer\/#primaryimage\",\"url\":\"https:\/\/orthopara.store\/wp-content\/uploads\/2024\/06\/tensiometre-brassard-bm28-beurer.jpg\",\"contentUrl\":\"https:\/\/orthopara.store\/wp-content\/uploads\/2024\/06\/tensiometre-brassard-bm28-beurer.jpg\",\"width\":800,\"height\":800},{\"@type\":\"BreadcrumbList\",\"@id\":\"https:\/\/orthopara.store\/index.php\/produit\/tensiometre-brassard-bm28-beurer\/#breadcrumb\",\"itemListElement\":[{\"@type\":\"ListItem\",\"position\":1,\"name\":\"Accueil\",\"item\":\"https:\/\/orthopara.store\/\"},{\"@type\":\"ListItem\",\"position\":2,\"name\":\"Shop\",\"item\":\"https:\/\/orthopara.store\/?page_id=622\"},{\"@type\":\"ListItem\",\"position\":3,\"name\":\"Tensiom\u00e8tre Brassard BM28 &#8211; Beurer\"}]},{\"@type\":\"WebSite\",\"@id\":\"https:\/\/orthopara.store\/#website\",\"url\":\"https:\/\/orthopara.store\/\",\"name\":\"OrthoPara\",\"description\":\"Parapharmacie\",\"publisher\":{\"@id\":\"https:\/\/orthopara.store\/#organization\"},\"potentialAction\":[{\"@type\":\"SearchAction\",\"target\":{\"@type\":\"EntryPoint\",\"urlTemplate\":\"https:\/\/orthopara.store\/?s={search_term_string}\"},\"query-input\":\"required name=search_term_string\"}],\"inLanguage\":\"fr-FR\"},{\"@type\":\"Organization\",\"@id\":\"https:\/\/orthopara.store\/#organization\",\"name\":\"OrthoPara\",\"url\":\"https:\/\/orthopara.store\/\",\"logo\":{\"@type\":\"ImageObject\",\"inLanguage\":\"fr-FR\",\"@id\":\"https:\/\/orthopara.store\/#\/schema\/logo\/image\/\",\"url\":\"https:\/\/orthopara.store\/wp-content\/uploads\/2024\/06\/cropped-9ABA8BAD-6256-4719-9315-15C66E64E882.png\",\"contentUrl\":\"https:\/\/orthopara.store\/wp-content\/uploads\/2024\/06\/cropped-9ABA8BAD-6256-4719-9315-15C66E64E882.png\",\"width\":240,\"height\":72,\"caption\":\"OrthoPara\"},\"image\":{\"@id\":\"https:\/\/orthopara.store\/#\/schema\/logo\/image\/\"},\"sameAs\":[\"https:\/\/www.facebook.com\/profile.php?id=61561194315651\",\"https:\/\/www.instagram.com\/orthopara_tunisie\/\"]}]}<\/script>\n<!-- \/ Yoast SEO plugin. -->","yoast_head_json":{"title":"Tensiom\u00e8tre Brassard BM28 - Beurer - OrthoPara","robots":{"index":"index","follow":"follow","max-snippet":"max-snippet:-1","max-image-preview":"max-image-preview:large","max-video-preview":"max-video-preview:-1"},"canonical":"https:\/\/orthopara.store\/index.php\/produit\/tensiometre-brassard-bm28-beurer\/","og_locale":"fr_FR","og_type":"article","og_title":"Tensiom\u00e8tre Brassard BM28 - Beurer - OrthoPara","og_description":"Beurer Tensiom\u00e8tre Brassard BM28 Le\u00a0tensiom\u00e8tre brassard BM28\u00a0Beurer est \u00e9quip\u00e9 d'une manchette universelle, \u00e9galement adapt\u00e9e aux grands tours de bras jusqu'\u00e0 42\u00a0cm.","og_url":"https:\/\/orthopara.store\/index.php\/produit\/tensiometre-brassard-bm28-beurer\/","og_site_name":"OrthoPara","article_publisher":"https:\/\/www.facebook.com\/profile.php?id=61561194315651","article_modified_time":"2024-06-28T13:56:42+00:00","og_image":[{"width":800,"height":800,"url":"https:\/\/orthopara.store\/wp-content\/uploads\/2024\/06\/tensiometre-brassard-bm28-beurer.jpg","type":"image\/jpeg"}],"twitter_card":"summary_large_image","twitter_misc":{"Dur\u00e9e de lecture estim\u00e9e":"1 minute"},"schema":{"@context":"https:\/\/schema.org","@graph":[{"@type":"WebPage","@id":"https:\/\/orthopara.store\/index.php\/produit\/tensiometre-brassard-bm28-beurer\/","url":"https:\/\/orthopara.store\/index.php\/produit\/tensiometre-brassard-bm28-beurer\/","name":"Tensiom\u00e8tre Brassard BM28 - Beurer - OrthoPara","isPartOf":{"@id":"https:\/\/orthopara.store\/#website"},"primaryImageOfPage":{"@id":"https:\/\/orthopara.store\/index.php\/produit\/tensiometre-brassard-bm28-beurer\/#primaryimage"},"image":{"@id":"https:\/\/orthopara.store\/index.php\/produit\/tensiometre-brassard-bm28-beurer\/#primaryimage"},"thumbnailUrl":"https:\/\/orthopara.store\/wp-content\/uploads\/2024\/06\/tensiometre-brassard-bm28-beurer.jpg","datePublished":"2024-06-28T13:56:37+00:00","dateModified":"2024-06-28T13:56:42+00:00","breadcrumb":{"@id":"https:\/\/orthopara.store\/index.php\/produit\/tensiometre-brassard-bm28-beurer\/#breadcrumb"},"inLanguage":"fr-FR","potentialAction":[{"@type":"ReadAction","target":["https:\/\/orthopara.store\/index.php\/produit\/tensiometre-brassard-bm28-beurer\/"]}]},{"@type":"ImageObject","inLanguage":"fr-FR","@id":"https:\/\/orthopara.store\/index.php\/produit\/tensiometre-brassard-bm28-beurer\/#primaryimage","url":"https:\/\/orthopara.store\/wp-content\/uploads\/2024\/06\/tensiometre-brassard-bm28-beurer.jpg","contentUrl":"https:\/\/orthopara.store\/wp-content\/uploads\/2024\/06\/tensiometre-brassard-bm28-beurer.jpg","width":800,"height":800},{"@type":"BreadcrumbList","@id":"https:\/\/orthopara.store\/index.php\/produit\/tensiometre-brassard-bm28-beurer\/#breadcrumb","itemListElement":[{"@type":"ListItem","position":1,"name":"Accueil","item":"https:\/\/orthopara.store\/"},{"@type":"ListItem","position":2,"name":"Shop","item":"https:\/\/orthopara.store\/?page_id=622"},{"@type":"ListItem","position":3,"name":"Tensiom\u00e8tre Brassard BM28 &#8211; Beurer"}]},{"@type":"WebSite","@id":"https:\/\/orthopara.store\/#website","url":"https:\/\/orthopara.store\/","name":"OrthoPara","description":"Parapharmacie","publisher":{"@id":"https:\/\/orthopara.store\/#organization"},"potentialAction":[{"@type":"SearchAction","target":{"@type":"EntryPoint","urlTemplate":"https:\/\/orthopara.store\/?s={search_term_string}"},"query-input":"required name=search_term_string"}],"inLanguage":"fr-FR"},{"@type":"Organization","@id":"https:\/\/orthopara.store\/#organization","name":"OrthoPara","url":"https:\/\/orthopara.store\/","logo":{"@type":"ImageObject","inLanguage":"fr-FR","@id":"https:\/\/orthopara.store\/#\/schema\/logo\/image\/","url":"https:\/\/orthopara.store\/wp-content\/uploads\/2024\/06\/cropped-9ABA8BAD-6256-4719-9315-15C66E64E882.png","contentUrl":"https:\/\/orthopara.store\/wp-content\/uploads\/2024\/06\/cropped-9ABA8BAD-6256-4719-9315-15C66E64E882.png","width":240,"height":72,"caption":"OrthoPara"},"image":{"@id":"https:\/\/orthopara.store\/#\/schema\/logo\/image\/"},"sameAs":["https:\/\/www.facebook.com\/profile.php?id=61561194315651","https:\/\/www.instagram.com\/orthopara_tunisie\/"]}]}},"jetpack_sharing_enabled":true,"brands":[{"id":93,"name":"Beurer","slug":"beurer"}],"_links":{"self":[{"href":"https:\/\/orthopara.store\/index.php?rest_route=\/wp\/v2\/product\/2041","targetHints":{"allow":["GET"]}}],"collection":[{"href":"https:\/\/orthopara.store\/index.php?rest_route=\/wp\/v2\/product"}],"about":[{"href":"https:\/\/orthopara.store\/index.php?rest_route=\/wp\/v2\/types\/product"}],"replies":[{"embeddable":true,"href":"https:\/\/orthopara.store\/index.php?rest_route=%2Fwp%2Fv2%2Fcomments&post=2041"}],"wp:featuredmedia":[{"embeddable":true,"href":"https:\/\/orthopara.store\/index.php?rest_route=\/wp\/v2\/media\/2056"}],"wp:attachment":[{"href":"https:\/\/orthopara.store\/index.php?rest_route=%2Fwp%2Fv2%2Fmedia&parent=2041"}],"wp:term":[{"taxonomy":"pwb-brand","embeddable":true,"href":"https:\/\/orthopara.store\/index.php?rest_route=%2Fwp%2Fv2%2Fpwb-brand&post=2041"},{"taxonomy":"product_cat","embeddable":true,"href":"https:\/\/orthopara.store\/index.php?rest_route=%2Fwp%2Fv2%2Fproduct_cat&post=2041"},{"taxonomy":"product_tag","embeddable":true,"href":"https:\/\/orthopara.store\/index.php?rest_route=%2Fwp%2Fv2%2Fproduct_tag&post=2041"}],"curies":[{"name":"wp","href":"https:\/\/api.w.org\/{rel}","templated":true}]}}